{"id":61490,"date":"2026-03-17T02:30:05","date_gmt":"2026-03-16T23:30:05","guid":{"rendered":"https:\/\/ranoja.ee\/toode\/kompressor-hc500-50l-scheppach\/"},"modified":"2026-03-17T15:37:08","modified_gmt":"2026-03-17T12:37:08","slug":"kompressor-hc500-50l-scheppach","status":"publish","type":"product","link":"https:\/\/ranoja.ee\/en\/toode\/kompressor-hc500-50l-scheppach\/","title":{"rendered":"Kompressor HC500 \/ 50L, Scheppach"},"content":{"rendered":"","protected":false},"excerpt":{"rendered":"<p>V\u00f5imas HC500 kahetsilindriline kompressor t\u00e4idab oma 50-liitrise paagi v\u00e4ga l\u00fchikese ajaga t\u00e4nu 412 l\/min sisselaskev\u00f5imsusele. Kaks eraldi manomeetriga suru\u00f5hu v\u00e4ljav\u00f5tet v\u00f5imaldavad kiiret t\u00f6\u00f6riistavahetust. See teeb sellest praktilise abilise nii hobikasutajale kui ka professionaalile erinevateks t\u00f6\u00f6deks t\u00f6\u00f6kojas, garaa\u017eis ja ehitusobjektil.<\/p>\n<p>\u2022 Kahe silindriga s\u00fcsteem tagab v\u00f5imsa 412 l\/min sisselaskev\u00f5imsuse<br \/>\n\u2022 Maksimaalne t\u00f6\u00f6r\u00f5hk 10 bar<br \/>\n\u2022 V\u00f5imas 3,0 hj mootor<br \/>\n\u2022 50 L paak<br \/>\n\u2022 R\u00f5huregulaator t\u00f6\u00f6r\u00f5hu optimaalseks seadistamiseks<br \/>\n\u2022 \u00dchendus tavap\u00e4rase 230 V vooluv\u00f5rguga<br \/>\n\u2022 2 kiir\u00fchendust kiireks t\u00f6\u00f6riistavahetuseks<br \/>\n\u2022 Transpordirattad lihtsaks liigutamiseks<br \/>\n\u2022 Vibratsioonisummutavad kummist jalad stabiilseks ja libisemiskindlaks paigutamiseks<\/p>\n","protected":false},"featured_media":61491,"template":"","meta":{"inline_featured_image":false},"product_cat":[5254,5136],"product_tag":[],"class_list":{"0":"post-61490","1":"product","2":"type-product","3":"status-publish","4":"has-post-thumbnail","6":"product_brand-scheppach","7":"product_cat-kolbkompressorid","8":"product_cat-suruohutooriistad-ja-kompressorid","10":"first","11":"instock","12":"purchasable","13":"product-type-simple"},"yoast_head":"<!-- This site is optimized with the Yoast SEO plugin v27.4 - https:\/\/yoast.com\/product\/yoast-seo-wordpress\/ -->\n<title>Kompressor HC500 \/ 50L, Scheppach - Ranoja<\/title>\n<meta name=\"robots\" content=\"index, follow, max-snippet:-1, max-image-preview:large, max-video-preview:-1\" \/>\n<link rel=\"canonical\" href=\"https:\/\/ranoja.ee\/toode\/kompressor-hc500-50l-scheppach\/\" \/>\n<meta property=\"og:locale\" content=\"en_US\" \/>\n<meta property=\"og:type\" content=\"article\" \/>\n<meta property=\"og:title\" content=\"Kompressor HC500 \/ 50L, Scheppach - Ranoja\" \/>\n<meta property=\"og:description\" content=\"V\u00f5imas HC500 kahetsilindriline kompressor t\u00e4idab oma 50-liitrise paagi v\u00e4ga l\u00fchikese ajaga t\u00e4nu 412 l\/min sisselaskev\u00f5imsusele. Kaks eraldi manomeetriga suru\u00f5hu v\u00e4ljav\u00f5tet v\u00f5imaldavad kiiret t\u00f6\u00f6riistavahetust. See teeb sellest praktilise abilise nii hobikasutajale kui ka professionaalile erinevateks t\u00f6\u00f6deks t\u00f6\u00f6kojas, garaa\u017eis ja ehitusobjektil. \u2022 Kahe silindriga s\u00fcsteem tagab v\u00f5imsa 412 l\/min sisselaskev\u00f5imsuse \u2022 Maksimaalne t\u00f6\u00f6r\u00f5hk 10 bar \u2022 V\u00f5imas 3,0 hj mootor \u2022 50 L paak \u2022 R\u00f5huregulaator t\u00f6\u00f6r\u00f5hu optimaalseks seadistamiseks \u2022 \u00dchendus tavap\u00e4rase 230 V vooluv\u00f5rguga \u2022 2 kiir\u00fchendust kiireks t\u00f6\u00f6riistavahetuseks \u2022 Transpordirattad lihtsaks liigutamiseks \u2022 Vibratsioonisummutavad kummist jalad stabiilseks ja libisemiskindlaks paigutamiseks\" \/>\n<meta property=\"og:url\" content=\"https:\/\/ranoja.ee\/toode\/kompressor-hc500-50l-scheppach\/\" \/>\n<meta property=\"og:site_name\" content=\"Ranoja\" \/>\n<meta property=\"article:publisher\" content=\"https:\/\/www.facebook.com\/ranoja.ee\" \/>\n<meta property=\"article:modified_time\" content=\"2026-03-17T12:37:08+00:00\" \/>\n<meta property=\"og:image\" content=\"https:\/\/ranoja.ee\/wp-content\/uploads\/2026\/03\/5638735872.jpg\" \/>\n\t<meta property=\"og:image:width\" content=\"900\" \/>\n\t<meta property=\"og:image:height\" content=\"900\" \/>\n\t<meta property=\"og:image:type\" content=\"image\/jpeg\" \/>\n<meta name=\"twitter:card\" content=\"summary_large_image\" \/>\n<script type=\"application\/ld+json\" class=\"yoast-schema-graph\">{\"@context\":\"https:\\\/\\\/schema.org\",\"@graph\":[{\"@type\":\"WebPage\",\"@id\":\"https:\\\/\\\/ranoja.ee\\\/toode\\\/kompressor-hc500-50l-scheppach\\\/\",\"url\":\"https:\\\/\\\/ranoja.ee\\\/toode\\\/kompressor-hc500-50l-scheppach\\\/\",\"name\":\"Kompressor HC500 \\\/ 50L, Scheppach - Ranoja\",\"isPartOf\":{\"@id\":\"https:\\\/\\\/ranoja.ee\\\/#website\"},\"primaryImageOfPage\":{\"@id\":\"https:\\\/\\\/ranoja.ee\\\/toode\\\/kompressor-hc500-50l-scheppach\\\/#primaryimage\"},\"image\":{\"@id\":\"https:\\\/\\\/ranoja.ee\\\/toode\\\/kompressor-hc500-50l-scheppach\\\/#primaryimage\"},\"thumbnailUrl\":\"https:\\\/\\\/ranoja.ee\\\/wp-content\\\/uploads\\\/2026\\\/03\\\/5638735872.jpg\",\"datePublished\":\"2026-03-16T23:30:05+00:00\",\"dateModified\":\"2026-03-17T12:37:08+00:00\",\"breadcrumb\":{\"@id\":\"https:\\\/\\\/ranoja.ee\\\/toode\\\/kompressor-hc500-50l-scheppach\\\/#breadcrumb\"},\"inLanguage\":\"en-US\",\"potentialAction\":[{\"@type\":\"ReadAction\",\"target\":[\"https:\\\/\\\/ranoja.ee\\\/toode\\\/kompressor-hc500-50l-scheppach\\\/\"]}]},{\"@type\":\"ImageObject\",\"inLanguage\":\"en-US\",\"@id\":\"https:\\\/\\\/ranoja.ee\\\/toode\\\/kompressor-hc500-50l-scheppach\\\/#primaryimage\",\"url\":\"https:\\\/\\\/ranoja.ee\\\/wp-content\\\/uploads\\\/2026\\\/03\\\/5638735872.jpg\",\"contentUrl\":\"https:\\\/\\\/ranoja.ee\\\/wp-content\\\/uploads\\\/2026\\\/03\\\/5638735872.jpg\",\"width\":900,\"height\":900},{\"@type\":\"BreadcrumbList\",\"@id\":\"https:\\\/\\\/ranoja.ee\\\/toode\\\/kompressor-hc500-50l-scheppach\\\/#breadcrumb\",\"itemListElement\":[{\"@type\":\"ListItem\",\"position\":1,\"name\":\"Home\",\"item\":\"https:\\\/\\\/ranoja.ee\\\/\"},{\"@type\":\"ListItem\",\"position\":2,\"name\":\"Shop\",\"item\":\"https:\\\/\\\/ranoja.ee\\\/en\\\/shop\\\/\"},{\"@type\":\"ListItem\",\"position\":3,\"name\":\"Kompressor HC500 \\\/ 50L, Scheppach\"}]},{\"@type\":\"WebSite\",\"@id\":\"https:\\\/\\\/ranoja.ee\\\/#website\",\"url\":\"https:\\\/\\\/ranoja.ee\\\/\",\"name\":\"Ranoja\",\"description\":\"Equipment Shop WooCommerce WordPress Theme for Machine &amp; Tools\",\"publisher\":{\"@id\":\"https:\\\/\\\/ranoja.ee\\\/#organization\"},\"potentialAction\":[{\"@type\":\"SearchAction\",\"target\":{\"@type\":\"EntryPoint\",\"urlTemplate\":\"https:\\\/\\\/ranoja.ee\\\/?s={search_term_string}\"},\"query-input\":{\"@type\":\"PropertyValueSpecification\",\"valueRequired\":true,\"valueName\":\"search_term_string\"}}],\"inLanguage\":\"en-US\"},{\"@type\":\"Organization\",\"@id\":\"https:\\\/\\\/ranoja.ee\\\/#organization\",\"name\":\"Ranoja O\u00dc\",\"url\":\"https:\\\/\\\/ranoja.ee\\\/\",\"logo\":{\"@type\":\"ImageObject\",\"inLanguage\":\"en-US\",\"@id\":\"https:\\\/\\\/ranoja.ee\\\/#\\\/schema\\\/logo\\\/image\\\/\",\"url\":\"https:\\\/\\\/ranoja.ee\\\/wp-content\\\/uploads\\\/2023\\\/11\\\/ranoja-Logo.png\",\"contentUrl\":\"https:\\\/\\\/ranoja.ee\\\/wp-content\\\/uploads\\\/2023\\\/11\\\/ranoja-Logo.png\",\"width\":207,\"height\":58,\"caption\":\"Ranoja O\u00dc\"},\"image\":{\"@id\":\"https:\\\/\\\/ranoja.ee\\\/#\\\/schema\\\/logo\\\/image\\\/\"},\"sameAs\":[\"https:\\\/\\\/www.facebook.com\\\/ranoja.ee\",\"https:\\\/\\\/www.instagram.com\\\/ranoja__\\\/\"]}]}<\/script>\n<!-- \/ Yoast SEO plugin. -->","yoast_head_json":{"title":"Kompressor HC500 \/ 50L, Scheppach - Ranoja","robots":{"index":"index","follow":"follow","max-snippet":"max-snippet:-1","max-image-preview":"max-image-preview:large","max-video-preview":"max-video-preview:-1"},"canonical":"https:\/\/ranoja.ee\/toode\/kompressor-hc500-50l-scheppach\/","og_locale":"en_US","og_type":"article","og_title":"Kompressor HC500 \/ 50L, Scheppach - Ranoja","og_description":"V\u00f5imas HC500 kahetsilindriline kompressor t\u00e4idab oma 50-liitrise paagi v\u00e4ga l\u00fchikese ajaga t\u00e4nu 412 l\/min sisselaskev\u00f5imsusele. Kaks eraldi manomeetriga suru\u00f5hu v\u00e4ljav\u00f5tet v\u00f5imaldavad kiiret t\u00f6\u00f6riistavahetust. See teeb sellest praktilise abilise nii hobikasutajale kui ka professionaalile erinevateks t\u00f6\u00f6deks t\u00f6\u00f6kojas, garaa\u017eis ja ehitusobjektil. \u2022 Kahe silindriga s\u00fcsteem tagab v\u00f5imsa 412 l\/min sisselaskev\u00f5imsuse \u2022 Maksimaalne t\u00f6\u00f6r\u00f5hk 10 bar \u2022 V\u00f5imas 3,0 hj mootor \u2022 50 L paak \u2022 R\u00f5huregulaator t\u00f6\u00f6r\u00f5hu optimaalseks seadistamiseks \u2022 \u00dchendus tavap\u00e4rase 230 V vooluv\u00f5rguga \u2022 2 kiir\u00fchendust kiireks t\u00f6\u00f6riistavahetuseks \u2022 Transpordirattad lihtsaks liigutamiseks \u2022 Vibratsioonisummutavad kummist jalad stabiilseks ja libisemiskindlaks paigutamiseks","og_url":"https:\/\/ranoja.ee\/toode\/kompressor-hc500-50l-scheppach\/","og_site_name":"Ranoja","article_publisher":"https:\/\/www.facebook.com\/ranoja.ee","article_modified_time":"2026-03-17T12:37:08+00:00","og_image":[{"width":900,"height":900,"url":"https:\/\/ranoja.ee\/wp-content\/uploads\/2026\/03\/5638735872.jpg","type":"image\/jpeg"}],"twitter_card":"summary_large_image","schema":{"@context":"https:\/\/schema.org","@graph":[{"@type":"WebPage","@id":"https:\/\/ranoja.ee\/toode\/kompressor-hc500-50l-scheppach\/","url":"https:\/\/ranoja.ee\/toode\/kompressor-hc500-50l-scheppach\/","name":"Kompressor HC500 \/ 50L, Scheppach - Ranoja","isPartOf":{"@id":"https:\/\/ranoja.ee\/#website"},"primaryImageOfPage":{"@id":"https:\/\/ranoja.ee\/toode\/kompressor-hc500-50l-scheppach\/#primaryimage"},"image":{"@id":"https:\/\/ranoja.ee\/toode\/kompressor-hc500-50l-scheppach\/#primaryimage"},"thumbnailUrl":"https:\/\/ranoja.ee\/wp-content\/uploads\/2026\/03\/5638735872.jpg","datePublished":"2026-03-16T23:30:05+00:00","dateModified":"2026-03-17T12:37:08+00:00","breadcrumb":{"@id":"https:\/\/ranoja.ee\/toode\/kompressor-hc500-50l-scheppach\/#breadcrumb"},"inLanguage":"en-US","potentialAction":[{"@type":"ReadAction","target":["https:\/\/ranoja.ee\/toode\/kompressor-hc500-50l-scheppach\/"]}]},{"@type":"ImageObject","inLanguage":"en-US","@id":"https:\/\/ranoja.ee\/toode\/kompressor-hc500-50l-scheppach\/#primaryimage","url":"https:\/\/ranoja.ee\/wp-content\/uploads\/2026\/03\/5638735872.jpg","contentUrl":"https:\/\/ranoja.ee\/wp-content\/uploads\/2026\/03\/5638735872.jpg","width":900,"height":900},{"@type":"BreadcrumbList","@id":"https:\/\/ranoja.ee\/toode\/kompressor-hc500-50l-scheppach\/#breadcrumb","itemListElement":[{"@type":"ListItem","position":1,"name":"Home","item":"https:\/\/ranoja.ee\/"},{"@type":"ListItem","position":2,"name":"Shop","item":"https:\/\/ranoja.ee\/en\/shop\/"},{"@type":"ListItem","position":3,"name":"Kompressor HC500 \/ 50L, Scheppach"}]},{"@type":"WebSite","@id":"https:\/\/ranoja.ee\/#website","url":"https:\/\/ranoja.ee\/","name":"Ranoja","description":"Equipment Shop WooCommerce WordPress Theme for Machine &amp; Tools","publisher":{"@id":"https:\/\/ranoja.ee\/#organization"},"potentialAction":[{"@type":"SearchAction","target":{"@type":"EntryPoint","urlTemplate":"https:\/\/ranoja.ee\/?s={search_term_string}"},"query-input":{"@type":"PropertyValueSpecification","valueRequired":true,"valueName":"search_term_string"}}],"inLanguage":"en-US"},{"@type":"Organization","@id":"https:\/\/ranoja.ee\/#organization","name":"Ranoja O\u00dc","url":"https:\/\/ranoja.ee\/","logo":{"@type":"ImageObject","inLanguage":"en-US","@id":"https:\/\/ranoja.ee\/#\/schema\/logo\/image\/","url":"https:\/\/ranoja.ee\/wp-content\/uploads\/2023\/11\/ranoja-Logo.png","contentUrl":"https:\/\/ranoja.ee\/wp-content\/uploads\/2023\/11\/ranoja-Logo.png","width":207,"height":58,"caption":"Ranoja O\u00dc"},"image":{"@id":"https:\/\/ranoja.ee\/#\/schema\/logo\/image\/"},"sameAs":["https:\/\/www.facebook.com\/ranoja.ee","https:\/\/www.instagram.com\/ranoja__\/"]}]}},"_links":{"self":[{"href":"https:\/\/ranoja.ee\/en\/wp-json\/wp\/v2\/product\/61490","targetHints":{"allow":["GET"]}}],"collection":[{"href":"https:\/\/ranoja.ee\/en\/wp-json\/wp\/v2\/product"}],"about":[{"href":"https:\/\/ranoja.ee\/en\/wp-json\/wp\/v2\/types\/product"}],"wp:featuredmedia":[{"embeddable":true,"href":"https:\/\/ranoja.ee\/en\/wp-json\/wp\/v2\/media\/61491"}],"wp:attachment":[{"href":"https:\/\/ranoja.ee\/en\/wp-json\/wp\/v2\/media?parent=61490"}],"wp:term":[{"taxonomy":"product_cat","embeddable":true,"href":"https:\/\/ranoja.ee\/en\/wp-json\/wp\/v2\/product_cat?post=61490"},{"taxonomy":"product_tag","embeddable":true,"href":"https:\/\/ranoja.ee\/en\/wp-json\/wp\/v2\/product_tag?post=61490"}],"curies":[{"name":"wp","href":"https:\/\/api.w.org\/{rel}","templated":true}]}}