{"id":61488,"date":"2026-03-17T02:30:05","date_gmt":"2026-03-16T23:30:05","guid":{"rendered":"https:\/\/ranoja.ee\/toode\/ristjoonlaser-lax-500-g-roheline-kiir-komplekt-stabila\/"},"modified":"2026-03-17T15:37:08","modified_gmt":"2026-03-17T12:37:08","slug":"ristjoonlaser-lax-500-g-roheline-kiir-komplekt-stabila","status":"publish","type":"product","link":"https:\/\/ranoja.ee\/en\/toode\/ristjoonlaser-lax-500-g-roheline-kiir-komplekt-stabila\/","title":{"rendered":"Ristjoonlaser LAX 500 G, roheline kiir komplekt, Stabila"},"content":{"rendered":"","protected":false},"excerpt":{"rendered":"<p>Avasta v\u00f5imas LAX 500 G \u2013 ristjoonlaser loodijoone punktidega ja kaasaegse akutehnoloogiaga. See professionaalne laser on varustatud uuendusliku GREENBEAM-tehnoloogiaga, mis loob \u00fcliteravad jooned ja v\u00f5imaldab k\u00f5rguste \u00fclekandmist v\u00f5i telgede joondamist kuni 40 m ulatuses. K\u00e4sitsi re\u017eiimis saab laseri paigutada soovitud kalde alla, h\u00e4sti l\u00e4bim\u00f5eldud tarvikud muudavad selle eriti mitmek\u00fclgseks. Protector System tagab laseri optika maksimaalse kaitse. STABILA \u2013 lihtsalt t\u00f5hus!<br \/>\nToote eelised<br \/>\nCAS 12 V akutoitel, isenivelleeruv ristjoonlaser loodijoone punktidega horisontaalsel ja vertikaalsel tasapinnal t\u00f6\u00f6tamiseks.<br \/>\nGREENBEAM-tehnoloogia: teravad ja h\u00e4sti n\u00e4htavad jooned kuni 40 m.<br \/>\nV\u00f5imsad dioodid: vertikaalne joon katab peaaegu kogu ruumi.<br \/>\nK\u00e4sitsi re\u017eiim: laseri paigutamine soovitud kalde alla lukustatud pendliga.<br \/>\nImpulsiga moduleeritud jooned: \u00fchilduvad lisavarustusena saadaval vastuv\u00f5tjatega.<br \/>\nPikk t\u00f6\u00f6aeg: 12 V LI POWER 2.0 Ah CAS aku kuni 20 tunniks.<br \/>\nL\u00fchike laadimisaeg: kiire laadimine maksimaalselt 45 minutiga.<br \/>\nProtector System: p\u00f5rutuskindel pehme korpus, p\u00f6\u00f6ratav kate ja kaitseliugur kaitsevad optikat.<br \/>\nKinnituv alus v\u00f5imaldab t\u00f6\u00f6d otse U-profiilidel.<br \/>\nPaindlik paigutus: 1\/4&#8243; keere, haruldaste muldmetallide magnetid ja seinakinnitus.<br \/>\nTugev kandekohver.<br \/>\nKaitseklass: IP 54 (ilma akuta).<br \/>\nKasutusn\u00e4ited<br \/>\nKipsplaadit\u00f6\u00f6d: lagede riputamine, m\u00e4rgistuste \u00fclekandmine p\u00f5randalt laeni, profiilide joondamine, vaheseinte paigaldamine.<br \/>\nPlaatimist\u00f6\u00f6d: tagaseinte, p\u00f5randa- ja seinaplaatide joondamine ja paigaldamine.<br \/>\nElektripaigaldised: l\u00fclitite ja pistikupesade m\u00e4rkimine, kaablikanalite joondamine, valgustite paigaldamine.<br \/>\nPaigaldust\u00f6\u00f6d: toruklambrite joondamine, k\u00fctte- ja muude torustike paigaldamine, radiaatorite ja sanitaarseadmete paigaldus.<br \/>\nPuusepat\u00f6\u00f6d: k\u00f6\u00f6gikappide paigaldamine, t\u00f6\u00f6pindade joondamine.<br \/>\nAkende paigaldus: akende k\u00f5rguse nivelleerimine.<br \/>\nTehnilised andmed<br \/>\nLaseriklass: 2<br \/>\nLainepikkus: 510\u2013530 nm<br \/>\nIsejoondamise ulatus: \u00b15\u00b0<br \/>\nT\u00e4psus: \u00b10,30 mm\/m<br \/>\nN\u00e4htava joone t\u00f6\u00f6ulatus: 40 m<br \/>\nKaitseklass: IP 54<br \/>\nStatiivikeere: 1\/4&#8243;<br \/>\nKomplekt<br \/>\nLAX 500 G, 7-osaline komplekt: laser LAX 500 G, 12 V Li-Power 2.0 Ah CAS aku, SC 30 CAS laadija, SLB 500 alus, SWB 10 seinakinnitus, sihtplaat, kandekohver<\/p>\n","protected":false},"featured_media":61489,"template":"","meta":{"inline_featured_image":false},"product_cat":[5332,5099,5331],"product_tag":[],"class_list":{"0":"post-61488","1":"product","2":"type-product","3":"status-publish","4":"has-post-thumbnail","6":"product_brand-stabila","7":"product_cat-lasernivelliirid","8":"product_cat-marke-ja-mooteriistad","9":"product_cat-nivelliirid","11":"first","12":"instock","13":"purchasable","14":"product-type-simple"},"yoast_head":"<!-- This site is optimized with the Yoast SEO plugin v27.4 - https:\/\/yoast.com\/product\/yoast-seo-wordpress\/ -->\n<title>Ristjoonlaser LAX 500 G, roheline kiir komplekt, Stabila - Ranoja<\/title>\n<meta name=\"robots\" content=\"index, follow, max-snippet:-1, max-image-preview:large, max-video-preview:-1\" \/>\n<link rel=\"canonical\" href=\"https:\/\/ranoja.ee\/toode\/ristjoonlaser-lax-500-g-roheline-kiir-komplekt-stabila\/\" \/>\n<meta property=\"og:locale\" content=\"en_US\" \/>\n<meta property=\"og:type\" content=\"article\" \/>\n<meta property=\"og:title\" content=\"Ristjoonlaser LAX 500 G, roheline kiir komplekt, Stabila - Ranoja\" \/>\n<meta property=\"og:description\" content=\"Avasta v\u00f5imas LAX 500 G \u2013 ristjoonlaser loodijoone punktidega ja kaasaegse akutehnoloogiaga. See professionaalne laser on varustatud uuendusliku GREENBEAM-tehnoloogiaga, mis loob \u00fcliteravad jooned ja v\u00f5imaldab k\u00f5rguste \u00fclekandmist v\u00f5i telgede joondamist kuni 40 m ulatuses. K\u00e4sitsi re\u017eiimis saab laseri paigutada soovitud kalde alla, h\u00e4sti l\u00e4bim\u00f5eldud tarvikud muudavad selle eriti mitmek\u00fclgseks. Protector System tagab laseri optika maksimaalse kaitse. STABILA \u2013 lihtsalt t\u00f5hus! Toote eelised CAS 12 V akutoitel, isenivelleeruv ristjoonlaser loodijoone punktidega horisontaalsel ja vertikaalsel tasapinnal t\u00f6\u00f6tamiseks. GREENBEAM-tehnoloogia: teravad ja h\u00e4sti n\u00e4htavad jooned kuni 40 m. V\u00f5imsad dioodid: vertikaalne joon katab peaaegu kogu ruumi. K\u00e4sitsi re\u017eiim: laseri paigutamine soovitud kalde alla lukustatud pendliga. Impulsiga moduleeritud jooned: \u00fchilduvad lisavarustusena saadaval vastuv\u00f5tjatega. Pikk t\u00f6\u00f6aeg: 12 V LI POWER 2.0 Ah CAS aku kuni 20 tunniks. L\u00fchike laadimisaeg: kiire laadimine maksimaalselt 45 minutiga. Protector System: p\u00f5rutuskindel pehme korpus, p\u00f6\u00f6ratav kate ja kaitseliugur kaitsevad optikat. Kinnituv alus v\u00f5imaldab t\u00f6\u00f6d otse U-profiilidel. Paindlik paigutus: 1\/4&quot; keere, haruldaste muldmetallide magnetid ja seinakinnitus. Tugev kandekohver. Kaitseklass: IP 54 (ilma akuta). Kasutusn\u00e4ited Kipsplaadit\u00f6\u00f6d: lagede riputamine, m\u00e4rgistuste \u00fclekandmine p\u00f5randalt laeni, profiilide joondamine, vaheseinte paigaldamine. Plaatimist\u00f6\u00f6d: tagaseinte, p\u00f5randa- ja seinaplaatide joondamine ja paigaldamine. Elektripaigaldised: l\u00fclitite ja pistikupesade m\u00e4rkimine, kaablikanalite joondamine, valgustite paigaldamine. Paigaldust\u00f6\u00f6d: toruklambrite joondamine, k\u00fctte- ja muude torustike paigaldamine, radiaatorite ja sanitaarseadmete paigaldus. Puusepat\u00f6\u00f6d: k\u00f6\u00f6gikappide paigaldamine, t\u00f6\u00f6pindade joondamine. Akende paigaldus: akende k\u00f5rguse nivelleerimine. Tehnilised andmed Laseriklass: 2 Lainepikkus: 510\u2013530 nm Isejoondamise ulatus: \u00b15\u00b0 T\u00e4psus: \u00b10,30 mm\/m N\u00e4htava joone t\u00f6\u00f6ulatus: 40 m Kaitseklass: IP 54 Statiivikeere: 1\/4&quot; Komplekt LAX 500 G, 7-osaline komplekt: laser LAX 500 G, 12 V Li-Power 2.0 Ah CAS aku, SC 30 CAS laadija, SLB 500 alus, SWB 10 seinakinnitus, sihtplaat, kandekohver\" \/>\n<meta property=\"og:url\" content=\"https:\/\/ranoja.ee\/toode\/ristjoonlaser-lax-500-g-roheline-kiir-komplekt-stabila\/\" \/>\n<meta property=\"og:site_name\" content=\"Ranoja\" \/>\n<meta property=\"article:publisher\" content=\"https:\/\/www.facebook.com\/ranoja.ee\" \/>\n<meta property=\"article:modified_time\" content=\"2026-03-17T12:37:08+00:00\" \/>\n<meta property=\"og:image\" content=\"https:\/\/ranoja.ee\/wp-content\/uploads\/2026\/03\/5638457509.jpg\" \/>\n\t<meta property=\"og:image:width\" content=\"900\" \/>\n\t<meta property=\"og:image:height\" content=\"552\" \/>\n\t<meta property=\"og:image:type\" content=\"image\/jpeg\" \/>\n<meta name=\"twitter:card\" content=\"summary_large_image\" \/>\n<script type=\"application\/ld+json\" class=\"yoast-schema-graph\">{\"@context\":\"https:\\\/\\\/schema.org\",\"@graph\":[{\"@type\":\"WebPage\",\"@id\":\"https:\\\/\\\/ranoja.ee\\\/toode\\\/ristjoonlaser-lax-500-g-roheline-kiir-komplekt-stabila\\\/\",\"url\":\"https:\\\/\\\/ranoja.ee\\\/toode\\\/ristjoonlaser-lax-500-g-roheline-kiir-komplekt-stabila\\\/\",\"name\":\"Ristjoonlaser LAX 500 G, roheline kiir komplekt, Stabila - Ranoja\",\"isPartOf\":{\"@id\":\"https:\\\/\\\/ranoja.ee\\\/#website\"},\"primaryImageOfPage\":{\"@id\":\"https:\\\/\\\/ranoja.ee\\\/toode\\\/ristjoonlaser-lax-500-g-roheline-kiir-komplekt-stabila\\\/#primaryimage\"},\"image\":{\"@id\":\"https:\\\/\\\/ranoja.ee\\\/toode\\\/ristjoonlaser-lax-500-g-roheline-kiir-komplekt-stabila\\\/#primaryimage\"},\"thumbnailUrl\":\"https:\\\/\\\/ranoja.ee\\\/wp-content\\\/uploads\\\/2026\\\/03\\\/5638457509.jpg\",\"datePublished\":\"2026-03-16T23:30:05+00:00\",\"dateModified\":\"2026-03-17T12:37:08+00:00\",\"breadcrumb\":{\"@id\":\"https:\\\/\\\/ranoja.ee\\\/toode\\\/ristjoonlaser-lax-500-g-roheline-kiir-komplekt-stabila\\\/#breadcrumb\"},\"inLanguage\":\"en-US\",\"potentialAction\":[{\"@type\":\"ReadAction\",\"target\":[\"https:\\\/\\\/ranoja.ee\\\/toode\\\/ristjoonlaser-lax-500-g-roheline-kiir-komplekt-stabila\\\/\"]}]},{\"@type\":\"ImageObject\",\"inLanguage\":\"en-US\",\"@id\":\"https:\\\/\\\/ranoja.ee\\\/toode\\\/ristjoonlaser-lax-500-g-roheline-kiir-komplekt-stabila\\\/#primaryimage\",\"url\":\"https:\\\/\\\/ranoja.ee\\\/wp-content\\\/uploads\\\/2026\\\/03\\\/5638457509.jpg\",\"contentUrl\":\"https:\\\/\\\/ranoja.ee\\\/wp-content\\\/uploads\\\/2026\\\/03\\\/5638457509.jpg\",\"width\":900,\"height\":552},{\"@type\":\"BreadcrumbList\",\"@id\":\"https:\\\/\\\/ranoja.ee\\\/toode\\\/ristjoonlaser-lax-500-g-roheline-kiir-komplekt-stabila\\\/#breadcrumb\",\"itemListElement\":[{\"@type\":\"ListItem\",\"position\":1,\"name\":\"Home\",\"item\":\"https:\\\/\\\/ranoja.ee\\\/\"},{\"@type\":\"ListItem\",\"position\":2,\"name\":\"Shop\",\"item\":\"https:\\\/\\\/ranoja.ee\\\/en\\\/shop\\\/\"},{\"@type\":\"ListItem\",\"position\":3,\"name\":\"Ristjoonlaser LAX 500 G, roheline kiir komplekt, Stabila\"}]},{\"@type\":\"WebSite\",\"@id\":\"https:\\\/\\\/ranoja.ee\\\/#website\",\"url\":\"https:\\\/\\\/ranoja.ee\\\/\",\"name\":\"Ranoja\",\"description\":\"Equipment Shop WooCommerce WordPress Theme for Machine &amp; Tools\",\"publisher\":{\"@id\":\"https:\\\/\\\/ranoja.ee\\\/#organization\"},\"potentialAction\":[{\"@type\":\"SearchAction\",\"target\":{\"@type\":\"EntryPoint\",\"urlTemplate\":\"https:\\\/\\\/ranoja.ee\\\/?s={search_term_string}\"},\"query-input\":{\"@type\":\"PropertyValueSpecification\",\"valueRequired\":true,\"valueName\":\"search_term_string\"}}],\"inLanguage\":\"en-US\"},{\"@type\":\"Organization\",\"@id\":\"https:\\\/\\\/ranoja.ee\\\/#organization\",\"name\":\"Ranoja O\u00dc\",\"url\":\"https:\\\/\\\/ranoja.ee\\\/\",\"logo\":{\"@type\":\"ImageObject\",\"inLanguage\":\"en-US\",\"@id\":\"https:\\\/\\\/ranoja.ee\\\/#\\\/schema\\\/logo\\\/image\\\/\",\"url\":\"https:\\\/\\\/ranoja.ee\\\/wp-content\\\/uploads\\\/2023\\\/11\\\/ranoja-Logo.png\",\"contentUrl\":\"https:\\\/\\\/ranoja.ee\\\/wp-content\\\/uploads\\\/2023\\\/11\\\/ranoja-Logo.png\",\"width\":207,\"height\":58,\"caption\":\"Ranoja O\u00dc\"},\"image\":{\"@id\":\"https:\\\/\\\/ranoja.ee\\\/#\\\/schema\\\/logo\\\/image\\\/\"},\"sameAs\":[\"https:\\\/\\\/www.facebook.com\\\/ranoja.ee\",\"https:\\\/\\\/www.instagram.com\\\/ranoja__\\\/\"]}]}<\/script>\n<!-- \/ Yoast SEO plugin. -->","yoast_head_json":{"title":"Ristjoonlaser LAX 500 G, roheline kiir komplekt, Stabila - Ranoja","robots":{"index":"index","follow":"follow","max-snippet":"max-snippet:-1","max-image-preview":"max-image-preview:large","max-video-preview":"max-video-preview:-1"},"canonical":"https:\/\/ranoja.ee\/toode\/ristjoonlaser-lax-500-g-roheline-kiir-komplekt-stabila\/","og_locale":"en_US","og_type":"article","og_title":"Ristjoonlaser LAX 500 G, roheline kiir komplekt, Stabila - Ranoja","og_description":"Avasta v\u00f5imas LAX 500 G \u2013 ristjoonlaser loodijoone punktidega ja kaasaegse akutehnoloogiaga. See professionaalne laser on varustatud uuendusliku GREENBEAM-tehnoloogiaga, mis loob \u00fcliteravad jooned ja v\u00f5imaldab k\u00f5rguste \u00fclekandmist v\u00f5i telgede joondamist kuni 40 m ulatuses. K\u00e4sitsi re\u017eiimis saab laseri paigutada soovitud kalde alla, h\u00e4sti l\u00e4bim\u00f5eldud tarvikud muudavad selle eriti mitmek\u00fclgseks. Protector System tagab laseri optika maksimaalse kaitse. STABILA \u2013 lihtsalt t\u00f5hus! Toote eelised CAS 12 V akutoitel, isenivelleeruv ristjoonlaser loodijoone punktidega horisontaalsel ja vertikaalsel tasapinnal t\u00f6\u00f6tamiseks. GREENBEAM-tehnoloogia: teravad ja h\u00e4sti n\u00e4htavad jooned kuni 40 m. V\u00f5imsad dioodid: vertikaalne joon katab peaaegu kogu ruumi. K\u00e4sitsi re\u017eiim: laseri paigutamine soovitud kalde alla lukustatud pendliga. Impulsiga moduleeritud jooned: \u00fchilduvad lisavarustusena saadaval vastuv\u00f5tjatega. Pikk t\u00f6\u00f6aeg: 12 V LI POWER 2.0 Ah CAS aku kuni 20 tunniks. L\u00fchike laadimisaeg: kiire laadimine maksimaalselt 45 minutiga. Protector System: p\u00f5rutuskindel pehme korpus, p\u00f6\u00f6ratav kate ja kaitseliugur kaitsevad optikat. Kinnituv alus v\u00f5imaldab t\u00f6\u00f6d otse U-profiilidel. Paindlik paigutus: 1\/4\" keere, haruldaste muldmetallide magnetid ja seinakinnitus. Tugev kandekohver. Kaitseklass: IP 54 (ilma akuta). Kasutusn\u00e4ited Kipsplaadit\u00f6\u00f6d: lagede riputamine, m\u00e4rgistuste \u00fclekandmine p\u00f5randalt laeni, profiilide joondamine, vaheseinte paigaldamine. Plaatimist\u00f6\u00f6d: tagaseinte, p\u00f5randa- ja seinaplaatide joondamine ja paigaldamine. Elektripaigaldised: l\u00fclitite ja pistikupesade m\u00e4rkimine, kaablikanalite joondamine, valgustite paigaldamine. Paigaldust\u00f6\u00f6d: toruklambrite joondamine, k\u00fctte- ja muude torustike paigaldamine, radiaatorite ja sanitaarseadmete paigaldus. Puusepat\u00f6\u00f6d: k\u00f6\u00f6gikappide paigaldamine, t\u00f6\u00f6pindade joondamine. Akende paigaldus: akende k\u00f5rguse nivelleerimine. Tehnilised andmed Laseriklass: 2 Lainepikkus: 510\u2013530 nm Isejoondamise ulatus: \u00b15\u00b0 T\u00e4psus: \u00b10,30 mm\/m N\u00e4htava joone t\u00f6\u00f6ulatus: 40 m Kaitseklass: IP 54 Statiivikeere: 1\/4\" Komplekt LAX 500 G, 7-osaline komplekt: laser LAX 500 G, 12 V Li-Power 2.0 Ah CAS aku, SC 30 CAS laadija, SLB 500 alus, SWB 10 seinakinnitus, sihtplaat, kandekohver","og_url":"https:\/\/ranoja.ee\/toode\/ristjoonlaser-lax-500-g-roheline-kiir-komplekt-stabila\/","og_site_name":"Ranoja","article_publisher":"https:\/\/www.facebook.com\/ranoja.ee","article_modified_time":"2026-03-17T12:37:08+00:00","og_image":[{"width":900,"height":552,"url":"https:\/\/ranoja.ee\/wp-content\/uploads\/2026\/03\/5638457509.jpg","type":"image\/jpeg"}],"twitter_card":"summary_large_image","schema":{"@context":"https:\/\/schema.org","@graph":[{"@type":"WebPage","@id":"https:\/\/ranoja.ee\/toode\/ristjoonlaser-lax-500-g-roheline-kiir-komplekt-stabila\/","url":"https:\/\/ranoja.ee\/toode\/ristjoonlaser-lax-500-g-roheline-kiir-komplekt-stabila\/","name":"Ristjoonlaser LAX 500 G, roheline kiir komplekt, Stabila - Ranoja","isPartOf":{"@id":"https:\/\/ranoja.ee\/#website"},"primaryImageOfPage":{"@id":"https:\/\/ranoja.ee\/toode\/ristjoonlaser-lax-500-g-roheline-kiir-komplekt-stabila\/#primaryimage"},"image":{"@id":"https:\/\/ranoja.ee\/toode\/ristjoonlaser-lax-500-g-roheline-kiir-komplekt-stabila\/#primaryimage"},"thumbnailUrl":"https:\/\/ranoja.ee\/wp-content\/uploads\/2026\/03\/5638457509.jpg","datePublished":"2026-03-16T23:30:05+00:00","dateModified":"2026-03-17T12:37:08+00:00","breadcrumb":{"@id":"https:\/\/ranoja.ee\/toode\/ristjoonlaser-lax-500-g-roheline-kiir-komplekt-stabila\/#breadcrumb"},"inLanguage":"en-US","potentialAction":[{"@type":"ReadAction","target":["https:\/\/ranoja.ee\/toode\/ristjoonlaser-lax-500-g-roheline-kiir-komplekt-stabila\/"]}]},{"@type":"ImageObject","inLanguage":"en-US","@id":"https:\/\/ranoja.ee\/toode\/ristjoonlaser-lax-500-g-roheline-kiir-komplekt-stabila\/#primaryimage","url":"https:\/\/ranoja.ee\/wp-content\/uploads\/2026\/03\/5638457509.jpg","contentUrl":"https:\/\/ranoja.ee\/wp-content\/uploads\/2026\/03\/5638457509.jpg","width":900,"height":552},{"@type":"BreadcrumbList","@id":"https:\/\/ranoja.ee\/toode\/ristjoonlaser-lax-500-g-roheline-kiir-komplekt-stabila\/#breadcrumb","itemListElement":[{"@type":"ListItem","position":1,"name":"Home","item":"https:\/\/ranoja.ee\/"},{"@type":"ListItem","position":2,"name":"Shop","item":"https:\/\/ranoja.ee\/en\/shop\/"},{"@type":"ListItem","position":3,"name":"Ristjoonlaser LAX 500 G, roheline kiir komplekt, Stabila"}]},{"@type":"WebSite","@id":"https:\/\/ranoja.ee\/#website","url":"https:\/\/ranoja.ee\/","name":"Ranoja","description":"Equipment Shop WooCommerce WordPress Theme for Machine &amp; Tools","publisher":{"@id":"https:\/\/ranoja.ee\/#organization"},"potentialAction":[{"@type":"SearchAction","target":{"@type":"EntryPoint","urlTemplate":"https:\/\/ranoja.ee\/?s={search_term_string}"},"query-input":{"@type":"PropertyValueSpecification","valueRequired":true,"valueName":"search_term_string"}}],"inLanguage":"en-US"},{"@type":"Organization","@id":"https:\/\/ranoja.ee\/#organization","name":"Ranoja O\u00dc","url":"https:\/\/ranoja.ee\/","logo":{"@type":"ImageObject","inLanguage":"en-US","@id":"https:\/\/ranoja.ee\/#\/schema\/logo\/image\/","url":"https:\/\/ranoja.ee\/wp-content\/uploads\/2023\/11\/ranoja-Logo.png","contentUrl":"https:\/\/ranoja.ee\/wp-content\/uploads\/2023\/11\/ranoja-Logo.png","width":207,"height":58,"caption":"Ranoja O\u00dc"},"image":{"@id":"https:\/\/ranoja.ee\/#\/schema\/logo\/image\/"},"sameAs":["https:\/\/www.facebook.com\/ranoja.ee","https:\/\/www.instagram.com\/ranoja__\/"]}]}},"_links":{"self":[{"href":"https:\/\/ranoja.ee\/en\/wp-json\/wp\/v2\/product\/61488","targetHints":{"allow":["GET"]}}],"collection":[{"href":"https:\/\/ranoja.ee\/en\/wp-json\/wp\/v2\/product"}],"about":[{"href":"https:\/\/ranoja.ee\/en\/wp-json\/wp\/v2\/types\/product"}],"wp:featuredmedia":[{"embeddable":true,"href":"https:\/\/ranoja.ee\/en\/wp-json\/wp\/v2\/media\/61489"}],"wp:attachment":[{"href":"https:\/\/ranoja.ee\/en\/wp-json\/wp\/v2\/media?parent=61488"}],"wp:term":[{"taxonomy":"product_cat","embeddable":true,"href":"https:\/\/ranoja.ee\/en\/wp-json\/wp\/v2\/product_cat?post=61488"},{"taxonomy":"product_tag","embeddable":true,"href":"https:\/\/ranoja.ee\/en\/wp-json\/wp\/v2\/product_tag?post=61488"}],"curies":[{"name":"wp","href":"https:\/\/api.w.org\/{rel}","templated":true}]}}