{"id":61486,"date":"2026-03-17T02:30:05","date_gmt":"2026-03-16T23:30:05","guid":{"rendered":"https:\/\/ranoja.ee\/toode\/mootorioli-all-fleet-extra-15w40-20l-valvoline-2\/"},"modified":"2026-03-17T15:37:08","modified_gmt":"2026-03-17T12:37:08","slug":"mootorioli-all-fleet-extra-15w40-20l-valvoline-2","status":"publish","type":"product","link":"https:\/\/ranoja.ee\/en\/toode\/mootorioli-all-fleet-extra-15w40-20l-valvoline-2\/","title":{"rendered":"Mootori\u00f5li All Fleet Extra 15W40 20L, Valvoline"},"content":{"rendered":"","protected":false},"excerpt":{"rendered":"<p>Juhtivate originaalvaruosade tootjate (OEM) poolt heaks kiidetud raskeveokite mootori\u00f5li, mis on loodud kasutamiseks laias valikus segapargi rakendustes. See tavap\u00e4rane mootori\u00f5li on loodud pikaajaliseks m\u00e4\u00e4rimiseks ja optimaalseks mootori j\u00f5udluseks. ALL-FLEET\u2122 EXTRA 15W-40 on loodud vastama peamistele t\u00f6\u00f6stusharu ja OEM-i n\u00f5uetele, kus soovitatakse 15W-40.<br \/>\nM\u00f5eldud kasutamiseks veoautode, busside ja maastikus\u00f5idukite suure j\u00f5udlusega keskmise ja raske koormusega diiselmootorites, millel on heitgaaside ringluss\u00fcsteem (EGR) ja selektiivne katal\u00fc\u00fctiline redutseerimine (SCR). Ei ole soovitatav diislik\u00fctuse tahkete osakeste filtritele (DPF). Vastab peamiste mootoritootjate \u00fclik\u00f5rge j\u00f5udlusega diiselmootorite (SHPD) soovitustele. <br \/>\nOEM-i kinnitused:<br \/>\nCummins CES 20078<br \/>\nDeutz DQC III-18<br \/>\nDTFR 15B110 (MB 228,3)<br \/>\nMack EO-N<br \/>\nMTU t\u00fc\u00fcp 2<br \/>\nRenault VI RLD-2<br \/>\nVolvo VDS-3<br \/>\nJ\u00f5udlustasemed:<br \/>\nACEA E7, E5, E3, E2<br \/>\nAPI CI-4, CH-4, SL<br \/>\nCaterpillar ECF-2, ECF-1-a<br \/>\nCummins CES 20077, CES 20076<br \/>\nDetroidi diisel DDC 93K215<br \/>\nGlobaalne DHD-1<br \/>\nMAN M3275<br \/>\nMack EO-M P<br \/>\nRenault VI RLD<\/p>\n","protected":false},"featured_media":61487,"template":"","meta":{"inline_featured_image":false},"product_cat":[5012,5325,5115],"product_tag":[],"class_list":{"0":"post-61486","1":"product","2":"type-product","3":"status-publish","4":"has-post-thumbnail","6":"product_brand-valvoline","7":"product_cat-olid-ja-maardeained","8":"product_cat-rasketehnika-mineraalsed-mootoriolid","9":"product_cat-rasketehnika-mootoriolid","11":"first","12":"instock","13":"purchasable","14":"product-type-simple"},"yoast_head":"<!-- This site is optimized with the Yoast SEO plugin v27.4 - https:\/\/yoast.com\/product\/yoast-seo-wordpress\/ -->\n<title>Mootori\u00f5li All Fleet Extra 15W40 20L, Valvoline - Ranoja<\/title>\n<meta name=\"robots\" content=\"index, follow, max-snippet:-1, max-image-preview:large, max-video-preview:-1\" \/>\n<link rel=\"canonical\" href=\"https:\/\/ranoja.ee\/toode\/mootorioli-all-fleet-extra-15w40-20l-valvoline-2\/\" \/>\n<meta property=\"og:locale\" content=\"en_US\" \/>\n<meta property=\"og:type\" content=\"article\" \/>\n<meta property=\"og:title\" content=\"Mootori\u00f5li All Fleet Extra 15W40 20L, Valvoline - Ranoja\" \/>\n<meta property=\"og:description\" content=\"Juhtivate originaalvaruosade tootjate (OEM) poolt heaks kiidetud raskeveokite mootori\u00f5li, mis on loodud kasutamiseks laias valikus segapargi rakendustes. See tavap\u00e4rane mootori\u00f5li on loodud pikaajaliseks m\u00e4\u00e4rimiseks ja optimaalseks mootori j\u00f5udluseks. ALL-FLEET\u2122 EXTRA 15W-40 on loodud vastama peamistele t\u00f6\u00f6stusharu ja OEM-i n\u00f5uetele, kus soovitatakse 15W-40. M\u00f5eldud kasutamiseks veoautode, busside ja maastikus\u00f5idukite suure j\u00f5udlusega keskmise ja raske koormusega diiselmootorites, millel on heitgaaside ringluss\u00fcsteem (EGR) ja selektiivne katal\u00fc\u00fctiline redutseerimine (SCR). Ei ole soovitatav diislik\u00fctuse tahkete osakeste filtritele (DPF). Vastab peamiste mootoritootjate \u00fclik\u00f5rge j\u00f5udlusega diiselmootorite (SHPD) soovitustele. OEM-i kinnitused: Cummins CES 20078 Deutz DQC III-18 DTFR 15B110 (MB 228,3) Mack EO-N MTU t\u00fc\u00fcp 2 Renault VI RLD-2 Volvo VDS-3 J\u00f5udlustasemed: ACEA E7, E5, E3, E2 API CI-4, CH-4, SL Caterpillar ECF-2, ECF-1-a Cummins CES 20077, CES 20076 Detroidi diisel DDC 93K215 Globaalne DHD-1 MAN M3275 Mack EO-M P Renault VI RLD\" \/>\n<meta property=\"og:url\" content=\"https:\/\/ranoja.ee\/toode\/mootorioli-all-fleet-extra-15w40-20l-valvoline-2\/\" \/>\n<meta property=\"og:site_name\" content=\"Ranoja\" \/>\n<meta property=\"article:publisher\" content=\"https:\/\/www.facebook.com\/ranoja.ee\" \/>\n<meta property=\"article:modified_time\" content=\"2026-03-17T12:37:08+00:00\" \/>\n<meta property=\"og:image\" content=\"https:\/\/ranoja.ee\/wp-content\/uploads\/2026\/03\/5638551677.png\" \/>\n\t<meta property=\"og:image:width\" content=\"768\" \/>\n\t<meta property=\"og:image:height\" content=\"768\" \/>\n\t<meta property=\"og:image:type\" content=\"image\/jpeg\" \/>\n<meta name=\"twitter:card\" content=\"summary_large_image\" \/>\n<script type=\"application\/ld+json\" class=\"yoast-schema-graph\">{\"@context\":\"https:\\\/\\\/schema.org\",\"@graph\":[{\"@type\":\"WebPage\",\"@id\":\"https:\\\/\\\/ranoja.ee\\\/toode\\\/mootorioli-all-fleet-extra-15w40-20l-valvoline-2\\\/\",\"url\":\"https:\\\/\\\/ranoja.ee\\\/toode\\\/mootorioli-all-fleet-extra-15w40-20l-valvoline-2\\\/\",\"name\":\"Mootori\u00f5li All Fleet Extra 15W40 20L, Valvoline - Ranoja\",\"isPartOf\":{\"@id\":\"https:\\\/\\\/ranoja.ee\\\/#website\"},\"primaryImageOfPage\":{\"@id\":\"https:\\\/\\\/ranoja.ee\\\/toode\\\/mootorioli-all-fleet-extra-15w40-20l-valvoline-2\\\/#primaryimage\"},\"image\":{\"@id\":\"https:\\\/\\\/ranoja.ee\\\/toode\\\/mootorioli-all-fleet-extra-15w40-20l-valvoline-2\\\/#primaryimage\"},\"thumbnailUrl\":\"https:\\\/\\\/ranoja.ee\\\/wp-content\\\/uploads\\\/2026\\\/03\\\/5638551677.png\",\"datePublished\":\"2026-03-16T23:30:05+00:00\",\"dateModified\":\"2026-03-17T12:37:08+00:00\",\"breadcrumb\":{\"@id\":\"https:\\\/\\\/ranoja.ee\\\/toode\\\/mootorioli-all-fleet-extra-15w40-20l-valvoline-2\\\/#breadcrumb\"},\"inLanguage\":\"en-US\",\"potentialAction\":[{\"@type\":\"ReadAction\",\"target\":[\"https:\\\/\\\/ranoja.ee\\\/toode\\\/mootorioli-all-fleet-extra-15w40-20l-valvoline-2\\\/\"]}]},{\"@type\":\"ImageObject\",\"inLanguage\":\"en-US\",\"@id\":\"https:\\\/\\\/ranoja.ee\\\/toode\\\/mootorioli-all-fleet-extra-15w40-20l-valvoline-2\\\/#primaryimage\",\"url\":\"https:\\\/\\\/ranoja.ee\\\/wp-content\\\/uploads\\\/2026\\\/03\\\/5638551677.png\",\"contentUrl\":\"https:\\\/\\\/ranoja.ee\\\/wp-content\\\/uploads\\\/2026\\\/03\\\/5638551677.png\",\"width\":768,\"height\":768},{\"@type\":\"BreadcrumbList\",\"@id\":\"https:\\\/\\\/ranoja.ee\\\/toode\\\/mootorioli-all-fleet-extra-15w40-20l-valvoline-2\\\/#breadcrumb\",\"itemListElement\":[{\"@type\":\"ListItem\",\"position\":1,\"name\":\"Home\",\"item\":\"https:\\\/\\\/ranoja.ee\\\/\"},{\"@type\":\"ListItem\",\"position\":2,\"name\":\"Shop\",\"item\":\"https:\\\/\\\/ranoja.ee\\\/en\\\/shop\\\/\"},{\"@type\":\"ListItem\",\"position\":3,\"name\":\"Mootori\u00f5li All Fleet Extra 15W40 20L, Valvoline\"}]},{\"@type\":\"WebSite\",\"@id\":\"https:\\\/\\\/ranoja.ee\\\/#website\",\"url\":\"https:\\\/\\\/ranoja.ee\\\/\",\"name\":\"Ranoja\",\"description\":\"Equipment Shop WooCommerce WordPress Theme for Machine &amp; Tools\",\"publisher\":{\"@id\":\"https:\\\/\\\/ranoja.ee\\\/#organization\"},\"potentialAction\":[{\"@type\":\"SearchAction\",\"target\":{\"@type\":\"EntryPoint\",\"urlTemplate\":\"https:\\\/\\\/ranoja.ee\\\/?s={search_term_string}\"},\"query-input\":{\"@type\":\"PropertyValueSpecification\",\"valueRequired\":true,\"valueName\":\"search_term_string\"}}],\"inLanguage\":\"en-US\"},{\"@type\":\"Organization\",\"@id\":\"https:\\\/\\\/ranoja.ee\\\/#organization\",\"name\":\"Ranoja O\u00dc\",\"url\":\"https:\\\/\\\/ranoja.ee\\\/\",\"logo\":{\"@type\":\"ImageObject\",\"inLanguage\":\"en-US\",\"@id\":\"https:\\\/\\\/ranoja.ee\\\/#\\\/schema\\\/logo\\\/image\\\/\",\"url\":\"https:\\\/\\\/ranoja.ee\\\/wp-content\\\/uploads\\\/2023\\\/11\\\/ranoja-Logo.png\",\"contentUrl\":\"https:\\\/\\\/ranoja.ee\\\/wp-content\\\/uploads\\\/2023\\\/11\\\/ranoja-Logo.png\",\"width\":207,\"height\":58,\"caption\":\"Ranoja O\u00dc\"},\"image\":{\"@id\":\"https:\\\/\\\/ranoja.ee\\\/#\\\/schema\\\/logo\\\/image\\\/\"},\"sameAs\":[\"https:\\\/\\\/www.facebook.com\\\/ranoja.ee\",\"https:\\\/\\\/www.instagram.com\\\/ranoja__\\\/\"]}]}<\/script>\n<!-- \/ Yoast SEO plugin. -->","yoast_head_json":{"title":"Mootori\u00f5li All Fleet Extra 15W40 20L, Valvoline - Ranoja","robots":{"index":"index","follow":"follow","max-snippet":"max-snippet:-1","max-image-preview":"max-image-preview:large","max-video-preview":"max-video-preview:-1"},"canonical":"https:\/\/ranoja.ee\/toode\/mootorioli-all-fleet-extra-15w40-20l-valvoline-2\/","og_locale":"en_US","og_type":"article","og_title":"Mootori\u00f5li All Fleet Extra 15W40 20L, Valvoline - Ranoja","og_description":"Juhtivate originaalvaruosade tootjate (OEM) poolt heaks kiidetud raskeveokite mootori\u00f5li, mis on loodud kasutamiseks laias valikus segapargi rakendustes. See tavap\u00e4rane mootori\u00f5li on loodud pikaajaliseks m\u00e4\u00e4rimiseks ja optimaalseks mootori j\u00f5udluseks. ALL-FLEET\u2122 EXTRA 15W-40 on loodud vastama peamistele t\u00f6\u00f6stusharu ja OEM-i n\u00f5uetele, kus soovitatakse 15W-40. M\u00f5eldud kasutamiseks veoautode, busside ja maastikus\u00f5idukite suure j\u00f5udlusega keskmise ja raske koormusega diiselmootorites, millel on heitgaaside ringluss\u00fcsteem (EGR) ja selektiivne katal\u00fc\u00fctiline redutseerimine (SCR). Ei ole soovitatav diislik\u00fctuse tahkete osakeste filtritele (DPF). Vastab peamiste mootoritootjate \u00fclik\u00f5rge j\u00f5udlusega diiselmootorite (SHPD) soovitustele. OEM-i kinnitused: Cummins CES 20078 Deutz DQC III-18 DTFR 15B110 (MB 228,3) Mack EO-N MTU t\u00fc\u00fcp 2 Renault VI RLD-2 Volvo VDS-3 J\u00f5udlustasemed: ACEA E7, E5, E3, E2 API CI-4, CH-4, SL Caterpillar ECF-2, ECF-1-a Cummins CES 20077, CES 20076 Detroidi diisel DDC 93K215 Globaalne DHD-1 MAN M3275 Mack EO-M P Renault VI RLD","og_url":"https:\/\/ranoja.ee\/toode\/mootorioli-all-fleet-extra-15w40-20l-valvoline-2\/","og_site_name":"Ranoja","article_publisher":"https:\/\/www.facebook.com\/ranoja.ee","article_modified_time":"2026-03-17T12:37:08+00:00","og_image":[{"width":768,"height":768,"url":"https:\/\/ranoja.ee\/wp-content\/uploads\/2026\/03\/5638551677.png","type":"image\/jpeg"}],"twitter_card":"summary_large_image","schema":{"@context":"https:\/\/schema.org","@graph":[{"@type":"WebPage","@id":"https:\/\/ranoja.ee\/toode\/mootorioli-all-fleet-extra-15w40-20l-valvoline-2\/","url":"https:\/\/ranoja.ee\/toode\/mootorioli-all-fleet-extra-15w40-20l-valvoline-2\/","name":"Mootori\u00f5li All Fleet Extra 15W40 20L, Valvoline - Ranoja","isPartOf":{"@id":"https:\/\/ranoja.ee\/#website"},"primaryImageOfPage":{"@id":"https:\/\/ranoja.ee\/toode\/mootorioli-all-fleet-extra-15w40-20l-valvoline-2\/#primaryimage"},"image":{"@id":"https:\/\/ranoja.ee\/toode\/mootorioli-all-fleet-extra-15w40-20l-valvoline-2\/#primaryimage"},"thumbnailUrl":"https:\/\/ranoja.ee\/wp-content\/uploads\/2026\/03\/5638551677.png","datePublished":"2026-03-16T23:30:05+00:00","dateModified":"2026-03-17T12:37:08+00:00","breadcrumb":{"@id":"https:\/\/ranoja.ee\/toode\/mootorioli-all-fleet-extra-15w40-20l-valvoline-2\/#breadcrumb"},"inLanguage":"en-US","potentialAction":[{"@type":"ReadAction","target":["https:\/\/ranoja.ee\/toode\/mootorioli-all-fleet-extra-15w40-20l-valvoline-2\/"]}]},{"@type":"ImageObject","inLanguage":"en-US","@id":"https:\/\/ranoja.ee\/toode\/mootorioli-all-fleet-extra-15w40-20l-valvoline-2\/#primaryimage","url":"https:\/\/ranoja.ee\/wp-content\/uploads\/2026\/03\/5638551677.png","contentUrl":"https:\/\/ranoja.ee\/wp-content\/uploads\/2026\/03\/5638551677.png","width":768,"height":768},{"@type":"BreadcrumbList","@id":"https:\/\/ranoja.ee\/toode\/mootorioli-all-fleet-extra-15w40-20l-valvoline-2\/#breadcrumb","itemListElement":[{"@type":"ListItem","position":1,"name":"Home","item":"https:\/\/ranoja.ee\/"},{"@type":"ListItem","position":2,"name":"Shop","item":"https:\/\/ranoja.ee\/en\/shop\/"},{"@type":"ListItem","position":3,"name":"Mootori\u00f5li All Fleet Extra 15W40 20L, Valvoline"}]},{"@type":"WebSite","@id":"https:\/\/ranoja.ee\/#website","url":"https:\/\/ranoja.ee\/","name":"Ranoja","description":"Equipment Shop WooCommerce WordPress Theme for Machine &amp; Tools","publisher":{"@id":"https:\/\/ranoja.ee\/#organization"},"potentialAction":[{"@type":"SearchAction","target":{"@type":"EntryPoint","urlTemplate":"https:\/\/ranoja.ee\/?s={search_term_string}"},"query-input":{"@type":"PropertyValueSpecification","valueRequired":true,"valueName":"search_term_string"}}],"inLanguage":"en-US"},{"@type":"Organization","@id":"https:\/\/ranoja.ee\/#organization","name":"Ranoja O\u00dc","url":"https:\/\/ranoja.ee\/","logo":{"@type":"ImageObject","inLanguage":"en-US","@id":"https:\/\/ranoja.ee\/#\/schema\/logo\/image\/","url":"https:\/\/ranoja.ee\/wp-content\/uploads\/2023\/11\/ranoja-Logo.png","contentUrl":"https:\/\/ranoja.ee\/wp-content\/uploads\/2023\/11\/ranoja-Logo.png","width":207,"height":58,"caption":"Ranoja O\u00dc"},"image":{"@id":"https:\/\/ranoja.ee\/#\/schema\/logo\/image\/"},"sameAs":["https:\/\/www.facebook.com\/ranoja.ee","https:\/\/www.instagram.com\/ranoja__\/"]}]}},"_links":{"self":[{"href":"https:\/\/ranoja.ee\/en\/wp-json\/wp\/v2\/product\/61486","targetHints":{"allow":["GET"]}}],"collection":[{"href":"https:\/\/ranoja.ee\/en\/wp-json\/wp\/v2\/product"}],"about":[{"href":"https:\/\/ranoja.ee\/en\/wp-json\/wp\/v2\/types\/product"}],"wp:featuredmedia":[{"embeddable":true,"href":"https:\/\/ranoja.ee\/en\/wp-json\/wp\/v2\/media\/61487"}],"wp:attachment":[{"href":"https:\/\/ranoja.ee\/en\/wp-json\/wp\/v2\/media?parent=61486"}],"wp:term":[{"taxonomy":"product_cat","embeddable":true,"href":"https:\/\/ranoja.ee\/en\/wp-json\/wp\/v2\/product_cat?post=61486"},{"taxonomy":"product_tag","embeddable":true,"href":"https:\/\/ranoja.ee\/en\/wp-json\/wp\/v2\/product_tag?post=61486"}],"curies":[{"name":"wp","href":"https:\/\/api.w.org\/{rel}","templated":true}]}}