{"id":61482,"date":"2026-03-17T02:30:05","date_gmt":"2026-03-16T23:30:05","guid":{"rendered":"https:\/\/ranoja.ee\/toode\/akuga-olivaba-kompressori-c-act160-6-x-karkass-scheppach\/"},"modified":"2026-03-17T15:37:08","modified_gmt":"2026-03-17T12:37:08","slug":"akuga-olivaba-kompressori-c-act160-6-x-karkass-scheppach","status":"publish","type":"product","link":"https:\/\/ranoja.ee\/en\/toode\/akuga-olivaba-kompressori-c-act160-6-x-karkass-scheppach\/","title":{"rendered":"Akuga \u00f5livaba kompressori C-ACT160\/6-X karkass, Scheppach"},"content":{"rendered":"","protected":false},"excerpt":{"rendered":"<p>T\u00f6\u00f6r\u00f5hk maks: 8 baari<br \/>\nPaagi maht: 6 L<br \/>\n\u00d5huvoo maht: 130 L\/min<br \/>\nVooliku pikkus: 2,5 m<br \/>\nHelir\u00f5hu tase: 96 dB (A)<br \/>\nMootori t\u00fc\u00fcp: Harimootor<br \/>\nAku pinge: 2 x 20 V (40 V)<br \/>\nKarkass ilma aku ja laadijata<\/p>\n<p>\u2022 V\u00f5imas akukompressor \u2013 ideaalne mobiilseks kasutamiseks ja t\u00f6\u00f6ks kodus, t\u00f6\u00f6kojas v\u00f5i garaa\u017eis<br \/>\n\u2022 Juhtmeta t\u00f6\u00f6 Scheppach IXES 20 V sarjaga \u2013 k\u00f5ik selle s\u00fcsteemi akud ja laadijad saab \u00fchendada juhtmeta kompressoriga<br \/>\n\u2022 Paagi maht 6 liitrit<br \/>\n\u2022 V\u00f5imas 2 x 20 V (40 V)<br \/>\n\u2022 R\u00f5huregulaator ja 2 r\u00f5hum\u00f5\u00f5dikut t\u00f6\u00f6tlusr\u00f5hu t\u00e4iuslikuks kontrollimiseks<br \/>\n\u2022 Kiirliitmikud kiireks t\u00f6\u00f6riista vahetamiseks<br \/>\n\u2022 Maksimaalne r\u00f5hk 8 baari<br \/>\n\u2022 \u00d5livaba kompressor tagab pika ja madala hooldusvajadusega kasutusea<br \/>\n\u2022 \u00d5huv\u00f5tu maht 130 L\/min<br \/>\n\u2022 Vibratsiooni neelavad kummijalad tagavad libisemisvastase paigutuse ja vaikse, madala vibratsiooniga t\u00f6\u00f6<br \/>\n\u2022 Ergonoomiline ja kompaktne disain koos pehme k\u00e4epidemega tagab mugava t\u00f6\u00f6tamise<br \/>\n\u2022 Aku ja laadija saadaval eraldi<br \/>\n\u2022 Komplekt sisaldab 11-osalist tarvikute komplekti<\/p>\n","protected":false},"featured_media":61483,"template":"","meta":{"inline_featured_image":false},"product_cat":[5118,5117,1094],"product_tag":[],"class_list":{"0":"post-61482","1":"product","2":"type-product","3":"status-publish","4":"has-post-thumbnail","6":"product_brand-scheppach","7":"product_cat-akuga-kompressorid","8":"product_cat-akuga-muud-tooriistad","9":"product_cat-akutooriistad","11":"first","12":"instock","13":"purchasable","14":"product-type-simple"},"yoast_head":"<!-- This site is optimized with the Yoast SEO plugin v27.4 - https:\/\/yoast.com\/product\/yoast-seo-wordpress\/ -->\n<title>Akuga \u00f5livaba kompressori C-ACT160\/6-X karkass, Scheppach - Ranoja<\/title>\n<meta name=\"robots\" content=\"index, follow, max-snippet:-1, max-image-preview:large, max-video-preview:-1\" \/>\n<link rel=\"canonical\" href=\"https:\/\/ranoja.ee\/toode\/akuga-olivaba-kompressori-c-act160-6-x-karkass-scheppach\/\" \/>\n<meta property=\"og:locale\" content=\"en_US\" \/>\n<meta property=\"og:type\" content=\"article\" \/>\n<meta property=\"og:title\" content=\"Akuga \u00f5livaba kompressori C-ACT160\/6-X karkass, Scheppach - Ranoja\" \/>\n<meta property=\"og:description\" content=\"T\u00f6\u00f6r\u00f5hk maks: 8 baari Paagi maht: 6 L \u00d5huvoo maht: 130 L\/min Vooliku pikkus: 2,5 m Helir\u00f5hu tase: 96 dB (A) Mootori t\u00fc\u00fcp: Harimootor Aku pinge: 2 x 20 V (40 V) Karkass ilma aku ja laadijata \u2022 V\u00f5imas akukompressor \u2013 ideaalne mobiilseks kasutamiseks ja t\u00f6\u00f6ks kodus, t\u00f6\u00f6kojas v\u00f5i garaa\u017eis \u2022 Juhtmeta t\u00f6\u00f6 Scheppach IXES 20 V sarjaga \u2013 k\u00f5ik selle s\u00fcsteemi akud ja laadijad saab \u00fchendada juhtmeta kompressoriga \u2022 Paagi maht 6 liitrit \u2022 V\u00f5imas 2 x 20 V (40 V) \u2022 R\u00f5huregulaator ja 2 r\u00f5hum\u00f5\u00f5dikut t\u00f6\u00f6tlusr\u00f5hu t\u00e4iuslikuks kontrollimiseks \u2022 Kiirliitmikud kiireks t\u00f6\u00f6riista vahetamiseks \u2022 Maksimaalne r\u00f5hk 8 baari \u2022 \u00d5livaba kompressor tagab pika ja madala hooldusvajadusega kasutusea \u2022 \u00d5huv\u00f5tu maht 130 L\/min \u2022 Vibratsiooni neelavad kummijalad tagavad libisemisvastase paigutuse ja vaikse, madala vibratsiooniga t\u00f6\u00f6 \u2022 Ergonoomiline ja kompaktne disain koos pehme k\u00e4epidemega tagab mugava t\u00f6\u00f6tamise \u2022 Aku ja laadija saadaval eraldi \u2022 Komplekt sisaldab 11-osalist tarvikute komplekti\" \/>\n<meta property=\"og:url\" content=\"https:\/\/ranoja.ee\/toode\/akuga-olivaba-kompressori-c-act160-6-x-karkass-scheppach\/\" \/>\n<meta property=\"og:site_name\" content=\"Ranoja\" \/>\n<meta property=\"article:publisher\" content=\"https:\/\/www.facebook.com\/ranoja.ee\" \/>\n<meta property=\"article:modified_time\" content=\"2026-03-17T12:37:08+00:00\" \/>\n<meta property=\"og:image\" content=\"https:\/\/ranoja.ee\/wp-content\/uploads\/2026\/03\/5638113077.jpg\" \/>\n\t<meta property=\"og:image:width\" content=\"900\" \/>\n\t<meta property=\"og:image:height\" content=\"900\" \/>\n\t<meta property=\"og:image:type\" content=\"image\/jpeg\" \/>\n<meta name=\"twitter:card\" content=\"summary_large_image\" \/>\n<script type=\"application\/ld+json\" class=\"yoast-schema-graph\">{\"@context\":\"https:\\\/\\\/schema.org\",\"@graph\":[{\"@type\":\"WebPage\",\"@id\":\"https:\\\/\\\/ranoja.ee\\\/toode\\\/akuga-olivaba-kompressori-c-act160-6-x-karkass-scheppach\\\/\",\"url\":\"https:\\\/\\\/ranoja.ee\\\/toode\\\/akuga-olivaba-kompressori-c-act160-6-x-karkass-scheppach\\\/\",\"name\":\"Akuga \u00f5livaba kompressori C-ACT160\\\/6-X karkass, Scheppach - Ranoja\",\"isPartOf\":{\"@id\":\"https:\\\/\\\/ranoja.ee\\\/#website\"},\"primaryImageOfPage\":{\"@id\":\"https:\\\/\\\/ranoja.ee\\\/toode\\\/akuga-olivaba-kompressori-c-act160-6-x-karkass-scheppach\\\/#primaryimage\"},\"image\":{\"@id\":\"https:\\\/\\\/ranoja.ee\\\/toode\\\/akuga-olivaba-kompressori-c-act160-6-x-karkass-scheppach\\\/#primaryimage\"},\"thumbnailUrl\":\"https:\\\/\\\/ranoja.ee\\\/wp-content\\\/uploads\\\/2026\\\/03\\\/5638113077.jpg\",\"datePublished\":\"2026-03-16T23:30:05+00:00\",\"dateModified\":\"2026-03-17T12:37:08+00:00\",\"breadcrumb\":{\"@id\":\"https:\\\/\\\/ranoja.ee\\\/toode\\\/akuga-olivaba-kompressori-c-act160-6-x-karkass-scheppach\\\/#breadcrumb\"},\"inLanguage\":\"en-US\",\"potentialAction\":[{\"@type\":\"ReadAction\",\"target\":[\"https:\\\/\\\/ranoja.ee\\\/toode\\\/akuga-olivaba-kompressori-c-act160-6-x-karkass-scheppach\\\/\"]}]},{\"@type\":\"ImageObject\",\"inLanguage\":\"en-US\",\"@id\":\"https:\\\/\\\/ranoja.ee\\\/toode\\\/akuga-olivaba-kompressori-c-act160-6-x-karkass-scheppach\\\/#primaryimage\",\"url\":\"https:\\\/\\\/ranoja.ee\\\/wp-content\\\/uploads\\\/2026\\\/03\\\/5638113077.jpg\",\"contentUrl\":\"https:\\\/\\\/ranoja.ee\\\/wp-content\\\/uploads\\\/2026\\\/03\\\/5638113077.jpg\",\"width\":900,\"height\":900},{\"@type\":\"BreadcrumbList\",\"@id\":\"https:\\\/\\\/ranoja.ee\\\/toode\\\/akuga-olivaba-kompressori-c-act160-6-x-karkass-scheppach\\\/#breadcrumb\",\"itemListElement\":[{\"@type\":\"ListItem\",\"position\":1,\"name\":\"Home\",\"item\":\"https:\\\/\\\/ranoja.ee\\\/\"},{\"@type\":\"ListItem\",\"position\":2,\"name\":\"Shop\",\"item\":\"https:\\\/\\\/ranoja.ee\\\/en\\\/shop\\\/\"},{\"@type\":\"ListItem\",\"position\":3,\"name\":\"Akuga \u00f5livaba kompressori C-ACT160\\\/6-X karkass, Scheppach\"}]},{\"@type\":\"WebSite\",\"@id\":\"https:\\\/\\\/ranoja.ee\\\/#website\",\"url\":\"https:\\\/\\\/ranoja.ee\\\/\",\"name\":\"Ranoja\",\"description\":\"Equipment Shop WooCommerce WordPress Theme for Machine &amp; Tools\",\"publisher\":{\"@id\":\"https:\\\/\\\/ranoja.ee\\\/#organization\"},\"potentialAction\":[{\"@type\":\"SearchAction\",\"target\":{\"@type\":\"EntryPoint\",\"urlTemplate\":\"https:\\\/\\\/ranoja.ee\\\/?s={search_term_string}\"},\"query-input\":{\"@type\":\"PropertyValueSpecification\",\"valueRequired\":true,\"valueName\":\"search_term_string\"}}],\"inLanguage\":\"en-US\"},{\"@type\":\"Organization\",\"@id\":\"https:\\\/\\\/ranoja.ee\\\/#organization\",\"name\":\"Ranoja O\u00dc\",\"url\":\"https:\\\/\\\/ranoja.ee\\\/\",\"logo\":{\"@type\":\"ImageObject\",\"inLanguage\":\"en-US\",\"@id\":\"https:\\\/\\\/ranoja.ee\\\/#\\\/schema\\\/logo\\\/image\\\/\",\"url\":\"https:\\\/\\\/ranoja.ee\\\/wp-content\\\/uploads\\\/2023\\\/11\\\/ranoja-Logo.png\",\"contentUrl\":\"https:\\\/\\\/ranoja.ee\\\/wp-content\\\/uploads\\\/2023\\\/11\\\/ranoja-Logo.png\",\"width\":207,\"height\":58,\"caption\":\"Ranoja O\u00dc\"},\"image\":{\"@id\":\"https:\\\/\\\/ranoja.ee\\\/#\\\/schema\\\/logo\\\/image\\\/\"},\"sameAs\":[\"https:\\\/\\\/www.facebook.com\\\/ranoja.ee\",\"https:\\\/\\\/www.instagram.com\\\/ranoja__\\\/\"]}]}<\/script>\n<!-- \/ Yoast SEO plugin. -->","yoast_head_json":{"title":"Akuga \u00f5livaba kompressori C-ACT160\/6-X karkass, Scheppach - Ranoja","robots":{"index":"index","follow":"follow","max-snippet":"max-snippet:-1","max-image-preview":"max-image-preview:large","max-video-preview":"max-video-preview:-1"},"canonical":"https:\/\/ranoja.ee\/toode\/akuga-olivaba-kompressori-c-act160-6-x-karkass-scheppach\/","og_locale":"en_US","og_type":"article","og_title":"Akuga \u00f5livaba kompressori C-ACT160\/6-X karkass, Scheppach - Ranoja","og_description":"T\u00f6\u00f6r\u00f5hk maks: 8 baari Paagi maht: 6 L \u00d5huvoo maht: 130 L\/min Vooliku pikkus: 2,5 m Helir\u00f5hu tase: 96 dB (A) Mootori t\u00fc\u00fcp: Harimootor Aku pinge: 2 x 20 V (40 V) Karkass ilma aku ja laadijata \u2022 V\u00f5imas akukompressor \u2013 ideaalne mobiilseks kasutamiseks ja t\u00f6\u00f6ks kodus, t\u00f6\u00f6kojas v\u00f5i garaa\u017eis \u2022 Juhtmeta t\u00f6\u00f6 Scheppach IXES 20 V sarjaga \u2013 k\u00f5ik selle s\u00fcsteemi akud ja laadijad saab \u00fchendada juhtmeta kompressoriga \u2022 Paagi maht 6 liitrit \u2022 V\u00f5imas 2 x 20 V (40 V) \u2022 R\u00f5huregulaator ja 2 r\u00f5hum\u00f5\u00f5dikut t\u00f6\u00f6tlusr\u00f5hu t\u00e4iuslikuks kontrollimiseks \u2022 Kiirliitmikud kiireks t\u00f6\u00f6riista vahetamiseks \u2022 Maksimaalne r\u00f5hk 8 baari \u2022 \u00d5livaba kompressor tagab pika ja madala hooldusvajadusega kasutusea \u2022 \u00d5huv\u00f5tu maht 130 L\/min \u2022 Vibratsiooni neelavad kummijalad tagavad libisemisvastase paigutuse ja vaikse, madala vibratsiooniga t\u00f6\u00f6 \u2022 Ergonoomiline ja kompaktne disain koos pehme k\u00e4epidemega tagab mugava t\u00f6\u00f6tamise \u2022 Aku ja laadija saadaval eraldi \u2022 Komplekt sisaldab 11-osalist tarvikute komplekti","og_url":"https:\/\/ranoja.ee\/toode\/akuga-olivaba-kompressori-c-act160-6-x-karkass-scheppach\/","og_site_name":"Ranoja","article_publisher":"https:\/\/www.facebook.com\/ranoja.ee","article_modified_time":"2026-03-17T12:37:08+00:00","og_image":[{"width":900,"height":900,"url":"https:\/\/ranoja.ee\/wp-content\/uploads\/2026\/03\/5638113077.jpg","type":"image\/jpeg"}],"twitter_card":"summary_large_image","schema":{"@context":"https:\/\/schema.org","@graph":[{"@type":"WebPage","@id":"https:\/\/ranoja.ee\/toode\/akuga-olivaba-kompressori-c-act160-6-x-karkass-scheppach\/","url":"https:\/\/ranoja.ee\/toode\/akuga-olivaba-kompressori-c-act160-6-x-karkass-scheppach\/","name":"Akuga \u00f5livaba kompressori C-ACT160\/6-X karkass, Scheppach - Ranoja","isPartOf":{"@id":"https:\/\/ranoja.ee\/#website"},"primaryImageOfPage":{"@id":"https:\/\/ranoja.ee\/toode\/akuga-olivaba-kompressori-c-act160-6-x-karkass-scheppach\/#primaryimage"},"image":{"@id":"https:\/\/ranoja.ee\/toode\/akuga-olivaba-kompressori-c-act160-6-x-karkass-scheppach\/#primaryimage"},"thumbnailUrl":"https:\/\/ranoja.ee\/wp-content\/uploads\/2026\/03\/5638113077.jpg","datePublished":"2026-03-16T23:30:05+00:00","dateModified":"2026-03-17T12:37:08+00:00","breadcrumb":{"@id":"https:\/\/ranoja.ee\/toode\/akuga-olivaba-kompressori-c-act160-6-x-karkass-scheppach\/#breadcrumb"},"inLanguage":"en-US","potentialAction":[{"@type":"ReadAction","target":["https:\/\/ranoja.ee\/toode\/akuga-olivaba-kompressori-c-act160-6-x-karkass-scheppach\/"]}]},{"@type":"ImageObject","inLanguage":"en-US","@id":"https:\/\/ranoja.ee\/toode\/akuga-olivaba-kompressori-c-act160-6-x-karkass-scheppach\/#primaryimage","url":"https:\/\/ranoja.ee\/wp-content\/uploads\/2026\/03\/5638113077.jpg","contentUrl":"https:\/\/ranoja.ee\/wp-content\/uploads\/2026\/03\/5638113077.jpg","width":900,"height":900},{"@type":"BreadcrumbList","@id":"https:\/\/ranoja.ee\/toode\/akuga-olivaba-kompressori-c-act160-6-x-karkass-scheppach\/#breadcrumb","itemListElement":[{"@type":"ListItem","position":1,"name":"Home","item":"https:\/\/ranoja.ee\/"},{"@type":"ListItem","position":2,"name":"Shop","item":"https:\/\/ranoja.ee\/en\/shop\/"},{"@type":"ListItem","position":3,"name":"Akuga \u00f5livaba kompressori C-ACT160\/6-X karkass, Scheppach"}]},{"@type":"WebSite","@id":"https:\/\/ranoja.ee\/#website","url":"https:\/\/ranoja.ee\/","name":"Ranoja","description":"Equipment Shop WooCommerce WordPress Theme for Machine &amp; Tools","publisher":{"@id":"https:\/\/ranoja.ee\/#organization"},"potentialAction":[{"@type":"SearchAction","target":{"@type":"EntryPoint","urlTemplate":"https:\/\/ranoja.ee\/?s={search_term_string}"},"query-input":{"@type":"PropertyValueSpecification","valueRequired":true,"valueName":"search_term_string"}}],"inLanguage":"en-US"},{"@type":"Organization","@id":"https:\/\/ranoja.ee\/#organization","name":"Ranoja O\u00dc","url":"https:\/\/ranoja.ee\/","logo":{"@type":"ImageObject","inLanguage":"en-US","@id":"https:\/\/ranoja.ee\/#\/schema\/logo\/image\/","url":"https:\/\/ranoja.ee\/wp-content\/uploads\/2023\/11\/ranoja-Logo.png","contentUrl":"https:\/\/ranoja.ee\/wp-content\/uploads\/2023\/11\/ranoja-Logo.png","width":207,"height":58,"caption":"Ranoja O\u00dc"},"image":{"@id":"https:\/\/ranoja.ee\/#\/schema\/logo\/image\/"},"sameAs":["https:\/\/www.facebook.com\/ranoja.ee","https:\/\/www.instagram.com\/ranoja__\/"]}]}},"_links":{"self":[{"href":"https:\/\/ranoja.ee\/en\/wp-json\/wp\/v2\/product\/61482","targetHints":{"allow":["GET"]}}],"collection":[{"href":"https:\/\/ranoja.ee\/en\/wp-json\/wp\/v2\/product"}],"about":[{"href":"https:\/\/ranoja.ee\/en\/wp-json\/wp\/v2\/types\/product"}],"wp:featuredmedia":[{"embeddable":true,"href":"https:\/\/ranoja.ee\/en\/wp-json\/wp\/v2\/media\/61483"}],"wp:attachment":[{"href":"https:\/\/ranoja.ee\/en\/wp-json\/wp\/v2\/media?parent=61482"}],"wp:term":[{"taxonomy":"product_cat","embeddable":true,"href":"https:\/\/ranoja.ee\/en\/wp-json\/wp\/v2\/product_cat?post=61482"},{"taxonomy":"product_tag","embeddable":true,"href":"https:\/\/ranoja.ee\/en\/wp-json\/wp\/v2\/product_tag?post=61482"}],"curies":[{"name":"wp","href":"https:\/\/api.w.org\/{rel}","templated":true}]}}