{"id":61470,"date":"2026-03-17T02:30:05","date_gmt":"2026-03-16T23:30:05","guid":{"rendered":"https:\/\/ranoja.ee\/toode\/transmissioonioli-epg-150-20l-valvoline\/"},"modified":"2026-03-17T15:37:08","modified_gmt":"2026-03-17T12:37:08","slug":"transmissioonioli-epg-150-20l-valvoline","status":"publish","type":"product","link":"https:\/\/ranoja.ee\/en\/toode\/transmissioonioli-epg-150-20l-valvoline\/","title":{"rendered":"Transmissiooni\u00f5li EPG 150 20L, Valvoline"},"content":{"rendered":"","protected":false},"excerpt":{"rendered":"<p>Preemiumklassi reduktori\u00f5li mis on v\u00e4ljat\u00f6\u00f6tatud t\u00f6\u00f6stuslikele k\u00e4igukastidele ja \u00fclekandes\u00fcsteeidele. Valvoline E.P.G. tagab erakordse kaitse ja m\u00e4\u00e4rimise erinevate kiiruste ja koormuse tingimustes. <br \/>\nKasutuskohad:<br \/>\nSobib t\u00f6\u00f6pinkide reduktoritesse, k\u00e4igukastidesse. <br \/>\n\u00d5livann ja tsirkulatsioon\u00f5litus s\u00fcsteemidesse. <br \/>\nK\u00f5rgkoormusega \u00fclekannetesse.<br \/>\n\u00dcld\u00f5litus m\u00e4\u00e4rdes\u00fcsteemile.<br \/>\nBetooni segistite reduktoritesse ja \u00fclekannetesse.<br \/>\nP\u00f5llumajandus seadmetesse.<br \/>\nKaevanduste, karj\u00e4ride transport\u00f6\u00f6r s\u00fcsteemide reduktoritesse.<br \/>\nLaevade deki masinatesse, vintsid, t\u00f5stukite reduktorid jms.<br \/>\nV\u00f5ib kasutada k\u00e4igukastides mille sise ehituses on kasutatatud vaske ja pronksi v\u00f5i nende sulameid.<br \/>\nJ\u00f5udlusn\u00e4itajad:<br \/>\nISO VG 150<br \/>\nAGMA 9005-F16 <br \/>\nISO 12925-1 CKC\/CKD\/CKE<br \/>\nDanieli 0.000.001 Rev 15 CKC <br \/>\nDavid Brown S1.53.101 Type E <br \/>\nDIN 51517-3 <br \/>\nFives Cincinnati EP Gear Oils<br \/>\nFlender GmbH <br \/>\nGM LS2 EP Gear Oils <br \/>\nRENK 36011-11 (2012)<br \/>\nSchaeffler FAG Step 1 &#8211; 4<br \/>\nSchuler Pressem GmbH DT 55 005 Edition 1 <br \/>\n(2013)<br \/>\nSMS Group SN 180-3 <br \/>\nU.S. Steel 224<br \/>\nZF TE-ML 04H <br \/>\nZF Witten ZFN-W-17-145<\/p>\n","protected":false},"featured_media":61471,"template":"","meta":{"inline_featured_image":false},"product_cat":[5012,5350,5093],"product_tag":[],"class_list":{"0":"post-61470","1":"product","2":"type-product","3":"status-publish","4":"has-post-thumbnail","6":"product_brand-valvoline","7":"product_cat-olid-ja-maardeained","8":"product_cat-reduktoriolid","9":"product_cat-toostusolid","11":"first","12":"instock","13":"purchasable","14":"product-type-simple"},"yoast_head":"<!-- This site is optimized with the Yoast SEO plugin v27.4 - https:\/\/yoast.com\/product\/yoast-seo-wordpress\/ -->\n<title>Transmissiooni\u00f5li EPG 150 20L, Valvoline - Ranoja<\/title>\n<meta name=\"robots\" content=\"index, follow, max-snippet:-1, max-image-preview:large, max-video-preview:-1\" \/>\n<link rel=\"canonical\" href=\"https:\/\/ranoja.ee\/toode\/transmissioonioli-epg-150-20l-valvoline\/\" \/>\n<meta property=\"og:locale\" content=\"en_US\" \/>\n<meta property=\"og:type\" content=\"article\" \/>\n<meta property=\"og:title\" content=\"Transmissiooni\u00f5li EPG 150 20L, Valvoline - Ranoja\" \/>\n<meta property=\"og:description\" content=\"Preemiumklassi reduktori\u00f5li mis on v\u00e4ljat\u00f6\u00f6tatud t\u00f6\u00f6stuslikele k\u00e4igukastidele ja \u00fclekandes\u00fcsteeidele. Valvoline E.P.G. tagab erakordse kaitse ja m\u00e4\u00e4rimise erinevate kiiruste ja koormuse tingimustes. Kasutuskohad: Sobib t\u00f6\u00f6pinkide reduktoritesse, k\u00e4igukastidesse. \u00d5livann ja tsirkulatsioon\u00f5litus s\u00fcsteemidesse. K\u00f5rgkoormusega \u00fclekannetesse. \u00dcld\u00f5litus m\u00e4\u00e4rdes\u00fcsteemile. Betooni segistite reduktoritesse ja \u00fclekannetesse. P\u00f5llumajandus seadmetesse. Kaevanduste, karj\u00e4ride transport\u00f6\u00f6r s\u00fcsteemide reduktoritesse. Laevade deki masinatesse, vintsid, t\u00f5stukite reduktorid jms. V\u00f5ib kasutada k\u00e4igukastides mille sise ehituses on kasutatatud vaske ja pronksi v\u00f5i nende sulameid. J\u00f5udlusn\u00e4itajad: ISO VG 150 AGMA 9005-F16 ISO 12925-1 CKC\/CKD\/CKE Danieli 0.000.001 Rev 15 CKC David Brown S1.53.101 Type E DIN 51517-3 Fives Cincinnati EP Gear Oils Flender GmbH GM LS2 EP Gear Oils RENK 36011-11 (2012) Schaeffler FAG Step 1 - 4 Schuler Pressem GmbH DT 55 005 Edition 1 (2013) SMS Group SN 180-3 U.S. Steel 224 ZF TE-ML 04H ZF Witten ZFN-W-17-145\" \/>\n<meta property=\"og:url\" content=\"https:\/\/ranoja.ee\/toode\/transmissioonioli-epg-150-20l-valvoline\/\" \/>\n<meta property=\"og:site_name\" content=\"Ranoja\" \/>\n<meta property=\"article:publisher\" content=\"https:\/\/www.facebook.com\/ranoja.ee\" \/>\n<meta property=\"article:modified_time\" content=\"2026-03-17T12:37:08+00:00\" \/>\n<meta property=\"og:image\" content=\"https:\/\/ranoja.ee\/wp-content\/uploads\/2026\/03\/229364106.jpg\" \/>\n\t<meta property=\"og:image:width\" content=\"713\" \/>\n\t<meta property=\"og:image:height\" content=\"690\" \/>\n\t<meta property=\"og:image:type\" content=\"image\/jpeg\" \/>\n<meta name=\"twitter:card\" content=\"summary_large_image\" \/>\n<script type=\"application\/ld+json\" class=\"yoast-schema-graph\">{\"@context\":\"https:\\\/\\\/schema.org\",\"@graph\":[{\"@type\":\"WebPage\",\"@id\":\"https:\\\/\\\/ranoja.ee\\\/toode\\\/transmissioonioli-epg-150-20l-valvoline\\\/\",\"url\":\"https:\\\/\\\/ranoja.ee\\\/toode\\\/transmissioonioli-epg-150-20l-valvoline\\\/\",\"name\":\"Transmissiooni\u00f5li EPG 150 20L, Valvoline - Ranoja\",\"isPartOf\":{\"@id\":\"https:\\\/\\\/ranoja.ee\\\/#website\"},\"primaryImageOfPage\":{\"@id\":\"https:\\\/\\\/ranoja.ee\\\/toode\\\/transmissioonioli-epg-150-20l-valvoline\\\/#primaryimage\"},\"image\":{\"@id\":\"https:\\\/\\\/ranoja.ee\\\/toode\\\/transmissioonioli-epg-150-20l-valvoline\\\/#primaryimage\"},\"thumbnailUrl\":\"https:\\\/\\\/ranoja.ee\\\/wp-content\\\/uploads\\\/2026\\\/03\\\/229364106.jpg\",\"datePublished\":\"2026-03-16T23:30:05+00:00\",\"dateModified\":\"2026-03-17T12:37:08+00:00\",\"breadcrumb\":{\"@id\":\"https:\\\/\\\/ranoja.ee\\\/toode\\\/transmissioonioli-epg-150-20l-valvoline\\\/#breadcrumb\"},\"inLanguage\":\"en-US\",\"potentialAction\":[{\"@type\":\"ReadAction\",\"target\":[\"https:\\\/\\\/ranoja.ee\\\/toode\\\/transmissioonioli-epg-150-20l-valvoline\\\/\"]}]},{\"@type\":\"ImageObject\",\"inLanguage\":\"en-US\",\"@id\":\"https:\\\/\\\/ranoja.ee\\\/toode\\\/transmissioonioli-epg-150-20l-valvoline\\\/#primaryimage\",\"url\":\"https:\\\/\\\/ranoja.ee\\\/wp-content\\\/uploads\\\/2026\\\/03\\\/229364106.jpg\",\"contentUrl\":\"https:\\\/\\\/ranoja.ee\\\/wp-content\\\/uploads\\\/2026\\\/03\\\/229364106.jpg\",\"width\":713,\"height\":690},{\"@type\":\"BreadcrumbList\",\"@id\":\"https:\\\/\\\/ranoja.ee\\\/toode\\\/transmissioonioli-epg-150-20l-valvoline\\\/#breadcrumb\",\"itemListElement\":[{\"@type\":\"ListItem\",\"position\":1,\"name\":\"Home\",\"item\":\"https:\\\/\\\/ranoja.ee\\\/\"},{\"@type\":\"ListItem\",\"position\":2,\"name\":\"Shop\",\"item\":\"https:\\\/\\\/ranoja.ee\\\/en\\\/shop\\\/\"},{\"@type\":\"ListItem\",\"position\":3,\"name\":\"Transmissiooni\u00f5li EPG 150 20L, Valvoline\"}]},{\"@type\":\"WebSite\",\"@id\":\"https:\\\/\\\/ranoja.ee\\\/#website\",\"url\":\"https:\\\/\\\/ranoja.ee\\\/\",\"name\":\"Ranoja\",\"description\":\"Equipment Shop WooCommerce WordPress Theme for Machine &amp; Tools\",\"publisher\":{\"@id\":\"https:\\\/\\\/ranoja.ee\\\/#organization\"},\"potentialAction\":[{\"@type\":\"SearchAction\",\"target\":{\"@type\":\"EntryPoint\",\"urlTemplate\":\"https:\\\/\\\/ranoja.ee\\\/?s={search_term_string}\"},\"query-input\":{\"@type\":\"PropertyValueSpecification\",\"valueRequired\":true,\"valueName\":\"search_term_string\"}}],\"inLanguage\":\"en-US\"},{\"@type\":\"Organization\",\"@id\":\"https:\\\/\\\/ranoja.ee\\\/#organization\",\"name\":\"Ranoja O\u00dc\",\"url\":\"https:\\\/\\\/ranoja.ee\\\/\",\"logo\":{\"@type\":\"ImageObject\",\"inLanguage\":\"en-US\",\"@id\":\"https:\\\/\\\/ranoja.ee\\\/#\\\/schema\\\/logo\\\/image\\\/\",\"url\":\"https:\\\/\\\/ranoja.ee\\\/wp-content\\\/uploads\\\/2023\\\/11\\\/ranoja-Logo.png\",\"contentUrl\":\"https:\\\/\\\/ranoja.ee\\\/wp-content\\\/uploads\\\/2023\\\/11\\\/ranoja-Logo.png\",\"width\":207,\"height\":58,\"caption\":\"Ranoja O\u00dc\"},\"image\":{\"@id\":\"https:\\\/\\\/ranoja.ee\\\/#\\\/schema\\\/logo\\\/image\\\/\"},\"sameAs\":[\"https:\\\/\\\/www.facebook.com\\\/ranoja.ee\",\"https:\\\/\\\/www.instagram.com\\\/ranoja__\\\/\"]}]}<\/script>\n<!-- \/ Yoast SEO plugin. -->","yoast_head_json":{"title":"Transmissiooni\u00f5li EPG 150 20L, Valvoline - Ranoja","robots":{"index":"index","follow":"follow","max-snippet":"max-snippet:-1","max-image-preview":"max-image-preview:large","max-video-preview":"max-video-preview:-1"},"canonical":"https:\/\/ranoja.ee\/toode\/transmissioonioli-epg-150-20l-valvoline\/","og_locale":"en_US","og_type":"article","og_title":"Transmissiooni\u00f5li EPG 150 20L, Valvoline - Ranoja","og_description":"Preemiumklassi reduktori\u00f5li mis on v\u00e4ljat\u00f6\u00f6tatud t\u00f6\u00f6stuslikele k\u00e4igukastidele ja \u00fclekandes\u00fcsteeidele. Valvoline E.P.G. tagab erakordse kaitse ja m\u00e4\u00e4rimise erinevate kiiruste ja koormuse tingimustes. Kasutuskohad: Sobib t\u00f6\u00f6pinkide reduktoritesse, k\u00e4igukastidesse. \u00d5livann ja tsirkulatsioon\u00f5litus s\u00fcsteemidesse. K\u00f5rgkoormusega \u00fclekannetesse. \u00dcld\u00f5litus m\u00e4\u00e4rdes\u00fcsteemile. Betooni segistite reduktoritesse ja \u00fclekannetesse. P\u00f5llumajandus seadmetesse. Kaevanduste, karj\u00e4ride transport\u00f6\u00f6r s\u00fcsteemide reduktoritesse. Laevade deki masinatesse, vintsid, t\u00f5stukite reduktorid jms. V\u00f5ib kasutada k\u00e4igukastides mille sise ehituses on kasutatatud vaske ja pronksi v\u00f5i nende sulameid. J\u00f5udlusn\u00e4itajad: ISO VG 150 AGMA 9005-F16 ISO 12925-1 CKC\/CKD\/CKE Danieli 0.000.001 Rev 15 CKC David Brown S1.53.101 Type E DIN 51517-3 Fives Cincinnati EP Gear Oils Flender GmbH GM LS2 EP Gear Oils RENK 36011-11 (2012) Schaeffler FAG Step 1 - 4 Schuler Pressem GmbH DT 55 005 Edition 1 (2013) SMS Group SN 180-3 U.S. Steel 224 ZF TE-ML 04H ZF Witten ZFN-W-17-145","og_url":"https:\/\/ranoja.ee\/toode\/transmissioonioli-epg-150-20l-valvoline\/","og_site_name":"Ranoja","article_publisher":"https:\/\/www.facebook.com\/ranoja.ee","article_modified_time":"2026-03-17T12:37:08+00:00","og_image":[{"width":713,"height":690,"url":"https:\/\/ranoja.ee\/wp-content\/uploads\/2026\/03\/229364106.jpg","type":"image\/jpeg"}],"twitter_card":"summary_large_image","schema":{"@context":"https:\/\/schema.org","@graph":[{"@type":"WebPage","@id":"https:\/\/ranoja.ee\/toode\/transmissioonioli-epg-150-20l-valvoline\/","url":"https:\/\/ranoja.ee\/toode\/transmissioonioli-epg-150-20l-valvoline\/","name":"Transmissiooni\u00f5li EPG 150 20L, Valvoline - Ranoja","isPartOf":{"@id":"https:\/\/ranoja.ee\/#website"},"primaryImageOfPage":{"@id":"https:\/\/ranoja.ee\/toode\/transmissioonioli-epg-150-20l-valvoline\/#primaryimage"},"image":{"@id":"https:\/\/ranoja.ee\/toode\/transmissioonioli-epg-150-20l-valvoline\/#primaryimage"},"thumbnailUrl":"https:\/\/ranoja.ee\/wp-content\/uploads\/2026\/03\/229364106.jpg","datePublished":"2026-03-16T23:30:05+00:00","dateModified":"2026-03-17T12:37:08+00:00","breadcrumb":{"@id":"https:\/\/ranoja.ee\/toode\/transmissioonioli-epg-150-20l-valvoline\/#breadcrumb"},"inLanguage":"en-US","potentialAction":[{"@type":"ReadAction","target":["https:\/\/ranoja.ee\/toode\/transmissioonioli-epg-150-20l-valvoline\/"]}]},{"@type":"ImageObject","inLanguage":"en-US","@id":"https:\/\/ranoja.ee\/toode\/transmissioonioli-epg-150-20l-valvoline\/#primaryimage","url":"https:\/\/ranoja.ee\/wp-content\/uploads\/2026\/03\/229364106.jpg","contentUrl":"https:\/\/ranoja.ee\/wp-content\/uploads\/2026\/03\/229364106.jpg","width":713,"height":690},{"@type":"BreadcrumbList","@id":"https:\/\/ranoja.ee\/toode\/transmissioonioli-epg-150-20l-valvoline\/#breadcrumb","itemListElement":[{"@type":"ListItem","position":1,"name":"Home","item":"https:\/\/ranoja.ee\/"},{"@type":"ListItem","position":2,"name":"Shop","item":"https:\/\/ranoja.ee\/en\/shop\/"},{"@type":"ListItem","position":3,"name":"Transmissiooni\u00f5li EPG 150 20L, Valvoline"}]},{"@type":"WebSite","@id":"https:\/\/ranoja.ee\/#website","url":"https:\/\/ranoja.ee\/","name":"Ranoja","description":"Equipment Shop WooCommerce WordPress Theme for Machine &amp; Tools","publisher":{"@id":"https:\/\/ranoja.ee\/#organization"},"potentialAction":[{"@type":"SearchAction","target":{"@type":"EntryPoint","urlTemplate":"https:\/\/ranoja.ee\/?s={search_term_string}"},"query-input":{"@type":"PropertyValueSpecification","valueRequired":true,"valueName":"search_term_string"}}],"inLanguage":"en-US"},{"@type":"Organization","@id":"https:\/\/ranoja.ee\/#organization","name":"Ranoja O\u00dc","url":"https:\/\/ranoja.ee\/","logo":{"@type":"ImageObject","inLanguage":"en-US","@id":"https:\/\/ranoja.ee\/#\/schema\/logo\/image\/","url":"https:\/\/ranoja.ee\/wp-content\/uploads\/2023\/11\/ranoja-Logo.png","contentUrl":"https:\/\/ranoja.ee\/wp-content\/uploads\/2023\/11\/ranoja-Logo.png","width":207,"height":58,"caption":"Ranoja O\u00dc"},"image":{"@id":"https:\/\/ranoja.ee\/#\/schema\/logo\/image\/"},"sameAs":["https:\/\/www.facebook.com\/ranoja.ee","https:\/\/www.instagram.com\/ranoja__\/"]}]}},"_links":{"self":[{"href":"https:\/\/ranoja.ee\/en\/wp-json\/wp\/v2\/product\/61470","targetHints":{"allow":["GET"]}}],"collection":[{"href":"https:\/\/ranoja.ee\/en\/wp-json\/wp\/v2\/product"}],"about":[{"href":"https:\/\/ranoja.ee\/en\/wp-json\/wp\/v2\/types\/product"}],"wp:featuredmedia":[{"embeddable":true,"href":"https:\/\/ranoja.ee\/en\/wp-json\/wp\/v2\/media\/61471"}],"wp:attachment":[{"href":"https:\/\/ranoja.ee\/en\/wp-json\/wp\/v2\/media?parent=61470"}],"wp:term":[{"taxonomy":"product_cat","embeddable":true,"href":"https:\/\/ranoja.ee\/en\/wp-json\/wp\/v2\/product_cat?post=61470"},{"taxonomy":"product_tag","embeddable":true,"href":"https:\/\/ranoja.ee\/en\/wp-json\/wp\/v2\/product_tag?post=61470"}],"curies":[{"name":"wp","href":"https:\/\/api.w.org\/{rel}","templated":true}]}}