{"id":61430,"date":"2026-03-17T02:29:39","date_gmt":"2026-03-16T23:29:39","guid":{"rendered":"https:\/\/ranoja.ee\/toode\/universaalmaare-multipurpose-moly-2-18kg-valvoline\/"},"modified":"2026-03-17T15:37:09","modified_gmt":"2026-03-17T12:37:09","slug":"universaalmaare-multipurpose-moly-2-18kg-valvoline","status":"publish","type":"product","link":"https:\/\/ranoja.ee\/en\/toode\/universaalmaare-multipurpose-moly-2-18kg-valvoline\/","title":{"rendered":"Universaalm\u00e4\u00e4re Multipurpose Moly 2 18kg, Valvoline"},"content":{"rendered":"","protected":false},"excerpt":{"rendered":"<p>K\u00f5rgkvaliteetne mitmeotstarbeline liitium m\u00e4\u00e4re mille koostises olev mol\u00fcbdeendisulfiid tagab erakordse veekindluse, k\u00f5rg- ja l\u00f6\u00f6kkoormuse kaitse, ning esmaklassilise kulumise ja h\u00f5\u00f5rdumiskontrolli. Sobilik kasutamiseks vedrustuse \u00fchendustel, liigenditel, k\u00e4\u00e4ndtelgedel, s\u00f5rmedel, puksidel, veoki sadulal, aeglase p\u00f6\u00f6rdega laagritel, avatud \u00fclekannetel masinatel mis t\u00f6\u00f6tavad niisketes tingimustes. Mehaaniliselt v\u00e4ga stabiilse koostisega ja seet\u00f5ttu h\u00e4sti pumbatav.<br \/>\nKasutuskohad:<br \/>\nP\u00f5llumajandus-, ehitus-, kaevandusmasinad ja seadmed, samuti veokid ja vees\u00f5idukid kus t\u00f6\u00f6tingimused on niisked ning palju l\u00f6\u00f6kkoormust ning vibratsiooni.<br \/>\nBaas\u00f5li: Mineraalne<br \/>\nTahkesti: Liitium mol\u00fcbdeensulfiidiga<br \/>\nBaas\u00f5li viskoossus: 100<br \/>\nKasutus tepmeratuurivahemik: -30 kuni + 120<br \/>\nV\u00e4rvus: Hallikasmust<br \/>\nKonsistentsusklass: NLGI 2<br \/>\nJ\u00f5udlustasemed: DIN 51502: KPF2K-30<\/p>\n","protected":false},"featured_media":61431,"template":"","meta":{"inline_featured_image":false},"product_cat":[5017,5013,5012],"product_tag":[],"class_list":{"0":"post-61430","1":"product","2":"type-product","3":"status-publish","4":"has-post-thumbnail","6":"product_brand-valvoline","7":"product_cat-liitiummaarded","8":"product_cat-maarded","9":"product_cat-olid-ja-maardeained","11":"first","12":"instock","13":"purchasable","14":"product-type-simple"},"yoast_head":"<!-- This site is optimized with the Yoast SEO plugin v27.4 - https:\/\/yoast.com\/product\/yoast-seo-wordpress\/ -->\n<title>Universaalm\u00e4\u00e4re Multipurpose Moly 2 18kg, Valvoline - Ranoja<\/title>\n<meta name=\"robots\" content=\"index, follow, max-snippet:-1, max-image-preview:large, max-video-preview:-1\" \/>\n<link rel=\"canonical\" href=\"https:\/\/ranoja.ee\/toode\/universaalmaare-multipurpose-moly-2-18kg-valvoline\/\" \/>\n<meta property=\"og:locale\" content=\"en_US\" \/>\n<meta property=\"og:type\" content=\"article\" \/>\n<meta property=\"og:title\" content=\"Universaalm\u00e4\u00e4re Multipurpose Moly 2 18kg, Valvoline - Ranoja\" \/>\n<meta property=\"og:description\" content=\"K\u00f5rgkvaliteetne mitmeotstarbeline liitium m\u00e4\u00e4re mille koostises olev mol\u00fcbdeendisulfiid tagab erakordse veekindluse, k\u00f5rg- ja l\u00f6\u00f6kkoormuse kaitse, ning esmaklassilise kulumise ja h\u00f5\u00f5rdumiskontrolli. Sobilik kasutamiseks vedrustuse \u00fchendustel, liigenditel, k\u00e4\u00e4ndtelgedel, s\u00f5rmedel, puksidel, veoki sadulal, aeglase p\u00f6\u00f6rdega laagritel, avatud \u00fclekannetel masinatel mis t\u00f6\u00f6tavad niisketes tingimustes. Mehaaniliselt v\u00e4ga stabiilse koostisega ja seet\u00f5ttu h\u00e4sti pumbatav. Kasutuskohad: P\u00f5llumajandus-, ehitus-, kaevandusmasinad ja seadmed, samuti veokid ja vees\u00f5idukid kus t\u00f6\u00f6tingimused on niisked ning palju l\u00f6\u00f6kkoormust ning vibratsiooni. Baas\u00f5li: Mineraalne Tahkesti: Liitium mol\u00fcbdeensulfiidiga Baas\u00f5li viskoossus: 100 Kasutus tepmeratuurivahemik: -30 kuni + 120 V\u00e4rvus: Hallikasmust Konsistentsusklass: NLGI 2 J\u00f5udlustasemed: DIN 51502: KPF2K-30\" \/>\n<meta property=\"og:url\" content=\"https:\/\/ranoja.ee\/toode\/universaalmaare-multipurpose-moly-2-18kg-valvoline\/\" \/>\n<meta property=\"og:site_name\" content=\"Ranoja\" \/>\n<meta property=\"article:publisher\" content=\"https:\/\/www.facebook.com\/ranoja.ee\" \/>\n<meta property=\"article:modified_time\" content=\"2026-03-17T12:37:09+00:00\" \/>\n<meta property=\"og:image\" content=\"https:\/\/ranoja.ee\/wp-content\/uploads\/2026\/03\/204982880.png\" \/>\n\t<meta property=\"og:image:width\" content=\"588\" \/>\n\t<meta property=\"og:image:height\" content=\"768\" \/>\n\t<meta property=\"og:image:type\" content=\"image\/jpeg\" \/>\n<meta name=\"twitter:card\" content=\"summary_large_image\" \/>\n<script type=\"application\/ld+json\" class=\"yoast-schema-graph\">{\"@context\":\"https:\\\/\\\/schema.org\",\"@graph\":[{\"@type\":\"WebPage\",\"@id\":\"https:\\\/\\\/ranoja.ee\\\/toode\\\/universaalmaare-multipurpose-moly-2-18kg-valvoline\\\/\",\"url\":\"https:\\\/\\\/ranoja.ee\\\/toode\\\/universaalmaare-multipurpose-moly-2-18kg-valvoline\\\/\",\"name\":\"Universaalm\u00e4\u00e4re Multipurpose Moly 2 18kg, Valvoline - Ranoja\",\"isPartOf\":{\"@id\":\"https:\\\/\\\/ranoja.ee\\\/#website\"},\"primaryImageOfPage\":{\"@id\":\"https:\\\/\\\/ranoja.ee\\\/toode\\\/universaalmaare-multipurpose-moly-2-18kg-valvoline\\\/#primaryimage\"},\"image\":{\"@id\":\"https:\\\/\\\/ranoja.ee\\\/toode\\\/universaalmaare-multipurpose-moly-2-18kg-valvoline\\\/#primaryimage\"},\"thumbnailUrl\":\"https:\\\/\\\/ranoja.ee\\\/wp-content\\\/uploads\\\/2026\\\/03\\\/204982880.png\",\"datePublished\":\"2026-03-16T23:29:39+00:00\",\"dateModified\":\"2026-03-17T12:37:09+00:00\",\"breadcrumb\":{\"@id\":\"https:\\\/\\\/ranoja.ee\\\/toode\\\/universaalmaare-multipurpose-moly-2-18kg-valvoline\\\/#breadcrumb\"},\"inLanguage\":\"en-US\",\"potentialAction\":[{\"@type\":\"ReadAction\",\"target\":[\"https:\\\/\\\/ranoja.ee\\\/toode\\\/universaalmaare-multipurpose-moly-2-18kg-valvoline\\\/\"]}]},{\"@type\":\"ImageObject\",\"inLanguage\":\"en-US\",\"@id\":\"https:\\\/\\\/ranoja.ee\\\/toode\\\/universaalmaare-multipurpose-moly-2-18kg-valvoline\\\/#primaryimage\",\"url\":\"https:\\\/\\\/ranoja.ee\\\/wp-content\\\/uploads\\\/2026\\\/03\\\/204982880.png\",\"contentUrl\":\"https:\\\/\\\/ranoja.ee\\\/wp-content\\\/uploads\\\/2026\\\/03\\\/204982880.png\",\"width\":588,\"height\":768},{\"@type\":\"BreadcrumbList\",\"@id\":\"https:\\\/\\\/ranoja.ee\\\/toode\\\/universaalmaare-multipurpose-moly-2-18kg-valvoline\\\/#breadcrumb\",\"itemListElement\":[{\"@type\":\"ListItem\",\"position\":1,\"name\":\"Home\",\"item\":\"https:\\\/\\\/ranoja.ee\\\/\"},{\"@type\":\"ListItem\",\"position\":2,\"name\":\"Shop\",\"item\":\"https:\\\/\\\/ranoja.ee\\\/en\\\/shop\\\/\"},{\"@type\":\"ListItem\",\"position\":3,\"name\":\"Universaalm\u00e4\u00e4re Multipurpose Moly 2 18kg, Valvoline\"}]},{\"@type\":\"WebSite\",\"@id\":\"https:\\\/\\\/ranoja.ee\\\/#website\",\"url\":\"https:\\\/\\\/ranoja.ee\\\/\",\"name\":\"Ranoja\",\"description\":\"Equipment Shop WooCommerce WordPress Theme for Machine &amp; Tools\",\"publisher\":{\"@id\":\"https:\\\/\\\/ranoja.ee\\\/#organization\"},\"potentialAction\":[{\"@type\":\"SearchAction\",\"target\":{\"@type\":\"EntryPoint\",\"urlTemplate\":\"https:\\\/\\\/ranoja.ee\\\/?s={search_term_string}\"},\"query-input\":{\"@type\":\"PropertyValueSpecification\",\"valueRequired\":true,\"valueName\":\"search_term_string\"}}],\"inLanguage\":\"en-US\"},{\"@type\":\"Organization\",\"@id\":\"https:\\\/\\\/ranoja.ee\\\/#organization\",\"name\":\"Ranoja O\u00dc\",\"url\":\"https:\\\/\\\/ranoja.ee\\\/\",\"logo\":{\"@type\":\"ImageObject\",\"inLanguage\":\"en-US\",\"@id\":\"https:\\\/\\\/ranoja.ee\\\/#\\\/schema\\\/logo\\\/image\\\/\",\"url\":\"https:\\\/\\\/ranoja.ee\\\/wp-content\\\/uploads\\\/2023\\\/11\\\/ranoja-Logo.png\",\"contentUrl\":\"https:\\\/\\\/ranoja.ee\\\/wp-content\\\/uploads\\\/2023\\\/11\\\/ranoja-Logo.png\",\"width\":207,\"height\":58,\"caption\":\"Ranoja O\u00dc\"},\"image\":{\"@id\":\"https:\\\/\\\/ranoja.ee\\\/#\\\/schema\\\/logo\\\/image\\\/\"},\"sameAs\":[\"https:\\\/\\\/www.facebook.com\\\/ranoja.ee\",\"https:\\\/\\\/www.instagram.com\\\/ranoja__\\\/\"]}]}<\/script>\n<!-- \/ Yoast SEO plugin. -->","yoast_head_json":{"title":"Universaalm\u00e4\u00e4re Multipurpose Moly 2 18kg, Valvoline - Ranoja","robots":{"index":"index","follow":"follow","max-snippet":"max-snippet:-1","max-image-preview":"max-image-preview:large","max-video-preview":"max-video-preview:-1"},"canonical":"https:\/\/ranoja.ee\/toode\/universaalmaare-multipurpose-moly-2-18kg-valvoline\/","og_locale":"en_US","og_type":"article","og_title":"Universaalm\u00e4\u00e4re Multipurpose Moly 2 18kg, Valvoline - Ranoja","og_description":"K\u00f5rgkvaliteetne mitmeotstarbeline liitium m\u00e4\u00e4re mille koostises olev mol\u00fcbdeendisulfiid tagab erakordse veekindluse, k\u00f5rg- ja l\u00f6\u00f6kkoormuse kaitse, ning esmaklassilise kulumise ja h\u00f5\u00f5rdumiskontrolli. Sobilik kasutamiseks vedrustuse \u00fchendustel, liigenditel, k\u00e4\u00e4ndtelgedel, s\u00f5rmedel, puksidel, veoki sadulal, aeglase p\u00f6\u00f6rdega laagritel, avatud \u00fclekannetel masinatel mis t\u00f6\u00f6tavad niisketes tingimustes. Mehaaniliselt v\u00e4ga stabiilse koostisega ja seet\u00f5ttu h\u00e4sti pumbatav. Kasutuskohad: P\u00f5llumajandus-, ehitus-, kaevandusmasinad ja seadmed, samuti veokid ja vees\u00f5idukid kus t\u00f6\u00f6tingimused on niisked ning palju l\u00f6\u00f6kkoormust ning vibratsiooni. Baas\u00f5li: Mineraalne Tahkesti: Liitium mol\u00fcbdeensulfiidiga Baas\u00f5li viskoossus: 100 Kasutus tepmeratuurivahemik: -30 kuni + 120 V\u00e4rvus: Hallikasmust Konsistentsusklass: NLGI 2 J\u00f5udlustasemed: DIN 51502: KPF2K-30","og_url":"https:\/\/ranoja.ee\/toode\/universaalmaare-multipurpose-moly-2-18kg-valvoline\/","og_site_name":"Ranoja","article_publisher":"https:\/\/www.facebook.com\/ranoja.ee","article_modified_time":"2026-03-17T12:37:09+00:00","og_image":[{"width":588,"height":768,"url":"https:\/\/ranoja.ee\/wp-content\/uploads\/2026\/03\/204982880.png","type":"image\/jpeg"}],"twitter_card":"summary_large_image","schema":{"@context":"https:\/\/schema.org","@graph":[{"@type":"WebPage","@id":"https:\/\/ranoja.ee\/toode\/universaalmaare-multipurpose-moly-2-18kg-valvoline\/","url":"https:\/\/ranoja.ee\/toode\/universaalmaare-multipurpose-moly-2-18kg-valvoline\/","name":"Universaalm\u00e4\u00e4re Multipurpose Moly 2 18kg, Valvoline - Ranoja","isPartOf":{"@id":"https:\/\/ranoja.ee\/#website"},"primaryImageOfPage":{"@id":"https:\/\/ranoja.ee\/toode\/universaalmaare-multipurpose-moly-2-18kg-valvoline\/#primaryimage"},"image":{"@id":"https:\/\/ranoja.ee\/toode\/universaalmaare-multipurpose-moly-2-18kg-valvoline\/#primaryimage"},"thumbnailUrl":"https:\/\/ranoja.ee\/wp-content\/uploads\/2026\/03\/204982880.png","datePublished":"2026-03-16T23:29:39+00:00","dateModified":"2026-03-17T12:37:09+00:00","breadcrumb":{"@id":"https:\/\/ranoja.ee\/toode\/universaalmaare-multipurpose-moly-2-18kg-valvoline\/#breadcrumb"},"inLanguage":"en-US","potentialAction":[{"@type":"ReadAction","target":["https:\/\/ranoja.ee\/toode\/universaalmaare-multipurpose-moly-2-18kg-valvoline\/"]}]},{"@type":"ImageObject","inLanguage":"en-US","@id":"https:\/\/ranoja.ee\/toode\/universaalmaare-multipurpose-moly-2-18kg-valvoline\/#primaryimage","url":"https:\/\/ranoja.ee\/wp-content\/uploads\/2026\/03\/204982880.png","contentUrl":"https:\/\/ranoja.ee\/wp-content\/uploads\/2026\/03\/204982880.png","width":588,"height":768},{"@type":"BreadcrumbList","@id":"https:\/\/ranoja.ee\/toode\/universaalmaare-multipurpose-moly-2-18kg-valvoline\/#breadcrumb","itemListElement":[{"@type":"ListItem","position":1,"name":"Home","item":"https:\/\/ranoja.ee\/"},{"@type":"ListItem","position":2,"name":"Shop","item":"https:\/\/ranoja.ee\/en\/shop\/"},{"@type":"ListItem","position":3,"name":"Universaalm\u00e4\u00e4re Multipurpose Moly 2 18kg, Valvoline"}]},{"@type":"WebSite","@id":"https:\/\/ranoja.ee\/#website","url":"https:\/\/ranoja.ee\/","name":"Ranoja","description":"Equipment Shop WooCommerce WordPress Theme for Machine &amp; Tools","publisher":{"@id":"https:\/\/ranoja.ee\/#organization"},"potentialAction":[{"@type":"SearchAction","target":{"@type":"EntryPoint","urlTemplate":"https:\/\/ranoja.ee\/?s={search_term_string}"},"query-input":{"@type":"PropertyValueSpecification","valueRequired":true,"valueName":"search_term_string"}}],"inLanguage":"en-US"},{"@type":"Organization","@id":"https:\/\/ranoja.ee\/#organization","name":"Ranoja O\u00dc","url":"https:\/\/ranoja.ee\/","logo":{"@type":"ImageObject","inLanguage":"en-US","@id":"https:\/\/ranoja.ee\/#\/schema\/logo\/image\/","url":"https:\/\/ranoja.ee\/wp-content\/uploads\/2023\/11\/ranoja-Logo.png","contentUrl":"https:\/\/ranoja.ee\/wp-content\/uploads\/2023\/11\/ranoja-Logo.png","width":207,"height":58,"caption":"Ranoja O\u00dc"},"image":{"@id":"https:\/\/ranoja.ee\/#\/schema\/logo\/image\/"},"sameAs":["https:\/\/www.facebook.com\/ranoja.ee","https:\/\/www.instagram.com\/ranoja__\/"]}]}},"_links":{"self":[{"href":"https:\/\/ranoja.ee\/en\/wp-json\/wp\/v2\/product\/61430","targetHints":{"allow":["GET"]}}],"collection":[{"href":"https:\/\/ranoja.ee\/en\/wp-json\/wp\/v2\/product"}],"about":[{"href":"https:\/\/ranoja.ee\/en\/wp-json\/wp\/v2\/types\/product"}],"wp:featuredmedia":[{"embeddable":true,"href":"https:\/\/ranoja.ee\/en\/wp-json\/wp\/v2\/media\/61431"}],"wp:attachment":[{"href":"https:\/\/ranoja.ee\/en\/wp-json\/wp\/v2\/media?parent=61430"}],"wp:term":[{"taxonomy":"product_cat","embeddable":true,"href":"https:\/\/ranoja.ee\/en\/wp-json\/wp\/v2\/product_cat?post=61430"},{"taxonomy":"product_tag","embeddable":true,"href":"https:\/\/ranoja.ee\/en\/wp-json\/wp\/v2\/product_tag?post=61430"}],"curies":[{"name":"wp","href":"https:\/\/api.w.org\/{rel}","templated":true}]}}