{"id":61416,"date":"2026-03-17T02:29:15","date_gmt":"2026-03-16T23:29:15","guid":{"rendered":"https:\/\/ranoja.ee\/toode\/mootorioli-synpower-jl-c5-0w20-1l-valvoline\/"},"modified":"2026-03-17T15:37:09","modified_gmt":"2026-03-17T12:37:09","slug":"mootorioli-synpower-jl-c5-0w20-1l-valvoline","status":"publish","type":"product","link":"https:\/\/ranoja.ee\/en\/toode\/mootorioli-synpower-jl-c5-0w20-1l-valvoline\/","title":{"rendered":"Mootori\u00f5li Synpower JL C5 0W20 1L, Valvoline"},"content":{"rendered":"","protected":false},"excerpt":{"rendered":"<p>Kvaliteetne t\u00e4iss\u00fcnteetiline mootori\u00f5li. Loodud maksimaalse j\u00f5udluse ja kaitse tagamiseks igasugustes t\u00f6\u00f6tingimustes. Loodud vastama juhtivate mootoritootjate uusimatele standarditele ja pakkuma k\u00fctuses\u00e4\u00e4stu eeliseid. Sobib kasutamiseks Euro 4, 5, 6 mootorites, millel on DPF-tehnoloogia (diislik\u00fctuse tahkete osakeste filter) ja GPF-tehnoloogia (bensiini tahkete osakeste filter), kus on lubatud viskoossus SAE 0W-20.<\/p>\n<p>\u00dclim kaitse ja j\u00f5udlus:<br \/>\nSynPoweri mootori\u00f5li on valmistatud k\u00f5rgeima kvaliteediga baas\u00f5lide ja uusimate lisanditega, et tagada maksimaalne kaitse ja j\u00f5udlus igasugustes t\u00f6\u00f6tingimustes. Loodud vastama juhtivate mootoritootjate uusimatele standarditele.<\/p>\n<p>Optimeeritud heitgaaside kontrolls\u00fcsteemide jaoks:<br \/>\nSpetsiaalselt loodud kasutamiseks heitgaaside kontrolls\u00fcsteemidega nagu DPF (diislik\u00fctuse tahkete osakeste filter) ja TWC (kolmek\u00e4iguline katal\u00fcsaator). Madal SAPS-i v\u00e4ljund hoiab heitgaaside kontrolls\u00fcsteemi optimaalsetes tingimustes.<\/p>\n<p>Mootori puhtus:<br \/>\nHoiab mootori \u00e4\u00e4rmiselt puhtana, minimeerides ladestusi. Suurep\u00e4rane k\u00fclmk\u00e4ivitusv\u00f5ime. Kohene \u00f5livool madalatel temperatuuridel tagab lihtsa k\u00fclmk\u00e4ivituse ja optimaalse m\u00e4\u00e4rimise sekundite jooksul p\u00e4rast s\u00fc\u00fctamist.<br \/>\nK\u00fctusekulu:<br \/>\nMadal viskoossus ja spetsiaalsed lisandid v\u00e4hendavad maksimaalselt h\u00f5\u00f5rdumist, mis omakorda v\u00e4hendab k\u00fctusekulu.<br \/>\nKulumiskaitse<br \/>\nPakub \u00fclimat kaitset kulumise eest k\u00f5igis t\u00f6\u00f6tingimustes.<br \/>\nOEM-kinnitused<br \/>\nJaguar Land Rover STJLR 51.5122<br \/>\nMB-kinnitus 229.71<br \/>\nJ\u00f5udlustasemed<br \/>\nACEA C5<\/p>\n","protected":false},"featured_media":61417,"template":"","meta":{"inline_featured_image":false},"product_cat":[5012,5033,5032],"product_tag":[],"class_list":{"0":"post-61416","1":"product","2":"type-product","3":"status-publish","4":"has-post-thumbnail","6":"product_brand-valvoline","7":"product_cat-olid-ja-maardeained","8":"product_cat-soiduautode-ja-tarbesoidukite-taissunteetilised-mootoriolid","9":"product_cat-soiduautode-mootoriolid","11":"first","12":"instock","13":"purchasable","14":"product-type-simple"},"yoast_head":"<!-- This site is optimized with the Yoast SEO plugin v27.4 - https:\/\/yoast.com\/product\/yoast-seo-wordpress\/ -->\n<title>Mootori\u00f5li Synpower JL C5 0W20 1L, Valvoline - Ranoja<\/title>\n<meta name=\"robots\" content=\"index, follow, max-snippet:-1, max-image-preview:large, max-video-preview:-1\" \/>\n<link rel=\"canonical\" href=\"https:\/\/ranoja.ee\/toode\/mootorioli-synpower-jl-c5-0w20-1l-valvoline\/\" \/>\n<meta property=\"og:locale\" content=\"en_US\" \/>\n<meta property=\"og:type\" content=\"article\" \/>\n<meta property=\"og:title\" content=\"Mootori\u00f5li Synpower JL C5 0W20 1L, Valvoline - Ranoja\" \/>\n<meta property=\"og:description\" content=\"Kvaliteetne t\u00e4iss\u00fcnteetiline mootori\u00f5li. Loodud maksimaalse j\u00f5udluse ja kaitse tagamiseks igasugustes t\u00f6\u00f6tingimustes. Loodud vastama juhtivate mootoritootjate uusimatele standarditele ja pakkuma k\u00fctuses\u00e4\u00e4stu eeliseid. Sobib kasutamiseks Euro 4, 5, 6 mootorites, millel on DPF-tehnoloogia (diislik\u00fctuse tahkete osakeste filter) ja GPF-tehnoloogia (bensiini tahkete osakeste filter), kus on lubatud viskoossus SAE 0W-20. \u00dclim kaitse ja j\u00f5udlus: SynPoweri mootori\u00f5li on valmistatud k\u00f5rgeima kvaliteediga baas\u00f5lide ja uusimate lisanditega, et tagada maksimaalne kaitse ja j\u00f5udlus igasugustes t\u00f6\u00f6tingimustes. Loodud vastama juhtivate mootoritootjate uusimatele standarditele. Optimeeritud heitgaaside kontrolls\u00fcsteemide jaoks: Spetsiaalselt loodud kasutamiseks heitgaaside kontrolls\u00fcsteemidega nagu DPF (diislik\u00fctuse tahkete osakeste filter) ja TWC (kolmek\u00e4iguline katal\u00fcsaator). Madal SAPS-i v\u00e4ljund hoiab heitgaaside kontrolls\u00fcsteemi optimaalsetes tingimustes. Mootori puhtus: Hoiab mootori \u00e4\u00e4rmiselt puhtana, minimeerides ladestusi. Suurep\u00e4rane k\u00fclmk\u00e4ivitusv\u00f5ime. Kohene \u00f5livool madalatel temperatuuridel tagab lihtsa k\u00fclmk\u00e4ivituse ja optimaalse m\u00e4\u00e4rimise sekundite jooksul p\u00e4rast s\u00fc\u00fctamist. K\u00fctusekulu: Madal viskoossus ja spetsiaalsed lisandid v\u00e4hendavad maksimaalselt h\u00f5\u00f5rdumist, mis omakorda v\u00e4hendab k\u00fctusekulu. Kulumiskaitse Pakub \u00fclimat kaitset kulumise eest k\u00f5igis t\u00f6\u00f6tingimustes. OEM-kinnitused Jaguar Land Rover STJLR 51.5122 MB-kinnitus 229.71 J\u00f5udlustasemed ACEA C5\" \/>\n<meta property=\"og:url\" content=\"https:\/\/ranoja.ee\/toode\/mootorioli-synpower-jl-c5-0w20-1l-valvoline\/\" \/>\n<meta property=\"og:site_name\" content=\"Ranoja\" \/>\n<meta property=\"article:publisher\" content=\"https:\/\/www.facebook.com\/ranoja.ee\" \/>\n<meta property=\"article:modified_time\" content=\"2026-03-17T12:37:09+00:00\" \/>\n<meta property=\"og:image\" content=\"https:\/\/ranoja.ee\/wp-content\/uploads\/2026\/03\/5637152826.jpg\" \/>\n\t<meta property=\"og:image:width\" content=\"900\" \/>\n\t<meta property=\"og:image:height\" content=\"900\" \/>\n\t<meta property=\"og:image:type\" content=\"image\/jpeg\" \/>\n<meta name=\"twitter:card\" content=\"summary_large_image\" \/>\n<script type=\"application\/ld+json\" class=\"yoast-schema-graph\">{\"@context\":\"https:\\\/\\\/schema.org\",\"@graph\":[{\"@type\":\"WebPage\",\"@id\":\"https:\\\/\\\/ranoja.ee\\\/toode\\\/mootorioli-synpower-jl-c5-0w20-1l-valvoline\\\/\",\"url\":\"https:\\\/\\\/ranoja.ee\\\/toode\\\/mootorioli-synpower-jl-c5-0w20-1l-valvoline\\\/\",\"name\":\"Mootori\u00f5li Synpower JL C5 0W20 1L, Valvoline - Ranoja\",\"isPartOf\":{\"@id\":\"https:\\\/\\\/ranoja.ee\\\/#website\"},\"primaryImageOfPage\":{\"@id\":\"https:\\\/\\\/ranoja.ee\\\/toode\\\/mootorioli-synpower-jl-c5-0w20-1l-valvoline\\\/#primaryimage\"},\"image\":{\"@id\":\"https:\\\/\\\/ranoja.ee\\\/toode\\\/mootorioli-synpower-jl-c5-0w20-1l-valvoline\\\/#primaryimage\"},\"thumbnailUrl\":\"https:\\\/\\\/ranoja.ee\\\/wp-content\\\/uploads\\\/2026\\\/03\\\/5637152826.jpg\",\"datePublished\":\"2026-03-16T23:29:15+00:00\",\"dateModified\":\"2026-03-17T12:37:09+00:00\",\"breadcrumb\":{\"@id\":\"https:\\\/\\\/ranoja.ee\\\/toode\\\/mootorioli-synpower-jl-c5-0w20-1l-valvoline\\\/#breadcrumb\"},\"inLanguage\":\"en-US\",\"potentialAction\":[{\"@type\":\"ReadAction\",\"target\":[\"https:\\\/\\\/ranoja.ee\\\/toode\\\/mootorioli-synpower-jl-c5-0w20-1l-valvoline\\\/\"]}]},{\"@type\":\"ImageObject\",\"inLanguage\":\"en-US\",\"@id\":\"https:\\\/\\\/ranoja.ee\\\/toode\\\/mootorioli-synpower-jl-c5-0w20-1l-valvoline\\\/#primaryimage\",\"url\":\"https:\\\/\\\/ranoja.ee\\\/wp-content\\\/uploads\\\/2026\\\/03\\\/5637152826.jpg\",\"contentUrl\":\"https:\\\/\\\/ranoja.ee\\\/wp-content\\\/uploads\\\/2026\\\/03\\\/5637152826.jpg\",\"width\":900,\"height\":900},{\"@type\":\"BreadcrumbList\",\"@id\":\"https:\\\/\\\/ranoja.ee\\\/toode\\\/mootorioli-synpower-jl-c5-0w20-1l-valvoline\\\/#breadcrumb\",\"itemListElement\":[{\"@type\":\"ListItem\",\"position\":1,\"name\":\"Home\",\"item\":\"https:\\\/\\\/ranoja.ee\\\/\"},{\"@type\":\"ListItem\",\"position\":2,\"name\":\"Shop\",\"item\":\"https:\\\/\\\/ranoja.ee\\\/en\\\/shop\\\/\"},{\"@type\":\"ListItem\",\"position\":3,\"name\":\"Mootori\u00f5li Synpower JL C5 0W20 1L, Valvoline\"}]},{\"@type\":\"WebSite\",\"@id\":\"https:\\\/\\\/ranoja.ee\\\/#website\",\"url\":\"https:\\\/\\\/ranoja.ee\\\/\",\"name\":\"Ranoja\",\"description\":\"Equipment Shop WooCommerce WordPress Theme for Machine &amp; Tools\",\"publisher\":{\"@id\":\"https:\\\/\\\/ranoja.ee\\\/#organization\"},\"potentialAction\":[{\"@type\":\"SearchAction\",\"target\":{\"@type\":\"EntryPoint\",\"urlTemplate\":\"https:\\\/\\\/ranoja.ee\\\/?s={search_term_string}\"},\"query-input\":{\"@type\":\"PropertyValueSpecification\",\"valueRequired\":true,\"valueName\":\"search_term_string\"}}],\"inLanguage\":\"en-US\"},{\"@type\":\"Organization\",\"@id\":\"https:\\\/\\\/ranoja.ee\\\/#organization\",\"name\":\"Ranoja O\u00dc\",\"url\":\"https:\\\/\\\/ranoja.ee\\\/\",\"logo\":{\"@type\":\"ImageObject\",\"inLanguage\":\"en-US\",\"@id\":\"https:\\\/\\\/ranoja.ee\\\/#\\\/schema\\\/logo\\\/image\\\/\",\"url\":\"https:\\\/\\\/ranoja.ee\\\/wp-content\\\/uploads\\\/2023\\\/11\\\/ranoja-Logo.png\",\"contentUrl\":\"https:\\\/\\\/ranoja.ee\\\/wp-content\\\/uploads\\\/2023\\\/11\\\/ranoja-Logo.png\",\"width\":207,\"height\":58,\"caption\":\"Ranoja O\u00dc\"},\"image\":{\"@id\":\"https:\\\/\\\/ranoja.ee\\\/#\\\/schema\\\/logo\\\/image\\\/\"},\"sameAs\":[\"https:\\\/\\\/www.facebook.com\\\/ranoja.ee\",\"https:\\\/\\\/www.instagram.com\\\/ranoja__\\\/\"]}]}<\/script>\n<!-- \/ Yoast SEO plugin. -->","yoast_head_json":{"title":"Mootori\u00f5li Synpower JL C5 0W20 1L, Valvoline - Ranoja","robots":{"index":"index","follow":"follow","max-snippet":"max-snippet:-1","max-image-preview":"max-image-preview:large","max-video-preview":"max-video-preview:-1"},"canonical":"https:\/\/ranoja.ee\/toode\/mootorioli-synpower-jl-c5-0w20-1l-valvoline\/","og_locale":"en_US","og_type":"article","og_title":"Mootori\u00f5li Synpower JL C5 0W20 1L, Valvoline - Ranoja","og_description":"Kvaliteetne t\u00e4iss\u00fcnteetiline mootori\u00f5li. Loodud maksimaalse j\u00f5udluse ja kaitse tagamiseks igasugustes t\u00f6\u00f6tingimustes. Loodud vastama juhtivate mootoritootjate uusimatele standarditele ja pakkuma k\u00fctuses\u00e4\u00e4stu eeliseid. Sobib kasutamiseks Euro 4, 5, 6 mootorites, millel on DPF-tehnoloogia (diislik\u00fctuse tahkete osakeste filter) ja GPF-tehnoloogia (bensiini tahkete osakeste filter), kus on lubatud viskoossus SAE 0W-20. \u00dclim kaitse ja j\u00f5udlus: SynPoweri mootori\u00f5li on valmistatud k\u00f5rgeima kvaliteediga baas\u00f5lide ja uusimate lisanditega, et tagada maksimaalne kaitse ja j\u00f5udlus igasugustes t\u00f6\u00f6tingimustes. Loodud vastama juhtivate mootoritootjate uusimatele standarditele. Optimeeritud heitgaaside kontrolls\u00fcsteemide jaoks: Spetsiaalselt loodud kasutamiseks heitgaaside kontrolls\u00fcsteemidega nagu DPF (diislik\u00fctuse tahkete osakeste filter) ja TWC (kolmek\u00e4iguline katal\u00fcsaator). Madal SAPS-i v\u00e4ljund hoiab heitgaaside kontrolls\u00fcsteemi optimaalsetes tingimustes. Mootori puhtus: Hoiab mootori \u00e4\u00e4rmiselt puhtana, minimeerides ladestusi. Suurep\u00e4rane k\u00fclmk\u00e4ivitusv\u00f5ime. Kohene \u00f5livool madalatel temperatuuridel tagab lihtsa k\u00fclmk\u00e4ivituse ja optimaalse m\u00e4\u00e4rimise sekundite jooksul p\u00e4rast s\u00fc\u00fctamist. K\u00fctusekulu: Madal viskoossus ja spetsiaalsed lisandid v\u00e4hendavad maksimaalselt h\u00f5\u00f5rdumist, mis omakorda v\u00e4hendab k\u00fctusekulu. Kulumiskaitse Pakub \u00fclimat kaitset kulumise eest k\u00f5igis t\u00f6\u00f6tingimustes. OEM-kinnitused Jaguar Land Rover STJLR 51.5122 MB-kinnitus 229.71 J\u00f5udlustasemed ACEA C5","og_url":"https:\/\/ranoja.ee\/toode\/mootorioli-synpower-jl-c5-0w20-1l-valvoline\/","og_site_name":"Ranoja","article_publisher":"https:\/\/www.facebook.com\/ranoja.ee","article_modified_time":"2026-03-17T12:37:09+00:00","og_image":[{"width":900,"height":900,"url":"https:\/\/ranoja.ee\/wp-content\/uploads\/2026\/03\/5637152826.jpg","type":"image\/jpeg"}],"twitter_card":"summary_large_image","schema":{"@context":"https:\/\/schema.org","@graph":[{"@type":"WebPage","@id":"https:\/\/ranoja.ee\/toode\/mootorioli-synpower-jl-c5-0w20-1l-valvoline\/","url":"https:\/\/ranoja.ee\/toode\/mootorioli-synpower-jl-c5-0w20-1l-valvoline\/","name":"Mootori\u00f5li Synpower JL C5 0W20 1L, Valvoline - Ranoja","isPartOf":{"@id":"https:\/\/ranoja.ee\/#website"},"primaryImageOfPage":{"@id":"https:\/\/ranoja.ee\/toode\/mootorioli-synpower-jl-c5-0w20-1l-valvoline\/#primaryimage"},"image":{"@id":"https:\/\/ranoja.ee\/toode\/mootorioli-synpower-jl-c5-0w20-1l-valvoline\/#primaryimage"},"thumbnailUrl":"https:\/\/ranoja.ee\/wp-content\/uploads\/2026\/03\/5637152826.jpg","datePublished":"2026-03-16T23:29:15+00:00","dateModified":"2026-03-17T12:37:09+00:00","breadcrumb":{"@id":"https:\/\/ranoja.ee\/toode\/mootorioli-synpower-jl-c5-0w20-1l-valvoline\/#breadcrumb"},"inLanguage":"en-US","potentialAction":[{"@type":"ReadAction","target":["https:\/\/ranoja.ee\/toode\/mootorioli-synpower-jl-c5-0w20-1l-valvoline\/"]}]},{"@type":"ImageObject","inLanguage":"en-US","@id":"https:\/\/ranoja.ee\/toode\/mootorioli-synpower-jl-c5-0w20-1l-valvoline\/#primaryimage","url":"https:\/\/ranoja.ee\/wp-content\/uploads\/2026\/03\/5637152826.jpg","contentUrl":"https:\/\/ranoja.ee\/wp-content\/uploads\/2026\/03\/5637152826.jpg","width":900,"height":900},{"@type":"BreadcrumbList","@id":"https:\/\/ranoja.ee\/toode\/mootorioli-synpower-jl-c5-0w20-1l-valvoline\/#breadcrumb","itemListElement":[{"@type":"ListItem","position":1,"name":"Home","item":"https:\/\/ranoja.ee\/"},{"@type":"ListItem","position":2,"name":"Shop","item":"https:\/\/ranoja.ee\/en\/shop\/"},{"@type":"ListItem","position":3,"name":"Mootori\u00f5li Synpower JL C5 0W20 1L, Valvoline"}]},{"@type":"WebSite","@id":"https:\/\/ranoja.ee\/#website","url":"https:\/\/ranoja.ee\/","name":"Ranoja","description":"Equipment Shop WooCommerce WordPress Theme for Machine &amp; Tools","publisher":{"@id":"https:\/\/ranoja.ee\/#organization"},"potentialAction":[{"@type":"SearchAction","target":{"@type":"EntryPoint","urlTemplate":"https:\/\/ranoja.ee\/?s={search_term_string}"},"query-input":{"@type":"PropertyValueSpecification","valueRequired":true,"valueName":"search_term_string"}}],"inLanguage":"en-US"},{"@type":"Organization","@id":"https:\/\/ranoja.ee\/#organization","name":"Ranoja O\u00dc","url":"https:\/\/ranoja.ee\/","logo":{"@type":"ImageObject","inLanguage":"en-US","@id":"https:\/\/ranoja.ee\/#\/schema\/logo\/image\/","url":"https:\/\/ranoja.ee\/wp-content\/uploads\/2023\/11\/ranoja-Logo.png","contentUrl":"https:\/\/ranoja.ee\/wp-content\/uploads\/2023\/11\/ranoja-Logo.png","width":207,"height":58,"caption":"Ranoja O\u00dc"},"image":{"@id":"https:\/\/ranoja.ee\/#\/schema\/logo\/image\/"},"sameAs":["https:\/\/www.facebook.com\/ranoja.ee","https:\/\/www.instagram.com\/ranoja__\/"]}]}},"_links":{"self":[{"href":"https:\/\/ranoja.ee\/en\/wp-json\/wp\/v2\/product\/61416","targetHints":{"allow":["GET"]}}],"collection":[{"href":"https:\/\/ranoja.ee\/en\/wp-json\/wp\/v2\/product"}],"about":[{"href":"https:\/\/ranoja.ee\/en\/wp-json\/wp\/v2\/types\/product"}],"wp:featuredmedia":[{"embeddable":true,"href":"https:\/\/ranoja.ee\/en\/wp-json\/wp\/v2\/media\/61417"}],"wp:attachment":[{"href":"https:\/\/ranoja.ee\/en\/wp-json\/wp\/v2\/media?parent=61416"}],"wp:term":[{"taxonomy":"product_cat","embeddable":true,"href":"https:\/\/ranoja.ee\/en\/wp-json\/wp\/v2\/product_cat?post=61416"},{"taxonomy":"product_tag","embeddable":true,"href":"https:\/\/ranoja.ee\/en\/wp-json\/wp\/v2\/product_tag?post=61416"}],"curies":[{"name":"wp","href":"https:\/\/api.w.org\/{rel}","templated":true}]}}