{"id":61390,"date":"2026-03-17T02:29:15","date_gmt":"2026-03-16T23:29:15","guid":{"rendered":"https:\/\/ranoja.ee\/toode\/mootorioli-synpower-mst-fe-c5-0w20-5l-valvoline\/"},"modified":"2026-03-17T15:37:10","modified_gmt":"2026-03-17T12:37:10","slug":"mootorioli-synpower-mst-fe-c5-0w20-5l-valvoline","status":"publish","type":"product","link":"https:\/\/ranoja.ee\/en\/toode\/mootorioli-synpower-mst-fe-c5-0w20-5l-valvoline\/","title":{"rendered":"Mootori\u00f5li Synpower MST FE C5 0W20 5L, Valvoline"},"content":{"rendered":"","protected":false},"excerpt":{"rendered":"<p>SynPower on loodud pakkuma \u00fclimat j\u00f5udlust ja kaitset k\u00f5igis t\u00f6\u00f6tingimustes ning vastab juhtivate mootoritootjate uusimatele standarditele. SynPower MST FE C5 0W-20 on loodud vastama Stellantise (endine PSA Group) m\u00e4\u00e4rdeaine spetsifikatsioonile PSA B71 2010. MST FE C5 on loodud s\u00e4ilitama k\u00fctuses\u00e4\u00e4stlikkust kergveokites, millel on t\u00e4iustatud j\u00e4relt\u00f6\u00f6tluss\u00fcsteemid, n\u00e4iteks DPF, GPF ja SCR, mille puhul on soovitatav kasutada 0W-20. Sobib ka teistele s\u00f5idukitele, mille puhul on vaja 0W-20 ACEA C5 mootori\u00f5li.<\/p>\n<p>Heakskiidud:<br \/>\nPSA B71 2010<br \/>\nRenault RN17FE<\/p>\n<p>Spetsifikatsioonid:<br \/>\nACEA C5<br \/>\nAPI SP<\/p>\n","protected":false},"featured_media":61391,"template":"","meta":{"inline_featured_image":false},"product_cat":[5012,5033,5032],"product_tag":[],"class_list":{"0":"post-61390","1":"product","2":"type-product","3":"status-publish","4":"has-post-thumbnail","6":"product_brand-valvoline","7":"product_cat-olid-ja-maardeained","8":"product_cat-soiduautode-ja-tarbesoidukite-taissunteetilised-mootoriolid","9":"product_cat-soiduautode-mootoriolid","11":"first","12":"instock","13":"purchasable","14":"product-type-simple"},"yoast_head":"<!-- This site is optimized with the Yoast SEO plugin v27.4 - https:\/\/yoast.com\/product\/yoast-seo-wordpress\/ -->\n<title>Mootori\u00f5li Synpower MST FE C5 0W20 5L, Valvoline - Ranoja<\/title>\n<meta name=\"robots\" content=\"index, follow, max-snippet:-1, max-image-preview:large, max-video-preview:-1\" \/>\n<link rel=\"canonical\" href=\"https:\/\/ranoja.ee\/toode\/mootorioli-synpower-mst-fe-c5-0w20-5l-valvoline\/\" \/>\n<meta property=\"og:locale\" content=\"en_US\" \/>\n<meta property=\"og:type\" content=\"article\" \/>\n<meta property=\"og:title\" content=\"Mootori\u00f5li Synpower MST FE C5 0W20 5L, Valvoline - Ranoja\" \/>\n<meta property=\"og:description\" content=\"SynPower on loodud pakkuma \u00fclimat j\u00f5udlust ja kaitset k\u00f5igis t\u00f6\u00f6tingimustes ning vastab juhtivate mootoritootjate uusimatele standarditele. SynPower MST FE C5 0W-20 on loodud vastama Stellantise (endine PSA Group) m\u00e4\u00e4rdeaine spetsifikatsioonile PSA B71 2010. MST FE C5 on loodud s\u00e4ilitama k\u00fctuses\u00e4\u00e4stlikkust kergveokites, millel on t\u00e4iustatud j\u00e4relt\u00f6\u00f6tluss\u00fcsteemid, n\u00e4iteks DPF, GPF ja SCR, mille puhul on soovitatav kasutada 0W-20. Sobib ka teistele s\u00f5idukitele, mille puhul on vaja 0W-20 ACEA C5 mootori\u00f5li. Heakskiidud: PSA B71 2010 Renault RN17FE Spetsifikatsioonid: ACEA C5 API SP\" \/>\n<meta property=\"og:url\" content=\"https:\/\/ranoja.ee\/toode\/mootorioli-synpower-mst-fe-c5-0w20-5l-valvoline\/\" \/>\n<meta property=\"og:site_name\" content=\"Ranoja\" \/>\n<meta property=\"article:publisher\" content=\"https:\/\/www.facebook.com\/ranoja.ee\" \/>\n<meta property=\"article:modified_time\" content=\"2026-03-17T12:37:10+00:00\" \/>\n<meta property=\"og:image\" content=\"https:\/\/ranoja.ee\/wp-content\/uploads\/2026\/03\/5637343063.jpg\" \/>\n\t<meta property=\"og:image:width\" content=\"521\" \/>\n\t<meta property=\"og:image:height\" content=\"900\" \/>\n\t<meta property=\"og:image:type\" content=\"image\/jpeg\" \/>\n<meta name=\"twitter:card\" content=\"summary_large_image\" \/>\n<script type=\"application\/ld+json\" class=\"yoast-schema-graph\">{\"@context\":\"https:\\\/\\\/schema.org\",\"@graph\":[{\"@type\":\"WebPage\",\"@id\":\"https:\\\/\\\/ranoja.ee\\\/toode\\\/mootorioli-synpower-mst-fe-c5-0w20-5l-valvoline\\\/\",\"url\":\"https:\\\/\\\/ranoja.ee\\\/toode\\\/mootorioli-synpower-mst-fe-c5-0w20-5l-valvoline\\\/\",\"name\":\"Mootori\u00f5li Synpower MST FE C5 0W20 5L, Valvoline - Ranoja\",\"isPartOf\":{\"@id\":\"https:\\\/\\\/ranoja.ee\\\/#website\"},\"primaryImageOfPage\":{\"@id\":\"https:\\\/\\\/ranoja.ee\\\/toode\\\/mootorioli-synpower-mst-fe-c5-0w20-5l-valvoline\\\/#primaryimage\"},\"image\":{\"@id\":\"https:\\\/\\\/ranoja.ee\\\/toode\\\/mootorioli-synpower-mst-fe-c5-0w20-5l-valvoline\\\/#primaryimage\"},\"thumbnailUrl\":\"https:\\\/\\\/ranoja.ee\\\/wp-content\\\/uploads\\\/2026\\\/03\\\/5637343063.jpg\",\"datePublished\":\"2026-03-16T23:29:15+00:00\",\"dateModified\":\"2026-03-17T12:37:10+00:00\",\"breadcrumb\":{\"@id\":\"https:\\\/\\\/ranoja.ee\\\/toode\\\/mootorioli-synpower-mst-fe-c5-0w20-5l-valvoline\\\/#breadcrumb\"},\"inLanguage\":\"en-US\",\"potentialAction\":[{\"@type\":\"ReadAction\",\"target\":[\"https:\\\/\\\/ranoja.ee\\\/toode\\\/mootorioli-synpower-mst-fe-c5-0w20-5l-valvoline\\\/\"]}]},{\"@type\":\"ImageObject\",\"inLanguage\":\"en-US\",\"@id\":\"https:\\\/\\\/ranoja.ee\\\/toode\\\/mootorioli-synpower-mst-fe-c5-0w20-5l-valvoline\\\/#primaryimage\",\"url\":\"https:\\\/\\\/ranoja.ee\\\/wp-content\\\/uploads\\\/2026\\\/03\\\/5637343063.jpg\",\"contentUrl\":\"https:\\\/\\\/ranoja.ee\\\/wp-content\\\/uploads\\\/2026\\\/03\\\/5637343063.jpg\",\"width\":521,\"height\":900},{\"@type\":\"BreadcrumbList\",\"@id\":\"https:\\\/\\\/ranoja.ee\\\/toode\\\/mootorioli-synpower-mst-fe-c5-0w20-5l-valvoline\\\/#breadcrumb\",\"itemListElement\":[{\"@type\":\"ListItem\",\"position\":1,\"name\":\"Home\",\"item\":\"https:\\\/\\\/ranoja.ee\\\/\"},{\"@type\":\"ListItem\",\"position\":2,\"name\":\"Shop\",\"item\":\"https:\\\/\\\/ranoja.ee\\\/en\\\/shop\\\/\"},{\"@type\":\"ListItem\",\"position\":3,\"name\":\"Mootori\u00f5li Synpower MST FE C5 0W20 5L, Valvoline\"}]},{\"@type\":\"WebSite\",\"@id\":\"https:\\\/\\\/ranoja.ee\\\/#website\",\"url\":\"https:\\\/\\\/ranoja.ee\\\/\",\"name\":\"Ranoja\",\"description\":\"Equipment Shop WooCommerce WordPress Theme for Machine &amp; Tools\",\"publisher\":{\"@id\":\"https:\\\/\\\/ranoja.ee\\\/#organization\"},\"potentialAction\":[{\"@type\":\"SearchAction\",\"target\":{\"@type\":\"EntryPoint\",\"urlTemplate\":\"https:\\\/\\\/ranoja.ee\\\/?s={search_term_string}\"},\"query-input\":{\"@type\":\"PropertyValueSpecification\",\"valueRequired\":true,\"valueName\":\"search_term_string\"}}],\"inLanguage\":\"en-US\"},{\"@type\":\"Organization\",\"@id\":\"https:\\\/\\\/ranoja.ee\\\/#organization\",\"name\":\"Ranoja O\u00dc\",\"url\":\"https:\\\/\\\/ranoja.ee\\\/\",\"logo\":{\"@type\":\"ImageObject\",\"inLanguage\":\"en-US\",\"@id\":\"https:\\\/\\\/ranoja.ee\\\/#\\\/schema\\\/logo\\\/image\\\/\",\"url\":\"https:\\\/\\\/ranoja.ee\\\/wp-content\\\/uploads\\\/2023\\\/11\\\/ranoja-Logo.png\",\"contentUrl\":\"https:\\\/\\\/ranoja.ee\\\/wp-content\\\/uploads\\\/2023\\\/11\\\/ranoja-Logo.png\",\"width\":207,\"height\":58,\"caption\":\"Ranoja O\u00dc\"},\"image\":{\"@id\":\"https:\\\/\\\/ranoja.ee\\\/#\\\/schema\\\/logo\\\/image\\\/\"},\"sameAs\":[\"https:\\\/\\\/www.facebook.com\\\/ranoja.ee\",\"https:\\\/\\\/www.instagram.com\\\/ranoja__\\\/\"]}]}<\/script>\n<!-- \/ Yoast SEO plugin. -->","yoast_head_json":{"title":"Mootori\u00f5li Synpower MST FE C5 0W20 5L, Valvoline - Ranoja","robots":{"index":"index","follow":"follow","max-snippet":"max-snippet:-1","max-image-preview":"max-image-preview:large","max-video-preview":"max-video-preview:-1"},"canonical":"https:\/\/ranoja.ee\/toode\/mootorioli-synpower-mst-fe-c5-0w20-5l-valvoline\/","og_locale":"en_US","og_type":"article","og_title":"Mootori\u00f5li Synpower MST FE C5 0W20 5L, Valvoline - Ranoja","og_description":"SynPower on loodud pakkuma \u00fclimat j\u00f5udlust ja kaitset k\u00f5igis t\u00f6\u00f6tingimustes ning vastab juhtivate mootoritootjate uusimatele standarditele. SynPower MST FE C5 0W-20 on loodud vastama Stellantise (endine PSA Group) m\u00e4\u00e4rdeaine spetsifikatsioonile PSA B71 2010. MST FE C5 on loodud s\u00e4ilitama k\u00fctuses\u00e4\u00e4stlikkust kergveokites, millel on t\u00e4iustatud j\u00e4relt\u00f6\u00f6tluss\u00fcsteemid, n\u00e4iteks DPF, GPF ja SCR, mille puhul on soovitatav kasutada 0W-20. Sobib ka teistele s\u00f5idukitele, mille puhul on vaja 0W-20 ACEA C5 mootori\u00f5li. Heakskiidud: PSA B71 2010 Renault RN17FE Spetsifikatsioonid: ACEA C5 API SP","og_url":"https:\/\/ranoja.ee\/toode\/mootorioli-synpower-mst-fe-c5-0w20-5l-valvoline\/","og_site_name":"Ranoja","article_publisher":"https:\/\/www.facebook.com\/ranoja.ee","article_modified_time":"2026-03-17T12:37:10+00:00","og_image":[{"width":521,"height":900,"url":"https:\/\/ranoja.ee\/wp-content\/uploads\/2026\/03\/5637343063.jpg","type":"image\/jpeg"}],"twitter_card":"summary_large_image","schema":{"@context":"https:\/\/schema.org","@graph":[{"@type":"WebPage","@id":"https:\/\/ranoja.ee\/toode\/mootorioli-synpower-mst-fe-c5-0w20-5l-valvoline\/","url":"https:\/\/ranoja.ee\/toode\/mootorioli-synpower-mst-fe-c5-0w20-5l-valvoline\/","name":"Mootori\u00f5li Synpower MST FE C5 0W20 5L, Valvoline - Ranoja","isPartOf":{"@id":"https:\/\/ranoja.ee\/#website"},"primaryImageOfPage":{"@id":"https:\/\/ranoja.ee\/toode\/mootorioli-synpower-mst-fe-c5-0w20-5l-valvoline\/#primaryimage"},"image":{"@id":"https:\/\/ranoja.ee\/toode\/mootorioli-synpower-mst-fe-c5-0w20-5l-valvoline\/#primaryimage"},"thumbnailUrl":"https:\/\/ranoja.ee\/wp-content\/uploads\/2026\/03\/5637343063.jpg","datePublished":"2026-03-16T23:29:15+00:00","dateModified":"2026-03-17T12:37:10+00:00","breadcrumb":{"@id":"https:\/\/ranoja.ee\/toode\/mootorioli-synpower-mst-fe-c5-0w20-5l-valvoline\/#breadcrumb"},"inLanguage":"en-US","potentialAction":[{"@type":"ReadAction","target":["https:\/\/ranoja.ee\/toode\/mootorioli-synpower-mst-fe-c5-0w20-5l-valvoline\/"]}]},{"@type":"ImageObject","inLanguage":"en-US","@id":"https:\/\/ranoja.ee\/toode\/mootorioli-synpower-mst-fe-c5-0w20-5l-valvoline\/#primaryimage","url":"https:\/\/ranoja.ee\/wp-content\/uploads\/2026\/03\/5637343063.jpg","contentUrl":"https:\/\/ranoja.ee\/wp-content\/uploads\/2026\/03\/5637343063.jpg","width":521,"height":900},{"@type":"BreadcrumbList","@id":"https:\/\/ranoja.ee\/toode\/mootorioli-synpower-mst-fe-c5-0w20-5l-valvoline\/#breadcrumb","itemListElement":[{"@type":"ListItem","position":1,"name":"Home","item":"https:\/\/ranoja.ee\/"},{"@type":"ListItem","position":2,"name":"Shop","item":"https:\/\/ranoja.ee\/en\/shop\/"},{"@type":"ListItem","position":3,"name":"Mootori\u00f5li Synpower MST FE C5 0W20 5L, Valvoline"}]},{"@type":"WebSite","@id":"https:\/\/ranoja.ee\/#website","url":"https:\/\/ranoja.ee\/","name":"Ranoja","description":"Equipment Shop WooCommerce WordPress Theme for Machine &amp; Tools","publisher":{"@id":"https:\/\/ranoja.ee\/#organization"},"potentialAction":[{"@type":"SearchAction","target":{"@type":"EntryPoint","urlTemplate":"https:\/\/ranoja.ee\/?s={search_term_string}"},"query-input":{"@type":"PropertyValueSpecification","valueRequired":true,"valueName":"search_term_string"}}],"inLanguage":"en-US"},{"@type":"Organization","@id":"https:\/\/ranoja.ee\/#organization","name":"Ranoja O\u00dc","url":"https:\/\/ranoja.ee\/","logo":{"@type":"ImageObject","inLanguage":"en-US","@id":"https:\/\/ranoja.ee\/#\/schema\/logo\/image\/","url":"https:\/\/ranoja.ee\/wp-content\/uploads\/2023\/11\/ranoja-Logo.png","contentUrl":"https:\/\/ranoja.ee\/wp-content\/uploads\/2023\/11\/ranoja-Logo.png","width":207,"height":58,"caption":"Ranoja O\u00dc"},"image":{"@id":"https:\/\/ranoja.ee\/#\/schema\/logo\/image\/"},"sameAs":["https:\/\/www.facebook.com\/ranoja.ee","https:\/\/www.instagram.com\/ranoja__\/"]}]}},"_links":{"self":[{"href":"https:\/\/ranoja.ee\/en\/wp-json\/wp\/v2\/product\/61390","targetHints":{"allow":["GET"]}}],"collection":[{"href":"https:\/\/ranoja.ee\/en\/wp-json\/wp\/v2\/product"}],"about":[{"href":"https:\/\/ranoja.ee\/en\/wp-json\/wp\/v2\/types\/product"}],"wp:featuredmedia":[{"embeddable":true,"href":"https:\/\/ranoja.ee\/en\/wp-json\/wp\/v2\/media\/61391"}],"wp:attachment":[{"href":"https:\/\/ranoja.ee\/en\/wp-json\/wp\/v2\/media?parent=61390"}],"wp:term":[{"taxonomy":"product_cat","embeddable":true,"href":"https:\/\/ranoja.ee\/en\/wp-json\/wp\/v2\/product_cat?post=61390"},{"taxonomy":"product_tag","embeddable":true,"href":"https:\/\/ranoja.ee\/en\/wp-json\/wp\/v2\/product_tag?post=61390"}],"curies":[{"name":"wp","href":"https:\/\/api.w.org\/{rel}","templated":true}]}}