{"id":61388,"date":"2026-03-17T02:29:15","date_gmt":"2026-03-16T23:29:15","guid":{"rendered":"https:\/\/ranoja.ee\/toode\/toruloikur-tubix-xl-metalltorudele-6-76mm-%c2%bc-3-knipex\/"},"modified":"2026-03-17T15:37:10","modified_gmt":"2026-03-17T12:37:10","slug":"toruloikur-tubix-xl-metalltorudele-6-76mm-%c2%bc-3-knipex","status":"publish","type":"product","link":"https:\/\/ranoja.ee\/en\/toode\/toruloikur-tubix-xl-metalltorudele-6-76mm-%c2%bc-3-knipex\/","title":{"rendered":"Torul\u00f5ikur Tubix XL metalltorudele 6-76mm, \u00bc-3&#8243;, Knipex"},"content":{"rendered":"","protected":false},"excerpt":{"rendered":"<p>Vedruga QuickLock mehhanism hoiab peale torule asetamist t\u00f6\u00f6riista kindlalt selle k\u00fcljes. <br \/>\nK\u00f5rge kvaliteediga n\u00f5ellaagritel l\u00f5ikeketas ja neli juhtrullikut teevad l\u00f5ikamise eriti lihtsaks. <br \/>\nL\u00f5ikab torusid l\u00e4bim\u00f5\u00f5duga 6-76mm (1\/4\u00b4\u00b4-3\u00b4\u00b4) ja seina paksusega kuni 2mm. <br \/>\nL\u00f5ikeketas on valmistatud laagriterasest. <br \/>\nL\u00f5ikekettal on t\u00f6\u00f6riistavaba kiirvahetuse s\u00fcsteem: varuketas asub k\u00e4epideme sees. <br \/>\nTugev ja kerge alumiiniumist valmistatud kere. <br \/>\nKere sisse integreeritud eemaldatav torufaasija. <br \/>\nL\u00f5ikab roostevabast, vasest, pronksist ja terasest vee ning gaasi torusid. <br \/>\nSobib ka \u00fchesooneliste j\u00e4medate kaablite l\u00f5ikamiseks ning terasarmeeringuga kaablite koorimiseks. <\/p>\n","protected":false},"featured_media":61389,"template":"","meta":{"inline_featured_image":false},"product_cat":[5302,5299,5043],"product_tag":[],"class_list":{"0":"post-61388","1":"product","2":"type-product","3":"status-publish","4":"has-post-thumbnail","6":"product_brand-knipex","7":"product_cat-metalltoru-loikurid","8":"product_cat-toruloike-tooriistad","9":"product_cat-torutooriistad","11":"first","12":"instock","13":"purchasable","14":"product-type-simple"},"yoast_head":"<!-- This site is optimized with the Yoast SEO plugin v27.4 - https:\/\/yoast.com\/product\/yoast-seo-wordpress\/ -->\n<title>Torul\u00f5ikur Tubix XL metalltorudele 6-76mm, \u00bc-3&quot;, Knipex - Ranoja<\/title>\n<meta name=\"robots\" content=\"index, follow, max-snippet:-1, max-image-preview:large, max-video-preview:-1\" \/>\n<link rel=\"canonical\" href=\"https:\/\/ranoja.ee\/toode\/toruloikur-tubix-xl-metalltorudele-6-76mm-\u00bc-3-knipex\/\" \/>\n<meta property=\"og:locale\" content=\"en_US\" \/>\n<meta property=\"og:type\" content=\"article\" \/>\n<meta property=\"og:title\" content=\"Torul\u00f5ikur Tubix XL metalltorudele 6-76mm, \u00bc-3&quot;, Knipex - Ranoja\" \/>\n<meta property=\"og:description\" content=\"Vedruga QuickLock mehhanism hoiab peale torule asetamist t\u00f6\u00f6riista kindlalt selle k\u00fcljes. K\u00f5rge kvaliteediga n\u00f5ellaagritel l\u00f5ikeketas ja neli juhtrullikut teevad l\u00f5ikamise eriti lihtsaks. L\u00f5ikab torusid l\u00e4bim\u00f5\u00f5duga 6-76mm (1\/4\u00b4\u00b4-3\u00b4\u00b4) ja seina paksusega kuni 2mm. L\u00f5ikeketas on valmistatud laagriterasest. L\u00f5ikekettal on t\u00f6\u00f6riistavaba kiirvahetuse s\u00fcsteem: varuketas asub k\u00e4epideme sees. Tugev ja kerge alumiiniumist valmistatud kere. Kere sisse integreeritud eemaldatav torufaasija. L\u00f5ikab roostevabast, vasest, pronksist ja terasest vee ning gaasi torusid. Sobib ka \u00fchesooneliste j\u00e4medate kaablite l\u00f5ikamiseks ning terasarmeeringuga kaablite koorimiseks.\" \/>\n<meta property=\"og:url\" content=\"https:\/\/ranoja.ee\/toode\/toruloikur-tubix-xl-metalltorudele-6-76mm-\u00bc-3-knipex\/\" \/>\n<meta property=\"og:site_name\" content=\"Ranoja\" \/>\n<meta property=\"article:publisher\" content=\"https:\/\/www.facebook.com\/ranoja.ee\" \/>\n<meta property=\"article:modified_time\" content=\"2026-03-17T12:37:10+00:00\" \/>\n<meta property=\"og:image\" content=\"https:\/\/ranoja.ee\/wp-content\/uploads\/2026\/03\/238221046.jpg\" \/>\n\t<meta property=\"og:image:width\" content=\"900\" \/>\n\t<meta property=\"og:image:height\" content=\"900\" \/>\n\t<meta property=\"og:image:type\" content=\"image\/jpeg\" \/>\n<meta name=\"twitter:card\" content=\"summary_large_image\" \/>\n<script type=\"application\/ld+json\" class=\"yoast-schema-graph\">{\"@context\":\"https:\\\/\\\/schema.org\",\"@graph\":[{\"@type\":\"WebPage\",\"@id\":\"https:\\\/\\\/ranoja.ee\\\/toode\\\/toruloikur-tubix-xl-metalltorudele-6-76mm-%c2%bc-3-knipex\\\/\",\"url\":\"https:\\\/\\\/ranoja.ee\\\/toode\\\/toruloikur-tubix-xl-metalltorudele-6-76mm-%c2%bc-3-knipex\\\/\",\"name\":\"Torul\u00f5ikur Tubix XL metalltorudele 6-76mm, \u00bc-3\\\", Knipex - Ranoja\",\"isPartOf\":{\"@id\":\"https:\\\/\\\/ranoja.ee\\\/#website\"},\"primaryImageOfPage\":{\"@id\":\"https:\\\/\\\/ranoja.ee\\\/toode\\\/toruloikur-tubix-xl-metalltorudele-6-76mm-%c2%bc-3-knipex\\\/#primaryimage\"},\"image\":{\"@id\":\"https:\\\/\\\/ranoja.ee\\\/toode\\\/toruloikur-tubix-xl-metalltorudele-6-76mm-%c2%bc-3-knipex\\\/#primaryimage\"},\"thumbnailUrl\":\"https:\\\/\\\/ranoja.ee\\\/wp-content\\\/uploads\\\/2026\\\/03\\\/238221046.jpg\",\"datePublished\":\"2026-03-16T23:29:15+00:00\",\"dateModified\":\"2026-03-17T12:37:10+00:00\",\"breadcrumb\":{\"@id\":\"https:\\\/\\\/ranoja.ee\\\/toode\\\/toruloikur-tubix-xl-metalltorudele-6-76mm-%c2%bc-3-knipex\\\/#breadcrumb\"},\"inLanguage\":\"en-US\",\"potentialAction\":[{\"@type\":\"ReadAction\",\"target\":[\"https:\\\/\\\/ranoja.ee\\\/toode\\\/toruloikur-tubix-xl-metalltorudele-6-76mm-%c2%bc-3-knipex\\\/\"]}]},{\"@type\":\"ImageObject\",\"inLanguage\":\"en-US\",\"@id\":\"https:\\\/\\\/ranoja.ee\\\/toode\\\/toruloikur-tubix-xl-metalltorudele-6-76mm-%c2%bc-3-knipex\\\/#primaryimage\",\"url\":\"https:\\\/\\\/ranoja.ee\\\/wp-content\\\/uploads\\\/2026\\\/03\\\/238221046.jpg\",\"contentUrl\":\"https:\\\/\\\/ranoja.ee\\\/wp-content\\\/uploads\\\/2026\\\/03\\\/238221046.jpg\",\"width\":900,\"height\":900},{\"@type\":\"BreadcrumbList\",\"@id\":\"https:\\\/\\\/ranoja.ee\\\/toode\\\/toruloikur-tubix-xl-metalltorudele-6-76mm-%c2%bc-3-knipex\\\/#breadcrumb\",\"itemListElement\":[{\"@type\":\"ListItem\",\"position\":1,\"name\":\"Home\",\"item\":\"https:\\\/\\\/ranoja.ee\\\/\"},{\"@type\":\"ListItem\",\"position\":2,\"name\":\"Shop\",\"item\":\"https:\\\/\\\/ranoja.ee\\\/en\\\/shop\\\/\"},{\"@type\":\"ListItem\",\"position\":3,\"name\":\"Torul\u00f5ikur Tubix XL metalltorudele 6-76mm, \u00bc-3&#8243;, Knipex\"}]},{\"@type\":\"WebSite\",\"@id\":\"https:\\\/\\\/ranoja.ee\\\/#website\",\"url\":\"https:\\\/\\\/ranoja.ee\\\/\",\"name\":\"Ranoja\",\"description\":\"Equipment Shop WooCommerce WordPress Theme for Machine &amp; Tools\",\"publisher\":{\"@id\":\"https:\\\/\\\/ranoja.ee\\\/#organization\"},\"potentialAction\":[{\"@type\":\"SearchAction\",\"target\":{\"@type\":\"EntryPoint\",\"urlTemplate\":\"https:\\\/\\\/ranoja.ee\\\/?s={search_term_string}\"},\"query-input\":{\"@type\":\"PropertyValueSpecification\",\"valueRequired\":true,\"valueName\":\"search_term_string\"}}],\"inLanguage\":\"en-US\"},{\"@type\":\"Organization\",\"@id\":\"https:\\\/\\\/ranoja.ee\\\/#organization\",\"name\":\"Ranoja O\u00dc\",\"url\":\"https:\\\/\\\/ranoja.ee\\\/\",\"logo\":{\"@type\":\"ImageObject\",\"inLanguage\":\"en-US\",\"@id\":\"https:\\\/\\\/ranoja.ee\\\/#\\\/schema\\\/logo\\\/image\\\/\",\"url\":\"https:\\\/\\\/ranoja.ee\\\/wp-content\\\/uploads\\\/2023\\\/11\\\/ranoja-Logo.png\",\"contentUrl\":\"https:\\\/\\\/ranoja.ee\\\/wp-content\\\/uploads\\\/2023\\\/11\\\/ranoja-Logo.png\",\"width\":207,\"height\":58,\"caption\":\"Ranoja O\u00dc\"},\"image\":{\"@id\":\"https:\\\/\\\/ranoja.ee\\\/#\\\/schema\\\/logo\\\/image\\\/\"},\"sameAs\":[\"https:\\\/\\\/www.facebook.com\\\/ranoja.ee\",\"https:\\\/\\\/www.instagram.com\\\/ranoja__\\\/\"]}]}<\/script>\n<!-- \/ Yoast SEO plugin. -->","yoast_head_json":{"title":"Torul\u00f5ikur Tubix XL metalltorudele 6-76mm, \u00bc-3\", Knipex - Ranoja","robots":{"index":"index","follow":"follow","max-snippet":"max-snippet:-1","max-image-preview":"max-image-preview:large","max-video-preview":"max-video-preview:-1"},"canonical":"https:\/\/ranoja.ee\/toode\/toruloikur-tubix-xl-metalltorudele-6-76mm-\u00bc-3-knipex\/","og_locale":"en_US","og_type":"article","og_title":"Torul\u00f5ikur Tubix XL metalltorudele 6-76mm, \u00bc-3\", Knipex - Ranoja","og_description":"Vedruga QuickLock mehhanism hoiab peale torule asetamist t\u00f6\u00f6riista kindlalt selle k\u00fcljes. K\u00f5rge kvaliteediga n\u00f5ellaagritel l\u00f5ikeketas ja neli juhtrullikut teevad l\u00f5ikamise eriti lihtsaks. L\u00f5ikab torusid l\u00e4bim\u00f5\u00f5duga 6-76mm (1\/4\u00b4\u00b4-3\u00b4\u00b4) ja seina paksusega kuni 2mm. L\u00f5ikeketas on valmistatud laagriterasest. L\u00f5ikekettal on t\u00f6\u00f6riistavaba kiirvahetuse s\u00fcsteem: varuketas asub k\u00e4epideme sees. Tugev ja kerge alumiiniumist valmistatud kere. Kere sisse integreeritud eemaldatav torufaasija. L\u00f5ikab roostevabast, vasest, pronksist ja terasest vee ning gaasi torusid. Sobib ka \u00fchesooneliste j\u00e4medate kaablite l\u00f5ikamiseks ning terasarmeeringuga kaablite koorimiseks.","og_url":"https:\/\/ranoja.ee\/toode\/toruloikur-tubix-xl-metalltorudele-6-76mm-\u00bc-3-knipex\/","og_site_name":"Ranoja","article_publisher":"https:\/\/www.facebook.com\/ranoja.ee","article_modified_time":"2026-03-17T12:37:10+00:00","og_image":[{"width":900,"height":900,"url":"https:\/\/ranoja.ee\/wp-content\/uploads\/2026\/03\/238221046.jpg","type":"image\/jpeg"}],"twitter_card":"summary_large_image","schema":{"@context":"https:\/\/schema.org","@graph":[{"@type":"WebPage","@id":"https:\/\/ranoja.ee\/toode\/toruloikur-tubix-xl-metalltorudele-6-76mm-%c2%bc-3-knipex\/","url":"https:\/\/ranoja.ee\/toode\/toruloikur-tubix-xl-metalltorudele-6-76mm-%c2%bc-3-knipex\/","name":"Torul\u00f5ikur Tubix XL metalltorudele 6-76mm, \u00bc-3\", Knipex - Ranoja","isPartOf":{"@id":"https:\/\/ranoja.ee\/#website"},"primaryImageOfPage":{"@id":"https:\/\/ranoja.ee\/toode\/toruloikur-tubix-xl-metalltorudele-6-76mm-%c2%bc-3-knipex\/#primaryimage"},"image":{"@id":"https:\/\/ranoja.ee\/toode\/toruloikur-tubix-xl-metalltorudele-6-76mm-%c2%bc-3-knipex\/#primaryimage"},"thumbnailUrl":"https:\/\/ranoja.ee\/wp-content\/uploads\/2026\/03\/238221046.jpg","datePublished":"2026-03-16T23:29:15+00:00","dateModified":"2026-03-17T12:37:10+00:00","breadcrumb":{"@id":"https:\/\/ranoja.ee\/toode\/toruloikur-tubix-xl-metalltorudele-6-76mm-%c2%bc-3-knipex\/#breadcrumb"},"inLanguage":"en-US","potentialAction":[{"@type":"ReadAction","target":["https:\/\/ranoja.ee\/toode\/toruloikur-tubix-xl-metalltorudele-6-76mm-%c2%bc-3-knipex\/"]}]},{"@type":"ImageObject","inLanguage":"en-US","@id":"https:\/\/ranoja.ee\/toode\/toruloikur-tubix-xl-metalltorudele-6-76mm-%c2%bc-3-knipex\/#primaryimage","url":"https:\/\/ranoja.ee\/wp-content\/uploads\/2026\/03\/238221046.jpg","contentUrl":"https:\/\/ranoja.ee\/wp-content\/uploads\/2026\/03\/238221046.jpg","width":900,"height":900},{"@type":"BreadcrumbList","@id":"https:\/\/ranoja.ee\/toode\/toruloikur-tubix-xl-metalltorudele-6-76mm-%c2%bc-3-knipex\/#breadcrumb","itemListElement":[{"@type":"ListItem","position":1,"name":"Home","item":"https:\/\/ranoja.ee\/"},{"@type":"ListItem","position":2,"name":"Shop","item":"https:\/\/ranoja.ee\/en\/shop\/"},{"@type":"ListItem","position":3,"name":"Torul\u00f5ikur Tubix XL metalltorudele 6-76mm, \u00bc-3&#8243;, Knipex"}]},{"@type":"WebSite","@id":"https:\/\/ranoja.ee\/#website","url":"https:\/\/ranoja.ee\/","name":"Ranoja","description":"Equipment Shop WooCommerce WordPress Theme for Machine &amp; Tools","publisher":{"@id":"https:\/\/ranoja.ee\/#organization"},"potentialAction":[{"@type":"SearchAction","target":{"@type":"EntryPoint","urlTemplate":"https:\/\/ranoja.ee\/?s={search_term_string}"},"query-input":{"@type":"PropertyValueSpecification","valueRequired":true,"valueName":"search_term_string"}}],"inLanguage":"en-US"},{"@type":"Organization","@id":"https:\/\/ranoja.ee\/#organization","name":"Ranoja O\u00dc","url":"https:\/\/ranoja.ee\/","logo":{"@type":"ImageObject","inLanguage":"en-US","@id":"https:\/\/ranoja.ee\/#\/schema\/logo\/image\/","url":"https:\/\/ranoja.ee\/wp-content\/uploads\/2023\/11\/ranoja-Logo.png","contentUrl":"https:\/\/ranoja.ee\/wp-content\/uploads\/2023\/11\/ranoja-Logo.png","width":207,"height":58,"caption":"Ranoja O\u00dc"},"image":{"@id":"https:\/\/ranoja.ee\/#\/schema\/logo\/image\/"},"sameAs":["https:\/\/www.facebook.com\/ranoja.ee","https:\/\/www.instagram.com\/ranoja__\/"]}]}},"_links":{"self":[{"href":"https:\/\/ranoja.ee\/en\/wp-json\/wp\/v2\/product\/61388","targetHints":{"allow":["GET"]}}],"collection":[{"href":"https:\/\/ranoja.ee\/en\/wp-json\/wp\/v2\/product"}],"about":[{"href":"https:\/\/ranoja.ee\/en\/wp-json\/wp\/v2\/types\/product"}],"wp:featuredmedia":[{"embeddable":true,"href":"https:\/\/ranoja.ee\/en\/wp-json\/wp\/v2\/media\/61389"}],"wp:attachment":[{"href":"https:\/\/ranoja.ee\/en\/wp-json\/wp\/v2\/media?parent=61388"}],"wp:term":[{"taxonomy":"product_cat","embeddable":true,"href":"https:\/\/ranoja.ee\/en\/wp-json\/wp\/v2\/product_cat?post=61388"},{"taxonomy":"product_tag","embeddable":true,"href":"https:\/\/ranoja.ee\/en\/wp-json\/wp\/v2\/product_tag?post=61388"}],"curies":[{"name":"wp","href":"https:\/\/api.w.org\/{rel}","templated":true}]}}