{"id":61386,"date":"2026-03-17T02:28:50","date_gmt":"2026-03-16T23:28:50","guid":{"rendered":"https:\/\/ranoja.ee\/toode\/aku-torupress-romax-4000-karkass-kohvris-cas-rothenberger\/"},"modified":"2026-03-17T15:37:10","modified_gmt":"2026-03-17T12:37:10","slug":"aku-torupress-romax-4000-karkass-kohvris-cas-rothenberger","status":"publish","type":"product","link":"https:\/\/ranoja.ee\/en\/toode\/aku-torupress-romax-4000-karkass-kohvris-cas-rothenberger\/","title":{"rendered":"Aku-torupress ROMAX 4000 karkass, kohvris CAS, Rothenberger"},"content":{"rendered":"","protected":false},"excerpt":{"rendered":"<p>Romax 4000 on suure j\u00f5udlusega pressmasin toruliitmikele, mis t\u00f6\u00f6tab uuenduslike CAS akudel. <br \/>\nPressj\u00f5ud 32 kN \/ 40 mm<br \/>\nPressimisvahemik  \u00d812 &#8211; 110 mm<br \/>\nKaal 3,6kg<br \/>\nT\u00f6\u00f6temperatuur  -10 kuni +60 kraadi<\/p>\n<p>Cordless Alliance System (CAS) on \u00fchine akuplatvorm erinevate tootjate akut\u00f6\u00f6riistadele. 100% \u00fchilduvus!<br \/>\nSeda t\u00f6\u00f6riista saab kasutada Metabo ja paljude teiste tootjate sama voldiklassi CAS-logoga t\u00e4histatud akude ja laadijatega.<br \/>\nRohkem infot: https:\/\/cordless-alliance-system.com\/ <\/p>\n","protected":false},"featured_media":61387,"template":"","meta":{"inline_featured_image":false},"product_cat":[5451,5450,5043],"product_tag":[],"class_list":{"0":"post-61386","1":"product","2":"type-product","3":"status-publish","4":"has-post-thumbnail","6":"product_brand-rothenberger","7":"product_cat-pressmasinad","8":"product_cat-torupressimisseadmed","9":"product_cat-torutooriistad","11":"first","12":"instock","13":"purchasable","14":"product-type-simple"},"yoast_head":"<!-- This site is optimized with the Yoast SEO plugin v27.4 - https:\/\/yoast.com\/product\/yoast-seo-wordpress\/ -->\n<title>Aku-torupress ROMAX 4000 karkass, kohvris CAS, Rothenberger - Ranoja<\/title>\n<meta name=\"robots\" content=\"index, follow, max-snippet:-1, max-image-preview:large, max-video-preview:-1\" \/>\n<link rel=\"canonical\" href=\"https:\/\/ranoja.ee\/toode\/aku-torupress-romax-4000-karkass-kohvris-cas-rothenberger\/\" \/>\n<meta property=\"og:locale\" content=\"en_US\" \/>\n<meta property=\"og:type\" content=\"article\" \/>\n<meta property=\"og:title\" content=\"Aku-torupress ROMAX 4000 karkass, kohvris CAS, Rothenberger - Ranoja\" \/>\n<meta property=\"og:description\" content=\"Romax 4000 on suure j\u00f5udlusega pressmasin toruliitmikele, mis t\u00f6\u00f6tab uuenduslike CAS akudel. Pressj\u00f5ud 32 kN \/ 40 mm Pressimisvahemik \u00d812 - 110 mm Kaal 3,6kg T\u00f6\u00f6temperatuur -10 kuni +60 kraadi Cordless Alliance System (CAS) on \u00fchine akuplatvorm erinevate tootjate akut\u00f6\u00f6riistadele. 100% \u00fchilduvus! Seda t\u00f6\u00f6riista saab kasutada Metabo ja paljude teiste tootjate sama voldiklassi CAS-logoga t\u00e4histatud akude ja laadijatega. Rohkem infot: https:\/\/cordless-alliance-system.com\/\" \/>\n<meta property=\"og:url\" content=\"https:\/\/ranoja.ee\/toode\/aku-torupress-romax-4000-karkass-kohvris-cas-rothenberger\/\" \/>\n<meta property=\"og:site_name\" content=\"Ranoja\" \/>\n<meta property=\"article:publisher\" content=\"https:\/\/www.facebook.com\/ranoja.ee\" \/>\n<meta property=\"article:modified_time\" content=\"2026-03-17T12:37:10+00:00\" \/>\n<meta property=\"og:image\" content=\"https:\/\/ranoja.ee\/wp-content\/uploads\/2026\/03\/216130588.jpeg\" \/>\n\t<meta property=\"og:image:width\" content=\"500\" \/>\n\t<meta property=\"og:image:height\" content=\"242\" \/>\n\t<meta property=\"og:image:type\" content=\"image\/jpeg\" \/>\n<meta name=\"twitter:card\" content=\"summary_large_image\" \/>\n<script type=\"application\/ld+json\" class=\"yoast-schema-graph\">{\"@context\":\"https:\\\/\\\/schema.org\",\"@graph\":[{\"@type\":\"WebPage\",\"@id\":\"https:\\\/\\\/ranoja.ee\\\/toode\\\/aku-torupress-romax-4000-karkass-kohvris-cas-rothenberger\\\/\",\"url\":\"https:\\\/\\\/ranoja.ee\\\/toode\\\/aku-torupress-romax-4000-karkass-kohvris-cas-rothenberger\\\/\",\"name\":\"Aku-torupress ROMAX 4000 karkass, kohvris CAS, Rothenberger - Ranoja\",\"isPartOf\":{\"@id\":\"https:\\\/\\\/ranoja.ee\\\/#website\"},\"primaryImageOfPage\":{\"@id\":\"https:\\\/\\\/ranoja.ee\\\/toode\\\/aku-torupress-romax-4000-karkass-kohvris-cas-rothenberger\\\/#primaryimage\"},\"image\":{\"@id\":\"https:\\\/\\\/ranoja.ee\\\/toode\\\/aku-torupress-romax-4000-karkass-kohvris-cas-rothenberger\\\/#primaryimage\"},\"thumbnailUrl\":\"https:\\\/\\\/ranoja.ee\\\/wp-content\\\/uploads\\\/2026\\\/03\\\/216130588.jpeg\",\"datePublished\":\"2026-03-16T23:28:50+00:00\",\"dateModified\":\"2026-03-17T12:37:10+00:00\",\"breadcrumb\":{\"@id\":\"https:\\\/\\\/ranoja.ee\\\/toode\\\/aku-torupress-romax-4000-karkass-kohvris-cas-rothenberger\\\/#breadcrumb\"},\"inLanguage\":\"en-US\",\"potentialAction\":[{\"@type\":\"ReadAction\",\"target\":[\"https:\\\/\\\/ranoja.ee\\\/toode\\\/aku-torupress-romax-4000-karkass-kohvris-cas-rothenberger\\\/\"]}]},{\"@type\":\"ImageObject\",\"inLanguage\":\"en-US\",\"@id\":\"https:\\\/\\\/ranoja.ee\\\/toode\\\/aku-torupress-romax-4000-karkass-kohvris-cas-rothenberger\\\/#primaryimage\",\"url\":\"https:\\\/\\\/ranoja.ee\\\/wp-content\\\/uploads\\\/2026\\\/03\\\/216130588.jpeg\",\"contentUrl\":\"https:\\\/\\\/ranoja.ee\\\/wp-content\\\/uploads\\\/2026\\\/03\\\/216130588.jpeg\",\"width\":500,\"height\":242},{\"@type\":\"BreadcrumbList\",\"@id\":\"https:\\\/\\\/ranoja.ee\\\/toode\\\/aku-torupress-romax-4000-karkass-kohvris-cas-rothenberger\\\/#breadcrumb\",\"itemListElement\":[{\"@type\":\"ListItem\",\"position\":1,\"name\":\"Home\",\"item\":\"https:\\\/\\\/ranoja.ee\\\/\"},{\"@type\":\"ListItem\",\"position\":2,\"name\":\"Shop\",\"item\":\"https:\\\/\\\/ranoja.ee\\\/en\\\/shop\\\/\"},{\"@type\":\"ListItem\",\"position\":3,\"name\":\"Aku-torupress ROMAX 4000 karkass, kohvris CAS, Rothenberger\"}]},{\"@type\":\"WebSite\",\"@id\":\"https:\\\/\\\/ranoja.ee\\\/#website\",\"url\":\"https:\\\/\\\/ranoja.ee\\\/\",\"name\":\"Ranoja\",\"description\":\"Equipment Shop WooCommerce WordPress Theme for Machine &amp; Tools\",\"publisher\":{\"@id\":\"https:\\\/\\\/ranoja.ee\\\/#organization\"},\"potentialAction\":[{\"@type\":\"SearchAction\",\"target\":{\"@type\":\"EntryPoint\",\"urlTemplate\":\"https:\\\/\\\/ranoja.ee\\\/?s={search_term_string}\"},\"query-input\":{\"@type\":\"PropertyValueSpecification\",\"valueRequired\":true,\"valueName\":\"search_term_string\"}}],\"inLanguage\":\"en-US\"},{\"@type\":\"Organization\",\"@id\":\"https:\\\/\\\/ranoja.ee\\\/#organization\",\"name\":\"Ranoja O\u00dc\",\"url\":\"https:\\\/\\\/ranoja.ee\\\/\",\"logo\":{\"@type\":\"ImageObject\",\"inLanguage\":\"en-US\",\"@id\":\"https:\\\/\\\/ranoja.ee\\\/#\\\/schema\\\/logo\\\/image\\\/\",\"url\":\"https:\\\/\\\/ranoja.ee\\\/wp-content\\\/uploads\\\/2023\\\/11\\\/ranoja-Logo.png\",\"contentUrl\":\"https:\\\/\\\/ranoja.ee\\\/wp-content\\\/uploads\\\/2023\\\/11\\\/ranoja-Logo.png\",\"width\":207,\"height\":58,\"caption\":\"Ranoja O\u00dc\"},\"image\":{\"@id\":\"https:\\\/\\\/ranoja.ee\\\/#\\\/schema\\\/logo\\\/image\\\/\"},\"sameAs\":[\"https:\\\/\\\/www.facebook.com\\\/ranoja.ee\",\"https:\\\/\\\/www.instagram.com\\\/ranoja__\\\/\"]}]}<\/script>\n<!-- \/ Yoast SEO plugin. -->","yoast_head_json":{"title":"Aku-torupress ROMAX 4000 karkass, kohvris CAS, Rothenberger - Ranoja","robots":{"index":"index","follow":"follow","max-snippet":"max-snippet:-1","max-image-preview":"max-image-preview:large","max-video-preview":"max-video-preview:-1"},"canonical":"https:\/\/ranoja.ee\/toode\/aku-torupress-romax-4000-karkass-kohvris-cas-rothenberger\/","og_locale":"en_US","og_type":"article","og_title":"Aku-torupress ROMAX 4000 karkass, kohvris CAS, Rothenberger - Ranoja","og_description":"Romax 4000 on suure j\u00f5udlusega pressmasin toruliitmikele, mis t\u00f6\u00f6tab uuenduslike CAS akudel. Pressj\u00f5ud 32 kN \/ 40 mm Pressimisvahemik \u00d812 - 110 mm Kaal 3,6kg T\u00f6\u00f6temperatuur -10 kuni +60 kraadi Cordless Alliance System (CAS) on \u00fchine akuplatvorm erinevate tootjate akut\u00f6\u00f6riistadele. 100% \u00fchilduvus! Seda t\u00f6\u00f6riista saab kasutada Metabo ja paljude teiste tootjate sama voldiklassi CAS-logoga t\u00e4histatud akude ja laadijatega. Rohkem infot: https:\/\/cordless-alliance-system.com\/","og_url":"https:\/\/ranoja.ee\/toode\/aku-torupress-romax-4000-karkass-kohvris-cas-rothenberger\/","og_site_name":"Ranoja","article_publisher":"https:\/\/www.facebook.com\/ranoja.ee","article_modified_time":"2026-03-17T12:37:10+00:00","og_image":[{"width":500,"height":242,"url":"https:\/\/ranoja.ee\/wp-content\/uploads\/2026\/03\/216130588.jpeg","type":"image\/jpeg"}],"twitter_card":"summary_large_image","schema":{"@context":"https:\/\/schema.org","@graph":[{"@type":"WebPage","@id":"https:\/\/ranoja.ee\/toode\/aku-torupress-romax-4000-karkass-kohvris-cas-rothenberger\/","url":"https:\/\/ranoja.ee\/toode\/aku-torupress-romax-4000-karkass-kohvris-cas-rothenberger\/","name":"Aku-torupress ROMAX 4000 karkass, kohvris CAS, Rothenberger - Ranoja","isPartOf":{"@id":"https:\/\/ranoja.ee\/#website"},"primaryImageOfPage":{"@id":"https:\/\/ranoja.ee\/toode\/aku-torupress-romax-4000-karkass-kohvris-cas-rothenberger\/#primaryimage"},"image":{"@id":"https:\/\/ranoja.ee\/toode\/aku-torupress-romax-4000-karkass-kohvris-cas-rothenberger\/#primaryimage"},"thumbnailUrl":"https:\/\/ranoja.ee\/wp-content\/uploads\/2026\/03\/216130588.jpeg","datePublished":"2026-03-16T23:28:50+00:00","dateModified":"2026-03-17T12:37:10+00:00","breadcrumb":{"@id":"https:\/\/ranoja.ee\/toode\/aku-torupress-romax-4000-karkass-kohvris-cas-rothenberger\/#breadcrumb"},"inLanguage":"en-US","potentialAction":[{"@type":"ReadAction","target":["https:\/\/ranoja.ee\/toode\/aku-torupress-romax-4000-karkass-kohvris-cas-rothenberger\/"]}]},{"@type":"ImageObject","inLanguage":"en-US","@id":"https:\/\/ranoja.ee\/toode\/aku-torupress-romax-4000-karkass-kohvris-cas-rothenberger\/#primaryimage","url":"https:\/\/ranoja.ee\/wp-content\/uploads\/2026\/03\/216130588.jpeg","contentUrl":"https:\/\/ranoja.ee\/wp-content\/uploads\/2026\/03\/216130588.jpeg","width":500,"height":242},{"@type":"BreadcrumbList","@id":"https:\/\/ranoja.ee\/toode\/aku-torupress-romax-4000-karkass-kohvris-cas-rothenberger\/#breadcrumb","itemListElement":[{"@type":"ListItem","position":1,"name":"Home","item":"https:\/\/ranoja.ee\/"},{"@type":"ListItem","position":2,"name":"Shop","item":"https:\/\/ranoja.ee\/en\/shop\/"},{"@type":"ListItem","position":3,"name":"Aku-torupress ROMAX 4000 karkass, kohvris CAS, Rothenberger"}]},{"@type":"WebSite","@id":"https:\/\/ranoja.ee\/#website","url":"https:\/\/ranoja.ee\/","name":"Ranoja","description":"Equipment Shop WooCommerce WordPress Theme for Machine &amp; Tools","publisher":{"@id":"https:\/\/ranoja.ee\/#organization"},"potentialAction":[{"@type":"SearchAction","target":{"@type":"EntryPoint","urlTemplate":"https:\/\/ranoja.ee\/?s={search_term_string}"},"query-input":{"@type":"PropertyValueSpecification","valueRequired":true,"valueName":"search_term_string"}}],"inLanguage":"en-US"},{"@type":"Organization","@id":"https:\/\/ranoja.ee\/#organization","name":"Ranoja O\u00dc","url":"https:\/\/ranoja.ee\/","logo":{"@type":"ImageObject","inLanguage":"en-US","@id":"https:\/\/ranoja.ee\/#\/schema\/logo\/image\/","url":"https:\/\/ranoja.ee\/wp-content\/uploads\/2023\/11\/ranoja-Logo.png","contentUrl":"https:\/\/ranoja.ee\/wp-content\/uploads\/2023\/11\/ranoja-Logo.png","width":207,"height":58,"caption":"Ranoja O\u00dc"},"image":{"@id":"https:\/\/ranoja.ee\/#\/schema\/logo\/image\/"},"sameAs":["https:\/\/www.facebook.com\/ranoja.ee","https:\/\/www.instagram.com\/ranoja__\/"]}]}},"_links":{"self":[{"href":"https:\/\/ranoja.ee\/en\/wp-json\/wp\/v2\/product\/61386","targetHints":{"allow":["GET"]}}],"collection":[{"href":"https:\/\/ranoja.ee\/en\/wp-json\/wp\/v2\/product"}],"about":[{"href":"https:\/\/ranoja.ee\/en\/wp-json\/wp\/v2\/types\/product"}],"wp:featuredmedia":[{"embeddable":true,"href":"https:\/\/ranoja.ee\/en\/wp-json\/wp\/v2\/media\/61387"}],"wp:attachment":[{"href":"https:\/\/ranoja.ee\/en\/wp-json\/wp\/v2\/media?parent=61386"}],"wp:term":[{"taxonomy":"product_cat","embeddable":true,"href":"https:\/\/ranoja.ee\/en\/wp-json\/wp\/v2\/product_cat?post=61386"},{"taxonomy":"product_tag","embeddable":true,"href":"https:\/\/ranoja.ee\/en\/wp-json\/wp\/v2\/product_tag?post=61386"}],"curies":[{"name":"wp","href":"https:\/\/api.w.org\/{rel}","templated":true}]}}