{"id":61382,"date":"2026-03-17T02:28:50","date_gmt":"2026-03-16T23:28:50","guid":{"rendered":"https:\/\/ranoja.ee\/toode\/suruohu-puhastuspustol-polstrile-tornado-1l-ks-tools\/"},"modified":"2026-03-17T15:37:10","modified_gmt":"2026-03-17T12:37:10","slug":"suruohu-puhastuspustol-polstrile-tornado-1l-ks-tools","status":"publish","type":"product","link":"https:\/\/ranoja.ee\/en\/toode\/suruohu-puhastuspustol-polstrile-tornado-1l-ks-tools\/","title":{"rendered":"Suru\u00f5hu puhastusp\u00fcstol polstrile tornado, 1L, KS Tools"},"content":{"rendered":"","protected":false},"excerpt":{"rendered":"<p>Sobib ideaalselt polstrite, uksepostide, \u00f5hutuskanalite, vaipade, jalmattide, tekstiilistmete jne professionaalseks puhastamiseks. Suru\u00f5huga kasutatav, lihtne k\u00e4sitsemine.<br \/>\nAinulaadne, ts\u00fckliline, kuullaagritega p\u00f6\u00f6rlev puhastustehnoloogia.<br \/>\nT\u00f5hus ja energias\u00e4\u00e4stlik t\u00e4nu sihip\u00e4raselt tekitatud \u00f5hukeeristele.<br \/>\nK\u00f5igile v\u00f5imalikele pindadele niiskelt v\u00f5i kuivalt puhastamiseks.<br \/>\nSobib ka raskesti ligip\u00e4\u00e4setavatele kohtadele, nt istmete ja \u00f5mbluste vahel.<br \/>\nPeenelt pihustatava puhastuslahuse t\u00f5ttu kuivavad puhastatavad pinnad ka eriti kiiresti.<br \/>\nR\u00f5huregulaatoriga. Kaasas on 360\u00b0 p\u00f6\u00f6ratav ja 30\u00b0 painutatav kuulliigendiga pistiknippel.<\/p>\n<p>Max 6,3 bar (90psi)<br \/>\nVooliku kinnitus 1\/4\u00b4\u00b4<br \/>\npaak 1L<br \/>\n\u00f5hukulu 160 l\/min<\/p>\n","protected":false},"featured_media":61383,"template":"","meta":{"inline_featured_image":false},"product_cat":[5137,5136],"product_tag":[],"class_list":{"0":"post-61382","1":"product","2":"type-product","3":"status-publish","4":"has-post-thumbnail","6":"product_brand-ks-tools","7":"product_cat-pneumotarvikud","8":"product_cat-suruohutooriistad-ja-kompressorid","10":"first","11":"instock","12":"purchasable","13":"product-type-simple"},"yoast_head":"<!-- This site is optimized with the Yoast SEO plugin v27.4 - https:\/\/yoast.com\/product\/yoast-seo-wordpress\/ -->\n<title>Suru\u00f5hu puhastusp\u00fcstol polstrile tornado, 1L, KS Tools - Ranoja<\/title>\n<meta name=\"robots\" content=\"index, follow, max-snippet:-1, max-image-preview:large, max-video-preview:-1\" \/>\n<link rel=\"canonical\" href=\"https:\/\/ranoja.ee\/toode\/suruohu-puhastuspustol-polstrile-tornado-1l-ks-tools\/\" \/>\n<meta property=\"og:locale\" content=\"en_US\" \/>\n<meta property=\"og:type\" content=\"article\" \/>\n<meta property=\"og:title\" content=\"Suru\u00f5hu puhastusp\u00fcstol polstrile tornado, 1L, KS Tools - Ranoja\" \/>\n<meta property=\"og:description\" content=\"Sobib ideaalselt polstrite, uksepostide, \u00f5hutuskanalite, vaipade, jalmattide, tekstiilistmete jne professionaalseks puhastamiseks. Suru\u00f5huga kasutatav, lihtne k\u00e4sitsemine. Ainulaadne, ts\u00fckliline, kuullaagritega p\u00f6\u00f6rlev puhastustehnoloogia. T\u00f5hus ja energias\u00e4\u00e4stlik t\u00e4nu sihip\u00e4raselt tekitatud \u00f5hukeeristele. K\u00f5igile v\u00f5imalikele pindadele niiskelt v\u00f5i kuivalt puhastamiseks. Sobib ka raskesti ligip\u00e4\u00e4setavatele kohtadele, nt istmete ja \u00f5mbluste vahel. Peenelt pihustatava puhastuslahuse t\u00f5ttu kuivavad puhastatavad pinnad ka eriti kiiresti. R\u00f5huregulaatoriga. Kaasas on 360\u00b0 p\u00f6\u00f6ratav ja 30\u00b0 painutatav kuulliigendiga pistiknippel. Max 6,3 bar (90psi) Vooliku kinnitus 1\/4\u00b4\u00b4 paak 1L \u00f5hukulu 160 l\/min\" \/>\n<meta property=\"og:url\" content=\"https:\/\/ranoja.ee\/toode\/suruohu-puhastuspustol-polstrile-tornado-1l-ks-tools\/\" \/>\n<meta property=\"og:site_name\" content=\"Ranoja\" \/>\n<meta property=\"article:publisher\" content=\"https:\/\/www.facebook.com\/ranoja.ee\" \/>\n<meta property=\"article:modified_time\" content=\"2026-03-17T12:37:10+00:00\" \/>\n<meta property=\"og:image\" content=\"https:\/\/ranoja.ee\/wp-content\/uploads\/2026\/03\/184599259.jpg\" \/>\n\t<meta property=\"og:image:width\" content=\"768\" \/>\n\t<meta property=\"og:image:height\" content=\"768\" \/>\n\t<meta property=\"og:image:type\" content=\"image\/jpeg\" \/>\n<meta name=\"twitter:card\" content=\"summary_large_image\" \/>\n<script type=\"application\/ld+json\" class=\"yoast-schema-graph\">{\"@context\":\"https:\\\/\\\/schema.org\",\"@graph\":[{\"@type\":\"WebPage\",\"@id\":\"https:\\\/\\\/ranoja.ee\\\/toode\\\/suruohu-puhastuspustol-polstrile-tornado-1l-ks-tools\\\/\",\"url\":\"https:\\\/\\\/ranoja.ee\\\/toode\\\/suruohu-puhastuspustol-polstrile-tornado-1l-ks-tools\\\/\",\"name\":\"Suru\u00f5hu puhastusp\u00fcstol polstrile tornado, 1L, KS Tools - Ranoja\",\"isPartOf\":{\"@id\":\"https:\\\/\\\/ranoja.ee\\\/#website\"},\"primaryImageOfPage\":{\"@id\":\"https:\\\/\\\/ranoja.ee\\\/toode\\\/suruohu-puhastuspustol-polstrile-tornado-1l-ks-tools\\\/#primaryimage\"},\"image\":{\"@id\":\"https:\\\/\\\/ranoja.ee\\\/toode\\\/suruohu-puhastuspustol-polstrile-tornado-1l-ks-tools\\\/#primaryimage\"},\"thumbnailUrl\":\"https:\\\/\\\/ranoja.ee\\\/wp-content\\\/uploads\\\/2026\\\/03\\\/184599259.jpg\",\"datePublished\":\"2026-03-16T23:28:50+00:00\",\"dateModified\":\"2026-03-17T12:37:10+00:00\",\"breadcrumb\":{\"@id\":\"https:\\\/\\\/ranoja.ee\\\/toode\\\/suruohu-puhastuspustol-polstrile-tornado-1l-ks-tools\\\/#breadcrumb\"},\"inLanguage\":\"en-US\",\"potentialAction\":[{\"@type\":\"ReadAction\",\"target\":[\"https:\\\/\\\/ranoja.ee\\\/toode\\\/suruohu-puhastuspustol-polstrile-tornado-1l-ks-tools\\\/\"]}]},{\"@type\":\"ImageObject\",\"inLanguage\":\"en-US\",\"@id\":\"https:\\\/\\\/ranoja.ee\\\/toode\\\/suruohu-puhastuspustol-polstrile-tornado-1l-ks-tools\\\/#primaryimage\",\"url\":\"https:\\\/\\\/ranoja.ee\\\/wp-content\\\/uploads\\\/2026\\\/03\\\/184599259.jpg\",\"contentUrl\":\"https:\\\/\\\/ranoja.ee\\\/wp-content\\\/uploads\\\/2026\\\/03\\\/184599259.jpg\",\"width\":768,\"height\":768},{\"@type\":\"BreadcrumbList\",\"@id\":\"https:\\\/\\\/ranoja.ee\\\/toode\\\/suruohu-puhastuspustol-polstrile-tornado-1l-ks-tools\\\/#breadcrumb\",\"itemListElement\":[{\"@type\":\"ListItem\",\"position\":1,\"name\":\"Home\",\"item\":\"https:\\\/\\\/ranoja.ee\\\/\"},{\"@type\":\"ListItem\",\"position\":2,\"name\":\"Shop\",\"item\":\"https:\\\/\\\/ranoja.ee\\\/en\\\/shop\\\/\"},{\"@type\":\"ListItem\",\"position\":3,\"name\":\"Suru\u00f5hu puhastusp\u00fcstol polstrile tornado, 1L, KS Tools\"}]},{\"@type\":\"WebSite\",\"@id\":\"https:\\\/\\\/ranoja.ee\\\/#website\",\"url\":\"https:\\\/\\\/ranoja.ee\\\/\",\"name\":\"Ranoja\",\"description\":\"Equipment Shop WooCommerce WordPress Theme for Machine &amp; Tools\",\"publisher\":{\"@id\":\"https:\\\/\\\/ranoja.ee\\\/#organization\"},\"potentialAction\":[{\"@type\":\"SearchAction\",\"target\":{\"@type\":\"EntryPoint\",\"urlTemplate\":\"https:\\\/\\\/ranoja.ee\\\/?s={search_term_string}\"},\"query-input\":{\"@type\":\"PropertyValueSpecification\",\"valueRequired\":true,\"valueName\":\"search_term_string\"}}],\"inLanguage\":\"en-US\"},{\"@type\":\"Organization\",\"@id\":\"https:\\\/\\\/ranoja.ee\\\/#organization\",\"name\":\"Ranoja O\u00dc\",\"url\":\"https:\\\/\\\/ranoja.ee\\\/\",\"logo\":{\"@type\":\"ImageObject\",\"inLanguage\":\"en-US\",\"@id\":\"https:\\\/\\\/ranoja.ee\\\/#\\\/schema\\\/logo\\\/image\\\/\",\"url\":\"https:\\\/\\\/ranoja.ee\\\/wp-content\\\/uploads\\\/2023\\\/11\\\/ranoja-Logo.png\",\"contentUrl\":\"https:\\\/\\\/ranoja.ee\\\/wp-content\\\/uploads\\\/2023\\\/11\\\/ranoja-Logo.png\",\"width\":207,\"height\":58,\"caption\":\"Ranoja O\u00dc\"},\"image\":{\"@id\":\"https:\\\/\\\/ranoja.ee\\\/#\\\/schema\\\/logo\\\/image\\\/\"},\"sameAs\":[\"https:\\\/\\\/www.facebook.com\\\/ranoja.ee\",\"https:\\\/\\\/www.instagram.com\\\/ranoja__\\\/\"]}]}<\/script>\n<!-- \/ Yoast SEO plugin. -->","yoast_head_json":{"title":"Suru\u00f5hu puhastusp\u00fcstol polstrile tornado, 1L, KS Tools - Ranoja","robots":{"index":"index","follow":"follow","max-snippet":"max-snippet:-1","max-image-preview":"max-image-preview:large","max-video-preview":"max-video-preview:-1"},"canonical":"https:\/\/ranoja.ee\/toode\/suruohu-puhastuspustol-polstrile-tornado-1l-ks-tools\/","og_locale":"en_US","og_type":"article","og_title":"Suru\u00f5hu puhastusp\u00fcstol polstrile tornado, 1L, KS Tools - Ranoja","og_description":"Sobib ideaalselt polstrite, uksepostide, \u00f5hutuskanalite, vaipade, jalmattide, tekstiilistmete jne professionaalseks puhastamiseks. Suru\u00f5huga kasutatav, lihtne k\u00e4sitsemine. Ainulaadne, ts\u00fckliline, kuullaagritega p\u00f6\u00f6rlev puhastustehnoloogia. T\u00f5hus ja energias\u00e4\u00e4stlik t\u00e4nu sihip\u00e4raselt tekitatud \u00f5hukeeristele. K\u00f5igile v\u00f5imalikele pindadele niiskelt v\u00f5i kuivalt puhastamiseks. Sobib ka raskesti ligip\u00e4\u00e4setavatele kohtadele, nt istmete ja \u00f5mbluste vahel. Peenelt pihustatava puhastuslahuse t\u00f5ttu kuivavad puhastatavad pinnad ka eriti kiiresti. R\u00f5huregulaatoriga. Kaasas on 360\u00b0 p\u00f6\u00f6ratav ja 30\u00b0 painutatav kuulliigendiga pistiknippel. Max 6,3 bar (90psi) Vooliku kinnitus 1\/4\u00b4\u00b4 paak 1L \u00f5hukulu 160 l\/min","og_url":"https:\/\/ranoja.ee\/toode\/suruohu-puhastuspustol-polstrile-tornado-1l-ks-tools\/","og_site_name":"Ranoja","article_publisher":"https:\/\/www.facebook.com\/ranoja.ee","article_modified_time":"2026-03-17T12:37:10+00:00","og_image":[{"width":768,"height":768,"url":"https:\/\/ranoja.ee\/wp-content\/uploads\/2026\/03\/184599259.jpg","type":"image\/jpeg"}],"twitter_card":"summary_large_image","schema":{"@context":"https:\/\/schema.org","@graph":[{"@type":"WebPage","@id":"https:\/\/ranoja.ee\/toode\/suruohu-puhastuspustol-polstrile-tornado-1l-ks-tools\/","url":"https:\/\/ranoja.ee\/toode\/suruohu-puhastuspustol-polstrile-tornado-1l-ks-tools\/","name":"Suru\u00f5hu puhastusp\u00fcstol polstrile tornado, 1L, KS Tools - Ranoja","isPartOf":{"@id":"https:\/\/ranoja.ee\/#website"},"primaryImageOfPage":{"@id":"https:\/\/ranoja.ee\/toode\/suruohu-puhastuspustol-polstrile-tornado-1l-ks-tools\/#primaryimage"},"image":{"@id":"https:\/\/ranoja.ee\/toode\/suruohu-puhastuspustol-polstrile-tornado-1l-ks-tools\/#primaryimage"},"thumbnailUrl":"https:\/\/ranoja.ee\/wp-content\/uploads\/2026\/03\/184599259.jpg","datePublished":"2026-03-16T23:28:50+00:00","dateModified":"2026-03-17T12:37:10+00:00","breadcrumb":{"@id":"https:\/\/ranoja.ee\/toode\/suruohu-puhastuspustol-polstrile-tornado-1l-ks-tools\/#breadcrumb"},"inLanguage":"en-US","potentialAction":[{"@type":"ReadAction","target":["https:\/\/ranoja.ee\/toode\/suruohu-puhastuspustol-polstrile-tornado-1l-ks-tools\/"]}]},{"@type":"ImageObject","inLanguage":"en-US","@id":"https:\/\/ranoja.ee\/toode\/suruohu-puhastuspustol-polstrile-tornado-1l-ks-tools\/#primaryimage","url":"https:\/\/ranoja.ee\/wp-content\/uploads\/2026\/03\/184599259.jpg","contentUrl":"https:\/\/ranoja.ee\/wp-content\/uploads\/2026\/03\/184599259.jpg","width":768,"height":768},{"@type":"BreadcrumbList","@id":"https:\/\/ranoja.ee\/toode\/suruohu-puhastuspustol-polstrile-tornado-1l-ks-tools\/#breadcrumb","itemListElement":[{"@type":"ListItem","position":1,"name":"Home","item":"https:\/\/ranoja.ee\/"},{"@type":"ListItem","position":2,"name":"Shop","item":"https:\/\/ranoja.ee\/en\/shop\/"},{"@type":"ListItem","position":3,"name":"Suru\u00f5hu puhastusp\u00fcstol polstrile tornado, 1L, KS Tools"}]},{"@type":"WebSite","@id":"https:\/\/ranoja.ee\/#website","url":"https:\/\/ranoja.ee\/","name":"Ranoja","description":"Equipment Shop WooCommerce WordPress Theme for Machine &amp; Tools","publisher":{"@id":"https:\/\/ranoja.ee\/#organization"},"potentialAction":[{"@type":"SearchAction","target":{"@type":"EntryPoint","urlTemplate":"https:\/\/ranoja.ee\/?s={search_term_string}"},"query-input":{"@type":"PropertyValueSpecification","valueRequired":true,"valueName":"search_term_string"}}],"inLanguage":"en-US"},{"@type":"Organization","@id":"https:\/\/ranoja.ee\/#organization","name":"Ranoja O\u00dc","url":"https:\/\/ranoja.ee\/","logo":{"@type":"ImageObject","inLanguage":"en-US","@id":"https:\/\/ranoja.ee\/#\/schema\/logo\/image\/","url":"https:\/\/ranoja.ee\/wp-content\/uploads\/2023\/11\/ranoja-Logo.png","contentUrl":"https:\/\/ranoja.ee\/wp-content\/uploads\/2023\/11\/ranoja-Logo.png","width":207,"height":58,"caption":"Ranoja O\u00dc"},"image":{"@id":"https:\/\/ranoja.ee\/#\/schema\/logo\/image\/"},"sameAs":["https:\/\/www.facebook.com\/ranoja.ee","https:\/\/www.instagram.com\/ranoja__\/"]}]}},"_links":{"self":[{"href":"https:\/\/ranoja.ee\/en\/wp-json\/wp\/v2\/product\/61382","targetHints":{"allow":["GET"]}}],"collection":[{"href":"https:\/\/ranoja.ee\/en\/wp-json\/wp\/v2\/product"}],"about":[{"href":"https:\/\/ranoja.ee\/en\/wp-json\/wp\/v2\/types\/product"}],"wp:featuredmedia":[{"embeddable":true,"href":"https:\/\/ranoja.ee\/en\/wp-json\/wp\/v2\/media\/61383"}],"wp:attachment":[{"href":"https:\/\/ranoja.ee\/en\/wp-json\/wp\/v2\/media?parent=61382"}],"wp:term":[{"taxonomy":"product_cat","embeddable":true,"href":"https:\/\/ranoja.ee\/en\/wp-json\/wp\/v2\/product_cat?post=61382"},{"taxonomy":"product_tag","embeddable":true,"href":"https:\/\/ranoja.ee\/en\/wp-json\/wp\/v2\/product_tag?post=61382"}],"curies":[{"name":"wp","href":"https:\/\/api.w.org\/{rel}","templated":true}]}}