{"id":61360,"date":"2026-03-17T02:28:50","date_gmt":"2026-03-16T23:28:50","guid":{"rendered":"https:\/\/ranoja.ee\/toode\/akuga-murukaarid-ja-hekipugaja-c-htgs200-x-set-s-scheppach\/"},"modified":"2026-03-17T15:37:11","modified_gmt":"2026-03-17T12:37:11","slug":"akuga-murukaarid-ja-hekipugaja-c-htgs200-x-set-s-scheppach","status":"publish","type":"product","link":"https:\/\/ranoja.ee\/en\/toode\/akuga-murukaarid-ja-hekipugaja-c-htgs200-x-set-s-scheppach\/","title":{"rendered":"Akuga muruk\u00e4\u00e4rid ja hekip\u00fcgaja  C-HTGS200-X SET S, Scheppach"},"content":{"rendered":"","protected":false},"excerpt":{"rendered":"<p>Komplektis 2Ah aku ja 2,4A laadija<br \/>\nMurutera laius 90 mm<br \/>\np\u00f5\u00f5satera pikkus 200 mm<br \/>\nT\u00f6\u00f6kiirus 1200 rpm<br \/>\nAku pinge 20 V<br \/>\nHarjadega mootor<\/p>\n<p>\u2022 Kompaktne 2-\u00fches muru- ja hekil\u00f5ikur koduaeda<br \/>\n\u2022 Mugav t\u00f6\u00f6 t\u00e4nu ergonoomilisele pehme kattega k\u00e4epidemele ja v\u00e4ikesele kaalule<br \/>\n\u2022 2-in-1 funktsioon \u2013 ideaalne muru p\u00fcgamiseks ja hekkide kujundamiseks<br \/>\n\u2022 T\u00f6\u00f6riistavaba terade vahetamine<br \/>\n\u2022 Lukustusega turval\u00fcliti<br \/>\n\u2022 Kvaliteetne ja vastupidav reduktor pika kasutusea tagamiseks<br \/>\n\u2022 Murutera laiusega 90 mm \u2013 ideaalne muruservade hooldamiseks<br \/>\n\u2022 Hekitera l\u00f5ikepikkusega 200 mm \u2013 ideaalne hekkide ja p\u00f5\u00f5saste hoolduseks<br \/>\n\u2022 Karastatud t\u00e4ppisterad tagavad ideaalse l\u00f5iketulemuse<\/p>\n<p>Sobivad akud ja laadijad: <br \/>\n7909201720&#038;SCHEP Komplekt SBSK2.0 Starterkit 1: 2,0 Ah  aku + 2,4 A laadija<br \/>\n7909201721&#038;SCHEP Komplekt SBSK4.0 Starterkit 2: 4,0Ah aku + 2,4 A laadija<br \/>\n7909201708&#038;SCHEP Aku SBP2.0,  20 V \/ 2,0 Ah, Li-ioon<br \/>\n7909201709&#038;SCHEP Aku SBP4.0, 20 V \/ 4,0 Ah, Li-ioon<br \/>\n7909201711&#038;SCHEP Kiirlaadija SBC4.5A<\/p>\n<p>Scheppachi elektrilised k\u00e4sit\u00f6\u00f6riistad on m\u00f5eldud n\u00f5udlikule hobikasutajale<\/p>\n<p>Pildid on illustreeriva t\u00e4hendusega.<\/p>\n","protected":false},"featured_media":61361,"template":"","meta":{"inline_featured_image":false},"product_cat":[5085,5191,1094,1106],"product_tag":[],"class_list":{"0":"post-61360","1":"product","2":"type-product","3":"status-publish","4":"has-post-thumbnail","6":"product_brand-scheppach","7":"product_cat-aiatehnika-ja-tooriistad","8":"product_cat-akuga-hekiloikurid","9":"product_cat-akutooriistad","10":"product_cat-hekiloikurid","12":"first","13":"instock","14":"purchasable","15":"product-type-simple"},"yoast_head":"<!-- This site is optimized with the Yoast SEO plugin v27.4 - https:\/\/yoast.com\/product\/yoast-seo-wordpress\/ -->\n<title>Akuga muruk\u00e4\u00e4rid ja hekip\u00fcgaja C-HTGS200-X SET S, Scheppach - Ranoja<\/title>\n<meta name=\"robots\" content=\"index, follow, max-snippet:-1, max-image-preview:large, max-video-preview:-1\" \/>\n<link rel=\"canonical\" href=\"https:\/\/ranoja.ee\/toode\/akuga-murukaarid-ja-hekipugaja-c-htgs200-x-set-s-scheppach\/\" \/>\n<meta property=\"og:locale\" content=\"en_US\" \/>\n<meta property=\"og:type\" content=\"article\" \/>\n<meta property=\"og:title\" content=\"Akuga muruk\u00e4\u00e4rid ja hekip\u00fcgaja C-HTGS200-X SET S, Scheppach - Ranoja\" \/>\n<meta property=\"og:description\" content=\"Komplektis 2Ah aku ja 2,4A laadija Murutera laius 90 mm p\u00f5\u00f5satera pikkus 200 mm T\u00f6\u00f6kiirus 1200 rpm Aku pinge 20 V Harjadega mootor \u2022 Kompaktne 2-\u00fches muru- ja hekil\u00f5ikur koduaeda \u2022 Mugav t\u00f6\u00f6 t\u00e4nu ergonoomilisele pehme kattega k\u00e4epidemele ja v\u00e4ikesele kaalule \u2022 2-in-1 funktsioon \u2013 ideaalne muru p\u00fcgamiseks ja hekkide kujundamiseks \u2022 T\u00f6\u00f6riistavaba terade vahetamine \u2022 Lukustusega turval\u00fcliti \u2022 Kvaliteetne ja vastupidav reduktor pika kasutusea tagamiseks \u2022 Murutera laiusega 90 mm \u2013 ideaalne muruservade hooldamiseks \u2022 Hekitera l\u00f5ikepikkusega 200 mm \u2013 ideaalne hekkide ja p\u00f5\u00f5saste hoolduseks \u2022 Karastatud t\u00e4ppisterad tagavad ideaalse l\u00f5iketulemuse Sobivad akud ja laadijad: 7909201720&amp;SCHEP Komplekt SBSK2.0 Starterkit 1: 2,0 Ah aku + 2,4 A laadija 7909201721&amp;SCHEP Komplekt SBSK4.0 Starterkit 2: 4,0Ah aku + 2,4 A laadija 7909201708&amp;SCHEP Aku SBP2.0, 20 V \/ 2,0 Ah, Li-ioon 7909201709&amp;SCHEP Aku SBP4.0, 20 V \/ 4,0 Ah, Li-ioon 7909201711&amp;SCHEP Kiirlaadija SBC4.5A Scheppachi elektrilised k\u00e4sit\u00f6\u00f6riistad on m\u00f5eldud n\u00f5udlikule hobikasutajale Pildid on illustreeriva t\u00e4hendusega.\" \/>\n<meta property=\"og:url\" content=\"https:\/\/ranoja.ee\/toode\/akuga-murukaarid-ja-hekipugaja-c-htgs200-x-set-s-scheppach\/\" \/>\n<meta property=\"og:site_name\" content=\"Ranoja\" \/>\n<meta property=\"article:publisher\" content=\"https:\/\/www.facebook.com\/ranoja.ee\" \/>\n<meta property=\"article:modified_time\" content=\"2026-03-17T12:37:11+00:00\" \/>\n<meta property=\"og:image\" content=\"https:\/\/ranoja.ee\/wp-content\/uploads\/2026\/03\/5638771200.jpg\" \/>\n\t<meta property=\"og:image:width\" content=\"900\" \/>\n\t<meta property=\"og:image:height\" content=\"900\" \/>\n\t<meta property=\"og:image:type\" content=\"image\/jpeg\" \/>\n<meta name=\"twitter:card\" content=\"summary_large_image\" \/>\n<script type=\"application\/ld+json\" class=\"yoast-schema-graph\">{\"@context\":\"https:\\\/\\\/schema.org\",\"@graph\":[{\"@type\":\"WebPage\",\"@id\":\"https:\\\/\\\/ranoja.ee\\\/toode\\\/akuga-murukaarid-ja-hekipugaja-c-htgs200-x-set-s-scheppach\\\/\",\"url\":\"https:\\\/\\\/ranoja.ee\\\/toode\\\/akuga-murukaarid-ja-hekipugaja-c-htgs200-x-set-s-scheppach\\\/\",\"name\":\"Akuga muruk\u00e4\u00e4rid ja hekip\u00fcgaja C-HTGS200-X SET S, Scheppach - Ranoja\",\"isPartOf\":{\"@id\":\"https:\\\/\\\/ranoja.ee\\\/#website\"},\"primaryImageOfPage\":{\"@id\":\"https:\\\/\\\/ranoja.ee\\\/toode\\\/akuga-murukaarid-ja-hekipugaja-c-htgs200-x-set-s-scheppach\\\/#primaryimage\"},\"image\":{\"@id\":\"https:\\\/\\\/ranoja.ee\\\/toode\\\/akuga-murukaarid-ja-hekipugaja-c-htgs200-x-set-s-scheppach\\\/#primaryimage\"},\"thumbnailUrl\":\"https:\\\/\\\/ranoja.ee\\\/wp-content\\\/uploads\\\/2026\\\/03\\\/5638771200.jpg\",\"datePublished\":\"2026-03-16T23:28:50+00:00\",\"dateModified\":\"2026-03-17T12:37:11+00:00\",\"breadcrumb\":{\"@id\":\"https:\\\/\\\/ranoja.ee\\\/toode\\\/akuga-murukaarid-ja-hekipugaja-c-htgs200-x-set-s-scheppach\\\/#breadcrumb\"},\"inLanguage\":\"en-US\",\"potentialAction\":[{\"@type\":\"ReadAction\",\"target\":[\"https:\\\/\\\/ranoja.ee\\\/toode\\\/akuga-murukaarid-ja-hekipugaja-c-htgs200-x-set-s-scheppach\\\/\"]}]},{\"@type\":\"ImageObject\",\"inLanguage\":\"en-US\",\"@id\":\"https:\\\/\\\/ranoja.ee\\\/toode\\\/akuga-murukaarid-ja-hekipugaja-c-htgs200-x-set-s-scheppach\\\/#primaryimage\",\"url\":\"https:\\\/\\\/ranoja.ee\\\/wp-content\\\/uploads\\\/2026\\\/03\\\/5638771200.jpg\",\"contentUrl\":\"https:\\\/\\\/ranoja.ee\\\/wp-content\\\/uploads\\\/2026\\\/03\\\/5638771200.jpg\",\"width\":900,\"height\":900},{\"@type\":\"BreadcrumbList\",\"@id\":\"https:\\\/\\\/ranoja.ee\\\/toode\\\/akuga-murukaarid-ja-hekipugaja-c-htgs200-x-set-s-scheppach\\\/#breadcrumb\",\"itemListElement\":[{\"@type\":\"ListItem\",\"position\":1,\"name\":\"Home\",\"item\":\"https:\\\/\\\/ranoja.ee\\\/\"},{\"@type\":\"ListItem\",\"position\":2,\"name\":\"Shop\",\"item\":\"https:\\\/\\\/ranoja.ee\\\/en\\\/shop\\\/\"},{\"@type\":\"ListItem\",\"position\":3,\"name\":\"Akuga muruk\u00e4\u00e4rid ja hekip\u00fcgaja C-HTGS200-X SET S, Scheppach\"}]},{\"@type\":\"WebSite\",\"@id\":\"https:\\\/\\\/ranoja.ee\\\/#website\",\"url\":\"https:\\\/\\\/ranoja.ee\\\/\",\"name\":\"Ranoja\",\"description\":\"Equipment Shop WooCommerce WordPress Theme for Machine &amp; Tools\",\"publisher\":{\"@id\":\"https:\\\/\\\/ranoja.ee\\\/#organization\"},\"potentialAction\":[{\"@type\":\"SearchAction\",\"target\":{\"@type\":\"EntryPoint\",\"urlTemplate\":\"https:\\\/\\\/ranoja.ee\\\/?s={search_term_string}\"},\"query-input\":{\"@type\":\"PropertyValueSpecification\",\"valueRequired\":true,\"valueName\":\"search_term_string\"}}],\"inLanguage\":\"en-US\"},{\"@type\":\"Organization\",\"@id\":\"https:\\\/\\\/ranoja.ee\\\/#organization\",\"name\":\"Ranoja O\u00dc\",\"url\":\"https:\\\/\\\/ranoja.ee\\\/\",\"logo\":{\"@type\":\"ImageObject\",\"inLanguage\":\"en-US\",\"@id\":\"https:\\\/\\\/ranoja.ee\\\/#\\\/schema\\\/logo\\\/image\\\/\",\"url\":\"https:\\\/\\\/ranoja.ee\\\/wp-content\\\/uploads\\\/2023\\\/11\\\/ranoja-Logo.png\",\"contentUrl\":\"https:\\\/\\\/ranoja.ee\\\/wp-content\\\/uploads\\\/2023\\\/11\\\/ranoja-Logo.png\",\"width\":207,\"height\":58,\"caption\":\"Ranoja O\u00dc\"},\"image\":{\"@id\":\"https:\\\/\\\/ranoja.ee\\\/#\\\/schema\\\/logo\\\/image\\\/\"},\"sameAs\":[\"https:\\\/\\\/www.facebook.com\\\/ranoja.ee\",\"https:\\\/\\\/www.instagram.com\\\/ranoja__\\\/\"]}]}<\/script>\n<!-- \/ Yoast SEO plugin. -->","yoast_head_json":{"title":"Akuga muruk\u00e4\u00e4rid ja hekip\u00fcgaja C-HTGS200-X SET S, Scheppach - Ranoja","robots":{"index":"index","follow":"follow","max-snippet":"max-snippet:-1","max-image-preview":"max-image-preview:large","max-video-preview":"max-video-preview:-1"},"canonical":"https:\/\/ranoja.ee\/toode\/akuga-murukaarid-ja-hekipugaja-c-htgs200-x-set-s-scheppach\/","og_locale":"en_US","og_type":"article","og_title":"Akuga muruk\u00e4\u00e4rid ja hekip\u00fcgaja C-HTGS200-X SET S, Scheppach - Ranoja","og_description":"Komplektis 2Ah aku ja 2,4A laadija Murutera laius 90 mm p\u00f5\u00f5satera pikkus 200 mm T\u00f6\u00f6kiirus 1200 rpm Aku pinge 20 V Harjadega mootor \u2022 Kompaktne 2-\u00fches muru- ja hekil\u00f5ikur koduaeda \u2022 Mugav t\u00f6\u00f6 t\u00e4nu ergonoomilisele pehme kattega k\u00e4epidemele ja v\u00e4ikesele kaalule \u2022 2-in-1 funktsioon \u2013 ideaalne muru p\u00fcgamiseks ja hekkide kujundamiseks \u2022 T\u00f6\u00f6riistavaba terade vahetamine \u2022 Lukustusega turval\u00fcliti \u2022 Kvaliteetne ja vastupidav reduktor pika kasutusea tagamiseks \u2022 Murutera laiusega 90 mm \u2013 ideaalne muruservade hooldamiseks \u2022 Hekitera l\u00f5ikepikkusega 200 mm \u2013 ideaalne hekkide ja p\u00f5\u00f5saste hoolduseks \u2022 Karastatud t\u00e4ppisterad tagavad ideaalse l\u00f5iketulemuse Sobivad akud ja laadijad: 7909201720&SCHEP Komplekt SBSK2.0 Starterkit 1: 2,0 Ah aku + 2,4 A laadija 7909201721&SCHEP Komplekt SBSK4.0 Starterkit 2: 4,0Ah aku + 2,4 A laadija 7909201708&SCHEP Aku SBP2.0, 20 V \/ 2,0 Ah, Li-ioon 7909201709&SCHEP Aku SBP4.0, 20 V \/ 4,0 Ah, Li-ioon 7909201711&SCHEP Kiirlaadija SBC4.5A Scheppachi elektrilised k\u00e4sit\u00f6\u00f6riistad on m\u00f5eldud n\u00f5udlikule hobikasutajale Pildid on illustreeriva t\u00e4hendusega.","og_url":"https:\/\/ranoja.ee\/toode\/akuga-murukaarid-ja-hekipugaja-c-htgs200-x-set-s-scheppach\/","og_site_name":"Ranoja","article_publisher":"https:\/\/www.facebook.com\/ranoja.ee","article_modified_time":"2026-03-17T12:37:11+00:00","og_image":[{"width":900,"height":900,"url":"https:\/\/ranoja.ee\/wp-content\/uploads\/2026\/03\/5638771200.jpg","type":"image\/jpeg"}],"twitter_card":"summary_large_image","schema":{"@context":"https:\/\/schema.org","@graph":[{"@type":"WebPage","@id":"https:\/\/ranoja.ee\/toode\/akuga-murukaarid-ja-hekipugaja-c-htgs200-x-set-s-scheppach\/","url":"https:\/\/ranoja.ee\/toode\/akuga-murukaarid-ja-hekipugaja-c-htgs200-x-set-s-scheppach\/","name":"Akuga muruk\u00e4\u00e4rid ja hekip\u00fcgaja C-HTGS200-X SET S, Scheppach - Ranoja","isPartOf":{"@id":"https:\/\/ranoja.ee\/#website"},"primaryImageOfPage":{"@id":"https:\/\/ranoja.ee\/toode\/akuga-murukaarid-ja-hekipugaja-c-htgs200-x-set-s-scheppach\/#primaryimage"},"image":{"@id":"https:\/\/ranoja.ee\/toode\/akuga-murukaarid-ja-hekipugaja-c-htgs200-x-set-s-scheppach\/#primaryimage"},"thumbnailUrl":"https:\/\/ranoja.ee\/wp-content\/uploads\/2026\/03\/5638771200.jpg","datePublished":"2026-03-16T23:28:50+00:00","dateModified":"2026-03-17T12:37:11+00:00","breadcrumb":{"@id":"https:\/\/ranoja.ee\/toode\/akuga-murukaarid-ja-hekipugaja-c-htgs200-x-set-s-scheppach\/#breadcrumb"},"inLanguage":"en-US","potentialAction":[{"@type":"ReadAction","target":["https:\/\/ranoja.ee\/toode\/akuga-murukaarid-ja-hekipugaja-c-htgs200-x-set-s-scheppach\/"]}]},{"@type":"ImageObject","inLanguage":"en-US","@id":"https:\/\/ranoja.ee\/toode\/akuga-murukaarid-ja-hekipugaja-c-htgs200-x-set-s-scheppach\/#primaryimage","url":"https:\/\/ranoja.ee\/wp-content\/uploads\/2026\/03\/5638771200.jpg","contentUrl":"https:\/\/ranoja.ee\/wp-content\/uploads\/2026\/03\/5638771200.jpg","width":900,"height":900},{"@type":"BreadcrumbList","@id":"https:\/\/ranoja.ee\/toode\/akuga-murukaarid-ja-hekipugaja-c-htgs200-x-set-s-scheppach\/#breadcrumb","itemListElement":[{"@type":"ListItem","position":1,"name":"Home","item":"https:\/\/ranoja.ee\/"},{"@type":"ListItem","position":2,"name":"Shop","item":"https:\/\/ranoja.ee\/en\/shop\/"},{"@type":"ListItem","position":3,"name":"Akuga muruk\u00e4\u00e4rid ja hekip\u00fcgaja C-HTGS200-X SET S, Scheppach"}]},{"@type":"WebSite","@id":"https:\/\/ranoja.ee\/#website","url":"https:\/\/ranoja.ee\/","name":"Ranoja","description":"Equipment Shop WooCommerce WordPress Theme for Machine &amp; Tools","publisher":{"@id":"https:\/\/ranoja.ee\/#organization"},"potentialAction":[{"@type":"SearchAction","target":{"@type":"EntryPoint","urlTemplate":"https:\/\/ranoja.ee\/?s={search_term_string}"},"query-input":{"@type":"PropertyValueSpecification","valueRequired":true,"valueName":"search_term_string"}}],"inLanguage":"en-US"},{"@type":"Organization","@id":"https:\/\/ranoja.ee\/#organization","name":"Ranoja O\u00dc","url":"https:\/\/ranoja.ee\/","logo":{"@type":"ImageObject","inLanguage":"en-US","@id":"https:\/\/ranoja.ee\/#\/schema\/logo\/image\/","url":"https:\/\/ranoja.ee\/wp-content\/uploads\/2023\/11\/ranoja-Logo.png","contentUrl":"https:\/\/ranoja.ee\/wp-content\/uploads\/2023\/11\/ranoja-Logo.png","width":207,"height":58,"caption":"Ranoja O\u00dc"},"image":{"@id":"https:\/\/ranoja.ee\/#\/schema\/logo\/image\/"},"sameAs":["https:\/\/www.facebook.com\/ranoja.ee","https:\/\/www.instagram.com\/ranoja__\/"]}]}},"_links":{"self":[{"href":"https:\/\/ranoja.ee\/en\/wp-json\/wp\/v2\/product\/61360","targetHints":{"allow":["GET"]}}],"collection":[{"href":"https:\/\/ranoja.ee\/en\/wp-json\/wp\/v2\/product"}],"about":[{"href":"https:\/\/ranoja.ee\/en\/wp-json\/wp\/v2\/types\/product"}],"wp:featuredmedia":[{"embeddable":true,"href":"https:\/\/ranoja.ee\/en\/wp-json\/wp\/v2\/media\/61361"}],"wp:attachment":[{"href":"https:\/\/ranoja.ee\/en\/wp-json\/wp\/v2\/media?parent=61360"}],"wp:term":[{"taxonomy":"product_cat","embeddable":true,"href":"https:\/\/ranoja.ee\/en\/wp-json\/wp\/v2\/product_cat?post=61360"},{"taxonomy":"product_tag","embeddable":true,"href":"https:\/\/ranoja.ee\/en\/wp-json\/wp\/v2\/product_tag?post=61360"}],"curies":[{"name":"wp","href":"https:\/\/api.w.org\/{rel}","templated":true}]}}