{"id":61348,"date":"2026-03-17T02:28:50","date_gmt":"2026-03-16T23:28:50","guid":{"rendered":"https:\/\/ranoja.ee\/toode\/suruohu-klambripustol-airtac-ps101-nr53-klambrid-rapid\/"},"modified":"2026-03-17T15:37:11","modified_gmt":"2026-03-17T12:37:11","slug":"suruohu-klambripustol-airtac-ps101-nr53-klambrid-rapid","status":"publish","type":"product","link":"https:\/\/ranoja.ee\/en\/toode\/suruohu-klambripustol-airtac-ps101-nr53-klambrid-rapid\/","title":{"rendered":"suru\u00f5hu klambrip\u00fcstol Airtac PS101 Nr53 klambrid, Rapid"},"content":{"rendered":"","protected":false},"excerpt":{"rendered":"<p>Pneumaatiline klambrip\u00fcstol meisterdamist\u00f6\u00f6deks, v\u00f5imaldab peenikesest traadist nr 53 klambrite (suurusega 6-16 mm) l\u00f6\u00f6mist. Selliseid klambreid kasutatakse kootud materjalide puhul, sest neil on k\u00f5ige v\u00e4iksem m\u00f5ju tekstiilkiududele ja need on k\u00f5ige v\u00e4hem n\u00e4htavad. Seade on kenas informatiivses plastpakendis, mis sisaldab mutriv\u00f5tmeid ja 300 klambrist (suurusega 10 mm) koosnevat stardikomplekti.<\/p>\n<p>Kasutusalad<br \/>\nTekstiil, nahk, kerge tislerit\u00f6\u00f6, seinavaipade paigaldamine, etikettimine, polsterdamine<\/p>\n<p>Tavap\u00e4rane t\u00f6\u00f6r\u00f5hk 5-7 bar<br \/>\n\u00d5hu tarbimine r\u00f5hul 0,26-1,12 liitrit<\/p>\n","protected":false},"featured_media":61349,"template":"","meta":{"inline_featured_image":false},"product_cat":[5283,5277,5136],"product_tag":[],"class_list":{"0":"post-61348","1":"product","2":"type-product","3":"status-publish","4":"has-post-thumbnail","6":"product_brand-rapid","7":"product_cat-muud-pneumaatilised-tooriistad","8":"product_cat-pneumaatilised-tooriistad","9":"product_cat-suruohutooriistad-ja-kompressorid","11":"first","12":"instock","13":"purchasable","14":"product-type-simple"},"yoast_head":"<!-- This site is optimized with the Yoast SEO plugin v27.4 - https:\/\/yoast.com\/product\/yoast-seo-wordpress\/ -->\n<title>suru\u00f5hu klambrip\u00fcstol Airtac PS101 Nr53 klambrid, Rapid - Ranoja<\/title>\n<meta name=\"robots\" content=\"index, follow, max-snippet:-1, max-image-preview:large, max-video-preview:-1\" \/>\n<link rel=\"canonical\" href=\"https:\/\/ranoja.ee\/toode\/suruohu-klambripustol-airtac-ps101-nr53-klambrid-rapid\/\" \/>\n<meta property=\"og:locale\" content=\"en_US\" \/>\n<meta property=\"og:type\" content=\"article\" \/>\n<meta property=\"og:title\" content=\"suru\u00f5hu klambrip\u00fcstol Airtac PS101 Nr53 klambrid, Rapid - Ranoja\" \/>\n<meta property=\"og:description\" content=\"Pneumaatiline klambrip\u00fcstol meisterdamist\u00f6\u00f6deks, v\u00f5imaldab peenikesest traadist nr 53 klambrite (suurusega 6-16 mm) l\u00f6\u00f6mist. Selliseid klambreid kasutatakse kootud materjalide puhul, sest neil on k\u00f5ige v\u00e4iksem m\u00f5ju tekstiilkiududele ja need on k\u00f5ige v\u00e4hem n\u00e4htavad. Seade on kenas informatiivses plastpakendis, mis sisaldab mutriv\u00f5tmeid ja 300 klambrist (suurusega 10 mm) koosnevat stardikomplekti. Kasutusalad Tekstiil, nahk, kerge tislerit\u00f6\u00f6, seinavaipade paigaldamine, etikettimine, polsterdamine Tavap\u00e4rane t\u00f6\u00f6r\u00f5hk 5-7 bar \u00d5hu tarbimine r\u00f5hul 0,26-1,12 liitrit\" \/>\n<meta property=\"og:url\" content=\"https:\/\/ranoja.ee\/toode\/suruohu-klambripustol-airtac-ps101-nr53-klambrid-rapid\/\" \/>\n<meta property=\"og:site_name\" content=\"Ranoja\" \/>\n<meta property=\"article:publisher\" content=\"https:\/\/www.facebook.com\/ranoja.ee\" \/>\n<meta property=\"article:modified_time\" content=\"2026-03-17T12:37:11+00:00\" \/>\n<meta property=\"og:image\" content=\"https:\/\/ranoja.ee\/wp-content\/uploads\/2026\/03\/241737550.jpg\" \/>\n\t<meta property=\"og:image:width\" content=\"600\" \/>\n\t<meta property=\"og:image:height\" content=\"600\" \/>\n\t<meta property=\"og:image:type\" content=\"image\/jpeg\" \/>\n<meta name=\"twitter:card\" content=\"summary_large_image\" \/>\n<script type=\"application\/ld+json\" class=\"yoast-schema-graph\">{\"@context\":\"https:\\\/\\\/schema.org\",\"@graph\":[{\"@type\":\"WebPage\",\"@id\":\"https:\\\/\\\/ranoja.ee\\\/toode\\\/suruohu-klambripustol-airtac-ps101-nr53-klambrid-rapid\\\/\",\"url\":\"https:\\\/\\\/ranoja.ee\\\/toode\\\/suruohu-klambripustol-airtac-ps101-nr53-klambrid-rapid\\\/\",\"name\":\"suru\u00f5hu klambrip\u00fcstol Airtac PS101 Nr53 klambrid, Rapid - Ranoja\",\"isPartOf\":{\"@id\":\"https:\\\/\\\/ranoja.ee\\\/#website\"},\"primaryImageOfPage\":{\"@id\":\"https:\\\/\\\/ranoja.ee\\\/toode\\\/suruohu-klambripustol-airtac-ps101-nr53-klambrid-rapid\\\/#primaryimage\"},\"image\":{\"@id\":\"https:\\\/\\\/ranoja.ee\\\/toode\\\/suruohu-klambripustol-airtac-ps101-nr53-klambrid-rapid\\\/#primaryimage\"},\"thumbnailUrl\":\"https:\\\/\\\/ranoja.ee\\\/wp-content\\\/uploads\\\/2026\\\/03\\\/241737550.jpg\",\"datePublished\":\"2026-03-16T23:28:50+00:00\",\"dateModified\":\"2026-03-17T12:37:11+00:00\",\"breadcrumb\":{\"@id\":\"https:\\\/\\\/ranoja.ee\\\/toode\\\/suruohu-klambripustol-airtac-ps101-nr53-klambrid-rapid\\\/#breadcrumb\"},\"inLanguage\":\"en-US\",\"potentialAction\":[{\"@type\":\"ReadAction\",\"target\":[\"https:\\\/\\\/ranoja.ee\\\/toode\\\/suruohu-klambripustol-airtac-ps101-nr53-klambrid-rapid\\\/\"]}]},{\"@type\":\"ImageObject\",\"inLanguage\":\"en-US\",\"@id\":\"https:\\\/\\\/ranoja.ee\\\/toode\\\/suruohu-klambripustol-airtac-ps101-nr53-klambrid-rapid\\\/#primaryimage\",\"url\":\"https:\\\/\\\/ranoja.ee\\\/wp-content\\\/uploads\\\/2026\\\/03\\\/241737550.jpg\",\"contentUrl\":\"https:\\\/\\\/ranoja.ee\\\/wp-content\\\/uploads\\\/2026\\\/03\\\/241737550.jpg\",\"width\":600,\"height\":600},{\"@type\":\"BreadcrumbList\",\"@id\":\"https:\\\/\\\/ranoja.ee\\\/toode\\\/suruohu-klambripustol-airtac-ps101-nr53-klambrid-rapid\\\/#breadcrumb\",\"itemListElement\":[{\"@type\":\"ListItem\",\"position\":1,\"name\":\"Home\",\"item\":\"https:\\\/\\\/ranoja.ee\\\/\"},{\"@type\":\"ListItem\",\"position\":2,\"name\":\"Shop\",\"item\":\"https:\\\/\\\/ranoja.ee\\\/en\\\/shop\\\/\"},{\"@type\":\"ListItem\",\"position\":3,\"name\":\"suru\u00f5hu klambrip\u00fcstol Airtac PS101 Nr53 klambrid, Rapid\"}]},{\"@type\":\"WebSite\",\"@id\":\"https:\\\/\\\/ranoja.ee\\\/#website\",\"url\":\"https:\\\/\\\/ranoja.ee\\\/\",\"name\":\"Ranoja\",\"description\":\"Equipment Shop WooCommerce WordPress Theme for Machine &amp; Tools\",\"publisher\":{\"@id\":\"https:\\\/\\\/ranoja.ee\\\/#organization\"},\"potentialAction\":[{\"@type\":\"SearchAction\",\"target\":{\"@type\":\"EntryPoint\",\"urlTemplate\":\"https:\\\/\\\/ranoja.ee\\\/?s={search_term_string}\"},\"query-input\":{\"@type\":\"PropertyValueSpecification\",\"valueRequired\":true,\"valueName\":\"search_term_string\"}}],\"inLanguage\":\"en-US\"},{\"@type\":\"Organization\",\"@id\":\"https:\\\/\\\/ranoja.ee\\\/#organization\",\"name\":\"Ranoja O\u00dc\",\"url\":\"https:\\\/\\\/ranoja.ee\\\/\",\"logo\":{\"@type\":\"ImageObject\",\"inLanguage\":\"en-US\",\"@id\":\"https:\\\/\\\/ranoja.ee\\\/#\\\/schema\\\/logo\\\/image\\\/\",\"url\":\"https:\\\/\\\/ranoja.ee\\\/wp-content\\\/uploads\\\/2023\\\/11\\\/ranoja-Logo.png\",\"contentUrl\":\"https:\\\/\\\/ranoja.ee\\\/wp-content\\\/uploads\\\/2023\\\/11\\\/ranoja-Logo.png\",\"width\":207,\"height\":58,\"caption\":\"Ranoja O\u00dc\"},\"image\":{\"@id\":\"https:\\\/\\\/ranoja.ee\\\/#\\\/schema\\\/logo\\\/image\\\/\"},\"sameAs\":[\"https:\\\/\\\/www.facebook.com\\\/ranoja.ee\",\"https:\\\/\\\/www.instagram.com\\\/ranoja__\\\/\"]}]}<\/script>\n<!-- \/ Yoast SEO plugin. -->","yoast_head_json":{"title":"suru\u00f5hu klambrip\u00fcstol Airtac PS101 Nr53 klambrid, Rapid - Ranoja","robots":{"index":"index","follow":"follow","max-snippet":"max-snippet:-1","max-image-preview":"max-image-preview:large","max-video-preview":"max-video-preview:-1"},"canonical":"https:\/\/ranoja.ee\/toode\/suruohu-klambripustol-airtac-ps101-nr53-klambrid-rapid\/","og_locale":"en_US","og_type":"article","og_title":"suru\u00f5hu klambrip\u00fcstol Airtac PS101 Nr53 klambrid, Rapid - Ranoja","og_description":"Pneumaatiline klambrip\u00fcstol meisterdamist\u00f6\u00f6deks, v\u00f5imaldab peenikesest traadist nr 53 klambrite (suurusega 6-16 mm) l\u00f6\u00f6mist. Selliseid klambreid kasutatakse kootud materjalide puhul, sest neil on k\u00f5ige v\u00e4iksem m\u00f5ju tekstiilkiududele ja need on k\u00f5ige v\u00e4hem n\u00e4htavad. Seade on kenas informatiivses plastpakendis, mis sisaldab mutriv\u00f5tmeid ja 300 klambrist (suurusega 10 mm) koosnevat stardikomplekti. Kasutusalad Tekstiil, nahk, kerge tislerit\u00f6\u00f6, seinavaipade paigaldamine, etikettimine, polsterdamine Tavap\u00e4rane t\u00f6\u00f6r\u00f5hk 5-7 bar \u00d5hu tarbimine r\u00f5hul 0,26-1,12 liitrit","og_url":"https:\/\/ranoja.ee\/toode\/suruohu-klambripustol-airtac-ps101-nr53-klambrid-rapid\/","og_site_name":"Ranoja","article_publisher":"https:\/\/www.facebook.com\/ranoja.ee","article_modified_time":"2026-03-17T12:37:11+00:00","og_image":[{"width":600,"height":600,"url":"https:\/\/ranoja.ee\/wp-content\/uploads\/2026\/03\/241737550.jpg","type":"image\/jpeg"}],"twitter_card":"summary_large_image","schema":{"@context":"https:\/\/schema.org","@graph":[{"@type":"WebPage","@id":"https:\/\/ranoja.ee\/toode\/suruohu-klambripustol-airtac-ps101-nr53-klambrid-rapid\/","url":"https:\/\/ranoja.ee\/toode\/suruohu-klambripustol-airtac-ps101-nr53-klambrid-rapid\/","name":"suru\u00f5hu klambrip\u00fcstol Airtac PS101 Nr53 klambrid, Rapid - Ranoja","isPartOf":{"@id":"https:\/\/ranoja.ee\/#website"},"primaryImageOfPage":{"@id":"https:\/\/ranoja.ee\/toode\/suruohu-klambripustol-airtac-ps101-nr53-klambrid-rapid\/#primaryimage"},"image":{"@id":"https:\/\/ranoja.ee\/toode\/suruohu-klambripustol-airtac-ps101-nr53-klambrid-rapid\/#primaryimage"},"thumbnailUrl":"https:\/\/ranoja.ee\/wp-content\/uploads\/2026\/03\/241737550.jpg","datePublished":"2026-03-16T23:28:50+00:00","dateModified":"2026-03-17T12:37:11+00:00","breadcrumb":{"@id":"https:\/\/ranoja.ee\/toode\/suruohu-klambripustol-airtac-ps101-nr53-klambrid-rapid\/#breadcrumb"},"inLanguage":"en-US","potentialAction":[{"@type":"ReadAction","target":["https:\/\/ranoja.ee\/toode\/suruohu-klambripustol-airtac-ps101-nr53-klambrid-rapid\/"]}]},{"@type":"ImageObject","inLanguage":"en-US","@id":"https:\/\/ranoja.ee\/toode\/suruohu-klambripustol-airtac-ps101-nr53-klambrid-rapid\/#primaryimage","url":"https:\/\/ranoja.ee\/wp-content\/uploads\/2026\/03\/241737550.jpg","contentUrl":"https:\/\/ranoja.ee\/wp-content\/uploads\/2026\/03\/241737550.jpg","width":600,"height":600},{"@type":"BreadcrumbList","@id":"https:\/\/ranoja.ee\/toode\/suruohu-klambripustol-airtac-ps101-nr53-klambrid-rapid\/#breadcrumb","itemListElement":[{"@type":"ListItem","position":1,"name":"Home","item":"https:\/\/ranoja.ee\/"},{"@type":"ListItem","position":2,"name":"Shop","item":"https:\/\/ranoja.ee\/en\/shop\/"},{"@type":"ListItem","position":3,"name":"suru\u00f5hu klambrip\u00fcstol Airtac PS101 Nr53 klambrid, Rapid"}]},{"@type":"WebSite","@id":"https:\/\/ranoja.ee\/#website","url":"https:\/\/ranoja.ee\/","name":"Ranoja","description":"Equipment Shop WooCommerce WordPress Theme for Machine &amp; Tools","publisher":{"@id":"https:\/\/ranoja.ee\/#organization"},"potentialAction":[{"@type":"SearchAction","target":{"@type":"EntryPoint","urlTemplate":"https:\/\/ranoja.ee\/?s={search_term_string}"},"query-input":{"@type":"PropertyValueSpecification","valueRequired":true,"valueName":"search_term_string"}}],"inLanguage":"en-US"},{"@type":"Organization","@id":"https:\/\/ranoja.ee\/#organization","name":"Ranoja O\u00dc","url":"https:\/\/ranoja.ee\/","logo":{"@type":"ImageObject","inLanguage":"en-US","@id":"https:\/\/ranoja.ee\/#\/schema\/logo\/image\/","url":"https:\/\/ranoja.ee\/wp-content\/uploads\/2023\/11\/ranoja-Logo.png","contentUrl":"https:\/\/ranoja.ee\/wp-content\/uploads\/2023\/11\/ranoja-Logo.png","width":207,"height":58,"caption":"Ranoja O\u00dc"},"image":{"@id":"https:\/\/ranoja.ee\/#\/schema\/logo\/image\/"},"sameAs":["https:\/\/www.facebook.com\/ranoja.ee","https:\/\/www.instagram.com\/ranoja__\/"]}]}},"_links":{"self":[{"href":"https:\/\/ranoja.ee\/en\/wp-json\/wp\/v2\/product\/61348","targetHints":{"allow":["GET"]}}],"collection":[{"href":"https:\/\/ranoja.ee\/en\/wp-json\/wp\/v2\/product"}],"about":[{"href":"https:\/\/ranoja.ee\/en\/wp-json\/wp\/v2\/types\/product"}],"wp:featuredmedia":[{"embeddable":true,"href":"https:\/\/ranoja.ee\/en\/wp-json\/wp\/v2\/media\/61349"}],"wp:attachment":[{"href":"https:\/\/ranoja.ee\/en\/wp-json\/wp\/v2\/media?parent=61348"}],"wp:term":[{"taxonomy":"product_cat","embeddable":true,"href":"https:\/\/ranoja.ee\/en\/wp-json\/wp\/v2\/product_cat?post=61348"},{"taxonomy":"product_tag","embeddable":true,"href":"https:\/\/ranoja.ee\/en\/wp-json\/wp\/v2\/product_tag?post=61348"}],"curies":[{"name":"wp","href":"https:\/\/api.w.org\/{rel}","templated":true}]}}