{"id":61334,"date":"2026-03-17T02:28:27","date_gmt":"2026-03-16T23:28:27","guid":{"rendered":"https:\/\/ranoja.ee\/toode\/tooriistakaru-racingline-7-sahtlit-komplekt-598-osa-ks-tools\/"},"modified":"2026-03-17T15:37:11","modified_gmt":"2026-03-17T12:37:11","slug":"tooriistakaru-racingline-7-sahtlit-komplekt-598-osa-ks-tools","status":"publish","type":"product","link":"https:\/\/ranoja.ee\/en\/toode\/tooriistakaru-racingline-7-sahtlit-komplekt-598-osa-ks-tools\/","title":{"rendered":"T\u00f6\u00f6riistak\u00e4ru RACINGline, 7 sahtlit +komplekt 598-osa, KS Tools"},"content":{"rendered":"","protected":false},"excerpt":{"rendered":"<p>\n-V\u00e4ga stabiilne terasplekist konstruktsioon, pleki paksus 0,9 mm &#8211; v\u00e4\u00e4ndumiskindel<br \/>\n-K\u00fclgseinad on neljakandiliste aukudega erinevate tarvikute paigutamiseks<br \/>\n-Eraldi lukustus takistab soovimatut avanemist<br \/>\n-K\u00f5igi sahtlite kesklukustus silinderluku abil<br \/>\n-Kuullaagritega sahtlijuhikud<br \/>\n-Pol\u00fcuretaanist nurga-servakaitse<br \/>\n-Sahtlid 90% v\u00e4ljat\u00f5mmatavad<br \/>\n-ABSist t\u00f6\u00f6plaat koos v\u00e4ikedetailide sahtlite<br \/>\n-T\u00e4islaiuses metallist k\u00e4epidemega<br \/>\n-2 ratast d= 125 mm<br \/>\n-2 p\u00f6\u00f6rdaratast d=125 mm veeremis- ja p\u00f6\u00f6rdepiduriga<\/p>\n<p>Materjal:terasplekk<br \/>\nosasid komplektis:598<br \/>\nKogukandev\u00f5ime kg: 350,0<br \/>\nSahtli koormustaluvus: 30,0<br \/>\nv\u00e4rv: must-punane<br \/>\nRatta l\u00e4bim\u00f5\u00f5t mm:125.0<br \/>\nRatta material:     plastik<br \/>\nP\u00f6\u00f6rdrataste arv: 2<br \/>\nRattafiksaator:     ja<br \/>\nSahtli sisem\u00f5\u00f5t:  565 x 395 mm<br \/>\nSahtlite arv kokku: 7<br \/>\n75 mm sahtlite arv: 5<br \/>\n150mm sahtlite arv: 2<br \/>\nM\u00f5\u00f5dud (LxKxS) 788 x 976 x 496 mm<br \/>\nkaal: 79kg<\/p>\n","protected":false},"featured_media":61335,"template":"","meta":{"inline_featured_image":false},"product_cat":[1596,1116,5234,5267],"product_tag":[],"class_list":{"0":"post-61334","1":"product","2":"type-product","3":"status-publish","4":"has-post-thumbnail","6":"product_brand-ks-tools","7":"product_cat-kasitooriistad","8":"product_cat-lisaseadmed-ehitusseadmed-led-lisatuled-cb-raadiod-lallar","9":"product_cat-tooriistakastid-ja-karud","10":"product_cat-tooriistakomplektidega-tooriistakarud","12":"first","13":"instock","14":"purchasable","15":"product-type-simple"},"yoast_head":"<!-- This site is optimized with the Yoast SEO plugin v27.4 - https:\/\/yoast.com\/product\/yoast-seo-wordpress\/ -->\n<title>T\u00f6\u00f6riistak\u00e4ru RACINGline, 7 sahtlit +komplekt 598-osa, KS Tools - Ranoja<\/title>\n<meta name=\"robots\" content=\"index, follow, max-snippet:-1, max-image-preview:large, max-video-preview:-1\" \/>\n<link rel=\"canonical\" href=\"https:\/\/ranoja.ee\/toode\/tooriistakaru-racingline-7-sahtlit-komplekt-598-osa-ks-tools\/\" \/>\n<meta property=\"og:locale\" content=\"en_US\" \/>\n<meta property=\"og:type\" content=\"article\" \/>\n<meta property=\"og:title\" content=\"T\u00f6\u00f6riistak\u00e4ru RACINGline, 7 sahtlit +komplekt 598-osa, KS Tools - Ranoja\" \/>\n<meta property=\"og:description\" content=\"-V\u00e4ga stabiilne terasplekist konstruktsioon, pleki paksus 0,9 mm - v\u00e4\u00e4ndumiskindel -K\u00fclgseinad on neljakandiliste aukudega erinevate tarvikute paigutamiseks -Eraldi lukustus takistab soovimatut avanemist -K\u00f5igi sahtlite kesklukustus silinderluku abil -Kuullaagritega sahtlijuhikud -Pol\u00fcuretaanist nurga-servakaitse -Sahtlid 90% v\u00e4ljat\u00f5mmatavad -ABSist t\u00f6\u00f6plaat koos v\u00e4ikedetailide sahtlite -T\u00e4islaiuses metallist k\u00e4epidemega -2 ratast d= 125 mm -2 p\u00f6\u00f6rdaratast d=125 mm veeremis- ja p\u00f6\u00f6rdepiduriga  Materjal:terasplekk osasid komplektis:598 Kogukandev\u00f5ime kg: 350,0 Sahtli koormustaluvus: 30,0 v\u00e4rv: must-punane Ratta l\u00e4bim\u00f5\u00f5t mm:125.0 Ratta material:   plastik P\u00f6\u00f6rdrataste arv: 2 Rattafiksaator:   ja Sahtli sisem\u00f5\u00f5t: 565 x 395 mm Sahtlite arv kokku: 7 75 mm sahtlite arv: 5 150mm sahtlite arv: 2 M\u00f5\u00f5dud (LxKxS) 788 x 976 x 496 mm kaal: 79kg\" \/>\n<meta property=\"og:url\" content=\"https:\/\/ranoja.ee\/toode\/tooriistakaru-racingline-7-sahtlit-komplekt-598-osa-ks-tools\/\" \/>\n<meta property=\"og:site_name\" content=\"Ranoja\" \/>\n<meta property=\"article:publisher\" content=\"https:\/\/www.facebook.com\/ranoja.ee\" \/>\n<meta property=\"article:modified_time\" content=\"2026-03-17T12:37:11+00:00\" \/>\n<meta property=\"og:image\" content=\"https:\/\/ranoja.ee\/wp-content\/uploads\/2026\/03\/186924283.jpg\" \/>\n\t<meta property=\"og:image:width\" content=\"900\" \/>\n\t<meta property=\"og:image:height\" content=\"675\" \/>\n\t<meta property=\"og:image:type\" content=\"image\/jpeg\" \/>\n<meta name=\"twitter:card\" content=\"summary_large_image\" \/>\n<script type=\"application\/ld+json\" class=\"yoast-schema-graph\">{\"@context\":\"https:\\\/\\\/schema.org\",\"@graph\":[{\"@type\":\"WebPage\",\"@id\":\"https:\\\/\\\/ranoja.ee\\\/toode\\\/tooriistakaru-racingline-7-sahtlit-komplekt-598-osa-ks-tools\\\/\",\"url\":\"https:\\\/\\\/ranoja.ee\\\/toode\\\/tooriistakaru-racingline-7-sahtlit-komplekt-598-osa-ks-tools\\\/\",\"name\":\"T\u00f6\u00f6riistak\u00e4ru RACINGline, 7 sahtlit +komplekt 598-osa, KS Tools - Ranoja\",\"isPartOf\":{\"@id\":\"https:\\\/\\\/ranoja.ee\\\/#website\"},\"primaryImageOfPage\":{\"@id\":\"https:\\\/\\\/ranoja.ee\\\/toode\\\/tooriistakaru-racingline-7-sahtlit-komplekt-598-osa-ks-tools\\\/#primaryimage\"},\"image\":{\"@id\":\"https:\\\/\\\/ranoja.ee\\\/toode\\\/tooriistakaru-racingline-7-sahtlit-komplekt-598-osa-ks-tools\\\/#primaryimage\"},\"thumbnailUrl\":\"https:\\\/\\\/ranoja.ee\\\/wp-content\\\/uploads\\\/2026\\\/03\\\/186924283.jpg\",\"datePublished\":\"2026-03-16T23:28:27+00:00\",\"dateModified\":\"2026-03-17T12:37:11+00:00\",\"breadcrumb\":{\"@id\":\"https:\\\/\\\/ranoja.ee\\\/toode\\\/tooriistakaru-racingline-7-sahtlit-komplekt-598-osa-ks-tools\\\/#breadcrumb\"},\"inLanguage\":\"en-US\",\"potentialAction\":[{\"@type\":\"ReadAction\",\"target\":[\"https:\\\/\\\/ranoja.ee\\\/toode\\\/tooriistakaru-racingline-7-sahtlit-komplekt-598-osa-ks-tools\\\/\"]}]},{\"@type\":\"ImageObject\",\"inLanguage\":\"en-US\",\"@id\":\"https:\\\/\\\/ranoja.ee\\\/toode\\\/tooriistakaru-racingline-7-sahtlit-komplekt-598-osa-ks-tools\\\/#primaryimage\",\"url\":\"https:\\\/\\\/ranoja.ee\\\/wp-content\\\/uploads\\\/2026\\\/03\\\/186924283.jpg\",\"contentUrl\":\"https:\\\/\\\/ranoja.ee\\\/wp-content\\\/uploads\\\/2026\\\/03\\\/186924283.jpg\",\"width\":900,\"height\":675},{\"@type\":\"BreadcrumbList\",\"@id\":\"https:\\\/\\\/ranoja.ee\\\/toode\\\/tooriistakaru-racingline-7-sahtlit-komplekt-598-osa-ks-tools\\\/#breadcrumb\",\"itemListElement\":[{\"@type\":\"ListItem\",\"position\":1,\"name\":\"Home\",\"item\":\"https:\\\/\\\/ranoja.ee\\\/\"},{\"@type\":\"ListItem\",\"position\":2,\"name\":\"Shop\",\"item\":\"https:\\\/\\\/ranoja.ee\\\/en\\\/shop\\\/\"},{\"@type\":\"ListItem\",\"position\":3,\"name\":\"T\u00f6\u00f6riistak\u00e4ru RACINGline, 7 sahtlit +komplekt 598-osa, KS Tools\"}]},{\"@type\":\"WebSite\",\"@id\":\"https:\\\/\\\/ranoja.ee\\\/#website\",\"url\":\"https:\\\/\\\/ranoja.ee\\\/\",\"name\":\"Ranoja\",\"description\":\"Equipment Shop WooCommerce WordPress Theme for Machine &amp; Tools\",\"publisher\":{\"@id\":\"https:\\\/\\\/ranoja.ee\\\/#organization\"},\"potentialAction\":[{\"@type\":\"SearchAction\",\"target\":{\"@type\":\"EntryPoint\",\"urlTemplate\":\"https:\\\/\\\/ranoja.ee\\\/?s={search_term_string}\"},\"query-input\":{\"@type\":\"PropertyValueSpecification\",\"valueRequired\":true,\"valueName\":\"search_term_string\"}}],\"inLanguage\":\"en-US\"},{\"@type\":\"Organization\",\"@id\":\"https:\\\/\\\/ranoja.ee\\\/#organization\",\"name\":\"Ranoja O\u00dc\",\"url\":\"https:\\\/\\\/ranoja.ee\\\/\",\"logo\":{\"@type\":\"ImageObject\",\"inLanguage\":\"en-US\",\"@id\":\"https:\\\/\\\/ranoja.ee\\\/#\\\/schema\\\/logo\\\/image\\\/\",\"url\":\"https:\\\/\\\/ranoja.ee\\\/wp-content\\\/uploads\\\/2023\\\/11\\\/ranoja-Logo.png\",\"contentUrl\":\"https:\\\/\\\/ranoja.ee\\\/wp-content\\\/uploads\\\/2023\\\/11\\\/ranoja-Logo.png\",\"width\":207,\"height\":58,\"caption\":\"Ranoja O\u00dc\"},\"image\":{\"@id\":\"https:\\\/\\\/ranoja.ee\\\/#\\\/schema\\\/logo\\\/image\\\/\"},\"sameAs\":[\"https:\\\/\\\/www.facebook.com\\\/ranoja.ee\",\"https:\\\/\\\/www.instagram.com\\\/ranoja__\\\/\"]}]}<\/script>\n<!-- \/ Yoast SEO plugin. -->","yoast_head_json":{"title":"T\u00f6\u00f6riistak\u00e4ru RACINGline, 7 sahtlit +komplekt 598-osa, KS Tools - Ranoja","robots":{"index":"index","follow":"follow","max-snippet":"max-snippet:-1","max-image-preview":"max-image-preview:large","max-video-preview":"max-video-preview:-1"},"canonical":"https:\/\/ranoja.ee\/toode\/tooriistakaru-racingline-7-sahtlit-komplekt-598-osa-ks-tools\/","og_locale":"en_US","og_type":"article","og_title":"T\u00f6\u00f6riistak\u00e4ru RACINGline, 7 sahtlit +komplekt 598-osa, KS Tools - Ranoja","og_description":"-V\u00e4ga stabiilne terasplekist konstruktsioon, pleki paksus 0,9 mm - v\u00e4\u00e4ndumiskindel -K\u00fclgseinad on neljakandiliste aukudega erinevate tarvikute paigutamiseks -Eraldi lukustus takistab soovimatut avanemist -K\u00f5igi sahtlite kesklukustus silinderluku abil -Kuullaagritega sahtlijuhikud -Pol\u00fcuretaanist nurga-servakaitse -Sahtlid 90% v\u00e4ljat\u00f5mmatavad -ABSist t\u00f6\u00f6plaat koos v\u00e4ikedetailide sahtlite -T\u00e4islaiuses metallist k\u00e4epidemega -2 ratast d= 125 mm -2 p\u00f6\u00f6rdaratast d=125 mm veeremis- ja p\u00f6\u00f6rdepiduriga  Materjal:terasplekk osasid komplektis:598 Kogukandev\u00f5ime kg: 350,0 Sahtli koormustaluvus: 30,0 v\u00e4rv: must-punane Ratta l\u00e4bim\u00f5\u00f5t mm:125.0 Ratta material:   plastik P\u00f6\u00f6rdrataste arv: 2 Rattafiksaator:   ja Sahtli sisem\u00f5\u00f5t: 565 x 395 mm Sahtlite arv kokku: 7 75 mm sahtlite arv: 5 150mm sahtlite arv: 2 M\u00f5\u00f5dud (LxKxS) 788 x 976 x 496 mm kaal: 79kg","og_url":"https:\/\/ranoja.ee\/toode\/tooriistakaru-racingline-7-sahtlit-komplekt-598-osa-ks-tools\/","og_site_name":"Ranoja","article_publisher":"https:\/\/www.facebook.com\/ranoja.ee","article_modified_time":"2026-03-17T12:37:11+00:00","og_image":[{"width":900,"height":675,"url":"https:\/\/ranoja.ee\/wp-content\/uploads\/2026\/03\/186924283.jpg","type":"image\/jpeg"}],"twitter_card":"summary_large_image","schema":{"@context":"https:\/\/schema.org","@graph":[{"@type":"WebPage","@id":"https:\/\/ranoja.ee\/toode\/tooriistakaru-racingline-7-sahtlit-komplekt-598-osa-ks-tools\/","url":"https:\/\/ranoja.ee\/toode\/tooriistakaru-racingline-7-sahtlit-komplekt-598-osa-ks-tools\/","name":"T\u00f6\u00f6riistak\u00e4ru RACINGline, 7 sahtlit +komplekt 598-osa, KS Tools - Ranoja","isPartOf":{"@id":"https:\/\/ranoja.ee\/#website"},"primaryImageOfPage":{"@id":"https:\/\/ranoja.ee\/toode\/tooriistakaru-racingline-7-sahtlit-komplekt-598-osa-ks-tools\/#primaryimage"},"image":{"@id":"https:\/\/ranoja.ee\/toode\/tooriistakaru-racingline-7-sahtlit-komplekt-598-osa-ks-tools\/#primaryimage"},"thumbnailUrl":"https:\/\/ranoja.ee\/wp-content\/uploads\/2026\/03\/186924283.jpg","datePublished":"2026-03-16T23:28:27+00:00","dateModified":"2026-03-17T12:37:11+00:00","breadcrumb":{"@id":"https:\/\/ranoja.ee\/toode\/tooriistakaru-racingline-7-sahtlit-komplekt-598-osa-ks-tools\/#breadcrumb"},"inLanguage":"en-US","potentialAction":[{"@type":"ReadAction","target":["https:\/\/ranoja.ee\/toode\/tooriistakaru-racingline-7-sahtlit-komplekt-598-osa-ks-tools\/"]}]},{"@type":"ImageObject","inLanguage":"en-US","@id":"https:\/\/ranoja.ee\/toode\/tooriistakaru-racingline-7-sahtlit-komplekt-598-osa-ks-tools\/#primaryimage","url":"https:\/\/ranoja.ee\/wp-content\/uploads\/2026\/03\/186924283.jpg","contentUrl":"https:\/\/ranoja.ee\/wp-content\/uploads\/2026\/03\/186924283.jpg","width":900,"height":675},{"@type":"BreadcrumbList","@id":"https:\/\/ranoja.ee\/toode\/tooriistakaru-racingline-7-sahtlit-komplekt-598-osa-ks-tools\/#breadcrumb","itemListElement":[{"@type":"ListItem","position":1,"name":"Home","item":"https:\/\/ranoja.ee\/"},{"@type":"ListItem","position":2,"name":"Shop","item":"https:\/\/ranoja.ee\/en\/shop\/"},{"@type":"ListItem","position":3,"name":"T\u00f6\u00f6riistak\u00e4ru RACINGline, 7 sahtlit +komplekt 598-osa, KS Tools"}]},{"@type":"WebSite","@id":"https:\/\/ranoja.ee\/#website","url":"https:\/\/ranoja.ee\/","name":"Ranoja","description":"Equipment Shop WooCommerce WordPress Theme for Machine &amp; Tools","publisher":{"@id":"https:\/\/ranoja.ee\/#organization"},"potentialAction":[{"@type":"SearchAction","target":{"@type":"EntryPoint","urlTemplate":"https:\/\/ranoja.ee\/?s={search_term_string}"},"query-input":{"@type":"PropertyValueSpecification","valueRequired":true,"valueName":"search_term_string"}}],"inLanguage":"en-US"},{"@type":"Organization","@id":"https:\/\/ranoja.ee\/#organization","name":"Ranoja O\u00dc","url":"https:\/\/ranoja.ee\/","logo":{"@type":"ImageObject","inLanguage":"en-US","@id":"https:\/\/ranoja.ee\/#\/schema\/logo\/image\/","url":"https:\/\/ranoja.ee\/wp-content\/uploads\/2023\/11\/ranoja-Logo.png","contentUrl":"https:\/\/ranoja.ee\/wp-content\/uploads\/2023\/11\/ranoja-Logo.png","width":207,"height":58,"caption":"Ranoja O\u00dc"},"image":{"@id":"https:\/\/ranoja.ee\/#\/schema\/logo\/image\/"},"sameAs":["https:\/\/www.facebook.com\/ranoja.ee","https:\/\/www.instagram.com\/ranoja__\/"]}]}},"_links":{"self":[{"href":"https:\/\/ranoja.ee\/en\/wp-json\/wp\/v2\/product\/61334","targetHints":{"allow":["GET"]}}],"collection":[{"href":"https:\/\/ranoja.ee\/en\/wp-json\/wp\/v2\/product"}],"about":[{"href":"https:\/\/ranoja.ee\/en\/wp-json\/wp\/v2\/types\/product"}],"wp:featuredmedia":[{"embeddable":true,"href":"https:\/\/ranoja.ee\/en\/wp-json\/wp\/v2\/media\/61335"}],"wp:attachment":[{"href":"https:\/\/ranoja.ee\/en\/wp-json\/wp\/v2\/media?parent=61334"}],"wp:term":[{"taxonomy":"product_cat","embeddable":true,"href":"https:\/\/ranoja.ee\/en\/wp-json\/wp\/v2\/product_cat?post=61334"},{"taxonomy":"product_tag","embeddable":true,"href":"https:\/\/ranoja.ee\/en\/wp-json\/wp\/v2\/product_tag?post=61334"}],"curies":[{"name":"wp","href":"https:\/\/api.w.org\/{rel}","templated":true}]}}