{"id":61318,"date":"2026-03-17T02:28:27","date_gmt":"2026-03-16T23:28:27","guid":{"rendered":"https:\/\/ranoja.ee\/toode\/liimipulgad-profi-12x190mm-spets-kinnituseks-1kg-rapid\/"},"modified":"2026-03-17T15:37:11","modified_gmt":"2026-03-17T12:37:11","slug":"liimipulgad-profi-12x190mm-spets-kinnituseks-1kg-rapid","status":"publish","type":"product","link":"https:\/\/ranoja.ee\/en\/toode\/liimipulgad-profi-12x190mm-spets-kinnituseks-1kg-rapid\/","title":{"rendered":"Liimipulgad profi, 12x190mm, spets kinnituseks, 1kg, Rapid"},"content":{"rendered":"","protected":false},"excerpt":{"rendered":"<p>Need 12 mm liimipulgad tagavad kvaliteetse liimimise t\u00e4nu k\u00f5rgele vaigusisaldusele. Ideaalne laia valiku professionaalseteks montaa\u017eit\u00f6\u00f6deks puidul, pakendil, nahal, korgil ja tekstiilil. Saadaval suurtes ja praktilistes pakendites, mis sobivad ideaalselt professionaalsetele v\u00f5i t\u00f6\u00f6stuslikele kasutajatele.<\/p>\n<p>Omadused<br \/>\n\u00d812 x 190 mm<br \/>\nK\u00f5rge vaigusisaldus<br \/>\nPakendustemperatuur: 170\u2013190 \u00b0C<br \/>\nPehmenemistemperatuur: 80\u201396 \u00b0C<br \/>\nAvatud aeg: 30 sekundit<br \/>\nK\u00f5venemisaeg: 30 sekundit<br \/>\n1 kg, pakendatud kilekotti<br \/>\nSobib EG212, EG250, CG270, EG280, BGX300, EG310, EG320, EG330, EG340, EG360, EG380 jaoks<\/p>\n","protected":false},"featured_media":61319,"template":"","meta":{"inline_featured_image":false},"product_cat":[5271,5088,5009],"product_tag":[],"class_list":{"0":"post-61318","1":"product","2":"type-product","3":"status-publish","4":"has-post-thumbnail","6":"product_brand-rapid","7":"product_cat-kuumliimid","8":"product_cat-liimid-ja-hermeetikud","9":"product_cat-toostus-ja-autokeemia","11":"first","12":"instock","13":"purchasable","14":"product-type-simple"},"yoast_head":"<!-- This site is optimized with the Yoast SEO plugin v27.4 - https:\/\/yoast.com\/product\/yoast-seo-wordpress\/ -->\n<title>Liimipulgad profi, 12x190mm, spets kinnituseks, 1kg, Rapid - Ranoja<\/title>\n<meta name=\"robots\" content=\"index, follow, max-snippet:-1, max-image-preview:large, max-video-preview:-1\" \/>\n<link rel=\"canonical\" href=\"https:\/\/ranoja.ee\/toode\/liimipulgad-profi-12x190mm-spets-kinnituseks-1kg-rapid\/\" \/>\n<meta property=\"og:locale\" content=\"en_US\" \/>\n<meta property=\"og:type\" content=\"article\" \/>\n<meta property=\"og:title\" content=\"Liimipulgad profi, 12x190mm, spets kinnituseks, 1kg, Rapid - Ranoja\" \/>\n<meta property=\"og:description\" content=\"Need 12 mm liimipulgad tagavad kvaliteetse liimimise t\u00e4nu k\u00f5rgele vaigusisaldusele. Ideaalne laia valiku professionaalseteks montaa\u017eit\u00f6\u00f6deks puidul, pakendil, nahal, korgil ja tekstiilil. Saadaval suurtes ja praktilistes pakendites, mis sobivad ideaalselt professionaalsetele v\u00f5i t\u00f6\u00f6stuslikele kasutajatele. Omadused \u00d812 x 190 mm K\u00f5rge vaigusisaldus Pakendustemperatuur: 170\u2013190 \u00b0C Pehmenemistemperatuur: 80\u201396 \u00b0C Avatud aeg: 30 sekundit K\u00f5venemisaeg: 30 sekundit 1 kg, pakendatud kilekotti Sobib EG212, EG250, CG270, EG280, BGX300, EG310, EG320, EG330, EG340, EG360, EG380 jaoks\" \/>\n<meta property=\"og:url\" content=\"https:\/\/ranoja.ee\/toode\/liimipulgad-profi-12x190mm-spets-kinnituseks-1kg-rapid\/\" \/>\n<meta property=\"og:site_name\" content=\"Ranoja\" \/>\n<meta property=\"article:publisher\" content=\"https:\/\/www.facebook.com\/ranoja.ee\" \/>\n<meta property=\"article:modified_time\" content=\"2026-03-17T12:37:11+00:00\" \/>\n<meta property=\"og:image\" content=\"https:\/\/ranoja.ee\/wp-content\/uploads\/2026\/03\/241744538.jpg\" \/>\n\t<meta property=\"og:image:width\" content=\"600\" \/>\n\t<meta property=\"og:image:height\" content=\"600\" \/>\n\t<meta property=\"og:image:type\" content=\"image\/jpeg\" \/>\n<meta name=\"twitter:card\" content=\"summary_large_image\" \/>\n<script type=\"application\/ld+json\" class=\"yoast-schema-graph\">{\"@context\":\"https:\\\/\\\/schema.org\",\"@graph\":[{\"@type\":\"WebPage\",\"@id\":\"https:\\\/\\\/ranoja.ee\\\/toode\\\/liimipulgad-profi-12x190mm-spets-kinnituseks-1kg-rapid\\\/\",\"url\":\"https:\\\/\\\/ranoja.ee\\\/toode\\\/liimipulgad-profi-12x190mm-spets-kinnituseks-1kg-rapid\\\/\",\"name\":\"Liimipulgad profi, 12x190mm, spets kinnituseks, 1kg, Rapid - Ranoja\",\"isPartOf\":{\"@id\":\"https:\\\/\\\/ranoja.ee\\\/#website\"},\"primaryImageOfPage\":{\"@id\":\"https:\\\/\\\/ranoja.ee\\\/toode\\\/liimipulgad-profi-12x190mm-spets-kinnituseks-1kg-rapid\\\/#primaryimage\"},\"image\":{\"@id\":\"https:\\\/\\\/ranoja.ee\\\/toode\\\/liimipulgad-profi-12x190mm-spets-kinnituseks-1kg-rapid\\\/#primaryimage\"},\"thumbnailUrl\":\"https:\\\/\\\/ranoja.ee\\\/wp-content\\\/uploads\\\/2026\\\/03\\\/241744538.jpg\",\"datePublished\":\"2026-03-16T23:28:27+00:00\",\"dateModified\":\"2026-03-17T12:37:11+00:00\",\"breadcrumb\":{\"@id\":\"https:\\\/\\\/ranoja.ee\\\/toode\\\/liimipulgad-profi-12x190mm-spets-kinnituseks-1kg-rapid\\\/#breadcrumb\"},\"inLanguage\":\"en-US\",\"potentialAction\":[{\"@type\":\"ReadAction\",\"target\":[\"https:\\\/\\\/ranoja.ee\\\/toode\\\/liimipulgad-profi-12x190mm-spets-kinnituseks-1kg-rapid\\\/\"]}]},{\"@type\":\"ImageObject\",\"inLanguage\":\"en-US\",\"@id\":\"https:\\\/\\\/ranoja.ee\\\/toode\\\/liimipulgad-profi-12x190mm-spets-kinnituseks-1kg-rapid\\\/#primaryimage\",\"url\":\"https:\\\/\\\/ranoja.ee\\\/wp-content\\\/uploads\\\/2026\\\/03\\\/241744538.jpg\",\"contentUrl\":\"https:\\\/\\\/ranoja.ee\\\/wp-content\\\/uploads\\\/2026\\\/03\\\/241744538.jpg\",\"width\":600,\"height\":600},{\"@type\":\"BreadcrumbList\",\"@id\":\"https:\\\/\\\/ranoja.ee\\\/toode\\\/liimipulgad-profi-12x190mm-spets-kinnituseks-1kg-rapid\\\/#breadcrumb\",\"itemListElement\":[{\"@type\":\"ListItem\",\"position\":1,\"name\":\"Home\",\"item\":\"https:\\\/\\\/ranoja.ee\\\/\"},{\"@type\":\"ListItem\",\"position\":2,\"name\":\"Shop\",\"item\":\"https:\\\/\\\/ranoja.ee\\\/en\\\/shop\\\/\"},{\"@type\":\"ListItem\",\"position\":3,\"name\":\"Liimipulgad profi, 12x190mm, spets kinnituseks, 1kg, Rapid\"}]},{\"@type\":\"WebSite\",\"@id\":\"https:\\\/\\\/ranoja.ee\\\/#website\",\"url\":\"https:\\\/\\\/ranoja.ee\\\/\",\"name\":\"Ranoja\",\"description\":\"Equipment Shop WooCommerce WordPress Theme for Machine &amp; Tools\",\"publisher\":{\"@id\":\"https:\\\/\\\/ranoja.ee\\\/#organization\"},\"potentialAction\":[{\"@type\":\"SearchAction\",\"target\":{\"@type\":\"EntryPoint\",\"urlTemplate\":\"https:\\\/\\\/ranoja.ee\\\/?s={search_term_string}\"},\"query-input\":{\"@type\":\"PropertyValueSpecification\",\"valueRequired\":true,\"valueName\":\"search_term_string\"}}],\"inLanguage\":\"en-US\"},{\"@type\":\"Organization\",\"@id\":\"https:\\\/\\\/ranoja.ee\\\/#organization\",\"name\":\"Ranoja O\u00dc\",\"url\":\"https:\\\/\\\/ranoja.ee\\\/\",\"logo\":{\"@type\":\"ImageObject\",\"inLanguage\":\"en-US\",\"@id\":\"https:\\\/\\\/ranoja.ee\\\/#\\\/schema\\\/logo\\\/image\\\/\",\"url\":\"https:\\\/\\\/ranoja.ee\\\/wp-content\\\/uploads\\\/2023\\\/11\\\/ranoja-Logo.png\",\"contentUrl\":\"https:\\\/\\\/ranoja.ee\\\/wp-content\\\/uploads\\\/2023\\\/11\\\/ranoja-Logo.png\",\"width\":207,\"height\":58,\"caption\":\"Ranoja O\u00dc\"},\"image\":{\"@id\":\"https:\\\/\\\/ranoja.ee\\\/#\\\/schema\\\/logo\\\/image\\\/\"},\"sameAs\":[\"https:\\\/\\\/www.facebook.com\\\/ranoja.ee\",\"https:\\\/\\\/www.instagram.com\\\/ranoja__\\\/\"]}]}<\/script>\n<!-- \/ Yoast SEO plugin. -->","yoast_head_json":{"title":"Liimipulgad profi, 12x190mm, spets kinnituseks, 1kg, Rapid - Ranoja","robots":{"index":"index","follow":"follow","max-snippet":"max-snippet:-1","max-image-preview":"max-image-preview:large","max-video-preview":"max-video-preview:-1"},"canonical":"https:\/\/ranoja.ee\/toode\/liimipulgad-profi-12x190mm-spets-kinnituseks-1kg-rapid\/","og_locale":"en_US","og_type":"article","og_title":"Liimipulgad profi, 12x190mm, spets kinnituseks, 1kg, Rapid - Ranoja","og_description":"Need 12 mm liimipulgad tagavad kvaliteetse liimimise t\u00e4nu k\u00f5rgele vaigusisaldusele. Ideaalne laia valiku professionaalseteks montaa\u017eit\u00f6\u00f6deks puidul, pakendil, nahal, korgil ja tekstiilil. Saadaval suurtes ja praktilistes pakendites, mis sobivad ideaalselt professionaalsetele v\u00f5i t\u00f6\u00f6stuslikele kasutajatele. Omadused \u00d812 x 190 mm K\u00f5rge vaigusisaldus Pakendustemperatuur: 170\u2013190 \u00b0C Pehmenemistemperatuur: 80\u201396 \u00b0C Avatud aeg: 30 sekundit K\u00f5venemisaeg: 30 sekundit 1 kg, pakendatud kilekotti Sobib EG212, EG250, CG270, EG280, BGX300, EG310, EG320, EG330, EG340, EG360, EG380 jaoks","og_url":"https:\/\/ranoja.ee\/toode\/liimipulgad-profi-12x190mm-spets-kinnituseks-1kg-rapid\/","og_site_name":"Ranoja","article_publisher":"https:\/\/www.facebook.com\/ranoja.ee","article_modified_time":"2026-03-17T12:37:11+00:00","og_image":[{"width":600,"height":600,"url":"https:\/\/ranoja.ee\/wp-content\/uploads\/2026\/03\/241744538.jpg","type":"image\/jpeg"}],"twitter_card":"summary_large_image","schema":{"@context":"https:\/\/schema.org","@graph":[{"@type":"WebPage","@id":"https:\/\/ranoja.ee\/toode\/liimipulgad-profi-12x190mm-spets-kinnituseks-1kg-rapid\/","url":"https:\/\/ranoja.ee\/toode\/liimipulgad-profi-12x190mm-spets-kinnituseks-1kg-rapid\/","name":"Liimipulgad profi, 12x190mm, spets kinnituseks, 1kg, Rapid - Ranoja","isPartOf":{"@id":"https:\/\/ranoja.ee\/#website"},"primaryImageOfPage":{"@id":"https:\/\/ranoja.ee\/toode\/liimipulgad-profi-12x190mm-spets-kinnituseks-1kg-rapid\/#primaryimage"},"image":{"@id":"https:\/\/ranoja.ee\/toode\/liimipulgad-profi-12x190mm-spets-kinnituseks-1kg-rapid\/#primaryimage"},"thumbnailUrl":"https:\/\/ranoja.ee\/wp-content\/uploads\/2026\/03\/241744538.jpg","datePublished":"2026-03-16T23:28:27+00:00","dateModified":"2026-03-17T12:37:11+00:00","breadcrumb":{"@id":"https:\/\/ranoja.ee\/toode\/liimipulgad-profi-12x190mm-spets-kinnituseks-1kg-rapid\/#breadcrumb"},"inLanguage":"en-US","potentialAction":[{"@type":"ReadAction","target":["https:\/\/ranoja.ee\/toode\/liimipulgad-profi-12x190mm-spets-kinnituseks-1kg-rapid\/"]}]},{"@type":"ImageObject","inLanguage":"en-US","@id":"https:\/\/ranoja.ee\/toode\/liimipulgad-profi-12x190mm-spets-kinnituseks-1kg-rapid\/#primaryimage","url":"https:\/\/ranoja.ee\/wp-content\/uploads\/2026\/03\/241744538.jpg","contentUrl":"https:\/\/ranoja.ee\/wp-content\/uploads\/2026\/03\/241744538.jpg","width":600,"height":600},{"@type":"BreadcrumbList","@id":"https:\/\/ranoja.ee\/toode\/liimipulgad-profi-12x190mm-spets-kinnituseks-1kg-rapid\/#breadcrumb","itemListElement":[{"@type":"ListItem","position":1,"name":"Home","item":"https:\/\/ranoja.ee\/"},{"@type":"ListItem","position":2,"name":"Shop","item":"https:\/\/ranoja.ee\/en\/shop\/"},{"@type":"ListItem","position":3,"name":"Liimipulgad profi, 12x190mm, spets kinnituseks, 1kg, Rapid"}]},{"@type":"WebSite","@id":"https:\/\/ranoja.ee\/#website","url":"https:\/\/ranoja.ee\/","name":"Ranoja","description":"Equipment Shop WooCommerce WordPress Theme for Machine &amp; Tools","publisher":{"@id":"https:\/\/ranoja.ee\/#organization"},"potentialAction":[{"@type":"SearchAction","target":{"@type":"EntryPoint","urlTemplate":"https:\/\/ranoja.ee\/?s={search_term_string}"},"query-input":{"@type":"PropertyValueSpecification","valueRequired":true,"valueName":"search_term_string"}}],"inLanguage":"en-US"},{"@type":"Organization","@id":"https:\/\/ranoja.ee\/#organization","name":"Ranoja O\u00dc","url":"https:\/\/ranoja.ee\/","logo":{"@type":"ImageObject","inLanguage":"en-US","@id":"https:\/\/ranoja.ee\/#\/schema\/logo\/image\/","url":"https:\/\/ranoja.ee\/wp-content\/uploads\/2023\/11\/ranoja-Logo.png","contentUrl":"https:\/\/ranoja.ee\/wp-content\/uploads\/2023\/11\/ranoja-Logo.png","width":207,"height":58,"caption":"Ranoja O\u00dc"},"image":{"@id":"https:\/\/ranoja.ee\/#\/schema\/logo\/image\/"},"sameAs":["https:\/\/www.facebook.com\/ranoja.ee","https:\/\/www.instagram.com\/ranoja__\/"]}]}},"_links":{"self":[{"href":"https:\/\/ranoja.ee\/en\/wp-json\/wp\/v2\/product\/61318","targetHints":{"allow":["GET"]}}],"collection":[{"href":"https:\/\/ranoja.ee\/en\/wp-json\/wp\/v2\/product"}],"about":[{"href":"https:\/\/ranoja.ee\/en\/wp-json\/wp\/v2\/types\/product"}],"wp:featuredmedia":[{"embeddable":true,"href":"https:\/\/ranoja.ee\/en\/wp-json\/wp\/v2\/media\/61319"}],"wp:attachment":[{"href":"https:\/\/ranoja.ee\/en\/wp-json\/wp\/v2\/media?parent=61318"}],"wp:term":[{"taxonomy":"product_cat","embeddable":true,"href":"https:\/\/ranoja.ee\/en\/wp-json\/wp\/v2\/product_cat?post=61318"},{"taxonomy":"product_tag","embeddable":true,"href":"https:\/\/ranoja.ee\/en\/wp-json\/wp\/v2\/product_tag?post=61318"}],"curies":[{"name":"wp","href":"https:\/\/api.w.org\/{rel}","templated":true}]}}