{"id":61300,"date":"2026-03-17T02:28:05","date_gmt":"2026-03-16T23:28:05","guid":{"rendered":"https:\/\/ranoja.ee\/toode\/spetsiaaloli-utto-wb2-20l-valvoline\/"},"modified":"2026-03-17T15:37:12","modified_gmt":"2026-03-17T12:37:12","slug":"spetsiaaloli-utto-wb2-20l-valvoline","status":"publish","type":"product","link":"https:\/\/ranoja.ee\/en\/toode\/spetsiaaloli-utto-wb2-20l-valvoline\/","title":{"rendered":"Spetsiaal\u00f5li Utto WB2 20L, Valvoline"},"content":{"rendered":"","protected":false},"excerpt":{"rendered":"<p>Valvoline UTTO WB2 on multifunktsionaalne preemiumklassi h\u00fcdrotransmissioonivedelik aastaringseks kasutamiseks. Sobib kasutamiseks traktorite, metsamasinate ja kombainide h\u00fcdros\u00fcsteemides, k\u00e4igukastides ja pea\u00fclekannetes , ka sellistes kus on integreeritud m\u00e4rjad pidurid. Valvoline UTTO WB2 kaitseb masinate komponente kulumise ja korrosiooni eest tagades erakordselt head h\u00f5\u00f5rdeomadused kogu hooldvahemiku jooksul.<br \/>\nHaakeriistade kasutamisel kontrolli \u00f5lide segunemise sobivust masina valmistaja omaga. <br \/>\nToode EI OLE SOBILIK kasutada mootri\u00f5lina!<br \/>\nJ\u00f5udlustasemed:<br \/>\nVolvo 97304 (WB102)<\/p>\n","protected":false},"featured_media":61301,"template":"","meta":{"inline_featured_image":false},"product_cat":[5012,5125],"product_tag":[],"class_list":{"0":"post-61300","1":"product","2":"type-product","3":"status-publish","4":"has-post-thumbnail","6":"product_brand-valvoline","7":"product_cat-olid-ja-maardeained","8":"product_cat-traktoriolid","10":"first","11":"instock","12":"purchasable","13":"product-type-simple"},"yoast_head":"<!-- This site is optimized with the Yoast SEO plugin v27.4 - https:\/\/yoast.com\/product\/yoast-seo-wordpress\/ -->\n<title>Spetsiaal\u00f5li Utto WB2 20L, Valvoline - Ranoja<\/title>\n<meta name=\"robots\" content=\"index, follow, max-snippet:-1, max-image-preview:large, max-video-preview:-1\" \/>\n<link rel=\"canonical\" href=\"https:\/\/ranoja.ee\/toode\/spetsiaaloli-utto-wb2-20l-valvoline\/\" \/>\n<meta property=\"og:locale\" content=\"en_US\" \/>\n<meta property=\"og:type\" content=\"article\" \/>\n<meta property=\"og:title\" content=\"Spetsiaal\u00f5li Utto WB2 20L, Valvoline - Ranoja\" \/>\n<meta property=\"og:description\" content=\"Valvoline UTTO WB2 on multifunktsionaalne preemiumklassi h\u00fcdrotransmissioonivedelik aastaringseks kasutamiseks. Sobib kasutamiseks traktorite, metsamasinate ja kombainide h\u00fcdros\u00fcsteemides, k\u00e4igukastides ja pea\u00fclekannetes , ka sellistes kus on integreeritud m\u00e4rjad pidurid. Valvoline UTTO WB2 kaitseb masinate komponente kulumise ja korrosiooni eest tagades erakordselt head h\u00f5\u00f5rdeomadused kogu hooldvahemiku jooksul. Haakeriistade kasutamisel kontrolli \u00f5lide segunemise sobivust masina valmistaja omaga. Toode EI OLE SOBILIK kasutada mootri\u00f5lina! J\u00f5udlustasemed: Volvo 97304 (WB102)\" \/>\n<meta property=\"og:url\" content=\"https:\/\/ranoja.ee\/toode\/spetsiaaloli-utto-wb2-20l-valvoline\/\" \/>\n<meta property=\"og:site_name\" content=\"Ranoja\" \/>\n<meta property=\"article:publisher\" content=\"https:\/\/www.facebook.com\/ranoja.ee\" \/>\n<meta property=\"article:modified_time\" content=\"2026-03-17T12:37:12+00:00\" \/>\n<meta property=\"og:image\" content=\"https:\/\/ranoja.ee\/wp-content\/uploads\/2026\/03\/207446367.jpg\" \/>\n\t<meta property=\"og:image:width\" content=\"761\" \/>\n\t<meta property=\"og:image:height\" content=\"768\" \/>\n\t<meta property=\"og:image:type\" content=\"image\/jpeg\" \/>\n<meta name=\"twitter:card\" content=\"summary_large_image\" \/>\n<script type=\"application\/ld+json\" class=\"yoast-schema-graph\">{\"@context\":\"https:\\\/\\\/schema.org\",\"@graph\":[{\"@type\":\"WebPage\",\"@id\":\"https:\\\/\\\/ranoja.ee\\\/toode\\\/spetsiaaloli-utto-wb2-20l-valvoline\\\/\",\"url\":\"https:\\\/\\\/ranoja.ee\\\/toode\\\/spetsiaaloli-utto-wb2-20l-valvoline\\\/\",\"name\":\"Spetsiaal\u00f5li Utto WB2 20L, Valvoline - Ranoja\",\"isPartOf\":{\"@id\":\"https:\\\/\\\/ranoja.ee\\\/#website\"},\"primaryImageOfPage\":{\"@id\":\"https:\\\/\\\/ranoja.ee\\\/toode\\\/spetsiaaloli-utto-wb2-20l-valvoline\\\/#primaryimage\"},\"image\":{\"@id\":\"https:\\\/\\\/ranoja.ee\\\/toode\\\/spetsiaaloli-utto-wb2-20l-valvoline\\\/#primaryimage\"},\"thumbnailUrl\":\"https:\\\/\\\/ranoja.ee\\\/wp-content\\\/uploads\\\/2026\\\/03\\\/207446367.jpg\",\"datePublished\":\"2026-03-16T23:28:05+00:00\",\"dateModified\":\"2026-03-17T12:37:12+00:00\",\"breadcrumb\":{\"@id\":\"https:\\\/\\\/ranoja.ee\\\/toode\\\/spetsiaaloli-utto-wb2-20l-valvoline\\\/#breadcrumb\"},\"inLanguage\":\"en-US\",\"potentialAction\":[{\"@type\":\"ReadAction\",\"target\":[\"https:\\\/\\\/ranoja.ee\\\/toode\\\/spetsiaaloli-utto-wb2-20l-valvoline\\\/\"]}]},{\"@type\":\"ImageObject\",\"inLanguage\":\"en-US\",\"@id\":\"https:\\\/\\\/ranoja.ee\\\/toode\\\/spetsiaaloli-utto-wb2-20l-valvoline\\\/#primaryimage\",\"url\":\"https:\\\/\\\/ranoja.ee\\\/wp-content\\\/uploads\\\/2026\\\/03\\\/207446367.jpg\",\"contentUrl\":\"https:\\\/\\\/ranoja.ee\\\/wp-content\\\/uploads\\\/2026\\\/03\\\/207446367.jpg\",\"width\":761,\"height\":768},{\"@type\":\"BreadcrumbList\",\"@id\":\"https:\\\/\\\/ranoja.ee\\\/toode\\\/spetsiaaloli-utto-wb2-20l-valvoline\\\/#breadcrumb\",\"itemListElement\":[{\"@type\":\"ListItem\",\"position\":1,\"name\":\"Home\",\"item\":\"https:\\\/\\\/ranoja.ee\\\/\"},{\"@type\":\"ListItem\",\"position\":2,\"name\":\"Shop\",\"item\":\"https:\\\/\\\/ranoja.ee\\\/en\\\/shop\\\/\"},{\"@type\":\"ListItem\",\"position\":3,\"name\":\"Spetsiaal\u00f5li Utto WB2 20L, Valvoline\"}]},{\"@type\":\"WebSite\",\"@id\":\"https:\\\/\\\/ranoja.ee\\\/#website\",\"url\":\"https:\\\/\\\/ranoja.ee\\\/\",\"name\":\"Ranoja\",\"description\":\"Equipment Shop WooCommerce WordPress Theme for Machine &amp; Tools\",\"publisher\":{\"@id\":\"https:\\\/\\\/ranoja.ee\\\/#organization\"},\"potentialAction\":[{\"@type\":\"SearchAction\",\"target\":{\"@type\":\"EntryPoint\",\"urlTemplate\":\"https:\\\/\\\/ranoja.ee\\\/?s={search_term_string}\"},\"query-input\":{\"@type\":\"PropertyValueSpecification\",\"valueRequired\":true,\"valueName\":\"search_term_string\"}}],\"inLanguage\":\"en-US\"},{\"@type\":\"Organization\",\"@id\":\"https:\\\/\\\/ranoja.ee\\\/#organization\",\"name\":\"Ranoja O\u00dc\",\"url\":\"https:\\\/\\\/ranoja.ee\\\/\",\"logo\":{\"@type\":\"ImageObject\",\"inLanguage\":\"en-US\",\"@id\":\"https:\\\/\\\/ranoja.ee\\\/#\\\/schema\\\/logo\\\/image\\\/\",\"url\":\"https:\\\/\\\/ranoja.ee\\\/wp-content\\\/uploads\\\/2023\\\/11\\\/ranoja-Logo.png\",\"contentUrl\":\"https:\\\/\\\/ranoja.ee\\\/wp-content\\\/uploads\\\/2023\\\/11\\\/ranoja-Logo.png\",\"width\":207,\"height\":58,\"caption\":\"Ranoja O\u00dc\"},\"image\":{\"@id\":\"https:\\\/\\\/ranoja.ee\\\/#\\\/schema\\\/logo\\\/image\\\/\"},\"sameAs\":[\"https:\\\/\\\/www.facebook.com\\\/ranoja.ee\",\"https:\\\/\\\/www.instagram.com\\\/ranoja__\\\/\"]}]}<\/script>\n<!-- \/ Yoast SEO plugin. -->","yoast_head_json":{"title":"Spetsiaal\u00f5li Utto WB2 20L, Valvoline - Ranoja","robots":{"index":"index","follow":"follow","max-snippet":"max-snippet:-1","max-image-preview":"max-image-preview:large","max-video-preview":"max-video-preview:-1"},"canonical":"https:\/\/ranoja.ee\/toode\/spetsiaaloli-utto-wb2-20l-valvoline\/","og_locale":"en_US","og_type":"article","og_title":"Spetsiaal\u00f5li Utto WB2 20L, Valvoline - Ranoja","og_description":"Valvoline UTTO WB2 on multifunktsionaalne preemiumklassi h\u00fcdrotransmissioonivedelik aastaringseks kasutamiseks. Sobib kasutamiseks traktorite, metsamasinate ja kombainide h\u00fcdros\u00fcsteemides, k\u00e4igukastides ja pea\u00fclekannetes , ka sellistes kus on integreeritud m\u00e4rjad pidurid. Valvoline UTTO WB2 kaitseb masinate komponente kulumise ja korrosiooni eest tagades erakordselt head h\u00f5\u00f5rdeomadused kogu hooldvahemiku jooksul. Haakeriistade kasutamisel kontrolli \u00f5lide segunemise sobivust masina valmistaja omaga. Toode EI OLE SOBILIK kasutada mootri\u00f5lina! J\u00f5udlustasemed: Volvo 97304 (WB102)","og_url":"https:\/\/ranoja.ee\/toode\/spetsiaaloli-utto-wb2-20l-valvoline\/","og_site_name":"Ranoja","article_publisher":"https:\/\/www.facebook.com\/ranoja.ee","article_modified_time":"2026-03-17T12:37:12+00:00","og_image":[{"width":761,"height":768,"url":"https:\/\/ranoja.ee\/wp-content\/uploads\/2026\/03\/207446367.jpg","type":"image\/jpeg"}],"twitter_card":"summary_large_image","schema":{"@context":"https:\/\/schema.org","@graph":[{"@type":"WebPage","@id":"https:\/\/ranoja.ee\/toode\/spetsiaaloli-utto-wb2-20l-valvoline\/","url":"https:\/\/ranoja.ee\/toode\/spetsiaaloli-utto-wb2-20l-valvoline\/","name":"Spetsiaal\u00f5li Utto WB2 20L, Valvoline - Ranoja","isPartOf":{"@id":"https:\/\/ranoja.ee\/#website"},"primaryImageOfPage":{"@id":"https:\/\/ranoja.ee\/toode\/spetsiaaloli-utto-wb2-20l-valvoline\/#primaryimage"},"image":{"@id":"https:\/\/ranoja.ee\/toode\/spetsiaaloli-utto-wb2-20l-valvoline\/#primaryimage"},"thumbnailUrl":"https:\/\/ranoja.ee\/wp-content\/uploads\/2026\/03\/207446367.jpg","datePublished":"2026-03-16T23:28:05+00:00","dateModified":"2026-03-17T12:37:12+00:00","breadcrumb":{"@id":"https:\/\/ranoja.ee\/toode\/spetsiaaloli-utto-wb2-20l-valvoline\/#breadcrumb"},"inLanguage":"en-US","potentialAction":[{"@type":"ReadAction","target":["https:\/\/ranoja.ee\/toode\/spetsiaaloli-utto-wb2-20l-valvoline\/"]}]},{"@type":"ImageObject","inLanguage":"en-US","@id":"https:\/\/ranoja.ee\/toode\/spetsiaaloli-utto-wb2-20l-valvoline\/#primaryimage","url":"https:\/\/ranoja.ee\/wp-content\/uploads\/2026\/03\/207446367.jpg","contentUrl":"https:\/\/ranoja.ee\/wp-content\/uploads\/2026\/03\/207446367.jpg","width":761,"height":768},{"@type":"BreadcrumbList","@id":"https:\/\/ranoja.ee\/toode\/spetsiaaloli-utto-wb2-20l-valvoline\/#breadcrumb","itemListElement":[{"@type":"ListItem","position":1,"name":"Home","item":"https:\/\/ranoja.ee\/"},{"@type":"ListItem","position":2,"name":"Shop","item":"https:\/\/ranoja.ee\/en\/shop\/"},{"@type":"ListItem","position":3,"name":"Spetsiaal\u00f5li Utto WB2 20L, Valvoline"}]},{"@type":"WebSite","@id":"https:\/\/ranoja.ee\/#website","url":"https:\/\/ranoja.ee\/","name":"Ranoja","description":"Equipment Shop WooCommerce WordPress Theme for Machine &amp; Tools","publisher":{"@id":"https:\/\/ranoja.ee\/#organization"},"potentialAction":[{"@type":"SearchAction","target":{"@type":"EntryPoint","urlTemplate":"https:\/\/ranoja.ee\/?s={search_term_string}"},"query-input":{"@type":"PropertyValueSpecification","valueRequired":true,"valueName":"search_term_string"}}],"inLanguage":"en-US"},{"@type":"Organization","@id":"https:\/\/ranoja.ee\/#organization","name":"Ranoja O\u00dc","url":"https:\/\/ranoja.ee\/","logo":{"@type":"ImageObject","inLanguage":"en-US","@id":"https:\/\/ranoja.ee\/#\/schema\/logo\/image\/","url":"https:\/\/ranoja.ee\/wp-content\/uploads\/2023\/11\/ranoja-Logo.png","contentUrl":"https:\/\/ranoja.ee\/wp-content\/uploads\/2023\/11\/ranoja-Logo.png","width":207,"height":58,"caption":"Ranoja O\u00dc"},"image":{"@id":"https:\/\/ranoja.ee\/#\/schema\/logo\/image\/"},"sameAs":["https:\/\/www.facebook.com\/ranoja.ee","https:\/\/www.instagram.com\/ranoja__\/"]}]}},"_links":{"self":[{"href":"https:\/\/ranoja.ee\/en\/wp-json\/wp\/v2\/product\/61300","targetHints":{"allow":["GET"]}}],"collection":[{"href":"https:\/\/ranoja.ee\/en\/wp-json\/wp\/v2\/product"}],"about":[{"href":"https:\/\/ranoja.ee\/en\/wp-json\/wp\/v2\/types\/product"}],"wp:featuredmedia":[{"embeddable":true,"href":"https:\/\/ranoja.ee\/en\/wp-json\/wp\/v2\/media\/61301"}],"wp:attachment":[{"href":"https:\/\/ranoja.ee\/en\/wp-json\/wp\/v2\/media?parent=61300"}],"wp:term":[{"taxonomy":"product_cat","embeddable":true,"href":"https:\/\/ranoja.ee\/en\/wp-json\/wp\/v2\/product_cat?post=61300"},{"taxonomy":"product_tag","embeddable":true,"href":"https:\/\/ranoja.ee\/en\/wp-json\/wp\/v2\/product_tag?post=61300"}],"curies":[{"name":"wp","href":"https:\/\/api.w.org\/{rel}","templated":true}]}}