{"id":61280,"date":"2026-03-17T02:28:05","date_gmt":"2026-03-16T23:28:05","guid":{"rendered":"https:\/\/ranoja.ee\/toode\/joukorrutaja-komplekt-1-164-ks-tools\/"},"modified":"2026-03-17T15:37:12","modified_gmt":"2026-03-17T12:37:12","slug":"joukorrutaja-komplekt-1-164-ks-tools","status":"publish","type":"product","link":"https:\/\/ranoja.ee\/en\/toode\/joukorrutaja-komplekt-1-164-ks-tools\/","title":{"rendered":"J\u00f5ukorrutaja komplekt 1\u00b4\u00b4, 1:64, KS Tools"},"content":{"rendered":"","protected":false},"excerpt":{"rendered":"<p>Kirjeldus<br \/>\nstabiilne eemaldust\u00f6\u00f6riist<br \/>\nk\u00e4sitsemiseks koos kaasasoleva v\u00e4ndaga<br \/>\nintegreeritud, seadistatava toetusrakisega<br \/>\nnelikantajam vastavalt standardile DIN 3120 \/ ISO 1174<br \/>\n1:64 \u00fclekandesuhe<br \/>\n3 800 Nm maksimaalne v\u00e4ljundp\u00f6\u00f6rdemoment<br \/>\nkaasas on padrunid ja pikendus<br \/>\nh\u00e4davajalik teeninduss\u00f5iduki pardavarustusena<br \/>\nei sobi t\u00f6\u00f6stuslikes rakendustes<br \/>\nei sobi kasutamiseks koos l\u00f6\u00f6kkruvikeerajatega<br \/>\nstabiilses plastkohvris<\/p>\n<p>Komplektis padrunid 27, 30, 32, 33.<br \/>\nMax v\u00e4ljund 3800Nm<\/p>\n<p>Omadused<br \/>\npakend:\tplastkohver, eriti tugev<br \/>\nNorm:\tDIN 3120, ISO 1174<br \/>\nNelikantajam tollides:\t1&#8243;<br \/>\nT\u00f5lge:\t1 : 64<br \/>\nPakendisisu:\t1<br \/>\nosasid komplektis:\t7<br \/>\nV\u00e4ljundp\u00f6\u00f6rdemoment:\tmax. 3800<br \/>\nSisendp\u00f6\u00f6rdemoment:\tmax. 59<br \/>\nv\u00f5tmesuurus SW mm:\t27-33<br \/>\nkaal g:\t8000<br \/>\nPakendi k\u00f5rgus mm:\t12800<br \/>\nPakendi laius mm:\t45200<br \/>\nPakendi pikkus mm:\t43900<\/p>\n","protected":false},"featured_media":61281,"template":"","meta":{"inline_featured_image":false},"product_cat":[5447,1596,1116,5263],"product_tag":[],"class_list":{"0":"post-61280","1":"product","2":"type-product","3":"status-publish","4":"has-post-thumbnail","6":"product_brand-ks-tools","7":"product_cat-joukorrutajad","8":"product_cat-kasitooriistad","9":"product_cat-lisaseadmed-ehitusseadmed-led-lisatuled-cb-raadiod-lallar","10":"product_cat-momentvotmed","12":"first","13":"instock","14":"purchasable","15":"product-type-simple"},"yoast_head":"<!-- This site is optimized with the Yoast SEO plugin v27.4 - https:\/\/yoast.com\/product\/yoast-seo-wordpress\/ -->\n<title>J\u00f5ukorrutaja komplekt 1\u00b4\u00b4, 1:64, KS Tools - Ranoja<\/title>\n<meta name=\"robots\" content=\"index, follow, max-snippet:-1, max-image-preview:large, max-video-preview:-1\" \/>\n<link rel=\"canonical\" href=\"https:\/\/ranoja.ee\/toode\/joukorrutaja-komplekt-1-164-ks-tools\/\" \/>\n<meta property=\"og:locale\" content=\"en_US\" \/>\n<meta property=\"og:type\" content=\"article\" \/>\n<meta property=\"og:title\" content=\"J\u00f5ukorrutaja komplekt 1\u00b4\u00b4, 1:64, KS Tools - Ranoja\" \/>\n<meta property=\"og:description\" content=\"Kirjeldus stabiilne eemaldust\u00f6\u00f6riist k\u00e4sitsemiseks koos kaasasoleva v\u00e4ndaga integreeritud, seadistatava toetusrakisega nelikantajam vastavalt standardile DIN 3120 \/ ISO 1174 1:64 \u00fclekandesuhe 3 800 Nm maksimaalne v\u00e4ljundp\u00f6\u00f6rdemoment kaasas on padrunid ja pikendus h\u00e4davajalik teeninduss\u00f5iduki pardavarustusena ei sobi t\u00f6\u00f6stuslikes rakendustes ei sobi kasutamiseks koos l\u00f6\u00f6kkruvikeerajatega stabiilses plastkohvris Komplektis padrunid 27, 30, 32, 33. Max v\u00e4ljund 3800Nm Omadused pakend: plastkohver, eriti tugev Norm: DIN 3120, ISO 1174 Nelikantajam tollides: 1&quot; T\u00f5lge: 1 : 64 Pakendisisu: 1 osasid komplektis: 7 V\u00e4ljundp\u00f6\u00f6rdemoment: max. 3800 Sisendp\u00f6\u00f6rdemoment: max. 59 v\u00f5tmesuurus SW mm: 27-33 kaal g: 8000 Pakendi k\u00f5rgus mm: 12800 Pakendi laius mm: 45200 Pakendi pikkus mm: 43900\" \/>\n<meta property=\"og:url\" content=\"https:\/\/ranoja.ee\/toode\/joukorrutaja-komplekt-1-164-ks-tools\/\" \/>\n<meta property=\"og:site_name\" content=\"Ranoja\" \/>\n<meta property=\"article:publisher\" content=\"https:\/\/www.facebook.com\/ranoja.ee\" \/>\n<meta property=\"article:modified_time\" content=\"2026-03-17T12:37:12+00:00\" \/>\n<meta property=\"og:image\" content=\"https:\/\/ranoja.ee\/wp-content\/uploads\/2026\/03\/187264025.jpg\" \/>\n\t<meta property=\"og:image:width\" content=\"768\" \/>\n\t<meta property=\"og:image:height\" content=\"768\" \/>\n\t<meta property=\"og:image:type\" content=\"image\/jpeg\" \/>\n<meta name=\"twitter:card\" content=\"summary_large_image\" \/>\n<script type=\"application\/ld+json\" class=\"yoast-schema-graph\">{\"@context\":\"https:\\\/\\\/schema.org\",\"@graph\":[{\"@type\":\"WebPage\",\"@id\":\"https:\\\/\\\/ranoja.ee\\\/toode\\\/joukorrutaja-komplekt-1-164-ks-tools\\\/\",\"url\":\"https:\\\/\\\/ranoja.ee\\\/toode\\\/joukorrutaja-komplekt-1-164-ks-tools\\\/\",\"name\":\"J\u00f5ukorrutaja komplekt 1\u00b4\u00b4, 1:64, KS Tools - Ranoja\",\"isPartOf\":{\"@id\":\"https:\\\/\\\/ranoja.ee\\\/#website\"},\"primaryImageOfPage\":{\"@id\":\"https:\\\/\\\/ranoja.ee\\\/toode\\\/joukorrutaja-komplekt-1-164-ks-tools\\\/#primaryimage\"},\"image\":{\"@id\":\"https:\\\/\\\/ranoja.ee\\\/toode\\\/joukorrutaja-komplekt-1-164-ks-tools\\\/#primaryimage\"},\"thumbnailUrl\":\"https:\\\/\\\/ranoja.ee\\\/wp-content\\\/uploads\\\/2026\\\/03\\\/187264025.jpg\",\"datePublished\":\"2026-03-16T23:28:05+00:00\",\"dateModified\":\"2026-03-17T12:37:12+00:00\",\"breadcrumb\":{\"@id\":\"https:\\\/\\\/ranoja.ee\\\/toode\\\/joukorrutaja-komplekt-1-164-ks-tools\\\/#breadcrumb\"},\"inLanguage\":\"en-US\",\"potentialAction\":[{\"@type\":\"ReadAction\",\"target\":[\"https:\\\/\\\/ranoja.ee\\\/toode\\\/joukorrutaja-komplekt-1-164-ks-tools\\\/\"]}]},{\"@type\":\"ImageObject\",\"inLanguage\":\"en-US\",\"@id\":\"https:\\\/\\\/ranoja.ee\\\/toode\\\/joukorrutaja-komplekt-1-164-ks-tools\\\/#primaryimage\",\"url\":\"https:\\\/\\\/ranoja.ee\\\/wp-content\\\/uploads\\\/2026\\\/03\\\/187264025.jpg\",\"contentUrl\":\"https:\\\/\\\/ranoja.ee\\\/wp-content\\\/uploads\\\/2026\\\/03\\\/187264025.jpg\",\"width\":768,\"height\":768},{\"@type\":\"BreadcrumbList\",\"@id\":\"https:\\\/\\\/ranoja.ee\\\/toode\\\/joukorrutaja-komplekt-1-164-ks-tools\\\/#breadcrumb\",\"itemListElement\":[{\"@type\":\"ListItem\",\"position\":1,\"name\":\"Home\",\"item\":\"https:\\\/\\\/ranoja.ee\\\/\"},{\"@type\":\"ListItem\",\"position\":2,\"name\":\"Shop\",\"item\":\"https:\\\/\\\/ranoja.ee\\\/en\\\/shop\\\/\"},{\"@type\":\"ListItem\",\"position\":3,\"name\":\"J\u00f5ukorrutaja komplekt 1\u00b4\u00b4, 1:64, KS Tools\"}]},{\"@type\":\"WebSite\",\"@id\":\"https:\\\/\\\/ranoja.ee\\\/#website\",\"url\":\"https:\\\/\\\/ranoja.ee\\\/\",\"name\":\"Ranoja\",\"description\":\"Equipment Shop WooCommerce WordPress Theme for Machine &amp; Tools\",\"publisher\":{\"@id\":\"https:\\\/\\\/ranoja.ee\\\/#organization\"},\"potentialAction\":[{\"@type\":\"SearchAction\",\"target\":{\"@type\":\"EntryPoint\",\"urlTemplate\":\"https:\\\/\\\/ranoja.ee\\\/?s={search_term_string}\"},\"query-input\":{\"@type\":\"PropertyValueSpecification\",\"valueRequired\":true,\"valueName\":\"search_term_string\"}}],\"inLanguage\":\"en-US\"},{\"@type\":\"Organization\",\"@id\":\"https:\\\/\\\/ranoja.ee\\\/#organization\",\"name\":\"Ranoja O\u00dc\",\"url\":\"https:\\\/\\\/ranoja.ee\\\/\",\"logo\":{\"@type\":\"ImageObject\",\"inLanguage\":\"en-US\",\"@id\":\"https:\\\/\\\/ranoja.ee\\\/#\\\/schema\\\/logo\\\/image\\\/\",\"url\":\"https:\\\/\\\/ranoja.ee\\\/wp-content\\\/uploads\\\/2023\\\/11\\\/ranoja-Logo.png\",\"contentUrl\":\"https:\\\/\\\/ranoja.ee\\\/wp-content\\\/uploads\\\/2023\\\/11\\\/ranoja-Logo.png\",\"width\":207,\"height\":58,\"caption\":\"Ranoja O\u00dc\"},\"image\":{\"@id\":\"https:\\\/\\\/ranoja.ee\\\/#\\\/schema\\\/logo\\\/image\\\/\"},\"sameAs\":[\"https:\\\/\\\/www.facebook.com\\\/ranoja.ee\",\"https:\\\/\\\/www.instagram.com\\\/ranoja__\\\/\"]}]}<\/script>\n<!-- \/ Yoast SEO plugin. -->","yoast_head_json":{"title":"J\u00f5ukorrutaja komplekt 1\u00b4\u00b4, 1:64, KS Tools - Ranoja","robots":{"index":"index","follow":"follow","max-snippet":"max-snippet:-1","max-image-preview":"max-image-preview:large","max-video-preview":"max-video-preview:-1"},"canonical":"https:\/\/ranoja.ee\/toode\/joukorrutaja-komplekt-1-164-ks-tools\/","og_locale":"en_US","og_type":"article","og_title":"J\u00f5ukorrutaja komplekt 1\u00b4\u00b4, 1:64, KS Tools - Ranoja","og_description":"Kirjeldus stabiilne eemaldust\u00f6\u00f6riist k\u00e4sitsemiseks koos kaasasoleva v\u00e4ndaga integreeritud, seadistatava toetusrakisega nelikantajam vastavalt standardile DIN 3120 \/ ISO 1174 1:64 \u00fclekandesuhe 3 800 Nm maksimaalne v\u00e4ljundp\u00f6\u00f6rdemoment kaasas on padrunid ja pikendus h\u00e4davajalik teeninduss\u00f5iduki pardavarustusena ei sobi t\u00f6\u00f6stuslikes rakendustes ei sobi kasutamiseks koos l\u00f6\u00f6kkruvikeerajatega stabiilses plastkohvris Komplektis padrunid 27, 30, 32, 33. Max v\u00e4ljund 3800Nm Omadused pakend: plastkohver, eriti tugev Norm: DIN 3120, ISO 1174 Nelikantajam tollides: 1\" T\u00f5lge: 1 : 64 Pakendisisu: 1 osasid komplektis: 7 V\u00e4ljundp\u00f6\u00f6rdemoment: max. 3800 Sisendp\u00f6\u00f6rdemoment: max. 59 v\u00f5tmesuurus SW mm: 27-33 kaal g: 8000 Pakendi k\u00f5rgus mm: 12800 Pakendi laius mm: 45200 Pakendi pikkus mm: 43900","og_url":"https:\/\/ranoja.ee\/toode\/joukorrutaja-komplekt-1-164-ks-tools\/","og_site_name":"Ranoja","article_publisher":"https:\/\/www.facebook.com\/ranoja.ee","article_modified_time":"2026-03-17T12:37:12+00:00","og_image":[{"width":768,"height":768,"url":"https:\/\/ranoja.ee\/wp-content\/uploads\/2026\/03\/187264025.jpg","type":"image\/jpeg"}],"twitter_card":"summary_large_image","schema":{"@context":"https:\/\/schema.org","@graph":[{"@type":"WebPage","@id":"https:\/\/ranoja.ee\/toode\/joukorrutaja-komplekt-1-164-ks-tools\/","url":"https:\/\/ranoja.ee\/toode\/joukorrutaja-komplekt-1-164-ks-tools\/","name":"J\u00f5ukorrutaja komplekt 1\u00b4\u00b4, 1:64, KS Tools - Ranoja","isPartOf":{"@id":"https:\/\/ranoja.ee\/#website"},"primaryImageOfPage":{"@id":"https:\/\/ranoja.ee\/toode\/joukorrutaja-komplekt-1-164-ks-tools\/#primaryimage"},"image":{"@id":"https:\/\/ranoja.ee\/toode\/joukorrutaja-komplekt-1-164-ks-tools\/#primaryimage"},"thumbnailUrl":"https:\/\/ranoja.ee\/wp-content\/uploads\/2026\/03\/187264025.jpg","datePublished":"2026-03-16T23:28:05+00:00","dateModified":"2026-03-17T12:37:12+00:00","breadcrumb":{"@id":"https:\/\/ranoja.ee\/toode\/joukorrutaja-komplekt-1-164-ks-tools\/#breadcrumb"},"inLanguage":"en-US","potentialAction":[{"@type":"ReadAction","target":["https:\/\/ranoja.ee\/toode\/joukorrutaja-komplekt-1-164-ks-tools\/"]}]},{"@type":"ImageObject","inLanguage":"en-US","@id":"https:\/\/ranoja.ee\/toode\/joukorrutaja-komplekt-1-164-ks-tools\/#primaryimage","url":"https:\/\/ranoja.ee\/wp-content\/uploads\/2026\/03\/187264025.jpg","contentUrl":"https:\/\/ranoja.ee\/wp-content\/uploads\/2026\/03\/187264025.jpg","width":768,"height":768},{"@type":"BreadcrumbList","@id":"https:\/\/ranoja.ee\/toode\/joukorrutaja-komplekt-1-164-ks-tools\/#breadcrumb","itemListElement":[{"@type":"ListItem","position":1,"name":"Home","item":"https:\/\/ranoja.ee\/"},{"@type":"ListItem","position":2,"name":"Shop","item":"https:\/\/ranoja.ee\/en\/shop\/"},{"@type":"ListItem","position":3,"name":"J\u00f5ukorrutaja komplekt 1\u00b4\u00b4, 1:64, KS Tools"}]},{"@type":"WebSite","@id":"https:\/\/ranoja.ee\/#website","url":"https:\/\/ranoja.ee\/","name":"Ranoja","description":"Equipment Shop WooCommerce WordPress Theme for Machine &amp; Tools","publisher":{"@id":"https:\/\/ranoja.ee\/#organization"},"potentialAction":[{"@type":"SearchAction","target":{"@type":"EntryPoint","urlTemplate":"https:\/\/ranoja.ee\/?s={search_term_string}"},"query-input":{"@type":"PropertyValueSpecification","valueRequired":true,"valueName":"search_term_string"}}],"inLanguage":"en-US"},{"@type":"Organization","@id":"https:\/\/ranoja.ee\/#organization","name":"Ranoja O\u00dc","url":"https:\/\/ranoja.ee\/","logo":{"@type":"ImageObject","inLanguage":"en-US","@id":"https:\/\/ranoja.ee\/#\/schema\/logo\/image\/","url":"https:\/\/ranoja.ee\/wp-content\/uploads\/2023\/11\/ranoja-Logo.png","contentUrl":"https:\/\/ranoja.ee\/wp-content\/uploads\/2023\/11\/ranoja-Logo.png","width":207,"height":58,"caption":"Ranoja O\u00dc"},"image":{"@id":"https:\/\/ranoja.ee\/#\/schema\/logo\/image\/"},"sameAs":["https:\/\/www.facebook.com\/ranoja.ee","https:\/\/www.instagram.com\/ranoja__\/"]}]}},"_links":{"self":[{"href":"https:\/\/ranoja.ee\/en\/wp-json\/wp\/v2\/product\/61280","targetHints":{"allow":["GET"]}}],"collection":[{"href":"https:\/\/ranoja.ee\/en\/wp-json\/wp\/v2\/product"}],"about":[{"href":"https:\/\/ranoja.ee\/en\/wp-json\/wp\/v2\/types\/product"}],"wp:featuredmedia":[{"embeddable":true,"href":"https:\/\/ranoja.ee\/en\/wp-json\/wp\/v2\/media\/61281"}],"wp:attachment":[{"href":"https:\/\/ranoja.ee\/en\/wp-json\/wp\/v2\/media?parent=61280"}],"wp:term":[{"taxonomy":"product_cat","embeddable":true,"href":"https:\/\/ranoja.ee\/en\/wp-json\/wp\/v2\/product_cat?post=61280"},{"taxonomy":"product_tag","embeddable":true,"href":"https:\/\/ranoja.ee\/en\/wp-json\/wp\/v2\/product_tag?post=61280"}],"curies":[{"name":"wp","href":"https:\/\/api.w.org\/{rel}","templated":true}]}}