{"id":61264,"date":"2026-03-17T02:27:42","date_gmt":"2026-03-16T23:27:42","guid":{"rendered":"https:\/\/ranoja.ee\/toode\/tooriistakott-modular-x18-tuhi-knipex\/"},"modified":"2026-03-17T15:37:13","modified_gmt":"2026-03-17T12:37:13","slug":"tooriistakott-modular-x18-tuhi-knipex","status":"publish","type":"product","link":"https:\/\/ranoja.ee\/en\/toode\/tooriistakott-modular-x18-tuhi-knipex\/","title":{"rendered":"T\u00f6\u00f6riistakott Modular X18, t\u00fchi, Knipex"},"content":{"rendered":"","protected":false},"excerpt":{"rendered":"<p>T\u00f6\u00f6riistakott, mis on praktiline ja mugav.<br \/>\nM\u00f5\u00f5dud 53 x 34 x 21 cm,<br \/>\nHinged esi- ja tagak\u00fcljel;<br \/>\nEemaldatavad t\u00f6\u00f6riistaplaadid. <br \/>\n37 taskut t\u00f6\u00f6riistadele, <br \/>\n21 molle kinnitusaasa, adapterite, karabiinide ja tarvikute kinnitamiseks, <br \/>\n2 karabiinir\u00f5ngast,<br \/>\nPagasirihm teleskoopk\u00e4epideme kinnitamiseks<br \/>\nVastupidav kangas, mis on valmistatud s\u00e4\u00e4stvatest taaskasutatud s\u00fcnteetilistest kiududest, pritsmekindel ja kergesti puhastatav<br \/>\nVeekindel vormitud p\u00f5hi on valmistatud l\u00f6\u00f6gikindlast plastikust, et tagada avamisel ja sulgemisel kindel p\u00fcstiasend<br \/>\nLukustatavad t\u00f5mblukud<br \/>\nEraldi s\u00fclearvuti sahtel<br \/>\nT\u00fchi kaal 2,9 kg, <br \/>\nTestitud kandev\u00f5ime kuni 15 kg.<\/p>\n","protected":false},"featured_media":61265,"template":"","meta":{"inline_featured_image":false},"product_cat":[1596,1116,5234,5235],"product_tag":[],"class_list":{"0":"post-61264","1":"product","2":"type-product","3":"status-publish","4":"has-post-thumbnail","6":"product_brand-knipex","7":"product_cat-kasitooriistad","8":"product_cat-lisaseadmed-ehitusseadmed-led-lisatuled-cb-raadiod-lallar","9":"product_cat-tooriistakastid-ja-karud","10":"product_cat-tooriistakotid","12":"first","13":"instock","14":"purchasable","15":"product-type-simple"},"yoast_head":"<!-- This site is optimized with the Yoast SEO plugin v27.4 - https:\/\/yoast.com\/product\/yoast-seo-wordpress\/ -->\n<title>T\u00f6\u00f6riistakott Modular X18, t\u00fchi, Knipex - Ranoja<\/title>\n<meta name=\"robots\" content=\"index, follow, max-snippet:-1, max-image-preview:large, max-video-preview:-1\" \/>\n<link rel=\"canonical\" href=\"https:\/\/ranoja.ee\/toode\/tooriistakott-modular-x18-tuhi-knipex\/\" \/>\n<meta property=\"og:locale\" content=\"en_US\" \/>\n<meta property=\"og:type\" content=\"article\" \/>\n<meta property=\"og:title\" content=\"T\u00f6\u00f6riistakott Modular X18, t\u00fchi, Knipex - Ranoja\" \/>\n<meta property=\"og:description\" content=\"T\u00f6\u00f6riistakott, mis on praktiline ja mugav. M\u00f5\u00f5dud 53 x 34 x 21 cm, Hinged esi- ja tagak\u00fcljel; Eemaldatavad t\u00f6\u00f6riistaplaadid. 37 taskut t\u00f6\u00f6riistadele, 21 molle kinnitusaasa, adapterite, karabiinide ja tarvikute kinnitamiseks, 2 karabiinir\u00f5ngast, Pagasirihm teleskoopk\u00e4epideme kinnitamiseks Vastupidav kangas, mis on valmistatud s\u00e4\u00e4stvatest taaskasutatud s\u00fcnteetilistest kiududest, pritsmekindel ja kergesti puhastatav Veekindel vormitud p\u00f5hi on valmistatud l\u00f6\u00f6gikindlast plastikust, et tagada avamisel ja sulgemisel kindel p\u00fcstiasend Lukustatavad t\u00f5mblukud Eraldi s\u00fclearvuti sahtel T\u00fchi kaal 2,9 kg, Testitud kandev\u00f5ime kuni 15 kg.\" \/>\n<meta property=\"og:url\" content=\"https:\/\/ranoja.ee\/toode\/tooriistakott-modular-x18-tuhi-knipex\/\" \/>\n<meta property=\"og:site_name\" content=\"Ranoja\" \/>\n<meta property=\"article:publisher\" content=\"https:\/\/www.facebook.com\/ranoja.ee\" \/>\n<meta property=\"article:modified_time\" content=\"2026-03-17T12:37:13+00:00\" \/>\n<meta property=\"og:image\" content=\"https:\/\/ranoja.ee\/wp-content\/uploads\/2026\/03\/251935817.jpg\" \/>\n\t<meta property=\"og:image:width\" content=\"569\" \/>\n\t<meta property=\"og:image:height\" content=\"534\" \/>\n\t<meta property=\"og:image:type\" content=\"image\/jpeg\" \/>\n<meta name=\"twitter:card\" content=\"summary_large_image\" \/>\n<script type=\"application\/ld+json\" class=\"yoast-schema-graph\">{\"@context\":\"https:\\\/\\\/schema.org\",\"@graph\":[{\"@type\":\"WebPage\",\"@id\":\"https:\\\/\\\/ranoja.ee\\\/toode\\\/tooriistakott-modular-x18-tuhi-knipex\\\/\",\"url\":\"https:\\\/\\\/ranoja.ee\\\/toode\\\/tooriistakott-modular-x18-tuhi-knipex\\\/\",\"name\":\"T\u00f6\u00f6riistakott Modular X18, t\u00fchi, Knipex - Ranoja\",\"isPartOf\":{\"@id\":\"https:\\\/\\\/ranoja.ee\\\/#website\"},\"primaryImageOfPage\":{\"@id\":\"https:\\\/\\\/ranoja.ee\\\/toode\\\/tooriistakott-modular-x18-tuhi-knipex\\\/#primaryimage\"},\"image\":{\"@id\":\"https:\\\/\\\/ranoja.ee\\\/toode\\\/tooriistakott-modular-x18-tuhi-knipex\\\/#primaryimage\"},\"thumbnailUrl\":\"https:\\\/\\\/ranoja.ee\\\/wp-content\\\/uploads\\\/2026\\\/03\\\/251935817.jpg\",\"datePublished\":\"2026-03-16T23:27:42+00:00\",\"dateModified\":\"2026-03-17T12:37:13+00:00\",\"breadcrumb\":{\"@id\":\"https:\\\/\\\/ranoja.ee\\\/toode\\\/tooriistakott-modular-x18-tuhi-knipex\\\/#breadcrumb\"},\"inLanguage\":\"en-US\",\"potentialAction\":[{\"@type\":\"ReadAction\",\"target\":[\"https:\\\/\\\/ranoja.ee\\\/toode\\\/tooriistakott-modular-x18-tuhi-knipex\\\/\"]}]},{\"@type\":\"ImageObject\",\"inLanguage\":\"en-US\",\"@id\":\"https:\\\/\\\/ranoja.ee\\\/toode\\\/tooriistakott-modular-x18-tuhi-knipex\\\/#primaryimage\",\"url\":\"https:\\\/\\\/ranoja.ee\\\/wp-content\\\/uploads\\\/2026\\\/03\\\/251935817.jpg\",\"contentUrl\":\"https:\\\/\\\/ranoja.ee\\\/wp-content\\\/uploads\\\/2026\\\/03\\\/251935817.jpg\",\"width\":569,\"height\":534},{\"@type\":\"BreadcrumbList\",\"@id\":\"https:\\\/\\\/ranoja.ee\\\/toode\\\/tooriistakott-modular-x18-tuhi-knipex\\\/#breadcrumb\",\"itemListElement\":[{\"@type\":\"ListItem\",\"position\":1,\"name\":\"Home\",\"item\":\"https:\\\/\\\/ranoja.ee\\\/\"},{\"@type\":\"ListItem\",\"position\":2,\"name\":\"Shop\",\"item\":\"https:\\\/\\\/ranoja.ee\\\/en\\\/shop\\\/\"},{\"@type\":\"ListItem\",\"position\":3,\"name\":\"T\u00f6\u00f6riistakott Modular X18, t\u00fchi, Knipex\"}]},{\"@type\":\"WebSite\",\"@id\":\"https:\\\/\\\/ranoja.ee\\\/#website\",\"url\":\"https:\\\/\\\/ranoja.ee\\\/\",\"name\":\"Ranoja\",\"description\":\"Equipment Shop WooCommerce WordPress Theme for Machine &amp; Tools\",\"publisher\":{\"@id\":\"https:\\\/\\\/ranoja.ee\\\/#organization\"},\"potentialAction\":[{\"@type\":\"SearchAction\",\"target\":{\"@type\":\"EntryPoint\",\"urlTemplate\":\"https:\\\/\\\/ranoja.ee\\\/?s={search_term_string}\"},\"query-input\":{\"@type\":\"PropertyValueSpecification\",\"valueRequired\":true,\"valueName\":\"search_term_string\"}}],\"inLanguage\":\"en-US\"},{\"@type\":\"Organization\",\"@id\":\"https:\\\/\\\/ranoja.ee\\\/#organization\",\"name\":\"Ranoja O\u00dc\",\"url\":\"https:\\\/\\\/ranoja.ee\\\/\",\"logo\":{\"@type\":\"ImageObject\",\"inLanguage\":\"en-US\",\"@id\":\"https:\\\/\\\/ranoja.ee\\\/#\\\/schema\\\/logo\\\/image\\\/\",\"url\":\"https:\\\/\\\/ranoja.ee\\\/wp-content\\\/uploads\\\/2023\\\/11\\\/ranoja-Logo.png\",\"contentUrl\":\"https:\\\/\\\/ranoja.ee\\\/wp-content\\\/uploads\\\/2023\\\/11\\\/ranoja-Logo.png\",\"width\":207,\"height\":58,\"caption\":\"Ranoja O\u00dc\"},\"image\":{\"@id\":\"https:\\\/\\\/ranoja.ee\\\/#\\\/schema\\\/logo\\\/image\\\/\"},\"sameAs\":[\"https:\\\/\\\/www.facebook.com\\\/ranoja.ee\",\"https:\\\/\\\/www.instagram.com\\\/ranoja__\\\/\"]}]}<\/script>\n<!-- \/ Yoast SEO plugin. -->","yoast_head_json":{"title":"T\u00f6\u00f6riistakott Modular X18, t\u00fchi, Knipex - Ranoja","robots":{"index":"index","follow":"follow","max-snippet":"max-snippet:-1","max-image-preview":"max-image-preview:large","max-video-preview":"max-video-preview:-1"},"canonical":"https:\/\/ranoja.ee\/toode\/tooriistakott-modular-x18-tuhi-knipex\/","og_locale":"en_US","og_type":"article","og_title":"T\u00f6\u00f6riistakott Modular X18, t\u00fchi, Knipex - Ranoja","og_description":"T\u00f6\u00f6riistakott, mis on praktiline ja mugav. M\u00f5\u00f5dud 53 x 34 x 21 cm, Hinged esi- ja tagak\u00fcljel; Eemaldatavad t\u00f6\u00f6riistaplaadid. 37 taskut t\u00f6\u00f6riistadele, 21 molle kinnitusaasa, adapterite, karabiinide ja tarvikute kinnitamiseks, 2 karabiinir\u00f5ngast, Pagasirihm teleskoopk\u00e4epideme kinnitamiseks Vastupidav kangas, mis on valmistatud s\u00e4\u00e4stvatest taaskasutatud s\u00fcnteetilistest kiududest, pritsmekindel ja kergesti puhastatav Veekindel vormitud p\u00f5hi on valmistatud l\u00f6\u00f6gikindlast plastikust, et tagada avamisel ja sulgemisel kindel p\u00fcstiasend Lukustatavad t\u00f5mblukud Eraldi s\u00fclearvuti sahtel T\u00fchi kaal 2,9 kg, Testitud kandev\u00f5ime kuni 15 kg.","og_url":"https:\/\/ranoja.ee\/toode\/tooriistakott-modular-x18-tuhi-knipex\/","og_site_name":"Ranoja","article_publisher":"https:\/\/www.facebook.com\/ranoja.ee","article_modified_time":"2026-03-17T12:37:13+00:00","og_image":[{"width":569,"height":534,"url":"https:\/\/ranoja.ee\/wp-content\/uploads\/2026\/03\/251935817.jpg","type":"image\/jpeg"}],"twitter_card":"summary_large_image","schema":{"@context":"https:\/\/schema.org","@graph":[{"@type":"WebPage","@id":"https:\/\/ranoja.ee\/toode\/tooriistakott-modular-x18-tuhi-knipex\/","url":"https:\/\/ranoja.ee\/toode\/tooriistakott-modular-x18-tuhi-knipex\/","name":"T\u00f6\u00f6riistakott Modular X18, t\u00fchi, Knipex - Ranoja","isPartOf":{"@id":"https:\/\/ranoja.ee\/#website"},"primaryImageOfPage":{"@id":"https:\/\/ranoja.ee\/toode\/tooriistakott-modular-x18-tuhi-knipex\/#primaryimage"},"image":{"@id":"https:\/\/ranoja.ee\/toode\/tooriistakott-modular-x18-tuhi-knipex\/#primaryimage"},"thumbnailUrl":"https:\/\/ranoja.ee\/wp-content\/uploads\/2026\/03\/251935817.jpg","datePublished":"2026-03-16T23:27:42+00:00","dateModified":"2026-03-17T12:37:13+00:00","breadcrumb":{"@id":"https:\/\/ranoja.ee\/toode\/tooriistakott-modular-x18-tuhi-knipex\/#breadcrumb"},"inLanguage":"en-US","potentialAction":[{"@type":"ReadAction","target":["https:\/\/ranoja.ee\/toode\/tooriistakott-modular-x18-tuhi-knipex\/"]}]},{"@type":"ImageObject","inLanguage":"en-US","@id":"https:\/\/ranoja.ee\/toode\/tooriistakott-modular-x18-tuhi-knipex\/#primaryimage","url":"https:\/\/ranoja.ee\/wp-content\/uploads\/2026\/03\/251935817.jpg","contentUrl":"https:\/\/ranoja.ee\/wp-content\/uploads\/2026\/03\/251935817.jpg","width":569,"height":534},{"@type":"BreadcrumbList","@id":"https:\/\/ranoja.ee\/toode\/tooriistakott-modular-x18-tuhi-knipex\/#breadcrumb","itemListElement":[{"@type":"ListItem","position":1,"name":"Home","item":"https:\/\/ranoja.ee\/"},{"@type":"ListItem","position":2,"name":"Shop","item":"https:\/\/ranoja.ee\/en\/shop\/"},{"@type":"ListItem","position":3,"name":"T\u00f6\u00f6riistakott Modular X18, t\u00fchi, Knipex"}]},{"@type":"WebSite","@id":"https:\/\/ranoja.ee\/#website","url":"https:\/\/ranoja.ee\/","name":"Ranoja","description":"Equipment Shop WooCommerce WordPress Theme for Machine &amp; Tools","publisher":{"@id":"https:\/\/ranoja.ee\/#organization"},"potentialAction":[{"@type":"SearchAction","target":{"@type":"EntryPoint","urlTemplate":"https:\/\/ranoja.ee\/?s={search_term_string}"},"query-input":{"@type":"PropertyValueSpecification","valueRequired":true,"valueName":"search_term_string"}}],"inLanguage":"en-US"},{"@type":"Organization","@id":"https:\/\/ranoja.ee\/#organization","name":"Ranoja O\u00dc","url":"https:\/\/ranoja.ee\/","logo":{"@type":"ImageObject","inLanguage":"en-US","@id":"https:\/\/ranoja.ee\/#\/schema\/logo\/image\/","url":"https:\/\/ranoja.ee\/wp-content\/uploads\/2023\/11\/ranoja-Logo.png","contentUrl":"https:\/\/ranoja.ee\/wp-content\/uploads\/2023\/11\/ranoja-Logo.png","width":207,"height":58,"caption":"Ranoja O\u00dc"},"image":{"@id":"https:\/\/ranoja.ee\/#\/schema\/logo\/image\/"},"sameAs":["https:\/\/www.facebook.com\/ranoja.ee","https:\/\/www.instagram.com\/ranoja__\/"]}]}},"_links":{"self":[{"href":"https:\/\/ranoja.ee\/en\/wp-json\/wp\/v2\/product\/61264","targetHints":{"allow":["GET"]}}],"collection":[{"href":"https:\/\/ranoja.ee\/en\/wp-json\/wp\/v2\/product"}],"about":[{"href":"https:\/\/ranoja.ee\/en\/wp-json\/wp\/v2\/types\/product"}],"wp:featuredmedia":[{"embeddable":true,"href":"https:\/\/ranoja.ee\/en\/wp-json\/wp\/v2\/media\/61265"}],"wp:attachment":[{"href":"https:\/\/ranoja.ee\/en\/wp-json\/wp\/v2\/media?parent=61264"}],"wp:term":[{"taxonomy":"product_cat","embeddable":true,"href":"https:\/\/ranoja.ee\/en\/wp-json\/wp\/v2\/product_cat?post=61264"},{"taxonomy":"product_tag","embeddable":true,"href":"https:\/\/ranoja.ee\/en\/wp-json\/wp\/v2\/product_tag?post=61264"}],"curies":[{"name":"wp","href":"https:\/\/api.w.org\/{rel}","templated":true}]}}