{"id":61258,"date":"2026-03-17T02:27:42","date_gmt":"2026-03-16T23:27:42","guid":{"rendered":"https:\/\/ranoja.ee\/toode\/esmaabikomplekt-poletushaavadele-cederroth\/"},"modified":"2026-03-17T15:37:13","modified_gmt":"2026-03-17T12:37:13","slug":"esmaabikomplekt-poletushaavadele-cederroth","status":"publish","type":"product","link":"https:\/\/ranoja.ee\/en\/toode\/esmaabikomplekt-poletushaavadele-cederroth\/","title":{"rendered":"Esmaabikomplekt p\u00f5letushaavadele, Cederroth"},"content":{"rendered":"","protected":false},"excerpt":{"rendered":"<p>Cederroth&#8217;i p\u00f5letushaavade esmaabikomplektis on valik tooteid esimese ja teise astme p\u00f5letushaavade hooldamiseks.<br \/>\nP\u00f5letustooted jahutavad ja leevendavad valu. Pakendis on kolmes suuruses p\u00f5letushaava sidemeid, kaasa arvatud suur n\u00e4omask, m\u00f5\u00f5tudega 30&#215;40 cm<br \/>\nK\u00f5ikidel toodetel on selgesti arusaadavad juhendid ja neid on kerge kasutada.<br \/>\nTooted on paigutatud s\u00fcsteemselt l\u00e4bipaistvatesse plastiktaskutesse, mis teeb toodete leidmise lihtsaks ja kiireks, samuti on kohe n\u00e4ha, mida on vaja asendada.<br \/>\nEsmaabikotil on suur leegipilt ja oran\u017e lukk, et pakendit oleks kergem m\u00e4rgata.<br \/>\nPraktiline k\u00e4epide <\/p>\n<p>Sobib kasutamiseks t\u00f6\u00f6kohtadel, kus on suur p\u00f5letushaavade saamise oht, kus on tegemist lahtise tule, leekide, kuumade pindade, auru, vedelike v\u00f5i siis ahjudega (ehitus, paberi-, metalli-, keemia- ja toiduainetet\u00f6\u00f6stused).<\/p>\n<p>Komplektis:<br \/>\n1 x P\u00f5letushaava geel, spray, 100 ml (tellimiskood 51011005&#038;CEDER)<br \/>\n1 x P\u00f5letushaava side\/ n\u00e4omask, 30&#215;40 cm (tellimiskood 51011014&#038;CEDER)<br \/>\n2 x P\u00f5letushaava side, 20&#215;20 cm (tellimiskood 51011015&#038;CEDER)<br \/>\n4 x Cederroth P\u00f5letushaava side 10&#215;10 cm, 2 tk\/pakis (tellimiskood 901900&#038;CEDER)<br \/>\n1 x Cederroth Traumaside 4-in-1 (tellimiskood 1910&#038;CEDER) <br \/>\n1 x V\u00f5rkside<br \/>\n6 x Elastikside<br \/>\n2 Paari kindaid<br \/>\n1 x Sidemek\u00e4\u00e4rid (tellimiskood 270002&#038;CEDER)<br \/>\n1 x Nimekiri esmaabipakis olevatest toodetest<br \/>\n1 x Esmaabi andmise juhend<\/p>\n<p>M\u00f5\u00f5dud: 305 x 86 x 245 cm<\/p>\n<p><\/p>\n","protected":false},"featured_media":61259,"template":"","meta":{"inline_featured_image":false},"product_cat":[5071,5022],"product_tag":[],"class_list":{"0":"post-61258","1":"product","2":"type-product","3":"status-publish","4":"has-post-thumbnail","6":"product_brand-cederroth","7":"product_cat-esmaabivahendid","8":"product_cat-isikukaitsevahendid","10":"first","11":"instock","12":"purchasable","13":"product-type-simple"},"yoast_head":"<!-- This site is optimized with the Yoast SEO plugin v27.4 - https:\/\/yoast.com\/product\/yoast-seo-wordpress\/ -->\n<title>Esmaabikomplekt p\u00f5letushaavadele, Cederroth - Ranoja<\/title>\n<meta name=\"robots\" content=\"index, follow, max-snippet:-1, max-image-preview:large, max-video-preview:-1\" \/>\n<link rel=\"canonical\" href=\"https:\/\/ranoja.ee\/toode\/esmaabikomplekt-poletushaavadele-cederroth\/\" \/>\n<meta property=\"og:locale\" content=\"en_US\" \/>\n<meta property=\"og:type\" content=\"article\" \/>\n<meta property=\"og:title\" content=\"Esmaabikomplekt p\u00f5letushaavadele, Cederroth - Ranoja\" \/>\n<meta property=\"og:description\" content=\"Cederroth&#039;i p\u00f5letushaavade esmaabikomplektis on valik tooteid esimese ja teise astme p\u00f5letushaavade hooldamiseks. P\u00f5letustooted jahutavad ja leevendavad valu. Pakendis on kolmes suuruses p\u00f5letushaava sidemeid, kaasa arvatud suur n\u00e4omask, m\u00f5\u00f5tudega 30x40 cm K\u00f5ikidel toodetel on selgesti arusaadavad juhendid ja neid on kerge kasutada. Tooted on paigutatud s\u00fcsteemselt l\u00e4bipaistvatesse plastiktaskutesse, mis teeb toodete leidmise lihtsaks ja kiireks, samuti on kohe n\u00e4ha, mida on vaja asendada. Esmaabikotil on suur leegipilt ja oran\u017e lukk, et pakendit oleks kergem m\u00e4rgata. Praktiline k\u00e4epide  Sobib kasutamiseks t\u00f6\u00f6kohtadel, kus on suur p\u00f5letushaavade saamise oht, kus on tegemist lahtise tule, leekide, kuumade pindade, auru, vedelike v\u00f5i siis ahjudega (ehitus, paberi-, metalli-, keemia- ja toiduainetet\u00f6\u00f6stused). Komplektis: 1 x P\u00f5letushaava geel, spray, 100 ml (tellimiskood 51011005&amp;CEDER) 1 x P\u00f5letushaava side\/ n\u00e4omask, 30x40 cm (tellimiskood 51011014&amp;CEDER) 2 x P\u00f5letushaava side, 20x20 cm (tellimiskood 51011015&amp;CEDER) 4 x Cederroth P\u00f5letushaava side 10x10 cm, 2 tk\/pakis (tellimiskood 901900&amp;CEDER) 1 x Cederroth Traumaside 4-in-1 (tellimiskood 1910&amp;CEDER) 1 x V\u00f5rkside 6 x Elastikside 2 Paari kindaid 1 x Sidemek\u00e4\u00e4rid (tellimiskood 270002&amp;CEDER) 1 x Nimekiri esmaabipakis olevatest toodetest 1 x Esmaabi andmise juhend M\u00f5\u00f5dud: 305 x 86 x 245 cm\" \/>\n<meta property=\"og:url\" content=\"https:\/\/ranoja.ee\/toode\/esmaabikomplekt-poletushaavadele-cederroth\/\" \/>\n<meta property=\"og:site_name\" content=\"Ranoja\" \/>\n<meta property=\"article:publisher\" content=\"https:\/\/www.facebook.com\/ranoja.ee\" \/>\n<meta property=\"article:modified_time\" content=\"2026-03-17T12:37:13+00:00\" \/>\n<meta property=\"og:image\" content=\"https:\/\/ranoja.ee\/wp-content\/uploads\/2026\/03\/5637760413.jpg\" \/>\n\t<meta property=\"og:image:width\" content=\"877\" \/>\n\t<meta property=\"og:image:height\" content=\"900\" \/>\n\t<meta property=\"og:image:type\" content=\"image\/jpeg\" \/>\n<meta name=\"twitter:card\" content=\"summary_large_image\" \/>\n<script type=\"application\/ld+json\" class=\"yoast-schema-graph\">{\"@context\":\"https:\\\/\\\/schema.org\",\"@graph\":[{\"@type\":\"WebPage\",\"@id\":\"https:\\\/\\\/ranoja.ee\\\/toode\\\/esmaabikomplekt-poletushaavadele-cederroth\\\/\",\"url\":\"https:\\\/\\\/ranoja.ee\\\/toode\\\/esmaabikomplekt-poletushaavadele-cederroth\\\/\",\"name\":\"Esmaabikomplekt p\u00f5letushaavadele, Cederroth - Ranoja\",\"isPartOf\":{\"@id\":\"https:\\\/\\\/ranoja.ee\\\/#website\"},\"primaryImageOfPage\":{\"@id\":\"https:\\\/\\\/ranoja.ee\\\/toode\\\/esmaabikomplekt-poletushaavadele-cederroth\\\/#primaryimage\"},\"image\":{\"@id\":\"https:\\\/\\\/ranoja.ee\\\/toode\\\/esmaabikomplekt-poletushaavadele-cederroth\\\/#primaryimage\"},\"thumbnailUrl\":\"https:\\\/\\\/ranoja.ee\\\/wp-content\\\/uploads\\\/2026\\\/03\\\/5637760413.jpg\",\"datePublished\":\"2026-03-16T23:27:42+00:00\",\"dateModified\":\"2026-03-17T12:37:13+00:00\",\"breadcrumb\":{\"@id\":\"https:\\\/\\\/ranoja.ee\\\/toode\\\/esmaabikomplekt-poletushaavadele-cederroth\\\/#breadcrumb\"},\"inLanguage\":\"en-US\",\"potentialAction\":[{\"@type\":\"ReadAction\",\"target\":[\"https:\\\/\\\/ranoja.ee\\\/toode\\\/esmaabikomplekt-poletushaavadele-cederroth\\\/\"]}]},{\"@type\":\"ImageObject\",\"inLanguage\":\"en-US\",\"@id\":\"https:\\\/\\\/ranoja.ee\\\/toode\\\/esmaabikomplekt-poletushaavadele-cederroth\\\/#primaryimage\",\"url\":\"https:\\\/\\\/ranoja.ee\\\/wp-content\\\/uploads\\\/2026\\\/03\\\/5637760413.jpg\",\"contentUrl\":\"https:\\\/\\\/ranoja.ee\\\/wp-content\\\/uploads\\\/2026\\\/03\\\/5637760413.jpg\",\"width\":877,\"height\":900},{\"@type\":\"BreadcrumbList\",\"@id\":\"https:\\\/\\\/ranoja.ee\\\/toode\\\/esmaabikomplekt-poletushaavadele-cederroth\\\/#breadcrumb\",\"itemListElement\":[{\"@type\":\"ListItem\",\"position\":1,\"name\":\"Home\",\"item\":\"https:\\\/\\\/ranoja.ee\\\/\"},{\"@type\":\"ListItem\",\"position\":2,\"name\":\"Shop\",\"item\":\"https:\\\/\\\/ranoja.ee\\\/en\\\/shop\\\/\"},{\"@type\":\"ListItem\",\"position\":3,\"name\":\"Esmaabikomplekt p\u00f5letushaavadele, Cederroth\"}]},{\"@type\":\"WebSite\",\"@id\":\"https:\\\/\\\/ranoja.ee\\\/#website\",\"url\":\"https:\\\/\\\/ranoja.ee\\\/\",\"name\":\"Ranoja\",\"description\":\"Equipment Shop WooCommerce WordPress Theme for Machine &amp; Tools\",\"publisher\":{\"@id\":\"https:\\\/\\\/ranoja.ee\\\/#organization\"},\"potentialAction\":[{\"@type\":\"SearchAction\",\"target\":{\"@type\":\"EntryPoint\",\"urlTemplate\":\"https:\\\/\\\/ranoja.ee\\\/?s={search_term_string}\"},\"query-input\":{\"@type\":\"PropertyValueSpecification\",\"valueRequired\":true,\"valueName\":\"search_term_string\"}}],\"inLanguage\":\"en-US\"},{\"@type\":\"Organization\",\"@id\":\"https:\\\/\\\/ranoja.ee\\\/#organization\",\"name\":\"Ranoja O\u00dc\",\"url\":\"https:\\\/\\\/ranoja.ee\\\/\",\"logo\":{\"@type\":\"ImageObject\",\"inLanguage\":\"en-US\",\"@id\":\"https:\\\/\\\/ranoja.ee\\\/#\\\/schema\\\/logo\\\/image\\\/\",\"url\":\"https:\\\/\\\/ranoja.ee\\\/wp-content\\\/uploads\\\/2023\\\/11\\\/ranoja-Logo.png\",\"contentUrl\":\"https:\\\/\\\/ranoja.ee\\\/wp-content\\\/uploads\\\/2023\\\/11\\\/ranoja-Logo.png\",\"width\":207,\"height\":58,\"caption\":\"Ranoja O\u00dc\"},\"image\":{\"@id\":\"https:\\\/\\\/ranoja.ee\\\/#\\\/schema\\\/logo\\\/image\\\/\"},\"sameAs\":[\"https:\\\/\\\/www.facebook.com\\\/ranoja.ee\",\"https:\\\/\\\/www.instagram.com\\\/ranoja__\\\/\"]}]}<\/script>\n<!-- \/ Yoast SEO plugin. -->","yoast_head_json":{"title":"Esmaabikomplekt p\u00f5letushaavadele, Cederroth - Ranoja","robots":{"index":"index","follow":"follow","max-snippet":"max-snippet:-1","max-image-preview":"max-image-preview:large","max-video-preview":"max-video-preview:-1"},"canonical":"https:\/\/ranoja.ee\/toode\/esmaabikomplekt-poletushaavadele-cederroth\/","og_locale":"en_US","og_type":"article","og_title":"Esmaabikomplekt p\u00f5letushaavadele, Cederroth - Ranoja","og_description":"Cederroth'i p\u00f5letushaavade esmaabikomplektis on valik tooteid esimese ja teise astme p\u00f5letushaavade hooldamiseks. P\u00f5letustooted jahutavad ja leevendavad valu. Pakendis on kolmes suuruses p\u00f5letushaava sidemeid, kaasa arvatud suur n\u00e4omask, m\u00f5\u00f5tudega 30x40 cm K\u00f5ikidel toodetel on selgesti arusaadavad juhendid ja neid on kerge kasutada. Tooted on paigutatud s\u00fcsteemselt l\u00e4bipaistvatesse plastiktaskutesse, mis teeb toodete leidmise lihtsaks ja kiireks, samuti on kohe n\u00e4ha, mida on vaja asendada. Esmaabikotil on suur leegipilt ja oran\u017e lukk, et pakendit oleks kergem m\u00e4rgata. Praktiline k\u00e4epide  Sobib kasutamiseks t\u00f6\u00f6kohtadel, kus on suur p\u00f5letushaavade saamise oht, kus on tegemist lahtise tule, leekide, kuumade pindade, auru, vedelike v\u00f5i siis ahjudega (ehitus, paberi-, metalli-, keemia- ja toiduainetet\u00f6\u00f6stused). Komplektis: 1 x P\u00f5letushaava geel, spray, 100 ml (tellimiskood 51011005&CEDER) 1 x P\u00f5letushaava side\/ n\u00e4omask, 30x40 cm (tellimiskood 51011014&CEDER) 2 x P\u00f5letushaava side, 20x20 cm (tellimiskood 51011015&CEDER) 4 x Cederroth P\u00f5letushaava side 10x10 cm, 2 tk\/pakis (tellimiskood 901900&CEDER) 1 x Cederroth Traumaside 4-in-1 (tellimiskood 1910&CEDER) 1 x V\u00f5rkside 6 x Elastikside 2 Paari kindaid 1 x Sidemek\u00e4\u00e4rid (tellimiskood 270002&CEDER) 1 x Nimekiri esmaabipakis olevatest toodetest 1 x Esmaabi andmise juhend M\u00f5\u00f5dud: 305 x 86 x 245 cm","og_url":"https:\/\/ranoja.ee\/toode\/esmaabikomplekt-poletushaavadele-cederroth\/","og_site_name":"Ranoja","article_publisher":"https:\/\/www.facebook.com\/ranoja.ee","article_modified_time":"2026-03-17T12:37:13+00:00","og_image":[{"width":877,"height":900,"url":"https:\/\/ranoja.ee\/wp-content\/uploads\/2026\/03\/5637760413.jpg","type":"image\/jpeg"}],"twitter_card":"summary_large_image","schema":{"@context":"https:\/\/schema.org","@graph":[{"@type":"WebPage","@id":"https:\/\/ranoja.ee\/toode\/esmaabikomplekt-poletushaavadele-cederroth\/","url":"https:\/\/ranoja.ee\/toode\/esmaabikomplekt-poletushaavadele-cederroth\/","name":"Esmaabikomplekt p\u00f5letushaavadele, Cederroth - Ranoja","isPartOf":{"@id":"https:\/\/ranoja.ee\/#website"},"primaryImageOfPage":{"@id":"https:\/\/ranoja.ee\/toode\/esmaabikomplekt-poletushaavadele-cederroth\/#primaryimage"},"image":{"@id":"https:\/\/ranoja.ee\/toode\/esmaabikomplekt-poletushaavadele-cederroth\/#primaryimage"},"thumbnailUrl":"https:\/\/ranoja.ee\/wp-content\/uploads\/2026\/03\/5637760413.jpg","datePublished":"2026-03-16T23:27:42+00:00","dateModified":"2026-03-17T12:37:13+00:00","breadcrumb":{"@id":"https:\/\/ranoja.ee\/toode\/esmaabikomplekt-poletushaavadele-cederroth\/#breadcrumb"},"inLanguage":"en-US","potentialAction":[{"@type":"ReadAction","target":["https:\/\/ranoja.ee\/toode\/esmaabikomplekt-poletushaavadele-cederroth\/"]}]},{"@type":"ImageObject","inLanguage":"en-US","@id":"https:\/\/ranoja.ee\/toode\/esmaabikomplekt-poletushaavadele-cederroth\/#primaryimage","url":"https:\/\/ranoja.ee\/wp-content\/uploads\/2026\/03\/5637760413.jpg","contentUrl":"https:\/\/ranoja.ee\/wp-content\/uploads\/2026\/03\/5637760413.jpg","width":877,"height":900},{"@type":"BreadcrumbList","@id":"https:\/\/ranoja.ee\/toode\/esmaabikomplekt-poletushaavadele-cederroth\/#breadcrumb","itemListElement":[{"@type":"ListItem","position":1,"name":"Home","item":"https:\/\/ranoja.ee\/"},{"@type":"ListItem","position":2,"name":"Shop","item":"https:\/\/ranoja.ee\/en\/shop\/"},{"@type":"ListItem","position":3,"name":"Esmaabikomplekt p\u00f5letushaavadele, Cederroth"}]},{"@type":"WebSite","@id":"https:\/\/ranoja.ee\/#website","url":"https:\/\/ranoja.ee\/","name":"Ranoja","description":"Equipment Shop WooCommerce WordPress Theme for Machine &amp; Tools","publisher":{"@id":"https:\/\/ranoja.ee\/#organization"},"potentialAction":[{"@type":"SearchAction","target":{"@type":"EntryPoint","urlTemplate":"https:\/\/ranoja.ee\/?s={search_term_string}"},"query-input":{"@type":"PropertyValueSpecification","valueRequired":true,"valueName":"search_term_string"}}],"inLanguage":"en-US"},{"@type":"Organization","@id":"https:\/\/ranoja.ee\/#organization","name":"Ranoja O\u00dc","url":"https:\/\/ranoja.ee\/","logo":{"@type":"ImageObject","inLanguage":"en-US","@id":"https:\/\/ranoja.ee\/#\/schema\/logo\/image\/","url":"https:\/\/ranoja.ee\/wp-content\/uploads\/2023\/11\/ranoja-Logo.png","contentUrl":"https:\/\/ranoja.ee\/wp-content\/uploads\/2023\/11\/ranoja-Logo.png","width":207,"height":58,"caption":"Ranoja O\u00dc"},"image":{"@id":"https:\/\/ranoja.ee\/#\/schema\/logo\/image\/"},"sameAs":["https:\/\/www.facebook.com\/ranoja.ee","https:\/\/www.instagram.com\/ranoja__\/"]}]}},"_links":{"self":[{"href":"https:\/\/ranoja.ee\/en\/wp-json\/wp\/v2\/product\/61258","targetHints":{"allow":["GET"]}}],"collection":[{"href":"https:\/\/ranoja.ee\/en\/wp-json\/wp\/v2\/product"}],"about":[{"href":"https:\/\/ranoja.ee\/en\/wp-json\/wp\/v2\/types\/product"}],"wp:featuredmedia":[{"embeddable":true,"href":"https:\/\/ranoja.ee\/en\/wp-json\/wp\/v2\/media\/61259"}],"wp:attachment":[{"href":"https:\/\/ranoja.ee\/en\/wp-json\/wp\/v2\/media?parent=61258"}],"wp:term":[{"taxonomy":"product_cat","embeddable":true,"href":"https:\/\/ranoja.ee\/en\/wp-json\/wp\/v2\/product_cat?post=61258"},{"taxonomy":"product_tag","embeddable":true,"href":"https:\/\/ranoja.ee\/en\/wp-json\/wp\/v2\/product_tag?post=61258"}],"curies":[{"name":"wp","href":"https:\/\/api.w.org\/{rel}","templated":true}]}}