{"id":61232,"date":"2026-03-17T02:27:42","date_gmt":"2026-03-16T23:27:42","guid":{"rendered":"https:\/\/ranoja.ee\/toode\/toovalgusti-the-mechanic-rapid\/"},"modified":"2026-03-17T15:37:13","modified_gmt":"2026-03-17T12:37:13","slug":"toovalgusti-the-mechanic-rapid","status":"publish","type":"product","link":"https:\/\/ranoja.ee\/en\/toode\/toovalgusti-the-mechanic-rapid\/","title":{"rendered":"T\u00f6\u00f6valgusti The Mechanic, Rapid"},"content":{"rendered":"","protected":false},"excerpt":{"rendered":"<p>LED-k\u00e4sivalgusti The Mechanic on kompaktne ja vastupidav t\u00f6\u00f6valgusti, mis sobib ideaalselt garaa\u017ei ja kitsastesse t\u00f6\u00f6tingimustesse, n\u00e4iteks auto kapoti alla. Praktiline ja mitmek\u00fclgne valgusti on loodud s\u00f5idukite hoolduseks ja remontt\u00f6\u00f6deks.<br \/>\nPikk lahtik\u00e4iv valgusti vars pakub paindlikku t\u00f6\u00f6valgust nii k\u00fclje- kui ka \u00fclaosast. K\u00fcljel asuv LED-valgus annab laia valgusvihuga 500 luumenit v\u00f5i pehmema t\u00f6\u00f6 jaoks 250 luumenit. \u00dclaosas asuv 50-luumeniline punktvalgus aitab valgustada raskesti ligip\u00e4\u00e4setavaid kohti, kuhu \u00fcldvalgus ei ulatu.<br \/>\nK\u00e4ed-vabad t\u00f6\u00f6tamiseks on The Mechanic varustatud nii konksu kui ka magnetiga, v\u00f5imaldades valgusti riputada v\u00f5i kinnitada metallpindadele.<br \/>\nIntegreeritud 3.6 V Li-ion aku laetakse Micro-USB kaudu ning laadimiskaabel kuulub komplekti. Esivalguse t\u00f6\u00f6aeg on ligikaudu 3 tundi, \u00fclavalgusel kuni 3.5 tundi.<br \/>\nOmadused<br \/>\nLED-valgusti s\u00f5idukite hoolduseks ja remondiks<br \/>\nLahtik\u00e4iv valgusti vars k\u00fclg- ja \u00fclavalgusega<br \/>\nV\u00f5imas k\u00fclgvalgus 500 v\u00f5i 250 lm<br \/>\n\u00dclavalgus t\u00e4pseks valgustamiseks 50 lm<br \/>\nT\u00f5hus t\u00f6\u00f6valgusti kitsastes tingimustes<br \/>\nVastupidav ja praktiline garaa\u017eit\u00f6\u00f6deks<br \/>\nKonks ja magnet riputamiseks v\u00f5i kinnitamiseks<br \/>\nT\u00f6\u00f6aeg umbes 3 tundi k\u00fclgvalgus ja kuni 3.5 tundi \u00fclavalgus<br \/>\nIntegreeritud 3.6 V Li-ion aku laadimisaeg u 4 tundi<br \/>\nMicro-USB laadimiskaabel kuulub komplekti<br \/>\nTehnilised andmed<br \/>\nM\u00f5\u00f5dud (L \u00d7 K \u00d7 S)<br \/>\n44 \u00d7 197 \u00d7 33 mm<br \/>\nValgusvoog<br \/>\n500 lm<br \/>\nKaitseaste<br \/>\nIP20<br \/>\nKaal<br \/>\n0.2 kg<\/p>\n","protected":false},"featured_media":61233,"template":"","meta":{"inline_featured_image":false},"product_cat":[5162,5438,5163],"product_tag":[],"class_list":{"0":"post-61232","1":"product","2":"type-product","3":"status-publish","4":"has-post-thumbnail","6":"product_brand-rapid","7":"product_cat-elektritarvikud-ja-valgustid","8":"product_cat-kasivalgustid","9":"product_cat-valgustid","11":"first","12":"instock","13":"purchasable","14":"product-type-simple"},"yoast_head":"<!-- This site is optimized with the Yoast SEO plugin v27.4 - https:\/\/yoast.com\/product\/yoast-seo-wordpress\/ -->\n<title>T\u00f6\u00f6valgusti The Mechanic, Rapid - Ranoja<\/title>\n<meta name=\"robots\" content=\"index, follow, max-snippet:-1, max-image-preview:large, max-video-preview:-1\" \/>\n<link rel=\"canonical\" href=\"https:\/\/ranoja.ee\/toode\/toovalgusti-the-mechanic-rapid\/\" \/>\n<meta property=\"og:locale\" content=\"en_US\" \/>\n<meta property=\"og:type\" content=\"article\" \/>\n<meta property=\"og:title\" content=\"T\u00f6\u00f6valgusti The Mechanic, Rapid - Ranoja\" \/>\n<meta property=\"og:description\" content=\"LED-k\u00e4sivalgusti The Mechanic on kompaktne ja vastupidav t\u00f6\u00f6valgusti, mis sobib ideaalselt garaa\u017ei ja kitsastesse t\u00f6\u00f6tingimustesse, n\u00e4iteks auto kapoti alla. Praktiline ja mitmek\u00fclgne valgusti on loodud s\u00f5idukite hoolduseks ja remontt\u00f6\u00f6deks. Pikk lahtik\u00e4iv valgusti vars pakub paindlikku t\u00f6\u00f6valgust nii k\u00fclje- kui ka \u00fclaosast. K\u00fcljel asuv LED-valgus annab laia valgusvihuga 500 luumenit v\u00f5i pehmema t\u00f6\u00f6 jaoks 250 luumenit. \u00dclaosas asuv 50-luumeniline punktvalgus aitab valgustada raskesti ligip\u00e4\u00e4setavaid kohti, kuhu \u00fcldvalgus ei ulatu. K\u00e4ed-vabad t\u00f6\u00f6tamiseks on The Mechanic varustatud nii konksu kui ka magnetiga, v\u00f5imaldades valgusti riputada v\u00f5i kinnitada metallpindadele. Integreeritud 3.6 V Li-ion aku laetakse Micro-USB kaudu ning laadimiskaabel kuulub komplekti. Esivalguse t\u00f6\u00f6aeg on ligikaudu 3 tundi, \u00fclavalgusel kuni 3.5 tundi. Omadused LED-valgusti s\u00f5idukite hoolduseks ja remondiks Lahtik\u00e4iv valgusti vars k\u00fclg- ja \u00fclavalgusega V\u00f5imas k\u00fclgvalgus 500 v\u00f5i 250 lm \u00dclavalgus t\u00e4pseks valgustamiseks 50 lm T\u00f5hus t\u00f6\u00f6valgusti kitsastes tingimustes Vastupidav ja praktiline garaa\u017eit\u00f6\u00f6deks Konks ja magnet riputamiseks v\u00f5i kinnitamiseks T\u00f6\u00f6aeg umbes 3 tundi k\u00fclgvalgus ja kuni 3.5 tundi \u00fclavalgus Integreeritud 3.6 V Li-ion aku laadimisaeg u 4 tundi Micro-USB laadimiskaabel kuulub komplekti Tehnilised andmed M\u00f5\u00f5dud (L \u00d7 K \u00d7 S) 44 \u00d7 197 \u00d7 33 mm Valgusvoog 500 lm Kaitseaste IP20 Kaal 0.2 kg\" \/>\n<meta property=\"og:url\" content=\"https:\/\/ranoja.ee\/toode\/toovalgusti-the-mechanic-rapid\/\" \/>\n<meta property=\"og:site_name\" content=\"Ranoja\" \/>\n<meta property=\"article:publisher\" content=\"https:\/\/www.facebook.com\/ranoja.ee\" \/>\n<meta property=\"article:modified_time\" content=\"2026-03-17T12:37:13+00:00\" \/>\n<meta property=\"og:image\" content=\"https:\/\/ranoja.ee\/wp-content\/uploads\/2026\/03\/5638715353.jpg\" \/>\n\t<meta property=\"og:image:width\" content=\"221\" \/>\n\t<meta property=\"og:image:height\" content=\"900\" \/>\n\t<meta property=\"og:image:type\" content=\"image\/jpeg\" \/>\n<meta name=\"twitter:card\" content=\"summary_large_image\" \/>\n<script type=\"application\/ld+json\" class=\"yoast-schema-graph\">{\"@context\":\"https:\\\/\\\/schema.org\",\"@graph\":[{\"@type\":\"WebPage\",\"@id\":\"https:\\\/\\\/ranoja.ee\\\/toode\\\/toovalgusti-the-mechanic-rapid\\\/\",\"url\":\"https:\\\/\\\/ranoja.ee\\\/toode\\\/toovalgusti-the-mechanic-rapid\\\/\",\"name\":\"T\u00f6\u00f6valgusti The Mechanic, Rapid - Ranoja\",\"isPartOf\":{\"@id\":\"https:\\\/\\\/ranoja.ee\\\/#website\"},\"primaryImageOfPage\":{\"@id\":\"https:\\\/\\\/ranoja.ee\\\/toode\\\/toovalgusti-the-mechanic-rapid\\\/#primaryimage\"},\"image\":{\"@id\":\"https:\\\/\\\/ranoja.ee\\\/toode\\\/toovalgusti-the-mechanic-rapid\\\/#primaryimage\"},\"thumbnailUrl\":\"https:\\\/\\\/ranoja.ee\\\/wp-content\\\/uploads\\\/2026\\\/03\\\/5638715353.jpg\",\"datePublished\":\"2026-03-16T23:27:42+00:00\",\"dateModified\":\"2026-03-17T12:37:13+00:00\",\"breadcrumb\":{\"@id\":\"https:\\\/\\\/ranoja.ee\\\/toode\\\/toovalgusti-the-mechanic-rapid\\\/#breadcrumb\"},\"inLanguage\":\"en-US\",\"potentialAction\":[{\"@type\":\"ReadAction\",\"target\":[\"https:\\\/\\\/ranoja.ee\\\/toode\\\/toovalgusti-the-mechanic-rapid\\\/\"]}]},{\"@type\":\"ImageObject\",\"inLanguage\":\"en-US\",\"@id\":\"https:\\\/\\\/ranoja.ee\\\/toode\\\/toovalgusti-the-mechanic-rapid\\\/#primaryimage\",\"url\":\"https:\\\/\\\/ranoja.ee\\\/wp-content\\\/uploads\\\/2026\\\/03\\\/5638715353.jpg\",\"contentUrl\":\"https:\\\/\\\/ranoja.ee\\\/wp-content\\\/uploads\\\/2026\\\/03\\\/5638715353.jpg\",\"width\":221,\"height\":900},{\"@type\":\"BreadcrumbList\",\"@id\":\"https:\\\/\\\/ranoja.ee\\\/toode\\\/toovalgusti-the-mechanic-rapid\\\/#breadcrumb\",\"itemListElement\":[{\"@type\":\"ListItem\",\"position\":1,\"name\":\"Home\",\"item\":\"https:\\\/\\\/ranoja.ee\\\/\"},{\"@type\":\"ListItem\",\"position\":2,\"name\":\"Shop\",\"item\":\"https:\\\/\\\/ranoja.ee\\\/en\\\/shop\\\/\"},{\"@type\":\"ListItem\",\"position\":3,\"name\":\"T\u00f6\u00f6valgusti The Mechanic, Rapid\"}]},{\"@type\":\"WebSite\",\"@id\":\"https:\\\/\\\/ranoja.ee\\\/#website\",\"url\":\"https:\\\/\\\/ranoja.ee\\\/\",\"name\":\"Ranoja\",\"description\":\"Equipment Shop WooCommerce WordPress Theme for Machine &amp; Tools\",\"publisher\":{\"@id\":\"https:\\\/\\\/ranoja.ee\\\/#organization\"},\"potentialAction\":[{\"@type\":\"SearchAction\",\"target\":{\"@type\":\"EntryPoint\",\"urlTemplate\":\"https:\\\/\\\/ranoja.ee\\\/?s={search_term_string}\"},\"query-input\":{\"@type\":\"PropertyValueSpecification\",\"valueRequired\":true,\"valueName\":\"search_term_string\"}}],\"inLanguage\":\"en-US\"},{\"@type\":\"Organization\",\"@id\":\"https:\\\/\\\/ranoja.ee\\\/#organization\",\"name\":\"Ranoja O\u00dc\",\"url\":\"https:\\\/\\\/ranoja.ee\\\/\",\"logo\":{\"@type\":\"ImageObject\",\"inLanguage\":\"en-US\",\"@id\":\"https:\\\/\\\/ranoja.ee\\\/#\\\/schema\\\/logo\\\/image\\\/\",\"url\":\"https:\\\/\\\/ranoja.ee\\\/wp-content\\\/uploads\\\/2023\\\/11\\\/ranoja-Logo.png\",\"contentUrl\":\"https:\\\/\\\/ranoja.ee\\\/wp-content\\\/uploads\\\/2023\\\/11\\\/ranoja-Logo.png\",\"width\":207,\"height\":58,\"caption\":\"Ranoja O\u00dc\"},\"image\":{\"@id\":\"https:\\\/\\\/ranoja.ee\\\/#\\\/schema\\\/logo\\\/image\\\/\"},\"sameAs\":[\"https:\\\/\\\/www.facebook.com\\\/ranoja.ee\",\"https:\\\/\\\/www.instagram.com\\\/ranoja__\\\/\"]}]}<\/script>\n<!-- \/ Yoast SEO plugin. -->","yoast_head_json":{"title":"T\u00f6\u00f6valgusti The Mechanic, Rapid - Ranoja","robots":{"index":"index","follow":"follow","max-snippet":"max-snippet:-1","max-image-preview":"max-image-preview:large","max-video-preview":"max-video-preview:-1"},"canonical":"https:\/\/ranoja.ee\/toode\/toovalgusti-the-mechanic-rapid\/","og_locale":"en_US","og_type":"article","og_title":"T\u00f6\u00f6valgusti The Mechanic, Rapid - Ranoja","og_description":"LED-k\u00e4sivalgusti The Mechanic on kompaktne ja vastupidav t\u00f6\u00f6valgusti, mis sobib ideaalselt garaa\u017ei ja kitsastesse t\u00f6\u00f6tingimustesse, n\u00e4iteks auto kapoti alla. Praktiline ja mitmek\u00fclgne valgusti on loodud s\u00f5idukite hoolduseks ja remontt\u00f6\u00f6deks. Pikk lahtik\u00e4iv valgusti vars pakub paindlikku t\u00f6\u00f6valgust nii k\u00fclje- kui ka \u00fclaosast. K\u00fcljel asuv LED-valgus annab laia valgusvihuga 500 luumenit v\u00f5i pehmema t\u00f6\u00f6 jaoks 250 luumenit. \u00dclaosas asuv 50-luumeniline punktvalgus aitab valgustada raskesti ligip\u00e4\u00e4setavaid kohti, kuhu \u00fcldvalgus ei ulatu. K\u00e4ed-vabad t\u00f6\u00f6tamiseks on The Mechanic varustatud nii konksu kui ka magnetiga, v\u00f5imaldades valgusti riputada v\u00f5i kinnitada metallpindadele. Integreeritud 3.6 V Li-ion aku laetakse Micro-USB kaudu ning laadimiskaabel kuulub komplekti. Esivalguse t\u00f6\u00f6aeg on ligikaudu 3 tundi, \u00fclavalgusel kuni 3.5 tundi. Omadused LED-valgusti s\u00f5idukite hoolduseks ja remondiks Lahtik\u00e4iv valgusti vars k\u00fclg- ja \u00fclavalgusega V\u00f5imas k\u00fclgvalgus 500 v\u00f5i 250 lm \u00dclavalgus t\u00e4pseks valgustamiseks 50 lm T\u00f5hus t\u00f6\u00f6valgusti kitsastes tingimustes Vastupidav ja praktiline garaa\u017eit\u00f6\u00f6deks Konks ja magnet riputamiseks v\u00f5i kinnitamiseks T\u00f6\u00f6aeg umbes 3 tundi k\u00fclgvalgus ja kuni 3.5 tundi \u00fclavalgus Integreeritud 3.6 V Li-ion aku laadimisaeg u 4 tundi Micro-USB laadimiskaabel kuulub komplekti Tehnilised andmed M\u00f5\u00f5dud (L \u00d7 K \u00d7 S) 44 \u00d7 197 \u00d7 33 mm Valgusvoog 500 lm Kaitseaste IP20 Kaal 0.2 kg","og_url":"https:\/\/ranoja.ee\/toode\/toovalgusti-the-mechanic-rapid\/","og_site_name":"Ranoja","article_publisher":"https:\/\/www.facebook.com\/ranoja.ee","article_modified_time":"2026-03-17T12:37:13+00:00","og_image":[{"width":221,"height":900,"url":"https:\/\/ranoja.ee\/wp-content\/uploads\/2026\/03\/5638715353.jpg","type":"image\/jpeg"}],"twitter_card":"summary_large_image","schema":{"@context":"https:\/\/schema.org","@graph":[{"@type":"WebPage","@id":"https:\/\/ranoja.ee\/toode\/toovalgusti-the-mechanic-rapid\/","url":"https:\/\/ranoja.ee\/toode\/toovalgusti-the-mechanic-rapid\/","name":"T\u00f6\u00f6valgusti The Mechanic, Rapid - Ranoja","isPartOf":{"@id":"https:\/\/ranoja.ee\/#website"},"primaryImageOfPage":{"@id":"https:\/\/ranoja.ee\/toode\/toovalgusti-the-mechanic-rapid\/#primaryimage"},"image":{"@id":"https:\/\/ranoja.ee\/toode\/toovalgusti-the-mechanic-rapid\/#primaryimage"},"thumbnailUrl":"https:\/\/ranoja.ee\/wp-content\/uploads\/2026\/03\/5638715353.jpg","datePublished":"2026-03-16T23:27:42+00:00","dateModified":"2026-03-17T12:37:13+00:00","breadcrumb":{"@id":"https:\/\/ranoja.ee\/toode\/toovalgusti-the-mechanic-rapid\/#breadcrumb"},"inLanguage":"en-US","potentialAction":[{"@type":"ReadAction","target":["https:\/\/ranoja.ee\/toode\/toovalgusti-the-mechanic-rapid\/"]}]},{"@type":"ImageObject","inLanguage":"en-US","@id":"https:\/\/ranoja.ee\/toode\/toovalgusti-the-mechanic-rapid\/#primaryimage","url":"https:\/\/ranoja.ee\/wp-content\/uploads\/2026\/03\/5638715353.jpg","contentUrl":"https:\/\/ranoja.ee\/wp-content\/uploads\/2026\/03\/5638715353.jpg","width":221,"height":900},{"@type":"BreadcrumbList","@id":"https:\/\/ranoja.ee\/toode\/toovalgusti-the-mechanic-rapid\/#breadcrumb","itemListElement":[{"@type":"ListItem","position":1,"name":"Home","item":"https:\/\/ranoja.ee\/"},{"@type":"ListItem","position":2,"name":"Shop","item":"https:\/\/ranoja.ee\/en\/shop\/"},{"@type":"ListItem","position":3,"name":"T\u00f6\u00f6valgusti The Mechanic, Rapid"}]},{"@type":"WebSite","@id":"https:\/\/ranoja.ee\/#website","url":"https:\/\/ranoja.ee\/","name":"Ranoja","description":"Equipment Shop WooCommerce WordPress Theme for Machine &amp; Tools","publisher":{"@id":"https:\/\/ranoja.ee\/#organization"},"potentialAction":[{"@type":"SearchAction","target":{"@type":"EntryPoint","urlTemplate":"https:\/\/ranoja.ee\/?s={search_term_string}"},"query-input":{"@type":"PropertyValueSpecification","valueRequired":true,"valueName":"search_term_string"}}],"inLanguage":"en-US"},{"@type":"Organization","@id":"https:\/\/ranoja.ee\/#organization","name":"Ranoja O\u00dc","url":"https:\/\/ranoja.ee\/","logo":{"@type":"ImageObject","inLanguage":"en-US","@id":"https:\/\/ranoja.ee\/#\/schema\/logo\/image\/","url":"https:\/\/ranoja.ee\/wp-content\/uploads\/2023\/11\/ranoja-Logo.png","contentUrl":"https:\/\/ranoja.ee\/wp-content\/uploads\/2023\/11\/ranoja-Logo.png","width":207,"height":58,"caption":"Ranoja O\u00dc"},"image":{"@id":"https:\/\/ranoja.ee\/#\/schema\/logo\/image\/"},"sameAs":["https:\/\/www.facebook.com\/ranoja.ee","https:\/\/www.instagram.com\/ranoja__\/"]}]}},"_links":{"self":[{"href":"https:\/\/ranoja.ee\/en\/wp-json\/wp\/v2\/product\/61232","targetHints":{"allow":["GET"]}}],"collection":[{"href":"https:\/\/ranoja.ee\/en\/wp-json\/wp\/v2\/product"}],"about":[{"href":"https:\/\/ranoja.ee\/en\/wp-json\/wp\/v2\/types\/product"}],"wp:featuredmedia":[{"embeddable":true,"href":"https:\/\/ranoja.ee\/en\/wp-json\/wp\/v2\/media\/61233"}],"wp:attachment":[{"href":"https:\/\/ranoja.ee\/en\/wp-json\/wp\/v2\/media?parent=61232"}],"wp:term":[{"taxonomy":"product_cat","embeddable":true,"href":"https:\/\/ranoja.ee\/en\/wp-json\/wp\/v2\/product_cat?post=61232"},{"taxonomy":"product_tag","embeddable":true,"href":"https:\/\/ranoja.ee\/en\/wp-json\/wp\/v2\/product_tag?post=61232"}],"curies":[{"name":"wp","href":"https:\/\/api.w.org\/{rel}","templated":true}]}}