{"id":61226,"date":"2026-03-17T02:27:20","date_gmt":"2026-03-16T23:27:20","guid":{"rendered":"https:\/\/ranoja.ee\/toode\/mootorioli-synpower-stl-5w30-208l-valvoline\/"},"modified":"2026-03-17T15:37:13","modified_gmt":"2026-03-17T12:37:13","slug":"mootorioli-synpower-stl-5w30-208l-valvoline","status":"publish","type":"product","link":"https:\/\/ranoja.ee\/en\/toode\/mootorioli-synpower-stl-5w30-208l-valvoline\/","title":{"rendered":"Mootori\u00f5li Synpower STL 5W30 208L, Valvoline"},"content":{"rendered":"","protected":false},"excerpt":{"rendered":"<p>Valvoline SynPower STL 5W-30<br \/>\nK\u00f5rgj\u00f5udlusega s\u00fcnteetiline mootori\u00f5li, mis on spetsiaalselt v\u00e4lja t\u00f6\u00f6tatud k\u00f5ikidele bensiini- ja diiselmootoritele, mis vajavad FPW9.55535\/03 spetsifikatsioonile vastavat m\u00e4\u00e4rdeainet. Valmistatud tagama \u00fclima kaitse ja j\u00f5udluse k\u00f5ikides t\u00f6\u00f6tingimustes.<\/p>\n<p>Kasutusalad<br \/>\nSpetsiaalselt v\u00e4lja t\u00f6\u00f6tatud vastama Stellantis FPW9.55535\/03 j\u00f5udlusn\u00f5uetele, kasutamiseks bensiini- ja diiselmootorites k\u00f5ikidel Stellantis kaubam\u00e4rkidel, sealhulgas Peugeot, Citro\u00ebn, DS, Opel, Fiat, Jeep ja teised.<br \/>\nSoovitatav mootoritele nagu 1,2L PureTech ja 1,5L BlueHDi (DV5R), mis on toodetud enne 2023. aasta veebruari.<br \/>\n\u00dchildub mootoritega, mis vajavad PSA B71 2290 ja B71 2297 spetsifikatsioone, sealhulgas rakenduste jaoks kuuma kliimaga turgudel.<br \/>\nSobib s\u00f5idukitele, mis on varustatud diislik\u00fctuse tahkete osakeste filtritega (DPF), bensiini tahkete osakeste filtritega (GPF), selektiivse katal\u00fc\u00fctilise redutseerimisega (SCR) ja kolmeastmeliste katal\u00fc\u00fcsmuunduritega (TWC).<br \/>\nJ\u00f5udlustasemed ja kinnitused:<br \/>\nACEA C3<br \/>\nAPI SP<br \/>\nStellantis FPW9.55535\/03 (kinnitamine pooleli)<\/p>\n","protected":false},"featured_media":61227,"template":"","meta":{"inline_featured_image":false},"product_cat":[5012,5033,5032],"product_tag":[],"class_list":{"0":"post-61226","1":"product","2":"type-product","3":"status-publish","4":"has-post-thumbnail","6":"product_brand-valvoline","7":"product_cat-olid-ja-maardeained","8":"product_cat-soiduautode-ja-tarbesoidukite-taissunteetilised-mootoriolid","9":"product_cat-soiduautode-mootoriolid","11":"first","12":"instock","13":"purchasable","14":"product-type-simple"},"yoast_head":"<!-- This site is optimized with the Yoast SEO plugin v27.4 - https:\/\/yoast.com\/product\/yoast-seo-wordpress\/ -->\n<title>Mootori\u00f5li Synpower STL 5W30 208L, Valvoline - Ranoja<\/title>\n<meta name=\"robots\" content=\"index, follow, max-snippet:-1, max-image-preview:large, max-video-preview:-1\" \/>\n<link rel=\"canonical\" href=\"https:\/\/ranoja.ee\/toode\/mootorioli-synpower-stl-5w30-208l-valvoline\/\" \/>\n<meta property=\"og:locale\" content=\"en_US\" \/>\n<meta property=\"og:type\" content=\"article\" \/>\n<meta property=\"og:title\" content=\"Mootori\u00f5li Synpower STL 5W30 208L, Valvoline - Ranoja\" \/>\n<meta property=\"og:description\" content=\"Valvoline SynPower STL 5W-30 K\u00f5rgj\u00f5udlusega s\u00fcnteetiline mootori\u00f5li, mis on spetsiaalselt v\u00e4lja t\u00f6\u00f6tatud k\u00f5ikidele bensiini- ja diiselmootoritele, mis vajavad FPW9.55535\/03 spetsifikatsioonile vastavat m\u00e4\u00e4rdeainet. Valmistatud tagama \u00fclima kaitse ja j\u00f5udluse k\u00f5ikides t\u00f6\u00f6tingimustes. Kasutusalad Spetsiaalselt v\u00e4lja t\u00f6\u00f6tatud vastama Stellantis FPW9.55535\/03 j\u00f5udlusn\u00f5uetele, kasutamiseks bensiini- ja diiselmootorites k\u00f5ikidel Stellantis kaubam\u00e4rkidel, sealhulgas Peugeot, Citro\u00ebn, DS, Opel, Fiat, Jeep ja teised. Soovitatav mootoritele nagu 1,2L PureTech ja 1,5L BlueHDi (DV5R), mis on toodetud enne 2023. aasta veebruari. \u00dchildub mootoritega, mis vajavad PSA B71 2290 ja B71 2297 spetsifikatsioone, sealhulgas rakenduste jaoks kuuma kliimaga turgudel. Sobib s\u00f5idukitele, mis on varustatud diislik\u00fctuse tahkete osakeste filtritega (DPF), bensiini tahkete osakeste filtritega (GPF), selektiivse katal\u00fc\u00fctilise redutseerimisega (SCR) ja kolmeastmeliste katal\u00fc\u00fcsmuunduritega (TWC). J\u00f5udlustasemed ja kinnitused: ACEA C3 API SP Stellantis FPW9.55535\/03 (kinnitamine pooleli)\" \/>\n<meta property=\"og:url\" content=\"https:\/\/ranoja.ee\/toode\/mootorioli-synpower-stl-5w30-208l-valvoline\/\" \/>\n<meta property=\"og:site_name\" content=\"Ranoja\" \/>\n<meta property=\"article:publisher\" content=\"https:\/\/www.facebook.com\/ranoja.ee\" \/>\n<meta property=\"article:modified_time\" content=\"2026-03-17T12:37:13+00:00\" \/>\n<meta property=\"og:image\" content=\"https:\/\/ranoja.ee\/wp-content\/uploads\/2026\/03\/5638548213.jpg\" \/>\n\t<meta property=\"og:image:width\" content=\"384\" \/>\n\t<meta property=\"og:image:height\" content=\"384\" \/>\n\t<meta property=\"og:image:type\" content=\"image\/jpeg\" \/>\n<meta name=\"twitter:card\" content=\"summary_large_image\" \/>\n<script type=\"application\/ld+json\" class=\"yoast-schema-graph\">{\"@context\":\"https:\\\/\\\/schema.org\",\"@graph\":[{\"@type\":\"WebPage\",\"@id\":\"https:\\\/\\\/ranoja.ee\\\/toode\\\/mootorioli-synpower-stl-5w30-208l-valvoline\\\/\",\"url\":\"https:\\\/\\\/ranoja.ee\\\/toode\\\/mootorioli-synpower-stl-5w30-208l-valvoline\\\/\",\"name\":\"Mootori\u00f5li Synpower STL 5W30 208L, Valvoline - Ranoja\",\"isPartOf\":{\"@id\":\"https:\\\/\\\/ranoja.ee\\\/#website\"},\"primaryImageOfPage\":{\"@id\":\"https:\\\/\\\/ranoja.ee\\\/toode\\\/mootorioli-synpower-stl-5w30-208l-valvoline\\\/#primaryimage\"},\"image\":{\"@id\":\"https:\\\/\\\/ranoja.ee\\\/toode\\\/mootorioli-synpower-stl-5w30-208l-valvoline\\\/#primaryimage\"},\"thumbnailUrl\":\"https:\\\/\\\/ranoja.ee\\\/wp-content\\\/uploads\\\/2026\\\/03\\\/5638548213.jpg\",\"datePublished\":\"2026-03-16T23:27:20+00:00\",\"dateModified\":\"2026-03-17T12:37:13+00:00\",\"breadcrumb\":{\"@id\":\"https:\\\/\\\/ranoja.ee\\\/toode\\\/mootorioli-synpower-stl-5w30-208l-valvoline\\\/#breadcrumb\"},\"inLanguage\":\"en-US\",\"potentialAction\":[{\"@type\":\"ReadAction\",\"target\":[\"https:\\\/\\\/ranoja.ee\\\/toode\\\/mootorioli-synpower-stl-5w30-208l-valvoline\\\/\"]}]},{\"@type\":\"ImageObject\",\"inLanguage\":\"en-US\",\"@id\":\"https:\\\/\\\/ranoja.ee\\\/toode\\\/mootorioli-synpower-stl-5w30-208l-valvoline\\\/#primaryimage\",\"url\":\"https:\\\/\\\/ranoja.ee\\\/wp-content\\\/uploads\\\/2026\\\/03\\\/5638548213.jpg\",\"contentUrl\":\"https:\\\/\\\/ranoja.ee\\\/wp-content\\\/uploads\\\/2026\\\/03\\\/5638548213.jpg\",\"width\":384,\"height\":384},{\"@type\":\"BreadcrumbList\",\"@id\":\"https:\\\/\\\/ranoja.ee\\\/toode\\\/mootorioli-synpower-stl-5w30-208l-valvoline\\\/#breadcrumb\",\"itemListElement\":[{\"@type\":\"ListItem\",\"position\":1,\"name\":\"Home\",\"item\":\"https:\\\/\\\/ranoja.ee\\\/\"},{\"@type\":\"ListItem\",\"position\":2,\"name\":\"Shop\",\"item\":\"https:\\\/\\\/ranoja.ee\\\/en\\\/shop\\\/\"},{\"@type\":\"ListItem\",\"position\":3,\"name\":\"Mootori\u00f5li Synpower STL 5W30 208L, Valvoline\"}]},{\"@type\":\"WebSite\",\"@id\":\"https:\\\/\\\/ranoja.ee\\\/#website\",\"url\":\"https:\\\/\\\/ranoja.ee\\\/\",\"name\":\"Ranoja\",\"description\":\"Equipment Shop WooCommerce WordPress Theme for Machine &amp; Tools\",\"publisher\":{\"@id\":\"https:\\\/\\\/ranoja.ee\\\/#organization\"},\"potentialAction\":[{\"@type\":\"SearchAction\",\"target\":{\"@type\":\"EntryPoint\",\"urlTemplate\":\"https:\\\/\\\/ranoja.ee\\\/?s={search_term_string}\"},\"query-input\":{\"@type\":\"PropertyValueSpecification\",\"valueRequired\":true,\"valueName\":\"search_term_string\"}}],\"inLanguage\":\"en-US\"},{\"@type\":\"Organization\",\"@id\":\"https:\\\/\\\/ranoja.ee\\\/#organization\",\"name\":\"Ranoja O\u00dc\",\"url\":\"https:\\\/\\\/ranoja.ee\\\/\",\"logo\":{\"@type\":\"ImageObject\",\"inLanguage\":\"en-US\",\"@id\":\"https:\\\/\\\/ranoja.ee\\\/#\\\/schema\\\/logo\\\/image\\\/\",\"url\":\"https:\\\/\\\/ranoja.ee\\\/wp-content\\\/uploads\\\/2023\\\/11\\\/ranoja-Logo.png\",\"contentUrl\":\"https:\\\/\\\/ranoja.ee\\\/wp-content\\\/uploads\\\/2023\\\/11\\\/ranoja-Logo.png\",\"width\":207,\"height\":58,\"caption\":\"Ranoja O\u00dc\"},\"image\":{\"@id\":\"https:\\\/\\\/ranoja.ee\\\/#\\\/schema\\\/logo\\\/image\\\/\"},\"sameAs\":[\"https:\\\/\\\/www.facebook.com\\\/ranoja.ee\",\"https:\\\/\\\/www.instagram.com\\\/ranoja__\\\/\"]}]}<\/script>\n<!-- \/ Yoast SEO plugin. -->","yoast_head_json":{"title":"Mootori\u00f5li Synpower STL 5W30 208L, Valvoline - Ranoja","robots":{"index":"index","follow":"follow","max-snippet":"max-snippet:-1","max-image-preview":"max-image-preview:large","max-video-preview":"max-video-preview:-1"},"canonical":"https:\/\/ranoja.ee\/toode\/mootorioli-synpower-stl-5w30-208l-valvoline\/","og_locale":"en_US","og_type":"article","og_title":"Mootori\u00f5li Synpower STL 5W30 208L, Valvoline - Ranoja","og_description":"Valvoline SynPower STL 5W-30 K\u00f5rgj\u00f5udlusega s\u00fcnteetiline mootori\u00f5li, mis on spetsiaalselt v\u00e4lja t\u00f6\u00f6tatud k\u00f5ikidele bensiini- ja diiselmootoritele, mis vajavad FPW9.55535\/03 spetsifikatsioonile vastavat m\u00e4\u00e4rdeainet. Valmistatud tagama \u00fclima kaitse ja j\u00f5udluse k\u00f5ikides t\u00f6\u00f6tingimustes. Kasutusalad Spetsiaalselt v\u00e4lja t\u00f6\u00f6tatud vastama Stellantis FPW9.55535\/03 j\u00f5udlusn\u00f5uetele, kasutamiseks bensiini- ja diiselmootorites k\u00f5ikidel Stellantis kaubam\u00e4rkidel, sealhulgas Peugeot, Citro\u00ebn, DS, Opel, Fiat, Jeep ja teised. Soovitatav mootoritele nagu 1,2L PureTech ja 1,5L BlueHDi (DV5R), mis on toodetud enne 2023. aasta veebruari. \u00dchildub mootoritega, mis vajavad PSA B71 2290 ja B71 2297 spetsifikatsioone, sealhulgas rakenduste jaoks kuuma kliimaga turgudel. Sobib s\u00f5idukitele, mis on varustatud diislik\u00fctuse tahkete osakeste filtritega (DPF), bensiini tahkete osakeste filtritega (GPF), selektiivse katal\u00fc\u00fctilise redutseerimisega (SCR) ja kolmeastmeliste katal\u00fc\u00fcsmuunduritega (TWC). J\u00f5udlustasemed ja kinnitused: ACEA C3 API SP Stellantis FPW9.55535\/03 (kinnitamine pooleli)","og_url":"https:\/\/ranoja.ee\/toode\/mootorioli-synpower-stl-5w30-208l-valvoline\/","og_site_name":"Ranoja","article_publisher":"https:\/\/www.facebook.com\/ranoja.ee","article_modified_time":"2026-03-17T12:37:13+00:00","og_image":[{"width":384,"height":384,"url":"https:\/\/ranoja.ee\/wp-content\/uploads\/2026\/03\/5638548213.jpg","type":"image\/jpeg"}],"twitter_card":"summary_large_image","schema":{"@context":"https:\/\/schema.org","@graph":[{"@type":"WebPage","@id":"https:\/\/ranoja.ee\/toode\/mootorioli-synpower-stl-5w30-208l-valvoline\/","url":"https:\/\/ranoja.ee\/toode\/mootorioli-synpower-stl-5w30-208l-valvoline\/","name":"Mootori\u00f5li Synpower STL 5W30 208L, Valvoline - Ranoja","isPartOf":{"@id":"https:\/\/ranoja.ee\/#website"},"primaryImageOfPage":{"@id":"https:\/\/ranoja.ee\/toode\/mootorioli-synpower-stl-5w30-208l-valvoline\/#primaryimage"},"image":{"@id":"https:\/\/ranoja.ee\/toode\/mootorioli-synpower-stl-5w30-208l-valvoline\/#primaryimage"},"thumbnailUrl":"https:\/\/ranoja.ee\/wp-content\/uploads\/2026\/03\/5638548213.jpg","datePublished":"2026-03-16T23:27:20+00:00","dateModified":"2026-03-17T12:37:13+00:00","breadcrumb":{"@id":"https:\/\/ranoja.ee\/toode\/mootorioli-synpower-stl-5w30-208l-valvoline\/#breadcrumb"},"inLanguage":"en-US","potentialAction":[{"@type":"ReadAction","target":["https:\/\/ranoja.ee\/toode\/mootorioli-synpower-stl-5w30-208l-valvoline\/"]}]},{"@type":"ImageObject","inLanguage":"en-US","@id":"https:\/\/ranoja.ee\/toode\/mootorioli-synpower-stl-5w30-208l-valvoline\/#primaryimage","url":"https:\/\/ranoja.ee\/wp-content\/uploads\/2026\/03\/5638548213.jpg","contentUrl":"https:\/\/ranoja.ee\/wp-content\/uploads\/2026\/03\/5638548213.jpg","width":384,"height":384},{"@type":"BreadcrumbList","@id":"https:\/\/ranoja.ee\/toode\/mootorioli-synpower-stl-5w30-208l-valvoline\/#breadcrumb","itemListElement":[{"@type":"ListItem","position":1,"name":"Home","item":"https:\/\/ranoja.ee\/"},{"@type":"ListItem","position":2,"name":"Shop","item":"https:\/\/ranoja.ee\/en\/shop\/"},{"@type":"ListItem","position":3,"name":"Mootori\u00f5li Synpower STL 5W30 208L, Valvoline"}]},{"@type":"WebSite","@id":"https:\/\/ranoja.ee\/#website","url":"https:\/\/ranoja.ee\/","name":"Ranoja","description":"Equipment Shop WooCommerce WordPress Theme for Machine &amp; Tools","publisher":{"@id":"https:\/\/ranoja.ee\/#organization"},"potentialAction":[{"@type":"SearchAction","target":{"@type":"EntryPoint","urlTemplate":"https:\/\/ranoja.ee\/?s={search_term_string}"},"query-input":{"@type":"PropertyValueSpecification","valueRequired":true,"valueName":"search_term_string"}}],"inLanguage":"en-US"},{"@type":"Organization","@id":"https:\/\/ranoja.ee\/#organization","name":"Ranoja O\u00dc","url":"https:\/\/ranoja.ee\/","logo":{"@type":"ImageObject","inLanguage":"en-US","@id":"https:\/\/ranoja.ee\/#\/schema\/logo\/image\/","url":"https:\/\/ranoja.ee\/wp-content\/uploads\/2023\/11\/ranoja-Logo.png","contentUrl":"https:\/\/ranoja.ee\/wp-content\/uploads\/2023\/11\/ranoja-Logo.png","width":207,"height":58,"caption":"Ranoja O\u00dc"},"image":{"@id":"https:\/\/ranoja.ee\/#\/schema\/logo\/image\/"},"sameAs":["https:\/\/www.facebook.com\/ranoja.ee","https:\/\/www.instagram.com\/ranoja__\/"]}]}},"_links":{"self":[{"href":"https:\/\/ranoja.ee\/en\/wp-json\/wp\/v2\/product\/61226","targetHints":{"allow":["GET"]}}],"collection":[{"href":"https:\/\/ranoja.ee\/en\/wp-json\/wp\/v2\/product"}],"about":[{"href":"https:\/\/ranoja.ee\/en\/wp-json\/wp\/v2\/types\/product"}],"wp:featuredmedia":[{"embeddable":true,"href":"https:\/\/ranoja.ee\/en\/wp-json\/wp\/v2\/media\/61227"}],"wp:attachment":[{"href":"https:\/\/ranoja.ee\/en\/wp-json\/wp\/v2\/media?parent=61226"}],"wp:term":[{"taxonomy":"product_cat","embeddable":true,"href":"https:\/\/ranoja.ee\/en\/wp-json\/wp\/v2\/product_cat?post=61226"},{"taxonomy":"product_tag","embeddable":true,"href":"https:\/\/ranoja.ee\/en\/wp-json\/wp\/v2\/product_tag?post=61226"}],"curies":[{"name":"wp","href":"https:\/\/api.w.org\/{rel}","templated":true}]}}