{"id":61222,"date":"2026-03-17T02:27:20","date_gmt":"2026-03-16T23:27:20","guid":{"rendered":"https:\/\/ranoja.ee\/toode\/laserkaugusmoodik-ld-530-bt-0-05-m-200-m-stabila\/"},"modified":"2026-03-17T15:37:13","modified_gmt":"2026-03-17T12:37:13","slug":"laserkaugusmoodik-ld-530-bt-0-05-m-200-m-stabila","status":"publish","type":"product","link":"https:\/\/ranoja.ee\/en\/toode\/laserkaugusmoodik-ld-530-bt-0-05-m-200-m-stabila\/","title":{"rendered":"Laserkaugusm\u00f5\u00f5dik LD 530 BT  0.05 m-200 m, Stabila"},"content":{"rendered":"","protected":false},"excerpt":{"rendered":"<p>Koge kaugusm\u00f5\u00f5tmise tulevikku LD 530 BT-ga! K\u00f5rge eraldusv\u00f5imega kaamera, digitaalne sihtimisseade ja 4x suum tagavad t\u00e4psed tulemused isegi ereda p\u00e4ikesevalguse k\u00e4es ja suurte vahemaade korral. Innovatiivne \u017eestikontrolli funktsioon v\u00f5imaldab kontaktivaba kasutamist, tagades maksimaalse t\u00e4psuse ilma seadet puudutamata. 17 m\u00f5\u00f5tefunktsiooni abil saab h\u00f5lpsalt toime tulla iga \u00fclesandega. Kaasaegne Bluetooth\u00ae 5.0 tehnoloogia v\u00f5imaldab m\u00f5\u00f5tmiste kiiret edastamist otse rakendustesse v\u00f5i Exceli failidesse ning SMART SKETCH funktsioon STABILA Measures II rakenduses loob automaatselt ruumiplaanid. K\u00f5ik efektiivsus ja t\u00e4psus, mida STABILA-lt ootad.<br \/>\nToote eelised<br \/>\nLaser t\u00e4pseks m\u00f5\u00f5tmiseks kuni 200 m nii sise- kui v\u00e4listingimustes.<br \/>\nK\u00f5rge eraldusv\u00f5imega kaamera koos valgustatud 2.4&#8243; v\u00e4rviekraaniga tagab selge pildi ka eredas valguses.<br \/>\nDigitaalne sihtimisseade 4x suumiga t\u00e4pseks joondamiseks suurte vahemaade korral.<br \/>\nBluetooth\u00ae 5.0 kiireks m\u00f5\u00f5tmiste edastamiseks nutitelefoni, tahvelarvutisse v\u00f5i arvutisse.<br \/>\nTasuta STABILA Measures II rakendus SMART SKETCH funktsiooniga automaatseks ruumiplaanide loomiseks.<br \/>\nM\u00f5\u00f5tmiste otsene edastamine eelistatud formaatidesse, sh Excel.<br \/>\n\u017destikontroll: kontaktivaba m\u00f5\u00f5tmise k\u00e4ivitamine maksimaalse t\u00e4psuse tagamiseks pikkadel vahemaadel.<br \/>\nP\u00f5hjalik pakett 17 m\u00f5\u00f5tefunktsiooniga, sh pindala, maht, kalle, kaudne k\u00f5rguse ja kauguse m\u00f5\u00f5tmine.<br \/>\nISO 16331-1 sertifitseeritud: m\u00f5\u00f5tevahemik 0.05\u2013200 m, t\u00e4psus \u00b11.0 mm.<br \/>\nTugev pehmendatud korpus 1\/4&#8243; keermega ja IP 54 kaitseklassiga.<br \/>\nV\u00f5imas liitium-ioonaku kuni 5000 m\u00f5\u00f5tmiseks \u00fche laadimisega.<br \/>\nKomplektis v\u00f6\u00f6kott, randmerihm ja USB-C\u2013USB-A laadimiskaabel.<br \/>\nTehnilised andmed<br \/>\nLaseriklass: 2<br \/>\nV\u00e4ljund: < 1 mW<br \/>\nT\u00e4psus: \u00b11 mm<br \/>\nM\u00f5\u00f5tevahemik: 0.05\u2013200 m<br \/>\nT\u00f6\u00f6iga: kuni 5000 m\u00f5\u00f5tmist<br \/>\nSalvestusv\u00f5imalus: Jah<br \/>\nAndmeedastus: Jah<br \/>\nKaldeandur: \u00b1180\u00b0<br \/>\nDigitaalne sihtimisseade: Jah<br \/>\nStatiivi kinnitus: 1\/4&#8243;<br \/>\nFunktsioonid: 17<br \/>\nKaitseklass: IP 54<\/p>\n","protected":false},"featured_media":61223,"template":"","meta":{"inline_featured_image":false},"product_cat":[5099,5316,5317],"product_tag":[],"class_list":{"0":"post-61222","1":"product","2":"type-product","3":"status-publish","4":"has-post-thumbnail","6":"product_brand-stabila","7":"product_cat-marke-ja-mooteriistad","8":"product_cat-mooteseadmed","9":"product_cat-muud-mooteseadmed","11":"first","12":"instock","13":"purchasable","14":"product-type-simple"},"yoast_head":"<!-- This site is optimized with the Yoast SEO plugin v27.4 - https:\/\/yoast.com\/product\/yoast-seo-wordpress\/ -->\n<title>Laserkaugusm\u00f5\u00f5dik LD 530 BT 0.05 m-200 m, Stabila - Ranoja<\/title>\n<meta name=\"robots\" content=\"index, follow, max-snippet:-1, max-image-preview:large, max-video-preview:-1\" \/>\n<link rel=\"canonical\" href=\"https:\/\/ranoja.ee\/toode\/laserkaugusmoodik-ld-530-bt-0-05-m-200-m-stabila\/\" \/>\n<meta property=\"og:locale\" content=\"en_US\" \/>\n<meta property=\"og:type\" content=\"article\" \/>\n<meta property=\"og:title\" content=\"Laserkaugusm\u00f5\u00f5dik LD 530 BT 0.05 m-200 m, Stabila - Ranoja\" \/>\n<meta property=\"og:description\" content=\"Koge kaugusm\u00f5\u00f5tmise tulevikku LD 530 BT-ga! K\u00f5rge eraldusv\u00f5imega kaamera, digitaalne sihtimisseade ja 4x suum tagavad t\u00e4psed tulemused isegi ereda p\u00e4ikesevalguse k\u00e4es ja suurte vahemaade korral. Innovatiivne \u017eestikontrolli funktsioon v\u00f5imaldab kontaktivaba kasutamist, tagades maksimaalse t\u00e4psuse ilma seadet puudutamata. 17 m\u00f5\u00f5tefunktsiooni abil saab h\u00f5lpsalt toime tulla iga \u00fclesandega. Kaasaegne Bluetooth\u00ae 5.0 tehnoloogia v\u00f5imaldab m\u00f5\u00f5tmiste kiiret edastamist otse rakendustesse v\u00f5i Exceli failidesse ning SMART SKETCH funktsioon STABILA Measures II rakenduses loob automaatselt ruumiplaanid. K\u00f5ik efektiivsus ja t\u00e4psus, mida STABILA-lt ootad. Toote eelised Laser t\u00e4pseks m\u00f5\u00f5tmiseks kuni 200 m nii sise- kui v\u00e4listingimustes. K\u00f5rge eraldusv\u00f5imega kaamera koos valgustatud 2.4&quot; v\u00e4rviekraaniga tagab selge pildi ka eredas valguses. Digitaalne sihtimisseade 4x suumiga t\u00e4pseks joondamiseks suurte vahemaade korral. Bluetooth\u00ae 5.0 kiireks m\u00f5\u00f5tmiste edastamiseks nutitelefoni, tahvelarvutisse v\u00f5i arvutisse. Tasuta STABILA Measures II rakendus SMART SKETCH funktsiooniga automaatseks ruumiplaanide loomiseks. M\u00f5\u00f5tmiste otsene edastamine eelistatud formaatidesse, sh Excel. \u017destikontroll: kontaktivaba m\u00f5\u00f5tmise k\u00e4ivitamine maksimaalse t\u00e4psuse tagamiseks pikkadel vahemaadel. P\u00f5hjalik pakett 17 m\u00f5\u00f5tefunktsiooniga, sh pindala, maht, kalle, kaudne k\u00f5rguse ja kauguse m\u00f5\u00f5tmine. ISO 16331-1 sertifitseeritud: m\u00f5\u00f5tevahemik 0.05\u2013200 m, t\u00e4psus \u00b11.0 mm. Tugev pehmendatud korpus 1\/4&quot; keermega ja IP 54 kaitseklassiga. V\u00f5imas liitium-ioonaku kuni 5000 m\u00f5\u00f5tmiseks \u00fche laadimisega. Komplektis v\u00f6\u00f6kott, randmerihm ja USB-C\u2013USB-A laadimiskaabel. Tehnilised andmed Laseriklass: 2 V\u00e4ljund: &lt; 1 mW T\u00e4psus: \u00b11 mm M\u00f5\u00f5tevahemik: 0.05\u2013200 m T\u00f6\u00f6iga: kuni 5000 m\u00f5\u00f5tmist Salvestusv\u00f5imalus: Jah Andmeedastus: Jah Kaldeandur: \u00b1180\u00b0 Digitaalne sihtimisseade: Jah Statiivi kinnitus: 1\/4&quot; Funktsioonid: 17 Kaitseklass: IP 54\" \/>\n<meta property=\"og:url\" content=\"https:\/\/ranoja.ee\/toode\/laserkaugusmoodik-ld-530-bt-0-05-m-200-m-stabila\/\" \/>\n<meta property=\"og:site_name\" content=\"Ranoja\" \/>\n<meta property=\"article:publisher\" content=\"https:\/\/www.facebook.com\/ranoja.ee\" \/>\n<meta property=\"article:modified_time\" content=\"2026-03-17T12:37:13+00:00\" \/>\n<meta property=\"og:image\" content=\"https:\/\/ranoja.ee\/wp-content\/uploads\/2026\/03\/5638457499.jpg\" \/>\n\t<meta property=\"og:image:width\" content=\"900\" \/>\n\t<meta property=\"og:image:height\" content=\"549\" \/>\n\t<meta property=\"og:image:type\" content=\"image\/jpeg\" \/>\n<meta name=\"twitter:card\" content=\"summary_large_image\" \/>\n<script type=\"application\/ld+json\" class=\"yoast-schema-graph\">{\"@context\":\"https:\\\/\\\/schema.org\",\"@graph\":[{\"@type\":\"WebPage\",\"@id\":\"https:\\\/\\\/ranoja.ee\\\/toode\\\/laserkaugusmoodik-ld-530-bt-0-05-m-200-m-stabila\\\/\",\"url\":\"https:\\\/\\\/ranoja.ee\\\/toode\\\/laserkaugusmoodik-ld-530-bt-0-05-m-200-m-stabila\\\/\",\"name\":\"Laserkaugusm\u00f5\u00f5dik LD 530 BT 0.05 m-200 m, Stabila - Ranoja\",\"isPartOf\":{\"@id\":\"https:\\\/\\\/ranoja.ee\\\/#website\"},\"primaryImageOfPage\":{\"@id\":\"https:\\\/\\\/ranoja.ee\\\/toode\\\/laserkaugusmoodik-ld-530-bt-0-05-m-200-m-stabila\\\/#primaryimage\"},\"image\":{\"@id\":\"https:\\\/\\\/ranoja.ee\\\/toode\\\/laserkaugusmoodik-ld-530-bt-0-05-m-200-m-stabila\\\/#primaryimage\"},\"thumbnailUrl\":\"https:\\\/\\\/ranoja.ee\\\/wp-content\\\/uploads\\\/2026\\\/03\\\/5638457499.jpg\",\"datePublished\":\"2026-03-16T23:27:20+00:00\",\"dateModified\":\"2026-03-17T12:37:13+00:00\",\"breadcrumb\":{\"@id\":\"https:\\\/\\\/ranoja.ee\\\/toode\\\/laserkaugusmoodik-ld-530-bt-0-05-m-200-m-stabila\\\/#breadcrumb\"},\"inLanguage\":\"en-US\",\"potentialAction\":[{\"@type\":\"ReadAction\",\"target\":[\"https:\\\/\\\/ranoja.ee\\\/toode\\\/laserkaugusmoodik-ld-530-bt-0-05-m-200-m-stabila\\\/\"]}]},{\"@type\":\"ImageObject\",\"inLanguage\":\"en-US\",\"@id\":\"https:\\\/\\\/ranoja.ee\\\/toode\\\/laserkaugusmoodik-ld-530-bt-0-05-m-200-m-stabila\\\/#primaryimage\",\"url\":\"https:\\\/\\\/ranoja.ee\\\/wp-content\\\/uploads\\\/2026\\\/03\\\/5638457499.jpg\",\"contentUrl\":\"https:\\\/\\\/ranoja.ee\\\/wp-content\\\/uploads\\\/2026\\\/03\\\/5638457499.jpg\",\"width\":900,\"height\":549},{\"@type\":\"BreadcrumbList\",\"@id\":\"https:\\\/\\\/ranoja.ee\\\/toode\\\/laserkaugusmoodik-ld-530-bt-0-05-m-200-m-stabila\\\/#breadcrumb\",\"itemListElement\":[{\"@type\":\"ListItem\",\"position\":1,\"name\":\"Home\",\"item\":\"https:\\\/\\\/ranoja.ee\\\/\"},{\"@type\":\"ListItem\",\"position\":2,\"name\":\"Shop\",\"item\":\"https:\\\/\\\/ranoja.ee\\\/en\\\/shop\\\/\"},{\"@type\":\"ListItem\",\"position\":3,\"name\":\"Laserkaugusm\u00f5\u00f5dik LD 530 BT 0.05 m-200 m, Stabila\"}]},{\"@type\":\"WebSite\",\"@id\":\"https:\\\/\\\/ranoja.ee\\\/#website\",\"url\":\"https:\\\/\\\/ranoja.ee\\\/\",\"name\":\"Ranoja\",\"description\":\"Equipment Shop WooCommerce WordPress Theme for Machine &amp; Tools\",\"publisher\":{\"@id\":\"https:\\\/\\\/ranoja.ee\\\/#organization\"},\"potentialAction\":[{\"@type\":\"SearchAction\",\"target\":{\"@type\":\"EntryPoint\",\"urlTemplate\":\"https:\\\/\\\/ranoja.ee\\\/?s={search_term_string}\"},\"query-input\":{\"@type\":\"PropertyValueSpecification\",\"valueRequired\":true,\"valueName\":\"search_term_string\"}}],\"inLanguage\":\"en-US\"},{\"@type\":\"Organization\",\"@id\":\"https:\\\/\\\/ranoja.ee\\\/#organization\",\"name\":\"Ranoja O\u00dc\",\"url\":\"https:\\\/\\\/ranoja.ee\\\/\",\"logo\":{\"@type\":\"ImageObject\",\"inLanguage\":\"en-US\",\"@id\":\"https:\\\/\\\/ranoja.ee\\\/#\\\/schema\\\/logo\\\/image\\\/\",\"url\":\"https:\\\/\\\/ranoja.ee\\\/wp-content\\\/uploads\\\/2023\\\/11\\\/ranoja-Logo.png\",\"contentUrl\":\"https:\\\/\\\/ranoja.ee\\\/wp-content\\\/uploads\\\/2023\\\/11\\\/ranoja-Logo.png\",\"width\":207,\"height\":58,\"caption\":\"Ranoja O\u00dc\"},\"image\":{\"@id\":\"https:\\\/\\\/ranoja.ee\\\/#\\\/schema\\\/logo\\\/image\\\/\"},\"sameAs\":[\"https:\\\/\\\/www.facebook.com\\\/ranoja.ee\",\"https:\\\/\\\/www.instagram.com\\\/ranoja__\\\/\"]}]}<\/script>\n<!-- \/ Yoast SEO plugin. -->","yoast_head_json":{"title":"Laserkaugusm\u00f5\u00f5dik LD 530 BT 0.05 m-200 m, Stabila - Ranoja","robots":{"index":"index","follow":"follow","max-snippet":"max-snippet:-1","max-image-preview":"max-image-preview:large","max-video-preview":"max-video-preview:-1"},"canonical":"https:\/\/ranoja.ee\/toode\/laserkaugusmoodik-ld-530-bt-0-05-m-200-m-stabila\/","og_locale":"en_US","og_type":"article","og_title":"Laserkaugusm\u00f5\u00f5dik LD 530 BT 0.05 m-200 m, Stabila - Ranoja","og_description":"Koge kaugusm\u00f5\u00f5tmise tulevikku LD 530 BT-ga! K\u00f5rge eraldusv\u00f5imega kaamera, digitaalne sihtimisseade ja 4x suum tagavad t\u00e4psed tulemused isegi ereda p\u00e4ikesevalguse k\u00e4es ja suurte vahemaade korral. Innovatiivne \u017eestikontrolli funktsioon v\u00f5imaldab kontaktivaba kasutamist, tagades maksimaalse t\u00e4psuse ilma seadet puudutamata. 17 m\u00f5\u00f5tefunktsiooni abil saab h\u00f5lpsalt toime tulla iga \u00fclesandega. Kaasaegne Bluetooth\u00ae 5.0 tehnoloogia v\u00f5imaldab m\u00f5\u00f5tmiste kiiret edastamist otse rakendustesse v\u00f5i Exceli failidesse ning SMART SKETCH funktsioon STABILA Measures II rakenduses loob automaatselt ruumiplaanid. K\u00f5ik efektiivsus ja t\u00e4psus, mida STABILA-lt ootad. Toote eelised Laser t\u00e4pseks m\u00f5\u00f5tmiseks kuni 200 m nii sise- kui v\u00e4listingimustes. K\u00f5rge eraldusv\u00f5imega kaamera koos valgustatud 2.4\" v\u00e4rviekraaniga tagab selge pildi ka eredas valguses. Digitaalne sihtimisseade 4x suumiga t\u00e4pseks joondamiseks suurte vahemaade korral. Bluetooth\u00ae 5.0 kiireks m\u00f5\u00f5tmiste edastamiseks nutitelefoni, tahvelarvutisse v\u00f5i arvutisse. Tasuta STABILA Measures II rakendus SMART SKETCH funktsiooniga automaatseks ruumiplaanide loomiseks. M\u00f5\u00f5tmiste otsene edastamine eelistatud formaatidesse, sh Excel. \u017destikontroll: kontaktivaba m\u00f5\u00f5tmise k\u00e4ivitamine maksimaalse t\u00e4psuse tagamiseks pikkadel vahemaadel. P\u00f5hjalik pakett 17 m\u00f5\u00f5tefunktsiooniga, sh pindala, maht, kalle, kaudne k\u00f5rguse ja kauguse m\u00f5\u00f5tmine. ISO 16331-1 sertifitseeritud: m\u00f5\u00f5tevahemik 0.05\u2013200 m, t\u00e4psus \u00b11.0 mm. Tugev pehmendatud korpus 1\/4\" keermega ja IP 54 kaitseklassiga. V\u00f5imas liitium-ioonaku kuni 5000 m\u00f5\u00f5tmiseks \u00fche laadimisega. Komplektis v\u00f6\u00f6kott, randmerihm ja USB-C\u2013USB-A laadimiskaabel. Tehnilised andmed Laseriklass: 2 V\u00e4ljund: < 1 mW T\u00e4psus: \u00b11 mm M\u00f5\u00f5tevahemik: 0.05\u2013200 m T\u00f6\u00f6iga: kuni 5000 m\u00f5\u00f5tmist Salvestusv\u00f5imalus: Jah Andmeedastus: Jah Kaldeandur: \u00b1180\u00b0 Digitaalne sihtimisseade: Jah Statiivi kinnitus: 1\/4\" Funktsioonid: 17 Kaitseklass: IP 54","og_url":"https:\/\/ranoja.ee\/toode\/laserkaugusmoodik-ld-530-bt-0-05-m-200-m-stabila\/","og_site_name":"Ranoja","article_publisher":"https:\/\/www.facebook.com\/ranoja.ee","article_modified_time":"2026-03-17T12:37:13+00:00","og_image":[{"width":900,"height":549,"url":"https:\/\/ranoja.ee\/wp-content\/uploads\/2026\/03\/5638457499.jpg","type":"image\/jpeg"}],"twitter_card":"summary_large_image","schema":{"@context":"https:\/\/schema.org","@graph":[{"@type":"WebPage","@id":"https:\/\/ranoja.ee\/toode\/laserkaugusmoodik-ld-530-bt-0-05-m-200-m-stabila\/","url":"https:\/\/ranoja.ee\/toode\/laserkaugusmoodik-ld-530-bt-0-05-m-200-m-stabila\/","name":"Laserkaugusm\u00f5\u00f5dik LD 530 BT 0.05 m-200 m, Stabila - Ranoja","isPartOf":{"@id":"https:\/\/ranoja.ee\/#website"},"primaryImageOfPage":{"@id":"https:\/\/ranoja.ee\/toode\/laserkaugusmoodik-ld-530-bt-0-05-m-200-m-stabila\/#primaryimage"},"image":{"@id":"https:\/\/ranoja.ee\/toode\/laserkaugusmoodik-ld-530-bt-0-05-m-200-m-stabila\/#primaryimage"},"thumbnailUrl":"https:\/\/ranoja.ee\/wp-content\/uploads\/2026\/03\/5638457499.jpg","datePublished":"2026-03-16T23:27:20+00:00","dateModified":"2026-03-17T12:37:13+00:00","breadcrumb":{"@id":"https:\/\/ranoja.ee\/toode\/laserkaugusmoodik-ld-530-bt-0-05-m-200-m-stabila\/#breadcrumb"},"inLanguage":"en-US","potentialAction":[{"@type":"ReadAction","target":["https:\/\/ranoja.ee\/toode\/laserkaugusmoodik-ld-530-bt-0-05-m-200-m-stabila\/"]}]},{"@type":"ImageObject","inLanguage":"en-US","@id":"https:\/\/ranoja.ee\/toode\/laserkaugusmoodik-ld-530-bt-0-05-m-200-m-stabila\/#primaryimage","url":"https:\/\/ranoja.ee\/wp-content\/uploads\/2026\/03\/5638457499.jpg","contentUrl":"https:\/\/ranoja.ee\/wp-content\/uploads\/2026\/03\/5638457499.jpg","width":900,"height":549},{"@type":"BreadcrumbList","@id":"https:\/\/ranoja.ee\/toode\/laserkaugusmoodik-ld-530-bt-0-05-m-200-m-stabila\/#breadcrumb","itemListElement":[{"@type":"ListItem","position":1,"name":"Home","item":"https:\/\/ranoja.ee\/"},{"@type":"ListItem","position":2,"name":"Shop","item":"https:\/\/ranoja.ee\/en\/shop\/"},{"@type":"ListItem","position":3,"name":"Laserkaugusm\u00f5\u00f5dik LD 530 BT 0.05 m-200 m, Stabila"}]},{"@type":"WebSite","@id":"https:\/\/ranoja.ee\/#website","url":"https:\/\/ranoja.ee\/","name":"Ranoja","description":"Equipment Shop WooCommerce WordPress Theme for Machine &amp; Tools","publisher":{"@id":"https:\/\/ranoja.ee\/#organization"},"potentialAction":[{"@type":"SearchAction","target":{"@type":"EntryPoint","urlTemplate":"https:\/\/ranoja.ee\/?s={search_term_string}"},"query-input":{"@type":"PropertyValueSpecification","valueRequired":true,"valueName":"search_term_string"}}],"inLanguage":"en-US"},{"@type":"Organization","@id":"https:\/\/ranoja.ee\/#organization","name":"Ranoja O\u00dc","url":"https:\/\/ranoja.ee\/","logo":{"@type":"ImageObject","inLanguage":"en-US","@id":"https:\/\/ranoja.ee\/#\/schema\/logo\/image\/","url":"https:\/\/ranoja.ee\/wp-content\/uploads\/2023\/11\/ranoja-Logo.png","contentUrl":"https:\/\/ranoja.ee\/wp-content\/uploads\/2023\/11\/ranoja-Logo.png","width":207,"height":58,"caption":"Ranoja O\u00dc"},"image":{"@id":"https:\/\/ranoja.ee\/#\/schema\/logo\/image\/"},"sameAs":["https:\/\/www.facebook.com\/ranoja.ee","https:\/\/www.instagram.com\/ranoja__\/"]}]}},"_links":{"self":[{"href":"https:\/\/ranoja.ee\/en\/wp-json\/wp\/v2\/product\/61222","targetHints":{"allow":["GET"]}}],"collection":[{"href":"https:\/\/ranoja.ee\/en\/wp-json\/wp\/v2\/product"}],"about":[{"href":"https:\/\/ranoja.ee\/en\/wp-json\/wp\/v2\/types\/product"}],"wp:featuredmedia":[{"embeddable":true,"href":"https:\/\/ranoja.ee\/en\/wp-json\/wp\/v2\/media\/61223"}],"wp:attachment":[{"href":"https:\/\/ranoja.ee\/en\/wp-json\/wp\/v2\/media?parent=61222"}],"wp:term":[{"taxonomy":"product_cat","embeddable":true,"href":"https:\/\/ranoja.ee\/en\/wp-json\/wp\/v2\/product_cat?post=61222"},{"taxonomy":"product_tag","embeddable":true,"href":"https:\/\/ranoja.ee\/en\/wp-json\/wp\/v2\/product_tag?post=61222"}],"curies":[{"name":"wp","href":"https:\/\/api.w.org\/{rel}","templated":true}]}}