{"id":61220,"date":"2026-03-17T02:27:20","date_gmt":"2026-03-16T23:27:20","guid":{"rendered":"https:\/\/ranoja.ee\/toode\/mootorioli-all-fleet-extra-15w40-5l-valvoline-2\/"},"modified":"2026-03-17T15:37:13","modified_gmt":"2026-03-17T12:37:13","slug":"mootorioli-all-fleet-extra-15w40-5l-valvoline-2","status":"publish","type":"product","link":"https:\/\/ranoja.ee\/en\/toode\/mootorioli-all-fleet-extra-15w40-5l-valvoline-2\/","title":{"rendered":"Mootori\u00f5li All Fleet Extra 15W40 5L, Valvoline"},"content":{"rendered":"","protected":false},"excerpt":{"rendered":"<p>SHPD klassi mootori\u00f5li mis on v\u00e4ljat\u00f6\u00f6tatud kaasaegseimal tehnoloogial t\u00e4itmaks paljude juhtivate veokitootjate pika hooldev\u00e4lba n\u00f5udeid. Sobib nii vanematele kui ka kaasaegsete heitmenormiga veokitele milledel on SCR ja EGR heitgaasi j\u00e4relt\u00f6\u00f6tlus s\u00fcsteemid. Ei sobi DPF filtirga mootoritele.<br \/>\nAmetlikud heakskiidud:<br \/>\nDeutz DQC III-10<br \/>\nMAN 3275<br \/>\nMB-Approval 228.3<br \/>\nMTU Type 2<br \/>\nVolvo VDS-3<br \/>\nRenault RLD\/RLD-2<br \/>\nMack EO-N, EO-M Plus<br \/>\nT\u00e4idab ja \u00fcletab j\u00e4rgmiseid n\u00f5udeid ACEA E7<br \/>\nAPI CI-4, CF, SL<br \/>\nCummins CES 20076\/77\/78<br \/>\nCaterpillar ECF-2, ECF-1-a<br \/>\nGlobal DHD-1<br \/>\nDDC 93K215<\/p>\n","protected":false},"featured_media":61221,"template":"","meta":{"inline_featured_image":false},"product_cat":[5012,5325,5115],"product_tag":[],"class_list":{"0":"post-61220","1":"product","2":"type-product","3":"status-publish","4":"has-post-thumbnail","6":"product_brand-valvoline","7":"product_cat-olid-ja-maardeained","8":"product_cat-rasketehnika-mineraalsed-mootoriolid","9":"product_cat-rasketehnika-mootoriolid","11":"first","12":"instock","13":"purchasable","14":"product-type-simple"},"yoast_head":"<!-- This site is optimized with the Yoast SEO plugin v27.4 - https:\/\/yoast.com\/product\/yoast-seo-wordpress\/ -->\n<title>Mootori\u00f5li All Fleet Extra 15W40 5L, Valvoline - Ranoja<\/title>\n<meta name=\"robots\" content=\"index, follow, max-snippet:-1, max-image-preview:large, max-video-preview:-1\" \/>\n<link rel=\"canonical\" href=\"https:\/\/ranoja.ee\/toode\/mootorioli-all-fleet-extra-15w40-5l-valvoline-2\/\" \/>\n<meta property=\"og:locale\" content=\"en_US\" \/>\n<meta property=\"og:type\" content=\"article\" \/>\n<meta property=\"og:title\" content=\"Mootori\u00f5li All Fleet Extra 15W40 5L, Valvoline - Ranoja\" \/>\n<meta property=\"og:description\" content=\"SHPD klassi mootori\u00f5li mis on v\u00e4ljat\u00f6\u00f6tatud kaasaegseimal tehnoloogial t\u00e4itmaks paljude juhtivate veokitootjate pika hooldev\u00e4lba n\u00f5udeid. Sobib nii vanematele kui ka kaasaegsete heitmenormiga veokitele milledel on SCR ja EGR heitgaasi j\u00e4relt\u00f6\u00f6tlus s\u00fcsteemid. Ei sobi DPF filtirga mootoritele. Ametlikud heakskiidud: Deutz DQC III-10 MAN 3275 MB-Approval 228.3 MTU Type 2 Volvo VDS-3 Renault RLD\/RLD-2 Mack EO-N, EO-M Plus T\u00e4idab ja \u00fcletab j\u00e4rgmiseid n\u00f5udeid ACEA E7 API CI-4, CF, SL Cummins CES 20076\/77\/78 Caterpillar ECF-2, ECF-1-a Global DHD-1 DDC 93K215\" \/>\n<meta property=\"og:url\" content=\"https:\/\/ranoja.ee\/toode\/mootorioli-all-fleet-extra-15w40-5l-valvoline-2\/\" \/>\n<meta property=\"og:site_name\" content=\"Ranoja\" \/>\n<meta property=\"article:publisher\" content=\"https:\/\/www.facebook.com\/ranoja.ee\" \/>\n<meta property=\"article:modified_time\" content=\"2026-03-17T12:37:13+00:00\" \/>\n<meta property=\"og:image\" content=\"https:\/\/ranoja.ee\/wp-content\/uploads\/2026\/03\/5638744186.jpg\" \/>\n\t<meta property=\"og:image:width\" content=\"900\" \/>\n\t<meta property=\"og:image:height\" content=\"600\" \/>\n\t<meta property=\"og:image:type\" content=\"image\/jpeg\" \/>\n<meta name=\"twitter:card\" content=\"summary_large_image\" \/>\n<script type=\"application\/ld+json\" class=\"yoast-schema-graph\">{\"@context\":\"https:\\\/\\\/schema.org\",\"@graph\":[{\"@type\":\"WebPage\",\"@id\":\"https:\\\/\\\/ranoja.ee\\\/toode\\\/mootorioli-all-fleet-extra-15w40-5l-valvoline-2\\\/\",\"url\":\"https:\\\/\\\/ranoja.ee\\\/toode\\\/mootorioli-all-fleet-extra-15w40-5l-valvoline-2\\\/\",\"name\":\"Mootori\u00f5li All Fleet Extra 15W40 5L, Valvoline - Ranoja\",\"isPartOf\":{\"@id\":\"https:\\\/\\\/ranoja.ee\\\/#website\"},\"primaryImageOfPage\":{\"@id\":\"https:\\\/\\\/ranoja.ee\\\/toode\\\/mootorioli-all-fleet-extra-15w40-5l-valvoline-2\\\/#primaryimage\"},\"image\":{\"@id\":\"https:\\\/\\\/ranoja.ee\\\/toode\\\/mootorioli-all-fleet-extra-15w40-5l-valvoline-2\\\/#primaryimage\"},\"thumbnailUrl\":\"https:\\\/\\\/ranoja.ee\\\/wp-content\\\/uploads\\\/2026\\\/03\\\/5638744186.jpg\",\"datePublished\":\"2026-03-16T23:27:20+00:00\",\"dateModified\":\"2026-03-17T12:37:13+00:00\",\"breadcrumb\":{\"@id\":\"https:\\\/\\\/ranoja.ee\\\/toode\\\/mootorioli-all-fleet-extra-15w40-5l-valvoline-2\\\/#breadcrumb\"},\"inLanguage\":\"en-US\",\"potentialAction\":[{\"@type\":\"ReadAction\",\"target\":[\"https:\\\/\\\/ranoja.ee\\\/toode\\\/mootorioli-all-fleet-extra-15w40-5l-valvoline-2\\\/\"]}]},{\"@type\":\"ImageObject\",\"inLanguage\":\"en-US\",\"@id\":\"https:\\\/\\\/ranoja.ee\\\/toode\\\/mootorioli-all-fleet-extra-15w40-5l-valvoline-2\\\/#primaryimage\",\"url\":\"https:\\\/\\\/ranoja.ee\\\/wp-content\\\/uploads\\\/2026\\\/03\\\/5638744186.jpg\",\"contentUrl\":\"https:\\\/\\\/ranoja.ee\\\/wp-content\\\/uploads\\\/2026\\\/03\\\/5638744186.jpg\",\"width\":900,\"height\":600},{\"@type\":\"BreadcrumbList\",\"@id\":\"https:\\\/\\\/ranoja.ee\\\/toode\\\/mootorioli-all-fleet-extra-15w40-5l-valvoline-2\\\/#breadcrumb\",\"itemListElement\":[{\"@type\":\"ListItem\",\"position\":1,\"name\":\"Home\",\"item\":\"https:\\\/\\\/ranoja.ee\\\/\"},{\"@type\":\"ListItem\",\"position\":2,\"name\":\"Shop\",\"item\":\"https:\\\/\\\/ranoja.ee\\\/en\\\/shop\\\/\"},{\"@type\":\"ListItem\",\"position\":3,\"name\":\"Mootori\u00f5li All Fleet Extra 15W40 5L, Valvoline\"}]},{\"@type\":\"WebSite\",\"@id\":\"https:\\\/\\\/ranoja.ee\\\/#website\",\"url\":\"https:\\\/\\\/ranoja.ee\\\/\",\"name\":\"Ranoja\",\"description\":\"Equipment Shop WooCommerce WordPress Theme for Machine &amp; Tools\",\"publisher\":{\"@id\":\"https:\\\/\\\/ranoja.ee\\\/#organization\"},\"potentialAction\":[{\"@type\":\"SearchAction\",\"target\":{\"@type\":\"EntryPoint\",\"urlTemplate\":\"https:\\\/\\\/ranoja.ee\\\/?s={search_term_string}\"},\"query-input\":{\"@type\":\"PropertyValueSpecification\",\"valueRequired\":true,\"valueName\":\"search_term_string\"}}],\"inLanguage\":\"en-US\"},{\"@type\":\"Organization\",\"@id\":\"https:\\\/\\\/ranoja.ee\\\/#organization\",\"name\":\"Ranoja O\u00dc\",\"url\":\"https:\\\/\\\/ranoja.ee\\\/\",\"logo\":{\"@type\":\"ImageObject\",\"inLanguage\":\"en-US\",\"@id\":\"https:\\\/\\\/ranoja.ee\\\/#\\\/schema\\\/logo\\\/image\\\/\",\"url\":\"https:\\\/\\\/ranoja.ee\\\/wp-content\\\/uploads\\\/2023\\\/11\\\/ranoja-Logo.png\",\"contentUrl\":\"https:\\\/\\\/ranoja.ee\\\/wp-content\\\/uploads\\\/2023\\\/11\\\/ranoja-Logo.png\",\"width\":207,\"height\":58,\"caption\":\"Ranoja O\u00dc\"},\"image\":{\"@id\":\"https:\\\/\\\/ranoja.ee\\\/#\\\/schema\\\/logo\\\/image\\\/\"},\"sameAs\":[\"https:\\\/\\\/www.facebook.com\\\/ranoja.ee\",\"https:\\\/\\\/www.instagram.com\\\/ranoja__\\\/\"]}]}<\/script>\n<!-- \/ Yoast SEO plugin. -->","yoast_head_json":{"title":"Mootori\u00f5li All Fleet Extra 15W40 5L, Valvoline - Ranoja","robots":{"index":"index","follow":"follow","max-snippet":"max-snippet:-1","max-image-preview":"max-image-preview:large","max-video-preview":"max-video-preview:-1"},"canonical":"https:\/\/ranoja.ee\/toode\/mootorioli-all-fleet-extra-15w40-5l-valvoline-2\/","og_locale":"en_US","og_type":"article","og_title":"Mootori\u00f5li All Fleet Extra 15W40 5L, Valvoline - Ranoja","og_description":"SHPD klassi mootori\u00f5li mis on v\u00e4ljat\u00f6\u00f6tatud kaasaegseimal tehnoloogial t\u00e4itmaks paljude juhtivate veokitootjate pika hooldev\u00e4lba n\u00f5udeid. Sobib nii vanematele kui ka kaasaegsete heitmenormiga veokitele milledel on SCR ja EGR heitgaasi j\u00e4relt\u00f6\u00f6tlus s\u00fcsteemid. Ei sobi DPF filtirga mootoritele. Ametlikud heakskiidud: Deutz DQC III-10 MAN 3275 MB-Approval 228.3 MTU Type 2 Volvo VDS-3 Renault RLD\/RLD-2 Mack EO-N, EO-M Plus T\u00e4idab ja \u00fcletab j\u00e4rgmiseid n\u00f5udeid ACEA E7 API CI-4, CF, SL Cummins CES 20076\/77\/78 Caterpillar ECF-2, ECF-1-a Global DHD-1 DDC 93K215","og_url":"https:\/\/ranoja.ee\/toode\/mootorioli-all-fleet-extra-15w40-5l-valvoline-2\/","og_site_name":"Ranoja","article_publisher":"https:\/\/www.facebook.com\/ranoja.ee","article_modified_time":"2026-03-17T12:37:13+00:00","og_image":[{"width":900,"height":600,"url":"https:\/\/ranoja.ee\/wp-content\/uploads\/2026\/03\/5638744186.jpg","type":"image\/jpeg"}],"twitter_card":"summary_large_image","schema":{"@context":"https:\/\/schema.org","@graph":[{"@type":"WebPage","@id":"https:\/\/ranoja.ee\/toode\/mootorioli-all-fleet-extra-15w40-5l-valvoline-2\/","url":"https:\/\/ranoja.ee\/toode\/mootorioli-all-fleet-extra-15w40-5l-valvoline-2\/","name":"Mootori\u00f5li All Fleet Extra 15W40 5L, Valvoline - Ranoja","isPartOf":{"@id":"https:\/\/ranoja.ee\/#website"},"primaryImageOfPage":{"@id":"https:\/\/ranoja.ee\/toode\/mootorioli-all-fleet-extra-15w40-5l-valvoline-2\/#primaryimage"},"image":{"@id":"https:\/\/ranoja.ee\/toode\/mootorioli-all-fleet-extra-15w40-5l-valvoline-2\/#primaryimage"},"thumbnailUrl":"https:\/\/ranoja.ee\/wp-content\/uploads\/2026\/03\/5638744186.jpg","datePublished":"2026-03-16T23:27:20+00:00","dateModified":"2026-03-17T12:37:13+00:00","breadcrumb":{"@id":"https:\/\/ranoja.ee\/toode\/mootorioli-all-fleet-extra-15w40-5l-valvoline-2\/#breadcrumb"},"inLanguage":"en-US","potentialAction":[{"@type":"ReadAction","target":["https:\/\/ranoja.ee\/toode\/mootorioli-all-fleet-extra-15w40-5l-valvoline-2\/"]}]},{"@type":"ImageObject","inLanguage":"en-US","@id":"https:\/\/ranoja.ee\/toode\/mootorioli-all-fleet-extra-15w40-5l-valvoline-2\/#primaryimage","url":"https:\/\/ranoja.ee\/wp-content\/uploads\/2026\/03\/5638744186.jpg","contentUrl":"https:\/\/ranoja.ee\/wp-content\/uploads\/2026\/03\/5638744186.jpg","width":900,"height":600},{"@type":"BreadcrumbList","@id":"https:\/\/ranoja.ee\/toode\/mootorioli-all-fleet-extra-15w40-5l-valvoline-2\/#breadcrumb","itemListElement":[{"@type":"ListItem","position":1,"name":"Home","item":"https:\/\/ranoja.ee\/"},{"@type":"ListItem","position":2,"name":"Shop","item":"https:\/\/ranoja.ee\/en\/shop\/"},{"@type":"ListItem","position":3,"name":"Mootori\u00f5li All Fleet Extra 15W40 5L, Valvoline"}]},{"@type":"WebSite","@id":"https:\/\/ranoja.ee\/#website","url":"https:\/\/ranoja.ee\/","name":"Ranoja","description":"Equipment Shop WooCommerce WordPress Theme for Machine &amp; Tools","publisher":{"@id":"https:\/\/ranoja.ee\/#organization"},"potentialAction":[{"@type":"SearchAction","target":{"@type":"EntryPoint","urlTemplate":"https:\/\/ranoja.ee\/?s={search_term_string}"},"query-input":{"@type":"PropertyValueSpecification","valueRequired":true,"valueName":"search_term_string"}}],"inLanguage":"en-US"},{"@type":"Organization","@id":"https:\/\/ranoja.ee\/#organization","name":"Ranoja O\u00dc","url":"https:\/\/ranoja.ee\/","logo":{"@type":"ImageObject","inLanguage":"en-US","@id":"https:\/\/ranoja.ee\/#\/schema\/logo\/image\/","url":"https:\/\/ranoja.ee\/wp-content\/uploads\/2023\/11\/ranoja-Logo.png","contentUrl":"https:\/\/ranoja.ee\/wp-content\/uploads\/2023\/11\/ranoja-Logo.png","width":207,"height":58,"caption":"Ranoja O\u00dc"},"image":{"@id":"https:\/\/ranoja.ee\/#\/schema\/logo\/image\/"},"sameAs":["https:\/\/www.facebook.com\/ranoja.ee","https:\/\/www.instagram.com\/ranoja__\/"]}]}},"_links":{"self":[{"href":"https:\/\/ranoja.ee\/en\/wp-json\/wp\/v2\/product\/61220","targetHints":{"allow":["GET"]}}],"collection":[{"href":"https:\/\/ranoja.ee\/en\/wp-json\/wp\/v2\/product"}],"about":[{"href":"https:\/\/ranoja.ee\/en\/wp-json\/wp\/v2\/types\/product"}],"wp:featuredmedia":[{"embeddable":true,"href":"https:\/\/ranoja.ee\/en\/wp-json\/wp\/v2\/media\/61221"}],"wp:attachment":[{"href":"https:\/\/ranoja.ee\/en\/wp-json\/wp\/v2\/media?parent=61220"}],"wp:term":[{"taxonomy":"product_cat","embeddable":true,"href":"https:\/\/ranoja.ee\/en\/wp-json\/wp\/v2\/product_cat?post=61220"},{"taxonomy":"product_tag","embeddable":true,"href":"https:\/\/ranoja.ee\/en\/wp-json\/wp\/v2\/product_tag?post=61220"}],"curies":[{"name":"wp","href":"https:\/\/api.w.org\/{rel}","templated":true}]}}