{"id":61206,"date":"2026-03-17T02:27:20","date_gmt":"2026-03-16T23:27:20","guid":{"rendered":"https:\/\/ranoja.ee\/toode\/universaaloli-traktorile-stou-10w40-20l-valvoline\/"},"modified":"2026-03-17T15:37:13","modified_gmt":"2026-03-17T12:37:13","slug":"universaaloli-traktorile-stou-10w40-20l-valvoline","status":"publish","type":"product","link":"https:\/\/ranoja.ee\/en\/toode\/universaaloli-traktorile-stou-10w40-20l-valvoline\/","title":{"rendered":"Universaal\u00f5li traktorile Stou 10W40 20L, Valvoline"},"content":{"rendered":"","protected":false},"excerpt":{"rendered":"<p>Valvoline STOU on premiumklassi \u00f5li mis on spetsiaalselt v\u00e4lja<br \/>\nt\u00f6\u00f6tatud kasutamiseks p\u00f5llumajandusmasinate mootorites, j\u00f5u\u00fclekannetes, m\u00e4rgpidurites<br \/>\nja integreeritud h\u00fcdros\u00fcsteemides. STOU sobib kogu traktori \u00f5litamiseks, \u00f5li mitmek\u00fclgsed<br \/>\nomadused aitavad v\u00e4ltida v\u00e4\u00e4rkasutamist, v\u00f5imaldades piirata m\u00e4\u00e4rdeainete valikut, mida pead hoidma oma k\u00e4eulatuses. Spetsiaalne lisaainete valik annab \u00f5lile suurema voolavuse, kandes<br \/>\nj\u00f5u \u00fcle l\u00e4bi kogu s\u00fcsteemi ja tagades mootori \u00fchtlase t\u00f6\u00f6.<br \/>\nAPI CF-4\/SF, <br \/>\nAPI GL-4, <br \/>\nAllison C4, <br \/>\nCASE-IH MS-1204,6,7,9, <br \/>\nFord M2C134 A, 159B,159C, <br \/>\nFord NH 82009203, <br \/>\nJohn Deere J27, <br \/>\nMF M1144, M1145, <br \/>\nZF TE-ML-05K, 06B,06C 07B, 07D<\/p>\n","protected":false},"featured_media":61207,"template":"","meta":{"inline_featured_image":false},"product_cat":[5012,5125],"product_tag":[],"class_list":{"0":"post-61206","1":"product","2":"type-product","3":"status-publish","4":"has-post-thumbnail","6":"product_brand-valvoline","7":"product_cat-olid-ja-maardeained","8":"product_cat-traktoriolid","10":"first","11":"instock","12":"purchasable","13":"product-type-simple"},"yoast_head":"<!-- This site is optimized with the Yoast SEO plugin v27.4 - https:\/\/yoast.com\/product\/yoast-seo-wordpress\/ -->\n<title>Universaal\u00f5li traktorile Stou 10W40 20L, Valvoline - Ranoja<\/title>\n<meta name=\"robots\" content=\"index, follow, max-snippet:-1, max-image-preview:large, max-video-preview:-1\" \/>\n<link rel=\"canonical\" href=\"https:\/\/ranoja.ee\/toode\/universaaloli-traktorile-stou-10w40-20l-valvoline\/\" \/>\n<meta property=\"og:locale\" content=\"en_US\" \/>\n<meta property=\"og:type\" content=\"article\" \/>\n<meta property=\"og:title\" content=\"Universaal\u00f5li traktorile Stou 10W40 20L, Valvoline - Ranoja\" \/>\n<meta property=\"og:description\" content=\"Valvoline STOU on premiumklassi \u00f5li mis on spetsiaalselt v\u00e4lja t\u00f6\u00f6tatud kasutamiseks p\u00f5llumajandusmasinate mootorites, j\u00f5u\u00fclekannetes, m\u00e4rgpidurites ja integreeritud h\u00fcdros\u00fcsteemides. STOU sobib kogu traktori \u00f5litamiseks, \u00f5li mitmek\u00fclgsed omadused aitavad v\u00e4ltida v\u00e4\u00e4rkasutamist, v\u00f5imaldades piirata m\u00e4\u00e4rdeainete valikut, mida pead hoidma oma k\u00e4eulatuses. Spetsiaalne lisaainete valik annab \u00f5lile suurema voolavuse, kandes j\u00f5u \u00fcle l\u00e4bi kogu s\u00fcsteemi ja tagades mootori \u00fchtlase t\u00f6\u00f6. API CF-4\/SF, API GL-4, Allison C4, CASE-IH MS-1204,6,7,9, Ford M2C134 A, 159B,159C, Ford NH 82009203, John Deere J27, MF M1144, M1145, ZF TE-ML-05K, 06B,06C 07B, 07D\" \/>\n<meta property=\"og:url\" content=\"https:\/\/ranoja.ee\/toode\/universaaloli-traktorile-stou-10w40-20l-valvoline\/\" \/>\n<meta property=\"og:site_name\" content=\"Ranoja\" \/>\n<meta property=\"article:publisher\" content=\"https:\/\/www.facebook.com\/ranoja.ee\" \/>\n<meta property=\"article:modified_time\" content=\"2026-03-17T12:37:13+00:00\" \/>\n<meta property=\"og:image\" content=\"https:\/\/ranoja.ee\/wp-content\/uploads\/2026\/03\/140072892.jpg\" \/>\n\t<meta property=\"og:image:width\" content=\"900\" \/>\n\t<meta property=\"og:image:height\" content=\"751\" \/>\n\t<meta property=\"og:image:type\" content=\"image\/jpeg\" \/>\n<meta name=\"twitter:card\" content=\"summary_large_image\" \/>\n<script type=\"application\/ld+json\" class=\"yoast-schema-graph\">{\"@context\":\"https:\\\/\\\/schema.org\",\"@graph\":[{\"@type\":\"WebPage\",\"@id\":\"https:\\\/\\\/ranoja.ee\\\/toode\\\/universaaloli-traktorile-stou-10w40-20l-valvoline\\\/\",\"url\":\"https:\\\/\\\/ranoja.ee\\\/toode\\\/universaaloli-traktorile-stou-10w40-20l-valvoline\\\/\",\"name\":\"Universaal\u00f5li traktorile Stou 10W40 20L, Valvoline - Ranoja\",\"isPartOf\":{\"@id\":\"https:\\\/\\\/ranoja.ee\\\/#website\"},\"primaryImageOfPage\":{\"@id\":\"https:\\\/\\\/ranoja.ee\\\/toode\\\/universaaloli-traktorile-stou-10w40-20l-valvoline\\\/#primaryimage\"},\"image\":{\"@id\":\"https:\\\/\\\/ranoja.ee\\\/toode\\\/universaaloli-traktorile-stou-10w40-20l-valvoline\\\/#primaryimage\"},\"thumbnailUrl\":\"https:\\\/\\\/ranoja.ee\\\/wp-content\\\/uploads\\\/2026\\\/03\\\/140072892.jpg\",\"datePublished\":\"2026-03-16T23:27:20+00:00\",\"dateModified\":\"2026-03-17T12:37:13+00:00\",\"breadcrumb\":{\"@id\":\"https:\\\/\\\/ranoja.ee\\\/toode\\\/universaaloli-traktorile-stou-10w40-20l-valvoline\\\/#breadcrumb\"},\"inLanguage\":\"en-US\",\"potentialAction\":[{\"@type\":\"ReadAction\",\"target\":[\"https:\\\/\\\/ranoja.ee\\\/toode\\\/universaaloli-traktorile-stou-10w40-20l-valvoline\\\/\"]}]},{\"@type\":\"ImageObject\",\"inLanguage\":\"en-US\",\"@id\":\"https:\\\/\\\/ranoja.ee\\\/toode\\\/universaaloli-traktorile-stou-10w40-20l-valvoline\\\/#primaryimage\",\"url\":\"https:\\\/\\\/ranoja.ee\\\/wp-content\\\/uploads\\\/2026\\\/03\\\/140072892.jpg\",\"contentUrl\":\"https:\\\/\\\/ranoja.ee\\\/wp-content\\\/uploads\\\/2026\\\/03\\\/140072892.jpg\",\"width\":900,\"height\":751},{\"@type\":\"BreadcrumbList\",\"@id\":\"https:\\\/\\\/ranoja.ee\\\/toode\\\/universaaloli-traktorile-stou-10w40-20l-valvoline\\\/#breadcrumb\",\"itemListElement\":[{\"@type\":\"ListItem\",\"position\":1,\"name\":\"Home\",\"item\":\"https:\\\/\\\/ranoja.ee\\\/\"},{\"@type\":\"ListItem\",\"position\":2,\"name\":\"Shop\",\"item\":\"https:\\\/\\\/ranoja.ee\\\/en\\\/shop\\\/\"},{\"@type\":\"ListItem\",\"position\":3,\"name\":\"Universaal\u00f5li traktorile Stou 10W40 20L, Valvoline\"}]},{\"@type\":\"WebSite\",\"@id\":\"https:\\\/\\\/ranoja.ee\\\/#website\",\"url\":\"https:\\\/\\\/ranoja.ee\\\/\",\"name\":\"Ranoja\",\"description\":\"Equipment Shop WooCommerce WordPress Theme for Machine &amp; Tools\",\"publisher\":{\"@id\":\"https:\\\/\\\/ranoja.ee\\\/#organization\"},\"potentialAction\":[{\"@type\":\"SearchAction\",\"target\":{\"@type\":\"EntryPoint\",\"urlTemplate\":\"https:\\\/\\\/ranoja.ee\\\/?s={search_term_string}\"},\"query-input\":{\"@type\":\"PropertyValueSpecification\",\"valueRequired\":true,\"valueName\":\"search_term_string\"}}],\"inLanguage\":\"en-US\"},{\"@type\":\"Organization\",\"@id\":\"https:\\\/\\\/ranoja.ee\\\/#organization\",\"name\":\"Ranoja O\u00dc\",\"url\":\"https:\\\/\\\/ranoja.ee\\\/\",\"logo\":{\"@type\":\"ImageObject\",\"inLanguage\":\"en-US\",\"@id\":\"https:\\\/\\\/ranoja.ee\\\/#\\\/schema\\\/logo\\\/image\\\/\",\"url\":\"https:\\\/\\\/ranoja.ee\\\/wp-content\\\/uploads\\\/2023\\\/11\\\/ranoja-Logo.png\",\"contentUrl\":\"https:\\\/\\\/ranoja.ee\\\/wp-content\\\/uploads\\\/2023\\\/11\\\/ranoja-Logo.png\",\"width\":207,\"height\":58,\"caption\":\"Ranoja O\u00dc\"},\"image\":{\"@id\":\"https:\\\/\\\/ranoja.ee\\\/#\\\/schema\\\/logo\\\/image\\\/\"},\"sameAs\":[\"https:\\\/\\\/www.facebook.com\\\/ranoja.ee\",\"https:\\\/\\\/www.instagram.com\\\/ranoja__\\\/\"]}]}<\/script>\n<!-- \/ Yoast SEO plugin. -->","yoast_head_json":{"title":"Universaal\u00f5li traktorile Stou 10W40 20L, Valvoline - Ranoja","robots":{"index":"index","follow":"follow","max-snippet":"max-snippet:-1","max-image-preview":"max-image-preview:large","max-video-preview":"max-video-preview:-1"},"canonical":"https:\/\/ranoja.ee\/toode\/universaaloli-traktorile-stou-10w40-20l-valvoline\/","og_locale":"en_US","og_type":"article","og_title":"Universaal\u00f5li traktorile Stou 10W40 20L, Valvoline - Ranoja","og_description":"Valvoline STOU on premiumklassi \u00f5li mis on spetsiaalselt v\u00e4lja t\u00f6\u00f6tatud kasutamiseks p\u00f5llumajandusmasinate mootorites, j\u00f5u\u00fclekannetes, m\u00e4rgpidurites ja integreeritud h\u00fcdros\u00fcsteemides. STOU sobib kogu traktori \u00f5litamiseks, \u00f5li mitmek\u00fclgsed omadused aitavad v\u00e4ltida v\u00e4\u00e4rkasutamist, v\u00f5imaldades piirata m\u00e4\u00e4rdeainete valikut, mida pead hoidma oma k\u00e4eulatuses. Spetsiaalne lisaainete valik annab \u00f5lile suurema voolavuse, kandes j\u00f5u \u00fcle l\u00e4bi kogu s\u00fcsteemi ja tagades mootori \u00fchtlase t\u00f6\u00f6. API CF-4\/SF, API GL-4, Allison C4, CASE-IH MS-1204,6,7,9, Ford M2C134 A, 159B,159C, Ford NH 82009203, John Deere J27, MF M1144, M1145, ZF TE-ML-05K, 06B,06C 07B, 07D","og_url":"https:\/\/ranoja.ee\/toode\/universaaloli-traktorile-stou-10w40-20l-valvoline\/","og_site_name":"Ranoja","article_publisher":"https:\/\/www.facebook.com\/ranoja.ee","article_modified_time":"2026-03-17T12:37:13+00:00","og_image":[{"width":900,"height":751,"url":"https:\/\/ranoja.ee\/wp-content\/uploads\/2026\/03\/140072892.jpg","type":"image\/jpeg"}],"twitter_card":"summary_large_image","schema":{"@context":"https:\/\/schema.org","@graph":[{"@type":"WebPage","@id":"https:\/\/ranoja.ee\/toode\/universaaloli-traktorile-stou-10w40-20l-valvoline\/","url":"https:\/\/ranoja.ee\/toode\/universaaloli-traktorile-stou-10w40-20l-valvoline\/","name":"Universaal\u00f5li traktorile Stou 10W40 20L, Valvoline - Ranoja","isPartOf":{"@id":"https:\/\/ranoja.ee\/#website"},"primaryImageOfPage":{"@id":"https:\/\/ranoja.ee\/toode\/universaaloli-traktorile-stou-10w40-20l-valvoline\/#primaryimage"},"image":{"@id":"https:\/\/ranoja.ee\/toode\/universaaloli-traktorile-stou-10w40-20l-valvoline\/#primaryimage"},"thumbnailUrl":"https:\/\/ranoja.ee\/wp-content\/uploads\/2026\/03\/140072892.jpg","datePublished":"2026-03-16T23:27:20+00:00","dateModified":"2026-03-17T12:37:13+00:00","breadcrumb":{"@id":"https:\/\/ranoja.ee\/toode\/universaaloli-traktorile-stou-10w40-20l-valvoline\/#breadcrumb"},"inLanguage":"en-US","potentialAction":[{"@type":"ReadAction","target":["https:\/\/ranoja.ee\/toode\/universaaloli-traktorile-stou-10w40-20l-valvoline\/"]}]},{"@type":"ImageObject","inLanguage":"en-US","@id":"https:\/\/ranoja.ee\/toode\/universaaloli-traktorile-stou-10w40-20l-valvoline\/#primaryimage","url":"https:\/\/ranoja.ee\/wp-content\/uploads\/2026\/03\/140072892.jpg","contentUrl":"https:\/\/ranoja.ee\/wp-content\/uploads\/2026\/03\/140072892.jpg","width":900,"height":751},{"@type":"BreadcrumbList","@id":"https:\/\/ranoja.ee\/toode\/universaaloli-traktorile-stou-10w40-20l-valvoline\/#breadcrumb","itemListElement":[{"@type":"ListItem","position":1,"name":"Home","item":"https:\/\/ranoja.ee\/"},{"@type":"ListItem","position":2,"name":"Shop","item":"https:\/\/ranoja.ee\/en\/shop\/"},{"@type":"ListItem","position":3,"name":"Universaal\u00f5li traktorile Stou 10W40 20L, Valvoline"}]},{"@type":"WebSite","@id":"https:\/\/ranoja.ee\/#website","url":"https:\/\/ranoja.ee\/","name":"Ranoja","description":"Equipment Shop WooCommerce WordPress Theme for Machine &amp; Tools","publisher":{"@id":"https:\/\/ranoja.ee\/#organization"},"potentialAction":[{"@type":"SearchAction","target":{"@type":"EntryPoint","urlTemplate":"https:\/\/ranoja.ee\/?s={search_term_string}"},"query-input":{"@type":"PropertyValueSpecification","valueRequired":true,"valueName":"search_term_string"}}],"inLanguage":"en-US"},{"@type":"Organization","@id":"https:\/\/ranoja.ee\/#organization","name":"Ranoja O\u00dc","url":"https:\/\/ranoja.ee\/","logo":{"@type":"ImageObject","inLanguage":"en-US","@id":"https:\/\/ranoja.ee\/#\/schema\/logo\/image\/","url":"https:\/\/ranoja.ee\/wp-content\/uploads\/2023\/11\/ranoja-Logo.png","contentUrl":"https:\/\/ranoja.ee\/wp-content\/uploads\/2023\/11\/ranoja-Logo.png","width":207,"height":58,"caption":"Ranoja O\u00dc"},"image":{"@id":"https:\/\/ranoja.ee\/#\/schema\/logo\/image\/"},"sameAs":["https:\/\/www.facebook.com\/ranoja.ee","https:\/\/www.instagram.com\/ranoja__\/"]}]}},"_links":{"self":[{"href":"https:\/\/ranoja.ee\/en\/wp-json\/wp\/v2\/product\/61206","targetHints":{"allow":["GET"]}}],"collection":[{"href":"https:\/\/ranoja.ee\/en\/wp-json\/wp\/v2\/product"}],"about":[{"href":"https:\/\/ranoja.ee\/en\/wp-json\/wp\/v2\/types\/product"}],"wp:featuredmedia":[{"embeddable":true,"href":"https:\/\/ranoja.ee\/en\/wp-json\/wp\/v2\/media\/61207"}],"wp:attachment":[{"href":"https:\/\/ranoja.ee\/en\/wp-json\/wp\/v2\/media?parent=61206"}],"wp:term":[{"taxonomy":"product_cat","embeddable":true,"href":"https:\/\/ranoja.ee\/en\/wp-json\/wp\/v2\/product_cat?post=61206"},{"taxonomy":"product_tag","embeddable":true,"href":"https:\/\/ranoja.ee\/en\/wp-json\/wp\/v2\/product_tag?post=61206"}],"curies":[{"name":"wp","href":"https:\/\/api.w.org\/{rel}","templated":true}]}}