{"id":61174,"date":"2026-03-17T02:26:58","date_gmt":"2026-03-16T23:26:58","guid":{"rendered":"https:\/\/ranoja.ee\/toode\/juhtpinnaoli-liugpinnaoli-velol-rc-68-205l-orlen-oil\/"},"modified":"2026-03-17T15:37:14","modified_gmt":"2026-03-17T12:37:14","slug":"juhtpinnaoli-liugpinnaoli-velol-rc-68-205l-orlen-oil","status":"publish","type":"product","link":"https:\/\/ranoja.ee\/en\/toode\/juhtpinnaoli-liugpinnaoli-velol-rc-68-205l-orlen-oil\/","title":{"rendered":"Juhtpinna\u00f5li\/liugpinna\u00f5li Velol RC 68 205L, Orlen Oil"},"content":{"rendered":"","protected":false},"excerpt":{"rendered":"<p>Juhtpinna\/liugpinna\u00f5li on m\u00f5eldud kasutamiseks erinevatel liugpindadel. \u00d5li sisaldab erinevaid  tuhavabu lisandeid, mis parandavad m\u00e4\u00e4rimist\/libisemist ja hoivad \u00e4ra korrosiooni tekke. Sisaldab samuti vahutamisvastaseid ja demulgeerivaid lisandeid.<br \/>\nRC 32 ja RC 68 m\u00f5eldud kasutamiseks horisontaalsetel liugpindadel m\u00f5\u00f5dukate temperatuuride ja keskmise koormatavuse juures.<br \/>\nRC 220 on m\u00f5eldud kasutamiseks vertikaalsetel liugpindadel k\u00f5rgete temperatuuride ja k\u00f5rge koormatavuse juures.<br \/>\nSpetsifikatsioonid:<br \/>\n&#8211; ANFOR E60.200; DIN 51502 class CG; CGLP;<br \/>\n&#8211; ISO\/T.R3498: 1996 class G<br \/>\nTootjate heakskiidud:<br \/>\nCINCINNATI-MILACRON:<br \/>\n&#8211; RC 32 oil &#8211; Cincinnati Milacron P-53,<br \/>\n&#8211; RC 68 oil &#8211; Cincinnati Milacron P-47,<br \/>\n&#8211; RC 220 oil &#8211; Cincinnati Milacron P-50,<\/p>\n","protected":false},"featured_media":61175,"template":"","meta":{"inline_featured_image":false},"product_cat":[5445,5012,5093],"product_tag":[],"class_list":{"0":"post-61174","1":"product","2":"type-product","3":"status-publish","4":"has-post-thumbnail","6":"product_brand-orlen-oil","7":"product_cat-liugpinna-ja-hammasulekandeolid","8":"product_cat-olid-ja-maardeained","9":"product_cat-toostusolid","11":"first","12":"instock","13":"purchasable","14":"product-type-simple"},"yoast_head":"<!-- This site is optimized with the Yoast SEO plugin v27.4 - https:\/\/yoast.com\/product\/yoast-seo-wordpress\/ -->\n<title>Juhtpinna\u00f5li\/liugpinna\u00f5li Velol RC 68 205L, Orlen Oil - Ranoja<\/title>\n<meta name=\"robots\" content=\"index, follow, max-snippet:-1, max-image-preview:large, max-video-preview:-1\" \/>\n<link rel=\"canonical\" href=\"https:\/\/ranoja.ee\/toode\/juhtpinnaoli-liugpinnaoli-velol-rc-68-205l-orlen-oil\/\" \/>\n<meta property=\"og:locale\" content=\"en_US\" \/>\n<meta property=\"og:type\" content=\"article\" \/>\n<meta property=\"og:title\" content=\"Juhtpinna\u00f5li\/liugpinna\u00f5li Velol RC 68 205L, Orlen Oil - Ranoja\" \/>\n<meta property=\"og:description\" content=\"Juhtpinna\/liugpinna\u00f5li on m\u00f5eldud kasutamiseks erinevatel liugpindadel. \u00d5li sisaldab erinevaid tuhavabu lisandeid, mis parandavad m\u00e4\u00e4rimist\/libisemist ja hoivad \u00e4ra korrosiooni tekke. Sisaldab samuti vahutamisvastaseid ja demulgeerivaid lisandeid. RC 32 ja RC 68 m\u00f5eldud kasutamiseks horisontaalsetel liugpindadel m\u00f5\u00f5dukate temperatuuride ja keskmise koormatavuse juures. RC 220 on m\u00f5eldud kasutamiseks vertikaalsetel liugpindadel k\u00f5rgete temperatuuride ja k\u00f5rge koormatavuse juures. Spetsifikatsioonid: - ANFOR E60.200; DIN 51502 class CG; CGLP; - ISO\/T.R3498: 1996 class G Tootjate heakskiidud: CINCINNATI-MILACRON: - RC 32 oil - Cincinnati Milacron P-53, - RC 68 oil - Cincinnati Milacron P-47, - RC 220 oil - Cincinnati Milacron P-50,\" \/>\n<meta property=\"og:url\" content=\"https:\/\/ranoja.ee\/toode\/juhtpinnaoli-liugpinnaoli-velol-rc-68-205l-orlen-oil\/\" \/>\n<meta property=\"og:site_name\" content=\"Ranoja\" \/>\n<meta property=\"article:publisher\" content=\"https:\/\/www.facebook.com\/ranoja.ee\" \/>\n<meta property=\"article:modified_time\" content=\"2026-03-17T12:37:14+00:00\" \/>\n<meta property=\"og:image\" content=\"https:\/\/ranoja.ee\/wp-content\/uploads\/2026\/03\/5637748158.jpg\" \/>\n\t<meta property=\"og:image:width\" content=\"474\" \/>\n\t<meta property=\"og:image:height\" content=\"713\" \/>\n\t<meta property=\"og:image:type\" content=\"image\/jpeg\" \/>\n<meta name=\"twitter:card\" content=\"summary_large_image\" \/>\n<script type=\"application\/ld+json\" class=\"yoast-schema-graph\">{\"@context\":\"https:\\\/\\\/schema.org\",\"@graph\":[{\"@type\":\"WebPage\",\"@id\":\"https:\\\/\\\/ranoja.ee\\\/toode\\\/juhtpinnaoli-liugpinnaoli-velol-rc-68-205l-orlen-oil\\\/\",\"url\":\"https:\\\/\\\/ranoja.ee\\\/toode\\\/juhtpinnaoli-liugpinnaoli-velol-rc-68-205l-orlen-oil\\\/\",\"name\":\"Juhtpinna\u00f5li\\\/liugpinna\u00f5li Velol RC 68 205L, Orlen Oil - Ranoja\",\"isPartOf\":{\"@id\":\"https:\\\/\\\/ranoja.ee\\\/#website\"},\"primaryImageOfPage\":{\"@id\":\"https:\\\/\\\/ranoja.ee\\\/toode\\\/juhtpinnaoli-liugpinnaoli-velol-rc-68-205l-orlen-oil\\\/#primaryimage\"},\"image\":{\"@id\":\"https:\\\/\\\/ranoja.ee\\\/toode\\\/juhtpinnaoli-liugpinnaoli-velol-rc-68-205l-orlen-oil\\\/#primaryimage\"},\"thumbnailUrl\":\"https:\\\/\\\/ranoja.ee\\\/wp-content\\\/uploads\\\/2026\\\/03\\\/5637748158.jpg\",\"datePublished\":\"2026-03-16T23:26:58+00:00\",\"dateModified\":\"2026-03-17T12:37:14+00:00\",\"breadcrumb\":{\"@id\":\"https:\\\/\\\/ranoja.ee\\\/toode\\\/juhtpinnaoli-liugpinnaoli-velol-rc-68-205l-orlen-oil\\\/#breadcrumb\"},\"inLanguage\":\"en-US\",\"potentialAction\":[{\"@type\":\"ReadAction\",\"target\":[\"https:\\\/\\\/ranoja.ee\\\/toode\\\/juhtpinnaoli-liugpinnaoli-velol-rc-68-205l-orlen-oil\\\/\"]}]},{\"@type\":\"ImageObject\",\"inLanguage\":\"en-US\",\"@id\":\"https:\\\/\\\/ranoja.ee\\\/toode\\\/juhtpinnaoli-liugpinnaoli-velol-rc-68-205l-orlen-oil\\\/#primaryimage\",\"url\":\"https:\\\/\\\/ranoja.ee\\\/wp-content\\\/uploads\\\/2026\\\/03\\\/5637748158.jpg\",\"contentUrl\":\"https:\\\/\\\/ranoja.ee\\\/wp-content\\\/uploads\\\/2026\\\/03\\\/5637748158.jpg\",\"width\":474,\"height\":713},{\"@type\":\"BreadcrumbList\",\"@id\":\"https:\\\/\\\/ranoja.ee\\\/toode\\\/juhtpinnaoli-liugpinnaoli-velol-rc-68-205l-orlen-oil\\\/#breadcrumb\",\"itemListElement\":[{\"@type\":\"ListItem\",\"position\":1,\"name\":\"Home\",\"item\":\"https:\\\/\\\/ranoja.ee\\\/\"},{\"@type\":\"ListItem\",\"position\":2,\"name\":\"Shop\",\"item\":\"https:\\\/\\\/ranoja.ee\\\/en\\\/shop\\\/\"},{\"@type\":\"ListItem\",\"position\":3,\"name\":\"Juhtpinna\u00f5li\\\/liugpinna\u00f5li Velol RC 68 205L, Orlen Oil\"}]},{\"@type\":\"WebSite\",\"@id\":\"https:\\\/\\\/ranoja.ee\\\/#website\",\"url\":\"https:\\\/\\\/ranoja.ee\\\/\",\"name\":\"Ranoja\",\"description\":\"Equipment Shop WooCommerce WordPress Theme for Machine &amp; Tools\",\"publisher\":{\"@id\":\"https:\\\/\\\/ranoja.ee\\\/#organization\"},\"potentialAction\":[{\"@type\":\"SearchAction\",\"target\":{\"@type\":\"EntryPoint\",\"urlTemplate\":\"https:\\\/\\\/ranoja.ee\\\/?s={search_term_string}\"},\"query-input\":{\"@type\":\"PropertyValueSpecification\",\"valueRequired\":true,\"valueName\":\"search_term_string\"}}],\"inLanguage\":\"en-US\"},{\"@type\":\"Organization\",\"@id\":\"https:\\\/\\\/ranoja.ee\\\/#organization\",\"name\":\"Ranoja O\u00dc\",\"url\":\"https:\\\/\\\/ranoja.ee\\\/\",\"logo\":{\"@type\":\"ImageObject\",\"inLanguage\":\"en-US\",\"@id\":\"https:\\\/\\\/ranoja.ee\\\/#\\\/schema\\\/logo\\\/image\\\/\",\"url\":\"https:\\\/\\\/ranoja.ee\\\/wp-content\\\/uploads\\\/2023\\\/11\\\/ranoja-Logo.png\",\"contentUrl\":\"https:\\\/\\\/ranoja.ee\\\/wp-content\\\/uploads\\\/2023\\\/11\\\/ranoja-Logo.png\",\"width\":207,\"height\":58,\"caption\":\"Ranoja O\u00dc\"},\"image\":{\"@id\":\"https:\\\/\\\/ranoja.ee\\\/#\\\/schema\\\/logo\\\/image\\\/\"},\"sameAs\":[\"https:\\\/\\\/www.facebook.com\\\/ranoja.ee\",\"https:\\\/\\\/www.instagram.com\\\/ranoja__\\\/\"]}]}<\/script>\n<!-- \/ Yoast SEO plugin. -->","yoast_head_json":{"title":"Juhtpinna\u00f5li\/liugpinna\u00f5li Velol RC 68 205L, Orlen Oil - Ranoja","robots":{"index":"index","follow":"follow","max-snippet":"max-snippet:-1","max-image-preview":"max-image-preview:large","max-video-preview":"max-video-preview:-1"},"canonical":"https:\/\/ranoja.ee\/toode\/juhtpinnaoli-liugpinnaoli-velol-rc-68-205l-orlen-oil\/","og_locale":"en_US","og_type":"article","og_title":"Juhtpinna\u00f5li\/liugpinna\u00f5li Velol RC 68 205L, Orlen Oil - Ranoja","og_description":"Juhtpinna\/liugpinna\u00f5li on m\u00f5eldud kasutamiseks erinevatel liugpindadel. \u00d5li sisaldab erinevaid tuhavabu lisandeid, mis parandavad m\u00e4\u00e4rimist\/libisemist ja hoivad \u00e4ra korrosiooni tekke. Sisaldab samuti vahutamisvastaseid ja demulgeerivaid lisandeid. RC 32 ja RC 68 m\u00f5eldud kasutamiseks horisontaalsetel liugpindadel m\u00f5\u00f5dukate temperatuuride ja keskmise koormatavuse juures. RC 220 on m\u00f5eldud kasutamiseks vertikaalsetel liugpindadel k\u00f5rgete temperatuuride ja k\u00f5rge koormatavuse juures. Spetsifikatsioonid: - ANFOR E60.200; DIN 51502 class CG; CGLP; - ISO\/T.R3498: 1996 class G Tootjate heakskiidud: CINCINNATI-MILACRON: - RC 32 oil - Cincinnati Milacron P-53, - RC 68 oil - Cincinnati Milacron P-47, - RC 220 oil - Cincinnati Milacron P-50,","og_url":"https:\/\/ranoja.ee\/toode\/juhtpinnaoli-liugpinnaoli-velol-rc-68-205l-orlen-oil\/","og_site_name":"Ranoja","article_publisher":"https:\/\/www.facebook.com\/ranoja.ee","article_modified_time":"2026-03-17T12:37:14+00:00","og_image":[{"width":474,"height":713,"url":"https:\/\/ranoja.ee\/wp-content\/uploads\/2026\/03\/5637748158.jpg","type":"image\/jpeg"}],"twitter_card":"summary_large_image","schema":{"@context":"https:\/\/schema.org","@graph":[{"@type":"WebPage","@id":"https:\/\/ranoja.ee\/toode\/juhtpinnaoli-liugpinnaoli-velol-rc-68-205l-orlen-oil\/","url":"https:\/\/ranoja.ee\/toode\/juhtpinnaoli-liugpinnaoli-velol-rc-68-205l-orlen-oil\/","name":"Juhtpinna\u00f5li\/liugpinna\u00f5li Velol RC 68 205L, Orlen Oil - Ranoja","isPartOf":{"@id":"https:\/\/ranoja.ee\/#website"},"primaryImageOfPage":{"@id":"https:\/\/ranoja.ee\/toode\/juhtpinnaoli-liugpinnaoli-velol-rc-68-205l-orlen-oil\/#primaryimage"},"image":{"@id":"https:\/\/ranoja.ee\/toode\/juhtpinnaoli-liugpinnaoli-velol-rc-68-205l-orlen-oil\/#primaryimage"},"thumbnailUrl":"https:\/\/ranoja.ee\/wp-content\/uploads\/2026\/03\/5637748158.jpg","datePublished":"2026-03-16T23:26:58+00:00","dateModified":"2026-03-17T12:37:14+00:00","breadcrumb":{"@id":"https:\/\/ranoja.ee\/toode\/juhtpinnaoli-liugpinnaoli-velol-rc-68-205l-orlen-oil\/#breadcrumb"},"inLanguage":"en-US","potentialAction":[{"@type":"ReadAction","target":["https:\/\/ranoja.ee\/toode\/juhtpinnaoli-liugpinnaoli-velol-rc-68-205l-orlen-oil\/"]}]},{"@type":"ImageObject","inLanguage":"en-US","@id":"https:\/\/ranoja.ee\/toode\/juhtpinnaoli-liugpinnaoli-velol-rc-68-205l-orlen-oil\/#primaryimage","url":"https:\/\/ranoja.ee\/wp-content\/uploads\/2026\/03\/5637748158.jpg","contentUrl":"https:\/\/ranoja.ee\/wp-content\/uploads\/2026\/03\/5637748158.jpg","width":474,"height":713},{"@type":"BreadcrumbList","@id":"https:\/\/ranoja.ee\/toode\/juhtpinnaoli-liugpinnaoli-velol-rc-68-205l-orlen-oil\/#breadcrumb","itemListElement":[{"@type":"ListItem","position":1,"name":"Home","item":"https:\/\/ranoja.ee\/"},{"@type":"ListItem","position":2,"name":"Shop","item":"https:\/\/ranoja.ee\/en\/shop\/"},{"@type":"ListItem","position":3,"name":"Juhtpinna\u00f5li\/liugpinna\u00f5li Velol RC 68 205L, Orlen Oil"}]},{"@type":"WebSite","@id":"https:\/\/ranoja.ee\/#website","url":"https:\/\/ranoja.ee\/","name":"Ranoja","description":"Equipment Shop WooCommerce WordPress Theme for Machine &amp; Tools","publisher":{"@id":"https:\/\/ranoja.ee\/#organization"},"potentialAction":[{"@type":"SearchAction","target":{"@type":"EntryPoint","urlTemplate":"https:\/\/ranoja.ee\/?s={search_term_string}"},"query-input":{"@type":"PropertyValueSpecification","valueRequired":true,"valueName":"search_term_string"}}],"inLanguage":"en-US"},{"@type":"Organization","@id":"https:\/\/ranoja.ee\/#organization","name":"Ranoja O\u00dc","url":"https:\/\/ranoja.ee\/","logo":{"@type":"ImageObject","inLanguage":"en-US","@id":"https:\/\/ranoja.ee\/#\/schema\/logo\/image\/","url":"https:\/\/ranoja.ee\/wp-content\/uploads\/2023\/11\/ranoja-Logo.png","contentUrl":"https:\/\/ranoja.ee\/wp-content\/uploads\/2023\/11\/ranoja-Logo.png","width":207,"height":58,"caption":"Ranoja O\u00dc"},"image":{"@id":"https:\/\/ranoja.ee\/#\/schema\/logo\/image\/"},"sameAs":["https:\/\/www.facebook.com\/ranoja.ee","https:\/\/www.instagram.com\/ranoja__\/"]}]}},"_links":{"self":[{"href":"https:\/\/ranoja.ee\/en\/wp-json\/wp\/v2\/product\/61174","targetHints":{"allow":["GET"]}}],"collection":[{"href":"https:\/\/ranoja.ee\/en\/wp-json\/wp\/v2\/product"}],"about":[{"href":"https:\/\/ranoja.ee\/en\/wp-json\/wp\/v2\/types\/product"}],"wp:featuredmedia":[{"embeddable":true,"href":"https:\/\/ranoja.ee\/en\/wp-json\/wp\/v2\/media\/61175"}],"wp:attachment":[{"href":"https:\/\/ranoja.ee\/en\/wp-json\/wp\/v2\/media?parent=61174"}],"wp:term":[{"taxonomy":"product_cat","embeddable":true,"href":"https:\/\/ranoja.ee\/en\/wp-json\/wp\/v2\/product_cat?post=61174"},{"taxonomy":"product_tag","embeddable":true,"href":"https:\/\/ranoja.ee\/en\/wp-json\/wp\/v2\/product_tag?post=61174"}],"curies":[{"name":"wp","href":"https:\/\/api.w.org\/{rel}","templated":true}]}}