{"id":61166,"date":"2026-03-17T02:26:58","date_gmt":"2026-03-16T23:26:58","guid":{"rendered":"https:\/\/ranoja.ee\/toode\/laseri-vastuvotja-rec-500-rg-stabila\/"},"modified":"2026-03-17T15:37:15","modified_gmt":"2026-03-17T12:37:15","slug":"laseri-vastuvotja-rec-500-rg-stabila","status":"publish","type":"product","link":"https:\/\/ranoja.ee\/en\/toode\/laseri-vastuvotja-rec-500-rg-stabila\/","title":{"rendered":"Laseri vastuv\u00f5tja REC 500 RG, Stabila"},"content":{"rendered":"","protected":false},"excerpt":{"rendered":"<p>* Universaalne vastuv\u00f5tja punase v\u00f5i rohelise, p\u00f6\u00f6rd- v\u00f5i joonlaseri jaoks.<br \/>\n* Kahepoolne valgustusega digitaalne ekraan.<br \/>\n* Akustiline ja visuaalne tagasiside.<br \/>\n* Optimaalselt kaitstud vihma ja tolmu eest (kaitseklass IP 67)<br \/>\n* Erinevad kinnitusv\u00f5imalused t\u00e4nu kronsteinile ja integreeritud magnet<br \/>\ns\u00fcsteemile.<\/p>\n<p>T\u00f6\u00f6tab stabila laseritega: FLS 90, LAX 300, LAX 400, LA 180 L, LAR 160 (G), LAR 300, LAR 350.<\/p>\n","protected":false},"featured_media":61167,"template":"","meta":{"inline_featured_image":false},"product_cat":[5444,5099,5331],"product_tag":[],"class_list":{"0":"post-61166","1":"product","2":"type-product","3":"status-publish","4":"has-post-thumbnail","6":"product_brand-stabila","7":"product_cat-lasernivelliiride-vastuvotjad","8":"product_cat-marke-ja-mooteriistad","9":"product_cat-nivelliirid","11":"first","12":"outofstock","13":"purchasable","14":"product-type-simple"},"yoast_head":"<!-- This site is optimized with the Yoast SEO plugin v27.4 - https:\/\/yoast.com\/product\/yoast-seo-wordpress\/ -->\n<title>Laseri vastuv\u00f5tja REC 500 RG, Stabila - Ranoja<\/title>\n<meta name=\"robots\" content=\"index, follow, max-snippet:-1, max-image-preview:large, max-video-preview:-1\" \/>\n<link rel=\"canonical\" href=\"https:\/\/ranoja.ee\/toode\/laseri-vastuvotja-rec-500-rg-stabila\/\" \/>\n<meta property=\"og:locale\" content=\"en_US\" \/>\n<meta property=\"og:type\" content=\"article\" \/>\n<meta property=\"og:title\" content=\"Laseri vastuv\u00f5tja REC 500 RG, Stabila - Ranoja\" \/>\n<meta property=\"og:description\" content=\"* Universaalne vastuv\u00f5tja punase v\u00f5i rohelise, p\u00f6\u00f6rd- v\u00f5i joonlaseri jaoks. * Kahepoolne valgustusega digitaalne ekraan. * Akustiline ja visuaalne tagasiside. * Optimaalselt kaitstud vihma ja tolmu eest (kaitseklass IP 67) * Erinevad kinnitusv\u00f5imalused t\u00e4nu kronsteinile ja integreeritud magnet s\u00fcsteemile. T\u00f6\u00f6tab stabila laseritega: FLS 90, LAX 300, LAX 400, LA 180 L, LAR 160 (G), LAR 300, LAR 350.\" \/>\n<meta property=\"og:url\" content=\"https:\/\/ranoja.ee\/toode\/laseri-vastuvotja-rec-500-rg-stabila\/\" \/>\n<meta property=\"og:site_name\" content=\"Ranoja\" \/>\n<meta property=\"article:publisher\" content=\"https:\/\/www.facebook.com\/ranoja.ee\" \/>\n<meta property=\"article:modified_time\" content=\"2026-03-17T12:37:15+00:00\" \/>\n<meta property=\"og:image\" content=\"https:\/\/ranoja.ee\/wp-content\/uploads\/2026\/03\/204619365.jpg\" \/>\n\t<meta property=\"og:image:width\" content=\"900\" \/>\n\t<meta property=\"og:image:height\" content=\"466\" \/>\n\t<meta property=\"og:image:type\" content=\"image\/jpeg\" \/>\n<meta name=\"twitter:card\" content=\"summary_large_image\" \/>\n<script type=\"application\/ld+json\" class=\"yoast-schema-graph\">{\"@context\":\"https:\\\/\\\/schema.org\",\"@graph\":[{\"@type\":\"WebPage\",\"@id\":\"https:\\\/\\\/ranoja.ee\\\/toode\\\/laseri-vastuvotja-rec-500-rg-stabila\\\/\",\"url\":\"https:\\\/\\\/ranoja.ee\\\/toode\\\/laseri-vastuvotja-rec-500-rg-stabila\\\/\",\"name\":\"Laseri vastuv\u00f5tja REC 500 RG, Stabila - Ranoja\",\"isPartOf\":{\"@id\":\"https:\\\/\\\/ranoja.ee\\\/#website\"},\"primaryImageOfPage\":{\"@id\":\"https:\\\/\\\/ranoja.ee\\\/toode\\\/laseri-vastuvotja-rec-500-rg-stabila\\\/#primaryimage\"},\"image\":{\"@id\":\"https:\\\/\\\/ranoja.ee\\\/toode\\\/laseri-vastuvotja-rec-500-rg-stabila\\\/#primaryimage\"},\"thumbnailUrl\":\"https:\\\/\\\/ranoja.ee\\\/wp-content\\\/uploads\\\/2026\\\/03\\\/204619365.jpg\",\"datePublished\":\"2026-03-16T23:26:58+00:00\",\"dateModified\":\"2026-03-17T12:37:15+00:00\",\"breadcrumb\":{\"@id\":\"https:\\\/\\\/ranoja.ee\\\/toode\\\/laseri-vastuvotja-rec-500-rg-stabila\\\/#breadcrumb\"},\"inLanguage\":\"en-US\",\"potentialAction\":[{\"@type\":\"ReadAction\",\"target\":[\"https:\\\/\\\/ranoja.ee\\\/toode\\\/laseri-vastuvotja-rec-500-rg-stabila\\\/\"]}]},{\"@type\":\"ImageObject\",\"inLanguage\":\"en-US\",\"@id\":\"https:\\\/\\\/ranoja.ee\\\/toode\\\/laseri-vastuvotja-rec-500-rg-stabila\\\/#primaryimage\",\"url\":\"https:\\\/\\\/ranoja.ee\\\/wp-content\\\/uploads\\\/2026\\\/03\\\/204619365.jpg\",\"contentUrl\":\"https:\\\/\\\/ranoja.ee\\\/wp-content\\\/uploads\\\/2026\\\/03\\\/204619365.jpg\",\"width\":900,\"height\":466},{\"@type\":\"BreadcrumbList\",\"@id\":\"https:\\\/\\\/ranoja.ee\\\/toode\\\/laseri-vastuvotja-rec-500-rg-stabila\\\/#breadcrumb\",\"itemListElement\":[{\"@type\":\"ListItem\",\"position\":1,\"name\":\"Home\",\"item\":\"https:\\\/\\\/ranoja.ee\\\/\"},{\"@type\":\"ListItem\",\"position\":2,\"name\":\"Shop\",\"item\":\"https:\\\/\\\/ranoja.ee\\\/en\\\/shop\\\/\"},{\"@type\":\"ListItem\",\"position\":3,\"name\":\"Laseri vastuv\u00f5tja REC 500 RG, Stabila\"}]},{\"@type\":\"WebSite\",\"@id\":\"https:\\\/\\\/ranoja.ee\\\/#website\",\"url\":\"https:\\\/\\\/ranoja.ee\\\/\",\"name\":\"Ranoja\",\"description\":\"Equipment Shop WooCommerce WordPress Theme for Machine &amp; Tools\",\"publisher\":{\"@id\":\"https:\\\/\\\/ranoja.ee\\\/#organization\"},\"potentialAction\":[{\"@type\":\"SearchAction\",\"target\":{\"@type\":\"EntryPoint\",\"urlTemplate\":\"https:\\\/\\\/ranoja.ee\\\/?s={search_term_string}\"},\"query-input\":{\"@type\":\"PropertyValueSpecification\",\"valueRequired\":true,\"valueName\":\"search_term_string\"}}],\"inLanguage\":\"en-US\"},{\"@type\":\"Organization\",\"@id\":\"https:\\\/\\\/ranoja.ee\\\/#organization\",\"name\":\"Ranoja O\u00dc\",\"url\":\"https:\\\/\\\/ranoja.ee\\\/\",\"logo\":{\"@type\":\"ImageObject\",\"inLanguage\":\"en-US\",\"@id\":\"https:\\\/\\\/ranoja.ee\\\/#\\\/schema\\\/logo\\\/image\\\/\",\"url\":\"https:\\\/\\\/ranoja.ee\\\/wp-content\\\/uploads\\\/2023\\\/11\\\/ranoja-Logo.png\",\"contentUrl\":\"https:\\\/\\\/ranoja.ee\\\/wp-content\\\/uploads\\\/2023\\\/11\\\/ranoja-Logo.png\",\"width\":207,\"height\":58,\"caption\":\"Ranoja O\u00dc\"},\"image\":{\"@id\":\"https:\\\/\\\/ranoja.ee\\\/#\\\/schema\\\/logo\\\/image\\\/\"},\"sameAs\":[\"https:\\\/\\\/www.facebook.com\\\/ranoja.ee\",\"https:\\\/\\\/www.instagram.com\\\/ranoja__\\\/\"]}]}<\/script>\n<!-- \/ Yoast SEO plugin. -->","yoast_head_json":{"title":"Laseri vastuv\u00f5tja REC 500 RG, Stabila - Ranoja","robots":{"index":"index","follow":"follow","max-snippet":"max-snippet:-1","max-image-preview":"max-image-preview:large","max-video-preview":"max-video-preview:-1"},"canonical":"https:\/\/ranoja.ee\/toode\/laseri-vastuvotja-rec-500-rg-stabila\/","og_locale":"en_US","og_type":"article","og_title":"Laseri vastuv\u00f5tja REC 500 RG, Stabila - Ranoja","og_description":"* Universaalne vastuv\u00f5tja punase v\u00f5i rohelise, p\u00f6\u00f6rd- v\u00f5i joonlaseri jaoks. * Kahepoolne valgustusega digitaalne ekraan. * Akustiline ja visuaalne tagasiside. * Optimaalselt kaitstud vihma ja tolmu eest (kaitseklass IP 67) * Erinevad kinnitusv\u00f5imalused t\u00e4nu kronsteinile ja integreeritud magnet s\u00fcsteemile. T\u00f6\u00f6tab stabila laseritega: FLS 90, LAX 300, LAX 400, LA 180 L, LAR 160 (G), LAR 300, LAR 350.","og_url":"https:\/\/ranoja.ee\/toode\/laseri-vastuvotja-rec-500-rg-stabila\/","og_site_name":"Ranoja","article_publisher":"https:\/\/www.facebook.com\/ranoja.ee","article_modified_time":"2026-03-17T12:37:15+00:00","og_image":[{"width":900,"height":466,"url":"https:\/\/ranoja.ee\/wp-content\/uploads\/2026\/03\/204619365.jpg","type":"image\/jpeg"}],"twitter_card":"summary_large_image","schema":{"@context":"https:\/\/schema.org","@graph":[{"@type":"WebPage","@id":"https:\/\/ranoja.ee\/toode\/laseri-vastuvotja-rec-500-rg-stabila\/","url":"https:\/\/ranoja.ee\/toode\/laseri-vastuvotja-rec-500-rg-stabila\/","name":"Laseri vastuv\u00f5tja REC 500 RG, Stabila - Ranoja","isPartOf":{"@id":"https:\/\/ranoja.ee\/#website"},"primaryImageOfPage":{"@id":"https:\/\/ranoja.ee\/toode\/laseri-vastuvotja-rec-500-rg-stabila\/#primaryimage"},"image":{"@id":"https:\/\/ranoja.ee\/toode\/laseri-vastuvotja-rec-500-rg-stabila\/#primaryimage"},"thumbnailUrl":"https:\/\/ranoja.ee\/wp-content\/uploads\/2026\/03\/204619365.jpg","datePublished":"2026-03-16T23:26:58+00:00","dateModified":"2026-03-17T12:37:15+00:00","breadcrumb":{"@id":"https:\/\/ranoja.ee\/toode\/laseri-vastuvotja-rec-500-rg-stabila\/#breadcrumb"},"inLanguage":"en-US","potentialAction":[{"@type":"ReadAction","target":["https:\/\/ranoja.ee\/toode\/laseri-vastuvotja-rec-500-rg-stabila\/"]}]},{"@type":"ImageObject","inLanguage":"en-US","@id":"https:\/\/ranoja.ee\/toode\/laseri-vastuvotja-rec-500-rg-stabila\/#primaryimage","url":"https:\/\/ranoja.ee\/wp-content\/uploads\/2026\/03\/204619365.jpg","contentUrl":"https:\/\/ranoja.ee\/wp-content\/uploads\/2026\/03\/204619365.jpg","width":900,"height":466},{"@type":"BreadcrumbList","@id":"https:\/\/ranoja.ee\/toode\/laseri-vastuvotja-rec-500-rg-stabila\/#breadcrumb","itemListElement":[{"@type":"ListItem","position":1,"name":"Home","item":"https:\/\/ranoja.ee\/"},{"@type":"ListItem","position":2,"name":"Shop","item":"https:\/\/ranoja.ee\/en\/shop\/"},{"@type":"ListItem","position":3,"name":"Laseri vastuv\u00f5tja REC 500 RG, Stabila"}]},{"@type":"WebSite","@id":"https:\/\/ranoja.ee\/#website","url":"https:\/\/ranoja.ee\/","name":"Ranoja","description":"Equipment Shop WooCommerce WordPress Theme for Machine &amp; Tools","publisher":{"@id":"https:\/\/ranoja.ee\/#organization"},"potentialAction":[{"@type":"SearchAction","target":{"@type":"EntryPoint","urlTemplate":"https:\/\/ranoja.ee\/?s={search_term_string}"},"query-input":{"@type":"PropertyValueSpecification","valueRequired":true,"valueName":"search_term_string"}}],"inLanguage":"en-US"},{"@type":"Organization","@id":"https:\/\/ranoja.ee\/#organization","name":"Ranoja O\u00dc","url":"https:\/\/ranoja.ee\/","logo":{"@type":"ImageObject","inLanguage":"en-US","@id":"https:\/\/ranoja.ee\/#\/schema\/logo\/image\/","url":"https:\/\/ranoja.ee\/wp-content\/uploads\/2023\/11\/ranoja-Logo.png","contentUrl":"https:\/\/ranoja.ee\/wp-content\/uploads\/2023\/11\/ranoja-Logo.png","width":207,"height":58,"caption":"Ranoja O\u00dc"},"image":{"@id":"https:\/\/ranoja.ee\/#\/schema\/logo\/image\/"},"sameAs":["https:\/\/www.facebook.com\/ranoja.ee","https:\/\/www.instagram.com\/ranoja__\/"]}]}},"_links":{"self":[{"href":"https:\/\/ranoja.ee\/en\/wp-json\/wp\/v2\/product\/61166","targetHints":{"allow":["GET"]}}],"collection":[{"href":"https:\/\/ranoja.ee\/en\/wp-json\/wp\/v2\/product"}],"about":[{"href":"https:\/\/ranoja.ee\/en\/wp-json\/wp\/v2\/types\/product"}],"wp:featuredmedia":[{"embeddable":true,"href":"https:\/\/ranoja.ee\/en\/wp-json\/wp\/v2\/media\/61167"}],"wp:attachment":[{"href":"https:\/\/ranoja.ee\/en\/wp-json\/wp\/v2\/media?parent=61166"}],"wp:term":[{"taxonomy":"product_cat","embeddable":true,"href":"https:\/\/ranoja.ee\/en\/wp-json\/wp\/v2\/product_cat?post=61166"},{"taxonomy":"product_tag","embeddable":true,"href":"https:\/\/ranoja.ee\/en\/wp-json\/wp\/v2\/product_tag?post=61166"}],"curies":[{"name":"wp","href":"https:\/\/api.w.org\/{rel}","templated":true}]}}