{"id":61122,"date":"2026-03-17T02:26:33","date_gmt":"2026-03-16T23:26:33","guid":{"rendered":"https:\/\/ranoja.ee\/toode\/survestuspump-30bar-rp30-rothenberger\/"},"modified":"2026-03-17T15:37:15","modified_gmt":"2026-03-17T12:37:15","slug":"survestuspump-30bar-rp30-rothenberger","status":"publish","type":"product","link":"https:\/\/ranoja.ee\/en\/toode\/survestuspump-30bar-rp30-rothenberger\/","title":{"rendered":"Survestuspump 30bar RP30, Rothenberger"},"content":{"rendered":"","protected":false},"excerpt":{"rendered":"<p>K\u00e4si h\u00fcdrauliline kontrollpump, etten\u00e4htud v\u00e4iksemate<br \/>\ntorustiks\u00fcsteemise tiheduse kontrollimiseks<br \/>\nkontrollvoolik kaetud kootud metallkihiga<br \/>\nvoolikul paisudes ei esine andmetes k\u00f5rvalkalded<br \/>\n\u00fcheklapi s\u00fcsteem \u2013 odav ja ohutu<br \/>\nv\u00e4ike m\u00f5\u00f5t, mis suurep\u00e4raselt sobib t\u00f6\u00f6ks kitsastes kohtades<br \/>\nABS plastikust korpus \u2013 l\u00f6\u00f6gi-, korrosiooni ja pragunemisekindel<\/p>\n<p>Tehnilised andmed:<br \/>\nKatser\u00f5hk: 0 &#8211; 30 bar, \u00fcks vajutus 1 bar<br \/>\nMahuti maht: 4,5 l<br \/>\nTootlikus: avg. 16 ml\/vajutus<br \/>\nM\u00f5\u00f5tmed: 440 x 200 x 240 mm (pikkus x laius x k\u00f5rgus)<br \/>\n\u00dchendus: R 1<\/p>\n","protected":false},"featured_media":61123,"template":"","meta":{"inline_featured_image":false},"product_cat":[5394,5393,5043],"product_tag":[],"class_list":{"0":"post-61122","1":"product","2":"type-product","3":"status-publish","4":"has-post-thumbnail","6":"product_brand-rothenberger","7":"product_cat-torustike-testimispumbad","8":"product_cat-torustike-testimisseadmed","9":"product_cat-torutooriistad","11":"first","12":"instock","13":"purchasable","14":"product-type-simple"},"yoast_head":"<!-- This site is optimized with the Yoast SEO plugin v27.4 - https:\/\/yoast.com\/product\/yoast-seo-wordpress\/ -->\n<title>Survestuspump 30bar RP30, Rothenberger - Ranoja<\/title>\n<meta name=\"robots\" content=\"index, follow, max-snippet:-1, max-image-preview:large, max-video-preview:-1\" \/>\n<link rel=\"canonical\" href=\"https:\/\/ranoja.ee\/toode\/survestuspump-30bar-rp30-rothenberger\/\" \/>\n<meta property=\"og:locale\" content=\"en_US\" \/>\n<meta property=\"og:type\" content=\"article\" \/>\n<meta property=\"og:title\" content=\"Survestuspump 30bar RP30, Rothenberger - Ranoja\" \/>\n<meta property=\"og:description\" content=\"K\u00e4si h\u00fcdrauliline kontrollpump, etten\u00e4htud v\u00e4iksemate torustiks\u00fcsteemise tiheduse kontrollimiseks kontrollvoolik kaetud kootud metallkihiga voolikul paisudes ei esine andmetes k\u00f5rvalkalded \u00fcheklapi s\u00fcsteem \u2013 odav ja ohutu v\u00e4ike m\u00f5\u00f5t, mis suurep\u00e4raselt sobib t\u00f6\u00f6ks kitsastes kohtades ABS plastikust korpus \u2013 l\u00f6\u00f6gi-, korrosiooni ja pragunemisekindel Tehnilised andmed: Katser\u00f5hk: 0 - 30 bar, \u00fcks vajutus 1 bar Mahuti maht: 4,5 l Tootlikus: avg. 16 ml\/vajutus M\u00f5\u00f5tmed: 440 x 200 x 240 mm (pikkus x laius x k\u00f5rgus) \u00dchendus: R 1\" \/>\n<meta property=\"og:url\" content=\"https:\/\/ranoja.ee\/toode\/survestuspump-30bar-rp30-rothenberger\/\" \/>\n<meta property=\"og:site_name\" content=\"Ranoja\" \/>\n<meta property=\"article:publisher\" content=\"https:\/\/www.facebook.com\/ranoja.ee\" \/>\n<meta property=\"article:modified_time\" content=\"2026-03-17T12:37:15+00:00\" \/>\n<meta property=\"og:image\" content=\"https:\/\/ranoja.ee\/wp-content\/uploads\/2026\/03\/94473550.jpg\" \/>\n\t<meta property=\"og:image:width\" content=\"900\" \/>\n\t<meta property=\"og:image:height\" content=\"776\" \/>\n\t<meta property=\"og:image:type\" content=\"image\/jpeg\" \/>\n<meta name=\"twitter:card\" content=\"summary_large_image\" \/>\n<script type=\"application\/ld+json\" class=\"yoast-schema-graph\">{\"@context\":\"https:\\\/\\\/schema.org\",\"@graph\":[{\"@type\":\"WebPage\",\"@id\":\"https:\\\/\\\/ranoja.ee\\\/toode\\\/survestuspump-30bar-rp30-rothenberger\\\/\",\"url\":\"https:\\\/\\\/ranoja.ee\\\/toode\\\/survestuspump-30bar-rp30-rothenberger\\\/\",\"name\":\"Survestuspump 30bar RP30, Rothenberger - Ranoja\",\"isPartOf\":{\"@id\":\"https:\\\/\\\/ranoja.ee\\\/#website\"},\"primaryImageOfPage\":{\"@id\":\"https:\\\/\\\/ranoja.ee\\\/toode\\\/survestuspump-30bar-rp30-rothenberger\\\/#primaryimage\"},\"image\":{\"@id\":\"https:\\\/\\\/ranoja.ee\\\/toode\\\/survestuspump-30bar-rp30-rothenberger\\\/#primaryimage\"},\"thumbnailUrl\":\"https:\\\/\\\/ranoja.ee\\\/wp-content\\\/uploads\\\/2026\\\/03\\\/94473550.jpg\",\"datePublished\":\"2026-03-16T23:26:33+00:00\",\"dateModified\":\"2026-03-17T12:37:15+00:00\",\"breadcrumb\":{\"@id\":\"https:\\\/\\\/ranoja.ee\\\/toode\\\/survestuspump-30bar-rp30-rothenberger\\\/#breadcrumb\"},\"inLanguage\":\"en-US\",\"potentialAction\":[{\"@type\":\"ReadAction\",\"target\":[\"https:\\\/\\\/ranoja.ee\\\/toode\\\/survestuspump-30bar-rp30-rothenberger\\\/\"]}]},{\"@type\":\"ImageObject\",\"inLanguage\":\"en-US\",\"@id\":\"https:\\\/\\\/ranoja.ee\\\/toode\\\/survestuspump-30bar-rp30-rothenberger\\\/#primaryimage\",\"url\":\"https:\\\/\\\/ranoja.ee\\\/wp-content\\\/uploads\\\/2026\\\/03\\\/94473550.jpg\",\"contentUrl\":\"https:\\\/\\\/ranoja.ee\\\/wp-content\\\/uploads\\\/2026\\\/03\\\/94473550.jpg\",\"width\":900,\"height\":776},{\"@type\":\"BreadcrumbList\",\"@id\":\"https:\\\/\\\/ranoja.ee\\\/toode\\\/survestuspump-30bar-rp30-rothenberger\\\/#breadcrumb\",\"itemListElement\":[{\"@type\":\"ListItem\",\"position\":1,\"name\":\"Home\",\"item\":\"https:\\\/\\\/ranoja.ee\\\/\"},{\"@type\":\"ListItem\",\"position\":2,\"name\":\"Shop\",\"item\":\"https:\\\/\\\/ranoja.ee\\\/en\\\/shop\\\/\"},{\"@type\":\"ListItem\",\"position\":3,\"name\":\"Survestuspump 30bar RP30, Rothenberger\"}]},{\"@type\":\"WebSite\",\"@id\":\"https:\\\/\\\/ranoja.ee\\\/#website\",\"url\":\"https:\\\/\\\/ranoja.ee\\\/\",\"name\":\"Ranoja\",\"description\":\"Equipment Shop WooCommerce WordPress Theme for Machine &amp; Tools\",\"publisher\":{\"@id\":\"https:\\\/\\\/ranoja.ee\\\/#organization\"},\"potentialAction\":[{\"@type\":\"SearchAction\",\"target\":{\"@type\":\"EntryPoint\",\"urlTemplate\":\"https:\\\/\\\/ranoja.ee\\\/?s={search_term_string}\"},\"query-input\":{\"@type\":\"PropertyValueSpecification\",\"valueRequired\":true,\"valueName\":\"search_term_string\"}}],\"inLanguage\":\"en-US\"},{\"@type\":\"Organization\",\"@id\":\"https:\\\/\\\/ranoja.ee\\\/#organization\",\"name\":\"Ranoja O\u00dc\",\"url\":\"https:\\\/\\\/ranoja.ee\\\/\",\"logo\":{\"@type\":\"ImageObject\",\"inLanguage\":\"en-US\",\"@id\":\"https:\\\/\\\/ranoja.ee\\\/#\\\/schema\\\/logo\\\/image\\\/\",\"url\":\"https:\\\/\\\/ranoja.ee\\\/wp-content\\\/uploads\\\/2023\\\/11\\\/ranoja-Logo.png\",\"contentUrl\":\"https:\\\/\\\/ranoja.ee\\\/wp-content\\\/uploads\\\/2023\\\/11\\\/ranoja-Logo.png\",\"width\":207,\"height\":58,\"caption\":\"Ranoja O\u00dc\"},\"image\":{\"@id\":\"https:\\\/\\\/ranoja.ee\\\/#\\\/schema\\\/logo\\\/image\\\/\"},\"sameAs\":[\"https:\\\/\\\/www.facebook.com\\\/ranoja.ee\",\"https:\\\/\\\/www.instagram.com\\\/ranoja__\\\/\"]}]}<\/script>\n<!-- \/ Yoast SEO plugin. -->","yoast_head_json":{"title":"Survestuspump 30bar RP30, Rothenberger - Ranoja","robots":{"index":"index","follow":"follow","max-snippet":"max-snippet:-1","max-image-preview":"max-image-preview:large","max-video-preview":"max-video-preview:-1"},"canonical":"https:\/\/ranoja.ee\/toode\/survestuspump-30bar-rp30-rothenberger\/","og_locale":"en_US","og_type":"article","og_title":"Survestuspump 30bar RP30, Rothenberger - Ranoja","og_description":"K\u00e4si h\u00fcdrauliline kontrollpump, etten\u00e4htud v\u00e4iksemate torustiks\u00fcsteemise tiheduse kontrollimiseks kontrollvoolik kaetud kootud metallkihiga voolikul paisudes ei esine andmetes k\u00f5rvalkalded \u00fcheklapi s\u00fcsteem \u2013 odav ja ohutu v\u00e4ike m\u00f5\u00f5t, mis suurep\u00e4raselt sobib t\u00f6\u00f6ks kitsastes kohtades ABS plastikust korpus \u2013 l\u00f6\u00f6gi-, korrosiooni ja pragunemisekindel Tehnilised andmed: Katser\u00f5hk: 0 - 30 bar, \u00fcks vajutus 1 bar Mahuti maht: 4,5 l Tootlikus: avg. 16 ml\/vajutus M\u00f5\u00f5tmed: 440 x 200 x 240 mm (pikkus x laius x k\u00f5rgus) \u00dchendus: R 1","og_url":"https:\/\/ranoja.ee\/toode\/survestuspump-30bar-rp30-rothenberger\/","og_site_name":"Ranoja","article_publisher":"https:\/\/www.facebook.com\/ranoja.ee","article_modified_time":"2026-03-17T12:37:15+00:00","og_image":[{"width":900,"height":776,"url":"https:\/\/ranoja.ee\/wp-content\/uploads\/2026\/03\/94473550.jpg","type":"image\/jpeg"}],"twitter_card":"summary_large_image","schema":{"@context":"https:\/\/schema.org","@graph":[{"@type":"WebPage","@id":"https:\/\/ranoja.ee\/toode\/survestuspump-30bar-rp30-rothenberger\/","url":"https:\/\/ranoja.ee\/toode\/survestuspump-30bar-rp30-rothenberger\/","name":"Survestuspump 30bar RP30, Rothenberger - Ranoja","isPartOf":{"@id":"https:\/\/ranoja.ee\/#website"},"primaryImageOfPage":{"@id":"https:\/\/ranoja.ee\/toode\/survestuspump-30bar-rp30-rothenberger\/#primaryimage"},"image":{"@id":"https:\/\/ranoja.ee\/toode\/survestuspump-30bar-rp30-rothenberger\/#primaryimage"},"thumbnailUrl":"https:\/\/ranoja.ee\/wp-content\/uploads\/2026\/03\/94473550.jpg","datePublished":"2026-03-16T23:26:33+00:00","dateModified":"2026-03-17T12:37:15+00:00","breadcrumb":{"@id":"https:\/\/ranoja.ee\/toode\/survestuspump-30bar-rp30-rothenberger\/#breadcrumb"},"inLanguage":"en-US","potentialAction":[{"@type":"ReadAction","target":["https:\/\/ranoja.ee\/toode\/survestuspump-30bar-rp30-rothenberger\/"]}]},{"@type":"ImageObject","inLanguage":"en-US","@id":"https:\/\/ranoja.ee\/toode\/survestuspump-30bar-rp30-rothenberger\/#primaryimage","url":"https:\/\/ranoja.ee\/wp-content\/uploads\/2026\/03\/94473550.jpg","contentUrl":"https:\/\/ranoja.ee\/wp-content\/uploads\/2026\/03\/94473550.jpg","width":900,"height":776},{"@type":"BreadcrumbList","@id":"https:\/\/ranoja.ee\/toode\/survestuspump-30bar-rp30-rothenberger\/#breadcrumb","itemListElement":[{"@type":"ListItem","position":1,"name":"Home","item":"https:\/\/ranoja.ee\/"},{"@type":"ListItem","position":2,"name":"Shop","item":"https:\/\/ranoja.ee\/en\/shop\/"},{"@type":"ListItem","position":3,"name":"Survestuspump 30bar RP30, Rothenberger"}]},{"@type":"WebSite","@id":"https:\/\/ranoja.ee\/#website","url":"https:\/\/ranoja.ee\/","name":"Ranoja","description":"Equipment Shop WooCommerce WordPress Theme for Machine &amp; Tools","publisher":{"@id":"https:\/\/ranoja.ee\/#organization"},"potentialAction":[{"@type":"SearchAction","target":{"@type":"EntryPoint","urlTemplate":"https:\/\/ranoja.ee\/?s={search_term_string}"},"query-input":{"@type":"PropertyValueSpecification","valueRequired":true,"valueName":"search_term_string"}}],"inLanguage":"en-US"},{"@type":"Organization","@id":"https:\/\/ranoja.ee\/#organization","name":"Ranoja O\u00dc","url":"https:\/\/ranoja.ee\/","logo":{"@type":"ImageObject","inLanguage":"en-US","@id":"https:\/\/ranoja.ee\/#\/schema\/logo\/image\/","url":"https:\/\/ranoja.ee\/wp-content\/uploads\/2023\/11\/ranoja-Logo.png","contentUrl":"https:\/\/ranoja.ee\/wp-content\/uploads\/2023\/11\/ranoja-Logo.png","width":207,"height":58,"caption":"Ranoja O\u00dc"},"image":{"@id":"https:\/\/ranoja.ee\/#\/schema\/logo\/image\/"},"sameAs":["https:\/\/www.facebook.com\/ranoja.ee","https:\/\/www.instagram.com\/ranoja__\/"]}]}},"_links":{"self":[{"href":"https:\/\/ranoja.ee\/en\/wp-json\/wp\/v2\/product\/61122","targetHints":{"allow":["GET"]}}],"collection":[{"href":"https:\/\/ranoja.ee\/en\/wp-json\/wp\/v2\/product"}],"about":[{"href":"https:\/\/ranoja.ee\/en\/wp-json\/wp\/v2\/types\/product"}],"wp:featuredmedia":[{"embeddable":true,"href":"https:\/\/ranoja.ee\/en\/wp-json\/wp\/v2\/media\/61123"}],"wp:attachment":[{"href":"https:\/\/ranoja.ee\/en\/wp-json\/wp\/v2\/media?parent=61122"}],"wp:term":[{"taxonomy":"product_cat","embeddable":true,"href":"https:\/\/ranoja.ee\/en\/wp-json\/wp\/v2\/product_cat?post=61122"},{"taxonomy":"product_tag","embeddable":true,"href":"https:\/\/ranoja.ee\/en\/wp-json\/wp\/v2\/product_tag?post=61122"}],"curies":[{"name":"wp","href":"https:\/\/api.w.org\/{rel}","templated":true}]}}