{"id":61105,"date":"2026-03-17T02:26:10","date_gmt":"2026-03-16T23:26:10","guid":{"rendered":"https:\/\/ranoja.ee\/toode\/mootorioli-synpower-env-c2-c3-5w30-20l-valvoline\/"},"modified":"2026-03-17T15:37:15","modified_gmt":"2026-03-17T12:37:15","slug":"mootorioli-synpower-env-c2-c3-5w30-20l-valvoline","status":"publish","type":"product","link":"https:\/\/ranoja.ee\/en\/toode\/mootorioli-synpower-env-c2-c3-5w30-20l-valvoline\/","title":{"rendered":"Mootori\u00f5li Synpower ENV C2\/C3 5W30 20L, Valvoline"},"content":{"rendered":"","protected":false},"excerpt":{"rendered":"<p>Originaalosa tootjate poolt heaks kiidetud premiumklassi s\u00fcnteetiline mootori\u00f5li. Loodud maksimaalse j\u00f5udluse ja kaitse tagamiseks k\u00f5igis t\u00f6\u00f6tingimustes, on SynPower loodud vastama juhtivate mootoritootjate uusimatele standarditele. Spetsiaalselt loodud kasutamiseks kaasaegsetes mootorites, v\u00e4hendab heitgaase ja parandab k\u00fctusekulu. Kaitseb madala kiirusega eels\u00fc\u00fcte (LSPI) eest. Sobib kasutamiseks Peugeot Citro\u00ebni grupis. Sobib autodele, millel on keskkonnas\u00f5bralikud heitgaasis\u00fcsteemid, nagu EGR ja TWC, DPF, GPF, ning seda saab kasutada ka siis, kui on vaja Renault RN0700 v\u00f5i RN710 \u00f5li 5W-30 viskoossusklassis. <br \/>\nAmetlikud heakskiidud:<br \/>\nRenault RN17<br \/>\nMB 229.52<br \/>\nMB 229.51<br \/>\nPSA B71 2290<br \/>\nJ\u00f5udlustasemed:<br \/>\nACEA C2, C3, A5\/B5<br \/>\nAPI SP, SN PLUS, SN<br \/>\nMB-226.52<br \/>\nMB-229.31<br \/>\nRenault RN 0700 \/ 0710<br \/>\nVastab j\u00e4rgmistele n\u00f5uetele:<br \/>\nFiat 9.55535-S1, -S3<\/p>\n","protected":false},"featured_media":61106,"template":"","meta":{"inline_featured_image":false},"product_cat":[5012,5033,5032],"product_tag":[],"class_list":{"0":"post-61105","1":"product","2":"type-product","3":"status-publish","4":"has-post-thumbnail","6":"product_brand-valvoline","7":"product_cat-olid-ja-maardeained","8":"product_cat-soiduautode-ja-tarbesoidukite-taissunteetilised-mootoriolid","9":"product_cat-soiduautode-mootoriolid","11":"first","12":"instock","13":"purchasable","14":"product-type-simple"},"yoast_head":"<!-- This site is optimized with the Yoast SEO plugin v27.4 - https:\/\/yoast.com\/product\/yoast-seo-wordpress\/ -->\n<title>Mootori\u00f5li Synpower ENV C2\/C3 5W30 20L, Valvoline - Ranoja<\/title>\n<meta name=\"robots\" content=\"index, follow, max-snippet:-1, max-image-preview:large, max-video-preview:-1\" \/>\n<link rel=\"canonical\" href=\"https:\/\/ranoja.ee\/toode\/mootorioli-synpower-env-c2-c3-5w30-20l-valvoline\/\" \/>\n<meta property=\"og:locale\" content=\"en_US\" \/>\n<meta property=\"og:type\" content=\"article\" \/>\n<meta property=\"og:title\" content=\"Mootori\u00f5li Synpower ENV C2\/C3 5W30 20L, Valvoline - Ranoja\" \/>\n<meta property=\"og:description\" content=\"Originaalosa tootjate poolt heaks kiidetud premiumklassi s\u00fcnteetiline mootori\u00f5li. Loodud maksimaalse j\u00f5udluse ja kaitse tagamiseks k\u00f5igis t\u00f6\u00f6tingimustes, on SynPower loodud vastama juhtivate mootoritootjate uusimatele standarditele. Spetsiaalselt loodud kasutamiseks kaasaegsetes mootorites, v\u00e4hendab heitgaase ja parandab k\u00fctusekulu. Kaitseb madala kiirusega eels\u00fc\u00fcte (LSPI) eest. Sobib kasutamiseks Peugeot Citro\u00ebni grupis. Sobib autodele, millel on keskkonnas\u00f5bralikud heitgaasis\u00fcsteemid, nagu EGR ja TWC, DPF, GPF, ning seda saab kasutada ka siis, kui on vaja Renault RN0700 v\u00f5i RN710 \u00f5li 5W-30 viskoossusklassis. Ametlikud heakskiidud: Renault RN17 MB 229.52 MB 229.51 PSA B71 2290 J\u00f5udlustasemed: ACEA C2, C3, A5\/B5 API SP, SN PLUS, SN MB-226.52 MB-229.31 Renault RN 0700 \/ 0710 Vastab j\u00e4rgmistele n\u00f5uetele: Fiat 9.55535-S1, -S3\" \/>\n<meta property=\"og:url\" content=\"https:\/\/ranoja.ee\/toode\/mootorioli-synpower-env-c2-c3-5w30-20l-valvoline\/\" \/>\n<meta property=\"og:site_name\" content=\"Ranoja\" \/>\n<meta property=\"article:publisher\" content=\"https:\/\/www.facebook.com\/ranoja.ee\" \/>\n<meta property=\"article:modified_time\" content=\"2026-03-17T12:37:15+00:00\" \/>\n<meta property=\"og:image\" content=\"https:\/\/ranoja.ee\/wp-content\/uploads\/2026\/03\/5638619980.jpg\" \/>\n\t<meta property=\"og:image:width\" content=\"893\" \/>\n\t<meta property=\"og:image:height\" content=\"900\" \/>\n\t<meta property=\"og:image:type\" content=\"image\/jpeg\" \/>\n<meta name=\"twitter:card\" content=\"summary_large_image\" \/>\n<script type=\"application\/ld+json\" class=\"yoast-schema-graph\">{\"@context\":\"https:\\\/\\\/schema.org\",\"@graph\":[{\"@type\":\"WebPage\",\"@id\":\"https:\\\/\\\/ranoja.ee\\\/toode\\\/mootorioli-synpower-env-c2-c3-5w30-20l-valvoline\\\/\",\"url\":\"https:\\\/\\\/ranoja.ee\\\/toode\\\/mootorioli-synpower-env-c2-c3-5w30-20l-valvoline\\\/\",\"name\":\"Mootori\u00f5li Synpower ENV C2\\\/C3 5W30 20L, Valvoline - Ranoja\",\"isPartOf\":{\"@id\":\"https:\\\/\\\/ranoja.ee\\\/#website\"},\"primaryImageOfPage\":{\"@id\":\"https:\\\/\\\/ranoja.ee\\\/toode\\\/mootorioli-synpower-env-c2-c3-5w30-20l-valvoline\\\/#primaryimage\"},\"image\":{\"@id\":\"https:\\\/\\\/ranoja.ee\\\/toode\\\/mootorioli-synpower-env-c2-c3-5w30-20l-valvoline\\\/#primaryimage\"},\"thumbnailUrl\":\"https:\\\/\\\/ranoja.ee\\\/wp-content\\\/uploads\\\/2026\\\/03\\\/5638619980.jpg\",\"datePublished\":\"2026-03-16T23:26:10+00:00\",\"dateModified\":\"2026-03-17T12:37:15+00:00\",\"breadcrumb\":{\"@id\":\"https:\\\/\\\/ranoja.ee\\\/toode\\\/mootorioli-synpower-env-c2-c3-5w30-20l-valvoline\\\/#breadcrumb\"},\"inLanguage\":\"en-US\",\"potentialAction\":[{\"@type\":\"ReadAction\",\"target\":[\"https:\\\/\\\/ranoja.ee\\\/toode\\\/mootorioli-synpower-env-c2-c3-5w30-20l-valvoline\\\/\"]}]},{\"@type\":\"ImageObject\",\"inLanguage\":\"en-US\",\"@id\":\"https:\\\/\\\/ranoja.ee\\\/toode\\\/mootorioli-synpower-env-c2-c3-5w30-20l-valvoline\\\/#primaryimage\",\"url\":\"https:\\\/\\\/ranoja.ee\\\/wp-content\\\/uploads\\\/2026\\\/03\\\/5638619980.jpg\",\"contentUrl\":\"https:\\\/\\\/ranoja.ee\\\/wp-content\\\/uploads\\\/2026\\\/03\\\/5638619980.jpg\",\"width\":893,\"height\":900},{\"@type\":\"BreadcrumbList\",\"@id\":\"https:\\\/\\\/ranoja.ee\\\/toode\\\/mootorioli-synpower-env-c2-c3-5w30-20l-valvoline\\\/#breadcrumb\",\"itemListElement\":[{\"@type\":\"ListItem\",\"position\":1,\"name\":\"Home\",\"item\":\"https:\\\/\\\/ranoja.ee\\\/\"},{\"@type\":\"ListItem\",\"position\":2,\"name\":\"Shop\",\"item\":\"https:\\\/\\\/ranoja.ee\\\/en\\\/shop\\\/\"},{\"@type\":\"ListItem\",\"position\":3,\"name\":\"Mootori\u00f5li Synpower ENV C2\\\/C3 5W30 20L, Valvoline\"}]},{\"@type\":\"WebSite\",\"@id\":\"https:\\\/\\\/ranoja.ee\\\/#website\",\"url\":\"https:\\\/\\\/ranoja.ee\\\/\",\"name\":\"Ranoja\",\"description\":\"Equipment Shop WooCommerce WordPress Theme for Machine &amp; Tools\",\"publisher\":{\"@id\":\"https:\\\/\\\/ranoja.ee\\\/#organization\"},\"potentialAction\":[{\"@type\":\"SearchAction\",\"target\":{\"@type\":\"EntryPoint\",\"urlTemplate\":\"https:\\\/\\\/ranoja.ee\\\/?s={search_term_string}\"},\"query-input\":{\"@type\":\"PropertyValueSpecification\",\"valueRequired\":true,\"valueName\":\"search_term_string\"}}],\"inLanguage\":\"en-US\"},{\"@type\":\"Organization\",\"@id\":\"https:\\\/\\\/ranoja.ee\\\/#organization\",\"name\":\"Ranoja O\u00dc\",\"url\":\"https:\\\/\\\/ranoja.ee\\\/\",\"logo\":{\"@type\":\"ImageObject\",\"inLanguage\":\"en-US\",\"@id\":\"https:\\\/\\\/ranoja.ee\\\/#\\\/schema\\\/logo\\\/image\\\/\",\"url\":\"https:\\\/\\\/ranoja.ee\\\/wp-content\\\/uploads\\\/2023\\\/11\\\/ranoja-Logo.png\",\"contentUrl\":\"https:\\\/\\\/ranoja.ee\\\/wp-content\\\/uploads\\\/2023\\\/11\\\/ranoja-Logo.png\",\"width\":207,\"height\":58,\"caption\":\"Ranoja O\u00dc\"},\"image\":{\"@id\":\"https:\\\/\\\/ranoja.ee\\\/#\\\/schema\\\/logo\\\/image\\\/\"},\"sameAs\":[\"https:\\\/\\\/www.facebook.com\\\/ranoja.ee\",\"https:\\\/\\\/www.instagram.com\\\/ranoja__\\\/\"]}]}<\/script>\n<!-- \/ Yoast SEO plugin. -->","yoast_head_json":{"title":"Mootori\u00f5li Synpower ENV C2\/C3 5W30 20L, Valvoline - Ranoja","robots":{"index":"index","follow":"follow","max-snippet":"max-snippet:-1","max-image-preview":"max-image-preview:large","max-video-preview":"max-video-preview:-1"},"canonical":"https:\/\/ranoja.ee\/toode\/mootorioli-synpower-env-c2-c3-5w30-20l-valvoline\/","og_locale":"en_US","og_type":"article","og_title":"Mootori\u00f5li Synpower ENV C2\/C3 5W30 20L, Valvoline - Ranoja","og_description":"Originaalosa tootjate poolt heaks kiidetud premiumklassi s\u00fcnteetiline mootori\u00f5li. Loodud maksimaalse j\u00f5udluse ja kaitse tagamiseks k\u00f5igis t\u00f6\u00f6tingimustes, on SynPower loodud vastama juhtivate mootoritootjate uusimatele standarditele. Spetsiaalselt loodud kasutamiseks kaasaegsetes mootorites, v\u00e4hendab heitgaase ja parandab k\u00fctusekulu. Kaitseb madala kiirusega eels\u00fc\u00fcte (LSPI) eest. Sobib kasutamiseks Peugeot Citro\u00ebni grupis. Sobib autodele, millel on keskkonnas\u00f5bralikud heitgaasis\u00fcsteemid, nagu EGR ja TWC, DPF, GPF, ning seda saab kasutada ka siis, kui on vaja Renault RN0700 v\u00f5i RN710 \u00f5li 5W-30 viskoossusklassis. Ametlikud heakskiidud: Renault RN17 MB 229.52 MB 229.51 PSA B71 2290 J\u00f5udlustasemed: ACEA C2, C3, A5\/B5 API SP, SN PLUS, SN MB-226.52 MB-229.31 Renault RN 0700 \/ 0710 Vastab j\u00e4rgmistele n\u00f5uetele: Fiat 9.55535-S1, -S3","og_url":"https:\/\/ranoja.ee\/toode\/mootorioli-synpower-env-c2-c3-5w30-20l-valvoline\/","og_site_name":"Ranoja","article_publisher":"https:\/\/www.facebook.com\/ranoja.ee","article_modified_time":"2026-03-17T12:37:15+00:00","og_image":[{"width":893,"height":900,"url":"https:\/\/ranoja.ee\/wp-content\/uploads\/2026\/03\/5638619980.jpg","type":"image\/jpeg"}],"twitter_card":"summary_large_image","schema":{"@context":"https:\/\/schema.org","@graph":[{"@type":"WebPage","@id":"https:\/\/ranoja.ee\/toode\/mootorioli-synpower-env-c2-c3-5w30-20l-valvoline\/","url":"https:\/\/ranoja.ee\/toode\/mootorioli-synpower-env-c2-c3-5w30-20l-valvoline\/","name":"Mootori\u00f5li Synpower ENV C2\/C3 5W30 20L, Valvoline - Ranoja","isPartOf":{"@id":"https:\/\/ranoja.ee\/#website"},"primaryImageOfPage":{"@id":"https:\/\/ranoja.ee\/toode\/mootorioli-synpower-env-c2-c3-5w30-20l-valvoline\/#primaryimage"},"image":{"@id":"https:\/\/ranoja.ee\/toode\/mootorioli-synpower-env-c2-c3-5w30-20l-valvoline\/#primaryimage"},"thumbnailUrl":"https:\/\/ranoja.ee\/wp-content\/uploads\/2026\/03\/5638619980.jpg","datePublished":"2026-03-16T23:26:10+00:00","dateModified":"2026-03-17T12:37:15+00:00","breadcrumb":{"@id":"https:\/\/ranoja.ee\/toode\/mootorioli-synpower-env-c2-c3-5w30-20l-valvoline\/#breadcrumb"},"inLanguage":"en-US","potentialAction":[{"@type":"ReadAction","target":["https:\/\/ranoja.ee\/toode\/mootorioli-synpower-env-c2-c3-5w30-20l-valvoline\/"]}]},{"@type":"ImageObject","inLanguage":"en-US","@id":"https:\/\/ranoja.ee\/toode\/mootorioli-synpower-env-c2-c3-5w30-20l-valvoline\/#primaryimage","url":"https:\/\/ranoja.ee\/wp-content\/uploads\/2026\/03\/5638619980.jpg","contentUrl":"https:\/\/ranoja.ee\/wp-content\/uploads\/2026\/03\/5638619980.jpg","width":893,"height":900},{"@type":"BreadcrumbList","@id":"https:\/\/ranoja.ee\/toode\/mootorioli-synpower-env-c2-c3-5w30-20l-valvoline\/#breadcrumb","itemListElement":[{"@type":"ListItem","position":1,"name":"Home","item":"https:\/\/ranoja.ee\/"},{"@type":"ListItem","position":2,"name":"Shop","item":"https:\/\/ranoja.ee\/en\/shop\/"},{"@type":"ListItem","position":3,"name":"Mootori\u00f5li Synpower ENV C2\/C3 5W30 20L, Valvoline"}]},{"@type":"WebSite","@id":"https:\/\/ranoja.ee\/#website","url":"https:\/\/ranoja.ee\/","name":"Ranoja","description":"Equipment Shop WooCommerce WordPress Theme for Machine &amp; Tools","publisher":{"@id":"https:\/\/ranoja.ee\/#organization"},"potentialAction":[{"@type":"SearchAction","target":{"@type":"EntryPoint","urlTemplate":"https:\/\/ranoja.ee\/?s={search_term_string}"},"query-input":{"@type":"PropertyValueSpecification","valueRequired":true,"valueName":"search_term_string"}}],"inLanguage":"en-US"},{"@type":"Organization","@id":"https:\/\/ranoja.ee\/#organization","name":"Ranoja O\u00dc","url":"https:\/\/ranoja.ee\/","logo":{"@type":"ImageObject","inLanguage":"en-US","@id":"https:\/\/ranoja.ee\/#\/schema\/logo\/image\/","url":"https:\/\/ranoja.ee\/wp-content\/uploads\/2023\/11\/ranoja-Logo.png","contentUrl":"https:\/\/ranoja.ee\/wp-content\/uploads\/2023\/11\/ranoja-Logo.png","width":207,"height":58,"caption":"Ranoja O\u00dc"},"image":{"@id":"https:\/\/ranoja.ee\/#\/schema\/logo\/image\/"},"sameAs":["https:\/\/www.facebook.com\/ranoja.ee","https:\/\/www.instagram.com\/ranoja__\/"]}]}},"_links":{"self":[{"href":"https:\/\/ranoja.ee\/en\/wp-json\/wp\/v2\/product\/61105","targetHints":{"allow":["GET"]}}],"collection":[{"href":"https:\/\/ranoja.ee\/en\/wp-json\/wp\/v2\/product"}],"about":[{"href":"https:\/\/ranoja.ee\/en\/wp-json\/wp\/v2\/types\/product"}],"wp:featuredmedia":[{"embeddable":true,"href":"https:\/\/ranoja.ee\/en\/wp-json\/wp\/v2\/media\/61106"}],"wp:attachment":[{"href":"https:\/\/ranoja.ee\/en\/wp-json\/wp\/v2\/media?parent=61105"}],"wp:term":[{"taxonomy":"product_cat","embeddable":true,"href":"https:\/\/ranoja.ee\/en\/wp-json\/wp\/v2\/product_cat?post=61105"},{"taxonomy":"product_tag","embeddable":true,"href":"https:\/\/ranoja.ee\/en\/wp-json\/wp\/v2\/product_tag?post=61105"}],"curies":[{"name":"wp","href":"https:\/\/api.w.org\/{rel}","templated":true}]}}