{"id":61059,"date":"2026-03-17T02:25:47","date_gmt":"2026-03-16T23:25:47","guid":{"rendered":"https:\/\/ranoja.ee\/toode\/lintsaag-basa3v-malmlaua-jalgade-ja-variokiirusega-400v-scheppach\/"},"modified":"2026-03-17T15:37:16","modified_gmt":"2026-03-17T12:37:16","slug":"lintsaag-basa3v-malmlaua-jalgade-ja-variokiirusega-400v-scheppach","status":"publish","type":"product","link":"https:\/\/ranoja.ee\/en\/toode\/lintsaag-basa3v-malmlaua-jalgade-ja-variokiirusega-400v-scheppach\/","title":{"rendered":"Lintsaag Basa3V malmlaua, jalgade ja variokiirusega 400V, Scheppach"},"content":{"rendered":"","protected":false},"excerpt":{"rendered":"<p>M\u00f5\u00f5dud (P\/L\/K): 860mm x 600mm x 1115mm<br \/>\nLaua suurus: 548 x 400 mm.<br \/>\nLaua nurga muutmine: -8\u00b0 &#8211; 45\u00b0<br \/>\nTera rullik \u00f8: 315 mm<br \/>\nSaetera pikkus: 2360 mm<br \/>\nSaelindi laius: 3,5-16mm<br \/>\nL\u00f5ikekiirus: 370 &#8211; 750 m \/min<br \/>\nVabaruumi k\u00f5rgus\/laius: 205mm\/306mm<br \/>\nKaal: 75 kg<br \/>\nMootor: 400 V \/ 50Hz<br \/>\nSisendv\u00f5imsus: 0.7 kW <\/p>\n<p>Reguleeritav kiirus<br \/>\nVastupidav, kallutatav malmlaud<br \/>\n3 rullikuga saetera juhik<br \/>\nTera vahetamine k\u00e4ib kiirelt t\u00e4nu kiirkinnitusele<br \/>\nParalleeltugi<\/p>\n","protected":false},"featured_media":61060,"template":"","meta":{"inline_featured_image":false},"product_cat":[5365,5091,5090],"product_tag":[],"class_list":{"0":"post-61059","1":"product","2":"type-product","3":"status-publish","4":"has-post-thumbnail","6":"product_brand-scheppach","7":"product_cat-lintsaed","8":"product_cat-saepingid","9":"product_cat-teisaldatavad-toopingid","11":"first","12":"instock","13":"purchasable","14":"product-type-simple"},"yoast_head":"<!-- This site is optimized with the Yoast SEO plugin v27.4 - https:\/\/yoast.com\/product\/yoast-seo-wordpress\/ -->\n<title>Lintsaag Basa3V malmlaua, jalgade ja variokiirusega 400V, Scheppach - Ranoja<\/title>\n<meta name=\"robots\" content=\"index, follow, max-snippet:-1, max-image-preview:large, max-video-preview:-1\" \/>\n<link rel=\"canonical\" href=\"https:\/\/ranoja.ee\/toode\/lintsaag-basa3v-malmlaua-jalgade-ja-variokiirusega-400v-scheppach\/\" \/>\n<meta property=\"og:locale\" content=\"en_US\" \/>\n<meta property=\"og:type\" content=\"article\" \/>\n<meta property=\"og:title\" content=\"Lintsaag Basa3V malmlaua, jalgade ja variokiirusega 400V, Scheppach - Ranoja\" \/>\n<meta property=\"og:description\" content=\"M\u00f5\u00f5dud (P\/L\/K): 860mm x 600mm x 1115mm Laua suurus: 548 x 400 mm. Laua nurga muutmine: -8\u00b0 - 45\u00b0 Tera rullik \u00f8: 315 mm Saetera pikkus: 2360 mm Saelindi laius: 3,5-16mm L\u00f5ikekiirus: 370 - 750 m \/min Vabaruumi k\u00f5rgus\/laius: 205mm\/306mm Kaal: 75 kg Mootor: 400 V \/ 50Hz Sisendv\u00f5imsus: 0.7 kW  Reguleeritav kiirus Vastupidav, kallutatav malmlaud 3 rullikuga saetera juhik Tera vahetamine k\u00e4ib kiirelt t\u00e4nu kiirkinnitusele Paralleeltugi\" \/>\n<meta property=\"og:url\" content=\"https:\/\/ranoja.ee\/toode\/lintsaag-basa3v-malmlaua-jalgade-ja-variokiirusega-400v-scheppach\/\" \/>\n<meta property=\"og:site_name\" content=\"Ranoja\" \/>\n<meta property=\"article:publisher\" content=\"https:\/\/www.facebook.com\/ranoja.ee\" \/>\n<meta property=\"article:modified_time\" content=\"2026-03-17T12:37:16+00:00\" \/>\n<meta property=\"og:image\" content=\"https:\/\/ranoja.ee\/wp-content\/uploads\/2026\/03\/232428699.jpg\" \/>\n\t<meta property=\"og:image:width\" content=\"582\" \/>\n\t<meta property=\"og:image:height\" content=\"768\" \/>\n\t<meta property=\"og:image:type\" content=\"image\/jpeg\" \/>\n<meta name=\"twitter:card\" content=\"summary_large_image\" \/>\n<script type=\"application\/ld+json\" class=\"yoast-schema-graph\">{\"@context\":\"https:\\\/\\\/schema.org\",\"@graph\":[{\"@type\":\"WebPage\",\"@id\":\"https:\\\/\\\/ranoja.ee\\\/toode\\\/lintsaag-basa3v-malmlaua-jalgade-ja-variokiirusega-400v-scheppach\\\/\",\"url\":\"https:\\\/\\\/ranoja.ee\\\/toode\\\/lintsaag-basa3v-malmlaua-jalgade-ja-variokiirusega-400v-scheppach\\\/\",\"name\":\"Lintsaag Basa3V malmlaua, jalgade ja variokiirusega 400V, Scheppach - Ranoja\",\"isPartOf\":{\"@id\":\"https:\\\/\\\/ranoja.ee\\\/#website\"},\"primaryImageOfPage\":{\"@id\":\"https:\\\/\\\/ranoja.ee\\\/toode\\\/lintsaag-basa3v-malmlaua-jalgade-ja-variokiirusega-400v-scheppach\\\/#primaryimage\"},\"image\":{\"@id\":\"https:\\\/\\\/ranoja.ee\\\/toode\\\/lintsaag-basa3v-malmlaua-jalgade-ja-variokiirusega-400v-scheppach\\\/#primaryimage\"},\"thumbnailUrl\":\"https:\\\/\\\/ranoja.ee\\\/wp-content\\\/uploads\\\/2026\\\/03\\\/232428699.jpg\",\"datePublished\":\"2026-03-16T23:25:47+00:00\",\"dateModified\":\"2026-03-17T12:37:16+00:00\",\"breadcrumb\":{\"@id\":\"https:\\\/\\\/ranoja.ee\\\/toode\\\/lintsaag-basa3v-malmlaua-jalgade-ja-variokiirusega-400v-scheppach\\\/#breadcrumb\"},\"inLanguage\":\"en-US\",\"potentialAction\":[{\"@type\":\"ReadAction\",\"target\":[\"https:\\\/\\\/ranoja.ee\\\/toode\\\/lintsaag-basa3v-malmlaua-jalgade-ja-variokiirusega-400v-scheppach\\\/\"]}]},{\"@type\":\"ImageObject\",\"inLanguage\":\"en-US\",\"@id\":\"https:\\\/\\\/ranoja.ee\\\/toode\\\/lintsaag-basa3v-malmlaua-jalgade-ja-variokiirusega-400v-scheppach\\\/#primaryimage\",\"url\":\"https:\\\/\\\/ranoja.ee\\\/wp-content\\\/uploads\\\/2026\\\/03\\\/232428699.jpg\",\"contentUrl\":\"https:\\\/\\\/ranoja.ee\\\/wp-content\\\/uploads\\\/2026\\\/03\\\/232428699.jpg\",\"width\":582,\"height\":768},{\"@type\":\"BreadcrumbList\",\"@id\":\"https:\\\/\\\/ranoja.ee\\\/toode\\\/lintsaag-basa3v-malmlaua-jalgade-ja-variokiirusega-400v-scheppach\\\/#breadcrumb\",\"itemListElement\":[{\"@type\":\"ListItem\",\"position\":1,\"name\":\"Home\",\"item\":\"https:\\\/\\\/ranoja.ee\\\/\"},{\"@type\":\"ListItem\",\"position\":2,\"name\":\"Shop\",\"item\":\"https:\\\/\\\/ranoja.ee\\\/en\\\/shop\\\/\"},{\"@type\":\"ListItem\",\"position\":3,\"name\":\"Lintsaag Basa3V malmlaua, jalgade ja variokiirusega 400V, Scheppach\"}]},{\"@type\":\"WebSite\",\"@id\":\"https:\\\/\\\/ranoja.ee\\\/#website\",\"url\":\"https:\\\/\\\/ranoja.ee\\\/\",\"name\":\"Ranoja\",\"description\":\"Equipment Shop WooCommerce WordPress Theme for Machine &amp; Tools\",\"publisher\":{\"@id\":\"https:\\\/\\\/ranoja.ee\\\/#organization\"},\"potentialAction\":[{\"@type\":\"SearchAction\",\"target\":{\"@type\":\"EntryPoint\",\"urlTemplate\":\"https:\\\/\\\/ranoja.ee\\\/?s={search_term_string}\"},\"query-input\":{\"@type\":\"PropertyValueSpecification\",\"valueRequired\":true,\"valueName\":\"search_term_string\"}}],\"inLanguage\":\"en-US\"},{\"@type\":\"Organization\",\"@id\":\"https:\\\/\\\/ranoja.ee\\\/#organization\",\"name\":\"Ranoja O\u00dc\",\"url\":\"https:\\\/\\\/ranoja.ee\\\/\",\"logo\":{\"@type\":\"ImageObject\",\"inLanguage\":\"en-US\",\"@id\":\"https:\\\/\\\/ranoja.ee\\\/#\\\/schema\\\/logo\\\/image\\\/\",\"url\":\"https:\\\/\\\/ranoja.ee\\\/wp-content\\\/uploads\\\/2023\\\/11\\\/ranoja-Logo.png\",\"contentUrl\":\"https:\\\/\\\/ranoja.ee\\\/wp-content\\\/uploads\\\/2023\\\/11\\\/ranoja-Logo.png\",\"width\":207,\"height\":58,\"caption\":\"Ranoja O\u00dc\"},\"image\":{\"@id\":\"https:\\\/\\\/ranoja.ee\\\/#\\\/schema\\\/logo\\\/image\\\/\"},\"sameAs\":[\"https:\\\/\\\/www.facebook.com\\\/ranoja.ee\",\"https:\\\/\\\/www.instagram.com\\\/ranoja__\\\/\"]}]}<\/script>\n<!-- \/ Yoast SEO plugin. -->","yoast_head_json":{"title":"Lintsaag Basa3V malmlaua, jalgade ja variokiirusega 400V, Scheppach - Ranoja","robots":{"index":"index","follow":"follow","max-snippet":"max-snippet:-1","max-image-preview":"max-image-preview:large","max-video-preview":"max-video-preview:-1"},"canonical":"https:\/\/ranoja.ee\/toode\/lintsaag-basa3v-malmlaua-jalgade-ja-variokiirusega-400v-scheppach\/","og_locale":"en_US","og_type":"article","og_title":"Lintsaag Basa3V malmlaua, jalgade ja variokiirusega 400V, Scheppach - Ranoja","og_description":"M\u00f5\u00f5dud (P\/L\/K): 860mm x 600mm x 1115mm Laua suurus: 548 x 400 mm. Laua nurga muutmine: -8\u00b0 - 45\u00b0 Tera rullik \u00f8: 315 mm Saetera pikkus: 2360 mm Saelindi laius: 3,5-16mm L\u00f5ikekiirus: 370 - 750 m \/min Vabaruumi k\u00f5rgus\/laius: 205mm\/306mm Kaal: 75 kg Mootor: 400 V \/ 50Hz Sisendv\u00f5imsus: 0.7 kW  Reguleeritav kiirus Vastupidav, kallutatav malmlaud 3 rullikuga saetera juhik Tera vahetamine k\u00e4ib kiirelt t\u00e4nu kiirkinnitusele Paralleeltugi","og_url":"https:\/\/ranoja.ee\/toode\/lintsaag-basa3v-malmlaua-jalgade-ja-variokiirusega-400v-scheppach\/","og_site_name":"Ranoja","article_publisher":"https:\/\/www.facebook.com\/ranoja.ee","article_modified_time":"2026-03-17T12:37:16+00:00","og_image":[{"width":582,"height":768,"url":"https:\/\/ranoja.ee\/wp-content\/uploads\/2026\/03\/232428699.jpg","type":"image\/jpeg"}],"twitter_card":"summary_large_image","schema":{"@context":"https:\/\/schema.org","@graph":[{"@type":"WebPage","@id":"https:\/\/ranoja.ee\/toode\/lintsaag-basa3v-malmlaua-jalgade-ja-variokiirusega-400v-scheppach\/","url":"https:\/\/ranoja.ee\/toode\/lintsaag-basa3v-malmlaua-jalgade-ja-variokiirusega-400v-scheppach\/","name":"Lintsaag Basa3V malmlaua, jalgade ja variokiirusega 400V, Scheppach - Ranoja","isPartOf":{"@id":"https:\/\/ranoja.ee\/#website"},"primaryImageOfPage":{"@id":"https:\/\/ranoja.ee\/toode\/lintsaag-basa3v-malmlaua-jalgade-ja-variokiirusega-400v-scheppach\/#primaryimage"},"image":{"@id":"https:\/\/ranoja.ee\/toode\/lintsaag-basa3v-malmlaua-jalgade-ja-variokiirusega-400v-scheppach\/#primaryimage"},"thumbnailUrl":"https:\/\/ranoja.ee\/wp-content\/uploads\/2026\/03\/232428699.jpg","datePublished":"2026-03-16T23:25:47+00:00","dateModified":"2026-03-17T12:37:16+00:00","breadcrumb":{"@id":"https:\/\/ranoja.ee\/toode\/lintsaag-basa3v-malmlaua-jalgade-ja-variokiirusega-400v-scheppach\/#breadcrumb"},"inLanguage":"en-US","potentialAction":[{"@type":"ReadAction","target":["https:\/\/ranoja.ee\/toode\/lintsaag-basa3v-malmlaua-jalgade-ja-variokiirusega-400v-scheppach\/"]}]},{"@type":"ImageObject","inLanguage":"en-US","@id":"https:\/\/ranoja.ee\/toode\/lintsaag-basa3v-malmlaua-jalgade-ja-variokiirusega-400v-scheppach\/#primaryimage","url":"https:\/\/ranoja.ee\/wp-content\/uploads\/2026\/03\/232428699.jpg","contentUrl":"https:\/\/ranoja.ee\/wp-content\/uploads\/2026\/03\/232428699.jpg","width":582,"height":768},{"@type":"BreadcrumbList","@id":"https:\/\/ranoja.ee\/toode\/lintsaag-basa3v-malmlaua-jalgade-ja-variokiirusega-400v-scheppach\/#breadcrumb","itemListElement":[{"@type":"ListItem","position":1,"name":"Home","item":"https:\/\/ranoja.ee\/"},{"@type":"ListItem","position":2,"name":"Shop","item":"https:\/\/ranoja.ee\/en\/shop\/"},{"@type":"ListItem","position":3,"name":"Lintsaag Basa3V malmlaua, jalgade ja variokiirusega 400V, Scheppach"}]},{"@type":"WebSite","@id":"https:\/\/ranoja.ee\/#website","url":"https:\/\/ranoja.ee\/","name":"Ranoja","description":"Equipment Shop WooCommerce WordPress Theme for Machine &amp; Tools","publisher":{"@id":"https:\/\/ranoja.ee\/#organization"},"potentialAction":[{"@type":"SearchAction","target":{"@type":"EntryPoint","urlTemplate":"https:\/\/ranoja.ee\/?s={search_term_string}"},"query-input":{"@type":"PropertyValueSpecification","valueRequired":true,"valueName":"search_term_string"}}],"inLanguage":"en-US"},{"@type":"Organization","@id":"https:\/\/ranoja.ee\/#organization","name":"Ranoja O\u00dc","url":"https:\/\/ranoja.ee\/","logo":{"@type":"ImageObject","inLanguage":"en-US","@id":"https:\/\/ranoja.ee\/#\/schema\/logo\/image\/","url":"https:\/\/ranoja.ee\/wp-content\/uploads\/2023\/11\/ranoja-Logo.png","contentUrl":"https:\/\/ranoja.ee\/wp-content\/uploads\/2023\/11\/ranoja-Logo.png","width":207,"height":58,"caption":"Ranoja O\u00dc"},"image":{"@id":"https:\/\/ranoja.ee\/#\/schema\/logo\/image\/"},"sameAs":["https:\/\/www.facebook.com\/ranoja.ee","https:\/\/www.instagram.com\/ranoja__\/"]}]}},"_links":{"self":[{"href":"https:\/\/ranoja.ee\/en\/wp-json\/wp\/v2\/product\/61059","targetHints":{"allow":["GET"]}}],"collection":[{"href":"https:\/\/ranoja.ee\/en\/wp-json\/wp\/v2\/product"}],"about":[{"href":"https:\/\/ranoja.ee\/en\/wp-json\/wp\/v2\/types\/product"}],"wp:featuredmedia":[{"embeddable":true,"href":"https:\/\/ranoja.ee\/en\/wp-json\/wp\/v2\/media\/61060"}],"wp:attachment":[{"href":"https:\/\/ranoja.ee\/en\/wp-json\/wp\/v2\/media?parent=61059"}],"wp:term":[{"taxonomy":"product_cat","embeddable":true,"href":"https:\/\/ranoja.ee\/en\/wp-json\/wp\/v2\/product_cat?post=61059"},{"taxonomy":"product_tag","embeddable":true,"href":"https:\/\/ranoja.ee\/en\/wp-json\/wp\/v2\/product_tag?post=61059"}],"curies":[{"name":"wp","href":"https:\/\/api.w.org\/{rel}","templated":true}]}}