{"id":61017,"date":"2026-03-17T02:25:22","date_gmt":"2026-03-16T23:25:22","guid":{"rendered":"https:\/\/ranoja.ee\/toode\/sukelsaag-pl75-scheppach\/"},"modified":"2026-03-17T15:37:17","modified_gmt":"2026-03-17T12:37:17","slug":"sukelsaag-pl75-scheppach","status":"publish","type":"product","link":"https:\/\/ranoja.ee\/en\/toode\/sukelsaag-pl75-scheppach\/","title":{"rendered":"Sukelsaag PL75, Scheppach"},"content":{"rendered":"","protected":false},"excerpt":{"rendered":"<p>Saeketta l\u00e4bim\u00f5\u00f5t: 210&#215;30 mm, z 48<br \/>\nL\u00f5ikekiirus: 4500 p\/min<br \/>\nMax l\u00f5ikes\u00fcgavus: 75 mm (90\u00b0)<br \/>\nMax l\u00f5ikes\u00fcgavus: 55 mm (45\u00b0)<br \/>\nL\u00f5ikenurk: 0 \u2013 45\u00b0<br \/>\nSeina l\u00e4hedalt saagimine: 16 mm<br \/>\nPuruimemise otsik: 38 mm<br \/>\nKaal: 6,9 kg<br \/>\nV\u00f5imsus: 1600 W<\/p>\n<p>Sobiv juhtsiin sirgete l\u00f5igete sooritamiseks: 4901802701&#038;SCHEP<\/p>\n<p>PL75 on ideaalne seinal\u00e4hedasteks l\u00f5igeteks. <br \/>\nSee t\u00f6\u00f6riist annab profitulemuse ka kodus ja t\u00f6\u00f6kojas. <br \/>\nSobib t\u00e4ispuidu, laastplaadi, vineeri, MDF ja kahelt poolt lamineeritud materjali l\u00f5ikamiseks. Kiilunuga turvalisteks sukell\u00f5igeteks.<br \/>\nKaldl\u00f5iked 0\u00b0 kuni 45\u00b0. <br \/>\nVarustatud ka kaldkukkumise kaitsega &#8211; see hoiab \u00e4ra sae \u00fcmberminemise suure kalde puhul. <br \/>\nKomplekteeritud laastueralduskaitsega, mis annab &#8220;killuvaba&#8221; l\u00f5ike MDF ja teiste sarnaste materjalide saagimisel<\/p>\n<p>Komplekti kuulub: saeketas ja paralleltugi<\/p>\n","protected":false},"featured_media":61018,"template":"","meta":{"inline_featured_image":false},"product_cat":[5111,5223,5222],"product_tag":[],"class_list":{"0":"post-61017","1":"product","2":"type-product","3":"status-publish","4":"has-post-thumbnail","6":"product_brand-scheppach","7":"product_cat-elektrilised-kasitooriistad","8":"product_cat-ketassaed","9":"product_cat-saed-ja-hoovlid","11":"first","12":"instock","13":"purchasable","14":"product-type-simple"},"yoast_head":"<!-- This site is optimized with the Yoast SEO plugin v27.4 - https:\/\/yoast.com\/product\/yoast-seo-wordpress\/ -->\n<title>Sukelsaag PL75, Scheppach - Ranoja<\/title>\n<meta name=\"robots\" content=\"index, follow, max-snippet:-1, max-image-preview:large, max-video-preview:-1\" \/>\n<link rel=\"canonical\" href=\"https:\/\/ranoja.ee\/toode\/sukelsaag-pl75-scheppach\/\" \/>\n<meta property=\"og:locale\" content=\"en_US\" \/>\n<meta property=\"og:type\" content=\"article\" \/>\n<meta property=\"og:title\" content=\"Sukelsaag PL75, Scheppach - Ranoja\" \/>\n<meta property=\"og:description\" content=\"Saeketta l\u00e4bim\u00f5\u00f5t: 210x30 mm, z 48 L\u00f5ikekiirus: 4500 p\/min Max l\u00f5ikes\u00fcgavus: 75 mm (90\u00b0) Max l\u00f5ikes\u00fcgavus: 55 mm (45\u00b0) L\u00f5ikenurk: 0 \u2013 45\u00b0 Seina l\u00e4hedalt saagimine: 16 mm Puruimemise otsik: 38 mm Kaal: 6,9 kg V\u00f5imsus: 1600 W Sobiv juhtsiin sirgete l\u00f5igete sooritamiseks: 4901802701&amp;SCHEP PL75 on ideaalne seinal\u00e4hedasteks l\u00f5igeteks. See t\u00f6\u00f6riist annab profitulemuse ka kodus ja t\u00f6\u00f6kojas. Sobib t\u00e4ispuidu, laastplaadi, vineeri, MDF ja kahelt poolt lamineeritud materjali l\u00f5ikamiseks. Kiilunuga turvalisteks sukell\u00f5igeteks. Kaldl\u00f5iked 0\u00b0 kuni 45\u00b0. Varustatud ka kaldkukkumise kaitsega - see hoiab \u00e4ra sae \u00fcmberminemise suure kalde puhul. Komplekteeritud laastueralduskaitsega, mis annab &quot;killuvaba&quot; l\u00f5ike MDF ja teiste sarnaste materjalide saagimisel Komplekti kuulub: saeketas ja paralleltugi\" \/>\n<meta property=\"og:url\" content=\"https:\/\/ranoja.ee\/toode\/sukelsaag-pl75-scheppach\/\" \/>\n<meta property=\"og:site_name\" content=\"Ranoja\" \/>\n<meta property=\"article:publisher\" content=\"https:\/\/www.facebook.com\/ranoja.ee\" \/>\n<meta property=\"article:modified_time\" content=\"2026-03-17T12:37:17+00:00\" \/>\n<meta property=\"og:image\" content=\"https:\/\/ranoja.ee\/wp-content\/uploads\/2026\/03\/245056751.jpg\" \/>\n\t<meta property=\"og:image:width\" content=\"776\" \/>\n\t<meta property=\"og:image:height\" content=\"768\" \/>\n\t<meta property=\"og:image:type\" content=\"image\/jpeg\" \/>\n<meta name=\"twitter:card\" content=\"summary_large_image\" \/>\n<script type=\"application\/ld+json\" class=\"yoast-schema-graph\">{\"@context\":\"https:\\\/\\\/schema.org\",\"@graph\":[{\"@type\":\"WebPage\",\"@id\":\"https:\\\/\\\/ranoja.ee\\\/toode\\\/sukelsaag-pl75-scheppach\\\/\",\"url\":\"https:\\\/\\\/ranoja.ee\\\/toode\\\/sukelsaag-pl75-scheppach\\\/\",\"name\":\"Sukelsaag PL75, Scheppach - Ranoja\",\"isPartOf\":{\"@id\":\"https:\\\/\\\/ranoja.ee\\\/#website\"},\"primaryImageOfPage\":{\"@id\":\"https:\\\/\\\/ranoja.ee\\\/toode\\\/sukelsaag-pl75-scheppach\\\/#primaryimage\"},\"image\":{\"@id\":\"https:\\\/\\\/ranoja.ee\\\/toode\\\/sukelsaag-pl75-scheppach\\\/#primaryimage\"},\"thumbnailUrl\":\"https:\\\/\\\/ranoja.ee\\\/wp-content\\\/uploads\\\/2026\\\/03\\\/245056751.jpg\",\"datePublished\":\"2026-03-16T23:25:22+00:00\",\"dateModified\":\"2026-03-17T12:37:17+00:00\",\"breadcrumb\":{\"@id\":\"https:\\\/\\\/ranoja.ee\\\/toode\\\/sukelsaag-pl75-scheppach\\\/#breadcrumb\"},\"inLanguage\":\"en-US\",\"potentialAction\":[{\"@type\":\"ReadAction\",\"target\":[\"https:\\\/\\\/ranoja.ee\\\/toode\\\/sukelsaag-pl75-scheppach\\\/\"]}]},{\"@type\":\"ImageObject\",\"inLanguage\":\"en-US\",\"@id\":\"https:\\\/\\\/ranoja.ee\\\/toode\\\/sukelsaag-pl75-scheppach\\\/#primaryimage\",\"url\":\"https:\\\/\\\/ranoja.ee\\\/wp-content\\\/uploads\\\/2026\\\/03\\\/245056751.jpg\",\"contentUrl\":\"https:\\\/\\\/ranoja.ee\\\/wp-content\\\/uploads\\\/2026\\\/03\\\/245056751.jpg\",\"width\":776,\"height\":768},{\"@type\":\"BreadcrumbList\",\"@id\":\"https:\\\/\\\/ranoja.ee\\\/toode\\\/sukelsaag-pl75-scheppach\\\/#breadcrumb\",\"itemListElement\":[{\"@type\":\"ListItem\",\"position\":1,\"name\":\"Home\",\"item\":\"https:\\\/\\\/ranoja.ee\\\/\"},{\"@type\":\"ListItem\",\"position\":2,\"name\":\"Shop\",\"item\":\"https:\\\/\\\/ranoja.ee\\\/en\\\/shop\\\/\"},{\"@type\":\"ListItem\",\"position\":3,\"name\":\"Sukelsaag PL75, Scheppach\"}]},{\"@type\":\"WebSite\",\"@id\":\"https:\\\/\\\/ranoja.ee\\\/#website\",\"url\":\"https:\\\/\\\/ranoja.ee\\\/\",\"name\":\"Ranoja\",\"description\":\"Equipment Shop WooCommerce WordPress Theme for Machine &amp; Tools\",\"publisher\":{\"@id\":\"https:\\\/\\\/ranoja.ee\\\/#organization\"},\"potentialAction\":[{\"@type\":\"SearchAction\",\"target\":{\"@type\":\"EntryPoint\",\"urlTemplate\":\"https:\\\/\\\/ranoja.ee\\\/?s={search_term_string}\"},\"query-input\":{\"@type\":\"PropertyValueSpecification\",\"valueRequired\":true,\"valueName\":\"search_term_string\"}}],\"inLanguage\":\"en-US\"},{\"@type\":\"Organization\",\"@id\":\"https:\\\/\\\/ranoja.ee\\\/#organization\",\"name\":\"Ranoja O\u00dc\",\"url\":\"https:\\\/\\\/ranoja.ee\\\/\",\"logo\":{\"@type\":\"ImageObject\",\"inLanguage\":\"en-US\",\"@id\":\"https:\\\/\\\/ranoja.ee\\\/#\\\/schema\\\/logo\\\/image\\\/\",\"url\":\"https:\\\/\\\/ranoja.ee\\\/wp-content\\\/uploads\\\/2023\\\/11\\\/ranoja-Logo.png\",\"contentUrl\":\"https:\\\/\\\/ranoja.ee\\\/wp-content\\\/uploads\\\/2023\\\/11\\\/ranoja-Logo.png\",\"width\":207,\"height\":58,\"caption\":\"Ranoja O\u00dc\"},\"image\":{\"@id\":\"https:\\\/\\\/ranoja.ee\\\/#\\\/schema\\\/logo\\\/image\\\/\"},\"sameAs\":[\"https:\\\/\\\/www.facebook.com\\\/ranoja.ee\",\"https:\\\/\\\/www.instagram.com\\\/ranoja__\\\/\"]}]}<\/script>\n<!-- \/ Yoast SEO plugin. -->","yoast_head_json":{"title":"Sukelsaag PL75, Scheppach - Ranoja","robots":{"index":"index","follow":"follow","max-snippet":"max-snippet:-1","max-image-preview":"max-image-preview:large","max-video-preview":"max-video-preview:-1"},"canonical":"https:\/\/ranoja.ee\/toode\/sukelsaag-pl75-scheppach\/","og_locale":"en_US","og_type":"article","og_title":"Sukelsaag PL75, Scheppach - Ranoja","og_description":"Saeketta l\u00e4bim\u00f5\u00f5t: 210x30 mm, z 48 L\u00f5ikekiirus: 4500 p\/min Max l\u00f5ikes\u00fcgavus: 75 mm (90\u00b0) Max l\u00f5ikes\u00fcgavus: 55 mm (45\u00b0) L\u00f5ikenurk: 0 \u2013 45\u00b0 Seina l\u00e4hedalt saagimine: 16 mm Puruimemise otsik: 38 mm Kaal: 6,9 kg V\u00f5imsus: 1600 W Sobiv juhtsiin sirgete l\u00f5igete sooritamiseks: 4901802701&SCHEP PL75 on ideaalne seinal\u00e4hedasteks l\u00f5igeteks. See t\u00f6\u00f6riist annab profitulemuse ka kodus ja t\u00f6\u00f6kojas. Sobib t\u00e4ispuidu, laastplaadi, vineeri, MDF ja kahelt poolt lamineeritud materjali l\u00f5ikamiseks. Kiilunuga turvalisteks sukell\u00f5igeteks. Kaldl\u00f5iked 0\u00b0 kuni 45\u00b0. Varustatud ka kaldkukkumise kaitsega - see hoiab \u00e4ra sae \u00fcmberminemise suure kalde puhul. Komplekteeritud laastueralduskaitsega, mis annab \"killuvaba\" l\u00f5ike MDF ja teiste sarnaste materjalide saagimisel Komplekti kuulub: saeketas ja paralleltugi","og_url":"https:\/\/ranoja.ee\/toode\/sukelsaag-pl75-scheppach\/","og_site_name":"Ranoja","article_publisher":"https:\/\/www.facebook.com\/ranoja.ee","article_modified_time":"2026-03-17T12:37:17+00:00","og_image":[{"width":776,"height":768,"url":"https:\/\/ranoja.ee\/wp-content\/uploads\/2026\/03\/245056751.jpg","type":"image\/jpeg"}],"twitter_card":"summary_large_image","schema":{"@context":"https:\/\/schema.org","@graph":[{"@type":"WebPage","@id":"https:\/\/ranoja.ee\/toode\/sukelsaag-pl75-scheppach\/","url":"https:\/\/ranoja.ee\/toode\/sukelsaag-pl75-scheppach\/","name":"Sukelsaag PL75, Scheppach - Ranoja","isPartOf":{"@id":"https:\/\/ranoja.ee\/#website"},"primaryImageOfPage":{"@id":"https:\/\/ranoja.ee\/toode\/sukelsaag-pl75-scheppach\/#primaryimage"},"image":{"@id":"https:\/\/ranoja.ee\/toode\/sukelsaag-pl75-scheppach\/#primaryimage"},"thumbnailUrl":"https:\/\/ranoja.ee\/wp-content\/uploads\/2026\/03\/245056751.jpg","datePublished":"2026-03-16T23:25:22+00:00","dateModified":"2026-03-17T12:37:17+00:00","breadcrumb":{"@id":"https:\/\/ranoja.ee\/toode\/sukelsaag-pl75-scheppach\/#breadcrumb"},"inLanguage":"en-US","potentialAction":[{"@type":"ReadAction","target":["https:\/\/ranoja.ee\/toode\/sukelsaag-pl75-scheppach\/"]}]},{"@type":"ImageObject","inLanguage":"en-US","@id":"https:\/\/ranoja.ee\/toode\/sukelsaag-pl75-scheppach\/#primaryimage","url":"https:\/\/ranoja.ee\/wp-content\/uploads\/2026\/03\/245056751.jpg","contentUrl":"https:\/\/ranoja.ee\/wp-content\/uploads\/2026\/03\/245056751.jpg","width":776,"height":768},{"@type":"BreadcrumbList","@id":"https:\/\/ranoja.ee\/toode\/sukelsaag-pl75-scheppach\/#breadcrumb","itemListElement":[{"@type":"ListItem","position":1,"name":"Home","item":"https:\/\/ranoja.ee\/"},{"@type":"ListItem","position":2,"name":"Shop","item":"https:\/\/ranoja.ee\/en\/shop\/"},{"@type":"ListItem","position":3,"name":"Sukelsaag PL75, Scheppach"}]},{"@type":"WebSite","@id":"https:\/\/ranoja.ee\/#website","url":"https:\/\/ranoja.ee\/","name":"Ranoja","description":"Equipment Shop WooCommerce WordPress Theme for Machine &amp; Tools","publisher":{"@id":"https:\/\/ranoja.ee\/#organization"},"potentialAction":[{"@type":"SearchAction","target":{"@type":"EntryPoint","urlTemplate":"https:\/\/ranoja.ee\/?s={search_term_string}"},"query-input":{"@type":"PropertyValueSpecification","valueRequired":true,"valueName":"search_term_string"}}],"inLanguage":"en-US"},{"@type":"Organization","@id":"https:\/\/ranoja.ee\/#organization","name":"Ranoja O\u00dc","url":"https:\/\/ranoja.ee\/","logo":{"@type":"ImageObject","inLanguage":"en-US","@id":"https:\/\/ranoja.ee\/#\/schema\/logo\/image\/","url":"https:\/\/ranoja.ee\/wp-content\/uploads\/2023\/11\/ranoja-Logo.png","contentUrl":"https:\/\/ranoja.ee\/wp-content\/uploads\/2023\/11\/ranoja-Logo.png","width":207,"height":58,"caption":"Ranoja O\u00dc"},"image":{"@id":"https:\/\/ranoja.ee\/#\/schema\/logo\/image\/"},"sameAs":["https:\/\/www.facebook.com\/ranoja.ee","https:\/\/www.instagram.com\/ranoja__\/"]}]}},"_links":{"self":[{"href":"https:\/\/ranoja.ee\/en\/wp-json\/wp\/v2\/product\/61017","targetHints":{"allow":["GET"]}}],"collection":[{"href":"https:\/\/ranoja.ee\/en\/wp-json\/wp\/v2\/product"}],"about":[{"href":"https:\/\/ranoja.ee\/en\/wp-json\/wp\/v2\/types\/product"}],"wp:featuredmedia":[{"embeddable":true,"href":"https:\/\/ranoja.ee\/en\/wp-json\/wp\/v2\/media\/61018"}],"wp:attachment":[{"href":"https:\/\/ranoja.ee\/en\/wp-json\/wp\/v2\/media?parent=61017"}],"wp:term":[{"taxonomy":"product_cat","embeddable":true,"href":"https:\/\/ranoja.ee\/en\/wp-json\/wp\/v2\/product_cat?post=61017"},{"taxonomy":"product_tag","embeddable":true,"href":"https:\/\/ranoja.ee\/en\/wp-json\/wp\/v2\/product_tag?post=61017"}],"curies":[{"name":"wp","href":"https:\/\/api.w.org\/{rel}","templated":true}]}}