{"id":61015,"date":"2026-03-17T02:25:22","date_gmt":"2026-03-16T23:25:22","guid":{"rendered":"https:\/\/ranoja.ee\/toode\/plaastri-taitepakend-plaastriautomaati-sinine-30-tk-cederroth\/"},"modified":"2026-03-17T15:37:17","modified_gmt":"2026-03-17T12:37:17","slug":"plaastri-taitepakend-plaastriautomaati-sinine-30-tk-cederroth","status":"publish","type":"product","link":"https:\/\/ranoja.ee\/en\/toode\/plaastri-taitepakend-plaastriautomaati-sinine-30-tk-cederroth\/","title":{"rendered":"Plaastri t\u00e4itepakend plaastriautomaati, sinine, 30 tk, Cederroth"},"content":{"rendered":"","protected":false},"excerpt":{"rendered":"<p>\u00dches pakendis on peale tavaliste m\u00f5\u00f5tudega plaastrite ka s\u00f5rmeotsa plaastrid. Salvequick sinised, metallidetektoriga avastatavad plaastrid on v\u00e4lja t\u00f6\u00f6tatud spetsiaalselt toiduainetet\u00f6\u00f6stuse jaoks. Enamus toiduainetet\u00f6\u00f6stuses kasutatavaid metallidetektoreid suudavad selle plaastri leida, sinine v\u00e4rv teeb plaastri ka kergesti m\u00e4rgatavaks. Plaastrid on k\u00f5rge kvaliteediga, antiallergilised ja mugavad kasutada.<\/p>\n<p>Komplektis:<br \/>\nIgas t\u00e4itepakendis on 30 plaastri (15 plaastrit m\u00f5\u00f5tudega 66 x 39 (22) mm ja 15 plaastrit m\u00f5\u00f5tudega 72 x 19 mm). <br \/>\n6 tk pakis<\/p>\n","protected":false},"featured_media":61016,"template":"","meta":{"inline_featured_image":false},"product_cat":[5071,5022],"product_tag":[],"class_list":{"0":"post-61015","1":"product","2":"type-product","3":"status-publish","4":"has-post-thumbnail","6":"product_brand-cederroth","7":"product_cat-esmaabivahendid","8":"product_cat-isikukaitsevahendid","10":"first","11":"instock","12":"purchasable","13":"product-type-simple"},"yoast_head":"<!-- This site is optimized with the Yoast SEO plugin v27.4 - https:\/\/yoast.com\/product\/yoast-seo-wordpress\/ -->\n<title>Plaastri t\u00e4itepakend plaastriautomaati, sinine, 30 tk, Cederroth - Ranoja<\/title>\n<meta name=\"robots\" content=\"index, follow, max-snippet:-1, max-image-preview:large, max-video-preview:-1\" \/>\n<link rel=\"canonical\" href=\"https:\/\/ranoja.ee\/toode\/plaastri-taitepakend-plaastriautomaati-sinine-30-tk-cederroth\/\" \/>\n<meta property=\"og:locale\" content=\"en_US\" \/>\n<meta property=\"og:type\" content=\"article\" \/>\n<meta property=\"og:title\" content=\"Plaastri t\u00e4itepakend plaastriautomaati, sinine, 30 tk, Cederroth - Ranoja\" \/>\n<meta property=\"og:description\" content=\"\u00dches pakendis on peale tavaliste m\u00f5\u00f5tudega plaastrite ka s\u00f5rmeotsa plaastrid. Salvequick sinised, metallidetektoriga avastatavad plaastrid on v\u00e4lja t\u00f6\u00f6tatud spetsiaalselt toiduainetet\u00f6\u00f6stuse jaoks. Enamus toiduainetet\u00f6\u00f6stuses kasutatavaid metallidetektoreid suudavad selle plaastri leida, sinine v\u00e4rv teeb plaastri ka kergesti m\u00e4rgatavaks. Plaastrid on k\u00f5rge kvaliteediga, antiallergilised ja mugavad kasutada. Komplektis: Igas t\u00e4itepakendis on 30 plaastri (15 plaastrit m\u00f5\u00f5tudega 66 x 39 (22) mm ja 15 plaastrit m\u00f5\u00f5tudega 72 x 19 mm). 6 tk pakis\" \/>\n<meta property=\"og:url\" content=\"https:\/\/ranoja.ee\/toode\/plaastri-taitepakend-plaastriautomaati-sinine-30-tk-cederroth\/\" \/>\n<meta property=\"og:site_name\" content=\"Ranoja\" \/>\n<meta property=\"article:publisher\" content=\"https:\/\/www.facebook.com\/ranoja.ee\" \/>\n<meta property=\"article:modified_time\" content=\"2026-03-17T12:37:17+00:00\" \/>\n<meta property=\"og:image\" content=\"https:\/\/ranoja.ee\/wp-content\/uploads\/2026\/03\/5637760454.jpg\" \/>\n\t<meta property=\"og:image:width\" content=\"859\" \/>\n\t<meta property=\"og:image:height\" content=\"900\" \/>\n\t<meta property=\"og:image:type\" content=\"image\/jpeg\" \/>\n<meta name=\"twitter:card\" content=\"summary_large_image\" \/>\n<script type=\"application\/ld+json\" class=\"yoast-schema-graph\">{\"@context\":\"https:\\\/\\\/schema.org\",\"@graph\":[{\"@type\":\"WebPage\",\"@id\":\"https:\\\/\\\/ranoja.ee\\\/toode\\\/plaastri-taitepakend-plaastriautomaati-sinine-30-tk-cederroth\\\/\",\"url\":\"https:\\\/\\\/ranoja.ee\\\/toode\\\/plaastri-taitepakend-plaastriautomaati-sinine-30-tk-cederroth\\\/\",\"name\":\"Plaastri t\u00e4itepakend plaastriautomaati, sinine, 30 tk, Cederroth - Ranoja\",\"isPartOf\":{\"@id\":\"https:\\\/\\\/ranoja.ee\\\/#website\"},\"primaryImageOfPage\":{\"@id\":\"https:\\\/\\\/ranoja.ee\\\/toode\\\/plaastri-taitepakend-plaastriautomaati-sinine-30-tk-cederroth\\\/#primaryimage\"},\"image\":{\"@id\":\"https:\\\/\\\/ranoja.ee\\\/toode\\\/plaastri-taitepakend-plaastriautomaati-sinine-30-tk-cederroth\\\/#primaryimage\"},\"thumbnailUrl\":\"https:\\\/\\\/ranoja.ee\\\/wp-content\\\/uploads\\\/2026\\\/03\\\/5637760454.jpg\",\"datePublished\":\"2026-03-16T23:25:22+00:00\",\"dateModified\":\"2026-03-17T12:37:17+00:00\",\"breadcrumb\":{\"@id\":\"https:\\\/\\\/ranoja.ee\\\/toode\\\/plaastri-taitepakend-plaastriautomaati-sinine-30-tk-cederroth\\\/#breadcrumb\"},\"inLanguage\":\"en-US\",\"potentialAction\":[{\"@type\":\"ReadAction\",\"target\":[\"https:\\\/\\\/ranoja.ee\\\/toode\\\/plaastri-taitepakend-plaastriautomaati-sinine-30-tk-cederroth\\\/\"]}]},{\"@type\":\"ImageObject\",\"inLanguage\":\"en-US\",\"@id\":\"https:\\\/\\\/ranoja.ee\\\/toode\\\/plaastri-taitepakend-plaastriautomaati-sinine-30-tk-cederroth\\\/#primaryimage\",\"url\":\"https:\\\/\\\/ranoja.ee\\\/wp-content\\\/uploads\\\/2026\\\/03\\\/5637760454.jpg\",\"contentUrl\":\"https:\\\/\\\/ranoja.ee\\\/wp-content\\\/uploads\\\/2026\\\/03\\\/5637760454.jpg\",\"width\":859,\"height\":900},{\"@type\":\"BreadcrumbList\",\"@id\":\"https:\\\/\\\/ranoja.ee\\\/toode\\\/plaastri-taitepakend-plaastriautomaati-sinine-30-tk-cederroth\\\/#breadcrumb\",\"itemListElement\":[{\"@type\":\"ListItem\",\"position\":1,\"name\":\"Home\",\"item\":\"https:\\\/\\\/ranoja.ee\\\/\"},{\"@type\":\"ListItem\",\"position\":2,\"name\":\"Shop\",\"item\":\"https:\\\/\\\/ranoja.ee\\\/en\\\/shop\\\/\"},{\"@type\":\"ListItem\",\"position\":3,\"name\":\"Plaastri t\u00e4itepakend plaastriautomaati, sinine, 30 tk, Cederroth\"}]},{\"@type\":\"WebSite\",\"@id\":\"https:\\\/\\\/ranoja.ee\\\/#website\",\"url\":\"https:\\\/\\\/ranoja.ee\\\/\",\"name\":\"Ranoja\",\"description\":\"Equipment Shop WooCommerce WordPress Theme for Machine &amp; Tools\",\"publisher\":{\"@id\":\"https:\\\/\\\/ranoja.ee\\\/#organization\"},\"potentialAction\":[{\"@type\":\"SearchAction\",\"target\":{\"@type\":\"EntryPoint\",\"urlTemplate\":\"https:\\\/\\\/ranoja.ee\\\/?s={search_term_string}\"},\"query-input\":{\"@type\":\"PropertyValueSpecification\",\"valueRequired\":true,\"valueName\":\"search_term_string\"}}],\"inLanguage\":\"en-US\"},{\"@type\":\"Organization\",\"@id\":\"https:\\\/\\\/ranoja.ee\\\/#organization\",\"name\":\"Ranoja O\u00dc\",\"url\":\"https:\\\/\\\/ranoja.ee\\\/\",\"logo\":{\"@type\":\"ImageObject\",\"inLanguage\":\"en-US\",\"@id\":\"https:\\\/\\\/ranoja.ee\\\/#\\\/schema\\\/logo\\\/image\\\/\",\"url\":\"https:\\\/\\\/ranoja.ee\\\/wp-content\\\/uploads\\\/2023\\\/11\\\/ranoja-Logo.png\",\"contentUrl\":\"https:\\\/\\\/ranoja.ee\\\/wp-content\\\/uploads\\\/2023\\\/11\\\/ranoja-Logo.png\",\"width\":207,\"height\":58,\"caption\":\"Ranoja O\u00dc\"},\"image\":{\"@id\":\"https:\\\/\\\/ranoja.ee\\\/#\\\/schema\\\/logo\\\/image\\\/\"},\"sameAs\":[\"https:\\\/\\\/www.facebook.com\\\/ranoja.ee\",\"https:\\\/\\\/www.instagram.com\\\/ranoja__\\\/\"]}]}<\/script>\n<!-- \/ Yoast SEO plugin. -->","yoast_head_json":{"title":"Plaastri t\u00e4itepakend plaastriautomaati, sinine, 30 tk, Cederroth - Ranoja","robots":{"index":"index","follow":"follow","max-snippet":"max-snippet:-1","max-image-preview":"max-image-preview:large","max-video-preview":"max-video-preview:-1"},"canonical":"https:\/\/ranoja.ee\/toode\/plaastri-taitepakend-plaastriautomaati-sinine-30-tk-cederroth\/","og_locale":"en_US","og_type":"article","og_title":"Plaastri t\u00e4itepakend plaastriautomaati, sinine, 30 tk, Cederroth - Ranoja","og_description":"\u00dches pakendis on peale tavaliste m\u00f5\u00f5tudega plaastrite ka s\u00f5rmeotsa plaastrid. Salvequick sinised, metallidetektoriga avastatavad plaastrid on v\u00e4lja t\u00f6\u00f6tatud spetsiaalselt toiduainetet\u00f6\u00f6stuse jaoks. Enamus toiduainetet\u00f6\u00f6stuses kasutatavaid metallidetektoreid suudavad selle plaastri leida, sinine v\u00e4rv teeb plaastri ka kergesti m\u00e4rgatavaks. Plaastrid on k\u00f5rge kvaliteediga, antiallergilised ja mugavad kasutada. Komplektis: Igas t\u00e4itepakendis on 30 plaastri (15 plaastrit m\u00f5\u00f5tudega 66 x 39 (22) mm ja 15 plaastrit m\u00f5\u00f5tudega 72 x 19 mm). 6 tk pakis","og_url":"https:\/\/ranoja.ee\/toode\/plaastri-taitepakend-plaastriautomaati-sinine-30-tk-cederroth\/","og_site_name":"Ranoja","article_publisher":"https:\/\/www.facebook.com\/ranoja.ee","article_modified_time":"2026-03-17T12:37:17+00:00","og_image":[{"width":859,"height":900,"url":"https:\/\/ranoja.ee\/wp-content\/uploads\/2026\/03\/5637760454.jpg","type":"image\/jpeg"}],"twitter_card":"summary_large_image","schema":{"@context":"https:\/\/schema.org","@graph":[{"@type":"WebPage","@id":"https:\/\/ranoja.ee\/toode\/plaastri-taitepakend-plaastriautomaati-sinine-30-tk-cederroth\/","url":"https:\/\/ranoja.ee\/toode\/plaastri-taitepakend-plaastriautomaati-sinine-30-tk-cederroth\/","name":"Plaastri t\u00e4itepakend plaastriautomaati, sinine, 30 tk, Cederroth - Ranoja","isPartOf":{"@id":"https:\/\/ranoja.ee\/#website"},"primaryImageOfPage":{"@id":"https:\/\/ranoja.ee\/toode\/plaastri-taitepakend-plaastriautomaati-sinine-30-tk-cederroth\/#primaryimage"},"image":{"@id":"https:\/\/ranoja.ee\/toode\/plaastri-taitepakend-plaastriautomaati-sinine-30-tk-cederroth\/#primaryimage"},"thumbnailUrl":"https:\/\/ranoja.ee\/wp-content\/uploads\/2026\/03\/5637760454.jpg","datePublished":"2026-03-16T23:25:22+00:00","dateModified":"2026-03-17T12:37:17+00:00","breadcrumb":{"@id":"https:\/\/ranoja.ee\/toode\/plaastri-taitepakend-plaastriautomaati-sinine-30-tk-cederroth\/#breadcrumb"},"inLanguage":"en-US","potentialAction":[{"@type":"ReadAction","target":["https:\/\/ranoja.ee\/toode\/plaastri-taitepakend-plaastriautomaati-sinine-30-tk-cederroth\/"]}]},{"@type":"ImageObject","inLanguage":"en-US","@id":"https:\/\/ranoja.ee\/toode\/plaastri-taitepakend-plaastriautomaati-sinine-30-tk-cederroth\/#primaryimage","url":"https:\/\/ranoja.ee\/wp-content\/uploads\/2026\/03\/5637760454.jpg","contentUrl":"https:\/\/ranoja.ee\/wp-content\/uploads\/2026\/03\/5637760454.jpg","width":859,"height":900},{"@type":"BreadcrumbList","@id":"https:\/\/ranoja.ee\/toode\/plaastri-taitepakend-plaastriautomaati-sinine-30-tk-cederroth\/#breadcrumb","itemListElement":[{"@type":"ListItem","position":1,"name":"Home","item":"https:\/\/ranoja.ee\/"},{"@type":"ListItem","position":2,"name":"Shop","item":"https:\/\/ranoja.ee\/en\/shop\/"},{"@type":"ListItem","position":3,"name":"Plaastri t\u00e4itepakend plaastriautomaati, sinine, 30 tk, Cederroth"}]},{"@type":"WebSite","@id":"https:\/\/ranoja.ee\/#website","url":"https:\/\/ranoja.ee\/","name":"Ranoja","description":"Equipment Shop WooCommerce WordPress Theme for Machine &amp; Tools","publisher":{"@id":"https:\/\/ranoja.ee\/#organization"},"potentialAction":[{"@type":"SearchAction","target":{"@type":"EntryPoint","urlTemplate":"https:\/\/ranoja.ee\/?s={search_term_string}"},"query-input":{"@type":"PropertyValueSpecification","valueRequired":true,"valueName":"search_term_string"}}],"inLanguage":"en-US"},{"@type":"Organization","@id":"https:\/\/ranoja.ee\/#organization","name":"Ranoja O\u00dc","url":"https:\/\/ranoja.ee\/","logo":{"@type":"ImageObject","inLanguage":"en-US","@id":"https:\/\/ranoja.ee\/#\/schema\/logo\/image\/","url":"https:\/\/ranoja.ee\/wp-content\/uploads\/2023\/11\/ranoja-Logo.png","contentUrl":"https:\/\/ranoja.ee\/wp-content\/uploads\/2023\/11\/ranoja-Logo.png","width":207,"height":58,"caption":"Ranoja O\u00dc"},"image":{"@id":"https:\/\/ranoja.ee\/#\/schema\/logo\/image\/"},"sameAs":["https:\/\/www.facebook.com\/ranoja.ee","https:\/\/www.instagram.com\/ranoja__\/"]}]}},"_links":{"self":[{"href":"https:\/\/ranoja.ee\/en\/wp-json\/wp\/v2\/product\/61015","targetHints":{"allow":["GET"]}}],"collection":[{"href":"https:\/\/ranoja.ee\/en\/wp-json\/wp\/v2\/product"}],"about":[{"href":"https:\/\/ranoja.ee\/en\/wp-json\/wp\/v2\/types\/product"}],"wp:featuredmedia":[{"embeddable":true,"href":"https:\/\/ranoja.ee\/en\/wp-json\/wp\/v2\/media\/61016"}],"wp:attachment":[{"href":"https:\/\/ranoja.ee\/en\/wp-json\/wp\/v2\/media?parent=61015"}],"wp:term":[{"taxonomy":"product_cat","embeddable":true,"href":"https:\/\/ranoja.ee\/en\/wp-json\/wp\/v2\/product_cat?post=61015"},{"taxonomy":"product_tag","embeddable":true,"href":"https:\/\/ranoja.ee\/en\/wp-json\/wp\/v2\/product_tag?post=61015"}],"curies":[{"name":"wp","href":"https:\/\/api.w.org\/{rel}","templated":true}]}}