{"id":61003,"date":"2026-03-17T02:25:22","date_gmt":"2026-03-16T23:25:22","guid":{"rendered":"https:\/\/ranoja.ee\/toode\/ristjoonlaser-statiiviga-lax-50-punane-kiir-stabila\/"},"modified":"2026-03-17T15:37:17","modified_gmt":"2026-03-17T12:37:17","slug":"ristjoonlaser-statiiviga-lax-50-punane-kiir-stabila","status":"publish","type":"product","link":"https:\/\/ranoja.ee\/en\/toode\/ristjoonlaser-statiiviga-lax-50-punane-kiir-stabila\/","title":{"rendered":"Ristjoonlaser statiiviga LAX 50, punane kiir, Stabila"},"content":{"rendered":"","protected":false},"excerpt":{"rendered":"<p>\nTubli abimees siset\u00f6\u00f6del. Laser kannab kiiresti horistontaal ja vertikaaljoone seinale mis h\u00f5lbustab plaatide, tapeedi, riiulite, pistikupesade jne paigaldamist.<br \/>\nKomplektis multifunktsionaalne statiiv t\u00e4nu millele saate laseri asetada just teile sobivale k\u00f5rgusele 0,07 &#8211; 2,75 m. Statiivi on v\u00f5imalik panna nii kolmjalg asendisse kui ka lae ning p\u00f5randa vahele.<\/p>\n<p>isenivelleeruv +\/- 4,5 kraadi.<br \/>\nlaserkiire n\u00e4htavus 10m<br \/>\nt\u00e4psus: +\/- 0,5mm\/1m<br \/>\nLaseri klass 2<\/p>\n","protected":false},"featured_media":61004,"template":"","meta":{"inline_featured_image":false},"product_cat":[5332,5099,5331],"product_tag":[],"class_list":{"0":"post-61003","1":"product","2":"type-product","3":"status-publish","4":"has-post-thumbnail","6":"product_brand-stabila","7":"product_cat-lasernivelliirid","8":"product_cat-marke-ja-mooteriistad","9":"product_cat-nivelliirid","11":"first","12":"instock","13":"purchasable","14":"product-type-simple"},"yoast_head":"<!-- This site is optimized with the Yoast SEO plugin v27.4 - https:\/\/yoast.com\/product\/yoast-seo-wordpress\/ -->\n<title>Ristjoonlaser statiiviga LAX 50, punane kiir, Stabila - Ranoja<\/title>\n<meta name=\"robots\" content=\"index, follow, max-snippet:-1, max-image-preview:large, max-video-preview:-1\" \/>\n<link rel=\"canonical\" href=\"https:\/\/ranoja.ee\/toode\/ristjoonlaser-statiiviga-lax-50-punane-kiir-stabila\/\" \/>\n<meta property=\"og:locale\" content=\"en_US\" \/>\n<meta property=\"og:type\" content=\"article\" \/>\n<meta property=\"og:title\" content=\"Ristjoonlaser statiiviga LAX 50, punane kiir, Stabila - Ranoja\" \/>\n<meta property=\"og:description\" content=\"Tubli abimees siset\u00f6\u00f6del. Laser kannab kiiresti horistontaal ja vertikaaljoone seinale mis h\u00f5lbustab plaatide, tapeedi, riiulite, pistikupesade jne paigaldamist. Komplektis multifunktsionaalne statiiv t\u00e4nu millele saate laseri asetada just teile sobivale k\u00f5rgusele 0,07 - 2,75 m. Statiivi on v\u00f5imalik panna nii kolmjalg asendisse kui ka lae ning p\u00f5randa vahele. isenivelleeruv +\/- 4,5 kraadi. laserkiire n\u00e4htavus 10m t\u00e4psus: +\/- 0,5mm\/1m Laseri klass 2\" \/>\n<meta property=\"og:url\" content=\"https:\/\/ranoja.ee\/toode\/ristjoonlaser-statiiviga-lax-50-punane-kiir-stabila\/\" \/>\n<meta property=\"og:site_name\" content=\"Ranoja\" \/>\n<meta property=\"article:publisher\" content=\"https:\/\/www.facebook.com\/ranoja.ee\" \/>\n<meta property=\"article:modified_time\" content=\"2026-03-17T12:37:17+00:00\" \/>\n<meta property=\"og:image\" content=\"https:\/\/ranoja.ee\/wp-content\/uploads\/2026\/03\/141009205.jpg\" \/>\n\t<meta property=\"og:image:width\" content=\"776\" \/>\n\t<meta property=\"og:image:height\" content=\"384\" \/>\n\t<meta property=\"og:image:type\" content=\"image\/jpeg\" \/>\n<meta name=\"twitter:card\" content=\"summary_large_image\" \/>\n<script type=\"application\/ld+json\" class=\"yoast-schema-graph\">{\"@context\":\"https:\\\/\\\/schema.org\",\"@graph\":[{\"@type\":\"WebPage\",\"@id\":\"https:\\\/\\\/ranoja.ee\\\/toode\\\/ristjoonlaser-statiiviga-lax-50-punane-kiir-stabila\\\/\",\"url\":\"https:\\\/\\\/ranoja.ee\\\/toode\\\/ristjoonlaser-statiiviga-lax-50-punane-kiir-stabila\\\/\",\"name\":\"Ristjoonlaser statiiviga LAX 50, punane kiir, Stabila - Ranoja\",\"isPartOf\":{\"@id\":\"https:\\\/\\\/ranoja.ee\\\/#website\"},\"primaryImageOfPage\":{\"@id\":\"https:\\\/\\\/ranoja.ee\\\/toode\\\/ristjoonlaser-statiiviga-lax-50-punane-kiir-stabila\\\/#primaryimage\"},\"image\":{\"@id\":\"https:\\\/\\\/ranoja.ee\\\/toode\\\/ristjoonlaser-statiiviga-lax-50-punane-kiir-stabila\\\/#primaryimage\"},\"thumbnailUrl\":\"https:\\\/\\\/ranoja.ee\\\/wp-content\\\/uploads\\\/2026\\\/03\\\/141009205.jpg\",\"datePublished\":\"2026-03-16T23:25:22+00:00\",\"dateModified\":\"2026-03-17T12:37:17+00:00\",\"breadcrumb\":{\"@id\":\"https:\\\/\\\/ranoja.ee\\\/toode\\\/ristjoonlaser-statiiviga-lax-50-punane-kiir-stabila\\\/#breadcrumb\"},\"inLanguage\":\"en-US\",\"potentialAction\":[{\"@type\":\"ReadAction\",\"target\":[\"https:\\\/\\\/ranoja.ee\\\/toode\\\/ristjoonlaser-statiiviga-lax-50-punane-kiir-stabila\\\/\"]}]},{\"@type\":\"ImageObject\",\"inLanguage\":\"en-US\",\"@id\":\"https:\\\/\\\/ranoja.ee\\\/toode\\\/ristjoonlaser-statiiviga-lax-50-punane-kiir-stabila\\\/#primaryimage\",\"url\":\"https:\\\/\\\/ranoja.ee\\\/wp-content\\\/uploads\\\/2026\\\/03\\\/141009205.jpg\",\"contentUrl\":\"https:\\\/\\\/ranoja.ee\\\/wp-content\\\/uploads\\\/2026\\\/03\\\/141009205.jpg\",\"width\":776,\"height\":384},{\"@type\":\"BreadcrumbList\",\"@id\":\"https:\\\/\\\/ranoja.ee\\\/toode\\\/ristjoonlaser-statiiviga-lax-50-punane-kiir-stabila\\\/#breadcrumb\",\"itemListElement\":[{\"@type\":\"ListItem\",\"position\":1,\"name\":\"Home\",\"item\":\"https:\\\/\\\/ranoja.ee\\\/\"},{\"@type\":\"ListItem\",\"position\":2,\"name\":\"Shop\",\"item\":\"https:\\\/\\\/ranoja.ee\\\/en\\\/shop\\\/\"},{\"@type\":\"ListItem\",\"position\":3,\"name\":\"Ristjoonlaser statiiviga LAX 50, punane kiir, Stabila\"}]},{\"@type\":\"WebSite\",\"@id\":\"https:\\\/\\\/ranoja.ee\\\/#website\",\"url\":\"https:\\\/\\\/ranoja.ee\\\/\",\"name\":\"Ranoja\",\"description\":\"Equipment Shop WooCommerce WordPress Theme for Machine &amp; Tools\",\"publisher\":{\"@id\":\"https:\\\/\\\/ranoja.ee\\\/#organization\"},\"potentialAction\":[{\"@type\":\"SearchAction\",\"target\":{\"@type\":\"EntryPoint\",\"urlTemplate\":\"https:\\\/\\\/ranoja.ee\\\/?s={search_term_string}\"},\"query-input\":{\"@type\":\"PropertyValueSpecification\",\"valueRequired\":true,\"valueName\":\"search_term_string\"}}],\"inLanguage\":\"en-US\"},{\"@type\":\"Organization\",\"@id\":\"https:\\\/\\\/ranoja.ee\\\/#organization\",\"name\":\"Ranoja O\u00dc\",\"url\":\"https:\\\/\\\/ranoja.ee\\\/\",\"logo\":{\"@type\":\"ImageObject\",\"inLanguage\":\"en-US\",\"@id\":\"https:\\\/\\\/ranoja.ee\\\/#\\\/schema\\\/logo\\\/image\\\/\",\"url\":\"https:\\\/\\\/ranoja.ee\\\/wp-content\\\/uploads\\\/2023\\\/11\\\/ranoja-Logo.png\",\"contentUrl\":\"https:\\\/\\\/ranoja.ee\\\/wp-content\\\/uploads\\\/2023\\\/11\\\/ranoja-Logo.png\",\"width\":207,\"height\":58,\"caption\":\"Ranoja O\u00dc\"},\"image\":{\"@id\":\"https:\\\/\\\/ranoja.ee\\\/#\\\/schema\\\/logo\\\/image\\\/\"},\"sameAs\":[\"https:\\\/\\\/www.facebook.com\\\/ranoja.ee\",\"https:\\\/\\\/www.instagram.com\\\/ranoja__\\\/\"]}]}<\/script>\n<!-- \/ Yoast SEO plugin. -->","yoast_head_json":{"title":"Ristjoonlaser statiiviga LAX 50, punane kiir, Stabila - Ranoja","robots":{"index":"index","follow":"follow","max-snippet":"max-snippet:-1","max-image-preview":"max-image-preview:large","max-video-preview":"max-video-preview:-1"},"canonical":"https:\/\/ranoja.ee\/toode\/ristjoonlaser-statiiviga-lax-50-punane-kiir-stabila\/","og_locale":"en_US","og_type":"article","og_title":"Ristjoonlaser statiiviga LAX 50, punane kiir, Stabila - Ranoja","og_description":"Tubli abimees siset\u00f6\u00f6del. Laser kannab kiiresti horistontaal ja vertikaaljoone seinale mis h\u00f5lbustab plaatide, tapeedi, riiulite, pistikupesade jne paigaldamist. Komplektis multifunktsionaalne statiiv t\u00e4nu millele saate laseri asetada just teile sobivale k\u00f5rgusele 0,07 - 2,75 m. Statiivi on v\u00f5imalik panna nii kolmjalg asendisse kui ka lae ning p\u00f5randa vahele. isenivelleeruv +\/- 4,5 kraadi. laserkiire n\u00e4htavus 10m t\u00e4psus: +\/- 0,5mm\/1m Laseri klass 2","og_url":"https:\/\/ranoja.ee\/toode\/ristjoonlaser-statiiviga-lax-50-punane-kiir-stabila\/","og_site_name":"Ranoja","article_publisher":"https:\/\/www.facebook.com\/ranoja.ee","article_modified_time":"2026-03-17T12:37:17+00:00","og_image":[{"width":776,"height":384,"url":"https:\/\/ranoja.ee\/wp-content\/uploads\/2026\/03\/141009205.jpg","type":"image\/jpeg"}],"twitter_card":"summary_large_image","schema":{"@context":"https:\/\/schema.org","@graph":[{"@type":"WebPage","@id":"https:\/\/ranoja.ee\/toode\/ristjoonlaser-statiiviga-lax-50-punane-kiir-stabila\/","url":"https:\/\/ranoja.ee\/toode\/ristjoonlaser-statiiviga-lax-50-punane-kiir-stabila\/","name":"Ristjoonlaser statiiviga LAX 50, punane kiir, Stabila - Ranoja","isPartOf":{"@id":"https:\/\/ranoja.ee\/#website"},"primaryImageOfPage":{"@id":"https:\/\/ranoja.ee\/toode\/ristjoonlaser-statiiviga-lax-50-punane-kiir-stabila\/#primaryimage"},"image":{"@id":"https:\/\/ranoja.ee\/toode\/ristjoonlaser-statiiviga-lax-50-punane-kiir-stabila\/#primaryimage"},"thumbnailUrl":"https:\/\/ranoja.ee\/wp-content\/uploads\/2026\/03\/141009205.jpg","datePublished":"2026-03-16T23:25:22+00:00","dateModified":"2026-03-17T12:37:17+00:00","breadcrumb":{"@id":"https:\/\/ranoja.ee\/toode\/ristjoonlaser-statiiviga-lax-50-punane-kiir-stabila\/#breadcrumb"},"inLanguage":"en-US","potentialAction":[{"@type":"ReadAction","target":["https:\/\/ranoja.ee\/toode\/ristjoonlaser-statiiviga-lax-50-punane-kiir-stabila\/"]}]},{"@type":"ImageObject","inLanguage":"en-US","@id":"https:\/\/ranoja.ee\/toode\/ristjoonlaser-statiiviga-lax-50-punane-kiir-stabila\/#primaryimage","url":"https:\/\/ranoja.ee\/wp-content\/uploads\/2026\/03\/141009205.jpg","contentUrl":"https:\/\/ranoja.ee\/wp-content\/uploads\/2026\/03\/141009205.jpg","width":776,"height":384},{"@type":"BreadcrumbList","@id":"https:\/\/ranoja.ee\/toode\/ristjoonlaser-statiiviga-lax-50-punane-kiir-stabila\/#breadcrumb","itemListElement":[{"@type":"ListItem","position":1,"name":"Home","item":"https:\/\/ranoja.ee\/"},{"@type":"ListItem","position":2,"name":"Shop","item":"https:\/\/ranoja.ee\/en\/shop\/"},{"@type":"ListItem","position":3,"name":"Ristjoonlaser statiiviga LAX 50, punane kiir, Stabila"}]},{"@type":"WebSite","@id":"https:\/\/ranoja.ee\/#website","url":"https:\/\/ranoja.ee\/","name":"Ranoja","description":"Equipment Shop WooCommerce WordPress Theme for Machine &amp; Tools","publisher":{"@id":"https:\/\/ranoja.ee\/#organization"},"potentialAction":[{"@type":"SearchAction","target":{"@type":"EntryPoint","urlTemplate":"https:\/\/ranoja.ee\/?s={search_term_string}"},"query-input":{"@type":"PropertyValueSpecification","valueRequired":true,"valueName":"search_term_string"}}],"inLanguage":"en-US"},{"@type":"Organization","@id":"https:\/\/ranoja.ee\/#organization","name":"Ranoja O\u00dc","url":"https:\/\/ranoja.ee\/","logo":{"@type":"ImageObject","inLanguage":"en-US","@id":"https:\/\/ranoja.ee\/#\/schema\/logo\/image\/","url":"https:\/\/ranoja.ee\/wp-content\/uploads\/2023\/11\/ranoja-Logo.png","contentUrl":"https:\/\/ranoja.ee\/wp-content\/uploads\/2023\/11\/ranoja-Logo.png","width":207,"height":58,"caption":"Ranoja O\u00dc"},"image":{"@id":"https:\/\/ranoja.ee\/#\/schema\/logo\/image\/"},"sameAs":["https:\/\/www.facebook.com\/ranoja.ee","https:\/\/www.instagram.com\/ranoja__\/"]}]}},"_links":{"self":[{"href":"https:\/\/ranoja.ee\/en\/wp-json\/wp\/v2\/product\/61003","targetHints":{"allow":["GET"]}}],"collection":[{"href":"https:\/\/ranoja.ee\/en\/wp-json\/wp\/v2\/product"}],"about":[{"href":"https:\/\/ranoja.ee\/en\/wp-json\/wp\/v2\/types\/product"}],"wp:featuredmedia":[{"embeddable":true,"href":"https:\/\/ranoja.ee\/en\/wp-json\/wp\/v2\/media\/61004"}],"wp:attachment":[{"href":"https:\/\/ranoja.ee\/en\/wp-json\/wp\/v2\/media?parent=61003"}],"wp:term":[{"taxonomy":"product_cat","embeddable":true,"href":"https:\/\/ranoja.ee\/en\/wp-json\/wp\/v2\/product_cat?post=61003"},{"taxonomy":"product_tag","embeddable":true,"href":"https:\/\/ranoja.ee\/en\/wp-json\/wp\/v2\/product_tag?post=61003"}],"curies":[{"name":"wp","href":"https:\/\/api.w.org\/{rel}","templated":true}]}}