{"id":60985,"date":"2026-03-17T02:24:59","date_gmt":"2026-03-16T23:24:59","guid":{"rendered":"https:\/\/ranoja.ee\/toode\/2-uhes-cob-taskulamp-140-luumenit-brilliant-tools\/"},"modified":"2026-03-17T15:37:17","modified_gmt":"2026-03-17T12:37:17","slug":"2-uhes-cob-taskulamp-140-luumenit-brilliant-tools","status":"publish","type":"product","link":"https:\/\/ranoja.ee\/en\/toode\/2-uhes-cob-taskulamp-140-luumenit-brilliant-tools\/","title":{"rendered":"2 \u00fches COB-taskulamp, 140 luumenit, Brilliant Tools"},"content":{"rendered":"","protected":false},"excerpt":{"rendered":"<p>kaal g:\t40<br \/>\nPatarei kaasas:\tJa<br \/>\nvalgusvoog:\t40 luumenit \/ 140 luumenit<br \/>\nPinge (V):\t1,5<br \/>\nPatarei kaaluklass:\tKlass 01 (kuni 15 g)<br \/>\nPatarei kaal:\t0.011<br \/>\nN\u00f5utav patareide arv:\t3<br \/>\nPatarei t\u00fc\u00fcp:\tAAA<br \/>\nPatarei koostis:\tLeelismangaan (leelis)<br \/>\nPakendi laius mm:\t51<br \/>\nfunktsiooniatribuudid 1:\tmagnetiline<br \/>\nLiitiumpatarei kaasas:\tEi<br \/>\nPatarei taaslaetav:\tEi<br \/>\nVideolink Application:\thttps:\/\/www.youtube.com\/watch?v=Y7ywFGY6dQ4<br \/>\nValgusallikas:\tCOB LED<br \/>\nl\u00e4bim\u00f5\u00f5t mm:\t25<br \/>\nPakendi pikkus mm:\t172<br \/>\nPakendi k\u00f5rgus mm:\t40<br \/>\nPeamised valgustid:\tLED<br \/>\nkogupikkus L mm:\t168<\/p>\n","protected":false},"featured_media":60986,"template":"","meta":{"inline_featured_image":false},"product_cat":[5162,5372,5163],"product_tag":[],"class_list":{"0":"post-60985","1":"product","2":"type-product","3":"status-publish","4":"has-post-thumbnail","6":"product_brand-brilliant-tools","7":"product_cat-elektritarvikud-ja-valgustid","8":"product_cat-taskulambid","9":"product_cat-valgustid","11":"first","12":"instock","13":"purchasable","14":"product-type-simple"},"yoast_head":"<!-- This site is optimized with the Yoast SEO plugin v27.4 - https:\/\/yoast.com\/product\/yoast-seo-wordpress\/ -->\n<title>2 \u00fches COB-taskulamp, 140 luumenit, Brilliant Tools - Ranoja<\/title>\n<meta name=\"robots\" content=\"index, follow, max-snippet:-1, max-image-preview:large, max-video-preview:-1\" \/>\n<link rel=\"canonical\" href=\"https:\/\/ranoja.ee\/toode\/2-uhes-cob-taskulamp-140-luumenit-brilliant-tools\/\" \/>\n<meta property=\"og:locale\" content=\"en_US\" \/>\n<meta property=\"og:type\" content=\"article\" \/>\n<meta property=\"og:title\" content=\"2 \u00fches COB-taskulamp, 140 luumenit, Brilliant Tools - Ranoja\" \/>\n<meta property=\"og:description\" content=\"kaal g: 40 Patarei kaasas: Ja valgusvoog: 40 luumenit \/ 140 luumenit Pinge (V): 1,5 Patarei kaaluklass: Klass 01 (kuni 15 g) Patarei kaal: 0.011 N\u00f5utav patareide arv: 3 Patarei t\u00fc\u00fcp: AAA Patarei koostis: Leelismangaan (leelis) Pakendi laius mm: 51 funktsiooniatribuudid 1: magnetiline Liitiumpatarei kaasas: Ei Patarei taaslaetav: Ei Videolink Application: https:\/\/www.youtube.com\/watch?v=Y7ywFGY6dQ4 Valgusallikas: COB LED l\u00e4bim\u00f5\u00f5t mm: 25 Pakendi pikkus mm: 172 Pakendi k\u00f5rgus mm: 40 Peamised valgustid: LED kogupikkus L mm: 168\" \/>\n<meta property=\"og:url\" content=\"https:\/\/ranoja.ee\/toode\/2-uhes-cob-taskulamp-140-luumenit-brilliant-tools\/\" \/>\n<meta property=\"og:site_name\" content=\"Ranoja\" \/>\n<meta property=\"article:publisher\" content=\"https:\/\/www.facebook.com\/ranoja.ee\" \/>\n<meta property=\"article:modified_time\" content=\"2026-03-17T12:37:17+00:00\" \/>\n<meta property=\"og:image\" content=\"https:\/\/ranoja.ee\/wp-content\/uploads\/2026\/03\/5638092993.jpg\" \/>\n\t<meta property=\"og:image:width\" content=\"600\" \/>\n\t<meta property=\"og:image:height\" content=\"600\" \/>\n\t<meta property=\"og:image:type\" content=\"image\/jpeg\" \/>\n<meta name=\"twitter:card\" content=\"summary_large_image\" \/>\n<script type=\"application\/ld+json\" class=\"yoast-schema-graph\">{\"@context\":\"https:\\\/\\\/schema.org\",\"@graph\":[{\"@type\":\"WebPage\",\"@id\":\"https:\\\/\\\/ranoja.ee\\\/toode\\\/2-uhes-cob-taskulamp-140-luumenit-brilliant-tools\\\/\",\"url\":\"https:\\\/\\\/ranoja.ee\\\/toode\\\/2-uhes-cob-taskulamp-140-luumenit-brilliant-tools\\\/\",\"name\":\"2 \u00fches COB-taskulamp, 140 luumenit, Brilliant Tools - Ranoja\",\"isPartOf\":{\"@id\":\"https:\\\/\\\/ranoja.ee\\\/#website\"},\"primaryImageOfPage\":{\"@id\":\"https:\\\/\\\/ranoja.ee\\\/toode\\\/2-uhes-cob-taskulamp-140-luumenit-brilliant-tools\\\/#primaryimage\"},\"image\":{\"@id\":\"https:\\\/\\\/ranoja.ee\\\/toode\\\/2-uhes-cob-taskulamp-140-luumenit-brilliant-tools\\\/#primaryimage\"},\"thumbnailUrl\":\"https:\\\/\\\/ranoja.ee\\\/wp-content\\\/uploads\\\/2026\\\/03\\\/5638092993.jpg\",\"datePublished\":\"2026-03-16T23:24:59+00:00\",\"dateModified\":\"2026-03-17T12:37:17+00:00\",\"breadcrumb\":{\"@id\":\"https:\\\/\\\/ranoja.ee\\\/toode\\\/2-uhes-cob-taskulamp-140-luumenit-brilliant-tools\\\/#breadcrumb\"},\"inLanguage\":\"en-US\",\"potentialAction\":[{\"@type\":\"ReadAction\",\"target\":[\"https:\\\/\\\/ranoja.ee\\\/toode\\\/2-uhes-cob-taskulamp-140-luumenit-brilliant-tools\\\/\"]}]},{\"@type\":\"ImageObject\",\"inLanguage\":\"en-US\",\"@id\":\"https:\\\/\\\/ranoja.ee\\\/toode\\\/2-uhes-cob-taskulamp-140-luumenit-brilliant-tools\\\/#primaryimage\",\"url\":\"https:\\\/\\\/ranoja.ee\\\/wp-content\\\/uploads\\\/2026\\\/03\\\/5638092993.jpg\",\"contentUrl\":\"https:\\\/\\\/ranoja.ee\\\/wp-content\\\/uploads\\\/2026\\\/03\\\/5638092993.jpg\",\"width\":600,\"height\":600},{\"@type\":\"BreadcrumbList\",\"@id\":\"https:\\\/\\\/ranoja.ee\\\/toode\\\/2-uhes-cob-taskulamp-140-luumenit-brilliant-tools\\\/#breadcrumb\",\"itemListElement\":[{\"@type\":\"ListItem\",\"position\":1,\"name\":\"Home\",\"item\":\"https:\\\/\\\/ranoja.ee\\\/\"},{\"@type\":\"ListItem\",\"position\":2,\"name\":\"Shop\",\"item\":\"https:\\\/\\\/ranoja.ee\\\/en\\\/shop\\\/\"},{\"@type\":\"ListItem\",\"position\":3,\"name\":\"2 \u00fches COB-taskulamp, 140 luumenit, Brilliant Tools\"}]},{\"@type\":\"WebSite\",\"@id\":\"https:\\\/\\\/ranoja.ee\\\/#website\",\"url\":\"https:\\\/\\\/ranoja.ee\\\/\",\"name\":\"Ranoja\",\"description\":\"Equipment Shop WooCommerce WordPress Theme for Machine &amp; Tools\",\"publisher\":{\"@id\":\"https:\\\/\\\/ranoja.ee\\\/#organization\"},\"potentialAction\":[{\"@type\":\"SearchAction\",\"target\":{\"@type\":\"EntryPoint\",\"urlTemplate\":\"https:\\\/\\\/ranoja.ee\\\/?s={search_term_string}\"},\"query-input\":{\"@type\":\"PropertyValueSpecification\",\"valueRequired\":true,\"valueName\":\"search_term_string\"}}],\"inLanguage\":\"en-US\"},{\"@type\":\"Organization\",\"@id\":\"https:\\\/\\\/ranoja.ee\\\/#organization\",\"name\":\"Ranoja O\u00dc\",\"url\":\"https:\\\/\\\/ranoja.ee\\\/\",\"logo\":{\"@type\":\"ImageObject\",\"inLanguage\":\"en-US\",\"@id\":\"https:\\\/\\\/ranoja.ee\\\/#\\\/schema\\\/logo\\\/image\\\/\",\"url\":\"https:\\\/\\\/ranoja.ee\\\/wp-content\\\/uploads\\\/2023\\\/11\\\/ranoja-Logo.png\",\"contentUrl\":\"https:\\\/\\\/ranoja.ee\\\/wp-content\\\/uploads\\\/2023\\\/11\\\/ranoja-Logo.png\",\"width\":207,\"height\":58,\"caption\":\"Ranoja O\u00dc\"},\"image\":{\"@id\":\"https:\\\/\\\/ranoja.ee\\\/#\\\/schema\\\/logo\\\/image\\\/\"},\"sameAs\":[\"https:\\\/\\\/www.facebook.com\\\/ranoja.ee\",\"https:\\\/\\\/www.instagram.com\\\/ranoja__\\\/\"]}]}<\/script>\n<!-- \/ Yoast SEO plugin. -->","yoast_head_json":{"title":"2 \u00fches COB-taskulamp, 140 luumenit, Brilliant Tools - Ranoja","robots":{"index":"index","follow":"follow","max-snippet":"max-snippet:-1","max-image-preview":"max-image-preview:large","max-video-preview":"max-video-preview:-1"},"canonical":"https:\/\/ranoja.ee\/toode\/2-uhes-cob-taskulamp-140-luumenit-brilliant-tools\/","og_locale":"en_US","og_type":"article","og_title":"2 \u00fches COB-taskulamp, 140 luumenit, Brilliant Tools - Ranoja","og_description":"kaal g: 40 Patarei kaasas: Ja valgusvoog: 40 luumenit \/ 140 luumenit Pinge (V): 1,5 Patarei kaaluklass: Klass 01 (kuni 15 g) Patarei kaal: 0.011 N\u00f5utav patareide arv: 3 Patarei t\u00fc\u00fcp: AAA Patarei koostis: Leelismangaan (leelis) Pakendi laius mm: 51 funktsiooniatribuudid 1: magnetiline Liitiumpatarei kaasas: Ei Patarei taaslaetav: Ei Videolink Application: https:\/\/www.youtube.com\/watch?v=Y7ywFGY6dQ4 Valgusallikas: COB LED l\u00e4bim\u00f5\u00f5t mm: 25 Pakendi pikkus mm: 172 Pakendi k\u00f5rgus mm: 40 Peamised valgustid: LED kogupikkus L mm: 168","og_url":"https:\/\/ranoja.ee\/toode\/2-uhes-cob-taskulamp-140-luumenit-brilliant-tools\/","og_site_name":"Ranoja","article_publisher":"https:\/\/www.facebook.com\/ranoja.ee","article_modified_time":"2026-03-17T12:37:17+00:00","og_image":[{"width":600,"height":600,"url":"https:\/\/ranoja.ee\/wp-content\/uploads\/2026\/03\/5638092993.jpg","type":"image\/jpeg"}],"twitter_card":"summary_large_image","schema":{"@context":"https:\/\/schema.org","@graph":[{"@type":"WebPage","@id":"https:\/\/ranoja.ee\/toode\/2-uhes-cob-taskulamp-140-luumenit-brilliant-tools\/","url":"https:\/\/ranoja.ee\/toode\/2-uhes-cob-taskulamp-140-luumenit-brilliant-tools\/","name":"2 \u00fches COB-taskulamp, 140 luumenit, Brilliant Tools - Ranoja","isPartOf":{"@id":"https:\/\/ranoja.ee\/#website"},"primaryImageOfPage":{"@id":"https:\/\/ranoja.ee\/toode\/2-uhes-cob-taskulamp-140-luumenit-brilliant-tools\/#primaryimage"},"image":{"@id":"https:\/\/ranoja.ee\/toode\/2-uhes-cob-taskulamp-140-luumenit-brilliant-tools\/#primaryimage"},"thumbnailUrl":"https:\/\/ranoja.ee\/wp-content\/uploads\/2026\/03\/5638092993.jpg","datePublished":"2026-03-16T23:24:59+00:00","dateModified":"2026-03-17T12:37:17+00:00","breadcrumb":{"@id":"https:\/\/ranoja.ee\/toode\/2-uhes-cob-taskulamp-140-luumenit-brilliant-tools\/#breadcrumb"},"inLanguage":"en-US","potentialAction":[{"@type":"ReadAction","target":["https:\/\/ranoja.ee\/toode\/2-uhes-cob-taskulamp-140-luumenit-brilliant-tools\/"]}]},{"@type":"ImageObject","inLanguage":"en-US","@id":"https:\/\/ranoja.ee\/toode\/2-uhes-cob-taskulamp-140-luumenit-brilliant-tools\/#primaryimage","url":"https:\/\/ranoja.ee\/wp-content\/uploads\/2026\/03\/5638092993.jpg","contentUrl":"https:\/\/ranoja.ee\/wp-content\/uploads\/2026\/03\/5638092993.jpg","width":600,"height":600},{"@type":"BreadcrumbList","@id":"https:\/\/ranoja.ee\/toode\/2-uhes-cob-taskulamp-140-luumenit-brilliant-tools\/#breadcrumb","itemListElement":[{"@type":"ListItem","position":1,"name":"Home","item":"https:\/\/ranoja.ee\/"},{"@type":"ListItem","position":2,"name":"Shop","item":"https:\/\/ranoja.ee\/en\/shop\/"},{"@type":"ListItem","position":3,"name":"2 \u00fches COB-taskulamp, 140 luumenit, Brilliant Tools"}]},{"@type":"WebSite","@id":"https:\/\/ranoja.ee\/#website","url":"https:\/\/ranoja.ee\/","name":"Ranoja","description":"Equipment Shop WooCommerce WordPress Theme for Machine &amp; Tools","publisher":{"@id":"https:\/\/ranoja.ee\/#organization"},"potentialAction":[{"@type":"SearchAction","target":{"@type":"EntryPoint","urlTemplate":"https:\/\/ranoja.ee\/?s={search_term_string}"},"query-input":{"@type":"PropertyValueSpecification","valueRequired":true,"valueName":"search_term_string"}}],"inLanguage":"en-US"},{"@type":"Organization","@id":"https:\/\/ranoja.ee\/#organization","name":"Ranoja O\u00dc","url":"https:\/\/ranoja.ee\/","logo":{"@type":"ImageObject","inLanguage":"en-US","@id":"https:\/\/ranoja.ee\/#\/schema\/logo\/image\/","url":"https:\/\/ranoja.ee\/wp-content\/uploads\/2023\/11\/ranoja-Logo.png","contentUrl":"https:\/\/ranoja.ee\/wp-content\/uploads\/2023\/11\/ranoja-Logo.png","width":207,"height":58,"caption":"Ranoja O\u00dc"},"image":{"@id":"https:\/\/ranoja.ee\/#\/schema\/logo\/image\/"},"sameAs":["https:\/\/www.facebook.com\/ranoja.ee","https:\/\/www.instagram.com\/ranoja__\/"]}]}},"_links":{"self":[{"href":"https:\/\/ranoja.ee\/en\/wp-json\/wp\/v2\/product\/60985","targetHints":{"allow":["GET"]}}],"collection":[{"href":"https:\/\/ranoja.ee\/en\/wp-json\/wp\/v2\/product"}],"about":[{"href":"https:\/\/ranoja.ee\/en\/wp-json\/wp\/v2\/types\/product"}],"wp:featuredmedia":[{"embeddable":true,"href":"https:\/\/ranoja.ee\/en\/wp-json\/wp\/v2\/media\/60986"}],"wp:attachment":[{"href":"https:\/\/ranoja.ee\/en\/wp-json\/wp\/v2\/media?parent=60985"}],"wp:term":[{"taxonomy":"product_cat","embeddable":true,"href":"https:\/\/ranoja.ee\/en\/wp-json\/wp\/v2\/product_cat?post=60985"},{"taxonomy":"product_tag","embeddable":true,"href":"https:\/\/ranoja.ee\/en\/wp-json\/wp\/v2\/product_tag?post=60985"}],"curies":[{"name":"wp","href":"https:\/\/api.w.org\/{rel}","templated":true}]}}