{"id":60983,"date":"2026-03-17T02:24:59","date_gmt":"2026-03-16T23:24:59","guid":{"rendered":"https:\/\/ranoja.ee\/toode\/spetsiaaloli-basic-utto-10w-30-205l-orlen-oil\/"},"modified":"2026-03-17T15:37:17","modified_gmt":"2026-03-17T12:37:17","slug":"spetsiaaloli-basic-utto-10w-30-205l-orlen-oil","status":"publish","type":"product","link":"https:\/\/ranoja.ee\/en\/toode\/spetsiaaloli-basic-utto-10w-30-205l-orlen-oil\/","title":{"rendered":"Spetsiaal\u00f5li Basic Utto 10W-30 205L, Orlen Oil"},"content":{"rendered":"","protected":false},"excerpt":{"rendered":"<p>Kvaliteetne mitmeotstarbeline h\u00fcdro- ja k\u00e4igukasti\u00f5li. Kaasaegne unikaalne koostis hoolikalt valitud mineraalsest baas\u00f5list ja spetsiaalsetest lisanditest v\u00f5imaldavad t\u00e4ita p\u00f5llumajandustehnika tootjate kaasaegseid n\u00f5udeid. \u00d5lid tagavad t\u00e4iusliku kulumise ja korrosiooni kaitse kui ka \u00fchilduvuse erinevate tihendimaterjalidega.<br \/>\nORLEN OIL AGRO BASIC UTTO 10W-30 on ette n\u00e4htud mitmesuguste p\u00f5lluharimisseadmetes kasutatavate hammasrataste m\u00e4\u00e4rimiseks (k\u00e4igukastid, p\u00f5hik\u00e4igud, roolimehhanismid, diferentsiaalk\u00e4igud) ja seda saab kasutada suure koormusega h\u00fcdros\u00fcsteemides, see vastab p\u00f5llumajandusseadmete tootjate n\u00f5uded. \u00d5li saab kasutada traktoritel, kus manuaalk\u00e4igukast, sillad, h\u00fcdroliitmikud ja &#8220;m\u00e4rjad pidurid&#8221; m\u00e4\u00e4ritakse \u00fche \u00f5lis\u00fcsteemiga.<br \/>\nSAE viskoosus 10W30, transmissiooni\u00f5li 80W, ISO viskoossus 68<br \/>\nVastab n\u00f5uetele:<br \/>\nFord M2C86B<br \/>\nFord M2C86C<br \/>\nFord M2C134D<br \/>\nKorpus New Holland MAT 3525<br \/>\nKorpus New Holland MAT 3526<br \/>\nJohn Deere JDM J20C<br \/>\nJohn Deere JDM J20D<br \/>\nMassey Ferguson CMS M1143<br \/>\nMassey Ferguson CMS M1135<br \/>\nMassey Ferguson CMS M1145<br \/>\nJ.I juhtum MS-1204,6,7,9<br \/>\nAllison C-4<br \/>\nVOLVO CE WB 101<br \/>\nCaterpillar TO-2<br \/>\nJCMAS HK P-041<br \/>\nSperry Vickers\/Eaton: M2950S,<br \/>\nSperry Vickers\/Eaton: I-286-S,<br \/>\nParker (Dennison UTTO), HF-1, HF-2,<br \/>\nSauer Sunstrand\/Danfoss: h\u00fcdrostaatiline transmissioonivedelik<br \/>\nSoovitatav kasutada Ursuse p\u00f5llumajandusmasinatel<\/p>\n","protected":false},"featured_media":60984,"template":"","meta":{"inline_featured_image":false},"product_cat":[5012,5125],"product_tag":[],"class_list":{"0":"post-60983","1":"product","2":"type-product","3":"status-publish","4":"has-post-thumbnail","6":"product_brand-orlen-oil","7":"product_cat-olid-ja-maardeained","8":"product_cat-traktoriolid","10":"first","11":"instock","12":"purchasable","13":"product-type-simple"},"yoast_head":"<!-- This site is optimized with the Yoast SEO plugin v27.4 - https:\/\/yoast.com\/product\/yoast-seo-wordpress\/ -->\n<title>Spetsiaal\u00f5li Basic Utto 10W-30 205L, Orlen Oil - Ranoja<\/title>\n<meta name=\"robots\" content=\"index, follow, max-snippet:-1, max-image-preview:large, max-video-preview:-1\" \/>\n<link rel=\"canonical\" href=\"https:\/\/ranoja.ee\/toode\/spetsiaaloli-basic-utto-10w-30-205l-orlen-oil\/\" \/>\n<meta property=\"og:locale\" content=\"en_US\" \/>\n<meta property=\"og:type\" content=\"article\" \/>\n<meta property=\"og:title\" content=\"Spetsiaal\u00f5li Basic Utto 10W-30 205L, Orlen Oil - Ranoja\" \/>\n<meta property=\"og:description\" content=\"Kvaliteetne mitmeotstarbeline h\u00fcdro- ja k\u00e4igukasti\u00f5li. Kaasaegne unikaalne koostis hoolikalt valitud mineraalsest baas\u00f5list ja spetsiaalsetest lisanditest v\u00f5imaldavad t\u00e4ita p\u00f5llumajandustehnika tootjate kaasaegseid n\u00f5udeid. \u00d5lid tagavad t\u00e4iusliku kulumise ja korrosiooni kaitse kui ka \u00fchilduvuse erinevate tihendimaterjalidega. ORLEN OIL AGRO BASIC UTTO 10W-30 on ette n\u00e4htud mitmesuguste p\u00f5lluharimisseadmetes kasutatavate hammasrataste m\u00e4\u00e4rimiseks (k\u00e4igukastid, p\u00f5hik\u00e4igud, roolimehhanismid, diferentsiaalk\u00e4igud) ja seda saab kasutada suure koormusega h\u00fcdros\u00fcsteemides, see vastab p\u00f5llumajandusseadmete tootjate n\u00f5uded. \u00d5li saab kasutada traktoritel, kus manuaalk\u00e4igukast, sillad, h\u00fcdroliitmikud ja &quot;m\u00e4rjad pidurid&quot; m\u00e4\u00e4ritakse \u00fche \u00f5lis\u00fcsteemiga. SAE viskoosus 10W30, transmissiooni\u00f5li 80W, ISO viskoossus 68 Vastab n\u00f5uetele: Ford M2C86B Ford M2C86C Ford M2C134D Korpus New Holland MAT 3525 Korpus New Holland MAT 3526 John Deere JDM J20C John Deere JDM J20D Massey Ferguson CMS M1143 Massey Ferguson CMS M1135 Massey Ferguson CMS M1145 J.I juhtum MS-1204,6,7,9 Allison C-4 VOLVO CE WB 101 Caterpillar TO-2 JCMAS HK P-041 Sperry Vickers\/Eaton: M2950S, Sperry Vickers\/Eaton: I-286-S, Parker (Dennison UTTO), HF-1, HF-2, Sauer Sunstrand\/Danfoss: h\u00fcdrostaatiline transmissioonivedelik Soovitatav kasutada Ursuse p\u00f5llumajandusmasinatel\" \/>\n<meta property=\"og:url\" content=\"https:\/\/ranoja.ee\/toode\/spetsiaaloli-basic-utto-10w-30-205l-orlen-oil\/\" \/>\n<meta property=\"og:site_name\" content=\"Ranoja\" \/>\n<meta property=\"article:publisher\" content=\"https:\/\/www.facebook.com\/ranoja.ee\" \/>\n<meta property=\"article:modified_time\" content=\"2026-03-17T12:37:17+00:00\" \/>\n<meta property=\"og:image\" content=\"https:\/\/ranoja.ee\/wp-content\/uploads\/2026\/03\/5637943196.jpg\" \/>\n\t<meta property=\"og:image:width\" content=\"474\" \/>\n\t<meta property=\"og:image:height\" content=\"713\" \/>\n\t<meta property=\"og:image:type\" content=\"image\/jpeg\" \/>\n<meta name=\"twitter:card\" content=\"summary_large_image\" \/>\n<script type=\"application\/ld+json\" class=\"yoast-schema-graph\">{\"@context\":\"https:\\\/\\\/schema.org\",\"@graph\":[{\"@type\":\"WebPage\",\"@id\":\"https:\\\/\\\/ranoja.ee\\\/toode\\\/spetsiaaloli-basic-utto-10w-30-205l-orlen-oil\\\/\",\"url\":\"https:\\\/\\\/ranoja.ee\\\/toode\\\/spetsiaaloli-basic-utto-10w-30-205l-orlen-oil\\\/\",\"name\":\"Spetsiaal\u00f5li Basic Utto 10W-30 205L, Orlen Oil - Ranoja\",\"isPartOf\":{\"@id\":\"https:\\\/\\\/ranoja.ee\\\/#website\"},\"primaryImageOfPage\":{\"@id\":\"https:\\\/\\\/ranoja.ee\\\/toode\\\/spetsiaaloli-basic-utto-10w-30-205l-orlen-oil\\\/#primaryimage\"},\"image\":{\"@id\":\"https:\\\/\\\/ranoja.ee\\\/toode\\\/spetsiaaloli-basic-utto-10w-30-205l-orlen-oil\\\/#primaryimage\"},\"thumbnailUrl\":\"https:\\\/\\\/ranoja.ee\\\/wp-content\\\/uploads\\\/2026\\\/03\\\/5637943196.jpg\",\"datePublished\":\"2026-03-16T23:24:59+00:00\",\"dateModified\":\"2026-03-17T12:37:17+00:00\",\"breadcrumb\":{\"@id\":\"https:\\\/\\\/ranoja.ee\\\/toode\\\/spetsiaaloli-basic-utto-10w-30-205l-orlen-oil\\\/#breadcrumb\"},\"inLanguage\":\"en-US\",\"potentialAction\":[{\"@type\":\"ReadAction\",\"target\":[\"https:\\\/\\\/ranoja.ee\\\/toode\\\/spetsiaaloli-basic-utto-10w-30-205l-orlen-oil\\\/\"]}]},{\"@type\":\"ImageObject\",\"inLanguage\":\"en-US\",\"@id\":\"https:\\\/\\\/ranoja.ee\\\/toode\\\/spetsiaaloli-basic-utto-10w-30-205l-orlen-oil\\\/#primaryimage\",\"url\":\"https:\\\/\\\/ranoja.ee\\\/wp-content\\\/uploads\\\/2026\\\/03\\\/5637943196.jpg\",\"contentUrl\":\"https:\\\/\\\/ranoja.ee\\\/wp-content\\\/uploads\\\/2026\\\/03\\\/5637943196.jpg\",\"width\":474,\"height\":713},{\"@type\":\"BreadcrumbList\",\"@id\":\"https:\\\/\\\/ranoja.ee\\\/toode\\\/spetsiaaloli-basic-utto-10w-30-205l-orlen-oil\\\/#breadcrumb\",\"itemListElement\":[{\"@type\":\"ListItem\",\"position\":1,\"name\":\"Home\",\"item\":\"https:\\\/\\\/ranoja.ee\\\/\"},{\"@type\":\"ListItem\",\"position\":2,\"name\":\"Shop\",\"item\":\"https:\\\/\\\/ranoja.ee\\\/en\\\/shop\\\/\"},{\"@type\":\"ListItem\",\"position\":3,\"name\":\"Spetsiaal\u00f5li Basic Utto 10W-30 205L, Orlen Oil\"}]},{\"@type\":\"WebSite\",\"@id\":\"https:\\\/\\\/ranoja.ee\\\/#website\",\"url\":\"https:\\\/\\\/ranoja.ee\\\/\",\"name\":\"Ranoja\",\"description\":\"Equipment Shop WooCommerce WordPress Theme for Machine &amp; Tools\",\"publisher\":{\"@id\":\"https:\\\/\\\/ranoja.ee\\\/#organization\"},\"potentialAction\":[{\"@type\":\"SearchAction\",\"target\":{\"@type\":\"EntryPoint\",\"urlTemplate\":\"https:\\\/\\\/ranoja.ee\\\/?s={search_term_string}\"},\"query-input\":{\"@type\":\"PropertyValueSpecification\",\"valueRequired\":true,\"valueName\":\"search_term_string\"}}],\"inLanguage\":\"en-US\"},{\"@type\":\"Organization\",\"@id\":\"https:\\\/\\\/ranoja.ee\\\/#organization\",\"name\":\"Ranoja O\u00dc\",\"url\":\"https:\\\/\\\/ranoja.ee\\\/\",\"logo\":{\"@type\":\"ImageObject\",\"inLanguage\":\"en-US\",\"@id\":\"https:\\\/\\\/ranoja.ee\\\/#\\\/schema\\\/logo\\\/image\\\/\",\"url\":\"https:\\\/\\\/ranoja.ee\\\/wp-content\\\/uploads\\\/2023\\\/11\\\/ranoja-Logo.png\",\"contentUrl\":\"https:\\\/\\\/ranoja.ee\\\/wp-content\\\/uploads\\\/2023\\\/11\\\/ranoja-Logo.png\",\"width\":207,\"height\":58,\"caption\":\"Ranoja O\u00dc\"},\"image\":{\"@id\":\"https:\\\/\\\/ranoja.ee\\\/#\\\/schema\\\/logo\\\/image\\\/\"},\"sameAs\":[\"https:\\\/\\\/www.facebook.com\\\/ranoja.ee\",\"https:\\\/\\\/www.instagram.com\\\/ranoja__\\\/\"]}]}<\/script>\n<!-- \/ Yoast SEO plugin. -->","yoast_head_json":{"title":"Spetsiaal\u00f5li Basic Utto 10W-30 205L, Orlen Oil - Ranoja","robots":{"index":"index","follow":"follow","max-snippet":"max-snippet:-1","max-image-preview":"max-image-preview:large","max-video-preview":"max-video-preview:-1"},"canonical":"https:\/\/ranoja.ee\/toode\/spetsiaaloli-basic-utto-10w-30-205l-orlen-oil\/","og_locale":"en_US","og_type":"article","og_title":"Spetsiaal\u00f5li Basic Utto 10W-30 205L, Orlen Oil - Ranoja","og_description":"Kvaliteetne mitmeotstarbeline h\u00fcdro- ja k\u00e4igukasti\u00f5li. Kaasaegne unikaalne koostis hoolikalt valitud mineraalsest baas\u00f5list ja spetsiaalsetest lisanditest v\u00f5imaldavad t\u00e4ita p\u00f5llumajandustehnika tootjate kaasaegseid n\u00f5udeid. \u00d5lid tagavad t\u00e4iusliku kulumise ja korrosiooni kaitse kui ka \u00fchilduvuse erinevate tihendimaterjalidega. ORLEN OIL AGRO BASIC UTTO 10W-30 on ette n\u00e4htud mitmesuguste p\u00f5lluharimisseadmetes kasutatavate hammasrataste m\u00e4\u00e4rimiseks (k\u00e4igukastid, p\u00f5hik\u00e4igud, roolimehhanismid, diferentsiaalk\u00e4igud) ja seda saab kasutada suure koormusega h\u00fcdros\u00fcsteemides, see vastab p\u00f5llumajandusseadmete tootjate n\u00f5uded. \u00d5li saab kasutada traktoritel, kus manuaalk\u00e4igukast, sillad, h\u00fcdroliitmikud ja \"m\u00e4rjad pidurid\" m\u00e4\u00e4ritakse \u00fche \u00f5lis\u00fcsteemiga. SAE viskoosus 10W30, transmissiooni\u00f5li 80W, ISO viskoossus 68 Vastab n\u00f5uetele: Ford M2C86B Ford M2C86C Ford M2C134D Korpus New Holland MAT 3525 Korpus New Holland MAT 3526 John Deere JDM J20C John Deere JDM J20D Massey Ferguson CMS M1143 Massey Ferguson CMS M1135 Massey Ferguson CMS M1145 J.I juhtum MS-1204,6,7,9 Allison C-4 VOLVO CE WB 101 Caterpillar TO-2 JCMAS HK P-041 Sperry Vickers\/Eaton: M2950S, Sperry Vickers\/Eaton: I-286-S, Parker (Dennison UTTO), HF-1, HF-2, Sauer Sunstrand\/Danfoss: h\u00fcdrostaatiline transmissioonivedelik Soovitatav kasutada Ursuse p\u00f5llumajandusmasinatel","og_url":"https:\/\/ranoja.ee\/toode\/spetsiaaloli-basic-utto-10w-30-205l-orlen-oil\/","og_site_name":"Ranoja","article_publisher":"https:\/\/www.facebook.com\/ranoja.ee","article_modified_time":"2026-03-17T12:37:17+00:00","og_image":[{"width":474,"height":713,"url":"https:\/\/ranoja.ee\/wp-content\/uploads\/2026\/03\/5637943196.jpg","type":"image\/jpeg"}],"twitter_card":"summary_large_image","schema":{"@context":"https:\/\/schema.org","@graph":[{"@type":"WebPage","@id":"https:\/\/ranoja.ee\/toode\/spetsiaaloli-basic-utto-10w-30-205l-orlen-oil\/","url":"https:\/\/ranoja.ee\/toode\/spetsiaaloli-basic-utto-10w-30-205l-orlen-oil\/","name":"Spetsiaal\u00f5li Basic Utto 10W-30 205L, Orlen Oil - Ranoja","isPartOf":{"@id":"https:\/\/ranoja.ee\/#website"},"primaryImageOfPage":{"@id":"https:\/\/ranoja.ee\/toode\/spetsiaaloli-basic-utto-10w-30-205l-orlen-oil\/#primaryimage"},"image":{"@id":"https:\/\/ranoja.ee\/toode\/spetsiaaloli-basic-utto-10w-30-205l-orlen-oil\/#primaryimage"},"thumbnailUrl":"https:\/\/ranoja.ee\/wp-content\/uploads\/2026\/03\/5637943196.jpg","datePublished":"2026-03-16T23:24:59+00:00","dateModified":"2026-03-17T12:37:17+00:00","breadcrumb":{"@id":"https:\/\/ranoja.ee\/toode\/spetsiaaloli-basic-utto-10w-30-205l-orlen-oil\/#breadcrumb"},"inLanguage":"en-US","potentialAction":[{"@type":"ReadAction","target":["https:\/\/ranoja.ee\/toode\/spetsiaaloli-basic-utto-10w-30-205l-orlen-oil\/"]}]},{"@type":"ImageObject","inLanguage":"en-US","@id":"https:\/\/ranoja.ee\/toode\/spetsiaaloli-basic-utto-10w-30-205l-orlen-oil\/#primaryimage","url":"https:\/\/ranoja.ee\/wp-content\/uploads\/2026\/03\/5637943196.jpg","contentUrl":"https:\/\/ranoja.ee\/wp-content\/uploads\/2026\/03\/5637943196.jpg","width":474,"height":713},{"@type":"BreadcrumbList","@id":"https:\/\/ranoja.ee\/toode\/spetsiaaloli-basic-utto-10w-30-205l-orlen-oil\/#breadcrumb","itemListElement":[{"@type":"ListItem","position":1,"name":"Home","item":"https:\/\/ranoja.ee\/"},{"@type":"ListItem","position":2,"name":"Shop","item":"https:\/\/ranoja.ee\/en\/shop\/"},{"@type":"ListItem","position":3,"name":"Spetsiaal\u00f5li Basic Utto 10W-30 205L, Orlen Oil"}]},{"@type":"WebSite","@id":"https:\/\/ranoja.ee\/#website","url":"https:\/\/ranoja.ee\/","name":"Ranoja","description":"Equipment Shop WooCommerce WordPress Theme for Machine &amp; Tools","publisher":{"@id":"https:\/\/ranoja.ee\/#organization"},"potentialAction":[{"@type":"SearchAction","target":{"@type":"EntryPoint","urlTemplate":"https:\/\/ranoja.ee\/?s={search_term_string}"},"query-input":{"@type":"PropertyValueSpecification","valueRequired":true,"valueName":"search_term_string"}}],"inLanguage":"en-US"},{"@type":"Organization","@id":"https:\/\/ranoja.ee\/#organization","name":"Ranoja O\u00dc","url":"https:\/\/ranoja.ee\/","logo":{"@type":"ImageObject","inLanguage":"en-US","@id":"https:\/\/ranoja.ee\/#\/schema\/logo\/image\/","url":"https:\/\/ranoja.ee\/wp-content\/uploads\/2023\/11\/ranoja-Logo.png","contentUrl":"https:\/\/ranoja.ee\/wp-content\/uploads\/2023\/11\/ranoja-Logo.png","width":207,"height":58,"caption":"Ranoja O\u00dc"},"image":{"@id":"https:\/\/ranoja.ee\/#\/schema\/logo\/image\/"},"sameAs":["https:\/\/www.facebook.com\/ranoja.ee","https:\/\/www.instagram.com\/ranoja__\/"]}]}},"_links":{"self":[{"href":"https:\/\/ranoja.ee\/en\/wp-json\/wp\/v2\/product\/60983","targetHints":{"allow":["GET"]}}],"collection":[{"href":"https:\/\/ranoja.ee\/en\/wp-json\/wp\/v2\/product"}],"about":[{"href":"https:\/\/ranoja.ee\/en\/wp-json\/wp\/v2\/types\/product"}],"wp:featuredmedia":[{"embeddable":true,"href":"https:\/\/ranoja.ee\/en\/wp-json\/wp\/v2\/media\/60984"}],"wp:attachment":[{"href":"https:\/\/ranoja.ee\/en\/wp-json\/wp\/v2\/media?parent=60983"}],"wp:term":[{"taxonomy":"product_cat","embeddable":true,"href":"https:\/\/ranoja.ee\/en\/wp-json\/wp\/v2\/product_cat?post=60983"},{"taxonomy":"product_tag","embeddable":true,"href":"https:\/\/ranoja.ee\/en\/wp-json\/wp\/v2\/product_tag?post=60983"}],"curies":[{"name":"wp","href":"https:\/\/api.w.org\/{rel}","templated":true}]}}