{"id":60981,"date":"2026-03-17T02:24:59","date_gmt":"2026-03-16T23:24:59","guid":{"rendered":"https:\/\/ranoja.ee\/toode\/elektrigeneraator-sg7100x-scheppach\/"},"modified":"2026-03-17T15:37:17","modified_gmt":"2026-03-17T12:37:17","slug":"elektrigeneraator-sg7100x-scheppach","status":"publish","type":"product","link":"https:\/\/ranoja.ee\/en\/toode\/elektrigeneraator-sg7100x-scheppach\/","title":{"rendered":"Elektrigeneraator SG7100x, Scheppach"},"content":{"rendered":"","protected":false},"excerpt":{"rendered":"<p>Elektrigeneraator SG 7100x on varustatud 420cm3 4-taktilise bensiinimootoriga ja 3-faasiline maksimaalne v\u00e4ljundv\u00f5imsus on 5,4 kW. Vaskm\u00e4hisega alternaator annab suurema temperatuuritaluvuse!<br \/>\nMootor on kaitstud madala \u00f5lir\u00f5huanduriga ning \u00fclekoormuskaitmega, mis tagab seadme pika eluea ning lihtsa hoolduse.<br \/>\nGeneraatoril on tugev metallraam, mis kaitseb seadet ning lisaks suured t\u00e4ispuhutavad kummirattad ja mugav k\u00e4epide lihtsaks liigutamiseks ning transpordiks.<br \/>\n25 liitrit k\u00fctusepaak tagab autonoomsuse ca 10-ks tunniks.<br \/>\nSobib kasutamiseks nii kodumajapidamises ning ka ehitusplatsil t\u00f6\u00f6riistade k\u00e4ivitamiseks.<\/p>\n<p>K\u00e4ivitus l\u00e4bi elektristarteri ning lisaks k\u00e4sistarter<br \/>\nMax 5,4 kW, pidev 5 kW\/400V<br \/>\n2 x 230V pistikut<br \/>\n1 x 400V pistik<br \/>\nPingestabilisaator AVR<br \/>\nVoltmeeter<br \/>\nAlternaatoris vaskm\u00e4his<br \/>\nM\u00f5\u00f5dud: P x L x K   76 x 70 x 65 cm<br \/>\nKaal 79 kg<\/p>\n","protected":false},"featured_media":60982,"template":"","meta":{"inline_featured_image":false},"product_cat":[5351,5415],"product_tag":[],"class_list":{"0":"post-60981","1":"product","2":"type-product","3":"status-publish","4":"has-post-thumbnail","6":"product_brand-scheppach","7":"product_cat-generaatorid","8":"product_cat-kerged-kolmefaasilised-generaatorid","10":"first","11":"instock","12":"purchasable","13":"product-type-simple"},"yoast_head":"<!-- This site is optimized with the Yoast SEO plugin v27.4 - https:\/\/yoast.com\/product\/yoast-seo-wordpress\/ -->\n<title>Elektrigeneraator SG7100x, Scheppach - Ranoja<\/title>\n<meta name=\"robots\" content=\"index, follow, max-snippet:-1, max-image-preview:large, max-video-preview:-1\" \/>\n<link rel=\"canonical\" href=\"https:\/\/ranoja.ee\/toode\/elektrigeneraator-sg7100x-scheppach\/\" \/>\n<meta property=\"og:locale\" content=\"en_US\" \/>\n<meta property=\"og:type\" content=\"article\" \/>\n<meta property=\"og:title\" content=\"Elektrigeneraator SG7100x, Scheppach - Ranoja\" \/>\n<meta property=\"og:description\" content=\"Elektrigeneraator SG 7100x on varustatud 420cm3 4-taktilise bensiinimootoriga ja 3-faasiline maksimaalne v\u00e4ljundv\u00f5imsus on 5,4 kW. Vaskm\u00e4hisega alternaator annab suurema temperatuuritaluvuse! Mootor on kaitstud madala \u00f5lir\u00f5huanduriga ning \u00fclekoormuskaitmega, mis tagab seadme pika eluea ning lihtsa hoolduse. Generaatoril on tugev metallraam, mis kaitseb seadet ning lisaks suured t\u00e4ispuhutavad kummirattad ja mugav k\u00e4epide lihtsaks liigutamiseks ning transpordiks. 25 liitrit k\u00fctusepaak tagab autonoomsuse ca 10-ks tunniks. Sobib kasutamiseks nii kodumajapidamises ning ka ehitusplatsil t\u00f6\u00f6riistade k\u00e4ivitamiseks. K\u00e4ivitus l\u00e4bi elektristarteri ning lisaks k\u00e4sistarter Max 5,4 kW, pidev 5 kW\/400V 2 x 230V pistikut 1 x 400V pistik Pingestabilisaator AVR Voltmeeter Alternaatoris vaskm\u00e4his M\u00f5\u00f5dud: P x L x K  76 x 70 x 65 cm Kaal 79 kg\" \/>\n<meta property=\"og:url\" content=\"https:\/\/ranoja.ee\/toode\/elektrigeneraator-sg7100x-scheppach\/\" \/>\n<meta property=\"og:site_name\" content=\"Ranoja\" \/>\n<meta property=\"article:publisher\" content=\"https:\/\/www.facebook.com\/ranoja.ee\" \/>\n<meta property=\"article:modified_time\" content=\"2026-03-17T12:37:17+00:00\" \/>\n<meta property=\"og:image\" content=\"https:\/\/ranoja.ee\/wp-content\/uploads\/2026\/03\/241465999.jpg\" \/>\n\t<meta property=\"og:image:width\" content=\"768\" \/>\n\t<meta property=\"og:image:height\" content=\"768\" \/>\n\t<meta property=\"og:image:type\" content=\"image\/jpeg\" \/>\n<meta name=\"twitter:card\" content=\"summary_large_image\" \/>\n<script type=\"application\/ld+json\" class=\"yoast-schema-graph\">{\"@context\":\"https:\\\/\\\/schema.org\",\"@graph\":[{\"@type\":\"WebPage\",\"@id\":\"https:\\\/\\\/ranoja.ee\\\/toode\\\/elektrigeneraator-sg7100x-scheppach\\\/\",\"url\":\"https:\\\/\\\/ranoja.ee\\\/toode\\\/elektrigeneraator-sg7100x-scheppach\\\/\",\"name\":\"Elektrigeneraator SG7100x, Scheppach - Ranoja\",\"isPartOf\":{\"@id\":\"https:\\\/\\\/ranoja.ee\\\/#website\"},\"primaryImageOfPage\":{\"@id\":\"https:\\\/\\\/ranoja.ee\\\/toode\\\/elektrigeneraator-sg7100x-scheppach\\\/#primaryimage\"},\"image\":{\"@id\":\"https:\\\/\\\/ranoja.ee\\\/toode\\\/elektrigeneraator-sg7100x-scheppach\\\/#primaryimage\"},\"thumbnailUrl\":\"https:\\\/\\\/ranoja.ee\\\/wp-content\\\/uploads\\\/2026\\\/03\\\/241465999.jpg\",\"datePublished\":\"2026-03-16T23:24:59+00:00\",\"dateModified\":\"2026-03-17T12:37:17+00:00\",\"breadcrumb\":{\"@id\":\"https:\\\/\\\/ranoja.ee\\\/toode\\\/elektrigeneraator-sg7100x-scheppach\\\/#breadcrumb\"},\"inLanguage\":\"en-US\",\"potentialAction\":[{\"@type\":\"ReadAction\",\"target\":[\"https:\\\/\\\/ranoja.ee\\\/toode\\\/elektrigeneraator-sg7100x-scheppach\\\/\"]}]},{\"@type\":\"ImageObject\",\"inLanguage\":\"en-US\",\"@id\":\"https:\\\/\\\/ranoja.ee\\\/toode\\\/elektrigeneraator-sg7100x-scheppach\\\/#primaryimage\",\"url\":\"https:\\\/\\\/ranoja.ee\\\/wp-content\\\/uploads\\\/2026\\\/03\\\/241465999.jpg\",\"contentUrl\":\"https:\\\/\\\/ranoja.ee\\\/wp-content\\\/uploads\\\/2026\\\/03\\\/241465999.jpg\",\"width\":768,\"height\":768},{\"@type\":\"BreadcrumbList\",\"@id\":\"https:\\\/\\\/ranoja.ee\\\/toode\\\/elektrigeneraator-sg7100x-scheppach\\\/#breadcrumb\",\"itemListElement\":[{\"@type\":\"ListItem\",\"position\":1,\"name\":\"Home\",\"item\":\"https:\\\/\\\/ranoja.ee\\\/\"},{\"@type\":\"ListItem\",\"position\":2,\"name\":\"Shop\",\"item\":\"https:\\\/\\\/ranoja.ee\\\/en\\\/shop\\\/\"},{\"@type\":\"ListItem\",\"position\":3,\"name\":\"Elektrigeneraator SG7100x, Scheppach\"}]},{\"@type\":\"WebSite\",\"@id\":\"https:\\\/\\\/ranoja.ee\\\/#website\",\"url\":\"https:\\\/\\\/ranoja.ee\\\/\",\"name\":\"Ranoja\",\"description\":\"Equipment Shop WooCommerce WordPress Theme for Machine &amp; Tools\",\"publisher\":{\"@id\":\"https:\\\/\\\/ranoja.ee\\\/#organization\"},\"potentialAction\":[{\"@type\":\"SearchAction\",\"target\":{\"@type\":\"EntryPoint\",\"urlTemplate\":\"https:\\\/\\\/ranoja.ee\\\/?s={search_term_string}\"},\"query-input\":{\"@type\":\"PropertyValueSpecification\",\"valueRequired\":true,\"valueName\":\"search_term_string\"}}],\"inLanguage\":\"en-US\"},{\"@type\":\"Organization\",\"@id\":\"https:\\\/\\\/ranoja.ee\\\/#organization\",\"name\":\"Ranoja O\u00dc\",\"url\":\"https:\\\/\\\/ranoja.ee\\\/\",\"logo\":{\"@type\":\"ImageObject\",\"inLanguage\":\"en-US\",\"@id\":\"https:\\\/\\\/ranoja.ee\\\/#\\\/schema\\\/logo\\\/image\\\/\",\"url\":\"https:\\\/\\\/ranoja.ee\\\/wp-content\\\/uploads\\\/2023\\\/11\\\/ranoja-Logo.png\",\"contentUrl\":\"https:\\\/\\\/ranoja.ee\\\/wp-content\\\/uploads\\\/2023\\\/11\\\/ranoja-Logo.png\",\"width\":207,\"height\":58,\"caption\":\"Ranoja O\u00dc\"},\"image\":{\"@id\":\"https:\\\/\\\/ranoja.ee\\\/#\\\/schema\\\/logo\\\/image\\\/\"},\"sameAs\":[\"https:\\\/\\\/www.facebook.com\\\/ranoja.ee\",\"https:\\\/\\\/www.instagram.com\\\/ranoja__\\\/\"]}]}<\/script>\n<!-- \/ Yoast SEO plugin. -->","yoast_head_json":{"title":"Elektrigeneraator SG7100x, Scheppach - Ranoja","robots":{"index":"index","follow":"follow","max-snippet":"max-snippet:-1","max-image-preview":"max-image-preview:large","max-video-preview":"max-video-preview:-1"},"canonical":"https:\/\/ranoja.ee\/toode\/elektrigeneraator-sg7100x-scheppach\/","og_locale":"en_US","og_type":"article","og_title":"Elektrigeneraator SG7100x, Scheppach - Ranoja","og_description":"Elektrigeneraator SG 7100x on varustatud 420cm3 4-taktilise bensiinimootoriga ja 3-faasiline maksimaalne v\u00e4ljundv\u00f5imsus on 5,4 kW. Vaskm\u00e4hisega alternaator annab suurema temperatuuritaluvuse! Mootor on kaitstud madala \u00f5lir\u00f5huanduriga ning \u00fclekoormuskaitmega, mis tagab seadme pika eluea ning lihtsa hoolduse. Generaatoril on tugev metallraam, mis kaitseb seadet ning lisaks suured t\u00e4ispuhutavad kummirattad ja mugav k\u00e4epide lihtsaks liigutamiseks ning transpordiks. 25 liitrit k\u00fctusepaak tagab autonoomsuse ca 10-ks tunniks. Sobib kasutamiseks nii kodumajapidamises ning ka ehitusplatsil t\u00f6\u00f6riistade k\u00e4ivitamiseks. K\u00e4ivitus l\u00e4bi elektristarteri ning lisaks k\u00e4sistarter Max 5,4 kW, pidev 5 kW\/400V 2 x 230V pistikut 1 x 400V pistik Pingestabilisaator AVR Voltmeeter Alternaatoris vaskm\u00e4his M\u00f5\u00f5dud: P x L x K  76 x 70 x 65 cm Kaal 79 kg","og_url":"https:\/\/ranoja.ee\/toode\/elektrigeneraator-sg7100x-scheppach\/","og_site_name":"Ranoja","article_publisher":"https:\/\/www.facebook.com\/ranoja.ee","article_modified_time":"2026-03-17T12:37:17+00:00","og_image":[{"width":768,"height":768,"url":"https:\/\/ranoja.ee\/wp-content\/uploads\/2026\/03\/241465999.jpg","type":"image\/jpeg"}],"twitter_card":"summary_large_image","schema":{"@context":"https:\/\/schema.org","@graph":[{"@type":"WebPage","@id":"https:\/\/ranoja.ee\/toode\/elektrigeneraator-sg7100x-scheppach\/","url":"https:\/\/ranoja.ee\/toode\/elektrigeneraator-sg7100x-scheppach\/","name":"Elektrigeneraator SG7100x, Scheppach - Ranoja","isPartOf":{"@id":"https:\/\/ranoja.ee\/#website"},"primaryImageOfPage":{"@id":"https:\/\/ranoja.ee\/toode\/elektrigeneraator-sg7100x-scheppach\/#primaryimage"},"image":{"@id":"https:\/\/ranoja.ee\/toode\/elektrigeneraator-sg7100x-scheppach\/#primaryimage"},"thumbnailUrl":"https:\/\/ranoja.ee\/wp-content\/uploads\/2026\/03\/241465999.jpg","datePublished":"2026-03-16T23:24:59+00:00","dateModified":"2026-03-17T12:37:17+00:00","breadcrumb":{"@id":"https:\/\/ranoja.ee\/toode\/elektrigeneraator-sg7100x-scheppach\/#breadcrumb"},"inLanguage":"en-US","potentialAction":[{"@type":"ReadAction","target":["https:\/\/ranoja.ee\/toode\/elektrigeneraator-sg7100x-scheppach\/"]}]},{"@type":"ImageObject","inLanguage":"en-US","@id":"https:\/\/ranoja.ee\/toode\/elektrigeneraator-sg7100x-scheppach\/#primaryimage","url":"https:\/\/ranoja.ee\/wp-content\/uploads\/2026\/03\/241465999.jpg","contentUrl":"https:\/\/ranoja.ee\/wp-content\/uploads\/2026\/03\/241465999.jpg","width":768,"height":768},{"@type":"BreadcrumbList","@id":"https:\/\/ranoja.ee\/toode\/elektrigeneraator-sg7100x-scheppach\/#breadcrumb","itemListElement":[{"@type":"ListItem","position":1,"name":"Home","item":"https:\/\/ranoja.ee\/"},{"@type":"ListItem","position":2,"name":"Shop","item":"https:\/\/ranoja.ee\/en\/shop\/"},{"@type":"ListItem","position":3,"name":"Elektrigeneraator SG7100x, Scheppach"}]},{"@type":"WebSite","@id":"https:\/\/ranoja.ee\/#website","url":"https:\/\/ranoja.ee\/","name":"Ranoja","description":"Equipment Shop WooCommerce WordPress Theme for Machine &amp; Tools","publisher":{"@id":"https:\/\/ranoja.ee\/#organization"},"potentialAction":[{"@type":"SearchAction","target":{"@type":"EntryPoint","urlTemplate":"https:\/\/ranoja.ee\/?s={search_term_string}"},"query-input":{"@type":"PropertyValueSpecification","valueRequired":true,"valueName":"search_term_string"}}],"inLanguage":"en-US"},{"@type":"Organization","@id":"https:\/\/ranoja.ee\/#organization","name":"Ranoja O\u00dc","url":"https:\/\/ranoja.ee\/","logo":{"@type":"ImageObject","inLanguage":"en-US","@id":"https:\/\/ranoja.ee\/#\/schema\/logo\/image\/","url":"https:\/\/ranoja.ee\/wp-content\/uploads\/2023\/11\/ranoja-Logo.png","contentUrl":"https:\/\/ranoja.ee\/wp-content\/uploads\/2023\/11\/ranoja-Logo.png","width":207,"height":58,"caption":"Ranoja O\u00dc"},"image":{"@id":"https:\/\/ranoja.ee\/#\/schema\/logo\/image\/"},"sameAs":["https:\/\/www.facebook.com\/ranoja.ee","https:\/\/www.instagram.com\/ranoja__\/"]}]}},"_links":{"self":[{"href":"https:\/\/ranoja.ee\/en\/wp-json\/wp\/v2\/product\/60981","targetHints":{"allow":["GET"]}}],"collection":[{"href":"https:\/\/ranoja.ee\/en\/wp-json\/wp\/v2\/product"}],"about":[{"href":"https:\/\/ranoja.ee\/en\/wp-json\/wp\/v2\/types\/product"}],"wp:featuredmedia":[{"embeddable":true,"href":"https:\/\/ranoja.ee\/en\/wp-json\/wp\/v2\/media\/60982"}],"wp:attachment":[{"href":"https:\/\/ranoja.ee\/en\/wp-json\/wp\/v2\/media?parent=60981"}],"wp:term":[{"taxonomy":"product_cat","embeddable":true,"href":"https:\/\/ranoja.ee\/en\/wp-json\/wp\/v2\/product_cat?post=60981"},{"taxonomy":"product_tag","embeddable":true,"href":"https:\/\/ranoja.ee\/en\/wp-json\/wp\/v2\/product_tag?post=60981"}],"curies":[{"name":"wp","href":"https:\/\/api.w.org\/{rel}","templated":true}]}}