{"id":60973,"date":"2026-03-17T02:24:59","date_gmt":"2026-03-16T23:24:59","guid":{"rendered":"https:\/\/ranoja.ee\/toode\/esmaabikomplekt-s-cederroth\/"},"modified":"2026-03-17T15:37:17","modified_gmt":"2026-03-17T12:37:17","slug":"esmaabikomplekt-s-cederroth","status":"publish","type":"product","link":"https:\/\/ranoja.ee\/en\/toode\/esmaabikomplekt-s-cederroth\/","title":{"rendered":"Esmaabikomplekt S, Cederroth"},"content":{"rendered":"","protected":false},"excerpt":{"rendered":"<p>Cederroth esmaabikomplekt on valikus olevatest komplektidest v\u00e4ikseim aga l\u00e4bim\u00f5eldult t\u00e4idetud, k\u00f5ikidel toodetel on lihtsasti arusaadavad kasutusjuhendid. <br \/>\nPakend on vastupidavast nailonkangast, mis hoiab esmaabitooteid m\u00e4\u00e4rdumise ja tolmu eest.<br \/>\nTakjaskinnise abil on pakendit v\u00f5imalik kiiresti avada.<br \/>\nPakendit on v\u00f5imalik kinnitada v\u00f6\u00f6le.<br \/>\nPakend on eredat rohelist-kollast v\u00e4rvi, mis teeb ta eemalt kergesti m\u00e4rgatavaks.<\/p>\n<p>Sisu:<br \/>\n1 Cederroth Traumaside 4-in-1 (tellimiskood 1910&#038;CEDER) <br \/>\n2 Salvequick Maxi Cover plaastrit (tellimiskood 658024&#038;CEDER) <br \/>\n2 Salvequick Haavapuhastuslapid (tellimiskood 3227&#038;CEDER)<br \/>\n6 Salvequick plaastrit<\/p>\n<p>M\u00f5\u00f5dud: L 145 x K 74 x P 51 mm<\/p>\n","protected":false},"featured_media":60974,"template":"","meta":{"inline_featured_image":false},"product_cat":[5071,5022],"product_tag":[],"class_list":{"0":"post-60973","1":"product","2":"type-product","3":"status-publish","4":"has-post-thumbnail","6":"product_brand-cederroth","7":"product_cat-esmaabivahendid","8":"product_cat-isikukaitsevahendid","10":"first","11":"instock","12":"purchasable","13":"product-type-simple"},"yoast_head":"<!-- This site is optimized with the Yoast SEO plugin v27.4 - https:\/\/yoast.com\/product\/yoast-seo-wordpress\/ -->\n<title>Esmaabikomplekt S, Cederroth - Ranoja<\/title>\n<meta name=\"robots\" content=\"index, follow, max-snippet:-1, max-image-preview:large, max-video-preview:-1\" \/>\n<link rel=\"canonical\" href=\"https:\/\/ranoja.ee\/toode\/esmaabikomplekt-s-cederroth\/\" \/>\n<meta property=\"og:locale\" content=\"en_US\" \/>\n<meta property=\"og:type\" content=\"article\" \/>\n<meta property=\"og:title\" content=\"Esmaabikomplekt S, Cederroth - Ranoja\" \/>\n<meta property=\"og:description\" content=\"Cederroth esmaabikomplekt on valikus olevatest komplektidest v\u00e4ikseim aga l\u00e4bim\u00f5eldult t\u00e4idetud, k\u00f5ikidel toodetel on lihtsasti arusaadavad kasutusjuhendid. Pakend on vastupidavast nailonkangast, mis hoiab esmaabitooteid m\u00e4\u00e4rdumise ja tolmu eest. Takjaskinnise abil on pakendit v\u00f5imalik kiiresti avada. Pakendit on v\u00f5imalik kinnitada v\u00f6\u00f6le. Pakend on eredat rohelist-kollast v\u00e4rvi, mis teeb ta eemalt kergesti m\u00e4rgatavaks. Sisu: 1 Cederroth Traumaside 4-in-1 (tellimiskood 1910&amp;CEDER) 2 Salvequick Maxi Cover plaastrit (tellimiskood 658024&amp;CEDER) 2 Salvequick Haavapuhastuslapid (tellimiskood 3227&amp;CEDER) 6 Salvequick plaastrit M\u00f5\u00f5dud: L 145 x K 74 x P 51 mm\" \/>\n<meta property=\"og:url\" content=\"https:\/\/ranoja.ee\/toode\/esmaabikomplekt-s-cederroth\/\" \/>\n<meta property=\"og:site_name\" content=\"Ranoja\" \/>\n<meta property=\"article:publisher\" content=\"https:\/\/www.facebook.com\/ranoja.ee\" \/>\n<meta property=\"article:modified_time\" content=\"2026-03-17T12:37:17+00:00\" \/>\n<meta property=\"og:image\" content=\"https:\/\/ranoja.ee\/wp-content\/uploads\/2026\/03\/5637760367.jpg\" \/>\n\t<meta property=\"og:image:width\" content=\"900\" \/>\n\t<meta property=\"og:image:height\" content=\"643\" \/>\n\t<meta property=\"og:image:type\" content=\"image\/jpeg\" \/>\n<meta name=\"twitter:card\" content=\"summary_large_image\" \/>\n<script type=\"application\/ld+json\" class=\"yoast-schema-graph\">{\"@context\":\"https:\\\/\\\/schema.org\",\"@graph\":[{\"@type\":\"WebPage\",\"@id\":\"https:\\\/\\\/ranoja.ee\\\/toode\\\/esmaabikomplekt-s-cederroth\\\/\",\"url\":\"https:\\\/\\\/ranoja.ee\\\/toode\\\/esmaabikomplekt-s-cederroth\\\/\",\"name\":\"Esmaabikomplekt S, Cederroth - Ranoja\",\"isPartOf\":{\"@id\":\"https:\\\/\\\/ranoja.ee\\\/#website\"},\"primaryImageOfPage\":{\"@id\":\"https:\\\/\\\/ranoja.ee\\\/toode\\\/esmaabikomplekt-s-cederroth\\\/#primaryimage\"},\"image\":{\"@id\":\"https:\\\/\\\/ranoja.ee\\\/toode\\\/esmaabikomplekt-s-cederroth\\\/#primaryimage\"},\"thumbnailUrl\":\"https:\\\/\\\/ranoja.ee\\\/wp-content\\\/uploads\\\/2026\\\/03\\\/5637760367.jpg\",\"datePublished\":\"2026-03-16T23:24:59+00:00\",\"dateModified\":\"2026-03-17T12:37:17+00:00\",\"breadcrumb\":{\"@id\":\"https:\\\/\\\/ranoja.ee\\\/toode\\\/esmaabikomplekt-s-cederroth\\\/#breadcrumb\"},\"inLanguage\":\"en-US\",\"potentialAction\":[{\"@type\":\"ReadAction\",\"target\":[\"https:\\\/\\\/ranoja.ee\\\/toode\\\/esmaabikomplekt-s-cederroth\\\/\"]}]},{\"@type\":\"ImageObject\",\"inLanguage\":\"en-US\",\"@id\":\"https:\\\/\\\/ranoja.ee\\\/toode\\\/esmaabikomplekt-s-cederroth\\\/#primaryimage\",\"url\":\"https:\\\/\\\/ranoja.ee\\\/wp-content\\\/uploads\\\/2026\\\/03\\\/5637760367.jpg\",\"contentUrl\":\"https:\\\/\\\/ranoja.ee\\\/wp-content\\\/uploads\\\/2026\\\/03\\\/5637760367.jpg\",\"width\":900,\"height\":643},{\"@type\":\"BreadcrumbList\",\"@id\":\"https:\\\/\\\/ranoja.ee\\\/toode\\\/esmaabikomplekt-s-cederroth\\\/#breadcrumb\",\"itemListElement\":[{\"@type\":\"ListItem\",\"position\":1,\"name\":\"Home\",\"item\":\"https:\\\/\\\/ranoja.ee\\\/\"},{\"@type\":\"ListItem\",\"position\":2,\"name\":\"Shop\",\"item\":\"https:\\\/\\\/ranoja.ee\\\/en\\\/shop\\\/\"},{\"@type\":\"ListItem\",\"position\":3,\"name\":\"Esmaabikomplekt S, Cederroth\"}]},{\"@type\":\"WebSite\",\"@id\":\"https:\\\/\\\/ranoja.ee\\\/#website\",\"url\":\"https:\\\/\\\/ranoja.ee\\\/\",\"name\":\"Ranoja\",\"description\":\"Equipment Shop WooCommerce WordPress Theme for Machine &amp; Tools\",\"publisher\":{\"@id\":\"https:\\\/\\\/ranoja.ee\\\/#organization\"},\"potentialAction\":[{\"@type\":\"SearchAction\",\"target\":{\"@type\":\"EntryPoint\",\"urlTemplate\":\"https:\\\/\\\/ranoja.ee\\\/?s={search_term_string}\"},\"query-input\":{\"@type\":\"PropertyValueSpecification\",\"valueRequired\":true,\"valueName\":\"search_term_string\"}}],\"inLanguage\":\"en-US\"},{\"@type\":\"Organization\",\"@id\":\"https:\\\/\\\/ranoja.ee\\\/#organization\",\"name\":\"Ranoja O\u00dc\",\"url\":\"https:\\\/\\\/ranoja.ee\\\/\",\"logo\":{\"@type\":\"ImageObject\",\"inLanguage\":\"en-US\",\"@id\":\"https:\\\/\\\/ranoja.ee\\\/#\\\/schema\\\/logo\\\/image\\\/\",\"url\":\"https:\\\/\\\/ranoja.ee\\\/wp-content\\\/uploads\\\/2023\\\/11\\\/ranoja-Logo.png\",\"contentUrl\":\"https:\\\/\\\/ranoja.ee\\\/wp-content\\\/uploads\\\/2023\\\/11\\\/ranoja-Logo.png\",\"width\":207,\"height\":58,\"caption\":\"Ranoja O\u00dc\"},\"image\":{\"@id\":\"https:\\\/\\\/ranoja.ee\\\/#\\\/schema\\\/logo\\\/image\\\/\"},\"sameAs\":[\"https:\\\/\\\/www.facebook.com\\\/ranoja.ee\",\"https:\\\/\\\/www.instagram.com\\\/ranoja__\\\/\"]}]}<\/script>\n<!-- \/ Yoast SEO plugin. -->","yoast_head_json":{"title":"Esmaabikomplekt S, Cederroth - Ranoja","robots":{"index":"index","follow":"follow","max-snippet":"max-snippet:-1","max-image-preview":"max-image-preview:large","max-video-preview":"max-video-preview:-1"},"canonical":"https:\/\/ranoja.ee\/toode\/esmaabikomplekt-s-cederroth\/","og_locale":"en_US","og_type":"article","og_title":"Esmaabikomplekt S, Cederroth - Ranoja","og_description":"Cederroth esmaabikomplekt on valikus olevatest komplektidest v\u00e4ikseim aga l\u00e4bim\u00f5eldult t\u00e4idetud, k\u00f5ikidel toodetel on lihtsasti arusaadavad kasutusjuhendid. Pakend on vastupidavast nailonkangast, mis hoiab esmaabitooteid m\u00e4\u00e4rdumise ja tolmu eest. Takjaskinnise abil on pakendit v\u00f5imalik kiiresti avada. Pakendit on v\u00f5imalik kinnitada v\u00f6\u00f6le. Pakend on eredat rohelist-kollast v\u00e4rvi, mis teeb ta eemalt kergesti m\u00e4rgatavaks. Sisu: 1 Cederroth Traumaside 4-in-1 (tellimiskood 1910&CEDER) 2 Salvequick Maxi Cover plaastrit (tellimiskood 658024&CEDER) 2 Salvequick Haavapuhastuslapid (tellimiskood 3227&CEDER) 6 Salvequick plaastrit M\u00f5\u00f5dud: L 145 x K 74 x P 51 mm","og_url":"https:\/\/ranoja.ee\/toode\/esmaabikomplekt-s-cederroth\/","og_site_name":"Ranoja","article_publisher":"https:\/\/www.facebook.com\/ranoja.ee","article_modified_time":"2026-03-17T12:37:17+00:00","og_image":[{"width":900,"height":643,"url":"https:\/\/ranoja.ee\/wp-content\/uploads\/2026\/03\/5637760367.jpg","type":"image\/jpeg"}],"twitter_card":"summary_large_image","schema":{"@context":"https:\/\/schema.org","@graph":[{"@type":"WebPage","@id":"https:\/\/ranoja.ee\/toode\/esmaabikomplekt-s-cederroth\/","url":"https:\/\/ranoja.ee\/toode\/esmaabikomplekt-s-cederroth\/","name":"Esmaabikomplekt S, Cederroth - Ranoja","isPartOf":{"@id":"https:\/\/ranoja.ee\/#website"},"primaryImageOfPage":{"@id":"https:\/\/ranoja.ee\/toode\/esmaabikomplekt-s-cederroth\/#primaryimage"},"image":{"@id":"https:\/\/ranoja.ee\/toode\/esmaabikomplekt-s-cederroth\/#primaryimage"},"thumbnailUrl":"https:\/\/ranoja.ee\/wp-content\/uploads\/2026\/03\/5637760367.jpg","datePublished":"2026-03-16T23:24:59+00:00","dateModified":"2026-03-17T12:37:17+00:00","breadcrumb":{"@id":"https:\/\/ranoja.ee\/toode\/esmaabikomplekt-s-cederroth\/#breadcrumb"},"inLanguage":"en-US","potentialAction":[{"@type":"ReadAction","target":["https:\/\/ranoja.ee\/toode\/esmaabikomplekt-s-cederroth\/"]}]},{"@type":"ImageObject","inLanguage":"en-US","@id":"https:\/\/ranoja.ee\/toode\/esmaabikomplekt-s-cederroth\/#primaryimage","url":"https:\/\/ranoja.ee\/wp-content\/uploads\/2026\/03\/5637760367.jpg","contentUrl":"https:\/\/ranoja.ee\/wp-content\/uploads\/2026\/03\/5637760367.jpg","width":900,"height":643},{"@type":"BreadcrumbList","@id":"https:\/\/ranoja.ee\/toode\/esmaabikomplekt-s-cederroth\/#breadcrumb","itemListElement":[{"@type":"ListItem","position":1,"name":"Home","item":"https:\/\/ranoja.ee\/"},{"@type":"ListItem","position":2,"name":"Shop","item":"https:\/\/ranoja.ee\/en\/shop\/"},{"@type":"ListItem","position":3,"name":"Esmaabikomplekt S, Cederroth"}]},{"@type":"WebSite","@id":"https:\/\/ranoja.ee\/#website","url":"https:\/\/ranoja.ee\/","name":"Ranoja","description":"Equipment Shop WooCommerce WordPress Theme for Machine &amp; Tools","publisher":{"@id":"https:\/\/ranoja.ee\/#organization"},"potentialAction":[{"@type":"SearchAction","target":{"@type":"EntryPoint","urlTemplate":"https:\/\/ranoja.ee\/?s={search_term_string}"},"query-input":{"@type":"PropertyValueSpecification","valueRequired":true,"valueName":"search_term_string"}}],"inLanguage":"en-US"},{"@type":"Organization","@id":"https:\/\/ranoja.ee\/#organization","name":"Ranoja O\u00dc","url":"https:\/\/ranoja.ee\/","logo":{"@type":"ImageObject","inLanguage":"en-US","@id":"https:\/\/ranoja.ee\/#\/schema\/logo\/image\/","url":"https:\/\/ranoja.ee\/wp-content\/uploads\/2023\/11\/ranoja-Logo.png","contentUrl":"https:\/\/ranoja.ee\/wp-content\/uploads\/2023\/11\/ranoja-Logo.png","width":207,"height":58,"caption":"Ranoja O\u00dc"},"image":{"@id":"https:\/\/ranoja.ee\/#\/schema\/logo\/image\/"},"sameAs":["https:\/\/www.facebook.com\/ranoja.ee","https:\/\/www.instagram.com\/ranoja__\/"]}]}},"_links":{"self":[{"href":"https:\/\/ranoja.ee\/en\/wp-json\/wp\/v2\/product\/60973","targetHints":{"allow":["GET"]}}],"collection":[{"href":"https:\/\/ranoja.ee\/en\/wp-json\/wp\/v2\/product"}],"about":[{"href":"https:\/\/ranoja.ee\/en\/wp-json\/wp\/v2\/types\/product"}],"wp:featuredmedia":[{"embeddable":true,"href":"https:\/\/ranoja.ee\/en\/wp-json\/wp\/v2\/media\/60974"}],"wp:attachment":[{"href":"https:\/\/ranoja.ee\/en\/wp-json\/wp\/v2\/media?parent=60973"}],"wp:term":[{"taxonomy":"product_cat","embeddable":true,"href":"https:\/\/ranoja.ee\/en\/wp-json\/wp\/v2\/product_cat?post=60973"},{"taxonomy":"product_tag","embeddable":true,"href":"https:\/\/ranoja.ee\/en\/wp-json\/wp\/v2\/product_tag?post=60973"}],"curies":[{"name":"wp","href":"https:\/\/api.w.org\/{rel}","templated":true}]}}