{"id":60971,"date":"2026-03-17T02:24:59","date_gmt":"2026-03-16T23:24:59","guid":{"rendered":"https:\/\/ranoja.ee\/toode\/poletushaava-side-naomask-30x40-cm-cederroth\/"},"modified":"2026-03-17T15:37:17","modified_gmt":"2026-03-17T12:37:17","slug":"poletushaava-side-naomask-30x40-cm-cederroth","status":"publish","type":"product","link":"https:\/\/ranoja.ee\/en\/toode\/poletushaava-side-naomask-30x40-cm-cederroth\/","title":{"rendered":"P\u00f5letushaava side\/ n\u00e4omask, 30&#215;40 cm, Cederroth"},"content":{"rendered":"","protected":false},"excerpt":{"rendered":"<p>Suur p\u00f5letushaava side pakub kiiret jahutust ja efektiivset valu leevendust esimese ja teise astme p\u00f5letustele.<br \/>\nK\u00fclm v\u00e4hendab valu ja paistetust ning hoiab \u00e4ra vigastuse leviku alumistesse nahakihtidesse.<br \/>\nSobib kasutamiseks suurematel aladel nagu jalad, k\u00e4ed, rind ning v\u00f5ib kasutada ka n\u00e4emaskina.<br \/>\nSidemel on eell\u00f5igatud avad, mida saab vajadusel eemaldada, silmade, nina ja suu jaoks.<br \/>\nSidet on kerge kasutada, juhendid on lihtsalt arusaadavad.<br \/>\nRiiuli eluiga 5 aastat..<\/p>\n<p>Sisu:<br \/>\nSteriilne haavaside 30 x 40 cm. 1t\/pakis. Veel baseeruv geel (90% vett)l.<\/p>\n","protected":false},"featured_media":60972,"template":"","meta":{"inline_featured_image":false},"product_cat":[5071,5022],"product_tag":[],"class_list":{"0":"post-60971","1":"product","2":"type-product","3":"status-publish","4":"has-post-thumbnail","6":"product_brand-cederroth","7":"product_cat-esmaabivahendid","8":"product_cat-isikukaitsevahendid","10":"first","11":"instock","12":"purchasable","13":"product-type-simple"},"yoast_head":"<!-- This site is optimized with the Yoast SEO plugin v27.4 - https:\/\/yoast.com\/product\/yoast-seo-wordpress\/ -->\n<title>P\u00f5letushaava side\/ n\u00e4omask, 30x40 cm, Cederroth - Ranoja<\/title>\n<meta name=\"robots\" content=\"index, follow, max-snippet:-1, max-image-preview:large, max-video-preview:-1\" \/>\n<link rel=\"canonical\" href=\"https:\/\/ranoja.ee\/toode\/poletushaava-side-naomask-30x40-cm-cederroth\/\" \/>\n<meta property=\"og:locale\" content=\"en_US\" \/>\n<meta property=\"og:type\" content=\"article\" \/>\n<meta property=\"og:title\" content=\"P\u00f5letushaava side\/ n\u00e4omask, 30x40 cm, Cederroth - Ranoja\" \/>\n<meta property=\"og:description\" content=\"Suur p\u00f5letushaava side pakub kiiret jahutust ja efektiivset valu leevendust esimese ja teise astme p\u00f5letustele. K\u00fclm v\u00e4hendab valu ja paistetust ning hoiab \u00e4ra vigastuse leviku alumistesse nahakihtidesse. Sobib kasutamiseks suurematel aladel nagu jalad, k\u00e4ed, rind ning v\u00f5ib kasutada ka n\u00e4emaskina. Sidemel on eell\u00f5igatud avad, mida saab vajadusel eemaldada, silmade, nina ja suu jaoks. Sidet on kerge kasutada, juhendid on lihtsalt arusaadavad. Riiuli eluiga 5 aastat.. Sisu: Steriilne haavaside 30 x 40 cm. 1t\/pakis. Veel baseeruv geel (90% vett)l.\" \/>\n<meta property=\"og:url\" content=\"https:\/\/ranoja.ee\/toode\/poletushaava-side-naomask-30x40-cm-cederroth\/\" \/>\n<meta property=\"og:site_name\" content=\"Ranoja\" \/>\n<meta property=\"article:publisher\" content=\"https:\/\/www.facebook.com\/ranoja.ee\" \/>\n<meta property=\"article:modified_time\" content=\"2026-03-17T12:37:17+00:00\" \/>\n<meta property=\"og:image\" content=\"https:\/\/ranoja.ee\/wp-content\/uploads\/2026\/03\/5637760415.jpg\" \/>\n\t<meta property=\"og:image:width\" content=\"689\" \/>\n\t<meta property=\"og:image:height\" content=\"900\" \/>\n\t<meta property=\"og:image:type\" content=\"image\/jpeg\" \/>\n<meta name=\"twitter:card\" content=\"summary_large_image\" \/>\n<script type=\"application\/ld+json\" class=\"yoast-schema-graph\">{\"@context\":\"https:\\\/\\\/schema.org\",\"@graph\":[{\"@type\":\"WebPage\",\"@id\":\"https:\\\/\\\/ranoja.ee\\\/toode\\\/poletushaava-side-naomask-30x40-cm-cederroth\\\/\",\"url\":\"https:\\\/\\\/ranoja.ee\\\/toode\\\/poletushaava-side-naomask-30x40-cm-cederroth\\\/\",\"name\":\"P\u00f5letushaava side\\\/ n\u00e4omask, 30x40 cm, Cederroth - Ranoja\",\"isPartOf\":{\"@id\":\"https:\\\/\\\/ranoja.ee\\\/#website\"},\"primaryImageOfPage\":{\"@id\":\"https:\\\/\\\/ranoja.ee\\\/toode\\\/poletushaava-side-naomask-30x40-cm-cederroth\\\/#primaryimage\"},\"image\":{\"@id\":\"https:\\\/\\\/ranoja.ee\\\/toode\\\/poletushaava-side-naomask-30x40-cm-cederroth\\\/#primaryimage\"},\"thumbnailUrl\":\"https:\\\/\\\/ranoja.ee\\\/wp-content\\\/uploads\\\/2026\\\/03\\\/5637760415.jpg\",\"datePublished\":\"2026-03-16T23:24:59+00:00\",\"dateModified\":\"2026-03-17T12:37:17+00:00\",\"breadcrumb\":{\"@id\":\"https:\\\/\\\/ranoja.ee\\\/toode\\\/poletushaava-side-naomask-30x40-cm-cederroth\\\/#breadcrumb\"},\"inLanguage\":\"en-US\",\"potentialAction\":[{\"@type\":\"ReadAction\",\"target\":[\"https:\\\/\\\/ranoja.ee\\\/toode\\\/poletushaava-side-naomask-30x40-cm-cederroth\\\/\"]}]},{\"@type\":\"ImageObject\",\"inLanguage\":\"en-US\",\"@id\":\"https:\\\/\\\/ranoja.ee\\\/toode\\\/poletushaava-side-naomask-30x40-cm-cederroth\\\/#primaryimage\",\"url\":\"https:\\\/\\\/ranoja.ee\\\/wp-content\\\/uploads\\\/2026\\\/03\\\/5637760415.jpg\",\"contentUrl\":\"https:\\\/\\\/ranoja.ee\\\/wp-content\\\/uploads\\\/2026\\\/03\\\/5637760415.jpg\",\"width\":689,\"height\":900},{\"@type\":\"BreadcrumbList\",\"@id\":\"https:\\\/\\\/ranoja.ee\\\/toode\\\/poletushaava-side-naomask-30x40-cm-cederroth\\\/#breadcrumb\",\"itemListElement\":[{\"@type\":\"ListItem\",\"position\":1,\"name\":\"Home\",\"item\":\"https:\\\/\\\/ranoja.ee\\\/\"},{\"@type\":\"ListItem\",\"position\":2,\"name\":\"Shop\",\"item\":\"https:\\\/\\\/ranoja.ee\\\/en\\\/shop\\\/\"},{\"@type\":\"ListItem\",\"position\":3,\"name\":\"P\u00f5letushaava side\\\/ n\u00e4omask, 30&#215;40 cm, Cederroth\"}]},{\"@type\":\"WebSite\",\"@id\":\"https:\\\/\\\/ranoja.ee\\\/#website\",\"url\":\"https:\\\/\\\/ranoja.ee\\\/\",\"name\":\"Ranoja\",\"description\":\"Equipment Shop WooCommerce WordPress Theme for Machine &amp; Tools\",\"publisher\":{\"@id\":\"https:\\\/\\\/ranoja.ee\\\/#organization\"},\"potentialAction\":[{\"@type\":\"SearchAction\",\"target\":{\"@type\":\"EntryPoint\",\"urlTemplate\":\"https:\\\/\\\/ranoja.ee\\\/?s={search_term_string}\"},\"query-input\":{\"@type\":\"PropertyValueSpecification\",\"valueRequired\":true,\"valueName\":\"search_term_string\"}}],\"inLanguage\":\"en-US\"},{\"@type\":\"Organization\",\"@id\":\"https:\\\/\\\/ranoja.ee\\\/#organization\",\"name\":\"Ranoja O\u00dc\",\"url\":\"https:\\\/\\\/ranoja.ee\\\/\",\"logo\":{\"@type\":\"ImageObject\",\"inLanguage\":\"en-US\",\"@id\":\"https:\\\/\\\/ranoja.ee\\\/#\\\/schema\\\/logo\\\/image\\\/\",\"url\":\"https:\\\/\\\/ranoja.ee\\\/wp-content\\\/uploads\\\/2023\\\/11\\\/ranoja-Logo.png\",\"contentUrl\":\"https:\\\/\\\/ranoja.ee\\\/wp-content\\\/uploads\\\/2023\\\/11\\\/ranoja-Logo.png\",\"width\":207,\"height\":58,\"caption\":\"Ranoja O\u00dc\"},\"image\":{\"@id\":\"https:\\\/\\\/ranoja.ee\\\/#\\\/schema\\\/logo\\\/image\\\/\"},\"sameAs\":[\"https:\\\/\\\/www.facebook.com\\\/ranoja.ee\",\"https:\\\/\\\/www.instagram.com\\\/ranoja__\\\/\"]}]}<\/script>\n<!-- \/ Yoast SEO plugin. -->","yoast_head_json":{"title":"P\u00f5letushaava side\/ n\u00e4omask, 30x40 cm, Cederroth - Ranoja","robots":{"index":"index","follow":"follow","max-snippet":"max-snippet:-1","max-image-preview":"max-image-preview:large","max-video-preview":"max-video-preview:-1"},"canonical":"https:\/\/ranoja.ee\/toode\/poletushaava-side-naomask-30x40-cm-cederroth\/","og_locale":"en_US","og_type":"article","og_title":"P\u00f5letushaava side\/ n\u00e4omask, 30x40 cm, Cederroth - Ranoja","og_description":"Suur p\u00f5letushaava side pakub kiiret jahutust ja efektiivset valu leevendust esimese ja teise astme p\u00f5letustele. K\u00fclm v\u00e4hendab valu ja paistetust ning hoiab \u00e4ra vigastuse leviku alumistesse nahakihtidesse. Sobib kasutamiseks suurematel aladel nagu jalad, k\u00e4ed, rind ning v\u00f5ib kasutada ka n\u00e4emaskina. Sidemel on eell\u00f5igatud avad, mida saab vajadusel eemaldada, silmade, nina ja suu jaoks. Sidet on kerge kasutada, juhendid on lihtsalt arusaadavad. Riiuli eluiga 5 aastat.. Sisu: Steriilne haavaside 30 x 40 cm. 1t\/pakis. Veel baseeruv geel (90% vett)l.","og_url":"https:\/\/ranoja.ee\/toode\/poletushaava-side-naomask-30x40-cm-cederroth\/","og_site_name":"Ranoja","article_publisher":"https:\/\/www.facebook.com\/ranoja.ee","article_modified_time":"2026-03-17T12:37:17+00:00","og_image":[{"width":689,"height":900,"url":"https:\/\/ranoja.ee\/wp-content\/uploads\/2026\/03\/5637760415.jpg","type":"image\/jpeg"}],"twitter_card":"summary_large_image","schema":{"@context":"https:\/\/schema.org","@graph":[{"@type":"WebPage","@id":"https:\/\/ranoja.ee\/toode\/poletushaava-side-naomask-30x40-cm-cederroth\/","url":"https:\/\/ranoja.ee\/toode\/poletushaava-side-naomask-30x40-cm-cederroth\/","name":"P\u00f5letushaava side\/ n\u00e4omask, 30x40 cm, Cederroth - Ranoja","isPartOf":{"@id":"https:\/\/ranoja.ee\/#website"},"primaryImageOfPage":{"@id":"https:\/\/ranoja.ee\/toode\/poletushaava-side-naomask-30x40-cm-cederroth\/#primaryimage"},"image":{"@id":"https:\/\/ranoja.ee\/toode\/poletushaava-side-naomask-30x40-cm-cederroth\/#primaryimage"},"thumbnailUrl":"https:\/\/ranoja.ee\/wp-content\/uploads\/2026\/03\/5637760415.jpg","datePublished":"2026-03-16T23:24:59+00:00","dateModified":"2026-03-17T12:37:17+00:00","breadcrumb":{"@id":"https:\/\/ranoja.ee\/toode\/poletushaava-side-naomask-30x40-cm-cederroth\/#breadcrumb"},"inLanguage":"en-US","potentialAction":[{"@type":"ReadAction","target":["https:\/\/ranoja.ee\/toode\/poletushaava-side-naomask-30x40-cm-cederroth\/"]}]},{"@type":"ImageObject","inLanguage":"en-US","@id":"https:\/\/ranoja.ee\/toode\/poletushaava-side-naomask-30x40-cm-cederroth\/#primaryimage","url":"https:\/\/ranoja.ee\/wp-content\/uploads\/2026\/03\/5637760415.jpg","contentUrl":"https:\/\/ranoja.ee\/wp-content\/uploads\/2026\/03\/5637760415.jpg","width":689,"height":900},{"@type":"BreadcrumbList","@id":"https:\/\/ranoja.ee\/toode\/poletushaava-side-naomask-30x40-cm-cederroth\/#breadcrumb","itemListElement":[{"@type":"ListItem","position":1,"name":"Home","item":"https:\/\/ranoja.ee\/"},{"@type":"ListItem","position":2,"name":"Shop","item":"https:\/\/ranoja.ee\/en\/shop\/"},{"@type":"ListItem","position":3,"name":"P\u00f5letushaava side\/ n\u00e4omask, 30&#215;40 cm, Cederroth"}]},{"@type":"WebSite","@id":"https:\/\/ranoja.ee\/#website","url":"https:\/\/ranoja.ee\/","name":"Ranoja","description":"Equipment Shop WooCommerce WordPress Theme for Machine &amp; Tools","publisher":{"@id":"https:\/\/ranoja.ee\/#organization"},"potentialAction":[{"@type":"SearchAction","target":{"@type":"EntryPoint","urlTemplate":"https:\/\/ranoja.ee\/?s={search_term_string}"},"query-input":{"@type":"PropertyValueSpecification","valueRequired":true,"valueName":"search_term_string"}}],"inLanguage":"en-US"},{"@type":"Organization","@id":"https:\/\/ranoja.ee\/#organization","name":"Ranoja O\u00dc","url":"https:\/\/ranoja.ee\/","logo":{"@type":"ImageObject","inLanguage":"en-US","@id":"https:\/\/ranoja.ee\/#\/schema\/logo\/image\/","url":"https:\/\/ranoja.ee\/wp-content\/uploads\/2023\/11\/ranoja-Logo.png","contentUrl":"https:\/\/ranoja.ee\/wp-content\/uploads\/2023\/11\/ranoja-Logo.png","width":207,"height":58,"caption":"Ranoja O\u00dc"},"image":{"@id":"https:\/\/ranoja.ee\/#\/schema\/logo\/image\/"},"sameAs":["https:\/\/www.facebook.com\/ranoja.ee","https:\/\/www.instagram.com\/ranoja__\/"]}]}},"_links":{"self":[{"href":"https:\/\/ranoja.ee\/en\/wp-json\/wp\/v2\/product\/60971","targetHints":{"allow":["GET"]}}],"collection":[{"href":"https:\/\/ranoja.ee\/en\/wp-json\/wp\/v2\/product"}],"about":[{"href":"https:\/\/ranoja.ee\/en\/wp-json\/wp\/v2\/types\/product"}],"wp:featuredmedia":[{"embeddable":true,"href":"https:\/\/ranoja.ee\/en\/wp-json\/wp\/v2\/media\/60972"}],"wp:attachment":[{"href":"https:\/\/ranoja.ee\/en\/wp-json\/wp\/v2\/media?parent=60971"}],"wp:term":[{"taxonomy":"product_cat","embeddable":true,"href":"https:\/\/ranoja.ee\/en\/wp-json\/wp\/v2\/product_cat?post=60971"},{"taxonomy":"product_tag","embeddable":true,"href":"https:\/\/ranoja.ee\/en\/wp-json\/wp\/v2\/product_tag?post=60971"}],"curies":[{"name":"wp","href":"https:\/\/api.w.org\/{rel}","templated":true}]}}