{"id":60937,"date":"2026-03-17T02:24:36","date_gmt":"2026-03-16T23:24:36","guid":{"rendered":"https:\/\/ranoja.ee\/toode\/tooriistakaru-performanceplus-p45-950-osa-ks-tools\/"},"modified":"2026-03-17T15:37:19","modified_gmt":"2026-03-17T12:37:19","slug":"tooriistakaru-performanceplus-p45-950-osa-ks-tools","status":"publish","type":"product","link":"https:\/\/ranoja.ee\/en\/toode\/tooriistakaru-performanceplus-p45-950-osa-ks-tools\/","title":{"rendered":"T\u00f6\u00f6riistak\u00e4ru Performanceplus P45, 950 osa, KS Tools"},"content":{"rendered":"","protected":false},"excerpt":{"rendered":"<p>ABS plastist \u00e4\u00e4r v\u00e4ikeosade alusega<br \/>\nv\u00e4ga stabiilne terasplekist konstruktsioon, pleki paksus 0,8 mm &#8211; v\u00e4\u00e4ndumiskindel<br \/>\nk\u00fclgseinad on neljakandiliste aukudega erinevate tarvikute paigutamiseks<br \/>\neraldi lukustus takistab soovimatut avanemist<br \/>\nk\u00f5igi sahtlite kesklukustus silinderluku abil<br \/>\nkuullaagritega sahtlijuhikud<br \/>\npol\u00fcuretaanist nurga-servakaitse<br \/>\nsahtlid 100% v\u00e4ljat\u00f5mmatavad<br \/>\nk\u00fclgmise metallist k\u00e4epidemega<br \/>\n2 ratast \u0105 \u0172 155 mm<br \/>\n2 juhtratast \u0105 \u0172 155 mm veeremis- ja p\u00f6\u00f6rdepiduriga<br \/>\nl\u00e4bivad haardepidemed<br \/>\nelektrostaatilise pulberkattega<\/p>\n<p>Komplekt sisaldab mooduleid:<br \/>\nHaamrite ja meislite komplekt vahtplastist sahtlijagajas, 20 osa<br \/>\nM\u00f5\u00f5tet\u00f6\u00f6riistade ja viilide komplekt vahtplastist sahtlijagajas, 28 osa<br \/>\n1\/2&#8221; l\u00f6\u00f6kpadrunite komplekt vahtplastist sahtlijagajas, 39 osa<br \/>\nKruviv\u00f5tmete komplekt vahtplastist sahtlijagajas, 49 osa<br \/>\n1\/4&#8221; padrunv\u00f5tmete komplekt vahtplastist sahtlijagajas, 169 osa<br \/>\nT-k\u00e4epidemega L-tihvtv\u00f5tmete komplekt vahtplastist sahtlijagajas, 18 osa<br \/>\nKruvikeerajate ja konksude komplekt vahtplastist sahtlijagajas, 19 osa<br \/>\n1\/2&#8221; padrunotsakute komplekt vahtplastist sahtlijagajas, 64 osa<br \/>\nT-k\u00e4epidemega L-tihvtv\u00f5tmete komplekt vahtplastist sahtlijagajas, 18 osa<br \/>\nTangide komplekt vahtplastist sahtlijagajas, 34 osa<br \/>\nKruvikeerajate komplekt vahtplastist sahtlijagajas, 46 osa<br \/>\nKruviv\u00f5tmete komplekt vahtplastist sahtlijagajas, 76 osa<br \/>\n1\/2&#8221; padrunv\u00f5tmete komplekt vahtplastist sahtlijagajas, 149 osa<br \/>\n3\/8&#8221; padrunv\u00f5tmete komplekt vahtplastist sahtlijagajas, 221 osa<\/p>\n<p><\/p>\n","protected":false},"featured_media":60938,"template":"","meta":{"inline_featured_image":false},"product_cat":[1596,1116,5234,5267],"product_tag":[],"class_list":{"0":"post-60937","1":"product","2":"type-product","3":"status-publish","4":"has-post-thumbnail","6":"product_brand-ks-tools","7":"product_cat-kasitooriistad","8":"product_cat-lisaseadmed-ehitusseadmed-led-lisatuled-cb-raadiod-lallar","9":"product_cat-tooriistakastid-ja-karud","10":"product_cat-tooriistakomplektidega-tooriistakarud","12":"first","13":"instock","14":"purchasable","15":"product-type-simple"},"yoast_head":"<!-- This site is optimized with the Yoast SEO plugin v27.4 - https:\/\/yoast.com\/product\/yoast-seo-wordpress\/ -->\n<title>T\u00f6\u00f6riistak\u00e4ru Performanceplus P45, 950 osa, KS Tools - Ranoja<\/title>\n<meta name=\"robots\" content=\"index, follow, max-snippet:-1, max-image-preview:large, max-video-preview:-1\" \/>\n<link rel=\"canonical\" href=\"https:\/\/ranoja.ee\/toode\/tooriistakaru-performanceplus-p45-950-osa-ks-tools\/\" \/>\n<meta property=\"og:locale\" content=\"en_US\" \/>\n<meta property=\"og:type\" content=\"article\" \/>\n<meta property=\"og:title\" content=\"T\u00f6\u00f6riistak\u00e4ru Performanceplus P45, 950 osa, KS Tools - Ranoja\" \/>\n<meta property=\"og:description\" content=\"ABS plastist \u00e4\u00e4r v\u00e4ikeosade alusega v\u00e4ga stabiilne terasplekist konstruktsioon, pleki paksus 0,8 mm - v\u00e4\u00e4ndumiskindel k\u00fclgseinad on neljakandiliste aukudega erinevate tarvikute paigutamiseks eraldi lukustus takistab soovimatut avanemist k\u00f5igi sahtlite kesklukustus silinderluku abil kuullaagritega sahtlijuhikud pol\u00fcuretaanist nurga-servakaitse sahtlid 100% v\u00e4ljat\u00f5mmatavad k\u00fclgmise metallist k\u00e4epidemega 2 ratast \u0105 \u0172 155 mm 2 juhtratast \u0105 \u0172 155 mm veeremis- ja p\u00f6\u00f6rdepiduriga l\u00e4bivad haardepidemed elektrostaatilise pulberkattega Komplekt sisaldab mooduleid: Haamrite ja meislite komplekt vahtplastist sahtlijagajas, 20 osa M\u00f5\u00f5tet\u00f6\u00f6riistade ja viilide komplekt vahtplastist sahtlijagajas, 28 osa 1\/2&#039;&#039; l\u00f6\u00f6kpadrunite komplekt vahtplastist sahtlijagajas, 39 osa Kruviv\u00f5tmete komplekt vahtplastist sahtlijagajas, 49 osa 1\/4&#039;&#039; padrunv\u00f5tmete komplekt vahtplastist sahtlijagajas, 169 osa T-k\u00e4epidemega L-tihvtv\u00f5tmete komplekt vahtplastist sahtlijagajas, 18 osa Kruvikeerajate ja konksude komplekt vahtplastist sahtlijagajas, 19 osa 1\/2&#039;&#039; padrunotsakute komplekt vahtplastist sahtlijagajas, 64 osa T-k\u00e4epidemega L-tihvtv\u00f5tmete komplekt vahtplastist sahtlijagajas, 18 osa Tangide komplekt vahtplastist sahtlijagajas, 34 osa Kruvikeerajate komplekt vahtplastist sahtlijagajas, 46 osa Kruviv\u00f5tmete komplekt vahtplastist sahtlijagajas, 76 osa 1\/2&#039;&#039; padrunv\u00f5tmete komplekt vahtplastist sahtlijagajas, 149 osa 3\/8&#039;&#039; padrunv\u00f5tmete komplekt vahtplastist sahtlijagajas, 221 osa\" \/>\n<meta property=\"og:url\" content=\"https:\/\/ranoja.ee\/toode\/tooriistakaru-performanceplus-p45-950-osa-ks-tools\/\" \/>\n<meta property=\"og:site_name\" content=\"Ranoja\" \/>\n<meta property=\"article:publisher\" content=\"https:\/\/www.facebook.com\/ranoja.ee\" \/>\n<meta property=\"article:modified_time\" content=\"2026-03-17T12:37:19+00:00\" \/>\n<meta property=\"og:image\" content=\"https:\/\/ranoja.ee\/wp-content\/uploads\/2026\/03\/252617387.jpg\" \/>\n\t<meta property=\"og:image:width\" content=\"768\" \/>\n\t<meta property=\"og:image:height\" content=\"768\" \/>\n\t<meta property=\"og:image:type\" content=\"image\/jpeg\" \/>\n<meta name=\"twitter:card\" content=\"summary_large_image\" \/>\n<script type=\"application\/ld+json\" class=\"yoast-schema-graph\">{\"@context\":\"https:\\\/\\\/schema.org\",\"@graph\":[{\"@type\":\"WebPage\",\"@id\":\"https:\\\/\\\/ranoja.ee\\\/toode\\\/tooriistakaru-performanceplus-p45-950-osa-ks-tools\\\/\",\"url\":\"https:\\\/\\\/ranoja.ee\\\/toode\\\/tooriistakaru-performanceplus-p45-950-osa-ks-tools\\\/\",\"name\":\"T\u00f6\u00f6riistak\u00e4ru Performanceplus P45, 950 osa, KS Tools - Ranoja\",\"isPartOf\":{\"@id\":\"https:\\\/\\\/ranoja.ee\\\/#website\"},\"primaryImageOfPage\":{\"@id\":\"https:\\\/\\\/ranoja.ee\\\/toode\\\/tooriistakaru-performanceplus-p45-950-osa-ks-tools\\\/#primaryimage\"},\"image\":{\"@id\":\"https:\\\/\\\/ranoja.ee\\\/toode\\\/tooriistakaru-performanceplus-p45-950-osa-ks-tools\\\/#primaryimage\"},\"thumbnailUrl\":\"https:\\\/\\\/ranoja.ee\\\/wp-content\\\/uploads\\\/2026\\\/03\\\/252617387.jpg\",\"datePublished\":\"2026-03-16T23:24:36+00:00\",\"dateModified\":\"2026-03-17T12:37:19+00:00\",\"breadcrumb\":{\"@id\":\"https:\\\/\\\/ranoja.ee\\\/toode\\\/tooriistakaru-performanceplus-p45-950-osa-ks-tools\\\/#breadcrumb\"},\"inLanguage\":\"en-US\",\"potentialAction\":[{\"@type\":\"ReadAction\",\"target\":[\"https:\\\/\\\/ranoja.ee\\\/toode\\\/tooriistakaru-performanceplus-p45-950-osa-ks-tools\\\/\"]}]},{\"@type\":\"ImageObject\",\"inLanguage\":\"en-US\",\"@id\":\"https:\\\/\\\/ranoja.ee\\\/toode\\\/tooriistakaru-performanceplus-p45-950-osa-ks-tools\\\/#primaryimage\",\"url\":\"https:\\\/\\\/ranoja.ee\\\/wp-content\\\/uploads\\\/2026\\\/03\\\/252617387.jpg\",\"contentUrl\":\"https:\\\/\\\/ranoja.ee\\\/wp-content\\\/uploads\\\/2026\\\/03\\\/252617387.jpg\",\"width\":768,\"height\":768},{\"@type\":\"BreadcrumbList\",\"@id\":\"https:\\\/\\\/ranoja.ee\\\/toode\\\/tooriistakaru-performanceplus-p45-950-osa-ks-tools\\\/#breadcrumb\",\"itemListElement\":[{\"@type\":\"ListItem\",\"position\":1,\"name\":\"Home\",\"item\":\"https:\\\/\\\/ranoja.ee\\\/\"},{\"@type\":\"ListItem\",\"position\":2,\"name\":\"Shop\",\"item\":\"https:\\\/\\\/ranoja.ee\\\/en\\\/shop\\\/\"},{\"@type\":\"ListItem\",\"position\":3,\"name\":\"T\u00f6\u00f6riistak\u00e4ru Performanceplus P45, 950 osa, KS Tools\"}]},{\"@type\":\"WebSite\",\"@id\":\"https:\\\/\\\/ranoja.ee\\\/#website\",\"url\":\"https:\\\/\\\/ranoja.ee\\\/\",\"name\":\"Ranoja\",\"description\":\"Equipment Shop WooCommerce WordPress Theme for Machine &amp; Tools\",\"publisher\":{\"@id\":\"https:\\\/\\\/ranoja.ee\\\/#organization\"},\"potentialAction\":[{\"@type\":\"SearchAction\",\"target\":{\"@type\":\"EntryPoint\",\"urlTemplate\":\"https:\\\/\\\/ranoja.ee\\\/?s={search_term_string}\"},\"query-input\":{\"@type\":\"PropertyValueSpecification\",\"valueRequired\":true,\"valueName\":\"search_term_string\"}}],\"inLanguage\":\"en-US\"},{\"@type\":\"Organization\",\"@id\":\"https:\\\/\\\/ranoja.ee\\\/#organization\",\"name\":\"Ranoja O\u00dc\",\"url\":\"https:\\\/\\\/ranoja.ee\\\/\",\"logo\":{\"@type\":\"ImageObject\",\"inLanguage\":\"en-US\",\"@id\":\"https:\\\/\\\/ranoja.ee\\\/#\\\/schema\\\/logo\\\/image\\\/\",\"url\":\"https:\\\/\\\/ranoja.ee\\\/wp-content\\\/uploads\\\/2023\\\/11\\\/ranoja-Logo.png\",\"contentUrl\":\"https:\\\/\\\/ranoja.ee\\\/wp-content\\\/uploads\\\/2023\\\/11\\\/ranoja-Logo.png\",\"width\":207,\"height\":58,\"caption\":\"Ranoja O\u00dc\"},\"image\":{\"@id\":\"https:\\\/\\\/ranoja.ee\\\/#\\\/schema\\\/logo\\\/image\\\/\"},\"sameAs\":[\"https:\\\/\\\/www.facebook.com\\\/ranoja.ee\",\"https:\\\/\\\/www.instagram.com\\\/ranoja__\\\/\"]}]}<\/script>\n<!-- \/ Yoast SEO plugin. -->","yoast_head_json":{"title":"T\u00f6\u00f6riistak\u00e4ru Performanceplus P45, 950 osa, KS Tools - Ranoja","robots":{"index":"index","follow":"follow","max-snippet":"max-snippet:-1","max-image-preview":"max-image-preview:large","max-video-preview":"max-video-preview:-1"},"canonical":"https:\/\/ranoja.ee\/toode\/tooriistakaru-performanceplus-p45-950-osa-ks-tools\/","og_locale":"en_US","og_type":"article","og_title":"T\u00f6\u00f6riistak\u00e4ru Performanceplus P45, 950 osa, KS Tools - Ranoja","og_description":"ABS plastist \u00e4\u00e4r v\u00e4ikeosade alusega v\u00e4ga stabiilne terasplekist konstruktsioon, pleki paksus 0,8 mm - v\u00e4\u00e4ndumiskindel k\u00fclgseinad on neljakandiliste aukudega erinevate tarvikute paigutamiseks eraldi lukustus takistab soovimatut avanemist k\u00f5igi sahtlite kesklukustus silinderluku abil kuullaagritega sahtlijuhikud pol\u00fcuretaanist nurga-servakaitse sahtlid 100% v\u00e4ljat\u00f5mmatavad k\u00fclgmise metallist k\u00e4epidemega 2 ratast \u0105 \u0172 155 mm 2 juhtratast \u0105 \u0172 155 mm veeremis- ja p\u00f6\u00f6rdepiduriga l\u00e4bivad haardepidemed elektrostaatilise pulberkattega Komplekt sisaldab mooduleid: Haamrite ja meislite komplekt vahtplastist sahtlijagajas, 20 osa M\u00f5\u00f5tet\u00f6\u00f6riistade ja viilide komplekt vahtplastist sahtlijagajas, 28 osa 1\/2'' l\u00f6\u00f6kpadrunite komplekt vahtplastist sahtlijagajas, 39 osa Kruviv\u00f5tmete komplekt vahtplastist sahtlijagajas, 49 osa 1\/4'' padrunv\u00f5tmete komplekt vahtplastist sahtlijagajas, 169 osa T-k\u00e4epidemega L-tihvtv\u00f5tmete komplekt vahtplastist sahtlijagajas, 18 osa Kruvikeerajate ja konksude komplekt vahtplastist sahtlijagajas, 19 osa 1\/2'' padrunotsakute komplekt vahtplastist sahtlijagajas, 64 osa T-k\u00e4epidemega L-tihvtv\u00f5tmete komplekt vahtplastist sahtlijagajas, 18 osa Tangide komplekt vahtplastist sahtlijagajas, 34 osa Kruvikeerajate komplekt vahtplastist sahtlijagajas, 46 osa Kruviv\u00f5tmete komplekt vahtplastist sahtlijagajas, 76 osa 1\/2'' padrunv\u00f5tmete komplekt vahtplastist sahtlijagajas, 149 osa 3\/8'' padrunv\u00f5tmete komplekt vahtplastist sahtlijagajas, 221 osa","og_url":"https:\/\/ranoja.ee\/toode\/tooriistakaru-performanceplus-p45-950-osa-ks-tools\/","og_site_name":"Ranoja","article_publisher":"https:\/\/www.facebook.com\/ranoja.ee","article_modified_time":"2026-03-17T12:37:19+00:00","og_image":[{"width":768,"height":768,"url":"https:\/\/ranoja.ee\/wp-content\/uploads\/2026\/03\/252617387.jpg","type":"image\/jpeg"}],"twitter_card":"summary_large_image","schema":{"@context":"https:\/\/schema.org","@graph":[{"@type":"WebPage","@id":"https:\/\/ranoja.ee\/toode\/tooriistakaru-performanceplus-p45-950-osa-ks-tools\/","url":"https:\/\/ranoja.ee\/toode\/tooriistakaru-performanceplus-p45-950-osa-ks-tools\/","name":"T\u00f6\u00f6riistak\u00e4ru Performanceplus P45, 950 osa, KS Tools - Ranoja","isPartOf":{"@id":"https:\/\/ranoja.ee\/#website"},"primaryImageOfPage":{"@id":"https:\/\/ranoja.ee\/toode\/tooriistakaru-performanceplus-p45-950-osa-ks-tools\/#primaryimage"},"image":{"@id":"https:\/\/ranoja.ee\/toode\/tooriistakaru-performanceplus-p45-950-osa-ks-tools\/#primaryimage"},"thumbnailUrl":"https:\/\/ranoja.ee\/wp-content\/uploads\/2026\/03\/252617387.jpg","datePublished":"2026-03-16T23:24:36+00:00","dateModified":"2026-03-17T12:37:19+00:00","breadcrumb":{"@id":"https:\/\/ranoja.ee\/toode\/tooriistakaru-performanceplus-p45-950-osa-ks-tools\/#breadcrumb"},"inLanguage":"en-US","potentialAction":[{"@type":"ReadAction","target":["https:\/\/ranoja.ee\/toode\/tooriistakaru-performanceplus-p45-950-osa-ks-tools\/"]}]},{"@type":"ImageObject","inLanguage":"en-US","@id":"https:\/\/ranoja.ee\/toode\/tooriistakaru-performanceplus-p45-950-osa-ks-tools\/#primaryimage","url":"https:\/\/ranoja.ee\/wp-content\/uploads\/2026\/03\/252617387.jpg","contentUrl":"https:\/\/ranoja.ee\/wp-content\/uploads\/2026\/03\/252617387.jpg","width":768,"height":768},{"@type":"BreadcrumbList","@id":"https:\/\/ranoja.ee\/toode\/tooriistakaru-performanceplus-p45-950-osa-ks-tools\/#breadcrumb","itemListElement":[{"@type":"ListItem","position":1,"name":"Home","item":"https:\/\/ranoja.ee\/"},{"@type":"ListItem","position":2,"name":"Shop","item":"https:\/\/ranoja.ee\/en\/shop\/"},{"@type":"ListItem","position":3,"name":"T\u00f6\u00f6riistak\u00e4ru Performanceplus P45, 950 osa, KS Tools"}]},{"@type":"WebSite","@id":"https:\/\/ranoja.ee\/#website","url":"https:\/\/ranoja.ee\/","name":"Ranoja","description":"Equipment Shop WooCommerce WordPress Theme for Machine &amp; Tools","publisher":{"@id":"https:\/\/ranoja.ee\/#organization"},"potentialAction":[{"@type":"SearchAction","target":{"@type":"EntryPoint","urlTemplate":"https:\/\/ranoja.ee\/?s={search_term_string}"},"query-input":{"@type":"PropertyValueSpecification","valueRequired":true,"valueName":"search_term_string"}}],"inLanguage":"en-US"},{"@type":"Organization","@id":"https:\/\/ranoja.ee\/#organization","name":"Ranoja O\u00dc","url":"https:\/\/ranoja.ee\/","logo":{"@type":"ImageObject","inLanguage":"en-US","@id":"https:\/\/ranoja.ee\/#\/schema\/logo\/image\/","url":"https:\/\/ranoja.ee\/wp-content\/uploads\/2023\/11\/ranoja-Logo.png","contentUrl":"https:\/\/ranoja.ee\/wp-content\/uploads\/2023\/11\/ranoja-Logo.png","width":207,"height":58,"caption":"Ranoja O\u00dc"},"image":{"@id":"https:\/\/ranoja.ee\/#\/schema\/logo\/image\/"},"sameAs":["https:\/\/www.facebook.com\/ranoja.ee","https:\/\/www.instagram.com\/ranoja__\/"]}]}},"_links":{"self":[{"href":"https:\/\/ranoja.ee\/en\/wp-json\/wp\/v2\/product\/60937","targetHints":{"allow":["GET"]}}],"collection":[{"href":"https:\/\/ranoja.ee\/en\/wp-json\/wp\/v2\/product"}],"about":[{"href":"https:\/\/ranoja.ee\/en\/wp-json\/wp\/v2\/types\/product"}],"wp:featuredmedia":[{"embeddable":true,"href":"https:\/\/ranoja.ee\/en\/wp-json\/wp\/v2\/media\/60938"}],"wp:attachment":[{"href":"https:\/\/ranoja.ee\/en\/wp-json\/wp\/v2\/media?parent=60937"}],"wp:term":[{"taxonomy":"product_cat","embeddable":true,"href":"https:\/\/ranoja.ee\/en\/wp-json\/wp\/v2\/product_cat?post=60937"},{"taxonomy":"product_tag","embeddable":true,"href":"https:\/\/ranoja.ee\/en\/wp-json\/wp\/v2\/product_tag?post=60937"}],"curies":[{"name":"wp","href":"https:\/\/api.w.org\/{rel}","templated":true}]}}