{"id":60927,"date":"2026-03-17T02:24:36","date_gmt":"2026-03-16T23:24:36","guid":{"rendered":"https:\/\/ranoja.ee\/toode\/jahutusvedelik-oem-advanced-40-valmissegu-208l-valvoline\/"},"modified":"2026-03-17T15:37:19","modified_gmt":"2026-03-17T12:37:19","slug":"jahutusvedelik-oem-advanced-40-valmissegu-208l-valvoline","status":"publish","type":"product","link":"https:\/\/ranoja.ee\/en\/toode\/jahutusvedelik-oem-advanced-40-valmissegu-208l-valvoline\/","title":{"rendered":"Jahutusvedelik OEM Advanced 40 valmissegu 208L, Valvoline"},"content":{"rendered":"","protected":false},"excerpt":{"rendered":"<p>OEM-i heakskiidetud esmaklassiline Si-OAT jahutusvedelik s\u00f5iduautode, veoautode, busside ja maastikus\u00f5idukite jaoks. Valvoline OEM Advanced 40 antifriis jahutusvedelik on esmaklassiline h\u00fcbriidkarboks\u00fclaadi koostis, mis tagab pikema kasutusea. See sisaldab tipptasemel orgaanilise happe tehnoloogiat et\u00fcleengl\u00fckooli baasil, et kaitsta k\u00f5iki jahutuss\u00fcsteemi metalle, sealhulgas alumiiniumi, korrosiooni eest. Valvoline OEM Advanced 40 ei sisalda fosfaate, imidasooli, boraate, nitraate, amiine ega nitriteid.<\/p>\n<p>Valvoline OEM Advanced 40 RTU on kasutusvalmis ja seda ei tohi t\u00e4iendavalt veega lahjendada.<\/p>\n<p>Ametlikud heakskiidud:<br \/>\nCummins CES 14603<br \/>\nDeutz DQC CC-14<br \/>\nMAN 324 Type Si-OAT<br \/>\nMB-Approval 325.5 \/ 325.6<br \/>\nMB-Approval 326.5 \/ 326.6<br \/>\nMTU MTL 5048<\/p>\n<p>T\u00e4idab v\u00f5i \u00fcletab kvaliteedin\u00f5udeid:<br \/>\nCummins CES 14439<br \/>\nDCC<br \/>\nDetroit Diesel DSF93K217ELC<br \/>\nIrizar (alates 2016)<br \/>\nLiebherr Minimum LH-01-COL3A<br \/>\nMB Trucks (alates Oktoober 2011)<br \/>\nPorsche alates 2010 v\u00e4ljalaskeaasta<br \/>\nSmart MB 325.6<br \/>\nTL 774-G (G12++): VW \/ Audi \/ Seat \/ Skoda \/ Lamborghini \/ Bentley \/ Bugatti<br \/>\nSCANIA<br \/>\nASTM D3306 \/ D4985 \/ D6210<br \/>\nFederal Specification A-A-870A<br \/>\nNavistar MPAPS B1 IIIA<br \/>\nSAE J814<br \/>\nVW TL 774-J<\/p>\n","protected":false},"featured_media":60928,"template":"","meta":{"inline_featured_image":false},"product_cat":[5160,5121,5009],"product_tag":[],"class_list":{"0":"post-60927","1":"product","2":"type-product","3":"status-publish","4":"has-post-thumbnail","6":"product_brand-valvoline","7":"product_cat-jahutusvedelikud","8":"product_cat-klaasipesu-ja-jahutusvedelikud","9":"product_cat-toostus-ja-autokeemia","11":"first","12":"instock","13":"purchasable","14":"product-type-simple"},"yoast_head":"<!-- This site is optimized with the Yoast SEO plugin v27.4 - https:\/\/yoast.com\/product\/yoast-seo-wordpress\/ -->\n<title>Jahutusvedelik OEM Advanced 40 valmissegu 208L, Valvoline - Ranoja<\/title>\n<meta name=\"robots\" content=\"index, follow, max-snippet:-1, max-image-preview:large, max-video-preview:-1\" \/>\n<link rel=\"canonical\" href=\"https:\/\/ranoja.ee\/toode\/jahutusvedelik-oem-advanced-40-valmissegu-208l-valvoline\/\" \/>\n<meta property=\"og:locale\" content=\"en_US\" \/>\n<meta property=\"og:type\" content=\"article\" \/>\n<meta property=\"og:title\" content=\"Jahutusvedelik OEM Advanced 40 valmissegu 208L, Valvoline - Ranoja\" \/>\n<meta property=\"og:description\" content=\"OEM-i heakskiidetud esmaklassiline Si-OAT jahutusvedelik s\u00f5iduautode, veoautode, busside ja maastikus\u00f5idukite jaoks. Valvoline OEM Advanced 40 antifriis jahutusvedelik on esmaklassiline h\u00fcbriidkarboks\u00fclaadi koostis, mis tagab pikema kasutusea. See sisaldab tipptasemel orgaanilise happe tehnoloogiat et\u00fcleengl\u00fckooli baasil, et kaitsta k\u00f5iki jahutuss\u00fcsteemi metalle, sealhulgas alumiiniumi, korrosiooni eest. Valvoline OEM Advanced 40 ei sisalda fosfaate, imidasooli, boraate, nitraate, amiine ega nitriteid. Valvoline OEM Advanced 40 RTU on kasutusvalmis ja seda ei tohi t\u00e4iendavalt veega lahjendada. Ametlikud heakskiidud: Cummins CES 14603 Deutz DQC CC-14 MAN 324 Type Si-OAT MB-Approval 325.5 \/ 325.6 MB-Approval 326.5 \/ 326.6 MTU MTL 5048 T\u00e4idab v\u00f5i \u00fcletab kvaliteedin\u00f5udeid: Cummins CES 14439 DCC Detroit Diesel DSF93K217ELC Irizar (alates 2016) Liebherr Minimum LH-01-COL3A MB Trucks (alates Oktoober 2011) Porsche alates 2010 v\u00e4ljalaskeaasta Smart MB 325.6 TL 774-G (G12++): VW \/ Audi \/ Seat \/ Skoda \/ Lamborghini \/ Bentley \/ Bugatti SCANIA ASTM D3306 \/ D4985 \/ D6210 Federal Specification A-A-870A Navistar MPAPS B1 IIIA SAE J814 VW TL 774-J\" \/>\n<meta property=\"og:url\" content=\"https:\/\/ranoja.ee\/toode\/jahutusvedelik-oem-advanced-40-valmissegu-208l-valvoline\/\" \/>\n<meta property=\"og:site_name\" content=\"Ranoja\" \/>\n<meta property=\"article:publisher\" content=\"https:\/\/www.facebook.com\/ranoja.ee\" \/>\n<meta property=\"article:modified_time\" content=\"2026-03-17T12:37:19+00:00\" \/>\n<meta property=\"og:image\" content=\"https:\/\/ranoja.ee\/wp-content\/uploads\/2026\/03\/211221190.png\" \/>\n\t<meta property=\"og:image:width\" content=\"796\" \/>\n\t<meta property=\"og:image:height\" content=\"768\" \/>\n\t<meta property=\"og:image:type\" content=\"image\/jpeg\" \/>\n<meta name=\"twitter:card\" content=\"summary_large_image\" \/>\n<script type=\"application\/ld+json\" class=\"yoast-schema-graph\">{\"@context\":\"https:\\\/\\\/schema.org\",\"@graph\":[{\"@type\":\"WebPage\",\"@id\":\"https:\\\/\\\/ranoja.ee\\\/toode\\\/jahutusvedelik-oem-advanced-40-valmissegu-208l-valvoline\\\/\",\"url\":\"https:\\\/\\\/ranoja.ee\\\/toode\\\/jahutusvedelik-oem-advanced-40-valmissegu-208l-valvoline\\\/\",\"name\":\"Jahutusvedelik OEM Advanced 40 valmissegu 208L, Valvoline - Ranoja\",\"isPartOf\":{\"@id\":\"https:\\\/\\\/ranoja.ee\\\/#website\"},\"primaryImageOfPage\":{\"@id\":\"https:\\\/\\\/ranoja.ee\\\/toode\\\/jahutusvedelik-oem-advanced-40-valmissegu-208l-valvoline\\\/#primaryimage\"},\"image\":{\"@id\":\"https:\\\/\\\/ranoja.ee\\\/toode\\\/jahutusvedelik-oem-advanced-40-valmissegu-208l-valvoline\\\/#primaryimage\"},\"thumbnailUrl\":\"https:\\\/\\\/ranoja.ee\\\/wp-content\\\/uploads\\\/2026\\\/03\\\/211221190.png\",\"datePublished\":\"2026-03-16T23:24:36+00:00\",\"dateModified\":\"2026-03-17T12:37:19+00:00\",\"breadcrumb\":{\"@id\":\"https:\\\/\\\/ranoja.ee\\\/toode\\\/jahutusvedelik-oem-advanced-40-valmissegu-208l-valvoline\\\/#breadcrumb\"},\"inLanguage\":\"en-US\",\"potentialAction\":[{\"@type\":\"ReadAction\",\"target\":[\"https:\\\/\\\/ranoja.ee\\\/toode\\\/jahutusvedelik-oem-advanced-40-valmissegu-208l-valvoline\\\/\"]}]},{\"@type\":\"ImageObject\",\"inLanguage\":\"en-US\",\"@id\":\"https:\\\/\\\/ranoja.ee\\\/toode\\\/jahutusvedelik-oem-advanced-40-valmissegu-208l-valvoline\\\/#primaryimage\",\"url\":\"https:\\\/\\\/ranoja.ee\\\/wp-content\\\/uploads\\\/2026\\\/03\\\/211221190.png\",\"contentUrl\":\"https:\\\/\\\/ranoja.ee\\\/wp-content\\\/uploads\\\/2026\\\/03\\\/211221190.png\",\"width\":796,\"height\":768},{\"@type\":\"BreadcrumbList\",\"@id\":\"https:\\\/\\\/ranoja.ee\\\/toode\\\/jahutusvedelik-oem-advanced-40-valmissegu-208l-valvoline\\\/#breadcrumb\",\"itemListElement\":[{\"@type\":\"ListItem\",\"position\":1,\"name\":\"Home\",\"item\":\"https:\\\/\\\/ranoja.ee\\\/\"},{\"@type\":\"ListItem\",\"position\":2,\"name\":\"Shop\",\"item\":\"https:\\\/\\\/ranoja.ee\\\/en\\\/shop\\\/\"},{\"@type\":\"ListItem\",\"position\":3,\"name\":\"Jahutusvedelik OEM Advanced 40 valmissegu 208L, Valvoline\"}]},{\"@type\":\"WebSite\",\"@id\":\"https:\\\/\\\/ranoja.ee\\\/#website\",\"url\":\"https:\\\/\\\/ranoja.ee\\\/\",\"name\":\"Ranoja\",\"description\":\"Equipment Shop WooCommerce WordPress Theme for Machine &amp; Tools\",\"publisher\":{\"@id\":\"https:\\\/\\\/ranoja.ee\\\/#organization\"},\"potentialAction\":[{\"@type\":\"SearchAction\",\"target\":{\"@type\":\"EntryPoint\",\"urlTemplate\":\"https:\\\/\\\/ranoja.ee\\\/?s={search_term_string}\"},\"query-input\":{\"@type\":\"PropertyValueSpecification\",\"valueRequired\":true,\"valueName\":\"search_term_string\"}}],\"inLanguage\":\"en-US\"},{\"@type\":\"Organization\",\"@id\":\"https:\\\/\\\/ranoja.ee\\\/#organization\",\"name\":\"Ranoja O\u00dc\",\"url\":\"https:\\\/\\\/ranoja.ee\\\/\",\"logo\":{\"@type\":\"ImageObject\",\"inLanguage\":\"en-US\",\"@id\":\"https:\\\/\\\/ranoja.ee\\\/#\\\/schema\\\/logo\\\/image\\\/\",\"url\":\"https:\\\/\\\/ranoja.ee\\\/wp-content\\\/uploads\\\/2023\\\/11\\\/ranoja-Logo.png\",\"contentUrl\":\"https:\\\/\\\/ranoja.ee\\\/wp-content\\\/uploads\\\/2023\\\/11\\\/ranoja-Logo.png\",\"width\":207,\"height\":58,\"caption\":\"Ranoja O\u00dc\"},\"image\":{\"@id\":\"https:\\\/\\\/ranoja.ee\\\/#\\\/schema\\\/logo\\\/image\\\/\"},\"sameAs\":[\"https:\\\/\\\/www.facebook.com\\\/ranoja.ee\",\"https:\\\/\\\/www.instagram.com\\\/ranoja__\\\/\"]}]}<\/script>\n<!-- \/ Yoast SEO plugin. -->","yoast_head_json":{"title":"Jahutusvedelik OEM Advanced 40 valmissegu 208L, Valvoline - Ranoja","robots":{"index":"index","follow":"follow","max-snippet":"max-snippet:-1","max-image-preview":"max-image-preview:large","max-video-preview":"max-video-preview:-1"},"canonical":"https:\/\/ranoja.ee\/toode\/jahutusvedelik-oem-advanced-40-valmissegu-208l-valvoline\/","og_locale":"en_US","og_type":"article","og_title":"Jahutusvedelik OEM Advanced 40 valmissegu 208L, Valvoline - Ranoja","og_description":"OEM-i heakskiidetud esmaklassiline Si-OAT jahutusvedelik s\u00f5iduautode, veoautode, busside ja maastikus\u00f5idukite jaoks. Valvoline OEM Advanced 40 antifriis jahutusvedelik on esmaklassiline h\u00fcbriidkarboks\u00fclaadi koostis, mis tagab pikema kasutusea. See sisaldab tipptasemel orgaanilise happe tehnoloogiat et\u00fcleengl\u00fckooli baasil, et kaitsta k\u00f5iki jahutuss\u00fcsteemi metalle, sealhulgas alumiiniumi, korrosiooni eest. Valvoline OEM Advanced 40 ei sisalda fosfaate, imidasooli, boraate, nitraate, amiine ega nitriteid. Valvoline OEM Advanced 40 RTU on kasutusvalmis ja seda ei tohi t\u00e4iendavalt veega lahjendada. Ametlikud heakskiidud: Cummins CES 14603 Deutz DQC CC-14 MAN 324 Type Si-OAT MB-Approval 325.5 \/ 325.6 MB-Approval 326.5 \/ 326.6 MTU MTL 5048 T\u00e4idab v\u00f5i \u00fcletab kvaliteedin\u00f5udeid: Cummins CES 14439 DCC Detroit Diesel DSF93K217ELC Irizar (alates 2016) Liebherr Minimum LH-01-COL3A MB Trucks (alates Oktoober 2011) Porsche alates 2010 v\u00e4ljalaskeaasta Smart MB 325.6 TL 774-G (G12++): VW \/ Audi \/ Seat \/ Skoda \/ Lamborghini \/ Bentley \/ Bugatti SCANIA ASTM D3306 \/ D4985 \/ D6210 Federal Specification A-A-870A Navistar MPAPS B1 IIIA SAE J814 VW TL 774-J","og_url":"https:\/\/ranoja.ee\/toode\/jahutusvedelik-oem-advanced-40-valmissegu-208l-valvoline\/","og_site_name":"Ranoja","article_publisher":"https:\/\/www.facebook.com\/ranoja.ee","article_modified_time":"2026-03-17T12:37:19+00:00","og_image":[{"width":796,"height":768,"url":"https:\/\/ranoja.ee\/wp-content\/uploads\/2026\/03\/211221190.png","type":"image\/jpeg"}],"twitter_card":"summary_large_image","schema":{"@context":"https:\/\/schema.org","@graph":[{"@type":"WebPage","@id":"https:\/\/ranoja.ee\/toode\/jahutusvedelik-oem-advanced-40-valmissegu-208l-valvoline\/","url":"https:\/\/ranoja.ee\/toode\/jahutusvedelik-oem-advanced-40-valmissegu-208l-valvoline\/","name":"Jahutusvedelik OEM Advanced 40 valmissegu 208L, Valvoline - Ranoja","isPartOf":{"@id":"https:\/\/ranoja.ee\/#website"},"primaryImageOfPage":{"@id":"https:\/\/ranoja.ee\/toode\/jahutusvedelik-oem-advanced-40-valmissegu-208l-valvoline\/#primaryimage"},"image":{"@id":"https:\/\/ranoja.ee\/toode\/jahutusvedelik-oem-advanced-40-valmissegu-208l-valvoline\/#primaryimage"},"thumbnailUrl":"https:\/\/ranoja.ee\/wp-content\/uploads\/2026\/03\/211221190.png","datePublished":"2026-03-16T23:24:36+00:00","dateModified":"2026-03-17T12:37:19+00:00","breadcrumb":{"@id":"https:\/\/ranoja.ee\/toode\/jahutusvedelik-oem-advanced-40-valmissegu-208l-valvoline\/#breadcrumb"},"inLanguage":"en-US","potentialAction":[{"@type":"ReadAction","target":["https:\/\/ranoja.ee\/toode\/jahutusvedelik-oem-advanced-40-valmissegu-208l-valvoline\/"]}]},{"@type":"ImageObject","inLanguage":"en-US","@id":"https:\/\/ranoja.ee\/toode\/jahutusvedelik-oem-advanced-40-valmissegu-208l-valvoline\/#primaryimage","url":"https:\/\/ranoja.ee\/wp-content\/uploads\/2026\/03\/211221190.png","contentUrl":"https:\/\/ranoja.ee\/wp-content\/uploads\/2026\/03\/211221190.png","width":796,"height":768},{"@type":"BreadcrumbList","@id":"https:\/\/ranoja.ee\/toode\/jahutusvedelik-oem-advanced-40-valmissegu-208l-valvoline\/#breadcrumb","itemListElement":[{"@type":"ListItem","position":1,"name":"Home","item":"https:\/\/ranoja.ee\/"},{"@type":"ListItem","position":2,"name":"Shop","item":"https:\/\/ranoja.ee\/en\/shop\/"},{"@type":"ListItem","position":3,"name":"Jahutusvedelik OEM Advanced 40 valmissegu 208L, Valvoline"}]},{"@type":"WebSite","@id":"https:\/\/ranoja.ee\/#website","url":"https:\/\/ranoja.ee\/","name":"Ranoja","description":"Equipment Shop WooCommerce WordPress Theme for Machine &amp; Tools","publisher":{"@id":"https:\/\/ranoja.ee\/#organization"},"potentialAction":[{"@type":"SearchAction","target":{"@type":"EntryPoint","urlTemplate":"https:\/\/ranoja.ee\/?s={search_term_string}"},"query-input":{"@type":"PropertyValueSpecification","valueRequired":true,"valueName":"search_term_string"}}],"inLanguage":"en-US"},{"@type":"Organization","@id":"https:\/\/ranoja.ee\/#organization","name":"Ranoja O\u00dc","url":"https:\/\/ranoja.ee\/","logo":{"@type":"ImageObject","inLanguage":"en-US","@id":"https:\/\/ranoja.ee\/#\/schema\/logo\/image\/","url":"https:\/\/ranoja.ee\/wp-content\/uploads\/2023\/11\/ranoja-Logo.png","contentUrl":"https:\/\/ranoja.ee\/wp-content\/uploads\/2023\/11\/ranoja-Logo.png","width":207,"height":58,"caption":"Ranoja O\u00dc"},"image":{"@id":"https:\/\/ranoja.ee\/#\/schema\/logo\/image\/"},"sameAs":["https:\/\/www.facebook.com\/ranoja.ee","https:\/\/www.instagram.com\/ranoja__\/"]}]}},"_links":{"self":[{"href":"https:\/\/ranoja.ee\/en\/wp-json\/wp\/v2\/product\/60927","targetHints":{"allow":["GET"]}}],"collection":[{"href":"https:\/\/ranoja.ee\/en\/wp-json\/wp\/v2\/product"}],"about":[{"href":"https:\/\/ranoja.ee\/en\/wp-json\/wp\/v2\/types\/product"}],"wp:featuredmedia":[{"embeddable":true,"href":"https:\/\/ranoja.ee\/en\/wp-json\/wp\/v2\/media\/60928"}],"wp:attachment":[{"href":"https:\/\/ranoja.ee\/en\/wp-json\/wp\/v2\/media?parent=60927"}],"wp:term":[{"taxonomy":"product_cat","embeddable":true,"href":"https:\/\/ranoja.ee\/en\/wp-json\/wp\/v2\/product_cat?post=60927"},{"taxonomy":"product_tag","embeddable":true,"href":"https:\/\/ranoja.ee\/en\/wp-json\/wp\/v2\/product_tag?post=60927"}],"curies":[{"name":"wp","href":"https:\/\/api.w.org\/{rel}","templated":true}]}}