{"id":60919,"date":"2026-03-17T02:24:36","date_gmt":"2026-03-16T23:24:36","guid":{"rendered":"https:\/\/ranoja.ee\/toode\/katlakivi-eemaldamise-kontsentraat-rocal-multi-10-kg-rothenberger\/"},"modified":"2026-03-17T15:37:19","modified_gmt":"2026-03-17T12:37:19","slug":"katlakivi-eemaldamise-kontsentraat-rocal-multi-10-kg-rothenberger","status":"publish","type":"product","link":"https:\/\/ranoja.ee\/en\/toode\/katlakivi-eemaldamise-kontsentraat-rocal-multi-10-kg-rothenberger\/","title":{"rendered":"Katlakivi eemaldamise kontsentraat ROCAL Multi 10 kg, Rothenberger"},"content":{"rendered":"","protected":false},"excerpt":{"rendered":"<p>Katlakivi eemaldamise keemiline vahend kasutamiseks<br \/>\nkoos ROCAL 20 ja ROMATIC 20<br \/>\nV\u00e4rviindikaatoriga \u2013 keemilist toimet m\u00e4\u00e4rab<br \/>\nvedeliku v\u00e4rvimuutus.<br \/>\nKontsentraat segatakse veegau.<br \/>\nKorrosiooni-vastase toimega.<br \/>\nOhutu k\u00f5ikides torustikes, soojusvahetites, joogiveev\u00f5ttu<br \/>\nkohtades ja kogumismahutites katlakivi eemaldamiseks.<\/p>\n","protected":false},"featured_media":60920,"template":"","meta":{"inline_featured_image":false},"product_cat":[5367,5366,5043],"product_tag":[],"class_list":{"0":"post-60919","1":"product","2":"type-product","3":"status-publish","4":"has-post-thumbnail","6":"product_brand-rothenberger","7":"product_cat-katlakivieemaldusseadmed","8":"product_cat-torupuhastusseadmed","9":"product_cat-torutooriistad","11":"first","12":"instock","13":"purchasable","14":"product-type-simple"},"yoast_head":"<!-- This site is optimized with the Yoast SEO plugin v27.4 - https:\/\/yoast.com\/product\/yoast-seo-wordpress\/ -->\n<title>Katlakivi eemaldamise kontsentraat ROCAL Multi 10 kg, Rothenberger - Ranoja<\/title>\n<meta name=\"robots\" content=\"index, follow, max-snippet:-1, max-image-preview:large, max-video-preview:-1\" \/>\n<link rel=\"canonical\" href=\"https:\/\/ranoja.ee\/toode\/katlakivi-eemaldamise-kontsentraat-rocal-multi-10-kg-rothenberger\/\" \/>\n<meta property=\"og:locale\" content=\"en_US\" \/>\n<meta property=\"og:type\" content=\"article\" \/>\n<meta property=\"og:title\" content=\"Katlakivi eemaldamise kontsentraat ROCAL Multi 10 kg, Rothenberger - Ranoja\" \/>\n<meta property=\"og:description\" content=\"Katlakivi eemaldamise keemiline vahend kasutamiseks koos ROCAL 20 ja ROMATIC 20 V\u00e4rviindikaatoriga \u2013 keemilist toimet m\u00e4\u00e4rab vedeliku v\u00e4rvimuutus. Kontsentraat segatakse veegau. Korrosiooni-vastase toimega. Ohutu k\u00f5ikides torustikes, soojusvahetites, joogiveev\u00f5ttu kohtades ja kogumismahutites katlakivi eemaldamiseks.\" \/>\n<meta property=\"og:url\" content=\"https:\/\/ranoja.ee\/toode\/katlakivi-eemaldamise-kontsentraat-rocal-multi-10-kg-rothenberger\/\" \/>\n<meta property=\"og:site_name\" content=\"Ranoja\" \/>\n<meta property=\"article:publisher\" content=\"https:\/\/www.facebook.com\/ranoja.ee\" \/>\n<meta property=\"article:modified_time\" content=\"2026-03-17T12:37:19+00:00\" \/>\n<meta property=\"og:image\" content=\"https:\/\/ranoja.ee\/wp-content\/uploads\/2026\/03\/94453777.jpg\" \/>\n\t<meta property=\"og:image:width\" content=\"719\" \/>\n\t<meta property=\"og:image:height\" content=\"900\" \/>\n\t<meta property=\"og:image:type\" content=\"image\/jpeg\" \/>\n<meta name=\"twitter:card\" content=\"summary_large_image\" \/>\n<script type=\"application\/ld+json\" class=\"yoast-schema-graph\">{\"@context\":\"https:\\\/\\\/schema.org\",\"@graph\":[{\"@type\":\"WebPage\",\"@id\":\"https:\\\/\\\/ranoja.ee\\\/toode\\\/katlakivi-eemaldamise-kontsentraat-rocal-multi-10-kg-rothenberger\\\/\",\"url\":\"https:\\\/\\\/ranoja.ee\\\/toode\\\/katlakivi-eemaldamise-kontsentraat-rocal-multi-10-kg-rothenberger\\\/\",\"name\":\"Katlakivi eemaldamise kontsentraat ROCAL Multi 10 kg, Rothenberger - Ranoja\",\"isPartOf\":{\"@id\":\"https:\\\/\\\/ranoja.ee\\\/#website\"},\"primaryImageOfPage\":{\"@id\":\"https:\\\/\\\/ranoja.ee\\\/toode\\\/katlakivi-eemaldamise-kontsentraat-rocal-multi-10-kg-rothenberger\\\/#primaryimage\"},\"image\":{\"@id\":\"https:\\\/\\\/ranoja.ee\\\/toode\\\/katlakivi-eemaldamise-kontsentraat-rocal-multi-10-kg-rothenberger\\\/#primaryimage\"},\"thumbnailUrl\":\"https:\\\/\\\/ranoja.ee\\\/wp-content\\\/uploads\\\/2026\\\/03\\\/94453777.jpg\",\"datePublished\":\"2026-03-16T23:24:36+00:00\",\"dateModified\":\"2026-03-17T12:37:19+00:00\",\"breadcrumb\":{\"@id\":\"https:\\\/\\\/ranoja.ee\\\/toode\\\/katlakivi-eemaldamise-kontsentraat-rocal-multi-10-kg-rothenberger\\\/#breadcrumb\"},\"inLanguage\":\"en-US\",\"potentialAction\":[{\"@type\":\"ReadAction\",\"target\":[\"https:\\\/\\\/ranoja.ee\\\/toode\\\/katlakivi-eemaldamise-kontsentraat-rocal-multi-10-kg-rothenberger\\\/\"]}]},{\"@type\":\"ImageObject\",\"inLanguage\":\"en-US\",\"@id\":\"https:\\\/\\\/ranoja.ee\\\/toode\\\/katlakivi-eemaldamise-kontsentraat-rocal-multi-10-kg-rothenberger\\\/#primaryimage\",\"url\":\"https:\\\/\\\/ranoja.ee\\\/wp-content\\\/uploads\\\/2026\\\/03\\\/94453777.jpg\",\"contentUrl\":\"https:\\\/\\\/ranoja.ee\\\/wp-content\\\/uploads\\\/2026\\\/03\\\/94453777.jpg\",\"width\":719,\"height\":900},{\"@type\":\"BreadcrumbList\",\"@id\":\"https:\\\/\\\/ranoja.ee\\\/toode\\\/katlakivi-eemaldamise-kontsentraat-rocal-multi-10-kg-rothenberger\\\/#breadcrumb\",\"itemListElement\":[{\"@type\":\"ListItem\",\"position\":1,\"name\":\"Home\",\"item\":\"https:\\\/\\\/ranoja.ee\\\/\"},{\"@type\":\"ListItem\",\"position\":2,\"name\":\"Shop\",\"item\":\"https:\\\/\\\/ranoja.ee\\\/en\\\/shop\\\/\"},{\"@type\":\"ListItem\",\"position\":3,\"name\":\"Katlakivi eemaldamise kontsentraat ROCAL Multi 10 kg, Rothenberger\"}]},{\"@type\":\"WebSite\",\"@id\":\"https:\\\/\\\/ranoja.ee\\\/#website\",\"url\":\"https:\\\/\\\/ranoja.ee\\\/\",\"name\":\"Ranoja\",\"description\":\"Equipment Shop WooCommerce WordPress Theme for Machine &amp; Tools\",\"publisher\":{\"@id\":\"https:\\\/\\\/ranoja.ee\\\/#organization\"},\"potentialAction\":[{\"@type\":\"SearchAction\",\"target\":{\"@type\":\"EntryPoint\",\"urlTemplate\":\"https:\\\/\\\/ranoja.ee\\\/?s={search_term_string}\"},\"query-input\":{\"@type\":\"PropertyValueSpecification\",\"valueRequired\":true,\"valueName\":\"search_term_string\"}}],\"inLanguage\":\"en-US\"},{\"@type\":\"Organization\",\"@id\":\"https:\\\/\\\/ranoja.ee\\\/#organization\",\"name\":\"Ranoja O\u00dc\",\"url\":\"https:\\\/\\\/ranoja.ee\\\/\",\"logo\":{\"@type\":\"ImageObject\",\"inLanguage\":\"en-US\",\"@id\":\"https:\\\/\\\/ranoja.ee\\\/#\\\/schema\\\/logo\\\/image\\\/\",\"url\":\"https:\\\/\\\/ranoja.ee\\\/wp-content\\\/uploads\\\/2023\\\/11\\\/ranoja-Logo.png\",\"contentUrl\":\"https:\\\/\\\/ranoja.ee\\\/wp-content\\\/uploads\\\/2023\\\/11\\\/ranoja-Logo.png\",\"width\":207,\"height\":58,\"caption\":\"Ranoja O\u00dc\"},\"image\":{\"@id\":\"https:\\\/\\\/ranoja.ee\\\/#\\\/schema\\\/logo\\\/image\\\/\"},\"sameAs\":[\"https:\\\/\\\/www.facebook.com\\\/ranoja.ee\",\"https:\\\/\\\/www.instagram.com\\\/ranoja__\\\/\"]}]}<\/script>\n<!-- \/ Yoast SEO plugin. -->","yoast_head_json":{"title":"Katlakivi eemaldamise kontsentraat ROCAL Multi 10 kg, Rothenberger - Ranoja","robots":{"index":"index","follow":"follow","max-snippet":"max-snippet:-1","max-image-preview":"max-image-preview:large","max-video-preview":"max-video-preview:-1"},"canonical":"https:\/\/ranoja.ee\/toode\/katlakivi-eemaldamise-kontsentraat-rocal-multi-10-kg-rothenberger\/","og_locale":"en_US","og_type":"article","og_title":"Katlakivi eemaldamise kontsentraat ROCAL Multi 10 kg, Rothenberger - Ranoja","og_description":"Katlakivi eemaldamise keemiline vahend kasutamiseks koos ROCAL 20 ja ROMATIC 20 V\u00e4rviindikaatoriga \u2013 keemilist toimet m\u00e4\u00e4rab vedeliku v\u00e4rvimuutus. Kontsentraat segatakse veegau. Korrosiooni-vastase toimega. Ohutu k\u00f5ikides torustikes, soojusvahetites, joogiveev\u00f5ttu kohtades ja kogumismahutites katlakivi eemaldamiseks.","og_url":"https:\/\/ranoja.ee\/toode\/katlakivi-eemaldamise-kontsentraat-rocal-multi-10-kg-rothenberger\/","og_site_name":"Ranoja","article_publisher":"https:\/\/www.facebook.com\/ranoja.ee","article_modified_time":"2026-03-17T12:37:19+00:00","og_image":[{"width":719,"height":900,"url":"https:\/\/ranoja.ee\/wp-content\/uploads\/2026\/03\/94453777.jpg","type":"image\/jpeg"}],"twitter_card":"summary_large_image","schema":{"@context":"https:\/\/schema.org","@graph":[{"@type":"WebPage","@id":"https:\/\/ranoja.ee\/toode\/katlakivi-eemaldamise-kontsentraat-rocal-multi-10-kg-rothenberger\/","url":"https:\/\/ranoja.ee\/toode\/katlakivi-eemaldamise-kontsentraat-rocal-multi-10-kg-rothenberger\/","name":"Katlakivi eemaldamise kontsentraat ROCAL Multi 10 kg, Rothenberger - Ranoja","isPartOf":{"@id":"https:\/\/ranoja.ee\/#website"},"primaryImageOfPage":{"@id":"https:\/\/ranoja.ee\/toode\/katlakivi-eemaldamise-kontsentraat-rocal-multi-10-kg-rothenberger\/#primaryimage"},"image":{"@id":"https:\/\/ranoja.ee\/toode\/katlakivi-eemaldamise-kontsentraat-rocal-multi-10-kg-rothenberger\/#primaryimage"},"thumbnailUrl":"https:\/\/ranoja.ee\/wp-content\/uploads\/2026\/03\/94453777.jpg","datePublished":"2026-03-16T23:24:36+00:00","dateModified":"2026-03-17T12:37:19+00:00","breadcrumb":{"@id":"https:\/\/ranoja.ee\/toode\/katlakivi-eemaldamise-kontsentraat-rocal-multi-10-kg-rothenberger\/#breadcrumb"},"inLanguage":"en-US","potentialAction":[{"@type":"ReadAction","target":["https:\/\/ranoja.ee\/toode\/katlakivi-eemaldamise-kontsentraat-rocal-multi-10-kg-rothenberger\/"]}]},{"@type":"ImageObject","inLanguage":"en-US","@id":"https:\/\/ranoja.ee\/toode\/katlakivi-eemaldamise-kontsentraat-rocal-multi-10-kg-rothenberger\/#primaryimage","url":"https:\/\/ranoja.ee\/wp-content\/uploads\/2026\/03\/94453777.jpg","contentUrl":"https:\/\/ranoja.ee\/wp-content\/uploads\/2026\/03\/94453777.jpg","width":719,"height":900},{"@type":"BreadcrumbList","@id":"https:\/\/ranoja.ee\/toode\/katlakivi-eemaldamise-kontsentraat-rocal-multi-10-kg-rothenberger\/#breadcrumb","itemListElement":[{"@type":"ListItem","position":1,"name":"Home","item":"https:\/\/ranoja.ee\/"},{"@type":"ListItem","position":2,"name":"Shop","item":"https:\/\/ranoja.ee\/en\/shop\/"},{"@type":"ListItem","position":3,"name":"Katlakivi eemaldamise kontsentraat ROCAL Multi 10 kg, Rothenberger"}]},{"@type":"WebSite","@id":"https:\/\/ranoja.ee\/#website","url":"https:\/\/ranoja.ee\/","name":"Ranoja","description":"Equipment Shop WooCommerce WordPress Theme for Machine &amp; Tools","publisher":{"@id":"https:\/\/ranoja.ee\/#organization"},"potentialAction":[{"@type":"SearchAction","target":{"@type":"EntryPoint","urlTemplate":"https:\/\/ranoja.ee\/?s={search_term_string}"},"query-input":{"@type":"PropertyValueSpecification","valueRequired":true,"valueName":"search_term_string"}}],"inLanguage":"en-US"},{"@type":"Organization","@id":"https:\/\/ranoja.ee\/#organization","name":"Ranoja O\u00dc","url":"https:\/\/ranoja.ee\/","logo":{"@type":"ImageObject","inLanguage":"en-US","@id":"https:\/\/ranoja.ee\/#\/schema\/logo\/image\/","url":"https:\/\/ranoja.ee\/wp-content\/uploads\/2023\/11\/ranoja-Logo.png","contentUrl":"https:\/\/ranoja.ee\/wp-content\/uploads\/2023\/11\/ranoja-Logo.png","width":207,"height":58,"caption":"Ranoja O\u00dc"},"image":{"@id":"https:\/\/ranoja.ee\/#\/schema\/logo\/image\/"},"sameAs":["https:\/\/www.facebook.com\/ranoja.ee","https:\/\/www.instagram.com\/ranoja__\/"]}]}},"_links":{"self":[{"href":"https:\/\/ranoja.ee\/en\/wp-json\/wp\/v2\/product\/60919","targetHints":{"allow":["GET"]}}],"collection":[{"href":"https:\/\/ranoja.ee\/en\/wp-json\/wp\/v2\/product"}],"about":[{"href":"https:\/\/ranoja.ee\/en\/wp-json\/wp\/v2\/types\/product"}],"wp:featuredmedia":[{"embeddable":true,"href":"https:\/\/ranoja.ee\/en\/wp-json\/wp\/v2\/media\/60920"}],"wp:attachment":[{"href":"https:\/\/ranoja.ee\/en\/wp-json\/wp\/v2\/media?parent=60919"}],"wp:term":[{"taxonomy":"product_cat","embeddable":true,"href":"https:\/\/ranoja.ee\/en\/wp-json\/wp\/v2\/product_cat?post=60919"},{"taxonomy":"product_tag","embeddable":true,"href":"https:\/\/ranoja.ee\/en\/wp-json\/wp\/v2\/product_tag?post=60919"}],"curies":[{"name":"wp","href":"https:\/\/api.w.org\/{rel}","templated":true}]}}