{"id":60917,"date":"2026-03-17T02:24:36","date_gmt":"2026-03-16T23:24:36","guid":{"rendered":"https:\/\/ranoja.ee\/toode\/haavahoolduskomplekt-sinine-horeca-seinale-kinnitatav-cederroth\/"},"modified":"2026-03-17T15:37:19","modified_gmt":"2026-03-17T12:37:19","slug":"haavahoolduskomplekt-sinine-horeca-seinale-kinnitatav-cederroth","status":"publish","type":"product","link":"https:\/\/ranoja.ee\/en\/toode\/haavahoolduskomplekt-sinine-horeca-seinale-kinnitatav-cederroth\/","title":{"rendered":"Haavahoolduskomplekt, sinine, HoReCa seinale kinnitatav, Cederroth"},"content":{"rendered":"","protected":false},"excerpt":{"rendered":"<p>Cederroth HoReCa haavahoolduskomplekt. Komplektis on olemas k\u00f5ik vahendid v\u00e4iksemate vigastustega tegelemiseks. <br \/>\nSisaldab pehmet, isekinnituvat haavasidet, mis j\u00e4\u00e4b oma kohale ka vesistes oludes, haavapuhastuslappe ning erinevates m\u00f5\u00f5tmetes siniseid, metallidetektoriga avastatavaid plaastreid.<br \/>\nHaavahoolduskomplekt t\u00e4iendab Cederrothi esmaabikappi ja teda saab paigaldada just sinna, kus risk haava tekkimiseks on k\u00f5ige suurem.<br \/>\nL\u00e4bipaistev kaas hoiab tooteid tolmu eest, samas on n\u00e4ha, kui t\u00e4itepakendied on vaja uuendada. T\u00e4itepakendeid ei ole v\u00f5imalik komplektist ilma v\u00f5tmeta eemaldada.<\/p>\n<p>\u2022  Erineva suurusega plaastrid vigastustele<br \/>\n\u2022  Ideaalne lahendus v\u00e4iksematele vigastustele <br \/>\n\u2022 Seinale paigaldatud dispenseris on plaastrid ja isekinnituv haavaside Soft Foam alati samas kohas ning kergesti ligip\u00e4\u00e4setav <br \/>\n\u2022 Plaastrid on turvaliselt plastik katte all ja neid on lihtne lisada spetsiaalse v\u00f5tme abil <br \/>\n\u2022 V\u00e4ga mugav ja organiseeritud lahendus.<br \/>\n\u2022 Kaitsev tolmukate hoiab tooted puhtana<\/p>\n<p>\nKomplektis:<br \/>\nSalvequick haavapuhastuslapid, 40 tk (tellimiskood 3227&#038;CEDER),<br \/>\nCederroth Isekinnituv haavaside, sinine, 4,5 m (tellimiskood 51011010&#038;CEDER),<br \/>\n2x Plaastri t\u00e4itepakend plaastriautomaati, sinine, 35 tk (tellimiskood 51030127&#038;CEDER),<br \/>\nPlaastri t\u00e4itepakend plaastriautomaati, sinine, s\u00f5rmeots\/tavaline, 15tk\/15tk  (tellimiskood 51030126&#038;CEDER)<br \/>\nKomplekti t\u00e4itmisv\u00f5ti<\/p>\n<p>M\u00f5\u00f5dud: L 31 x K 16 x S 20 cm<\/p>\n","protected":false},"featured_media":60918,"template":"","meta":{"inline_featured_image":false},"product_cat":[5071,5022],"product_tag":[],"class_list":{"0":"post-60917","1":"product","2":"type-product","3":"status-publish","4":"has-post-thumbnail","6":"product_brand-cederroth","7":"product_cat-esmaabivahendid","8":"product_cat-isikukaitsevahendid","10":"first","11":"instock","12":"purchasable","13":"product-type-simple"},"yoast_head":"<!-- This site is optimized with the Yoast SEO plugin v27.4 - https:\/\/yoast.com\/product\/yoast-seo-wordpress\/ -->\n<title>Haavahoolduskomplekt, sinine, HoReCa seinale kinnitatav, Cederroth - Ranoja<\/title>\n<meta name=\"robots\" content=\"index, follow, max-snippet:-1, max-image-preview:large, max-video-preview:-1\" \/>\n<link rel=\"canonical\" href=\"https:\/\/ranoja.ee\/toode\/haavahoolduskomplekt-sinine-horeca-seinale-kinnitatav-cederroth\/\" \/>\n<meta property=\"og:locale\" content=\"en_US\" \/>\n<meta property=\"og:type\" content=\"article\" \/>\n<meta property=\"og:title\" content=\"Haavahoolduskomplekt, sinine, HoReCa seinale kinnitatav, Cederroth - Ranoja\" \/>\n<meta property=\"og:description\" content=\"Cederroth HoReCa haavahoolduskomplekt. Komplektis on olemas k\u00f5ik vahendid v\u00e4iksemate vigastustega tegelemiseks. Sisaldab pehmet, isekinnituvat haavasidet, mis j\u00e4\u00e4b oma kohale ka vesistes oludes, haavapuhastuslappe ning erinevates m\u00f5\u00f5tmetes siniseid, metallidetektoriga avastatavaid plaastreid. Haavahoolduskomplekt t\u00e4iendab Cederrothi esmaabikappi ja teda saab paigaldada just sinna, kus risk haava tekkimiseks on k\u00f5ige suurem. L\u00e4bipaistev kaas hoiab tooteid tolmu eest, samas on n\u00e4ha, kui t\u00e4itepakendied on vaja uuendada. T\u00e4itepakendeid ei ole v\u00f5imalik komplektist ilma v\u00f5tmeta eemaldada. \u2022 Erineva suurusega plaastrid vigastustele \u2022 Ideaalne lahendus v\u00e4iksematele vigastustele \u2022 Seinale paigaldatud dispenseris on plaastrid ja isekinnituv haavaside Soft Foam alati samas kohas ning kergesti ligip\u00e4\u00e4setav \u2022 Plaastrid on turvaliselt plastik katte all ja neid on lihtne lisada spetsiaalse v\u00f5tme abil \u2022 V\u00e4ga mugav ja organiseeritud lahendus. \u2022 Kaitsev tolmukate hoiab tooted puhtana  Komplektis: Salvequick haavapuhastuslapid, 40 tk (tellimiskood 3227&amp;CEDER), Cederroth Isekinnituv haavaside, sinine, 4,5 m (tellimiskood 51011010&amp;CEDER), 2x Plaastri t\u00e4itepakend plaastriautomaati, sinine, 35 tk (tellimiskood 51030127&amp;CEDER), Plaastri t\u00e4itepakend plaastriautomaati, sinine, s\u00f5rmeots\/tavaline, 15tk\/15tk (tellimiskood 51030126&amp;CEDER) Komplekti t\u00e4itmisv\u00f5ti M\u00f5\u00f5dud: L 31 x K 16 x S 20 cm\" \/>\n<meta property=\"og:url\" content=\"https:\/\/ranoja.ee\/toode\/haavahoolduskomplekt-sinine-horeca-seinale-kinnitatav-cederroth\/\" \/>\n<meta property=\"og:site_name\" content=\"Ranoja\" \/>\n<meta property=\"article:publisher\" content=\"https:\/\/www.facebook.com\/ranoja.ee\" \/>\n<meta property=\"article:modified_time\" content=\"2026-03-17T12:37:19+00:00\" \/>\n<meta property=\"og:image\" content=\"https:\/\/ranoja.ee\/wp-content\/uploads\/2026\/03\/5637760401.jpg\" \/>\n\t<meta property=\"og:image:width\" content=\"900\" \/>\n\t<meta property=\"og:image:height\" content=\"693\" \/>\n\t<meta property=\"og:image:type\" content=\"image\/jpeg\" \/>\n<meta name=\"twitter:card\" content=\"summary_large_image\" \/>\n<script type=\"application\/ld+json\" class=\"yoast-schema-graph\">{\"@context\":\"https:\\\/\\\/schema.org\",\"@graph\":[{\"@type\":\"WebPage\",\"@id\":\"https:\\\/\\\/ranoja.ee\\\/toode\\\/haavahoolduskomplekt-sinine-horeca-seinale-kinnitatav-cederroth\\\/\",\"url\":\"https:\\\/\\\/ranoja.ee\\\/toode\\\/haavahoolduskomplekt-sinine-horeca-seinale-kinnitatav-cederroth\\\/\",\"name\":\"Haavahoolduskomplekt, sinine, HoReCa seinale kinnitatav, Cederroth - Ranoja\",\"isPartOf\":{\"@id\":\"https:\\\/\\\/ranoja.ee\\\/#website\"},\"primaryImageOfPage\":{\"@id\":\"https:\\\/\\\/ranoja.ee\\\/toode\\\/haavahoolduskomplekt-sinine-horeca-seinale-kinnitatav-cederroth\\\/#primaryimage\"},\"image\":{\"@id\":\"https:\\\/\\\/ranoja.ee\\\/toode\\\/haavahoolduskomplekt-sinine-horeca-seinale-kinnitatav-cederroth\\\/#primaryimage\"},\"thumbnailUrl\":\"https:\\\/\\\/ranoja.ee\\\/wp-content\\\/uploads\\\/2026\\\/03\\\/5637760401.jpg\",\"datePublished\":\"2026-03-16T23:24:36+00:00\",\"dateModified\":\"2026-03-17T12:37:19+00:00\",\"breadcrumb\":{\"@id\":\"https:\\\/\\\/ranoja.ee\\\/toode\\\/haavahoolduskomplekt-sinine-horeca-seinale-kinnitatav-cederroth\\\/#breadcrumb\"},\"inLanguage\":\"en-US\",\"potentialAction\":[{\"@type\":\"ReadAction\",\"target\":[\"https:\\\/\\\/ranoja.ee\\\/toode\\\/haavahoolduskomplekt-sinine-horeca-seinale-kinnitatav-cederroth\\\/\"]}]},{\"@type\":\"ImageObject\",\"inLanguage\":\"en-US\",\"@id\":\"https:\\\/\\\/ranoja.ee\\\/toode\\\/haavahoolduskomplekt-sinine-horeca-seinale-kinnitatav-cederroth\\\/#primaryimage\",\"url\":\"https:\\\/\\\/ranoja.ee\\\/wp-content\\\/uploads\\\/2026\\\/03\\\/5637760401.jpg\",\"contentUrl\":\"https:\\\/\\\/ranoja.ee\\\/wp-content\\\/uploads\\\/2026\\\/03\\\/5637760401.jpg\",\"width\":900,\"height\":693},{\"@type\":\"BreadcrumbList\",\"@id\":\"https:\\\/\\\/ranoja.ee\\\/toode\\\/haavahoolduskomplekt-sinine-horeca-seinale-kinnitatav-cederroth\\\/#breadcrumb\",\"itemListElement\":[{\"@type\":\"ListItem\",\"position\":1,\"name\":\"Home\",\"item\":\"https:\\\/\\\/ranoja.ee\\\/\"},{\"@type\":\"ListItem\",\"position\":2,\"name\":\"Shop\",\"item\":\"https:\\\/\\\/ranoja.ee\\\/en\\\/shop\\\/\"},{\"@type\":\"ListItem\",\"position\":3,\"name\":\"Haavahoolduskomplekt, sinine, HoReCa seinale kinnitatav, Cederroth\"}]},{\"@type\":\"WebSite\",\"@id\":\"https:\\\/\\\/ranoja.ee\\\/#website\",\"url\":\"https:\\\/\\\/ranoja.ee\\\/\",\"name\":\"Ranoja\",\"description\":\"Equipment Shop WooCommerce WordPress Theme for Machine &amp; Tools\",\"publisher\":{\"@id\":\"https:\\\/\\\/ranoja.ee\\\/#organization\"},\"potentialAction\":[{\"@type\":\"SearchAction\",\"target\":{\"@type\":\"EntryPoint\",\"urlTemplate\":\"https:\\\/\\\/ranoja.ee\\\/?s={search_term_string}\"},\"query-input\":{\"@type\":\"PropertyValueSpecification\",\"valueRequired\":true,\"valueName\":\"search_term_string\"}}],\"inLanguage\":\"en-US\"},{\"@type\":\"Organization\",\"@id\":\"https:\\\/\\\/ranoja.ee\\\/#organization\",\"name\":\"Ranoja O\u00dc\",\"url\":\"https:\\\/\\\/ranoja.ee\\\/\",\"logo\":{\"@type\":\"ImageObject\",\"inLanguage\":\"en-US\",\"@id\":\"https:\\\/\\\/ranoja.ee\\\/#\\\/schema\\\/logo\\\/image\\\/\",\"url\":\"https:\\\/\\\/ranoja.ee\\\/wp-content\\\/uploads\\\/2023\\\/11\\\/ranoja-Logo.png\",\"contentUrl\":\"https:\\\/\\\/ranoja.ee\\\/wp-content\\\/uploads\\\/2023\\\/11\\\/ranoja-Logo.png\",\"width\":207,\"height\":58,\"caption\":\"Ranoja O\u00dc\"},\"image\":{\"@id\":\"https:\\\/\\\/ranoja.ee\\\/#\\\/schema\\\/logo\\\/image\\\/\"},\"sameAs\":[\"https:\\\/\\\/www.facebook.com\\\/ranoja.ee\",\"https:\\\/\\\/www.instagram.com\\\/ranoja__\\\/\"]}]}<\/script>\n<!-- \/ Yoast SEO plugin. -->","yoast_head_json":{"title":"Haavahoolduskomplekt, sinine, HoReCa seinale kinnitatav, Cederroth - Ranoja","robots":{"index":"index","follow":"follow","max-snippet":"max-snippet:-1","max-image-preview":"max-image-preview:large","max-video-preview":"max-video-preview:-1"},"canonical":"https:\/\/ranoja.ee\/toode\/haavahoolduskomplekt-sinine-horeca-seinale-kinnitatav-cederroth\/","og_locale":"en_US","og_type":"article","og_title":"Haavahoolduskomplekt, sinine, HoReCa seinale kinnitatav, Cederroth - Ranoja","og_description":"Cederroth HoReCa haavahoolduskomplekt. Komplektis on olemas k\u00f5ik vahendid v\u00e4iksemate vigastustega tegelemiseks. Sisaldab pehmet, isekinnituvat haavasidet, mis j\u00e4\u00e4b oma kohale ka vesistes oludes, haavapuhastuslappe ning erinevates m\u00f5\u00f5tmetes siniseid, metallidetektoriga avastatavaid plaastreid. Haavahoolduskomplekt t\u00e4iendab Cederrothi esmaabikappi ja teda saab paigaldada just sinna, kus risk haava tekkimiseks on k\u00f5ige suurem. L\u00e4bipaistev kaas hoiab tooteid tolmu eest, samas on n\u00e4ha, kui t\u00e4itepakendied on vaja uuendada. T\u00e4itepakendeid ei ole v\u00f5imalik komplektist ilma v\u00f5tmeta eemaldada. \u2022 Erineva suurusega plaastrid vigastustele \u2022 Ideaalne lahendus v\u00e4iksematele vigastustele \u2022 Seinale paigaldatud dispenseris on plaastrid ja isekinnituv haavaside Soft Foam alati samas kohas ning kergesti ligip\u00e4\u00e4setav \u2022 Plaastrid on turvaliselt plastik katte all ja neid on lihtne lisada spetsiaalse v\u00f5tme abil \u2022 V\u00e4ga mugav ja organiseeritud lahendus. \u2022 Kaitsev tolmukate hoiab tooted puhtana  Komplektis: Salvequick haavapuhastuslapid, 40 tk (tellimiskood 3227&CEDER), Cederroth Isekinnituv haavaside, sinine, 4,5 m (tellimiskood 51011010&CEDER), 2x Plaastri t\u00e4itepakend plaastriautomaati, sinine, 35 tk (tellimiskood 51030127&CEDER), Plaastri t\u00e4itepakend plaastriautomaati, sinine, s\u00f5rmeots\/tavaline, 15tk\/15tk (tellimiskood 51030126&CEDER) Komplekti t\u00e4itmisv\u00f5ti M\u00f5\u00f5dud: L 31 x K 16 x S 20 cm","og_url":"https:\/\/ranoja.ee\/toode\/haavahoolduskomplekt-sinine-horeca-seinale-kinnitatav-cederroth\/","og_site_name":"Ranoja","article_publisher":"https:\/\/www.facebook.com\/ranoja.ee","article_modified_time":"2026-03-17T12:37:19+00:00","og_image":[{"width":900,"height":693,"url":"https:\/\/ranoja.ee\/wp-content\/uploads\/2026\/03\/5637760401.jpg","type":"image\/jpeg"}],"twitter_card":"summary_large_image","schema":{"@context":"https:\/\/schema.org","@graph":[{"@type":"WebPage","@id":"https:\/\/ranoja.ee\/toode\/haavahoolduskomplekt-sinine-horeca-seinale-kinnitatav-cederroth\/","url":"https:\/\/ranoja.ee\/toode\/haavahoolduskomplekt-sinine-horeca-seinale-kinnitatav-cederroth\/","name":"Haavahoolduskomplekt, sinine, HoReCa seinale kinnitatav, Cederroth - Ranoja","isPartOf":{"@id":"https:\/\/ranoja.ee\/#website"},"primaryImageOfPage":{"@id":"https:\/\/ranoja.ee\/toode\/haavahoolduskomplekt-sinine-horeca-seinale-kinnitatav-cederroth\/#primaryimage"},"image":{"@id":"https:\/\/ranoja.ee\/toode\/haavahoolduskomplekt-sinine-horeca-seinale-kinnitatav-cederroth\/#primaryimage"},"thumbnailUrl":"https:\/\/ranoja.ee\/wp-content\/uploads\/2026\/03\/5637760401.jpg","datePublished":"2026-03-16T23:24:36+00:00","dateModified":"2026-03-17T12:37:19+00:00","breadcrumb":{"@id":"https:\/\/ranoja.ee\/toode\/haavahoolduskomplekt-sinine-horeca-seinale-kinnitatav-cederroth\/#breadcrumb"},"inLanguage":"en-US","potentialAction":[{"@type":"ReadAction","target":["https:\/\/ranoja.ee\/toode\/haavahoolduskomplekt-sinine-horeca-seinale-kinnitatav-cederroth\/"]}]},{"@type":"ImageObject","inLanguage":"en-US","@id":"https:\/\/ranoja.ee\/toode\/haavahoolduskomplekt-sinine-horeca-seinale-kinnitatav-cederroth\/#primaryimage","url":"https:\/\/ranoja.ee\/wp-content\/uploads\/2026\/03\/5637760401.jpg","contentUrl":"https:\/\/ranoja.ee\/wp-content\/uploads\/2026\/03\/5637760401.jpg","width":900,"height":693},{"@type":"BreadcrumbList","@id":"https:\/\/ranoja.ee\/toode\/haavahoolduskomplekt-sinine-horeca-seinale-kinnitatav-cederroth\/#breadcrumb","itemListElement":[{"@type":"ListItem","position":1,"name":"Home","item":"https:\/\/ranoja.ee\/"},{"@type":"ListItem","position":2,"name":"Shop","item":"https:\/\/ranoja.ee\/en\/shop\/"},{"@type":"ListItem","position":3,"name":"Haavahoolduskomplekt, sinine, HoReCa seinale kinnitatav, Cederroth"}]},{"@type":"WebSite","@id":"https:\/\/ranoja.ee\/#website","url":"https:\/\/ranoja.ee\/","name":"Ranoja","description":"Equipment Shop WooCommerce WordPress Theme for Machine &amp; Tools","publisher":{"@id":"https:\/\/ranoja.ee\/#organization"},"potentialAction":[{"@type":"SearchAction","target":{"@type":"EntryPoint","urlTemplate":"https:\/\/ranoja.ee\/?s={search_term_string}"},"query-input":{"@type":"PropertyValueSpecification","valueRequired":true,"valueName":"search_term_string"}}],"inLanguage":"en-US"},{"@type":"Organization","@id":"https:\/\/ranoja.ee\/#organization","name":"Ranoja O\u00dc","url":"https:\/\/ranoja.ee\/","logo":{"@type":"ImageObject","inLanguage":"en-US","@id":"https:\/\/ranoja.ee\/#\/schema\/logo\/image\/","url":"https:\/\/ranoja.ee\/wp-content\/uploads\/2023\/11\/ranoja-Logo.png","contentUrl":"https:\/\/ranoja.ee\/wp-content\/uploads\/2023\/11\/ranoja-Logo.png","width":207,"height":58,"caption":"Ranoja O\u00dc"},"image":{"@id":"https:\/\/ranoja.ee\/#\/schema\/logo\/image\/"},"sameAs":["https:\/\/www.facebook.com\/ranoja.ee","https:\/\/www.instagram.com\/ranoja__\/"]}]}},"_links":{"self":[{"href":"https:\/\/ranoja.ee\/en\/wp-json\/wp\/v2\/product\/60917","targetHints":{"allow":["GET"]}}],"collection":[{"href":"https:\/\/ranoja.ee\/en\/wp-json\/wp\/v2\/product"}],"about":[{"href":"https:\/\/ranoja.ee\/en\/wp-json\/wp\/v2\/types\/product"}],"wp:featuredmedia":[{"embeddable":true,"href":"https:\/\/ranoja.ee\/en\/wp-json\/wp\/v2\/media\/60918"}],"wp:attachment":[{"href":"https:\/\/ranoja.ee\/en\/wp-json\/wp\/v2\/media?parent=60917"}],"wp:term":[{"taxonomy":"product_cat","embeddable":true,"href":"https:\/\/ranoja.ee\/en\/wp-json\/wp\/v2\/product_cat?post=60917"},{"taxonomy":"product_tag","embeddable":true,"href":"https:\/\/ranoja.ee\/en\/wp-json\/wp\/v2\/product_tag?post=60917"}],"curies":[{"name":"wp","href":"https:\/\/api.w.org\/{rel}","templated":true}]}}