{"id":60883,"date":"2026-03-17T02:24:12","date_gmt":"2026-03-16T23:24:12","guid":{"rendered":"https:\/\/ranoja.ee\/toode\/automaatkastioli-hybrid-dct-20l-valvoline\/"},"modified":"2026-03-17T15:37:19","modified_gmt":"2026-03-17T12:37:19","slug":"automaatkastioli-hybrid-dct-20l-valvoline","status":"publish","type":"product","link":"https:\/\/ranoja.ee\/en\/toode\/automaatkastioli-hybrid-dct-20l-valvoline\/","title":{"rendered":"Automaatkasti\u00f5li Hybrid DCT 20L, Valvoline"},"content":{"rendered":"","protected":false},"excerpt":{"rendered":"<p>Preemiumklassi t\u00e4iss\u00fcnteetiline transmissiooni\u00f5li mis on v\u00e4ljat\u00f6\u00f6tatud VAG grupi autodele topeltsiduriga DSG k\u00e4igukastidele. Mitte segada teiste transmissiooni\u00f5lidega!<\/p>\n<p>T\u00e4iss\u00fcnteetiline  transmissiooni\u00f5li, mis on v\u00e4ljat\u00f6\u00f6tatud VAG grupi autodele topeltsiduriga DSG k\u00e4igukastidele.<br \/>\nSee toode on spetsiaalselt loodud kasutamiseks h\u00fcbriidis\u00f5idukites millel on topeltsiduriga automaatkast. <br \/>\nSobib kasutada ka mitteh\u00fcbriidajamitega s\u00f5idukites.<br \/>\nValvoline Hybrid DCT-vedelik tagab  topeltsiduriga k\u00e4igukasti maksimaalse kaitse ja m\u00e4\u00e4rimise laias temperatuurivahemikus.<br \/>\nToodetud on hoolikalt valitud lisaainetest ja antioks\u00fcdantidest, et tagada suurem oks\u00fcdatsioonikindlus ja parem kaitse karmide h\u00fcbriidts\u00fcklite jaoks.<br \/>\nSobib ka tavalistele s\u00f5idukitele, mis on varustatud DCT-\u00fclekannetega (lisateabe saamiseks vaadake allpool toodud spetsifikatsioonide loendit)<\/p>\n<p>Mitte segada teiste transmissiooni\u00f5lidega!<\/p>\n<p>BMW: 6-speed DCT, DCTF-1+, MTF LT-5,<br \/>\nDrivelogic 7-speed\/ DCTF-1<br \/>\nBorg Warner<br \/>\nBugatti Veyron<br \/>\nBOT 341, 450<br \/>\nChrysler: 68044345 EA &#038; GA, Powershift<br \/>\n6-speed<br \/>\nFerrari 7-speed \/TE DCT-3<br \/>\nFord\/Nissan Powershift 6-speed (GFT) \/<br \/>\nFord WSS-M2C936A, part #<br \/>\n1490763\/1490761<br \/>\nMitsubishi TC-SST 6-speed (GFT) \/<br \/>\nMZ320065 DiaQueen SSTF-1<br \/>\nPDK transmission oil for ZF (DCT<br \/>\nTransmission Oil for ZF)<br \/>\nPeugeot\/Citroen DCS 6-speed<br \/>\n(GFT)\/9734.S2<br \/>\nRenault EDC 6-speed, EDC-7 speed,<br \/>\nTalisman R7D<br \/>\nVolvo Powershift 6-speed<br \/>\n(GFT)\/1161838\/1161839<br \/>\nVW (Audi, Seat, Skoda) 6-speed<br \/>\nVW G 055 536<br \/>\nVW\/Audi G 055 529<br \/>\nVW\/Audi TL 521 82\/ G 052 182 A2 or A6<br \/>\nVW\/Audi TL 52529\/ G 052 529 A2 or A6\/<br \/>\nDSG7\/ S-Tronic 7\/ 7 speed VW (Audi,<br \/>\nSeat, Skoda)<br \/>\nZF\/Porsche Oil #999.917.080.00<\/p>\n","protected":false},"featured_media":60884,"template":"","meta":{"inline_featured_image":false},"product_cat":[5078,5079,5012],"product_tag":[],"class_list":{"0":"post-60883","1":"product","2":"type-product","3":"status-publish","4":"has-post-thumbnail","6":"product_brand-valvoline","7":"product_cat-automaatkasti-olid","8":"product_cat-automaatkasti-taissunteetilised-olid","9":"product_cat-olid-ja-maardeained","11":"first","12":"instock","13":"purchasable","14":"product-type-simple"},"yoast_head":"<!-- This site is optimized with the Yoast SEO plugin v27.4 - https:\/\/yoast.com\/product\/yoast-seo-wordpress\/ -->\n<title>Automaatkasti\u00f5li Hybrid DCT 20L, Valvoline - Ranoja<\/title>\n<meta name=\"robots\" content=\"index, follow, max-snippet:-1, max-image-preview:large, max-video-preview:-1\" \/>\n<link rel=\"canonical\" href=\"https:\/\/ranoja.ee\/toode\/automaatkastioli-hybrid-dct-20l-valvoline\/\" \/>\n<meta property=\"og:locale\" content=\"en_US\" \/>\n<meta property=\"og:type\" content=\"article\" \/>\n<meta property=\"og:title\" content=\"Automaatkasti\u00f5li Hybrid DCT 20L, Valvoline - Ranoja\" \/>\n<meta property=\"og:description\" content=\"Preemiumklassi t\u00e4iss\u00fcnteetiline transmissiooni\u00f5li mis on v\u00e4ljat\u00f6\u00f6tatud VAG grupi autodele topeltsiduriga DSG k\u00e4igukastidele. Mitte segada teiste transmissiooni\u00f5lidega! T\u00e4iss\u00fcnteetiline transmissiooni\u00f5li, mis on v\u00e4ljat\u00f6\u00f6tatud VAG grupi autodele topeltsiduriga DSG k\u00e4igukastidele. See toode on spetsiaalselt loodud kasutamiseks h\u00fcbriidis\u00f5idukites millel on topeltsiduriga automaatkast. Sobib kasutada ka mitteh\u00fcbriidajamitega s\u00f5idukites. Valvoline Hybrid DCT-vedelik tagab topeltsiduriga k\u00e4igukasti maksimaalse kaitse ja m\u00e4\u00e4rimise laias temperatuurivahemikus. Toodetud on hoolikalt valitud lisaainetest ja antioks\u00fcdantidest, et tagada suurem oks\u00fcdatsioonikindlus ja parem kaitse karmide h\u00fcbriidts\u00fcklite jaoks. Sobib ka tavalistele s\u00f5idukitele, mis on varustatud DCT-\u00fclekannetega (lisateabe saamiseks vaadake allpool toodud spetsifikatsioonide loendit) Mitte segada teiste transmissiooni\u00f5lidega! BMW: 6-speed DCT, DCTF-1+, MTF LT-5, Drivelogic 7-speed\/ DCTF-1 Borg Warner Bugatti Veyron BOT 341, 450 Chrysler: 68044345 EA &amp; GA, Powershift 6-speed Ferrari 7-speed \/TE DCT-3 Ford\/Nissan Powershift 6-speed (GFT) \/ Ford WSS-M2C936A, part # 1490763\/1490761 Mitsubishi TC-SST 6-speed (GFT) \/ MZ320065 DiaQueen SSTF-1 PDK transmission oil for ZF (DCT Transmission Oil for ZF) Peugeot\/Citroen DCS 6-speed (GFT)\/9734.S2 Renault EDC 6-speed, EDC-7 speed, Talisman R7D Volvo Powershift 6-speed (GFT)\/1161838\/1161839 VW (Audi, Seat, Skoda) 6-speed VW G 055 536 VW\/Audi G 055 529 VW\/Audi TL 521 82\/ G 052 182 A2 or A6 VW\/Audi TL 52529\/ G 052 529 A2 or A6\/ DSG7\/ S-Tronic 7\/ 7 speed VW (Audi, Seat, Skoda) ZF\/Porsche Oil #999.917.080.00\" \/>\n<meta property=\"og:url\" content=\"https:\/\/ranoja.ee\/toode\/automaatkastioli-hybrid-dct-20l-valvoline\/\" \/>\n<meta property=\"og:site_name\" content=\"Ranoja\" \/>\n<meta property=\"article:publisher\" content=\"https:\/\/www.facebook.com\/ranoja.ee\" \/>\n<meta property=\"article:modified_time\" content=\"2026-03-17T12:37:19+00:00\" \/>\n<meta property=\"og:image\" content=\"https:\/\/ranoja.ee\/wp-content\/uploads\/2026\/03\/209119200.jpg\" \/>\n\t<meta property=\"og:image:width\" content=\"761\" \/>\n\t<meta property=\"og:image:height\" content=\"768\" \/>\n\t<meta property=\"og:image:type\" content=\"image\/jpeg\" \/>\n<meta name=\"twitter:card\" content=\"summary_large_image\" \/>\n<script type=\"application\/ld+json\" class=\"yoast-schema-graph\">{\"@context\":\"https:\\\/\\\/schema.org\",\"@graph\":[{\"@type\":\"WebPage\",\"@id\":\"https:\\\/\\\/ranoja.ee\\\/toode\\\/automaatkastioli-hybrid-dct-20l-valvoline\\\/\",\"url\":\"https:\\\/\\\/ranoja.ee\\\/toode\\\/automaatkastioli-hybrid-dct-20l-valvoline\\\/\",\"name\":\"Automaatkasti\u00f5li Hybrid DCT 20L, Valvoline - Ranoja\",\"isPartOf\":{\"@id\":\"https:\\\/\\\/ranoja.ee\\\/#website\"},\"primaryImageOfPage\":{\"@id\":\"https:\\\/\\\/ranoja.ee\\\/toode\\\/automaatkastioli-hybrid-dct-20l-valvoline\\\/#primaryimage\"},\"image\":{\"@id\":\"https:\\\/\\\/ranoja.ee\\\/toode\\\/automaatkastioli-hybrid-dct-20l-valvoline\\\/#primaryimage\"},\"thumbnailUrl\":\"https:\\\/\\\/ranoja.ee\\\/wp-content\\\/uploads\\\/2026\\\/03\\\/209119200.jpg\",\"datePublished\":\"2026-03-16T23:24:12+00:00\",\"dateModified\":\"2026-03-17T12:37:19+00:00\",\"breadcrumb\":{\"@id\":\"https:\\\/\\\/ranoja.ee\\\/toode\\\/automaatkastioli-hybrid-dct-20l-valvoline\\\/#breadcrumb\"},\"inLanguage\":\"en-US\",\"potentialAction\":[{\"@type\":\"ReadAction\",\"target\":[\"https:\\\/\\\/ranoja.ee\\\/toode\\\/automaatkastioli-hybrid-dct-20l-valvoline\\\/\"]}]},{\"@type\":\"ImageObject\",\"inLanguage\":\"en-US\",\"@id\":\"https:\\\/\\\/ranoja.ee\\\/toode\\\/automaatkastioli-hybrid-dct-20l-valvoline\\\/#primaryimage\",\"url\":\"https:\\\/\\\/ranoja.ee\\\/wp-content\\\/uploads\\\/2026\\\/03\\\/209119200.jpg\",\"contentUrl\":\"https:\\\/\\\/ranoja.ee\\\/wp-content\\\/uploads\\\/2026\\\/03\\\/209119200.jpg\",\"width\":761,\"height\":768},{\"@type\":\"BreadcrumbList\",\"@id\":\"https:\\\/\\\/ranoja.ee\\\/toode\\\/automaatkastioli-hybrid-dct-20l-valvoline\\\/#breadcrumb\",\"itemListElement\":[{\"@type\":\"ListItem\",\"position\":1,\"name\":\"Home\",\"item\":\"https:\\\/\\\/ranoja.ee\\\/\"},{\"@type\":\"ListItem\",\"position\":2,\"name\":\"Shop\",\"item\":\"https:\\\/\\\/ranoja.ee\\\/en\\\/shop\\\/\"},{\"@type\":\"ListItem\",\"position\":3,\"name\":\"Automaatkasti\u00f5li Hybrid DCT 20L, Valvoline\"}]},{\"@type\":\"WebSite\",\"@id\":\"https:\\\/\\\/ranoja.ee\\\/#website\",\"url\":\"https:\\\/\\\/ranoja.ee\\\/\",\"name\":\"Ranoja\",\"description\":\"Equipment Shop WooCommerce WordPress Theme for Machine &amp; Tools\",\"publisher\":{\"@id\":\"https:\\\/\\\/ranoja.ee\\\/#organization\"},\"potentialAction\":[{\"@type\":\"SearchAction\",\"target\":{\"@type\":\"EntryPoint\",\"urlTemplate\":\"https:\\\/\\\/ranoja.ee\\\/?s={search_term_string}\"},\"query-input\":{\"@type\":\"PropertyValueSpecification\",\"valueRequired\":true,\"valueName\":\"search_term_string\"}}],\"inLanguage\":\"en-US\"},{\"@type\":\"Organization\",\"@id\":\"https:\\\/\\\/ranoja.ee\\\/#organization\",\"name\":\"Ranoja O\u00dc\",\"url\":\"https:\\\/\\\/ranoja.ee\\\/\",\"logo\":{\"@type\":\"ImageObject\",\"inLanguage\":\"en-US\",\"@id\":\"https:\\\/\\\/ranoja.ee\\\/#\\\/schema\\\/logo\\\/image\\\/\",\"url\":\"https:\\\/\\\/ranoja.ee\\\/wp-content\\\/uploads\\\/2023\\\/11\\\/ranoja-Logo.png\",\"contentUrl\":\"https:\\\/\\\/ranoja.ee\\\/wp-content\\\/uploads\\\/2023\\\/11\\\/ranoja-Logo.png\",\"width\":207,\"height\":58,\"caption\":\"Ranoja O\u00dc\"},\"image\":{\"@id\":\"https:\\\/\\\/ranoja.ee\\\/#\\\/schema\\\/logo\\\/image\\\/\"},\"sameAs\":[\"https:\\\/\\\/www.facebook.com\\\/ranoja.ee\",\"https:\\\/\\\/www.instagram.com\\\/ranoja__\\\/\"]}]}<\/script>\n<!-- \/ Yoast SEO plugin. -->","yoast_head_json":{"title":"Automaatkasti\u00f5li Hybrid DCT 20L, Valvoline - Ranoja","robots":{"index":"index","follow":"follow","max-snippet":"max-snippet:-1","max-image-preview":"max-image-preview:large","max-video-preview":"max-video-preview:-1"},"canonical":"https:\/\/ranoja.ee\/toode\/automaatkastioli-hybrid-dct-20l-valvoline\/","og_locale":"en_US","og_type":"article","og_title":"Automaatkasti\u00f5li Hybrid DCT 20L, Valvoline - Ranoja","og_description":"Preemiumklassi t\u00e4iss\u00fcnteetiline transmissiooni\u00f5li mis on v\u00e4ljat\u00f6\u00f6tatud VAG grupi autodele topeltsiduriga DSG k\u00e4igukastidele. Mitte segada teiste transmissiooni\u00f5lidega! T\u00e4iss\u00fcnteetiline transmissiooni\u00f5li, mis on v\u00e4ljat\u00f6\u00f6tatud VAG grupi autodele topeltsiduriga DSG k\u00e4igukastidele. See toode on spetsiaalselt loodud kasutamiseks h\u00fcbriidis\u00f5idukites millel on topeltsiduriga automaatkast. Sobib kasutada ka mitteh\u00fcbriidajamitega s\u00f5idukites. Valvoline Hybrid DCT-vedelik tagab topeltsiduriga k\u00e4igukasti maksimaalse kaitse ja m\u00e4\u00e4rimise laias temperatuurivahemikus. Toodetud on hoolikalt valitud lisaainetest ja antioks\u00fcdantidest, et tagada suurem oks\u00fcdatsioonikindlus ja parem kaitse karmide h\u00fcbriidts\u00fcklite jaoks. Sobib ka tavalistele s\u00f5idukitele, mis on varustatud DCT-\u00fclekannetega (lisateabe saamiseks vaadake allpool toodud spetsifikatsioonide loendit) Mitte segada teiste transmissiooni\u00f5lidega! BMW: 6-speed DCT, DCTF-1+, MTF LT-5, Drivelogic 7-speed\/ DCTF-1 Borg Warner Bugatti Veyron BOT 341, 450 Chrysler: 68044345 EA & GA, Powershift 6-speed Ferrari 7-speed \/TE DCT-3 Ford\/Nissan Powershift 6-speed (GFT) \/ Ford WSS-M2C936A, part # 1490763\/1490761 Mitsubishi TC-SST 6-speed (GFT) \/ MZ320065 DiaQueen SSTF-1 PDK transmission oil for ZF (DCT Transmission Oil for ZF) Peugeot\/Citroen DCS 6-speed (GFT)\/9734.S2 Renault EDC 6-speed, EDC-7 speed, Talisman R7D Volvo Powershift 6-speed (GFT)\/1161838\/1161839 VW (Audi, Seat, Skoda) 6-speed VW G 055 536 VW\/Audi G 055 529 VW\/Audi TL 521 82\/ G 052 182 A2 or A6 VW\/Audi TL 52529\/ G 052 529 A2 or A6\/ DSG7\/ S-Tronic 7\/ 7 speed VW (Audi, Seat, Skoda) ZF\/Porsche Oil #999.917.080.00","og_url":"https:\/\/ranoja.ee\/toode\/automaatkastioli-hybrid-dct-20l-valvoline\/","og_site_name":"Ranoja","article_publisher":"https:\/\/www.facebook.com\/ranoja.ee","article_modified_time":"2026-03-17T12:37:19+00:00","og_image":[{"width":761,"height":768,"url":"https:\/\/ranoja.ee\/wp-content\/uploads\/2026\/03\/209119200.jpg","type":"image\/jpeg"}],"twitter_card":"summary_large_image","schema":{"@context":"https:\/\/schema.org","@graph":[{"@type":"WebPage","@id":"https:\/\/ranoja.ee\/toode\/automaatkastioli-hybrid-dct-20l-valvoline\/","url":"https:\/\/ranoja.ee\/toode\/automaatkastioli-hybrid-dct-20l-valvoline\/","name":"Automaatkasti\u00f5li Hybrid DCT 20L, Valvoline - Ranoja","isPartOf":{"@id":"https:\/\/ranoja.ee\/#website"},"primaryImageOfPage":{"@id":"https:\/\/ranoja.ee\/toode\/automaatkastioli-hybrid-dct-20l-valvoline\/#primaryimage"},"image":{"@id":"https:\/\/ranoja.ee\/toode\/automaatkastioli-hybrid-dct-20l-valvoline\/#primaryimage"},"thumbnailUrl":"https:\/\/ranoja.ee\/wp-content\/uploads\/2026\/03\/209119200.jpg","datePublished":"2026-03-16T23:24:12+00:00","dateModified":"2026-03-17T12:37:19+00:00","breadcrumb":{"@id":"https:\/\/ranoja.ee\/toode\/automaatkastioli-hybrid-dct-20l-valvoline\/#breadcrumb"},"inLanguage":"en-US","potentialAction":[{"@type":"ReadAction","target":["https:\/\/ranoja.ee\/toode\/automaatkastioli-hybrid-dct-20l-valvoline\/"]}]},{"@type":"ImageObject","inLanguage":"en-US","@id":"https:\/\/ranoja.ee\/toode\/automaatkastioli-hybrid-dct-20l-valvoline\/#primaryimage","url":"https:\/\/ranoja.ee\/wp-content\/uploads\/2026\/03\/209119200.jpg","contentUrl":"https:\/\/ranoja.ee\/wp-content\/uploads\/2026\/03\/209119200.jpg","width":761,"height":768},{"@type":"BreadcrumbList","@id":"https:\/\/ranoja.ee\/toode\/automaatkastioli-hybrid-dct-20l-valvoline\/#breadcrumb","itemListElement":[{"@type":"ListItem","position":1,"name":"Home","item":"https:\/\/ranoja.ee\/"},{"@type":"ListItem","position":2,"name":"Shop","item":"https:\/\/ranoja.ee\/en\/shop\/"},{"@type":"ListItem","position":3,"name":"Automaatkasti\u00f5li Hybrid DCT 20L, Valvoline"}]},{"@type":"WebSite","@id":"https:\/\/ranoja.ee\/#website","url":"https:\/\/ranoja.ee\/","name":"Ranoja","description":"Equipment Shop WooCommerce WordPress Theme for Machine &amp; Tools","publisher":{"@id":"https:\/\/ranoja.ee\/#organization"},"potentialAction":[{"@type":"SearchAction","target":{"@type":"EntryPoint","urlTemplate":"https:\/\/ranoja.ee\/?s={search_term_string}"},"query-input":{"@type":"PropertyValueSpecification","valueRequired":true,"valueName":"search_term_string"}}],"inLanguage":"en-US"},{"@type":"Organization","@id":"https:\/\/ranoja.ee\/#organization","name":"Ranoja O\u00dc","url":"https:\/\/ranoja.ee\/","logo":{"@type":"ImageObject","inLanguage":"en-US","@id":"https:\/\/ranoja.ee\/#\/schema\/logo\/image\/","url":"https:\/\/ranoja.ee\/wp-content\/uploads\/2023\/11\/ranoja-Logo.png","contentUrl":"https:\/\/ranoja.ee\/wp-content\/uploads\/2023\/11\/ranoja-Logo.png","width":207,"height":58,"caption":"Ranoja O\u00dc"},"image":{"@id":"https:\/\/ranoja.ee\/#\/schema\/logo\/image\/"},"sameAs":["https:\/\/www.facebook.com\/ranoja.ee","https:\/\/www.instagram.com\/ranoja__\/"]}]}},"_links":{"self":[{"href":"https:\/\/ranoja.ee\/en\/wp-json\/wp\/v2\/product\/60883","targetHints":{"allow":["GET"]}}],"collection":[{"href":"https:\/\/ranoja.ee\/en\/wp-json\/wp\/v2\/product"}],"about":[{"href":"https:\/\/ranoja.ee\/en\/wp-json\/wp\/v2\/types\/product"}],"wp:featuredmedia":[{"embeddable":true,"href":"https:\/\/ranoja.ee\/en\/wp-json\/wp\/v2\/media\/60884"}],"wp:attachment":[{"href":"https:\/\/ranoja.ee\/en\/wp-json\/wp\/v2\/media?parent=60883"}],"wp:term":[{"taxonomy":"product_cat","embeddable":true,"href":"https:\/\/ranoja.ee\/en\/wp-json\/wp\/v2\/product_cat?post=60883"},{"taxonomy":"product_tag","embeddable":true,"href":"https:\/\/ranoja.ee\/en\/wp-json\/wp\/v2\/product_tag?post=60883"}],"curies":[{"name":"wp","href":"https:\/\/api.w.org\/{rel}","templated":true}]}}