{"id":60865,"date":"2026-03-17T02:23:50","date_gmt":"2026-03-16T23:23:50","guid":{"rendered":"https:\/\/ranoja.ee\/toode\/moodulint-bm300-kahepoolne-27mm-x-8m-stabila\/"},"modified":"2026-03-17T15:37:20","modified_gmt":"2026-03-17T12:37:20","slug":"moodulint-bm300-kahepoolne-27mm-x-8m-stabila","status":"publish","type":"product","link":"https:\/\/ranoja.ee\/en\/toode\/moodulint-bm300-kahepoolne-27mm-x-8m-stabila\/","title":{"rendered":"M\u00f5\u00f5dulint BM300, kahepoolne 27mm x 8m, Stabila"},"content":{"rendered":"","protected":false},"excerpt":{"rendered":"<p>M\u00f5\u00f5dulint STABILA BM 300 avaldab kindlasti muljet: erakordne vastupidavus koos optimaalse kasutusmugavusega. Seda m\u00f5\u00f5dulinti on mugav k\u00e4es hoida ning selle purunemiskindel korpus ja vastupidav kate muudavad selle ideaalseks igap\u00e4evaseks kasutamiseks. STABILA SPIKES konks hoiab tera kindlalt paigal ja m\u00f5\u00f5dud m\u00f5lemal k\u00fcljel tagavad suurep\u00e4rase loetavuse. \u00dcmar STABILA EASY-CLIP kaitseb v\u00f6\u00f6d v\u00f5i p\u00fcksitaskuid. Nutikalt disainitud t\u00f6\u00f6riist ja ideaalne kaaslane igale professionaalile, kes peab tagama t\u00e4psed m\u00f5\u00f5tmised.<\/p>\n<p>Toote eelised<br \/>\n\u00c4\u00e4rmiselt sitke meeterskaalaga m\u00f5\u00f5dulint.<br \/>\nPurunemiskindel PC\/ABS-korpus koos l\u00f6\u00f6ke neelava pehme k\u00e4epidemega kaitseb tugevate l\u00f6\u00f6kide eest.<br \/>\nKaarjas pidurinupp v\u00f5imaldab m\u00f5\u00f5dulintit mugavalt kasutada, et lint peatada ja kindlalt lukustada.<br \/>\n\u00dcmar STABILA EASY-CLIP lihtsaks v\u00f6\u00f6 k\u00fclge kinnitamiseks.<br \/>\n\u00c4\u00e4rmiselt kulumiskindel STABILA NYLON-WRAP kaitseb linti korrosiooni ja h\u00f5\u00f5rdumise eest.<br \/>\nPaks m\u00f5\u00f5tetera tagab suure stabiilsuse ja j\u00e4ikuse \u2013 saab v\u00e4lja t\u00f5mmata kuni 3 meetrit ilma murdumiseta.<br \/>\nSTABILA SPIKES kate, mis aitab v\u00e4ltida libisemist.<br \/>\nEriti suur konks muudab selle h\u00f5lpsaks haakimiseks erinevatesse m\u00f5\u00f5tmisasenditesse.<br \/>\nKonksu integreeritud aas hoiab \u00e4ra konksu libisemise.<br \/>\nKahepoolne skaala optimaalseks loetavuseks.<br \/>\nReguleeritav konks t\u00e4pseks sise- ja v\u00e4lism\u00f5\u00f5tmiseks.<br \/>\nTugev vedru automaatseks ja v\u00f5imsaks lindi tagasit\u00f5mbamiseks.<\/p>\n","protected":false},"featured_media":60866,"template":"","meta":{"inline_featured_image":false},"product_cat":[5099,5100,5101],"product_tag":[],"class_list":{"0":"post-60865","1":"product","2":"type-product","3":"status-publish","4":"has-post-thumbnail","6":"product_brand-stabila","7":"product_cat-marke-ja-mooteriistad","8":"product_cat-moodulindid","9":"product_cat-moodulindid-kuni-10m","11":"first","12":"instock","13":"purchasable","14":"product-type-simple"},"yoast_head":"<!-- This site is optimized with the Yoast SEO plugin v27.4 - https:\/\/yoast.com\/product\/yoast-seo-wordpress\/ -->\n<title>M\u00f5\u00f5dulint BM300, kahepoolne 27mm x 8m, Stabila - Ranoja<\/title>\n<meta name=\"robots\" content=\"index, follow, max-snippet:-1, max-image-preview:large, max-video-preview:-1\" \/>\n<link rel=\"canonical\" href=\"https:\/\/ranoja.ee\/toode\/moodulint-bm300-kahepoolne-27mm-x-8m-stabila\/\" \/>\n<meta property=\"og:locale\" content=\"en_US\" \/>\n<meta property=\"og:type\" content=\"article\" \/>\n<meta property=\"og:title\" content=\"M\u00f5\u00f5dulint BM300, kahepoolne 27mm x 8m, Stabila - Ranoja\" \/>\n<meta property=\"og:description\" content=\"M\u00f5\u00f5dulint STABILA BM 300 avaldab kindlasti muljet: erakordne vastupidavus koos optimaalse kasutusmugavusega. Seda m\u00f5\u00f5dulinti on mugav k\u00e4es hoida ning selle purunemiskindel korpus ja vastupidav kate muudavad selle ideaalseks igap\u00e4evaseks kasutamiseks. STABILA SPIKES konks hoiab tera kindlalt paigal ja m\u00f5\u00f5dud m\u00f5lemal k\u00fcljel tagavad suurep\u00e4rase loetavuse. \u00dcmar STABILA EASY-CLIP kaitseb v\u00f6\u00f6d v\u00f5i p\u00fcksitaskuid. Nutikalt disainitud t\u00f6\u00f6riist ja ideaalne kaaslane igale professionaalile, kes peab tagama t\u00e4psed m\u00f5\u00f5tmised. Toote eelised \u00c4\u00e4rmiselt sitke meeterskaalaga m\u00f5\u00f5dulint. Purunemiskindel PC\/ABS-korpus koos l\u00f6\u00f6ke neelava pehme k\u00e4epidemega kaitseb tugevate l\u00f6\u00f6kide eest. Kaarjas pidurinupp v\u00f5imaldab m\u00f5\u00f5dulintit mugavalt kasutada, et lint peatada ja kindlalt lukustada. \u00dcmar STABILA EASY-CLIP lihtsaks v\u00f6\u00f6 k\u00fclge kinnitamiseks. \u00c4\u00e4rmiselt kulumiskindel STABILA NYLON-WRAP kaitseb linti korrosiooni ja h\u00f5\u00f5rdumise eest. Paks m\u00f5\u00f5tetera tagab suure stabiilsuse ja j\u00e4ikuse \u2013 saab v\u00e4lja t\u00f5mmata kuni 3 meetrit ilma murdumiseta. STABILA SPIKES kate, mis aitab v\u00e4ltida libisemist. Eriti suur konks muudab selle h\u00f5lpsaks haakimiseks erinevatesse m\u00f5\u00f5tmisasenditesse. Konksu integreeritud aas hoiab \u00e4ra konksu libisemise. Kahepoolne skaala optimaalseks loetavuseks. Reguleeritav konks t\u00e4pseks sise- ja v\u00e4lism\u00f5\u00f5tmiseks. Tugev vedru automaatseks ja v\u00f5imsaks lindi tagasit\u00f5mbamiseks.\" \/>\n<meta property=\"og:url\" content=\"https:\/\/ranoja.ee\/toode\/moodulint-bm300-kahepoolne-27mm-x-8m-stabila\/\" \/>\n<meta property=\"og:site_name\" content=\"Ranoja\" \/>\n<meta property=\"article:publisher\" content=\"https:\/\/www.facebook.com\/ranoja.ee\" \/>\n<meta property=\"article:modified_time\" content=\"2026-03-17T12:37:20+00:00\" \/>\n<meta property=\"og:image\" content=\"https:\/\/ranoja.ee\/wp-content\/uploads\/2026\/03\/231739940.jpg\" \/>\n\t<meta property=\"og:image:width\" content=\"776\" \/>\n\t<meta property=\"og:image:height\" content=\"542\" \/>\n\t<meta property=\"og:image:type\" content=\"image\/jpeg\" \/>\n<meta name=\"twitter:card\" content=\"summary_large_image\" \/>\n<script type=\"application\/ld+json\" class=\"yoast-schema-graph\">{\"@context\":\"https:\\\/\\\/schema.org\",\"@graph\":[{\"@type\":\"WebPage\",\"@id\":\"https:\\\/\\\/ranoja.ee\\\/toode\\\/moodulint-bm300-kahepoolne-27mm-x-8m-stabila\\\/\",\"url\":\"https:\\\/\\\/ranoja.ee\\\/toode\\\/moodulint-bm300-kahepoolne-27mm-x-8m-stabila\\\/\",\"name\":\"M\u00f5\u00f5dulint BM300, kahepoolne 27mm x 8m, Stabila - Ranoja\",\"isPartOf\":{\"@id\":\"https:\\\/\\\/ranoja.ee\\\/#website\"},\"primaryImageOfPage\":{\"@id\":\"https:\\\/\\\/ranoja.ee\\\/toode\\\/moodulint-bm300-kahepoolne-27mm-x-8m-stabila\\\/#primaryimage\"},\"image\":{\"@id\":\"https:\\\/\\\/ranoja.ee\\\/toode\\\/moodulint-bm300-kahepoolne-27mm-x-8m-stabila\\\/#primaryimage\"},\"thumbnailUrl\":\"https:\\\/\\\/ranoja.ee\\\/wp-content\\\/uploads\\\/2026\\\/03\\\/231739940.jpg\",\"datePublished\":\"2026-03-16T23:23:50+00:00\",\"dateModified\":\"2026-03-17T12:37:20+00:00\",\"breadcrumb\":{\"@id\":\"https:\\\/\\\/ranoja.ee\\\/toode\\\/moodulint-bm300-kahepoolne-27mm-x-8m-stabila\\\/#breadcrumb\"},\"inLanguage\":\"en-US\",\"potentialAction\":[{\"@type\":\"ReadAction\",\"target\":[\"https:\\\/\\\/ranoja.ee\\\/toode\\\/moodulint-bm300-kahepoolne-27mm-x-8m-stabila\\\/\"]}]},{\"@type\":\"ImageObject\",\"inLanguage\":\"en-US\",\"@id\":\"https:\\\/\\\/ranoja.ee\\\/toode\\\/moodulint-bm300-kahepoolne-27mm-x-8m-stabila\\\/#primaryimage\",\"url\":\"https:\\\/\\\/ranoja.ee\\\/wp-content\\\/uploads\\\/2026\\\/03\\\/231739940.jpg\",\"contentUrl\":\"https:\\\/\\\/ranoja.ee\\\/wp-content\\\/uploads\\\/2026\\\/03\\\/231739940.jpg\",\"width\":776,\"height\":542},{\"@type\":\"BreadcrumbList\",\"@id\":\"https:\\\/\\\/ranoja.ee\\\/toode\\\/moodulint-bm300-kahepoolne-27mm-x-8m-stabila\\\/#breadcrumb\",\"itemListElement\":[{\"@type\":\"ListItem\",\"position\":1,\"name\":\"Home\",\"item\":\"https:\\\/\\\/ranoja.ee\\\/\"},{\"@type\":\"ListItem\",\"position\":2,\"name\":\"Shop\",\"item\":\"https:\\\/\\\/ranoja.ee\\\/en\\\/shop\\\/\"},{\"@type\":\"ListItem\",\"position\":3,\"name\":\"M\u00f5\u00f5dulint BM300, kahepoolne 27mm x 8m, Stabila\"}]},{\"@type\":\"WebSite\",\"@id\":\"https:\\\/\\\/ranoja.ee\\\/#website\",\"url\":\"https:\\\/\\\/ranoja.ee\\\/\",\"name\":\"Ranoja\",\"description\":\"Equipment Shop WooCommerce WordPress Theme for Machine &amp; Tools\",\"publisher\":{\"@id\":\"https:\\\/\\\/ranoja.ee\\\/#organization\"},\"potentialAction\":[{\"@type\":\"SearchAction\",\"target\":{\"@type\":\"EntryPoint\",\"urlTemplate\":\"https:\\\/\\\/ranoja.ee\\\/?s={search_term_string}\"},\"query-input\":{\"@type\":\"PropertyValueSpecification\",\"valueRequired\":true,\"valueName\":\"search_term_string\"}}],\"inLanguage\":\"en-US\"},{\"@type\":\"Organization\",\"@id\":\"https:\\\/\\\/ranoja.ee\\\/#organization\",\"name\":\"Ranoja O\u00dc\",\"url\":\"https:\\\/\\\/ranoja.ee\\\/\",\"logo\":{\"@type\":\"ImageObject\",\"inLanguage\":\"en-US\",\"@id\":\"https:\\\/\\\/ranoja.ee\\\/#\\\/schema\\\/logo\\\/image\\\/\",\"url\":\"https:\\\/\\\/ranoja.ee\\\/wp-content\\\/uploads\\\/2023\\\/11\\\/ranoja-Logo.png\",\"contentUrl\":\"https:\\\/\\\/ranoja.ee\\\/wp-content\\\/uploads\\\/2023\\\/11\\\/ranoja-Logo.png\",\"width\":207,\"height\":58,\"caption\":\"Ranoja O\u00dc\"},\"image\":{\"@id\":\"https:\\\/\\\/ranoja.ee\\\/#\\\/schema\\\/logo\\\/image\\\/\"},\"sameAs\":[\"https:\\\/\\\/www.facebook.com\\\/ranoja.ee\",\"https:\\\/\\\/www.instagram.com\\\/ranoja__\\\/\"]}]}<\/script>\n<!-- \/ Yoast SEO plugin. -->","yoast_head_json":{"title":"M\u00f5\u00f5dulint BM300, kahepoolne 27mm x 8m, Stabila - Ranoja","robots":{"index":"index","follow":"follow","max-snippet":"max-snippet:-1","max-image-preview":"max-image-preview:large","max-video-preview":"max-video-preview:-1"},"canonical":"https:\/\/ranoja.ee\/toode\/moodulint-bm300-kahepoolne-27mm-x-8m-stabila\/","og_locale":"en_US","og_type":"article","og_title":"M\u00f5\u00f5dulint BM300, kahepoolne 27mm x 8m, Stabila - Ranoja","og_description":"M\u00f5\u00f5dulint STABILA BM 300 avaldab kindlasti muljet: erakordne vastupidavus koos optimaalse kasutusmugavusega. Seda m\u00f5\u00f5dulinti on mugav k\u00e4es hoida ning selle purunemiskindel korpus ja vastupidav kate muudavad selle ideaalseks igap\u00e4evaseks kasutamiseks. STABILA SPIKES konks hoiab tera kindlalt paigal ja m\u00f5\u00f5dud m\u00f5lemal k\u00fcljel tagavad suurep\u00e4rase loetavuse. \u00dcmar STABILA EASY-CLIP kaitseb v\u00f6\u00f6d v\u00f5i p\u00fcksitaskuid. Nutikalt disainitud t\u00f6\u00f6riist ja ideaalne kaaslane igale professionaalile, kes peab tagama t\u00e4psed m\u00f5\u00f5tmised. Toote eelised \u00c4\u00e4rmiselt sitke meeterskaalaga m\u00f5\u00f5dulint. Purunemiskindel PC\/ABS-korpus koos l\u00f6\u00f6ke neelava pehme k\u00e4epidemega kaitseb tugevate l\u00f6\u00f6kide eest. Kaarjas pidurinupp v\u00f5imaldab m\u00f5\u00f5dulintit mugavalt kasutada, et lint peatada ja kindlalt lukustada. \u00dcmar STABILA EASY-CLIP lihtsaks v\u00f6\u00f6 k\u00fclge kinnitamiseks. \u00c4\u00e4rmiselt kulumiskindel STABILA NYLON-WRAP kaitseb linti korrosiooni ja h\u00f5\u00f5rdumise eest. Paks m\u00f5\u00f5tetera tagab suure stabiilsuse ja j\u00e4ikuse \u2013 saab v\u00e4lja t\u00f5mmata kuni 3 meetrit ilma murdumiseta. STABILA SPIKES kate, mis aitab v\u00e4ltida libisemist. Eriti suur konks muudab selle h\u00f5lpsaks haakimiseks erinevatesse m\u00f5\u00f5tmisasenditesse. Konksu integreeritud aas hoiab \u00e4ra konksu libisemise. Kahepoolne skaala optimaalseks loetavuseks. Reguleeritav konks t\u00e4pseks sise- ja v\u00e4lism\u00f5\u00f5tmiseks. Tugev vedru automaatseks ja v\u00f5imsaks lindi tagasit\u00f5mbamiseks.","og_url":"https:\/\/ranoja.ee\/toode\/moodulint-bm300-kahepoolne-27mm-x-8m-stabila\/","og_site_name":"Ranoja","article_publisher":"https:\/\/www.facebook.com\/ranoja.ee","article_modified_time":"2026-03-17T12:37:20+00:00","og_image":[{"width":776,"height":542,"url":"https:\/\/ranoja.ee\/wp-content\/uploads\/2026\/03\/231739940.jpg","type":"image\/jpeg"}],"twitter_card":"summary_large_image","schema":{"@context":"https:\/\/schema.org","@graph":[{"@type":"WebPage","@id":"https:\/\/ranoja.ee\/toode\/moodulint-bm300-kahepoolne-27mm-x-8m-stabila\/","url":"https:\/\/ranoja.ee\/toode\/moodulint-bm300-kahepoolne-27mm-x-8m-stabila\/","name":"M\u00f5\u00f5dulint BM300, kahepoolne 27mm x 8m, Stabila - Ranoja","isPartOf":{"@id":"https:\/\/ranoja.ee\/#website"},"primaryImageOfPage":{"@id":"https:\/\/ranoja.ee\/toode\/moodulint-bm300-kahepoolne-27mm-x-8m-stabila\/#primaryimage"},"image":{"@id":"https:\/\/ranoja.ee\/toode\/moodulint-bm300-kahepoolne-27mm-x-8m-stabila\/#primaryimage"},"thumbnailUrl":"https:\/\/ranoja.ee\/wp-content\/uploads\/2026\/03\/231739940.jpg","datePublished":"2026-03-16T23:23:50+00:00","dateModified":"2026-03-17T12:37:20+00:00","breadcrumb":{"@id":"https:\/\/ranoja.ee\/toode\/moodulint-bm300-kahepoolne-27mm-x-8m-stabila\/#breadcrumb"},"inLanguage":"en-US","potentialAction":[{"@type":"ReadAction","target":["https:\/\/ranoja.ee\/toode\/moodulint-bm300-kahepoolne-27mm-x-8m-stabila\/"]}]},{"@type":"ImageObject","inLanguage":"en-US","@id":"https:\/\/ranoja.ee\/toode\/moodulint-bm300-kahepoolne-27mm-x-8m-stabila\/#primaryimage","url":"https:\/\/ranoja.ee\/wp-content\/uploads\/2026\/03\/231739940.jpg","contentUrl":"https:\/\/ranoja.ee\/wp-content\/uploads\/2026\/03\/231739940.jpg","width":776,"height":542},{"@type":"BreadcrumbList","@id":"https:\/\/ranoja.ee\/toode\/moodulint-bm300-kahepoolne-27mm-x-8m-stabila\/#breadcrumb","itemListElement":[{"@type":"ListItem","position":1,"name":"Home","item":"https:\/\/ranoja.ee\/"},{"@type":"ListItem","position":2,"name":"Shop","item":"https:\/\/ranoja.ee\/en\/shop\/"},{"@type":"ListItem","position":3,"name":"M\u00f5\u00f5dulint BM300, kahepoolne 27mm x 8m, Stabila"}]},{"@type":"WebSite","@id":"https:\/\/ranoja.ee\/#website","url":"https:\/\/ranoja.ee\/","name":"Ranoja","description":"Equipment Shop WooCommerce WordPress Theme for Machine &amp; Tools","publisher":{"@id":"https:\/\/ranoja.ee\/#organization"},"potentialAction":[{"@type":"SearchAction","target":{"@type":"EntryPoint","urlTemplate":"https:\/\/ranoja.ee\/?s={search_term_string}"},"query-input":{"@type":"PropertyValueSpecification","valueRequired":true,"valueName":"search_term_string"}}],"inLanguage":"en-US"},{"@type":"Organization","@id":"https:\/\/ranoja.ee\/#organization","name":"Ranoja O\u00dc","url":"https:\/\/ranoja.ee\/","logo":{"@type":"ImageObject","inLanguage":"en-US","@id":"https:\/\/ranoja.ee\/#\/schema\/logo\/image\/","url":"https:\/\/ranoja.ee\/wp-content\/uploads\/2023\/11\/ranoja-Logo.png","contentUrl":"https:\/\/ranoja.ee\/wp-content\/uploads\/2023\/11\/ranoja-Logo.png","width":207,"height":58,"caption":"Ranoja O\u00dc"},"image":{"@id":"https:\/\/ranoja.ee\/#\/schema\/logo\/image\/"},"sameAs":["https:\/\/www.facebook.com\/ranoja.ee","https:\/\/www.instagram.com\/ranoja__\/"]}]}},"_links":{"self":[{"href":"https:\/\/ranoja.ee\/en\/wp-json\/wp\/v2\/product\/60865","targetHints":{"allow":["GET"]}}],"collection":[{"href":"https:\/\/ranoja.ee\/en\/wp-json\/wp\/v2\/product"}],"about":[{"href":"https:\/\/ranoja.ee\/en\/wp-json\/wp\/v2\/types\/product"}],"wp:featuredmedia":[{"embeddable":true,"href":"https:\/\/ranoja.ee\/en\/wp-json\/wp\/v2\/media\/60866"}],"wp:attachment":[{"href":"https:\/\/ranoja.ee\/en\/wp-json\/wp\/v2\/media?parent=60865"}],"wp:term":[{"taxonomy":"product_cat","embeddable":true,"href":"https:\/\/ranoja.ee\/en\/wp-json\/wp\/v2\/product_cat?post=60865"},{"taxonomy":"product_tag","embeddable":true,"href":"https:\/\/ranoja.ee\/en\/wp-json\/wp\/v2\/product_tag?post=60865"}],"curies":[{"name":"wp","href":"https:\/\/api.w.org\/{rel}","templated":true}]}}