{"id":60839,"date":"2026-03-17T02:23:50","date_gmt":"2026-03-16T23:23:50","guid":{"rendered":"https:\/\/ranoja.ee\/toode\/jahutusvedelik-hd-nitrite-free-coolant-valmissegu-20l-valvoline\/"},"modified":"2026-03-17T15:37:21","modified_gmt":"2026-03-17T12:37:21","slug":"jahutusvedelik-hd-nitrite-free-coolant-valmissegu-20l-valvoline","status":"publish","type":"product","link":"https:\/\/ranoja.ee\/en\/toode\/jahutusvedelik-hd-nitrite-free-coolant-valmissegu-20l-valvoline\/","title":{"rendered":"Jahutusvedelik HD Nitrite Free Coolant valmissegu 20L, Valvoline"},"content":{"rendered":"","protected":false},"excerpt":{"rendered":"<p>HD Nitrite Free Coolant RTU jahutusvedelik on ametlikult registreeritud vastavalt Cummins CES 14603 standardile. Ta vastab ASTM D6210 n\u00f5uetele ja on sobilik enamikele rasketehnika diiselmootoritele. Ta on valmistatud orgaanilise happe tehnoloogial kaitsmaks diiselmootorite h\u00fclsse s\u00f6\u00f6vituse ja kareda vee sadestiste eest. Silikaadi- ja nitritivaba pikendatud eluaeaga koostis kaitseb jahutuss\u00fcsteemi k\u00f5iki erinevaid metalle korrosiooni eest sealhulgas alumiiniumit. Valvoline HD Nitrite Free jahutusvedelik sobib ka kasutamiseks bensiinimootorites, statsionaarsetes generaatorites, meremootorites ja maagaasil t\u00f6\u00f6tavates mootorites. HD Nitrite Free jahutusvedelik pakub kaitset kuni 10 aastat\/ 1.000,000 km \/ 20,000 tundi ilma vajaduseta lisada manuseid t\u00e4nu mittevananevale orgaanilise happe tehnoloogiale. See jahutusvedelik on segatav teiste monoet\u00fcleen gl\u00fckoolil baseeruvate vedelikega kuid segades teistega v\u00f5ib see l\u00fchendada toote kasutusiga. Hoia jahutuss\u00fcsteemi taset n\u00f5utud normis ja kontrolli kontsentratsiooni k\u00fclmumispunkti kaudu regulaarselt.<br \/>\nV\u00e4rvus: Kollane<br \/>\nAmetlikud heakskiidud:<br \/>\nAggreko <br \/>\nCummins 14603<br \/>\nDeutz DQC CB-14<br \/>\nINNIO Jenbacher TA 1000 0200<br \/>\nSobib kasutamiseks j\u00e4rgmistes kasutuskohtades:<br \/>\nASTM D7583 (John Deere cavitation test)<br \/>\nASTM D6210\/ D3306\/ D4985<br \/>\nJohn Deere<br \/>\nLink Belt<br \/>\nMACK, MTU, Paccar, Scania, Volvo<br \/>\nMAN, Mercedes<br \/>\nNavistar CEMS B-1 Type III-A<br \/>\nPeterbilt<br \/>\nSAE J1034, J814<br \/>\nTMC of ATA RP-329B &#038; RP-338<br \/>\nThermo King<\/p>\n","protected":false},"featured_media":60840,"template":"","meta":{"inline_featured_image":false},"product_cat":[5160,5121,5009],"product_tag":[],"class_list":{"0":"post-60839","1":"product","2":"type-product","3":"status-publish","4":"has-post-thumbnail","6":"product_brand-valvoline","7":"product_cat-jahutusvedelikud","8":"product_cat-klaasipesu-ja-jahutusvedelikud","9":"product_cat-toostus-ja-autokeemia","11":"first","12":"instock","13":"purchasable","14":"product-type-simple"},"yoast_head":"<!-- This site is optimized with the Yoast SEO plugin v27.4 - https:\/\/yoast.com\/product\/yoast-seo-wordpress\/ -->\n<title>Jahutusvedelik HD Nitrite Free Coolant valmissegu 20L, Valvoline - Ranoja<\/title>\n<meta name=\"robots\" content=\"index, follow, max-snippet:-1, max-image-preview:large, max-video-preview:-1\" \/>\n<link rel=\"canonical\" href=\"https:\/\/ranoja.ee\/toode\/jahutusvedelik-hd-nitrite-free-coolant-valmissegu-20l-valvoline\/\" \/>\n<meta property=\"og:locale\" content=\"en_US\" \/>\n<meta property=\"og:type\" content=\"article\" \/>\n<meta property=\"og:title\" content=\"Jahutusvedelik HD Nitrite Free Coolant valmissegu 20L, Valvoline - Ranoja\" \/>\n<meta property=\"og:description\" content=\"HD Nitrite Free Coolant RTU jahutusvedelik on ametlikult registreeritud vastavalt Cummins CES 14603 standardile. Ta vastab ASTM D6210 n\u00f5uetele ja on sobilik enamikele rasketehnika diiselmootoritele. Ta on valmistatud orgaanilise happe tehnoloogial kaitsmaks diiselmootorite h\u00fclsse s\u00f6\u00f6vituse ja kareda vee sadestiste eest. Silikaadi- ja nitritivaba pikendatud eluaeaga koostis kaitseb jahutuss\u00fcsteemi k\u00f5iki erinevaid metalle korrosiooni eest sealhulgas alumiiniumit. Valvoline HD Nitrite Free jahutusvedelik sobib ka kasutamiseks bensiinimootorites, statsionaarsetes generaatorites, meremootorites ja maagaasil t\u00f6\u00f6tavates mootorites. HD Nitrite Free jahutusvedelik pakub kaitset kuni 10 aastat\/ 1.000,000 km \/ 20,000 tundi ilma vajaduseta lisada manuseid t\u00e4nu mittevananevale orgaanilise happe tehnoloogiale. See jahutusvedelik on segatav teiste monoet\u00fcleen gl\u00fckoolil baseeruvate vedelikega kuid segades teistega v\u00f5ib see l\u00fchendada toote kasutusiga. Hoia jahutuss\u00fcsteemi taset n\u00f5utud normis ja kontrolli kontsentratsiooni k\u00fclmumispunkti kaudu regulaarselt. V\u00e4rvus: Kollane Ametlikud heakskiidud: Aggreko Cummins 14603 Deutz DQC CB-14 INNIO Jenbacher TA 1000 0200 Sobib kasutamiseks j\u00e4rgmistes kasutuskohtades: ASTM D7583 (John Deere cavitation test) ASTM D6210\/ D3306\/ D4985 John Deere Link Belt MACK, MTU, Paccar, Scania, Volvo MAN, Mercedes Navistar CEMS B-1 Type III-A Peterbilt SAE J1034, J814 TMC of ATA RP-329B &amp; RP-338 Thermo King\" \/>\n<meta property=\"og:url\" content=\"https:\/\/ranoja.ee\/toode\/jahutusvedelik-hd-nitrite-free-coolant-valmissegu-20l-valvoline\/\" \/>\n<meta property=\"og:site_name\" content=\"Ranoja\" \/>\n<meta property=\"article:publisher\" content=\"https:\/\/www.facebook.com\/ranoja.ee\" \/>\n<meta property=\"article:modified_time\" content=\"2026-03-17T12:37:21+00:00\" \/>\n<meta property=\"og:image\" content=\"https:\/\/ranoja.ee\/wp-content\/uploads\/2026\/03\/136732774.jpg\" \/>\n\t<meta property=\"og:image:width\" content=\"761\" \/>\n\t<meta property=\"og:image:height\" content=\"768\" \/>\n\t<meta property=\"og:image:type\" content=\"image\/jpeg\" \/>\n<meta name=\"twitter:card\" content=\"summary_large_image\" \/>\n<script type=\"application\/ld+json\" class=\"yoast-schema-graph\">{\"@context\":\"https:\\\/\\\/schema.org\",\"@graph\":[{\"@type\":\"WebPage\",\"@id\":\"https:\\\/\\\/ranoja.ee\\\/toode\\\/jahutusvedelik-hd-nitrite-free-coolant-valmissegu-20l-valvoline\\\/\",\"url\":\"https:\\\/\\\/ranoja.ee\\\/toode\\\/jahutusvedelik-hd-nitrite-free-coolant-valmissegu-20l-valvoline\\\/\",\"name\":\"Jahutusvedelik HD Nitrite Free Coolant valmissegu 20L, Valvoline - Ranoja\",\"isPartOf\":{\"@id\":\"https:\\\/\\\/ranoja.ee\\\/#website\"},\"primaryImageOfPage\":{\"@id\":\"https:\\\/\\\/ranoja.ee\\\/toode\\\/jahutusvedelik-hd-nitrite-free-coolant-valmissegu-20l-valvoline\\\/#primaryimage\"},\"image\":{\"@id\":\"https:\\\/\\\/ranoja.ee\\\/toode\\\/jahutusvedelik-hd-nitrite-free-coolant-valmissegu-20l-valvoline\\\/#primaryimage\"},\"thumbnailUrl\":\"https:\\\/\\\/ranoja.ee\\\/wp-content\\\/uploads\\\/2026\\\/03\\\/136732774.jpg\",\"datePublished\":\"2026-03-16T23:23:50+00:00\",\"dateModified\":\"2026-03-17T12:37:21+00:00\",\"breadcrumb\":{\"@id\":\"https:\\\/\\\/ranoja.ee\\\/toode\\\/jahutusvedelik-hd-nitrite-free-coolant-valmissegu-20l-valvoline\\\/#breadcrumb\"},\"inLanguage\":\"en-US\",\"potentialAction\":[{\"@type\":\"ReadAction\",\"target\":[\"https:\\\/\\\/ranoja.ee\\\/toode\\\/jahutusvedelik-hd-nitrite-free-coolant-valmissegu-20l-valvoline\\\/\"]}]},{\"@type\":\"ImageObject\",\"inLanguage\":\"en-US\",\"@id\":\"https:\\\/\\\/ranoja.ee\\\/toode\\\/jahutusvedelik-hd-nitrite-free-coolant-valmissegu-20l-valvoline\\\/#primaryimage\",\"url\":\"https:\\\/\\\/ranoja.ee\\\/wp-content\\\/uploads\\\/2026\\\/03\\\/136732774.jpg\",\"contentUrl\":\"https:\\\/\\\/ranoja.ee\\\/wp-content\\\/uploads\\\/2026\\\/03\\\/136732774.jpg\",\"width\":761,\"height\":768},{\"@type\":\"BreadcrumbList\",\"@id\":\"https:\\\/\\\/ranoja.ee\\\/toode\\\/jahutusvedelik-hd-nitrite-free-coolant-valmissegu-20l-valvoline\\\/#breadcrumb\",\"itemListElement\":[{\"@type\":\"ListItem\",\"position\":1,\"name\":\"Home\",\"item\":\"https:\\\/\\\/ranoja.ee\\\/\"},{\"@type\":\"ListItem\",\"position\":2,\"name\":\"Shop\",\"item\":\"https:\\\/\\\/ranoja.ee\\\/en\\\/shop\\\/\"},{\"@type\":\"ListItem\",\"position\":3,\"name\":\"Jahutusvedelik HD Nitrite Free Coolant valmissegu 20L, Valvoline\"}]},{\"@type\":\"WebSite\",\"@id\":\"https:\\\/\\\/ranoja.ee\\\/#website\",\"url\":\"https:\\\/\\\/ranoja.ee\\\/\",\"name\":\"Ranoja\",\"description\":\"Equipment Shop WooCommerce WordPress Theme for Machine &amp; Tools\",\"publisher\":{\"@id\":\"https:\\\/\\\/ranoja.ee\\\/#organization\"},\"potentialAction\":[{\"@type\":\"SearchAction\",\"target\":{\"@type\":\"EntryPoint\",\"urlTemplate\":\"https:\\\/\\\/ranoja.ee\\\/?s={search_term_string}\"},\"query-input\":{\"@type\":\"PropertyValueSpecification\",\"valueRequired\":true,\"valueName\":\"search_term_string\"}}],\"inLanguage\":\"en-US\"},{\"@type\":\"Organization\",\"@id\":\"https:\\\/\\\/ranoja.ee\\\/#organization\",\"name\":\"Ranoja O\u00dc\",\"url\":\"https:\\\/\\\/ranoja.ee\\\/\",\"logo\":{\"@type\":\"ImageObject\",\"inLanguage\":\"en-US\",\"@id\":\"https:\\\/\\\/ranoja.ee\\\/#\\\/schema\\\/logo\\\/image\\\/\",\"url\":\"https:\\\/\\\/ranoja.ee\\\/wp-content\\\/uploads\\\/2023\\\/11\\\/ranoja-Logo.png\",\"contentUrl\":\"https:\\\/\\\/ranoja.ee\\\/wp-content\\\/uploads\\\/2023\\\/11\\\/ranoja-Logo.png\",\"width\":207,\"height\":58,\"caption\":\"Ranoja O\u00dc\"},\"image\":{\"@id\":\"https:\\\/\\\/ranoja.ee\\\/#\\\/schema\\\/logo\\\/image\\\/\"},\"sameAs\":[\"https:\\\/\\\/www.facebook.com\\\/ranoja.ee\",\"https:\\\/\\\/www.instagram.com\\\/ranoja__\\\/\"]}]}<\/script>\n<!-- \/ Yoast SEO plugin. -->","yoast_head_json":{"title":"Jahutusvedelik HD Nitrite Free Coolant valmissegu 20L, Valvoline - Ranoja","robots":{"index":"index","follow":"follow","max-snippet":"max-snippet:-1","max-image-preview":"max-image-preview:large","max-video-preview":"max-video-preview:-1"},"canonical":"https:\/\/ranoja.ee\/toode\/jahutusvedelik-hd-nitrite-free-coolant-valmissegu-20l-valvoline\/","og_locale":"en_US","og_type":"article","og_title":"Jahutusvedelik HD Nitrite Free Coolant valmissegu 20L, Valvoline - Ranoja","og_description":"HD Nitrite Free Coolant RTU jahutusvedelik on ametlikult registreeritud vastavalt Cummins CES 14603 standardile. Ta vastab ASTM D6210 n\u00f5uetele ja on sobilik enamikele rasketehnika diiselmootoritele. Ta on valmistatud orgaanilise happe tehnoloogial kaitsmaks diiselmootorite h\u00fclsse s\u00f6\u00f6vituse ja kareda vee sadestiste eest. Silikaadi- ja nitritivaba pikendatud eluaeaga koostis kaitseb jahutuss\u00fcsteemi k\u00f5iki erinevaid metalle korrosiooni eest sealhulgas alumiiniumit. Valvoline HD Nitrite Free jahutusvedelik sobib ka kasutamiseks bensiinimootorites, statsionaarsetes generaatorites, meremootorites ja maagaasil t\u00f6\u00f6tavates mootorites. HD Nitrite Free jahutusvedelik pakub kaitset kuni 10 aastat\/ 1.000,000 km \/ 20,000 tundi ilma vajaduseta lisada manuseid t\u00e4nu mittevananevale orgaanilise happe tehnoloogiale. See jahutusvedelik on segatav teiste monoet\u00fcleen gl\u00fckoolil baseeruvate vedelikega kuid segades teistega v\u00f5ib see l\u00fchendada toote kasutusiga. Hoia jahutuss\u00fcsteemi taset n\u00f5utud normis ja kontrolli kontsentratsiooni k\u00fclmumispunkti kaudu regulaarselt. V\u00e4rvus: Kollane Ametlikud heakskiidud: Aggreko Cummins 14603 Deutz DQC CB-14 INNIO Jenbacher TA 1000 0200 Sobib kasutamiseks j\u00e4rgmistes kasutuskohtades: ASTM D7583 (John Deere cavitation test) ASTM D6210\/ D3306\/ D4985 John Deere Link Belt MACK, MTU, Paccar, Scania, Volvo MAN, Mercedes Navistar CEMS B-1 Type III-A Peterbilt SAE J1034, J814 TMC of ATA RP-329B & RP-338 Thermo King","og_url":"https:\/\/ranoja.ee\/toode\/jahutusvedelik-hd-nitrite-free-coolant-valmissegu-20l-valvoline\/","og_site_name":"Ranoja","article_publisher":"https:\/\/www.facebook.com\/ranoja.ee","article_modified_time":"2026-03-17T12:37:21+00:00","og_image":[{"width":761,"height":768,"url":"https:\/\/ranoja.ee\/wp-content\/uploads\/2026\/03\/136732774.jpg","type":"image\/jpeg"}],"twitter_card":"summary_large_image","schema":{"@context":"https:\/\/schema.org","@graph":[{"@type":"WebPage","@id":"https:\/\/ranoja.ee\/toode\/jahutusvedelik-hd-nitrite-free-coolant-valmissegu-20l-valvoline\/","url":"https:\/\/ranoja.ee\/toode\/jahutusvedelik-hd-nitrite-free-coolant-valmissegu-20l-valvoline\/","name":"Jahutusvedelik HD Nitrite Free Coolant valmissegu 20L, Valvoline - Ranoja","isPartOf":{"@id":"https:\/\/ranoja.ee\/#website"},"primaryImageOfPage":{"@id":"https:\/\/ranoja.ee\/toode\/jahutusvedelik-hd-nitrite-free-coolant-valmissegu-20l-valvoline\/#primaryimage"},"image":{"@id":"https:\/\/ranoja.ee\/toode\/jahutusvedelik-hd-nitrite-free-coolant-valmissegu-20l-valvoline\/#primaryimage"},"thumbnailUrl":"https:\/\/ranoja.ee\/wp-content\/uploads\/2026\/03\/136732774.jpg","datePublished":"2026-03-16T23:23:50+00:00","dateModified":"2026-03-17T12:37:21+00:00","breadcrumb":{"@id":"https:\/\/ranoja.ee\/toode\/jahutusvedelik-hd-nitrite-free-coolant-valmissegu-20l-valvoline\/#breadcrumb"},"inLanguage":"en-US","potentialAction":[{"@type":"ReadAction","target":["https:\/\/ranoja.ee\/toode\/jahutusvedelik-hd-nitrite-free-coolant-valmissegu-20l-valvoline\/"]}]},{"@type":"ImageObject","inLanguage":"en-US","@id":"https:\/\/ranoja.ee\/toode\/jahutusvedelik-hd-nitrite-free-coolant-valmissegu-20l-valvoline\/#primaryimage","url":"https:\/\/ranoja.ee\/wp-content\/uploads\/2026\/03\/136732774.jpg","contentUrl":"https:\/\/ranoja.ee\/wp-content\/uploads\/2026\/03\/136732774.jpg","width":761,"height":768},{"@type":"BreadcrumbList","@id":"https:\/\/ranoja.ee\/toode\/jahutusvedelik-hd-nitrite-free-coolant-valmissegu-20l-valvoline\/#breadcrumb","itemListElement":[{"@type":"ListItem","position":1,"name":"Home","item":"https:\/\/ranoja.ee\/"},{"@type":"ListItem","position":2,"name":"Shop","item":"https:\/\/ranoja.ee\/en\/shop\/"},{"@type":"ListItem","position":3,"name":"Jahutusvedelik HD Nitrite Free Coolant valmissegu 20L, Valvoline"}]},{"@type":"WebSite","@id":"https:\/\/ranoja.ee\/#website","url":"https:\/\/ranoja.ee\/","name":"Ranoja","description":"Equipment Shop WooCommerce WordPress Theme for Machine &amp; Tools","publisher":{"@id":"https:\/\/ranoja.ee\/#organization"},"potentialAction":[{"@type":"SearchAction","target":{"@type":"EntryPoint","urlTemplate":"https:\/\/ranoja.ee\/?s={search_term_string}"},"query-input":{"@type":"PropertyValueSpecification","valueRequired":true,"valueName":"search_term_string"}}],"inLanguage":"en-US"},{"@type":"Organization","@id":"https:\/\/ranoja.ee\/#organization","name":"Ranoja O\u00dc","url":"https:\/\/ranoja.ee\/","logo":{"@type":"ImageObject","inLanguage":"en-US","@id":"https:\/\/ranoja.ee\/#\/schema\/logo\/image\/","url":"https:\/\/ranoja.ee\/wp-content\/uploads\/2023\/11\/ranoja-Logo.png","contentUrl":"https:\/\/ranoja.ee\/wp-content\/uploads\/2023\/11\/ranoja-Logo.png","width":207,"height":58,"caption":"Ranoja O\u00dc"},"image":{"@id":"https:\/\/ranoja.ee\/#\/schema\/logo\/image\/"},"sameAs":["https:\/\/www.facebook.com\/ranoja.ee","https:\/\/www.instagram.com\/ranoja__\/"]}]}},"_links":{"self":[{"href":"https:\/\/ranoja.ee\/en\/wp-json\/wp\/v2\/product\/60839","targetHints":{"allow":["GET"]}}],"collection":[{"href":"https:\/\/ranoja.ee\/en\/wp-json\/wp\/v2\/product"}],"about":[{"href":"https:\/\/ranoja.ee\/en\/wp-json\/wp\/v2\/types\/product"}],"wp:featuredmedia":[{"embeddable":true,"href":"https:\/\/ranoja.ee\/en\/wp-json\/wp\/v2\/media\/60840"}],"wp:attachment":[{"href":"https:\/\/ranoja.ee\/en\/wp-json\/wp\/v2\/media?parent=60839"}],"wp:term":[{"taxonomy":"product_cat","embeddable":true,"href":"https:\/\/ranoja.ee\/en\/wp-json\/wp\/v2\/product_cat?post=60839"},{"taxonomy":"product_tag","embeddable":true,"href":"https:\/\/ranoja.ee\/en\/wp-json\/wp\/v2\/product_tag?post=60839"}],"curies":[{"name":"wp","href":"https:\/\/api.w.org\/{rel}","templated":true}]}}