{"id":60837,"date":"2026-03-17T02:23:50","date_gmt":"2026-03-16T23:23:50","guid":{"rendered":"https:\/\/ranoja.ee\/toode\/lintsaag-hbs25-scheppach\/"},"modified":"2026-03-17T15:37:21","modified_gmt":"2026-03-17T12:37:21","slug":"lintsaag-hbs25-scheppach","status":"publish","type":"product","link":"https:\/\/ranoja.ee\/en\/toode\/lintsaag-hbs25-scheppach\/","title":{"rendered":"Lintsaag HBS25, Scheppach"},"content":{"rendered":"","protected":false},"excerpt":{"rendered":"<p>Tehnilised andmed:<br \/>\nM\u00f5\u00f5tmed (P x L x K): 380 \u00d7 440 \u00d7 685 mm<br \/>\nLauapind: 300 \u00d7 300 mm<br \/>\nLaua reguleerimine: 0\u00b0 kuni 45\u00b0<br \/>\nRattad: \u00d8 200 mm<br \/>\nSaelindi pikkus: 1400 mm<br \/>\nL\u00f5ikekiirus: 880 m\/min<br \/>\nL\u00e4bip\u00e4\u00e4su k\u00f5rgus \/ laius: 80 \/ 200 mm<br \/>\nMootor: 230\u2013240 V~ \/ 50 Hz<br \/>\nSisendv\u00f5imsus: 350 W<\/p>\n<p>\u2022 Kompaktne lintsaag nii j\u00e4medamate l\u00f5igete kui ka t\u00e4psete t\u00f6\u00f6de jaoks \u2013 ideaalne pikil\u00f5igete, nurk- ja k\u00f5verl\u00f5igete tegemiseks<br \/>\n\u2022 Tugev teraskonstruktsioon<br \/>\n\u2022 Topeltkinnitusega paralleelpiire kiirkinnitusega t\u00e4pseteks sirgl\u00f5igeteks<br \/>\n\u2022 Max l\u00f5ikek\u00f5rgus 80 mm 90\u00b0 juures<br \/>\n\u2022 Kuullaagritel juhikud t\u00e4psete l\u00f5ikustulemuste saavutamiseks<br \/>\n\u2022 \u00dchendus v\u00e4lise tolmu\u00e4rastuse jaoks<br \/>\n\u2022 Kompaktne konstruktsioon \u2013 ideaalne ruumis\u00e4\u00e4stlik lauamudel<br \/>\n\u2022 Tolmukindel sisse\/v\u00e4lja turval\u00fcliti<br \/>\n\u2022 Sobib 6\u201312 mm laiustele standardsetele saelintidele<br \/>\n\u2022 Komplektis nurgapiirik ja t\u00f5ukur<\/p>\n","protected":false},"featured_media":60838,"template":"","meta":{"inline_featured_image":false},"product_cat":[5365,5091,5090],"product_tag":[],"class_list":{"0":"post-60837","1":"product","2":"type-product","3":"status-publish","4":"has-post-thumbnail","6":"product_brand-scheppach","7":"product_cat-lintsaed","8":"product_cat-saepingid","9":"product_cat-teisaldatavad-toopingid","11":"first","12":"instock","13":"purchasable","14":"product-type-simple"},"yoast_head":"<!-- This site is optimized with the Yoast SEO plugin v27.4 - https:\/\/yoast.com\/product\/yoast-seo-wordpress\/ -->\n<title>Lintsaag HBS25, Scheppach - Ranoja<\/title>\n<meta name=\"robots\" content=\"index, follow, max-snippet:-1, max-image-preview:large, max-video-preview:-1\" \/>\n<link rel=\"canonical\" href=\"https:\/\/ranoja.ee\/toode\/lintsaag-hbs25-scheppach\/\" \/>\n<meta property=\"og:locale\" content=\"en_US\" \/>\n<meta property=\"og:type\" content=\"article\" \/>\n<meta property=\"og:title\" content=\"Lintsaag HBS25, Scheppach - Ranoja\" \/>\n<meta property=\"og:description\" content=\"Tehnilised andmed: M\u00f5\u00f5tmed (P x L x K): 380 \u00d7 440 \u00d7 685 mm Lauapind: 300 \u00d7 300 mm Laua reguleerimine: 0\u00b0 kuni 45\u00b0 Rattad: \u00d8 200 mm Saelindi pikkus: 1400 mm L\u00f5ikekiirus: 880 m\/min L\u00e4bip\u00e4\u00e4su k\u00f5rgus \/ laius: 80 \/ 200 mm Mootor: 230\u2013240 V~ \/ 50 Hz Sisendv\u00f5imsus: 350 W \u2022 Kompaktne lintsaag nii j\u00e4medamate l\u00f5igete kui ka t\u00e4psete t\u00f6\u00f6de jaoks \u2013 ideaalne pikil\u00f5igete, nurk- ja k\u00f5verl\u00f5igete tegemiseks \u2022 Tugev teraskonstruktsioon \u2022 Topeltkinnitusega paralleelpiire kiirkinnitusega t\u00e4pseteks sirgl\u00f5igeteks \u2022 Max l\u00f5ikek\u00f5rgus 80 mm 90\u00b0 juures \u2022 Kuullaagritel juhikud t\u00e4psete l\u00f5ikustulemuste saavutamiseks \u2022 \u00dchendus v\u00e4lise tolmu\u00e4rastuse jaoks \u2022 Kompaktne konstruktsioon \u2013 ideaalne ruumis\u00e4\u00e4stlik lauamudel \u2022 Tolmukindel sisse\/v\u00e4lja turval\u00fcliti \u2022 Sobib 6\u201312 mm laiustele standardsetele saelintidele \u2022 Komplektis nurgapiirik ja t\u00f5ukur\" \/>\n<meta property=\"og:url\" content=\"https:\/\/ranoja.ee\/toode\/lintsaag-hbs25-scheppach\/\" \/>\n<meta property=\"og:site_name\" content=\"Ranoja\" \/>\n<meta property=\"article:publisher\" content=\"https:\/\/www.facebook.com\/ranoja.ee\" \/>\n<meta property=\"article:modified_time\" content=\"2026-03-17T12:37:21+00:00\" \/>\n<meta property=\"og:image\" content=\"https:\/\/ranoja.ee\/wp-content\/uploads\/2026\/03\/5638659555.jpg\" \/>\n\t<meta property=\"og:image:width\" content=\"900\" \/>\n\t<meta property=\"og:image:height\" content=\"900\" \/>\n\t<meta property=\"og:image:type\" content=\"image\/jpeg\" \/>\n<meta name=\"twitter:card\" content=\"summary_large_image\" \/>\n<script type=\"application\/ld+json\" class=\"yoast-schema-graph\">{\"@context\":\"https:\\\/\\\/schema.org\",\"@graph\":[{\"@type\":\"WebPage\",\"@id\":\"https:\\\/\\\/ranoja.ee\\\/toode\\\/lintsaag-hbs25-scheppach\\\/\",\"url\":\"https:\\\/\\\/ranoja.ee\\\/toode\\\/lintsaag-hbs25-scheppach\\\/\",\"name\":\"Lintsaag HBS25, Scheppach - Ranoja\",\"isPartOf\":{\"@id\":\"https:\\\/\\\/ranoja.ee\\\/#website\"},\"primaryImageOfPage\":{\"@id\":\"https:\\\/\\\/ranoja.ee\\\/toode\\\/lintsaag-hbs25-scheppach\\\/#primaryimage\"},\"image\":{\"@id\":\"https:\\\/\\\/ranoja.ee\\\/toode\\\/lintsaag-hbs25-scheppach\\\/#primaryimage\"},\"thumbnailUrl\":\"https:\\\/\\\/ranoja.ee\\\/wp-content\\\/uploads\\\/2026\\\/03\\\/5638659555.jpg\",\"datePublished\":\"2026-03-16T23:23:50+00:00\",\"dateModified\":\"2026-03-17T12:37:21+00:00\",\"breadcrumb\":{\"@id\":\"https:\\\/\\\/ranoja.ee\\\/toode\\\/lintsaag-hbs25-scheppach\\\/#breadcrumb\"},\"inLanguage\":\"en-US\",\"potentialAction\":[{\"@type\":\"ReadAction\",\"target\":[\"https:\\\/\\\/ranoja.ee\\\/toode\\\/lintsaag-hbs25-scheppach\\\/\"]}]},{\"@type\":\"ImageObject\",\"inLanguage\":\"en-US\",\"@id\":\"https:\\\/\\\/ranoja.ee\\\/toode\\\/lintsaag-hbs25-scheppach\\\/#primaryimage\",\"url\":\"https:\\\/\\\/ranoja.ee\\\/wp-content\\\/uploads\\\/2026\\\/03\\\/5638659555.jpg\",\"contentUrl\":\"https:\\\/\\\/ranoja.ee\\\/wp-content\\\/uploads\\\/2026\\\/03\\\/5638659555.jpg\",\"width\":900,\"height\":900},{\"@type\":\"BreadcrumbList\",\"@id\":\"https:\\\/\\\/ranoja.ee\\\/toode\\\/lintsaag-hbs25-scheppach\\\/#breadcrumb\",\"itemListElement\":[{\"@type\":\"ListItem\",\"position\":1,\"name\":\"Home\",\"item\":\"https:\\\/\\\/ranoja.ee\\\/\"},{\"@type\":\"ListItem\",\"position\":2,\"name\":\"Shop\",\"item\":\"https:\\\/\\\/ranoja.ee\\\/en\\\/shop\\\/\"},{\"@type\":\"ListItem\",\"position\":3,\"name\":\"Lintsaag HBS25, Scheppach\"}]},{\"@type\":\"WebSite\",\"@id\":\"https:\\\/\\\/ranoja.ee\\\/#website\",\"url\":\"https:\\\/\\\/ranoja.ee\\\/\",\"name\":\"Ranoja\",\"description\":\"Equipment Shop WooCommerce WordPress Theme for Machine &amp; Tools\",\"publisher\":{\"@id\":\"https:\\\/\\\/ranoja.ee\\\/#organization\"},\"potentialAction\":[{\"@type\":\"SearchAction\",\"target\":{\"@type\":\"EntryPoint\",\"urlTemplate\":\"https:\\\/\\\/ranoja.ee\\\/?s={search_term_string}\"},\"query-input\":{\"@type\":\"PropertyValueSpecification\",\"valueRequired\":true,\"valueName\":\"search_term_string\"}}],\"inLanguage\":\"en-US\"},{\"@type\":\"Organization\",\"@id\":\"https:\\\/\\\/ranoja.ee\\\/#organization\",\"name\":\"Ranoja O\u00dc\",\"url\":\"https:\\\/\\\/ranoja.ee\\\/\",\"logo\":{\"@type\":\"ImageObject\",\"inLanguage\":\"en-US\",\"@id\":\"https:\\\/\\\/ranoja.ee\\\/#\\\/schema\\\/logo\\\/image\\\/\",\"url\":\"https:\\\/\\\/ranoja.ee\\\/wp-content\\\/uploads\\\/2023\\\/11\\\/ranoja-Logo.png\",\"contentUrl\":\"https:\\\/\\\/ranoja.ee\\\/wp-content\\\/uploads\\\/2023\\\/11\\\/ranoja-Logo.png\",\"width\":207,\"height\":58,\"caption\":\"Ranoja O\u00dc\"},\"image\":{\"@id\":\"https:\\\/\\\/ranoja.ee\\\/#\\\/schema\\\/logo\\\/image\\\/\"},\"sameAs\":[\"https:\\\/\\\/www.facebook.com\\\/ranoja.ee\",\"https:\\\/\\\/www.instagram.com\\\/ranoja__\\\/\"]}]}<\/script>\n<!-- \/ Yoast SEO plugin. -->","yoast_head_json":{"title":"Lintsaag HBS25, Scheppach - Ranoja","robots":{"index":"index","follow":"follow","max-snippet":"max-snippet:-1","max-image-preview":"max-image-preview:large","max-video-preview":"max-video-preview:-1"},"canonical":"https:\/\/ranoja.ee\/toode\/lintsaag-hbs25-scheppach\/","og_locale":"en_US","og_type":"article","og_title":"Lintsaag HBS25, Scheppach - Ranoja","og_description":"Tehnilised andmed: M\u00f5\u00f5tmed (P x L x K): 380 \u00d7 440 \u00d7 685 mm Lauapind: 300 \u00d7 300 mm Laua reguleerimine: 0\u00b0 kuni 45\u00b0 Rattad: \u00d8 200 mm Saelindi pikkus: 1400 mm L\u00f5ikekiirus: 880 m\/min L\u00e4bip\u00e4\u00e4su k\u00f5rgus \/ laius: 80 \/ 200 mm Mootor: 230\u2013240 V~ \/ 50 Hz Sisendv\u00f5imsus: 350 W \u2022 Kompaktne lintsaag nii j\u00e4medamate l\u00f5igete kui ka t\u00e4psete t\u00f6\u00f6de jaoks \u2013 ideaalne pikil\u00f5igete, nurk- ja k\u00f5verl\u00f5igete tegemiseks \u2022 Tugev teraskonstruktsioon \u2022 Topeltkinnitusega paralleelpiire kiirkinnitusega t\u00e4pseteks sirgl\u00f5igeteks \u2022 Max l\u00f5ikek\u00f5rgus 80 mm 90\u00b0 juures \u2022 Kuullaagritel juhikud t\u00e4psete l\u00f5ikustulemuste saavutamiseks \u2022 \u00dchendus v\u00e4lise tolmu\u00e4rastuse jaoks \u2022 Kompaktne konstruktsioon \u2013 ideaalne ruumis\u00e4\u00e4stlik lauamudel \u2022 Tolmukindel sisse\/v\u00e4lja turval\u00fcliti \u2022 Sobib 6\u201312 mm laiustele standardsetele saelintidele \u2022 Komplektis nurgapiirik ja t\u00f5ukur","og_url":"https:\/\/ranoja.ee\/toode\/lintsaag-hbs25-scheppach\/","og_site_name":"Ranoja","article_publisher":"https:\/\/www.facebook.com\/ranoja.ee","article_modified_time":"2026-03-17T12:37:21+00:00","og_image":[{"width":900,"height":900,"url":"https:\/\/ranoja.ee\/wp-content\/uploads\/2026\/03\/5638659555.jpg","type":"image\/jpeg"}],"twitter_card":"summary_large_image","schema":{"@context":"https:\/\/schema.org","@graph":[{"@type":"WebPage","@id":"https:\/\/ranoja.ee\/toode\/lintsaag-hbs25-scheppach\/","url":"https:\/\/ranoja.ee\/toode\/lintsaag-hbs25-scheppach\/","name":"Lintsaag HBS25, Scheppach - Ranoja","isPartOf":{"@id":"https:\/\/ranoja.ee\/#website"},"primaryImageOfPage":{"@id":"https:\/\/ranoja.ee\/toode\/lintsaag-hbs25-scheppach\/#primaryimage"},"image":{"@id":"https:\/\/ranoja.ee\/toode\/lintsaag-hbs25-scheppach\/#primaryimage"},"thumbnailUrl":"https:\/\/ranoja.ee\/wp-content\/uploads\/2026\/03\/5638659555.jpg","datePublished":"2026-03-16T23:23:50+00:00","dateModified":"2026-03-17T12:37:21+00:00","breadcrumb":{"@id":"https:\/\/ranoja.ee\/toode\/lintsaag-hbs25-scheppach\/#breadcrumb"},"inLanguage":"en-US","potentialAction":[{"@type":"ReadAction","target":["https:\/\/ranoja.ee\/toode\/lintsaag-hbs25-scheppach\/"]}]},{"@type":"ImageObject","inLanguage":"en-US","@id":"https:\/\/ranoja.ee\/toode\/lintsaag-hbs25-scheppach\/#primaryimage","url":"https:\/\/ranoja.ee\/wp-content\/uploads\/2026\/03\/5638659555.jpg","contentUrl":"https:\/\/ranoja.ee\/wp-content\/uploads\/2026\/03\/5638659555.jpg","width":900,"height":900},{"@type":"BreadcrumbList","@id":"https:\/\/ranoja.ee\/toode\/lintsaag-hbs25-scheppach\/#breadcrumb","itemListElement":[{"@type":"ListItem","position":1,"name":"Home","item":"https:\/\/ranoja.ee\/"},{"@type":"ListItem","position":2,"name":"Shop","item":"https:\/\/ranoja.ee\/en\/shop\/"},{"@type":"ListItem","position":3,"name":"Lintsaag HBS25, Scheppach"}]},{"@type":"WebSite","@id":"https:\/\/ranoja.ee\/#website","url":"https:\/\/ranoja.ee\/","name":"Ranoja","description":"Equipment Shop WooCommerce WordPress Theme for Machine &amp; Tools","publisher":{"@id":"https:\/\/ranoja.ee\/#organization"},"potentialAction":[{"@type":"SearchAction","target":{"@type":"EntryPoint","urlTemplate":"https:\/\/ranoja.ee\/?s={search_term_string}"},"query-input":{"@type":"PropertyValueSpecification","valueRequired":true,"valueName":"search_term_string"}}],"inLanguage":"en-US"},{"@type":"Organization","@id":"https:\/\/ranoja.ee\/#organization","name":"Ranoja O\u00dc","url":"https:\/\/ranoja.ee\/","logo":{"@type":"ImageObject","inLanguage":"en-US","@id":"https:\/\/ranoja.ee\/#\/schema\/logo\/image\/","url":"https:\/\/ranoja.ee\/wp-content\/uploads\/2023\/11\/ranoja-Logo.png","contentUrl":"https:\/\/ranoja.ee\/wp-content\/uploads\/2023\/11\/ranoja-Logo.png","width":207,"height":58,"caption":"Ranoja O\u00dc"},"image":{"@id":"https:\/\/ranoja.ee\/#\/schema\/logo\/image\/"},"sameAs":["https:\/\/www.facebook.com\/ranoja.ee","https:\/\/www.instagram.com\/ranoja__\/"]}]}},"_links":{"self":[{"href":"https:\/\/ranoja.ee\/en\/wp-json\/wp\/v2\/product\/60837","targetHints":{"allow":["GET"]}}],"collection":[{"href":"https:\/\/ranoja.ee\/en\/wp-json\/wp\/v2\/product"}],"about":[{"href":"https:\/\/ranoja.ee\/en\/wp-json\/wp\/v2\/types\/product"}],"wp:featuredmedia":[{"embeddable":true,"href":"https:\/\/ranoja.ee\/en\/wp-json\/wp\/v2\/media\/60838"}],"wp:attachment":[{"href":"https:\/\/ranoja.ee\/en\/wp-json\/wp\/v2\/media?parent=60837"}],"wp:term":[{"taxonomy":"product_cat","embeddable":true,"href":"https:\/\/ranoja.ee\/en\/wp-json\/wp\/v2\/product_cat?post=60837"},{"taxonomy":"product_tag","embeddable":true,"href":"https:\/\/ranoja.ee\/en\/wp-json\/wp\/v2\/product_tag?post=60837"}],"curies":[{"name":"wp","href":"https:\/\/api.w.org\/{rel}","templated":true}]}}