{"id":60835,"date":"2026-03-17T02:23:50","date_gmt":"2026-03-16T23:23:50","guid":{"rendered":"https:\/\/ranoja.ee\/toode\/piikvasar-ab1900-scheppach\/"},"modified":"2026-03-17T15:37:21","modified_gmt":"2026-03-17T12:37:21","slug":"piikvasar-ab1900-scheppach","status":"publish","type":"product","link":"https:\/\/ranoja.ee\/en\/toode\/piikvasar-ab1900-scheppach\/","title":{"rendered":"Piikvasar AB1900, Scheppach"},"content":{"rendered":"","protected":false},"excerpt":{"rendered":"<p>Heavy duty &#8211; piikvasar pakub suurt j\u00f5udlust ja vastupidavust nii m\u00fc\u00fcri- kui betoonil\u00f5hkumisel<br \/>\nTarvikukinnitus HEX 30 mm<\/p>\n<p>Komplektis piikmeisel, lamemeisel ja ratastega plastkohver<br \/>\nLihtne ja kiire meislivahetus<br \/>\nSoft-grip D-k\u00e4epide teeb t\u00f6\u00f6tamise mugavaks<br \/>\nKompaktne ja sihvakas kuju v\u00f5imaldab t\u00f6\u00f6tada ka kitsastes oludes<\/p>\n<p>Tehnilised andmed:<br \/>\nmeisli l\u00f6\u00f6kide arv: 2000 1\/min<br \/>\nmeisli saba m\u00f5\u00f5tl: 30 mm<br \/>\nl\u00f6\u00f6gienergia: 60 J<br \/>\nt\u00f6\u00f6riista k\u00f5rgust: 270 mm<br \/>\nt\u00f6\u00f6riista pikkus: 680 mm<br \/>\nt\u00f6\u00f6riista laius: 145 mm<br \/>\nkaalt: 17 kg<br \/>\nv\u00f5imsus: 1900 W<br \/>\npinge: 230 V<\/p>\n","protected":false},"featured_media":60836,"template":"","meta":{"inline_featured_image":false},"product_cat":[5111,5310,5309,5113,5112],"product_tag":[],"class_list":{"0":"post-60835","1":"product","2":"type-product","3":"status-publish","4":"has-post-thumbnail","6":"product_brand-scheppach","7":"product_cat-elektrilised-kasitooriistad","8":"product_cat-hex","9":"product_cat-piikvasarad-sds-max","10":"product_cat-puurvasarad-ja-kruvikeerajad","11":"product_cat-trellid","13":"first","14":"instock","15":"purchasable","16":"product-type-simple"},"yoast_head":"<!-- This site is optimized with the Yoast SEO plugin v27.4 - https:\/\/yoast.com\/product\/yoast-seo-wordpress\/ -->\n<title>Piikvasar AB1900, Scheppach - Ranoja<\/title>\n<meta name=\"robots\" content=\"index, follow, max-snippet:-1, max-image-preview:large, max-video-preview:-1\" \/>\n<link rel=\"canonical\" href=\"https:\/\/ranoja.ee\/toode\/piikvasar-ab1900-scheppach\/\" \/>\n<meta property=\"og:locale\" content=\"en_US\" \/>\n<meta property=\"og:type\" content=\"article\" \/>\n<meta property=\"og:title\" content=\"Piikvasar AB1900, Scheppach - Ranoja\" \/>\n<meta property=\"og:description\" content=\"Heavy duty - piikvasar pakub suurt j\u00f5udlust ja vastupidavust nii m\u00fc\u00fcri- kui betoonil\u00f5hkumisel Tarvikukinnitus HEX 30 mm Komplektis piikmeisel, lamemeisel ja ratastega plastkohver Lihtne ja kiire meislivahetus Soft-grip D-k\u00e4epide teeb t\u00f6\u00f6tamise mugavaks Kompaktne ja sihvakas kuju v\u00f5imaldab t\u00f6\u00f6tada ka kitsastes oludes Tehnilised andmed: meisli l\u00f6\u00f6kide arv: 2000 1\/min meisli saba m\u00f5\u00f5tl: 30 mm l\u00f6\u00f6gienergia: 60 J t\u00f6\u00f6riista k\u00f5rgust: 270 mm t\u00f6\u00f6riista pikkus: 680 mm t\u00f6\u00f6riista laius: 145 mm kaalt: 17 kg v\u00f5imsus: 1900 W pinge: 230 V\" \/>\n<meta property=\"og:url\" content=\"https:\/\/ranoja.ee\/toode\/piikvasar-ab1900-scheppach\/\" \/>\n<meta property=\"og:site_name\" content=\"Ranoja\" \/>\n<meta property=\"article:publisher\" content=\"https:\/\/www.facebook.com\/ranoja.ee\" \/>\n<meta property=\"article:modified_time\" content=\"2026-03-17T12:37:21+00:00\" \/>\n<meta property=\"og:image\" content=\"https:\/\/ranoja.ee\/wp-content\/uploads\/2026\/03\/5638248792.jpg\" \/>\n\t<meta property=\"og:image:width\" content=\"900\" \/>\n\t<meta property=\"og:image:height\" content=\"499\" \/>\n\t<meta property=\"og:image:type\" content=\"image\/jpeg\" \/>\n<meta name=\"twitter:card\" content=\"summary_large_image\" \/>\n<script type=\"application\/ld+json\" class=\"yoast-schema-graph\">{\"@context\":\"https:\\\/\\\/schema.org\",\"@graph\":[{\"@type\":\"WebPage\",\"@id\":\"https:\\\/\\\/ranoja.ee\\\/toode\\\/piikvasar-ab1900-scheppach\\\/\",\"url\":\"https:\\\/\\\/ranoja.ee\\\/toode\\\/piikvasar-ab1900-scheppach\\\/\",\"name\":\"Piikvasar AB1900, Scheppach - Ranoja\",\"isPartOf\":{\"@id\":\"https:\\\/\\\/ranoja.ee\\\/#website\"},\"primaryImageOfPage\":{\"@id\":\"https:\\\/\\\/ranoja.ee\\\/toode\\\/piikvasar-ab1900-scheppach\\\/#primaryimage\"},\"image\":{\"@id\":\"https:\\\/\\\/ranoja.ee\\\/toode\\\/piikvasar-ab1900-scheppach\\\/#primaryimage\"},\"thumbnailUrl\":\"https:\\\/\\\/ranoja.ee\\\/wp-content\\\/uploads\\\/2026\\\/03\\\/5638248792.jpg\",\"datePublished\":\"2026-03-16T23:23:50+00:00\",\"dateModified\":\"2026-03-17T12:37:21+00:00\",\"breadcrumb\":{\"@id\":\"https:\\\/\\\/ranoja.ee\\\/toode\\\/piikvasar-ab1900-scheppach\\\/#breadcrumb\"},\"inLanguage\":\"en-US\",\"potentialAction\":[{\"@type\":\"ReadAction\",\"target\":[\"https:\\\/\\\/ranoja.ee\\\/toode\\\/piikvasar-ab1900-scheppach\\\/\"]}]},{\"@type\":\"ImageObject\",\"inLanguage\":\"en-US\",\"@id\":\"https:\\\/\\\/ranoja.ee\\\/toode\\\/piikvasar-ab1900-scheppach\\\/#primaryimage\",\"url\":\"https:\\\/\\\/ranoja.ee\\\/wp-content\\\/uploads\\\/2026\\\/03\\\/5638248792.jpg\",\"contentUrl\":\"https:\\\/\\\/ranoja.ee\\\/wp-content\\\/uploads\\\/2026\\\/03\\\/5638248792.jpg\",\"width\":900,\"height\":499},{\"@type\":\"BreadcrumbList\",\"@id\":\"https:\\\/\\\/ranoja.ee\\\/toode\\\/piikvasar-ab1900-scheppach\\\/#breadcrumb\",\"itemListElement\":[{\"@type\":\"ListItem\",\"position\":1,\"name\":\"Home\",\"item\":\"https:\\\/\\\/ranoja.ee\\\/\"},{\"@type\":\"ListItem\",\"position\":2,\"name\":\"Shop\",\"item\":\"https:\\\/\\\/ranoja.ee\\\/en\\\/shop\\\/\"},{\"@type\":\"ListItem\",\"position\":3,\"name\":\"Piikvasar AB1900, Scheppach\"}]},{\"@type\":\"WebSite\",\"@id\":\"https:\\\/\\\/ranoja.ee\\\/#website\",\"url\":\"https:\\\/\\\/ranoja.ee\\\/\",\"name\":\"Ranoja\",\"description\":\"Equipment Shop WooCommerce WordPress Theme for Machine &amp; Tools\",\"publisher\":{\"@id\":\"https:\\\/\\\/ranoja.ee\\\/#organization\"},\"potentialAction\":[{\"@type\":\"SearchAction\",\"target\":{\"@type\":\"EntryPoint\",\"urlTemplate\":\"https:\\\/\\\/ranoja.ee\\\/?s={search_term_string}\"},\"query-input\":{\"@type\":\"PropertyValueSpecification\",\"valueRequired\":true,\"valueName\":\"search_term_string\"}}],\"inLanguage\":\"en-US\"},{\"@type\":\"Organization\",\"@id\":\"https:\\\/\\\/ranoja.ee\\\/#organization\",\"name\":\"Ranoja O\u00dc\",\"url\":\"https:\\\/\\\/ranoja.ee\\\/\",\"logo\":{\"@type\":\"ImageObject\",\"inLanguage\":\"en-US\",\"@id\":\"https:\\\/\\\/ranoja.ee\\\/#\\\/schema\\\/logo\\\/image\\\/\",\"url\":\"https:\\\/\\\/ranoja.ee\\\/wp-content\\\/uploads\\\/2023\\\/11\\\/ranoja-Logo.png\",\"contentUrl\":\"https:\\\/\\\/ranoja.ee\\\/wp-content\\\/uploads\\\/2023\\\/11\\\/ranoja-Logo.png\",\"width\":207,\"height\":58,\"caption\":\"Ranoja O\u00dc\"},\"image\":{\"@id\":\"https:\\\/\\\/ranoja.ee\\\/#\\\/schema\\\/logo\\\/image\\\/\"},\"sameAs\":[\"https:\\\/\\\/www.facebook.com\\\/ranoja.ee\",\"https:\\\/\\\/www.instagram.com\\\/ranoja__\\\/\"]}]}<\/script>\n<!-- \/ Yoast SEO plugin. -->","yoast_head_json":{"title":"Piikvasar AB1900, Scheppach - Ranoja","robots":{"index":"index","follow":"follow","max-snippet":"max-snippet:-1","max-image-preview":"max-image-preview:large","max-video-preview":"max-video-preview:-1"},"canonical":"https:\/\/ranoja.ee\/toode\/piikvasar-ab1900-scheppach\/","og_locale":"en_US","og_type":"article","og_title":"Piikvasar AB1900, Scheppach - Ranoja","og_description":"Heavy duty - piikvasar pakub suurt j\u00f5udlust ja vastupidavust nii m\u00fc\u00fcri- kui betoonil\u00f5hkumisel Tarvikukinnitus HEX 30 mm Komplektis piikmeisel, lamemeisel ja ratastega plastkohver Lihtne ja kiire meislivahetus Soft-grip D-k\u00e4epide teeb t\u00f6\u00f6tamise mugavaks Kompaktne ja sihvakas kuju v\u00f5imaldab t\u00f6\u00f6tada ka kitsastes oludes Tehnilised andmed: meisli l\u00f6\u00f6kide arv: 2000 1\/min meisli saba m\u00f5\u00f5tl: 30 mm l\u00f6\u00f6gienergia: 60 J t\u00f6\u00f6riista k\u00f5rgust: 270 mm t\u00f6\u00f6riista pikkus: 680 mm t\u00f6\u00f6riista laius: 145 mm kaalt: 17 kg v\u00f5imsus: 1900 W pinge: 230 V","og_url":"https:\/\/ranoja.ee\/toode\/piikvasar-ab1900-scheppach\/","og_site_name":"Ranoja","article_publisher":"https:\/\/www.facebook.com\/ranoja.ee","article_modified_time":"2026-03-17T12:37:21+00:00","og_image":[{"width":900,"height":499,"url":"https:\/\/ranoja.ee\/wp-content\/uploads\/2026\/03\/5638248792.jpg","type":"image\/jpeg"}],"twitter_card":"summary_large_image","schema":{"@context":"https:\/\/schema.org","@graph":[{"@type":"WebPage","@id":"https:\/\/ranoja.ee\/toode\/piikvasar-ab1900-scheppach\/","url":"https:\/\/ranoja.ee\/toode\/piikvasar-ab1900-scheppach\/","name":"Piikvasar AB1900, Scheppach - Ranoja","isPartOf":{"@id":"https:\/\/ranoja.ee\/#website"},"primaryImageOfPage":{"@id":"https:\/\/ranoja.ee\/toode\/piikvasar-ab1900-scheppach\/#primaryimage"},"image":{"@id":"https:\/\/ranoja.ee\/toode\/piikvasar-ab1900-scheppach\/#primaryimage"},"thumbnailUrl":"https:\/\/ranoja.ee\/wp-content\/uploads\/2026\/03\/5638248792.jpg","datePublished":"2026-03-16T23:23:50+00:00","dateModified":"2026-03-17T12:37:21+00:00","breadcrumb":{"@id":"https:\/\/ranoja.ee\/toode\/piikvasar-ab1900-scheppach\/#breadcrumb"},"inLanguage":"en-US","potentialAction":[{"@type":"ReadAction","target":["https:\/\/ranoja.ee\/toode\/piikvasar-ab1900-scheppach\/"]}]},{"@type":"ImageObject","inLanguage":"en-US","@id":"https:\/\/ranoja.ee\/toode\/piikvasar-ab1900-scheppach\/#primaryimage","url":"https:\/\/ranoja.ee\/wp-content\/uploads\/2026\/03\/5638248792.jpg","contentUrl":"https:\/\/ranoja.ee\/wp-content\/uploads\/2026\/03\/5638248792.jpg","width":900,"height":499},{"@type":"BreadcrumbList","@id":"https:\/\/ranoja.ee\/toode\/piikvasar-ab1900-scheppach\/#breadcrumb","itemListElement":[{"@type":"ListItem","position":1,"name":"Home","item":"https:\/\/ranoja.ee\/"},{"@type":"ListItem","position":2,"name":"Shop","item":"https:\/\/ranoja.ee\/en\/shop\/"},{"@type":"ListItem","position":3,"name":"Piikvasar AB1900, Scheppach"}]},{"@type":"WebSite","@id":"https:\/\/ranoja.ee\/#website","url":"https:\/\/ranoja.ee\/","name":"Ranoja","description":"Equipment Shop WooCommerce WordPress Theme for Machine &amp; Tools","publisher":{"@id":"https:\/\/ranoja.ee\/#organization"},"potentialAction":[{"@type":"SearchAction","target":{"@type":"EntryPoint","urlTemplate":"https:\/\/ranoja.ee\/?s={search_term_string}"},"query-input":{"@type":"PropertyValueSpecification","valueRequired":true,"valueName":"search_term_string"}}],"inLanguage":"en-US"},{"@type":"Organization","@id":"https:\/\/ranoja.ee\/#organization","name":"Ranoja O\u00dc","url":"https:\/\/ranoja.ee\/","logo":{"@type":"ImageObject","inLanguage":"en-US","@id":"https:\/\/ranoja.ee\/#\/schema\/logo\/image\/","url":"https:\/\/ranoja.ee\/wp-content\/uploads\/2023\/11\/ranoja-Logo.png","contentUrl":"https:\/\/ranoja.ee\/wp-content\/uploads\/2023\/11\/ranoja-Logo.png","width":207,"height":58,"caption":"Ranoja O\u00dc"},"image":{"@id":"https:\/\/ranoja.ee\/#\/schema\/logo\/image\/"},"sameAs":["https:\/\/www.facebook.com\/ranoja.ee","https:\/\/www.instagram.com\/ranoja__\/"]}]}},"_links":{"self":[{"href":"https:\/\/ranoja.ee\/en\/wp-json\/wp\/v2\/product\/60835","targetHints":{"allow":["GET"]}}],"collection":[{"href":"https:\/\/ranoja.ee\/en\/wp-json\/wp\/v2\/product"}],"about":[{"href":"https:\/\/ranoja.ee\/en\/wp-json\/wp\/v2\/types\/product"}],"wp:featuredmedia":[{"embeddable":true,"href":"https:\/\/ranoja.ee\/en\/wp-json\/wp\/v2\/media\/60836"}],"wp:attachment":[{"href":"https:\/\/ranoja.ee\/en\/wp-json\/wp\/v2\/media?parent=60835"}],"wp:term":[{"taxonomy":"product_cat","embeddable":true,"href":"https:\/\/ranoja.ee\/en\/wp-json\/wp\/v2\/product_cat?post=60835"},{"taxonomy":"product_tag","embeddable":true,"href":"https:\/\/ranoja.ee\/en\/wp-json\/wp\/v2\/product_tag?post=60835"}],"curies":[{"name":"wp","href":"https:\/\/api.w.org\/{rel}","templated":true}]}}