{"id":60824,"date":"2026-03-17T02:23:27","date_gmt":"2026-03-16T23:23:27","guid":{"rendered":"https:\/\/ranoja.ee\/toode\/statiiv-tostukiga-98-220cm-bst-k-l-stabila\/"},"modified":"2026-03-17T15:37:21","modified_gmt":"2026-03-17T12:37:21","slug":"statiiv-tostukiga-98-220cm-bst-k-l-stabila","status":"publish","type":"product","link":"https:\/\/ranoja.ee\/en\/toode\/statiiv-tostukiga-98-220cm-bst-k-l-stabila\/","title":{"rendered":"Statiiv t\u00f5stukiga, 98-220cm BST-K-L, Stabila"},"content":{"rendered":"","protected":false},"excerpt":{"rendered":"<p>Alumiiniumkonstruktsiooniga statiiv koos t\u00f5stesambaga laseri t\u00e4pseks positsioneerimiseks soovitud t\u00f6\u00f6k\u00f5rgusele.<br \/>\nFunktsioonidele orienteeritud t\u00f5stes\u00fcsteem v\u00f5imaldab sujuvat liikumist, kui t\u00f5stesammas on lukustamata \u2013 laser peatub \u00f5rnalt.<br \/>\nMitmek\u00fclgne \u2013 teravaotsalised statiivijalad tagavad hea stabiilsuse \u00f5ues ning p\u00f6\u00f6ratavad k\u00f5vakummist jalapehmendused hoiavad \u00e4ra kriimustuste tekkimise sisetingimustes kasutades.<br \/>\nKiire lukustusmehhanism statiivi kiireks joondamiseks isegi ebatasasel pinnasel.<br \/>\nKvaliteetse ketiga jalapiiraja.<br \/>\n5\/8&#8243; keermestatud laserikinnitus<\/p>\n","protected":false},"featured_media":60825,"template":"","meta":{"inline_featured_image":false},"product_cat":[5404,5099,5331],"product_tag":[],"class_list":{"0":"post-60824","1":"product","2":"type-product","3":"status-publish","4":"has-post-thumbnail","6":"product_brand-stabila","7":"product_cat-lasernivelliiride-statiivid","8":"product_cat-marke-ja-mooteriistad","9":"product_cat-nivelliirid","11":"first","12":"instock","13":"purchasable","14":"product-type-simple"},"yoast_head":"<!-- This site is optimized with the Yoast SEO plugin v27.4 - https:\/\/yoast.com\/product\/yoast-seo-wordpress\/ -->\n<title>Statiiv t\u00f5stukiga, 98-220cm BST-K-L, Stabila - Ranoja<\/title>\n<meta name=\"robots\" content=\"index, follow, max-snippet:-1, max-image-preview:large, max-video-preview:-1\" \/>\n<link rel=\"canonical\" href=\"https:\/\/ranoja.ee\/toode\/statiiv-tostukiga-98-220cm-bst-k-l-stabila\/\" \/>\n<meta property=\"og:locale\" content=\"en_US\" \/>\n<meta property=\"og:type\" content=\"article\" \/>\n<meta property=\"og:title\" content=\"Statiiv t\u00f5stukiga, 98-220cm BST-K-L, Stabila - Ranoja\" \/>\n<meta property=\"og:description\" content=\"Alumiiniumkonstruktsiooniga statiiv koos t\u00f5stesambaga laseri t\u00e4pseks positsioneerimiseks soovitud t\u00f6\u00f6k\u00f5rgusele. Funktsioonidele orienteeritud t\u00f5stes\u00fcsteem v\u00f5imaldab sujuvat liikumist, kui t\u00f5stesammas on lukustamata \u2013 laser peatub \u00f5rnalt. Mitmek\u00fclgne \u2013 teravaotsalised statiivijalad tagavad hea stabiilsuse \u00f5ues ning p\u00f6\u00f6ratavad k\u00f5vakummist jalapehmendused hoiavad \u00e4ra kriimustuste tekkimise sisetingimustes kasutades. Kiire lukustusmehhanism statiivi kiireks joondamiseks isegi ebatasasel pinnasel. Kvaliteetse ketiga jalapiiraja. 5\/8&quot; keermestatud laserikinnitus\" \/>\n<meta property=\"og:url\" content=\"https:\/\/ranoja.ee\/toode\/statiiv-tostukiga-98-220cm-bst-k-l-stabila\/\" \/>\n<meta property=\"og:site_name\" content=\"Ranoja\" \/>\n<meta property=\"article:publisher\" content=\"https:\/\/www.facebook.com\/ranoja.ee\" \/>\n<meta property=\"article:modified_time\" content=\"2026-03-17T12:37:21+00:00\" \/>\n<meta property=\"og:image\" content=\"https:\/\/ranoja.ee\/wp-content\/uploads\/2026\/03\/102453789.jpg\" \/>\n\t<meta property=\"og:image:width\" content=\"593\" \/>\n\t<meta property=\"og:image:height\" content=\"900\" \/>\n\t<meta property=\"og:image:type\" content=\"image\/jpeg\" \/>\n<meta name=\"twitter:card\" content=\"summary_large_image\" \/>\n<script type=\"application\/ld+json\" class=\"yoast-schema-graph\">{\"@context\":\"https:\\\/\\\/schema.org\",\"@graph\":[{\"@type\":\"WebPage\",\"@id\":\"https:\\\/\\\/ranoja.ee\\\/toode\\\/statiiv-tostukiga-98-220cm-bst-k-l-stabila\\\/\",\"url\":\"https:\\\/\\\/ranoja.ee\\\/toode\\\/statiiv-tostukiga-98-220cm-bst-k-l-stabila\\\/\",\"name\":\"Statiiv t\u00f5stukiga, 98-220cm BST-K-L, Stabila - Ranoja\",\"isPartOf\":{\"@id\":\"https:\\\/\\\/ranoja.ee\\\/#website\"},\"primaryImageOfPage\":{\"@id\":\"https:\\\/\\\/ranoja.ee\\\/toode\\\/statiiv-tostukiga-98-220cm-bst-k-l-stabila\\\/#primaryimage\"},\"image\":{\"@id\":\"https:\\\/\\\/ranoja.ee\\\/toode\\\/statiiv-tostukiga-98-220cm-bst-k-l-stabila\\\/#primaryimage\"},\"thumbnailUrl\":\"https:\\\/\\\/ranoja.ee\\\/wp-content\\\/uploads\\\/2026\\\/03\\\/102453789.jpg\",\"datePublished\":\"2026-03-16T23:23:27+00:00\",\"dateModified\":\"2026-03-17T12:37:21+00:00\",\"breadcrumb\":{\"@id\":\"https:\\\/\\\/ranoja.ee\\\/toode\\\/statiiv-tostukiga-98-220cm-bst-k-l-stabila\\\/#breadcrumb\"},\"inLanguage\":\"en-US\",\"potentialAction\":[{\"@type\":\"ReadAction\",\"target\":[\"https:\\\/\\\/ranoja.ee\\\/toode\\\/statiiv-tostukiga-98-220cm-bst-k-l-stabila\\\/\"]}]},{\"@type\":\"ImageObject\",\"inLanguage\":\"en-US\",\"@id\":\"https:\\\/\\\/ranoja.ee\\\/toode\\\/statiiv-tostukiga-98-220cm-bst-k-l-stabila\\\/#primaryimage\",\"url\":\"https:\\\/\\\/ranoja.ee\\\/wp-content\\\/uploads\\\/2026\\\/03\\\/102453789.jpg\",\"contentUrl\":\"https:\\\/\\\/ranoja.ee\\\/wp-content\\\/uploads\\\/2026\\\/03\\\/102453789.jpg\",\"width\":593,\"height\":900},{\"@type\":\"BreadcrumbList\",\"@id\":\"https:\\\/\\\/ranoja.ee\\\/toode\\\/statiiv-tostukiga-98-220cm-bst-k-l-stabila\\\/#breadcrumb\",\"itemListElement\":[{\"@type\":\"ListItem\",\"position\":1,\"name\":\"Home\",\"item\":\"https:\\\/\\\/ranoja.ee\\\/\"},{\"@type\":\"ListItem\",\"position\":2,\"name\":\"Shop\",\"item\":\"https:\\\/\\\/ranoja.ee\\\/en\\\/shop\\\/\"},{\"@type\":\"ListItem\",\"position\":3,\"name\":\"Statiiv t\u00f5stukiga, 98-220cm BST-K-L, Stabila\"}]},{\"@type\":\"WebSite\",\"@id\":\"https:\\\/\\\/ranoja.ee\\\/#website\",\"url\":\"https:\\\/\\\/ranoja.ee\\\/\",\"name\":\"Ranoja\",\"description\":\"Equipment Shop WooCommerce WordPress Theme for Machine &amp; Tools\",\"publisher\":{\"@id\":\"https:\\\/\\\/ranoja.ee\\\/#organization\"},\"potentialAction\":[{\"@type\":\"SearchAction\",\"target\":{\"@type\":\"EntryPoint\",\"urlTemplate\":\"https:\\\/\\\/ranoja.ee\\\/?s={search_term_string}\"},\"query-input\":{\"@type\":\"PropertyValueSpecification\",\"valueRequired\":true,\"valueName\":\"search_term_string\"}}],\"inLanguage\":\"en-US\"},{\"@type\":\"Organization\",\"@id\":\"https:\\\/\\\/ranoja.ee\\\/#organization\",\"name\":\"Ranoja O\u00dc\",\"url\":\"https:\\\/\\\/ranoja.ee\\\/\",\"logo\":{\"@type\":\"ImageObject\",\"inLanguage\":\"en-US\",\"@id\":\"https:\\\/\\\/ranoja.ee\\\/#\\\/schema\\\/logo\\\/image\\\/\",\"url\":\"https:\\\/\\\/ranoja.ee\\\/wp-content\\\/uploads\\\/2023\\\/11\\\/ranoja-Logo.png\",\"contentUrl\":\"https:\\\/\\\/ranoja.ee\\\/wp-content\\\/uploads\\\/2023\\\/11\\\/ranoja-Logo.png\",\"width\":207,\"height\":58,\"caption\":\"Ranoja O\u00dc\"},\"image\":{\"@id\":\"https:\\\/\\\/ranoja.ee\\\/#\\\/schema\\\/logo\\\/image\\\/\"},\"sameAs\":[\"https:\\\/\\\/www.facebook.com\\\/ranoja.ee\",\"https:\\\/\\\/www.instagram.com\\\/ranoja__\\\/\"]}]}<\/script>\n<!-- \/ Yoast SEO plugin. -->","yoast_head_json":{"title":"Statiiv t\u00f5stukiga, 98-220cm BST-K-L, Stabila - Ranoja","robots":{"index":"index","follow":"follow","max-snippet":"max-snippet:-1","max-image-preview":"max-image-preview:large","max-video-preview":"max-video-preview:-1"},"canonical":"https:\/\/ranoja.ee\/toode\/statiiv-tostukiga-98-220cm-bst-k-l-stabila\/","og_locale":"en_US","og_type":"article","og_title":"Statiiv t\u00f5stukiga, 98-220cm BST-K-L, Stabila - Ranoja","og_description":"Alumiiniumkonstruktsiooniga statiiv koos t\u00f5stesambaga laseri t\u00e4pseks positsioneerimiseks soovitud t\u00f6\u00f6k\u00f5rgusele. Funktsioonidele orienteeritud t\u00f5stes\u00fcsteem v\u00f5imaldab sujuvat liikumist, kui t\u00f5stesammas on lukustamata \u2013 laser peatub \u00f5rnalt. Mitmek\u00fclgne \u2013 teravaotsalised statiivijalad tagavad hea stabiilsuse \u00f5ues ning p\u00f6\u00f6ratavad k\u00f5vakummist jalapehmendused hoiavad \u00e4ra kriimustuste tekkimise sisetingimustes kasutades. Kiire lukustusmehhanism statiivi kiireks joondamiseks isegi ebatasasel pinnasel. Kvaliteetse ketiga jalapiiraja. 5\/8\" keermestatud laserikinnitus","og_url":"https:\/\/ranoja.ee\/toode\/statiiv-tostukiga-98-220cm-bst-k-l-stabila\/","og_site_name":"Ranoja","article_publisher":"https:\/\/www.facebook.com\/ranoja.ee","article_modified_time":"2026-03-17T12:37:21+00:00","og_image":[{"width":593,"height":900,"url":"https:\/\/ranoja.ee\/wp-content\/uploads\/2026\/03\/102453789.jpg","type":"image\/jpeg"}],"twitter_card":"summary_large_image","schema":{"@context":"https:\/\/schema.org","@graph":[{"@type":"WebPage","@id":"https:\/\/ranoja.ee\/toode\/statiiv-tostukiga-98-220cm-bst-k-l-stabila\/","url":"https:\/\/ranoja.ee\/toode\/statiiv-tostukiga-98-220cm-bst-k-l-stabila\/","name":"Statiiv t\u00f5stukiga, 98-220cm BST-K-L, Stabila - Ranoja","isPartOf":{"@id":"https:\/\/ranoja.ee\/#website"},"primaryImageOfPage":{"@id":"https:\/\/ranoja.ee\/toode\/statiiv-tostukiga-98-220cm-bst-k-l-stabila\/#primaryimage"},"image":{"@id":"https:\/\/ranoja.ee\/toode\/statiiv-tostukiga-98-220cm-bst-k-l-stabila\/#primaryimage"},"thumbnailUrl":"https:\/\/ranoja.ee\/wp-content\/uploads\/2026\/03\/102453789.jpg","datePublished":"2026-03-16T23:23:27+00:00","dateModified":"2026-03-17T12:37:21+00:00","breadcrumb":{"@id":"https:\/\/ranoja.ee\/toode\/statiiv-tostukiga-98-220cm-bst-k-l-stabila\/#breadcrumb"},"inLanguage":"en-US","potentialAction":[{"@type":"ReadAction","target":["https:\/\/ranoja.ee\/toode\/statiiv-tostukiga-98-220cm-bst-k-l-stabila\/"]}]},{"@type":"ImageObject","inLanguage":"en-US","@id":"https:\/\/ranoja.ee\/toode\/statiiv-tostukiga-98-220cm-bst-k-l-stabila\/#primaryimage","url":"https:\/\/ranoja.ee\/wp-content\/uploads\/2026\/03\/102453789.jpg","contentUrl":"https:\/\/ranoja.ee\/wp-content\/uploads\/2026\/03\/102453789.jpg","width":593,"height":900},{"@type":"BreadcrumbList","@id":"https:\/\/ranoja.ee\/toode\/statiiv-tostukiga-98-220cm-bst-k-l-stabila\/#breadcrumb","itemListElement":[{"@type":"ListItem","position":1,"name":"Home","item":"https:\/\/ranoja.ee\/"},{"@type":"ListItem","position":2,"name":"Shop","item":"https:\/\/ranoja.ee\/en\/shop\/"},{"@type":"ListItem","position":3,"name":"Statiiv t\u00f5stukiga, 98-220cm BST-K-L, Stabila"}]},{"@type":"WebSite","@id":"https:\/\/ranoja.ee\/#website","url":"https:\/\/ranoja.ee\/","name":"Ranoja","description":"Equipment Shop WooCommerce WordPress Theme for Machine &amp; Tools","publisher":{"@id":"https:\/\/ranoja.ee\/#organization"},"potentialAction":[{"@type":"SearchAction","target":{"@type":"EntryPoint","urlTemplate":"https:\/\/ranoja.ee\/?s={search_term_string}"},"query-input":{"@type":"PropertyValueSpecification","valueRequired":true,"valueName":"search_term_string"}}],"inLanguage":"en-US"},{"@type":"Organization","@id":"https:\/\/ranoja.ee\/#organization","name":"Ranoja O\u00dc","url":"https:\/\/ranoja.ee\/","logo":{"@type":"ImageObject","inLanguage":"en-US","@id":"https:\/\/ranoja.ee\/#\/schema\/logo\/image\/","url":"https:\/\/ranoja.ee\/wp-content\/uploads\/2023\/11\/ranoja-Logo.png","contentUrl":"https:\/\/ranoja.ee\/wp-content\/uploads\/2023\/11\/ranoja-Logo.png","width":207,"height":58,"caption":"Ranoja O\u00dc"},"image":{"@id":"https:\/\/ranoja.ee\/#\/schema\/logo\/image\/"},"sameAs":["https:\/\/www.facebook.com\/ranoja.ee","https:\/\/www.instagram.com\/ranoja__\/"]}]}},"_links":{"self":[{"href":"https:\/\/ranoja.ee\/en\/wp-json\/wp\/v2\/product\/60824","targetHints":{"allow":["GET"]}}],"collection":[{"href":"https:\/\/ranoja.ee\/en\/wp-json\/wp\/v2\/product"}],"about":[{"href":"https:\/\/ranoja.ee\/en\/wp-json\/wp\/v2\/types\/product"}],"wp:featuredmedia":[{"embeddable":true,"href":"https:\/\/ranoja.ee\/en\/wp-json\/wp\/v2\/media\/60825"}],"wp:attachment":[{"href":"https:\/\/ranoja.ee\/en\/wp-json\/wp\/v2\/media?parent=60824"}],"wp:term":[{"taxonomy":"product_cat","embeddable":true,"href":"https:\/\/ranoja.ee\/en\/wp-json\/wp\/v2\/product_cat?post=60824"},{"taxonomy":"product_tag","embeddable":true,"href":"https:\/\/ranoja.ee\/en\/wp-json\/wp\/v2\/product_tag?post=60824"}],"curies":[{"name":"wp","href":"https:\/\/api.w.org\/{rel}","templated":true}]}}