{"id":60788,"date":"2026-03-17T02:23:08","date_gmt":"2026-03-16T23:23:08","guid":{"rendered":"https:\/\/ranoja.ee\/toode\/mootorioli-synpower-5w40-60l-valvoline\/"},"modified":"2026-03-17T15:37:21","modified_gmt":"2026-03-17T12:37:21","slug":"mootorioli-synpower-5w40-60l-valvoline","status":"publish","type":"product","link":"https:\/\/ranoja.ee\/en\/toode\/mootorioli-synpower-5w40-60l-valvoline\/","title":{"rendered":"Mootori\u00f5li Synpower 5W40 60L, Valvoline"},"content":{"rendered":"","protected":false},"excerpt":{"rendered":"<p>Mootori\u00f5lide absoluutne tipp. Toodetud t\u00e4iss\u00fcnteetilistest baas\u00f5lidest, kuhu on lisatatud k\u00f5rgtehnoloogilisi lisandeid. SynPower mootori\u00f5lid vastavad ja tegelikkuses \u00fcletavad pea k\u00f5iki n\u00f5udeid, mis \u00f5lidele on seatud autotootjate poolt. Sobib aastaringseks kasutamiseks nii tava- kui ka turbolaaduriga diisel-, gaasi- ja bensiinimootoritele s\u00f5iduatode ja pakibusside  mootorites.<br \/>\nT\u00e4idab ja \u00fcletab kvaliteedi n\u00f5udeid:<br \/>\nACEA A3\/B3, A3\/B4<br \/>\nAPI: SN\/CF<br \/>\nGM-LL-A-025, GM-LL-B-025<br \/>\nMB-229.3<br \/>\nPorsche A40<br \/>\nPSA B71 2296<br \/>\nVW 50200\/50500<br \/>\nAmetliku heakskiiduga<br \/>\nRenault RN0700\/RN0710<\/p>\n","protected":false},"featured_media":60789,"template":"","meta":{"inline_featured_image":false},"product_cat":[5012,5033,5032],"product_tag":[],"class_list":{"0":"post-60788","1":"product","2":"type-product","3":"status-publish","4":"has-post-thumbnail","6":"product_brand-valvoline","7":"product_cat-olid-ja-maardeained","8":"product_cat-soiduautode-ja-tarbesoidukite-taissunteetilised-mootoriolid","9":"product_cat-soiduautode-mootoriolid","11":"first","12":"instock","13":"purchasable","14":"product-type-simple"},"yoast_head":"<!-- This site is optimized with the Yoast SEO plugin v27.4 - https:\/\/yoast.com\/product\/yoast-seo-wordpress\/ -->\n<title>Mootori\u00f5li Synpower 5W40 60L, Valvoline - Ranoja<\/title>\n<meta name=\"robots\" content=\"index, follow, max-snippet:-1, max-image-preview:large, max-video-preview:-1\" \/>\n<link rel=\"canonical\" href=\"https:\/\/ranoja.ee\/toode\/mootorioli-synpower-5w40-60l-valvoline\/\" \/>\n<meta property=\"og:locale\" content=\"en_US\" \/>\n<meta property=\"og:type\" content=\"article\" \/>\n<meta property=\"og:title\" content=\"Mootori\u00f5li Synpower 5W40 60L, Valvoline - Ranoja\" \/>\n<meta property=\"og:description\" content=\"Mootori\u00f5lide absoluutne tipp. Toodetud t\u00e4iss\u00fcnteetilistest baas\u00f5lidest, kuhu on lisatatud k\u00f5rgtehnoloogilisi lisandeid. SynPower mootori\u00f5lid vastavad ja tegelikkuses \u00fcletavad pea k\u00f5iki n\u00f5udeid, mis \u00f5lidele on seatud autotootjate poolt. Sobib aastaringseks kasutamiseks nii tava- kui ka turbolaaduriga diisel-, gaasi- ja bensiinimootoritele s\u00f5iduatode ja pakibusside mootorites. T\u00e4idab ja \u00fcletab kvaliteedi n\u00f5udeid: ACEA A3\/B3, A3\/B4 API: SN\/CF GM-LL-A-025, GM-LL-B-025 MB-229.3 Porsche A40 PSA B71 2296 VW 50200\/50500 Ametliku heakskiiduga Renault RN0700\/RN0710\" \/>\n<meta property=\"og:url\" content=\"https:\/\/ranoja.ee\/toode\/mootorioli-synpower-5w40-60l-valvoline\/\" \/>\n<meta property=\"og:site_name\" content=\"Ranoja\" \/>\n<meta property=\"article:publisher\" content=\"https:\/\/www.facebook.com\/ranoja.ee\" \/>\n<meta property=\"article:modified_time\" content=\"2026-03-17T12:37:21+00:00\" \/>\n<meta property=\"og:image\" content=\"https:\/\/ranoja.ee\/wp-content\/uploads\/2026\/03\/94450009.jpg\" \/>\n\t<meta property=\"og:image:width\" content=\"900\" \/>\n\t<meta property=\"og:image:height\" content=\"900\" \/>\n\t<meta property=\"og:image:type\" content=\"image\/jpeg\" \/>\n<meta name=\"twitter:card\" content=\"summary_large_image\" \/>\n<script type=\"application\/ld+json\" class=\"yoast-schema-graph\">{\"@context\":\"https:\\\/\\\/schema.org\",\"@graph\":[{\"@type\":\"WebPage\",\"@id\":\"https:\\\/\\\/ranoja.ee\\\/toode\\\/mootorioli-synpower-5w40-60l-valvoline\\\/\",\"url\":\"https:\\\/\\\/ranoja.ee\\\/toode\\\/mootorioli-synpower-5w40-60l-valvoline\\\/\",\"name\":\"Mootori\u00f5li Synpower 5W40 60L, Valvoline - Ranoja\",\"isPartOf\":{\"@id\":\"https:\\\/\\\/ranoja.ee\\\/#website\"},\"primaryImageOfPage\":{\"@id\":\"https:\\\/\\\/ranoja.ee\\\/toode\\\/mootorioli-synpower-5w40-60l-valvoline\\\/#primaryimage\"},\"image\":{\"@id\":\"https:\\\/\\\/ranoja.ee\\\/toode\\\/mootorioli-synpower-5w40-60l-valvoline\\\/#primaryimage\"},\"thumbnailUrl\":\"https:\\\/\\\/ranoja.ee\\\/wp-content\\\/uploads\\\/2026\\\/03\\\/94450009.jpg\",\"datePublished\":\"2026-03-16T23:23:08+00:00\",\"dateModified\":\"2026-03-17T12:37:21+00:00\",\"breadcrumb\":{\"@id\":\"https:\\\/\\\/ranoja.ee\\\/toode\\\/mootorioli-synpower-5w40-60l-valvoline\\\/#breadcrumb\"},\"inLanguage\":\"en-US\",\"potentialAction\":[{\"@type\":\"ReadAction\",\"target\":[\"https:\\\/\\\/ranoja.ee\\\/toode\\\/mootorioli-synpower-5w40-60l-valvoline\\\/\"]}]},{\"@type\":\"ImageObject\",\"inLanguage\":\"en-US\",\"@id\":\"https:\\\/\\\/ranoja.ee\\\/toode\\\/mootorioli-synpower-5w40-60l-valvoline\\\/#primaryimage\",\"url\":\"https:\\\/\\\/ranoja.ee\\\/wp-content\\\/uploads\\\/2026\\\/03\\\/94450009.jpg\",\"contentUrl\":\"https:\\\/\\\/ranoja.ee\\\/wp-content\\\/uploads\\\/2026\\\/03\\\/94450009.jpg\",\"width\":900,\"height\":900},{\"@type\":\"BreadcrumbList\",\"@id\":\"https:\\\/\\\/ranoja.ee\\\/toode\\\/mootorioli-synpower-5w40-60l-valvoline\\\/#breadcrumb\",\"itemListElement\":[{\"@type\":\"ListItem\",\"position\":1,\"name\":\"Home\",\"item\":\"https:\\\/\\\/ranoja.ee\\\/\"},{\"@type\":\"ListItem\",\"position\":2,\"name\":\"Shop\",\"item\":\"https:\\\/\\\/ranoja.ee\\\/en\\\/shop\\\/\"},{\"@type\":\"ListItem\",\"position\":3,\"name\":\"Mootori\u00f5li Synpower 5W40 60L, Valvoline\"}]},{\"@type\":\"WebSite\",\"@id\":\"https:\\\/\\\/ranoja.ee\\\/#website\",\"url\":\"https:\\\/\\\/ranoja.ee\\\/\",\"name\":\"Ranoja\",\"description\":\"Equipment Shop WooCommerce WordPress Theme for Machine &amp; Tools\",\"publisher\":{\"@id\":\"https:\\\/\\\/ranoja.ee\\\/#organization\"},\"potentialAction\":[{\"@type\":\"SearchAction\",\"target\":{\"@type\":\"EntryPoint\",\"urlTemplate\":\"https:\\\/\\\/ranoja.ee\\\/?s={search_term_string}\"},\"query-input\":{\"@type\":\"PropertyValueSpecification\",\"valueRequired\":true,\"valueName\":\"search_term_string\"}}],\"inLanguage\":\"en-US\"},{\"@type\":\"Organization\",\"@id\":\"https:\\\/\\\/ranoja.ee\\\/#organization\",\"name\":\"Ranoja O\u00dc\",\"url\":\"https:\\\/\\\/ranoja.ee\\\/\",\"logo\":{\"@type\":\"ImageObject\",\"inLanguage\":\"en-US\",\"@id\":\"https:\\\/\\\/ranoja.ee\\\/#\\\/schema\\\/logo\\\/image\\\/\",\"url\":\"https:\\\/\\\/ranoja.ee\\\/wp-content\\\/uploads\\\/2023\\\/11\\\/ranoja-Logo.png\",\"contentUrl\":\"https:\\\/\\\/ranoja.ee\\\/wp-content\\\/uploads\\\/2023\\\/11\\\/ranoja-Logo.png\",\"width\":207,\"height\":58,\"caption\":\"Ranoja O\u00dc\"},\"image\":{\"@id\":\"https:\\\/\\\/ranoja.ee\\\/#\\\/schema\\\/logo\\\/image\\\/\"},\"sameAs\":[\"https:\\\/\\\/www.facebook.com\\\/ranoja.ee\",\"https:\\\/\\\/www.instagram.com\\\/ranoja__\\\/\"]}]}<\/script>\n<!-- \/ Yoast SEO plugin. -->","yoast_head_json":{"title":"Mootori\u00f5li Synpower 5W40 60L, Valvoline - Ranoja","robots":{"index":"index","follow":"follow","max-snippet":"max-snippet:-1","max-image-preview":"max-image-preview:large","max-video-preview":"max-video-preview:-1"},"canonical":"https:\/\/ranoja.ee\/toode\/mootorioli-synpower-5w40-60l-valvoline\/","og_locale":"en_US","og_type":"article","og_title":"Mootori\u00f5li Synpower 5W40 60L, Valvoline - Ranoja","og_description":"Mootori\u00f5lide absoluutne tipp. Toodetud t\u00e4iss\u00fcnteetilistest baas\u00f5lidest, kuhu on lisatatud k\u00f5rgtehnoloogilisi lisandeid. SynPower mootori\u00f5lid vastavad ja tegelikkuses \u00fcletavad pea k\u00f5iki n\u00f5udeid, mis \u00f5lidele on seatud autotootjate poolt. Sobib aastaringseks kasutamiseks nii tava- kui ka turbolaaduriga diisel-, gaasi- ja bensiinimootoritele s\u00f5iduatode ja pakibusside mootorites. T\u00e4idab ja \u00fcletab kvaliteedi n\u00f5udeid: ACEA A3\/B3, A3\/B4 API: SN\/CF GM-LL-A-025, GM-LL-B-025 MB-229.3 Porsche A40 PSA B71 2296 VW 50200\/50500 Ametliku heakskiiduga Renault RN0700\/RN0710","og_url":"https:\/\/ranoja.ee\/toode\/mootorioli-synpower-5w40-60l-valvoline\/","og_site_name":"Ranoja","article_publisher":"https:\/\/www.facebook.com\/ranoja.ee","article_modified_time":"2026-03-17T12:37:21+00:00","og_image":[{"width":900,"height":900,"url":"https:\/\/ranoja.ee\/wp-content\/uploads\/2026\/03\/94450009.jpg","type":"image\/jpeg"}],"twitter_card":"summary_large_image","schema":{"@context":"https:\/\/schema.org","@graph":[{"@type":"WebPage","@id":"https:\/\/ranoja.ee\/toode\/mootorioli-synpower-5w40-60l-valvoline\/","url":"https:\/\/ranoja.ee\/toode\/mootorioli-synpower-5w40-60l-valvoline\/","name":"Mootori\u00f5li Synpower 5W40 60L, Valvoline - Ranoja","isPartOf":{"@id":"https:\/\/ranoja.ee\/#website"},"primaryImageOfPage":{"@id":"https:\/\/ranoja.ee\/toode\/mootorioli-synpower-5w40-60l-valvoline\/#primaryimage"},"image":{"@id":"https:\/\/ranoja.ee\/toode\/mootorioli-synpower-5w40-60l-valvoline\/#primaryimage"},"thumbnailUrl":"https:\/\/ranoja.ee\/wp-content\/uploads\/2026\/03\/94450009.jpg","datePublished":"2026-03-16T23:23:08+00:00","dateModified":"2026-03-17T12:37:21+00:00","breadcrumb":{"@id":"https:\/\/ranoja.ee\/toode\/mootorioli-synpower-5w40-60l-valvoline\/#breadcrumb"},"inLanguage":"en-US","potentialAction":[{"@type":"ReadAction","target":["https:\/\/ranoja.ee\/toode\/mootorioli-synpower-5w40-60l-valvoline\/"]}]},{"@type":"ImageObject","inLanguage":"en-US","@id":"https:\/\/ranoja.ee\/toode\/mootorioli-synpower-5w40-60l-valvoline\/#primaryimage","url":"https:\/\/ranoja.ee\/wp-content\/uploads\/2026\/03\/94450009.jpg","contentUrl":"https:\/\/ranoja.ee\/wp-content\/uploads\/2026\/03\/94450009.jpg","width":900,"height":900},{"@type":"BreadcrumbList","@id":"https:\/\/ranoja.ee\/toode\/mootorioli-synpower-5w40-60l-valvoline\/#breadcrumb","itemListElement":[{"@type":"ListItem","position":1,"name":"Home","item":"https:\/\/ranoja.ee\/"},{"@type":"ListItem","position":2,"name":"Shop","item":"https:\/\/ranoja.ee\/en\/shop\/"},{"@type":"ListItem","position":3,"name":"Mootori\u00f5li Synpower 5W40 60L, Valvoline"}]},{"@type":"WebSite","@id":"https:\/\/ranoja.ee\/#website","url":"https:\/\/ranoja.ee\/","name":"Ranoja","description":"Equipment Shop WooCommerce WordPress Theme for Machine &amp; Tools","publisher":{"@id":"https:\/\/ranoja.ee\/#organization"},"potentialAction":[{"@type":"SearchAction","target":{"@type":"EntryPoint","urlTemplate":"https:\/\/ranoja.ee\/?s={search_term_string}"},"query-input":{"@type":"PropertyValueSpecification","valueRequired":true,"valueName":"search_term_string"}}],"inLanguage":"en-US"},{"@type":"Organization","@id":"https:\/\/ranoja.ee\/#organization","name":"Ranoja O\u00dc","url":"https:\/\/ranoja.ee\/","logo":{"@type":"ImageObject","inLanguage":"en-US","@id":"https:\/\/ranoja.ee\/#\/schema\/logo\/image\/","url":"https:\/\/ranoja.ee\/wp-content\/uploads\/2023\/11\/ranoja-Logo.png","contentUrl":"https:\/\/ranoja.ee\/wp-content\/uploads\/2023\/11\/ranoja-Logo.png","width":207,"height":58,"caption":"Ranoja O\u00dc"},"image":{"@id":"https:\/\/ranoja.ee\/#\/schema\/logo\/image\/"},"sameAs":["https:\/\/www.facebook.com\/ranoja.ee","https:\/\/www.instagram.com\/ranoja__\/"]}]}},"_links":{"self":[{"href":"https:\/\/ranoja.ee\/en\/wp-json\/wp\/v2\/product\/60788","targetHints":{"allow":["GET"]}}],"collection":[{"href":"https:\/\/ranoja.ee\/en\/wp-json\/wp\/v2\/product"}],"about":[{"href":"https:\/\/ranoja.ee\/en\/wp-json\/wp\/v2\/types\/product"}],"wp:featuredmedia":[{"embeddable":true,"href":"https:\/\/ranoja.ee\/en\/wp-json\/wp\/v2\/media\/60789"}],"wp:attachment":[{"href":"https:\/\/ranoja.ee\/en\/wp-json\/wp\/v2\/media?parent=60788"}],"wp:term":[{"taxonomy":"product_cat","embeddable":true,"href":"https:\/\/ranoja.ee\/en\/wp-json\/wp\/v2\/product_cat?post=60788"},{"taxonomy":"product_tag","embeddable":true,"href":"https:\/\/ranoja.ee\/en\/wp-json\/wp\/v2\/product_tag?post=60788"}],"curies":[{"name":"wp","href":"https:\/\/api.w.org\/{rel}","templated":true}]}}