{"id":60786,"date":"2026-03-17T02:23:08","date_gmt":"2026-03-16T23:23:08","guid":{"rendered":"https:\/\/ranoja.ee\/toode\/elektriline-naelapustol-en330-no8-nael-15-30mm-rapid\/"},"modified":"2026-03-18T12:59:45","modified_gmt":"2026-03-18T09:59:45","slug":"elektriline-naelapustol-en330-no8-nael-15-30mm-rapid","status":"publish","type":"product","link":"https:\/\/ranoja.ee\/en\/toode\/elektriline-naelapustol-en330-no8-nael-15-30mm-rapid\/","title":{"rendered":"Elektriline naelap\u00fcstol EN330, No8 nael 15-30mm, Rapid"},"content":{"rendered":"","protected":false},"excerpt":{"rendered":"<p>EN330 on mugava k\u00e4epidemega elektriline naelap\u00fcstol, mis sobib ideaalselt puidule \u2013 n\u00e4iteks akna- ja ukseraamide \u00fcmber olevate liistude viimistluseks, keel- ja soonpaneelide paigaldamiseks v\u00f5i kergemateks t\u00f6\u00f6deks, nagu pildiraamimine v\u00f5i muud dekoratiivsed t\u00f6\u00f6d. <br \/>\nM\u00f5eldud n\u00f5udlikele meistrimeestele ja kodukasutajatele, t\u00f6\u00f6riistal on pikendatud nina, mis annab parema ligip\u00e4\u00e4su kitsastele kohtadele ega v\u00e4sita kasutajat, samas pikendavad tugev korpus ja kvaliteetne konstruktsioon t\u00f6\u00f6iga.<br \/>\nNaelad nr 8, 15\u201330 mm<br \/>\nViivitamatult reageeriv p\u00e4\u00e4stik t\u00f5husaks t\u00f6\u00f6ks<br \/>\nSurunupuga magasini avamine naelte kiireks vahetamiseks<br \/>\nKaheastmeline j\u00e4rjestikune naela v\u00e4ljutamine ohutuse tagamiseks<br \/>\nMittem\u00e4\u00e4riv kummipadi materjali kaitsmiseks kriimustuste eest<br \/>\nPikendatud nina lihtsamaks ligip\u00e4\u00e4suks kitsastesse kohtadesse<br \/>\nReguleeritav toiteseade<br \/>\nErgonoomiline disain<br \/>\nL\u00e4bipaistev magasin<br \/>\nKaasas on kuuskantv\u00f5ti ja 1 t\u00e4iendav kummist ninapadi.<br \/>\n2-aastane garantii<\/p>\n","protected":false},"featured_media":60787,"template":"","meta":{"inline_featured_image":false},"product_cat":[1094,5111,1109,5245],"product_tag":[],"class_list":{"0":"post-60786","1":"product","2":"type-product","3":"status-publish","4":"has-post-thumbnail","6":"product_brand-rapid","7":"product_cat-akutooriistad","8":"product_cat-elektrilised-kasitooriistad","9":"product_cat-klambri-ja-naelapustolid","10":"product_cat-muud-elektrilised-tooriistad","12":"first","13":"instock","14":"purchasable","15":"product-type-simple"},"yoast_head":"<!-- This site is optimized with the Yoast SEO plugin v27.4 - https:\/\/yoast.com\/product\/yoast-seo-wordpress\/ -->\n<title>Elektriline naelap\u00fcstol EN330, No8 nael 15-30mm, Rapid - Ranoja<\/title>\n<meta name=\"robots\" content=\"index, follow, max-snippet:-1, max-image-preview:large, max-video-preview:-1\" \/>\n<link rel=\"canonical\" href=\"https:\/\/ranoja.ee\/toode\/elektriline-naelapustol-en330-no8-nael-15-30mm-rapid\/\" \/>\n<meta property=\"og:locale\" content=\"en_US\" \/>\n<meta property=\"og:type\" content=\"article\" \/>\n<meta property=\"og:title\" content=\"Elektriline naelap\u00fcstol EN330, No8 nael 15-30mm, Rapid - Ranoja\" \/>\n<meta property=\"og:description\" content=\"EN330 on mugava k\u00e4epidemega elektriline naelap\u00fcstol, mis sobib ideaalselt puidule \u2013 n\u00e4iteks akna- ja ukseraamide \u00fcmber olevate liistude viimistluseks, keel- ja soonpaneelide paigaldamiseks v\u00f5i kergemateks t\u00f6\u00f6deks, nagu pildiraamimine v\u00f5i muud dekoratiivsed t\u00f6\u00f6d. M\u00f5eldud n\u00f5udlikele meistrimeestele ja kodukasutajatele, t\u00f6\u00f6riistal on pikendatud nina, mis annab parema ligip\u00e4\u00e4su kitsastele kohtadele ega v\u00e4sita kasutajat, samas pikendavad tugev korpus ja kvaliteetne konstruktsioon t\u00f6\u00f6iga. Naelad nr 8, 15\u201330 mm Viivitamatult reageeriv p\u00e4\u00e4stik t\u00f5husaks t\u00f6\u00f6ks Surunupuga magasini avamine naelte kiireks vahetamiseks Kaheastmeline j\u00e4rjestikune naela v\u00e4ljutamine ohutuse tagamiseks Mittem\u00e4\u00e4riv kummipadi materjali kaitsmiseks kriimustuste eest Pikendatud nina lihtsamaks ligip\u00e4\u00e4suks kitsastesse kohtadesse Reguleeritav toiteseade Ergonoomiline disain L\u00e4bipaistev magasin Kaasas on kuuskantv\u00f5ti ja 1 t\u00e4iendav kummist ninapadi. 2-aastane garantii\" \/>\n<meta property=\"og:url\" content=\"https:\/\/ranoja.ee\/toode\/elektriline-naelapustol-en330-no8-nael-15-30mm-rapid\/\" \/>\n<meta property=\"og:site_name\" content=\"Ranoja\" \/>\n<meta property=\"article:publisher\" content=\"https:\/\/www.facebook.com\/ranoja.ee\" \/>\n<meta property=\"article:modified_time\" content=\"2026-03-18T09:59:45+00:00\" \/>\n<meta property=\"og:image\" content=\"https:\/\/ranoja.ee\/wp-content\/uploads\/2026\/03\/241740298.jpg\" \/>\n\t<meta property=\"og:image:width\" content=\"600\" \/>\n\t<meta property=\"og:image:height\" content=\"600\" \/>\n\t<meta property=\"og:image:type\" content=\"image\/jpeg\" \/>\n<meta name=\"twitter:card\" content=\"summary_large_image\" \/>\n<script type=\"application\/ld+json\" class=\"yoast-schema-graph\">{\"@context\":\"https:\\\/\\\/schema.org\",\"@graph\":[{\"@type\":\"WebPage\",\"@id\":\"https:\\\/\\\/ranoja.ee\\\/toode\\\/elektriline-naelapustol-en330-no8-nael-15-30mm-rapid\\\/\",\"url\":\"https:\\\/\\\/ranoja.ee\\\/toode\\\/elektriline-naelapustol-en330-no8-nael-15-30mm-rapid\\\/\",\"name\":\"Elektriline naelap\u00fcstol EN330, No8 nael 15-30mm, Rapid - Ranoja\",\"isPartOf\":{\"@id\":\"https:\\\/\\\/ranoja.ee\\\/#website\"},\"primaryImageOfPage\":{\"@id\":\"https:\\\/\\\/ranoja.ee\\\/toode\\\/elektriline-naelapustol-en330-no8-nael-15-30mm-rapid\\\/#primaryimage\"},\"image\":{\"@id\":\"https:\\\/\\\/ranoja.ee\\\/toode\\\/elektriline-naelapustol-en330-no8-nael-15-30mm-rapid\\\/#primaryimage\"},\"thumbnailUrl\":\"https:\\\/\\\/ranoja.ee\\\/wp-content\\\/uploads\\\/2026\\\/03\\\/241740298.jpg\",\"datePublished\":\"2026-03-16T23:23:08+00:00\",\"dateModified\":\"2026-03-18T09:59:45+00:00\",\"breadcrumb\":{\"@id\":\"https:\\\/\\\/ranoja.ee\\\/toode\\\/elektriline-naelapustol-en330-no8-nael-15-30mm-rapid\\\/#breadcrumb\"},\"inLanguage\":\"en-US\",\"potentialAction\":[{\"@type\":\"ReadAction\",\"target\":[\"https:\\\/\\\/ranoja.ee\\\/toode\\\/elektriline-naelapustol-en330-no8-nael-15-30mm-rapid\\\/\"]}]},{\"@type\":\"ImageObject\",\"inLanguage\":\"en-US\",\"@id\":\"https:\\\/\\\/ranoja.ee\\\/toode\\\/elektriline-naelapustol-en330-no8-nael-15-30mm-rapid\\\/#primaryimage\",\"url\":\"https:\\\/\\\/ranoja.ee\\\/wp-content\\\/uploads\\\/2026\\\/03\\\/241740298.jpg\",\"contentUrl\":\"https:\\\/\\\/ranoja.ee\\\/wp-content\\\/uploads\\\/2026\\\/03\\\/241740298.jpg\",\"width\":600,\"height\":600},{\"@type\":\"BreadcrumbList\",\"@id\":\"https:\\\/\\\/ranoja.ee\\\/toode\\\/elektriline-naelapustol-en330-no8-nael-15-30mm-rapid\\\/#breadcrumb\",\"itemListElement\":[{\"@type\":\"ListItem\",\"position\":1,\"name\":\"Home\",\"item\":\"https:\\\/\\\/ranoja.ee\\\/\"},{\"@type\":\"ListItem\",\"position\":2,\"name\":\"Shop\",\"item\":\"https:\\\/\\\/ranoja.ee\\\/en\\\/shop\\\/\"},{\"@type\":\"ListItem\",\"position\":3,\"name\":\"Elektriline naelap\u00fcstol EN330, No8 nael 15-30mm, Rapid\"}]},{\"@type\":\"WebSite\",\"@id\":\"https:\\\/\\\/ranoja.ee\\\/#website\",\"url\":\"https:\\\/\\\/ranoja.ee\\\/\",\"name\":\"Ranoja\",\"description\":\"Equipment Shop WooCommerce WordPress Theme for Machine &amp; Tools\",\"publisher\":{\"@id\":\"https:\\\/\\\/ranoja.ee\\\/#organization\"},\"potentialAction\":[{\"@type\":\"SearchAction\",\"target\":{\"@type\":\"EntryPoint\",\"urlTemplate\":\"https:\\\/\\\/ranoja.ee\\\/?s={search_term_string}\"},\"query-input\":{\"@type\":\"PropertyValueSpecification\",\"valueRequired\":true,\"valueName\":\"search_term_string\"}}],\"inLanguage\":\"en-US\"},{\"@type\":\"Organization\",\"@id\":\"https:\\\/\\\/ranoja.ee\\\/#organization\",\"name\":\"Ranoja O\u00dc\",\"url\":\"https:\\\/\\\/ranoja.ee\\\/\",\"logo\":{\"@type\":\"ImageObject\",\"inLanguage\":\"en-US\",\"@id\":\"https:\\\/\\\/ranoja.ee\\\/#\\\/schema\\\/logo\\\/image\\\/\",\"url\":\"https:\\\/\\\/ranoja.ee\\\/wp-content\\\/uploads\\\/2023\\\/11\\\/ranoja-Logo.png\",\"contentUrl\":\"https:\\\/\\\/ranoja.ee\\\/wp-content\\\/uploads\\\/2023\\\/11\\\/ranoja-Logo.png\",\"width\":207,\"height\":58,\"caption\":\"Ranoja O\u00dc\"},\"image\":{\"@id\":\"https:\\\/\\\/ranoja.ee\\\/#\\\/schema\\\/logo\\\/image\\\/\"},\"sameAs\":[\"https:\\\/\\\/www.facebook.com\\\/ranoja.ee\",\"https:\\\/\\\/www.instagram.com\\\/ranoja__\\\/\"]}]}<\/script>\n<!-- \/ Yoast SEO plugin. -->","yoast_head_json":{"title":"Elektriline naelap\u00fcstol EN330, No8 nael 15-30mm, Rapid - Ranoja","robots":{"index":"index","follow":"follow","max-snippet":"max-snippet:-1","max-image-preview":"max-image-preview:large","max-video-preview":"max-video-preview:-1"},"canonical":"https:\/\/ranoja.ee\/toode\/elektriline-naelapustol-en330-no8-nael-15-30mm-rapid\/","og_locale":"en_US","og_type":"article","og_title":"Elektriline naelap\u00fcstol EN330, No8 nael 15-30mm, Rapid - Ranoja","og_description":"EN330 on mugava k\u00e4epidemega elektriline naelap\u00fcstol, mis sobib ideaalselt puidule \u2013 n\u00e4iteks akna- ja ukseraamide \u00fcmber olevate liistude viimistluseks, keel- ja soonpaneelide paigaldamiseks v\u00f5i kergemateks t\u00f6\u00f6deks, nagu pildiraamimine v\u00f5i muud dekoratiivsed t\u00f6\u00f6d. M\u00f5eldud n\u00f5udlikele meistrimeestele ja kodukasutajatele, t\u00f6\u00f6riistal on pikendatud nina, mis annab parema ligip\u00e4\u00e4su kitsastele kohtadele ega v\u00e4sita kasutajat, samas pikendavad tugev korpus ja kvaliteetne konstruktsioon t\u00f6\u00f6iga. Naelad nr 8, 15\u201330 mm Viivitamatult reageeriv p\u00e4\u00e4stik t\u00f5husaks t\u00f6\u00f6ks Surunupuga magasini avamine naelte kiireks vahetamiseks Kaheastmeline j\u00e4rjestikune naela v\u00e4ljutamine ohutuse tagamiseks Mittem\u00e4\u00e4riv kummipadi materjali kaitsmiseks kriimustuste eest Pikendatud nina lihtsamaks ligip\u00e4\u00e4suks kitsastesse kohtadesse Reguleeritav toiteseade Ergonoomiline disain L\u00e4bipaistev magasin Kaasas on kuuskantv\u00f5ti ja 1 t\u00e4iendav kummist ninapadi. 2-aastane garantii","og_url":"https:\/\/ranoja.ee\/toode\/elektriline-naelapustol-en330-no8-nael-15-30mm-rapid\/","og_site_name":"Ranoja","article_publisher":"https:\/\/www.facebook.com\/ranoja.ee","article_modified_time":"2026-03-18T09:59:45+00:00","og_image":[{"width":600,"height":600,"url":"https:\/\/ranoja.ee\/wp-content\/uploads\/2026\/03\/241740298.jpg","type":"image\/jpeg"}],"twitter_card":"summary_large_image","schema":{"@context":"https:\/\/schema.org","@graph":[{"@type":"WebPage","@id":"https:\/\/ranoja.ee\/toode\/elektriline-naelapustol-en330-no8-nael-15-30mm-rapid\/","url":"https:\/\/ranoja.ee\/toode\/elektriline-naelapustol-en330-no8-nael-15-30mm-rapid\/","name":"Elektriline naelap\u00fcstol EN330, No8 nael 15-30mm, Rapid - Ranoja","isPartOf":{"@id":"https:\/\/ranoja.ee\/#website"},"primaryImageOfPage":{"@id":"https:\/\/ranoja.ee\/toode\/elektriline-naelapustol-en330-no8-nael-15-30mm-rapid\/#primaryimage"},"image":{"@id":"https:\/\/ranoja.ee\/toode\/elektriline-naelapustol-en330-no8-nael-15-30mm-rapid\/#primaryimage"},"thumbnailUrl":"https:\/\/ranoja.ee\/wp-content\/uploads\/2026\/03\/241740298.jpg","datePublished":"2026-03-16T23:23:08+00:00","dateModified":"2026-03-18T09:59:45+00:00","breadcrumb":{"@id":"https:\/\/ranoja.ee\/toode\/elektriline-naelapustol-en330-no8-nael-15-30mm-rapid\/#breadcrumb"},"inLanguage":"en-US","potentialAction":[{"@type":"ReadAction","target":["https:\/\/ranoja.ee\/toode\/elektriline-naelapustol-en330-no8-nael-15-30mm-rapid\/"]}]},{"@type":"ImageObject","inLanguage":"en-US","@id":"https:\/\/ranoja.ee\/toode\/elektriline-naelapustol-en330-no8-nael-15-30mm-rapid\/#primaryimage","url":"https:\/\/ranoja.ee\/wp-content\/uploads\/2026\/03\/241740298.jpg","contentUrl":"https:\/\/ranoja.ee\/wp-content\/uploads\/2026\/03\/241740298.jpg","width":600,"height":600},{"@type":"BreadcrumbList","@id":"https:\/\/ranoja.ee\/toode\/elektriline-naelapustol-en330-no8-nael-15-30mm-rapid\/#breadcrumb","itemListElement":[{"@type":"ListItem","position":1,"name":"Home","item":"https:\/\/ranoja.ee\/"},{"@type":"ListItem","position":2,"name":"Shop","item":"https:\/\/ranoja.ee\/en\/shop\/"},{"@type":"ListItem","position":3,"name":"Elektriline naelap\u00fcstol EN330, No8 nael 15-30mm, Rapid"}]},{"@type":"WebSite","@id":"https:\/\/ranoja.ee\/#website","url":"https:\/\/ranoja.ee\/","name":"Ranoja","description":"Equipment Shop WooCommerce WordPress Theme for Machine &amp; Tools","publisher":{"@id":"https:\/\/ranoja.ee\/#organization"},"potentialAction":[{"@type":"SearchAction","target":{"@type":"EntryPoint","urlTemplate":"https:\/\/ranoja.ee\/?s={search_term_string}"},"query-input":{"@type":"PropertyValueSpecification","valueRequired":true,"valueName":"search_term_string"}}],"inLanguage":"en-US"},{"@type":"Organization","@id":"https:\/\/ranoja.ee\/#organization","name":"Ranoja O\u00dc","url":"https:\/\/ranoja.ee\/","logo":{"@type":"ImageObject","inLanguage":"en-US","@id":"https:\/\/ranoja.ee\/#\/schema\/logo\/image\/","url":"https:\/\/ranoja.ee\/wp-content\/uploads\/2023\/11\/ranoja-Logo.png","contentUrl":"https:\/\/ranoja.ee\/wp-content\/uploads\/2023\/11\/ranoja-Logo.png","width":207,"height":58,"caption":"Ranoja O\u00dc"},"image":{"@id":"https:\/\/ranoja.ee\/#\/schema\/logo\/image\/"},"sameAs":["https:\/\/www.facebook.com\/ranoja.ee","https:\/\/www.instagram.com\/ranoja__\/"]}]}},"_links":{"self":[{"href":"https:\/\/ranoja.ee\/en\/wp-json\/wp\/v2\/product\/60786","targetHints":{"allow":["GET"]}}],"collection":[{"href":"https:\/\/ranoja.ee\/en\/wp-json\/wp\/v2\/product"}],"about":[{"href":"https:\/\/ranoja.ee\/en\/wp-json\/wp\/v2\/types\/product"}],"wp:featuredmedia":[{"embeddable":true,"href":"https:\/\/ranoja.ee\/en\/wp-json\/wp\/v2\/media\/60787"}],"wp:attachment":[{"href":"https:\/\/ranoja.ee\/en\/wp-json\/wp\/v2\/media?parent=60786"}],"wp:term":[{"taxonomy":"product_cat","embeddable":true,"href":"https:\/\/ranoja.ee\/en\/wp-json\/wp\/v2\/product_cat?post=60786"},{"taxonomy":"product_tag","embeddable":true,"href":"https:\/\/ranoja.ee\/en\/wp-json\/wp\/v2\/product_tag?post=60786"}],"curies":[{"name":"wp","href":"https:\/\/api.w.org\/{rel}","templated":true}]}}