{"id":60770,"date":"2026-03-17T02:23:08","date_gmt":"2026-03-16T23:23:08","guid":{"rendered":"https:\/\/ranoja.ee\/toode\/mobiilne-toolaud-fatmax-stanley\/"},"modified":"2026-03-17T15:37:21","modified_gmt":"2026-03-17T12:37:21","slug":"mobiilne-toolaud-fatmax-stanley","status":"publish","type":"product","link":"https:\/\/ranoja.ee\/en\/toode\/mobiilne-toolaud-fatmax-stanley\/","title":{"rendered":"Mobiilne t\u00f6\u00f6laud FATMAX, Stanley"},"content":{"rendered":"","protected":false},"excerpt":{"rendered":"<p>Ideallne abivahend igal ehitusplatsil v\u00f5i t\u00f6\u00f6kojas. T\u00f6\u00f6laud on \u00fche nupuvajutusega kiirelt t\u00f6\u00f6valmis seatav ning samamoodi ka kokkupakitav. Tugev konstruktsioon tagab stabiilse ja suure kandej\u00f5udga t\u00f6\u00f6pinna. <br \/>\nT\u00e4nu kandesangale on lauda kokkupakituna lihtne kanda. <\/p>\n<p>&#8211; T\u00f6\u00f6pinnal avad pitskruvide jaoks<br \/>\n&#8211; Tugevast plastist t\u00f6\u00f6pind ning metallist jalad<br \/>\n&#8211; T\u00f6\u00f6laua m\u00f5\u00f5dud 85x60cm<br \/>\n&#8211; Kandej\u00f5ud 455kg<\/p>\n","protected":false},"featured_media":60771,"template":"","meta":{"inline_featured_image":false},"product_cat":[1596,1116,5423,5234],"product_tag":[],"class_list":{"0":"post-60770","1":"product","2":"type-product","3":"status-publish","4":"has-post-thumbnail","6":"product_brand-stanley","7":"product_cat-kasitooriistad","8":"product_cat-lisaseadmed-ehitusseadmed-led-lisatuled-cb-raadiod-lallar","9":"product_cat-muud-sailitustarvikud","10":"product_cat-tooriistakastid-ja-karud","12":"first","13":"instock","14":"purchasable","15":"product-type-simple"},"yoast_head":"<!-- This site is optimized with the Yoast SEO plugin v27.4 - https:\/\/yoast.com\/product\/yoast-seo-wordpress\/ -->\n<title>Mobiilne t\u00f6\u00f6laud FATMAX, Stanley - Ranoja<\/title>\n<meta name=\"robots\" content=\"index, follow, max-snippet:-1, max-image-preview:large, max-video-preview:-1\" \/>\n<link rel=\"canonical\" href=\"https:\/\/ranoja.ee\/toode\/mobiilne-toolaud-fatmax-stanley\/\" \/>\n<meta property=\"og:locale\" content=\"en_US\" \/>\n<meta property=\"og:type\" content=\"article\" \/>\n<meta property=\"og:title\" content=\"Mobiilne t\u00f6\u00f6laud FATMAX, Stanley - Ranoja\" \/>\n<meta property=\"og:description\" content=\"Ideallne abivahend igal ehitusplatsil v\u00f5i t\u00f6\u00f6kojas. T\u00f6\u00f6laud on \u00fche nupuvajutusega kiirelt t\u00f6\u00f6valmis seatav ning samamoodi ka kokkupakitav. Tugev konstruktsioon tagab stabiilse ja suure kandej\u00f5udga t\u00f6\u00f6pinna. T\u00e4nu kandesangale on lauda kokkupakituna lihtne kanda.  - T\u00f6\u00f6pinnal avad pitskruvide jaoks - Tugevast plastist t\u00f6\u00f6pind ning metallist jalad - T\u00f6\u00f6laua m\u00f5\u00f5dud 85x60cm - Kandej\u00f5ud 455kg\" \/>\n<meta property=\"og:url\" content=\"https:\/\/ranoja.ee\/toode\/mobiilne-toolaud-fatmax-stanley\/\" \/>\n<meta property=\"og:site_name\" content=\"Ranoja\" \/>\n<meta property=\"article:publisher\" content=\"https:\/\/www.facebook.com\/ranoja.ee\" \/>\n<meta property=\"article:modified_time\" content=\"2026-03-17T12:37:21+00:00\" \/>\n<meta property=\"og:image\" content=\"https:\/\/ranoja.ee\/wp-content\/uploads\/2026\/03\/145052318.jpg\" \/>\n\t<meta property=\"og:image:width\" content=\"600\" \/>\n\t<meta property=\"og:image:height\" content=\"600\" \/>\n\t<meta property=\"og:image:type\" content=\"image\/jpeg\" \/>\n<meta name=\"twitter:card\" content=\"summary_large_image\" \/>\n<script type=\"application\/ld+json\" class=\"yoast-schema-graph\">{\"@context\":\"https:\\\/\\\/schema.org\",\"@graph\":[{\"@type\":\"WebPage\",\"@id\":\"https:\\\/\\\/ranoja.ee\\\/toode\\\/mobiilne-toolaud-fatmax-stanley\\\/\",\"url\":\"https:\\\/\\\/ranoja.ee\\\/toode\\\/mobiilne-toolaud-fatmax-stanley\\\/\",\"name\":\"Mobiilne t\u00f6\u00f6laud FATMAX, Stanley - Ranoja\",\"isPartOf\":{\"@id\":\"https:\\\/\\\/ranoja.ee\\\/#website\"},\"primaryImageOfPage\":{\"@id\":\"https:\\\/\\\/ranoja.ee\\\/toode\\\/mobiilne-toolaud-fatmax-stanley\\\/#primaryimage\"},\"image\":{\"@id\":\"https:\\\/\\\/ranoja.ee\\\/toode\\\/mobiilne-toolaud-fatmax-stanley\\\/#primaryimage\"},\"thumbnailUrl\":\"https:\\\/\\\/ranoja.ee\\\/wp-content\\\/uploads\\\/2026\\\/03\\\/145052318.jpg\",\"datePublished\":\"2026-03-16T23:23:08+00:00\",\"dateModified\":\"2026-03-17T12:37:21+00:00\",\"breadcrumb\":{\"@id\":\"https:\\\/\\\/ranoja.ee\\\/toode\\\/mobiilne-toolaud-fatmax-stanley\\\/#breadcrumb\"},\"inLanguage\":\"en-US\",\"potentialAction\":[{\"@type\":\"ReadAction\",\"target\":[\"https:\\\/\\\/ranoja.ee\\\/toode\\\/mobiilne-toolaud-fatmax-stanley\\\/\"]}]},{\"@type\":\"ImageObject\",\"inLanguage\":\"en-US\",\"@id\":\"https:\\\/\\\/ranoja.ee\\\/toode\\\/mobiilne-toolaud-fatmax-stanley\\\/#primaryimage\",\"url\":\"https:\\\/\\\/ranoja.ee\\\/wp-content\\\/uploads\\\/2026\\\/03\\\/145052318.jpg\",\"contentUrl\":\"https:\\\/\\\/ranoja.ee\\\/wp-content\\\/uploads\\\/2026\\\/03\\\/145052318.jpg\",\"width\":600,\"height\":600},{\"@type\":\"BreadcrumbList\",\"@id\":\"https:\\\/\\\/ranoja.ee\\\/toode\\\/mobiilne-toolaud-fatmax-stanley\\\/#breadcrumb\",\"itemListElement\":[{\"@type\":\"ListItem\",\"position\":1,\"name\":\"Home\",\"item\":\"https:\\\/\\\/ranoja.ee\\\/\"},{\"@type\":\"ListItem\",\"position\":2,\"name\":\"Shop\",\"item\":\"https:\\\/\\\/ranoja.ee\\\/en\\\/shop\\\/\"},{\"@type\":\"ListItem\",\"position\":3,\"name\":\"Mobiilne t\u00f6\u00f6laud FATMAX, Stanley\"}]},{\"@type\":\"WebSite\",\"@id\":\"https:\\\/\\\/ranoja.ee\\\/#website\",\"url\":\"https:\\\/\\\/ranoja.ee\\\/\",\"name\":\"Ranoja\",\"description\":\"Equipment Shop WooCommerce WordPress Theme for Machine &amp; Tools\",\"publisher\":{\"@id\":\"https:\\\/\\\/ranoja.ee\\\/#organization\"},\"potentialAction\":[{\"@type\":\"SearchAction\",\"target\":{\"@type\":\"EntryPoint\",\"urlTemplate\":\"https:\\\/\\\/ranoja.ee\\\/?s={search_term_string}\"},\"query-input\":{\"@type\":\"PropertyValueSpecification\",\"valueRequired\":true,\"valueName\":\"search_term_string\"}}],\"inLanguage\":\"en-US\"},{\"@type\":\"Organization\",\"@id\":\"https:\\\/\\\/ranoja.ee\\\/#organization\",\"name\":\"Ranoja O\u00dc\",\"url\":\"https:\\\/\\\/ranoja.ee\\\/\",\"logo\":{\"@type\":\"ImageObject\",\"inLanguage\":\"en-US\",\"@id\":\"https:\\\/\\\/ranoja.ee\\\/#\\\/schema\\\/logo\\\/image\\\/\",\"url\":\"https:\\\/\\\/ranoja.ee\\\/wp-content\\\/uploads\\\/2023\\\/11\\\/ranoja-Logo.png\",\"contentUrl\":\"https:\\\/\\\/ranoja.ee\\\/wp-content\\\/uploads\\\/2023\\\/11\\\/ranoja-Logo.png\",\"width\":207,\"height\":58,\"caption\":\"Ranoja O\u00dc\"},\"image\":{\"@id\":\"https:\\\/\\\/ranoja.ee\\\/#\\\/schema\\\/logo\\\/image\\\/\"},\"sameAs\":[\"https:\\\/\\\/www.facebook.com\\\/ranoja.ee\",\"https:\\\/\\\/www.instagram.com\\\/ranoja__\\\/\"]}]}<\/script>\n<!-- \/ Yoast SEO plugin. -->","yoast_head_json":{"title":"Mobiilne t\u00f6\u00f6laud FATMAX, Stanley - Ranoja","robots":{"index":"index","follow":"follow","max-snippet":"max-snippet:-1","max-image-preview":"max-image-preview:large","max-video-preview":"max-video-preview:-1"},"canonical":"https:\/\/ranoja.ee\/toode\/mobiilne-toolaud-fatmax-stanley\/","og_locale":"en_US","og_type":"article","og_title":"Mobiilne t\u00f6\u00f6laud FATMAX, Stanley - Ranoja","og_description":"Ideallne abivahend igal ehitusplatsil v\u00f5i t\u00f6\u00f6kojas. T\u00f6\u00f6laud on \u00fche nupuvajutusega kiirelt t\u00f6\u00f6valmis seatav ning samamoodi ka kokkupakitav. Tugev konstruktsioon tagab stabiilse ja suure kandej\u00f5udga t\u00f6\u00f6pinna. T\u00e4nu kandesangale on lauda kokkupakituna lihtne kanda.  - T\u00f6\u00f6pinnal avad pitskruvide jaoks - Tugevast plastist t\u00f6\u00f6pind ning metallist jalad - T\u00f6\u00f6laua m\u00f5\u00f5dud 85x60cm - Kandej\u00f5ud 455kg","og_url":"https:\/\/ranoja.ee\/toode\/mobiilne-toolaud-fatmax-stanley\/","og_site_name":"Ranoja","article_publisher":"https:\/\/www.facebook.com\/ranoja.ee","article_modified_time":"2026-03-17T12:37:21+00:00","og_image":[{"width":600,"height":600,"url":"https:\/\/ranoja.ee\/wp-content\/uploads\/2026\/03\/145052318.jpg","type":"image\/jpeg"}],"twitter_card":"summary_large_image","schema":{"@context":"https:\/\/schema.org","@graph":[{"@type":"WebPage","@id":"https:\/\/ranoja.ee\/toode\/mobiilne-toolaud-fatmax-stanley\/","url":"https:\/\/ranoja.ee\/toode\/mobiilne-toolaud-fatmax-stanley\/","name":"Mobiilne t\u00f6\u00f6laud FATMAX, Stanley - Ranoja","isPartOf":{"@id":"https:\/\/ranoja.ee\/#website"},"primaryImageOfPage":{"@id":"https:\/\/ranoja.ee\/toode\/mobiilne-toolaud-fatmax-stanley\/#primaryimage"},"image":{"@id":"https:\/\/ranoja.ee\/toode\/mobiilne-toolaud-fatmax-stanley\/#primaryimage"},"thumbnailUrl":"https:\/\/ranoja.ee\/wp-content\/uploads\/2026\/03\/145052318.jpg","datePublished":"2026-03-16T23:23:08+00:00","dateModified":"2026-03-17T12:37:21+00:00","breadcrumb":{"@id":"https:\/\/ranoja.ee\/toode\/mobiilne-toolaud-fatmax-stanley\/#breadcrumb"},"inLanguage":"en-US","potentialAction":[{"@type":"ReadAction","target":["https:\/\/ranoja.ee\/toode\/mobiilne-toolaud-fatmax-stanley\/"]}]},{"@type":"ImageObject","inLanguage":"en-US","@id":"https:\/\/ranoja.ee\/toode\/mobiilne-toolaud-fatmax-stanley\/#primaryimage","url":"https:\/\/ranoja.ee\/wp-content\/uploads\/2026\/03\/145052318.jpg","contentUrl":"https:\/\/ranoja.ee\/wp-content\/uploads\/2026\/03\/145052318.jpg","width":600,"height":600},{"@type":"BreadcrumbList","@id":"https:\/\/ranoja.ee\/toode\/mobiilne-toolaud-fatmax-stanley\/#breadcrumb","itemListElement":[{"@type":"ListItem","position":1,"name":"Home","item":"https:\/\/ranoja.ee\/"},{"@type":"ListItem","position":2,"name":"Shop","item":"https:\/\/ranoja.ee\/en\/shop\/"},{"@type":"ListItem","position":3,"name":"Mobiilne t\u00f6\u00f6laud FATMAX, Stanley"}]},{"@type":"WebSite","@id":"https:\/\/ranoja.ee\/#website","url":"https:\/\/ranoja.ee\/","name":"Ranoja","description":"Equipment Shop WooCommerce WordPress Theme for Machine &amp; Tools","publisher":{"@id":"https:\/\/ranoja.ee\/#organization"},"potentialAction":[{"@type":"SearchAction","target":{"@type":"EntryPoint","urlTemplate":"https:\/\/ranoja.ee\/?s={search_term_string}"},"query-input":{"@type":"PropertyValueSpecification","valueRequired":true,"valueName":"search_term_string"}}],"inLanguage":"en-US"},{"@type":"Organization","@id":"https:\/\/ranoja.ee\/#organization","name":"Ranoja O\u00dc","url":"https:\/\/ranoja.ee\/","logo":{"@type":"ImageObject","inLanguage":"en-US","@id":"https:\/\/ranoja.ee\/#\/schema\/logo\/image\/","url":"https:\/\/ranoja.ee\/wp-content\/uploads\/2023\/11\/ranoja-Logo.png","contentUrl":"https:\/\/ranoja.ee\/wp-content\/uploads\/2023\/11\/ranoja-Logo.png","width":207,"height":58,"caption":"Ranoja O\u00dc"},"image":{"@id":"https:\/\/ranoja.ee\/#\/schema\/logo\/image\/"},"sameAs":["https:\/\/www.facebook.com\/ranoja.ee","https:\/\/www.instagram.com\/ranoja__\/"]}]}},"_links":{"self":[{"href":"https:\/\/ranoja.ee\/en\/wp-json\/wp\/v2\/product\/60770","targetHints":{"allow":["GET"]}}],"collection":[{"href":"https:\/\/ranoja.ee\/en\/wp-json\/wp\/v2\/product"}],"about":[{"href":"https:\/\/ranoja.ee\/en\/wp-json\/wp\/v2\/types\/product"}],"wp:featuredmedia":[{"embeddable":true,"href":"https:\/\/ranoja.ee\/en\/wp-json\/wp\/v2\/media\/60771"}],"wp:attachment":[{"href":"https:\/\/ranoja.ee\/en\/wp-json\/wp\/v2\/media?parent=60770"}],"wp:term":[{"taxonomy":"product_cat","embeddable":true,"href":"https:\/\/ranoja.ee\/en\/wp-json\/wp\/v2\/product_cat?post=60770"},{"taxonomy":"product_tag","embeddable":true,"href":"https:\/\/ranoja.ee\/en\/wp-json\/wp\/v2\/product_tag?post=60770"}],"curies":[{"name":"wp","href":"https:\/\/api.w.org\/{rel}","templated":true}]}}